{"id":4693,"date":"2025-07-27T01:27:06","date_gmt":"2025-07-27T01:27:06","guid":{"rendered":"https:\/\/www.usborkeychain.com\/?post_type=product&#038;p=4693"},"modified":"2025-08-14T12:10:51","modified_gmt":"2025-08-14T12:10:51","slug":"metal-aircraft-usb-flash-drive","status":"publish","type":"product","link":"https:\/\/www.usborkeychain.com\/fr\/produit\/metal-aircraft-usb-flash-drive\/","title":{"rendered":"Cl\u00e9 USB en m\u00e9tal pour avions"},"content":{"rendered":"<div class=\"wp-block-columns is-layout-flex wp-container-core-columns-is-layout-28f84493 wp-block-columns-is-layout-flex\">\n<div class=\"wp-block-column is-vertically-aligned-center is-layout-flow wp-block-column-is-layout-flow\">\n<p>Le pr\u00e9sent <strong>cl\u00e9 USB en m\u00e9tal pour avions<\/strong> est fabriqu\u00e9 \u00e0 partir de mat\u00e9riaux m\u00e9talliques de haute qualit\u00e9, tels que l'alliage d'aluminium et l'acier inoxydable. La texture m\u00e9tallique lui conf\u00e8re des propri\u00e9t\u00e9s robustes et durables, r\u00e9sistant aux chutes et \u00e0 l'usure, ce qui prot\u00e8ge efficacement la puce de stockage interne. Par ailleurs, l'\u00e9clat et la texture uniques du m\u00e9tal conf\u00e8rent \u00e0 la cl\u00e9 USB un aspect plus exquis et de qualit\u00e9 sup\u00e9rieure, ce qui am\u00e9liore son apparence et sa qualit\u00e9.<\/p>\n\n\n\n<p>Con\u00e7u sur la base d'avions r\u00e9els, il est astucieusement fa\u00e7onn\u00e9 en forme de mini-avion. Le fuselage pr\u00e9sente des lignes douces et reproduit fid\u00e8lement les caract\u00e9ristiques ext\u00e9rieures de l'avion. Du nez, du fuselage aux ailes et \u00e0 la queue, les d\u00e9tails sont trait\u00e9s m\u00e9ticuleusement, comme si le v\u00e9hicule d'aviation \u00e9tait \"miniaturis\u00e9\" dans la paume de la main. Le processus de r\u00e9duction proportionnelle permet aux passionn\u00e9s d'aviation d'avoir leur propre \"mini avion\" exclusif.<\/p>\n<\/div>\n\n\n\n<div class=\"wp-block-column is-vertically-aligned-center is-layout-flow wp-block-column-is-layout-flow\">\n<figure class=\"wp-block-image size-full\"><img alt=\"\" fetchpriority=\"high\" decoding=\"async\" width=\"800\" height=\"800\" src=\"https:\/\/www.usborkeychain.com\/wp-content\/uploads\/MetalAirplane-USB-Flash-Drive.jpg\" class=\"wp-image-4701\" srcset=\"https:\/\/www.usborkeychain.com\/wp-content\/uploads\/MetalAirplane-USB-Flash-Drive.jpg 800w, https:\/\/www.usborkeychain.com\/wp-content\/uploads\/MetalAirplane-USB-Flash-Drive-300x300.jpg 300w, https:\/\/www.usborkeychain.com\/wp-content\/uploads\/MetalAirplane-USB-Flash-Drive-150x150.jpg 150w, https:\/\/www.usborkeychain.com\/wp-content\/uploads\/MetalAirplane-USB-Flash-Drive-768x768.jpg 768w, https:\/\/www.usborkeychain.com\/wp-content\/uploads\/MetalAirplane-USB-Flash-Drive-12x12.jpg 12w, https:\/\/www.usborkeychain.com\/wp-content\/uploads\/MetalAirplane-USB-Flash-Drive-600x600.jpg 600w, https:\/\/www.usborkeychain.com\/wp-content\/uploads\/MetalAirplane-USB-Flash-Drive-100x100.jpg 100w\" sizes=\"(max-width: 800px) 100vw, 800px\" \/><\/figure>\n<\/div>\n<\/div>\n\n\n\n<h2 class=\"wp-block-heading\">Param\u00e8tres de la cl\u00e9 USB<\/h2>\n\n\n\n<figure class=\"wp-block-table\"><table class=\"has-fixed-layout\"><thead><tr><th>Cat\u00e9gorie de param\u00e8tres<\/th><th>D\u00e9tails<\/th><\/tr><\/thead><tbody><tr><td>Capacit\u00e9 de stockage<\/td><td>8GB, 16GB, 32GB, 64GB, 128GB<\/td><\/tr><tr><td>Type d'interface<\/td><td>USB 2.0, USB 3.0, USB 3.1<\/td><\/tr><tr><td>Dimensions du produit (Longueur * Largeur * Hauteur)<\/td><td>Environ 50-80 mm de longueur, 10-20 mm de largeur, 10-20 mm de hauteur.<\/td><\/tr><\/tbody><\/table><\/figure>\n\n\n\n<h2 class=\"wp-block-heading\">Peut-on y imprimer des logos ? Quels sont les proc\u00e9d\u00e9s d'impression disponibles ?<\/h2>\n\n\n\n<div class=\"wp-block-columns is-layout-flex wp-container-core-columns-is-layout-28f84493 wp-block-columns-is-layout-flex\">\n<div class=\"wp-block-column is-vertically-aligned-center is-layout-flow wp-block-column-is-layout-flow\">\n<figure class=\"wp-block-image size-full\"><img alt=\"\" decoding=\"async\" width=\"800\" height=\"800\" src=\"https:\/\/www.usborkeychain.com\/wp-content\/uploads\/AviationMetal-USB-Flash-Drive.jpg\" class=\"wp-image-4697\" srcset=\"https:\/\/www.usborkeychain.com\/wp-content\/uploads\/AviationMetal-USB-Flash-Drive.jpg 800w, https:\/\/www.usborkeychain.com\/wp-content\/uploads\/AviationMetal-USB-Flash-Drive-300x300.jpg 300w, https:\/\/www.usborkeychain.com\/wp-content\/uploads\/AviationMetal-USB-Flash-Drive-150x150.jpg 150w, https:\/\/www.usborkeychain.com\/wp-content\/uploads\/AviationMetal-USB-Flash-Drive-768x768.jpg 768w, https:\/\/www.usborkeychain.com\/wp-content\/uploads\/AviationMetal-USB-Flash-Drive-12x12.jpg 12w, https:\/\/www.usborkeychain.com\/wp-content\/uploads\/AviationMetal-USB-Flash-Drive-600x600.jpg 600w, https:\/\/www.usborkeychain.com\/wp-content\/uploads\/AviationMetal-USB-Flash-Drive-100x100.jpg 100w\" sizes=\"(max-width: 800px) 100vw, 800px\" \/><\/figure>\n<\/div>\n\n\n\n<div class=\"wp-block-column is-vertically-aligned-center is-layout-flow wp-block-column-is-layout-flow\">\n<p>Le <strong>cl\u00e9 USB en m\u00e9tal pour avions<\/strong> prend en charge l'impression de logos personnalis\u00e9s, les processus courants \u00e9tant les suivants :<\/p>\n\n\n\n<ul class=\"wp-block-list\">\n<li><strong>Gravure au laser<\/strong>: Les logos sont grav\u00e9s avec pr\u00e9cision sur la surface du m\u00e9tal, avec des lignes claires, une texture forte et une r\u00e9sistance \u00e0 l'usure. Ils conviennent pour les motifs simples et les logos textuels.<\/li>\n\n\n\n<li><strong>S\u00e9rigraphie<\/strong>: Utilise de l'encre pour l'impression, qui peut pr\u00e9senter des logos color\u00e9s avec des couleurs vives, et s'adapte bien aux conceptions de couleurs complexes.<\/li>\n\n\n\n<li><strong>Placage \u00e9lectrolytique et coloration<\/strong>: D'abord les plaques \u00e9lectrolytiques et ensuite les couleurs, ce qui permet d'obtenir des couleurs de logo pleines et des bords clairs, avec un co\u00fbt relativement \u00e9lev\u00e9.<\/li>\n<\/ul>\n<\/div>\n<\/div>\n\n\n\n<h2 class=\"wp-block-heading\">Quelles sont les options d'emballage les plus courantes ?<\/h2>\n\n\n\n<div class=\"wp-block-columns is-layout-flex wp-container-core-columns-is-layout-28f84493 wp-block-columns-is-layout-flex\">\n<div class=\"wp-block-column is-vertically-aligned-center is-layout-flow wp-block-column-is-layout-flow\">\n<ul class=\"wp-block-list\">\n<li><strong>Bo\u00eete en plastique simple \/ Bo\u00eete en papier<\/strong>: Peu co\u00fbteux, avec des informations sur la marque imprimables sur la surface de la bo\u00eete, il convient aux cadeaux r\u00e9guliers et aux cadeaux d'affaires.<\/li>\n\n\n\n<li><strong>Bo\u00eete cadeau personnalis\u00e9e<\/strong>: \u00c9quip\u00e9s de doublures en \u00e9ponge et en flanelle pour am\u00e9liorer la qualit\u00e9, ils conviennent pour les cadeaux haut de gamme et les cadeaux destin\u00e9s aux clients importants.<\/li>\n\n\n\n<li><strong>Porte-cl\u00e9s Emballage pour cartes suspendues<\/strong>: Fixe la cl\u00e9 USB et le porte-cl\u00e9s ensemble sur une carte de suspension exquise, pratique pour la vente au d\u00e9tail et la distribution lors d'expositions.<\/li>\n<\/ul>\n<\/div>\n\n\n\n<div class=\"wp-block-column is-vertically-aligned-center is-layout-flow wp-block-column-is-layout-flow\">\n<figure class=\"wp-block-image size-full\"><img alt=\"\" decoding=\"async\" width=\"800\" height=\"800\" src=\"https:\/\/www.usborkeychain.com\/wp-content\/uploads\/KeychainPlane-USB-Flash-Drive.jpg\" class=\"wp-image-4699\" srcset=\"https:\/\/www.usborkeychain.com\/wp-content\/uploads\/KeychainPlane-USB-Flash-Drive.jpg 800w, https:\/\/www.usborkeychain.com\/wp-content\/uploads\/KeychainPlane-USB-Flash-Drive-300x300.jpg 300w, https:\/\/www.usborkeychain.com\/wp-content\/uploads\/KeychainPlane-USB-Flash-Drive-150x150.jpg 150w, https:\/\/www.usborkeychain.com\/wp-content\/uploads\/KeychainPlane-USB-Flash-Drive-768x768.jpg 768w, https:\/\/www.usborkeychain.com\/wp-content\/uploads\/KeychainPlane-USB-Flash-Drive-12x12.jpg 12w, https:\/\/www.usborkeychain.com\/wp-content\/uploads\/KeychainPlane-USB-Flash-Drive-600x600.jpg 600w, https:\/\/www.usborkeychain.com\/wp-content\/uploads\/KeychainPlane-USB-Flash-Drive-100x100.jpg 100w\" sizes=\"(max-width: 800px) 100vw, 800px\" \/><\/figure>\n<\/div>\n<\/div>\n\n\n\n<h2 class=\"wp-block-heading\">Combien de temps dure la production de masse sur mesure ?<\/h2>\n\n\n\n<p>Le cycle de production de masse sur mesure d\u00e9pend de la quantit\u00e9 command\u00e9e et de la complexit\u00e9 du processus. Le processus standard est le suivant : apr\u00e8s confirmation de la conception, le produit entre dans la phase de production et d'impression. Pour un lot typique (500 \u00e0 1000 pi\u00e8ces), le cycle total est g\u00e9n\u00e9ralement de 10 \u00e0 15 jours, dont 1 \u00e0 2 jours pour l'examen de la conception (les fichiers du logo doivent \u00eatre fournis), 5 \u00e0 7 jours pour la production du corps principal de la cl\u00e9 USB (y compris le moulage du mod\u00e8le et l'assemblage de l'interface), et 3 \u00e0 5 jours pour l'impression du logo et l'emballage (avec plusieurs processus en option). Les petits lots ou les personnalisations sp\u00e9ciales (telles que la haute capacit\u00e9 de 128 Go ou l'impression UV) peuvent prendre 15 \u00e0 20 jours. Les facteurs d'influence sont les suivants :<\/p>\n\n\n\n<ul class=\"wp-block-list\">\n<li><strong>Approvisionnement en mat\u00e9riel<\/strong>: D\u00e9lai de livraison de l'alliage de zinc ou des mat\u00e9riaux personnalis\u00e9s.<\/li>\n\n\n\n<li><strong>Complexit\u00e9 du processus<\/strong>: L'impression multicolore ou la gravure fine augmentent les heures de travail.<\/li>\n\n\n\n<li><strong>Int\u00e9gration logistique<\/strong>: Assurer une exp\u00e9dition efficace, en fournissant un service unique depuis la commande jusqu'\u00e0 la livraison.<\/li>\n<\/ul>\n\n\n\n<div class=\"wp-block-columns is-layout-flex wp-container-core-columns-is-layout-28f84493 wp-block-columns-is-layout-flex\">\n<div class=\"wp-block-column is-vertically-aligned-top is-layout-flow wp-block-column-is-layout-flow\">\n<figure class=\"wp-block-image size-full\"><img alt=\"\" loading=\"lazy\" decoding=\"async\" width=\"800\" height=\"800\" src=\"https:\/\/www.usborkeychain.com\/wp-content\/uploads\/ShinyPlane-USB-Flash-Drive.jpg\" class=\"wp-image-4705\" srcset=\"https:\/\/www.usborkeychain.com\/wp-content\/uploads\/ShinyPlane-USB-Flash-Drive.jpg 800w, https:\/\/www.usborkeychain.com\/wp-content\/uploads\/ShinyPlane-USB-Flash-Drive-300x300.jpg 300w, https:\/\/www.usborkeychain.com\/wp-content\/uploads\/ShinyPlane-USB-Flash-Drive-150x150.jpg 150w, https:\/\/www.usborkeychain.com\/wp-content\/uploads\/ShinyPlane-USB-Flash-Drive-768x768.jpg 768w, https:\/\/www.usborkeychain.com\/wp-content\/uploads\/ShinyPlane-USB-Flash-Drive-12x12.jpg 12w, https:\/\/www.usborkeychain.com\/wp-content\/uploads\/ShinyPlane-USB-Flash-Drive-600x600.jpg 600w, https:\/\/www.usborkeychain.com\/wp-content\/uploads\/ShinyPlane-USB-Flash-Drive-100x100.jpg 100w\" sizes=\"(max-width: 800px) 100vw, 800px\" \/><\/figure>\n<\/div>\n\n\n\n<div class=\"wp-block-column is-layout-flow wp-block-column-is-layout-flow\">\n<figure class=\"wp-block-image size-full\"><img alt=\"\" loading=\"lazy\" decoding=\"async\" width=\"800\" height=\"800\" src=\"https:\/\/www.usborkeychain.com\/wp-content\/uploads\/PromoPlane-USB-Flash-Drive.jpg\" class=\"wp-image-4704\" srcset=\"https:\/\/www.usborkeychain.com\/wp-content\/uploads\/PromoPlane-USB-Flash-Drive.jpg 800w, https:\/\/www.usborkeychain.com\/wp-content\/uploads\/PromoPlane-USB-Flash-Drive-300x300.jpg 300w, https:\/\/www.usborkeychain.com\/wp-content\/uploads\/PromoPlane-USB-Flash-Drive-150x150.jpg 150w, https:\/\/www.usborkeychain.com\/wp-content\/uploads\/PromoPlane-USB-Flash-Drive-768x768.jpg 768w, https:\/\/www.usborkeychain.com\/wp-content\/uploads\/PromoPlane-USB-Flash-Drive-12x12.jpg 12w, https:\/\/www.usborkeychain.com\/wp-content\/uploads\/PromoPlane-USB-Flash-Drive-600x600.jpg 600w, https:\/\/www.usborkeychain.com\/wp-content\/uploads\/PromoPlane-USB-Flash-Drive-100x100.jpg 100w\" sizes=\"(max-width: 800px) 100vw, 800px\" \/><\/figure>\n<\/div>\n\n\n\n<div class=\"wp-block-column is-layout-flow wp-block-column-is-layout-flow\">\n<figure class=\"wp-block-image size-full\"><img alt=\"\" loading=\"lazy\" decoding=\"async\" width=\"800\" height=\"800\" src=\"https:\/\/www.usborkeychain.com\/wp-content\/uploads\/MiniJet-USB-Flash-Drive.jpg\" class=\"wp-image-4703\" srcset=\"https:\/\/www.usborkeychain.com\/wp-content\/uploads\/MiniJet-USB-Flash-Drive.jpg 800w, https:\/\/www.usborkeychain.com\/wp-content\/uploads\/MiniJet-USB-Flash-Drive-300x300.jpg 300w, https:\/\/www.usborkeychain.com\/wp-content\/uploads\/MiniJet-USB-Flash-Drive-150x150.jpg 150w, https:\/\/www.usborkeychain.com\/wp-content\/uploads\/MiniJet-USB-Flash-Drive-768x768.jpg 768w, https:\/\/www.usborkeychain.com\/wp-content\/uploads\/MiniJet-USB-Flash-Drive-12x12.jpg 12w, https:\/\/www.usborkeychain.com\/wp-content\/uploads\/MiniJet-USB-Flash-Drive-600x600.jpg 600w, https:\/\/www.usborkeychain.com\/wp-content\/uploads\/MiniJet-USB-Flash-Drive-100x100.jpg 100w\" sizes=\"(max-width: 800px) 100vw, 800px\" \/><\/figure>\n<\/div>\n<\/div>\n\n\n\n<p>Bas\u00e9 sur des mat\u00e9riaux m\u00e9talliques de haute qualit\u00e9, le<strong> cl\u00e9 USB en m\u00e9tal pour avions<\/strong> a un aspect \u00e0 la fois esth\u00e9tique et textur\u00e9 gr\u00e2ce \u00e0 son design exquis en forme d'avion. Ses nombreux param\u00e8tres permettent de r\u00e9pondre \u00e0 diff\u00e9rents besoins de stockage et de personnaliser le logo pour faciliter la communication de la marque. Les formes d'emballage flexibles conviennent \u00e0 diff\u00e9rents sc\u00e9narios et le cycle de personnalisation de masse est contr\u00f4lable. Qu'il s'agisse d'une collection pour les passionn\u00e9s d'aviation, d'une utilisation quotidienne pour les hommes d'affaires ou de cadeaux personnalis\u00e9s pour les entreprises, ce produit peut devenir un choix attrayant dans le domaine du stockage num\u00e9rique et des cadeaux cr\u00e9atifs gr\u00e2ce \u00e0 son charme unique et \u00e0 sa valeur pratique.<\/p>\n\n\n\n<div class=\"wp-block-columns is-layout-flex wp-container-core-columns-is-layout-28f84493 wp-block-columns-is-layout-flex\">\n<div class=\"wp-block-column is-layout-flow wp-block-column-is-layout-flow\">\n<figure class=\"wp-block-image size-full\"><img alt=\"\" loading=\"lazy\" decoding=\"async\" width=\"800\" height=\"800\" src=\"https:\/\/www.usborkeychain.com\/wp-content\/uploads\/AircraftKey-USB-Flash-Drive.jpg\" class=\"wp-image-4696\" srcset=\"https:\/\/www.usborkeychain.com\/wp-content\/uploads\/AircraftKey-USB-Flash-Drive.jpg 800w, https:\/\/www.usborkeychain.com\/wp-content\/uploads\/AircraftKey-USB-Flash-Drive-300x300.jpg 300w, https:\/\/www.usborkeychain.com\/wp-content\/uploads\/AircraftKey-USB-Flash-Drive-150x150.jpg 150w, https:\/\/www.usborkeychain.com\/wp-content\/uploads\/AircraftKey-USB-Flash-Drive-768x768.jpg 768w, https:\/\/www.usborkeychain.com\/wp-content\/uploads\/AircraftKey-USB-Flash-Drive-12x12.jpg 12w, https:\/\/www.usborkeychain.com\/wp-content\/uploads\/AircraftKey-USB-Flash-Drive-600x600.jpg 600w, https:\/\/www.usborkeychain.com\/wp-content\/uploads\/AircraftKey-USB-Flash-Drive-100x100.jpg 100w\" sizes=\"(max-width: 800px) 100vw, 800px\" \/><\/figure>\n<\/div>\n\n\n\n<div class=\"wp-block-column is-layout-flow wp-block-column-is-layout-flow\">\n<figure class=\"wp-block-image size-full\"><img alt=\"\" loading=\"lazy\" decoding=\"async\" width=\"800\" height=\"800\" src=\"https:\/\/www.usborkeychain.com\/wp-content\/uploads\/MetalFlyer-USB-Flash-Drive.jpg\" class=\"wp-image-4702\" srcset=\"https:\/\/www.usborkeychain.com\/wp-content\/uploads\/MetalFlyer-USB-Flash-Drive.jpg 800w, https:\/\/www.usborkeychain.com\/wp-content\/uploads\/MetalFlyer-USB-Flash-Drive-300x300.jpg 300w, https:\/\/www.usborkeychain.com\/wp-content\/uploads\/MetalFlyer-USB-Flash-Drive-150x150.jpg 150w, https:\/\/www.usborkeychain.com\/wp-content\/uploads\/MetalFlyer-USB-Flash-Drive-768x768.jpg 768w, https:\/\/www.usborkeychain.com\/wp-content\/uploads\/MetalFlyer-USB-Flash-Drive-12x12.jpg 12w, https:\/\/www.usborkeychain.com\/wp-content\/uploads\/MetalFlyer-USB-Flash-Drive-600x600.jpg 600w, https:\/\/www.usborkeychain.com\/wp-content\/uploads\/MetalFlyer-USB-Flash-Drive-100x100.jpg 100w\" sizes=\"(max-width: 800px) 100vw, 800px\" \/><\/figure>\n<\/div>\n<\/div>","protected":false},"excerpt":{"rendered":"<ul>\n<li>Mat\u00e9riaux m\u00e9talliques<\/li>\n<\/ul>","protected":false},"featured_media":4701,"comment_status":"open","ping_status":"closed","template":"","meta":{"_seopress_robots_primary_cat":"","_seopress_titles_title":"","_seopress_titles_desc":"","_seopress_robots_index":"","site-sidebar-layout":"default","site-content-layout":"","ast-site-content-layout":"","site-content-style":"default","site-sidebar-style":"default","ast-global-header-display":"","ast-banner-title-visibility":"","ast-main-header-display":"","ast-hfb-above-header-display":"","ast-hfb-below-header-display":"","ast-hfb-mobile-header-display":"","site-post-title":"","ast-breadcrumbs-content":"","ast-featured-img":"","footer-sml-layout":"","theme-transparent-header-meta":"","adv-header-id-meta":"","stick-header-meta":"","header-above-stick-meta":"","header-main-stick-meta":"","header-below-stick-meta":"","astra-migrate-meta-layouts":"default","ast-page-background-enabled":"default","ast-page-background-meta":{"desktop":{"background-color":"var(--ast-global-color-5)","background-image":"","background-repeat":"repeat","background-position":"center center","background-size":"auto","background-attachment":"scroll","background-type":"","background-media":"","overlay-type":"","overlay-color":"","overlay-opacity":"","overlay-gradient":""},"tablet":{"background-color":"","background-image":"","background-repeat":"repeat","background-position":"center center","background-size":"auto","background-attachment":"scroll","background-type":"","background-media":"","overlay-type":"","overlay-color":"","overlay-opacity":"","overlay-gradient":""},"mobile":{"background-color":"","background-image":"","background-repeat":"repeat","background-position":"center center","background-size":"auto","background-attachment":"scroll","background-type":"","background-media":"","overlay-type":"","overlay-color":"","overlay-opacity":"","overlay-gradient":""}},"ast-content-background-meta":{"desktop":{"background-color":"var(--ast-global-color-4)","background-image":"","background-repeat":"repeat","background-position":"center center","background-size":"auto","background-attachment":"scroll","background-type":"","background-media":"","overlay-type":"","overlay-color":"","overlay-opacity":"","overlay-gradient":""},"tablet":{"background-color":"var(--ast-global-color-4)","background-image":"","background-repeat":"repeat","background-position":"center center","background-size":"auto","background-attachment":"scroll","background-type":"","background-media":"","overlay-type":"","overlay-color":"","overlay-opacity":"","overlay-gradient":""},"mobile":{"background-color":"var(--ast-global-color-4)","background-image":"","background-repeat":"repeat","background-position":"center center","background-size":"auto","background-attachment":"scroll","background-type":"","background-media":"","overlay-type":"","overlay-color":"","overlay-opacity":"","overlay-gradient":""}}},"product_brand":[],"product_cat":[89],"product_tag":[295,397],"class_list":{"0":"post-4693","1":"product","2":"type-product","3":"status-publish","4":"has-post-thumbnail","6":"product_cat-metal-usb-pendrive","7":"product_tag-metal-aircraft-usb-flash-drive","8":"product_tag-zinc-alloy-usb-pen-drive","9":"desktop-align-left","10":"tablet-align-left","11":"mobile-align-left","13":"first","14":"instock","15":"shipping-taxable","16":"product-type-simple"},"_links":{"self":[{"href":"https:\/\/www.usborkeychain.com\/fr\/wp-json\/wp\/v2\/product\/4693","targetHints":{"allow":["GET"]}}],"collection":[{"href":"https:\/\/www.usborkeychain.com\/fr\/wp-json\/wp\/v2\/product"}],"about":[{"href":"https:\/\/www.usborkeychain.com\/fr\/wp-json\/wp\/v2\/types\/product"}],"replies":[{"embeddable":true,"href":"https:\/\/www.usborkeychain.com\/fr\/wp-json\/wp\/v2\/comments?post=4693"}],"wp:featuredmedia":[{"embeddable":true,"href":"https:\/\/www.usborkeychain.com\/fr\/wp-json\/wp\/v2\/media\/4701"}],"wp:attachment":[{"href":"https:\/\/www.usborkeychain.com\/fr\/wp-json\/wp\/v2\/media?parent=4693"}],"wp:term":[{"taxonomy":"product_brand","embeddable":true,"href":"https:\/\/www.usborkeychain.com\/fr\/wp-json\/wp\/v2\/product_brand?post=4693"},{"taxonomy":"product_cat","embeddable":true,"href":"https:\/\/www.usborkeychain.com\/fr\/wp-json\/wp\/v2\/product_cat?post=4693"},{"taxonomy":"product_tag","embeddable":true,"href":"https:\/\/www.usborkeychain.com\/fr\/wp-json\/wp\/v2\/product_tag?post=4693"}],"curies":[{"name":"wp","href":"https:\/\/api.w.org\/{rel}","templated":true}]}}