{"id":4723,"date":"2025-07-27T07:27:55","date_gmt":"2025-07-27T07:27:55","guid":{"rendered":"https:\/\/www.usborkeychain.com\/?post_type=product&#038;p=4723"},"modified":"2025-07-27T07:28:52","modified_gmt":"2025-07-27T07:28:52","slug":"wrist-strap-usb-flash-drive-with-led-logo","status":"publish","type":"product","link":"https:\/\/www.usborkeychain.com\/fr\/produit\/wrist-strap-usb-flash-drive-with-led-logo\/","title":{"rendered":"Cl\u00e9 USB \u00e0 bracelet avec logo LED"},"content":{"rendered":"<p>La cl\u00e9 USB \u00e0 bracelet avec logo LED est un produit polyvalent et pratique qui associe la fonctionnalit\u00e9 d'une cl\u00e9 USB \u00e0 la commodit\u00e9 d'un bracelet. D'une capacit\u00e9 allant de 1 Mo \u00e0 512 Go, cette cl\u00e9 est parfaite pour le stockage et le transfert de fichiers volumineux.\u00a0<\/p>\n\n\n\n<div class=\"wp-block-columns is-layout-flex wp-container-core-columns-is-layout-28f84493 wp-block-columns-is-layout-flex\">\n<div class=\"wp-block-column is-layout-flow wp-block-column-is-layout-flow\">\n<figure class=\"wp-block-image size-full\"><img alt=\"\" fetchpriority=\"high\" decoding=\"async\" width=\"800\" height=\"800\" src=\"https:\/\/www.usborkeychain.com\/wp-content\/uploads\/black-Wrist-Strap-USB-Flash-Drive-with-LED-Logo.jpg\" class=\"wp-image-4726\" srcset=\"https:\/\/www.usborkeychain.com\/wp-content\/uploads\/black-Wrist-Strap-USB-Flash-Drive-with-LED-Logo.jpg 800w, https:\/\/www.usborkeychain.com\/wp-content\/uploads\/black-Wrist-Strap-USB-Flash-Drive-with-LED-Logo-300x300.jpg 300w, https:\/\/www.usborkeychain.com\/wp-content\/uploads\/black-Wrist-Strap-USB-Flash-Drive-with-LED-Logo-150x150.jpg 150w, https:\/\/www.usborkeychain.com\/wp-content\/uploads\/black-Wrist-Strap-USB-Flash-Drive-with-LED-Logo-768x768.jpg 768w, https:\/\/www.usborkeychain.com\/wp-content\/uploads\/black-Wrist-Strap-USB-Flash-Drive-with-LED-Logo-12x12.jpg 12w, https:\/\/www.usborkeychain.com\/wp-content\/uploads\/black-Wrist-Strap-USB-Flash-Drive-with-LED-Logo-600x600.jpg 600w, https:\/\/www.usborkeychain.com\/wp-content\/uploads\/black-Wrist-Strap-USB-Flash-Drive-with-LED-Logo-100x100.jpg 100w\" sizes=\"(max-width: 800px) 100vw, 800px\" \/><\/figure>\n<\/div>\n\n\n\n<div class=\"wp-block-column is-layout-flow wp-block-column-is-layout-flow\">\n<figure class=\"wp-block-image size-full\"><img alt=\"\" decoding=\"async\" width=\"800\" height=\"800\" src=\"https:\/\/www.usborkeychain.com\/wp-content\/uploads\/Wrist-Strap-USB-Flash-Drive-with-LED-Logo.jpg\" class=\"wp-image-4731\" srcset=\"https:\/\/www.usborkeychain.com\/wp-content\/uploads\/Wrist-Strap-USB-Flash-Drive-with-LED-Logo.jpg 800w, https:\/\/www.usborkeychain.com\/wp-content\/uploads\/Wrist-Strap-USB-Flash-Drive-with-LED-Logo-300x300.jpg 300w, https:\/\/www.usborkeychain.com\/wp-content\/uploads\/Wrist-Strap-USB-Flash-Drive-with-LED-Logo-150x150.jpg 150w, https:\/\/www.usborkeychain.com\/wp-content\/uploads\/Wrist-Strap-USB-Flash-Drive-with-LED-Logo-768x768.jpg 768w, https:\/\/www.usborkeychain.com\/wp-content\/uploads\/Wrist-Strap-USB-Flash-Drive-with-LED-Logo-12x12.jpg 12w, https:\/\/www.usborkeychain.com\/wp-content\/uploads\/Wrist-Strap-USB-Flash-Drive-with-LED-Logo-600x600.jpg 600w, https:\/\/www.usborkeychain.com\/wp-content\/uploads\/Wrist-Strap-USB-Flash-Drive-with-LED-Logo-100x100.jpg 100w\" sizes=\"(max-width: 800px) 100vw, 800px\" \/><\/figure>\n<\/div>\n<\/div>\n\n\n\n<p>Red\u00e9finissez l'\u00e9l\u00e9gance promotionnelle avec notre\u00a0<strong>Bracelet en PVC Cl\u00e9 USB<\/strong>Le sac \u00e0 dos de la s\u00e9rie \"B\" est un m\u00e9lange de rangement pratique et d'image de marque accrocheuse. Dot\u00e9e d'un panneau lumineux en acrylique, cette technologie portable transforme votre logo en une d\u00e9claration lumineuse, disponible en rouge, vert, bleu et autres teintes. Parfait pour les \u00e9v\u00e9nements, les cadeaux publicitaires ou les cadeaux d'entreprise, il allie fonctionnalit\u00e9 et design remarquable.<\/p>\n\n\n\n<div class=\"wp-block-columns is-layout-flex wp-container-core-columns-is-layout-28f84493 wp-block-columns-is-layout-flex\">\n<div class=\"wp-block-column is-layout-flow wp-block-column-is-layout-flow\">\n<figure class=\"wp-block-image size-full\"><img alt=\"\" decoding=\"async\" width=\"800\" height=\"800\" src=\"https:\/\/www.usborkeychain.com\/wp-content\/uploads\/green-Wrist-Strap-USB-Flash-Drive-with-LED-Logo.jpg\" class=\"wp-image-4727\" srcset=\"https:\/\/www.usborkeychain.com\/wp-content\/uploads\/green-Wrist-Strap-USB-Flash-Drive-with-LED-Logo.jpg 800w, https:\/\/www.usborkeychain.com\/wp-content\/uploads\/green-Wrist-Strap-USB-Flash-Drive-with-LED-Logo-300x300.jpg 300w, https:\/\/www.usborkeychain.com\/wp-content\/uploads\/green-Wrist-Strap-USB-Flash-Drive-with-LED-Logo-150x150.jpg 150w, https:\/\/www.usborkeychain.com\/wp-content\/uploads\/green-Wrist-Strap-USB-Flash-Drive-with-LED-Logo-768x768.jpg 768w, https:\/\/www.usborkeychain.com\/wp-content\/uploads\/green-Wrist-Strap-USB-Flash-Drive-with-LED-Logo-12x12.jpg 12w, https:\/\/www.usborkeychain.com\/wp-content\/uploads\/green-Wrist-Strap-USB-Flash-Drive-with-LED-Logo-600x600.jpg 600w, https:\/\/www.usborkeychain.com\/wp-content\/uploads\/green-Wrist-Strap-USB-Flash-Drive-with-LED-Logo-100x100.jpg 100w\" sizes=\"(max-width: 800px) 100vw, 800px\" \/><\/figure>\n<\/div>\n\n\n\n<div class=\"wp-block-column is-layout-flow wp-block-column-is-layout-flow\">\n<figure class=\"wp-block-image size-full\"><img alt=\"\" loading=\"lazy\" decoding=\"async\" width=\"800\" height=\"800\" src=\"https:\/\/www.usborkeychain.com\/wp-content\/uploads\/Wrist-Strap-USB-Flash-Drive-with-green-LED-Logo.jpg\" class=\"wp-image-4730\" srcset=\"https:\/\/www.usborkeychain.com\/wp-content\/uploads\/Wrist-Strap-USB-Flash-Drive-with-green-LED-Logo.jpg 800w, https:\/\/www.usborkeychain.com\/wp-content\/uploads\/Wrist-Strap-USB-Flash-Drive-with-green-LED-Logo-300x300.jpg 300w, https:\/\/www.usborkeychain.com\/wp-content\/uploads\/Wrist-Strap-USB-Flash-Drive-with-green-LED-Logo-150x150.jpg 150w, https:\/\/www.usborkeychain.com\/wp-content\/uploads\/Wrist-Strap-USB-Flash-Drive-with-green-LED-Logo-768x768.jpg 768w, https:\/\/www.usborkeychain.com\/wp-content\/uploads\/Wrist-Strap-USB-Flash-Drive-with-green-LED-Logo-12x12.jpg 12w, https:\/\/www.usborkeychain.com\/wp-content\/uploads\/Wrist-Strap-USB-Flash-Drive-with-green-LED-Logo-600x600.jpg 600w, https:\/\/www.usborkeychain.com\/wp-content\/uploads\/Wrist-Strap-USB-Flash-Drive-with-green-LED-Logo-100x100.jpg 100w\" sizes=\"(max-width: 800px) 100vw, 800px\" \/><\/figure>\n<\/div>\n<\/div>\n\n\n\n<h3 class=\"wp-block-heading\">1. Mat\u00e9riau et construction : Durabilit\u00e9 douce au toucher<\/h3>\n\n\n\n<p>Fabriqu\u00e9 en&nbsp;<strong>caoutchouc souple en PVC de premi\u00e8re qualit\u00e9<\/strong>Le bracelet offre<\/p>\n\n\n\n<ul class=\"wp-block-list\">\n<li><strong>Flexibilit\u00e9<\/strong>: S'adapte confortablement aux poignets (tailles adulte\/enfant disponibles, 15-22 cm de circonf\u00e9rence).<\/li>\n\n\n\n<li><strong>Durabilit\u00e9<\/strong>: R\u00e9siste aux rayures, aux chocs mineurs et \u00e0 l'usure quotidienne.<\/li>\n\n\n\n<li><strong>Peau - Amabilit\u00e9<\/strong>: Non toxique, inodore et doux pour la peau (conforme aux normes RoHS et REACH).<\/li>\n<\/ul>\n\n\n\n<div class=\"wp-block-columns is-layout-flex wp-container-core-columns-is-layout-28f84493 wp-block-columns-is-layout-flex\">\n<div class=\"wp-block-column is-layout-flow wp-block-column-is-layout-flow\">\n<figure class=\"wp-block-image size-full\"><img alt=\"\" loading=\"lazy\" decoding=\"async\" width=\"800\" height=\"800\" src=\"https:\/\/www.usborkeychain.com\/wp-content\/uploads\/red-Wrist-Strap-USB-Flash-Drive-with-LED-Logo.jpg\" class=\"wp-image-4728\" srcset=\"https:\/\/www.usborkeychain.com\/wp-content\/uploads\/red-Wrist-Strap-USB-Flash-Drive-with-LED-Logo.jpg 800w, https:\/\/www.usborkeychain.com\/wp-content\/uploads\/red-Wrist-Strap-USB-Flash-Drive-with-LED-Logo-300x300.jpg 300w, https:\/\/www.usborkeychain.com\/wp-content\/uploads\/red-Wrist-Strap-USB-Flash-Drive-with-LED-Logo-150x150.jpg 150w, https:\/\/www.usborkeychain.com\/wp-content\/uploads\/red-Wrist-Strap-USB-Flash-Drive-with-LED-Logo-768x768.jpg 768w, https:\/\/www.usborkeychain.com\/wp-content\/uploads\/red-Wrist-Strap-USB-Flash-Drive-with-LED-Logo-12x12.jpg 12w, https:\/\/www.usborkeychain.com\/wp-content\/uploads\/red-Wrist-Strap-USB-Flash-Drive-with-LED-Logo-600x600.jpg 600w, https:\/\/www.usborkeychain.com\/wp-content\/uploads\/red-Wrist-Strap-USB-Flash-Drive-with-LED-Logo-100x100.jpg 100w\" sizes=\"(max-width: 800px) 100vw, 800px\" \/><\/figure>\n<\/div>\n\n\n\n<div class=\"wp-block-column is-layout-flow wp-block-column-is-layout-flow\">\n<figure class=\"wp-block-image size-full\"><img alt=\"\" loading=\"lazy\" decoding=\"async\" width=\"800\" height=\"800\" src=\"https:\/\/www.usborkeychain.com\/wp-content\/uploads\/Wrist-Strap-USB-Flash-Drive-with-blue-LED-Logo.jpg\" class=\"wp-image-4729\" srcset=\"https:\/\/www.usborkeychain.com\/wp-content\/uploads\/Wrist-Strap-USB-Flash-Drive-with-blue-LED-Logo.jpg 800w, https:\/\/www.usborkeychain.com\/wp-content\/uploads\/Wrist-Strap-USB-Flash-Drive-with-blue-LED-Logo-300x300.jpg 300w, https:\/\/www.usborkeychain.com\/wp-content\/uploads\/Wrist-Strap-USB-Flash-Drive-with-blue-LED-Logo-150x150.jpg 150w, https:\/\/www.usborkeychain.com\/wp-content\/uploads\/Wrist-Strap-USB-Flash-Drive-with-blue-LED-Logo-768x768.jpg 768w, https:\/\/www.usborkeychain.com\/wp-content\/uploads\/Wrist-Strap-USB-Flash-Drive-with-blue-LED-Logo-12x12.jpg 12w, https:\/\/www.usborkeychain.com\/wp-content\/uploads\/Wrist-Strap-USB-Flash-Drive-with-blue-LED-Logo-600x600.jpg 600w, https:\/\/www.usborkeychain.com\/wp-content\/uploads\/Wrist-Strap-USB-Flash-Drive-with-blue-LED-Logo-100x100.jpg 100w\" sizes=\"(max-width: 800px) 100vw, 800px\" \/><\/figure>\n<\/div>\n<\/div>\n\n\n\n<h3 class=\"wp-block-heading\">2. Am\u00e9lioration du logo lumineux : Panneau lumineux en acrylique<\/h3>\n\n\n\n<p>La caract\u00e9ristique qui change la donne ? Un panneau lumineux int\u00e9gr\u00e9 en acrylique qui fait briller votre logo :<\/p>\n\n\n\n<ul class=\"wp-block-list\">\n<li><strong>Options de couleur<\/strong>: Choisissez entre le rouge, le vert, le bleu ou des teintes RVB personnalis\u00e9es pour correspondre \u00e0 votre marque.<\/li>\n\n\n\n<li><strong>Visibilit\u00e9<\/strong>: Le logo illumin\u00e9 ressort dans les environnements peu \u00e9clair\u00e9s (par exemple, les conf\u00e9rences, les \u00e9v\u00e9nements nocturnes), ce qui renforce la m\u00e9morisation de la marque.<\/li>\n\n\n\n<li><strong>Long\u00e9vit\u00e9<\/strong>: Le panneau acrylique garantit un \u00e9clairage lumineux et r\u00e9sistant \u00e0 la d\u00e9coloration pendant des ann\u00e9es.<\/li>\n<\/ul>\n\n\n\n<p><\/p>","protected":false},"excerpt":{"rendered":"<ul>\n<li>Courroie de poignet Cl\u00e9 USB<\/li>\n<li>avec logo LED<\/li>\n<li>Rouge\uff0cvert\uff0cbleu<\/li>\n<li>Mati\u00e8re PVC<\/li>\n<li>MOQ:100pcs<\/li>\n<\/ul>","protected":false},"featured_media":4727,"comment_status":"open","ping_status":"closed","template":"","meta":{"_seopress_robots_primary_cat":"","_seopress_titles_title":"","_seopress_titles_desc":"","_seopress_robots_index":"","site-sidebar-layout":"default","site-content-layout":"","ast-site-content-layout":"","site-content-style":"default","site-sidebar-style":"default","ast-global-header-display":"","ast-banner-title-visibility":"","ast-main-header-display":"","ast-hfb-above-header-display":"","ast-hfb-below-header-display":"","ast-hfb-mobile-header-display":"","site-post-title":"","ast-breadcrumbs-content":"","ast-featured-img":"","footer-sml-layout":"","theme-transparent-header-meta":"","adv-header-id-meta":"","stick-header-meta":"","header-above-stick-meta":"","header-main-stick-meta":"","header-below-stick-meta":"","astra-migrate-meta-layouts":"default","ast-page-background-enabled":"default","ast-page-background-meta":{"desktop":{"background-color":"var(--ast-global-color-5)","background-image":"","background-repeat":"repeat","background-position":"center center","background-size":"auto","background-attachment":"scroll","background-type":"","background-media":"","overlay-type":"","overlay-color":"","overlay-opacity":"","overlay-gradient":""},"tablet":{"background-color":"","background-image":"","background-repeat":"repeat","background-position":"center center","background-size":"auto","background-attachment":"scroll","background-type":"","background-media":"","overlay-type":"","overlay-color":"","overlay-opacity":"","overlay-gradient":""},"mobile":{"background-color":"","background-image":"","background-repeat":"repeat","background-position":"center center","background-size":"auto","background-attachment":"scroll","background-type":"","background-media":"","overlay-type":"","overlay-color":"","overlay-opacity":"","overlay-gradient":""}},"ast-content-background-meta":{"desktop":{"background-color":"var(--ast-global-color-4)","background-image":"","background-repeat":"repeat","background-position":"center center","background-size":"auto","background-attachment":"scroll","background-type":"","background-media":"","overlay-type":"","overlay-color":"","overlay-opacity":"","overlay-gradient":""},"tablet":{"background-color":"var(--ast-global-color-4)","background-image":"","background-repeat":"repeat","background-position":"center center","background-size":"auto","background-attachment":"scroll","background-type":"","background-media":"","overlay-type":"","overlay-color":"","overlay-opacity":"","overlay-gradient":""},"mobile":{"background-color":"var(--ast-global-color-4)","background-image":"","background-repeat":"repeat","background-position":"center center","background-size":"auto","background-attachment":"scroll","background-type":"","background-media":"","overlay-type":"","overlay-color":"","overlay-opacity":"","overlay-gradient":""}}},"product_brand":[],"product_cat":[97],"product_tag":[],"class_list":{"0":"post-4723","1":"product","2":"type-product","3":"status-publish","4":"has-post-thumbnail","6":"product_cat-wristband-usb-drives","7":"desktop-align-left","8":"tablet-align-left","9":"mobile-align-left","11":"first","12":"instock","13":"shipping-taxable","14":"product-type-simple"},"_links":{"self":[{"href":"https:\/\/www.usborkeychain.com\/fr\/wp-json\/wp\/v2\/product\/4723","targetHints":{"allow":["GET"]}}],"collection":[{"href":"https:\/\/www.usborkeychain.com\/fr\/wp-json\/wp\/v2\/product"}],"about":[{"href":"https:\/\/www.usborkeychain.com\/fr\/wp-json\/wp\/v2\/types\/product"}],"replies":[{"embeddable":true,"href":"https:\/\/www.usborkeychain.com\/fr\/wp-json\/wp\/v2\/comments?post=4723"}],"wp:featuredmedia":[{"embeddable":true,"href":"https:\/\/www.usborkeychain.com\/fr\/wp-json\/wp\/v2\/media\/4727"}],"wp:attachment":[{"href":"https:\/\/www.usborkeychain.com\/fr\/wp-json\/wp\/v2\/media?parent=4723"}],"wp:term":[{"taxonomy":"product_brand","embeddable":true,"href":"https:\/\/www.usborkeychain.com\/fr\/wp-json\/wp\/v2\/product_brand?post=4723"},{"taxonomy":"product_cat","embeddable":true,"href":"https:\/\/www.usborkeychain.com\/fr\/wp-json\/wp\/v2\/product_cat?post=4723"},{"taxonomy":"product_tag","embeddable":true,"href":"https:\/\/www.usborkeychain.com\/fr\/wp-json\/wp\/v2\/product_tag?post=4723"}],"curies":[{"name":"wp","href":"https:\/\/api.w.org\/{rel}","templated":true}]}}