{"id":4734,"date":"2025-07-27T08:30:18","date_gmt":"2025-07-27T08:30:18","guid":{"rendered":"https:\/\/www.usborkeychain.com\/?post_type=product&#038;p=4734"},"modified":"2025-07-27T09:50:53","modified_gmt":"2025-07-27T09:50:53","slug":"gradient-color-wristband-usb-flash-drive","status":"publish","type":"product","link":"https:\/\/www.usborkeychain.com\/fr\/produit\/gradient-color-wristband-usb-flash-drive\/","title":{"rendered":"Poignet de couleur d\u00e9grad\u00e9e Cl\u00e9 USB"},"content":{"rendered":"<p><strong>La cl\u00e9 USB \u00e0 bracelet de couleur d\u00e9grad\u00e9e est un nouveau produit lanc\u00e9 par notre usine.<\/strong><br>Contrairement aux cl\u00e9s USB \u00e0 bracelet traditionnelles qui sont de couleur unie, ce mod\u00e8le pr\u00e9sente une vari\u00e9t\u00e9 de motifs d\u00e9grad\u00e9s et multicolores \u00e9l\u00e9gants. Les combinaisons disponibles incluent le noir et blanc, le vert arm\u00e9e d\u00e9grad\u00e9, le rose et bleu, le violet et blanc, le noir et jaune, le cyan-bleu-jaune, le noir-violet-bleu, et le violet et jaune, entre autres. Les transitions de couleurs vives en font un choix vraiment accrocheur et attrayant.<\/p>\n\n\n\n<div class=\"wp-block-columns is-layout-flex wp-container-core-columns-is-layout-28f84493 wp-block-columns-is-layout-flex\">\n<div class=\"wp-block-column is-layout-flow wp-block-column-is-layout-flow\">\n<figure class=\"wp-block-image size-full\"><img alt=\"\" fetchpriority=\"high\" decoding=\"async\" width=\"600\" height=\"600\" src=\"https:\/\/www.usborkeychain.com\/wp-content\/uploads\/CosmicRaveClosed_grande.png\" class=\"wp-image-4751\" srcset=\"https:\/\/www.usborkeychain.com\/wp-content\/uploads\/CosmicRaveClosed_grande.png 600w, https:\/\/www.usborkeychain.com\/wp-content\/uploads\/CosmicRaveClosed_grande-300x300.png 300w, https:\/\/www.usborkeychain.com\/wp-content\/uploads\/CosmicRaveClosed_grande-150x150.png 150w, https:\/\/www.usborkeychain.com\/wp-content\/uploads\/CosmicRaveClosed_grande-12x12.png 12w, https:\/\/www.usborkeychain.com\/wp-content\/uploads\/CosmicRaveClosed_grande-100x100.png 100w\" sizes=\"(max-width: 600px) 100vw, 600px\" \/><\/figure>\n<\/div>\n\n\n\n<div class=\"wp-block-column is-layout-flow wp-block-column-is-layout-flow\">\n<figure class=\"wp-block-image size-full\"><img alt=\"\" decoding=\"async\" width=\"600\" height=\"600\" src=\"https:\/\/www.usborkeychain.com\/wp-content\/uploads\/BlackMagic_grande.png\" class=\"wp-image-4749\" srcset=\"https:\/\/www.usborkeychain.com\/wp-content\/uploads\/BlackMagic_grande.png 600w, https:\/\/www.usborkeychain.com\/wp-content\/uploads\/BlackMagic_grande-300x300.png 300w, https:\/\/www.usborkeychain.com\/wp-content\/uploads\/BlackMagic_grande-150x150.png 150w, https:\/\/www.usborkeychain.com\/wp-content\/uploads\/BlackMagic_grande-12x12.png 12w, https:\/\/www.usborkeychain.com\/wp-content\/uploads\/BlackMagic_grande-100x100.png 100w\" sizes=\"(max-width: 600px) 100vw, 600px\" \/><\/figure>\n<\/div>\n<\/div>\n\n\n\n<h2 class=\"wp-block-heading\">Les cl\u00e9s USB \u00e0 bracelet peuvent-elles \u00eatre fabriqu\u00e9es en silicone ?<\/h2>\n\n\n\n<p><br>Oui, le bracelet d'une cl\u00e9 USB peut \u00eatre fabriqu\u00e9 en PVC souple ou en silicone. <strong>La silicone est \u00e9cologique et non toxique.<\/strong>Il peut passer des certifications telles que <strong>FDA, LFGB et ROHS<\/strong>ce qui le rend sans danger pour le contact direct avec la peau. Il offre une excellente stabilit\u00e9 thermique, conservant des performances constantes dans une large gamme de temp\u00e9ratures, de <strong>De -40\u00b0C \u00e0 230\u00b0C<\/strong>-R\u00e9sistant au froid extr\u00eame et au vieillissement \u00e0 haute temp\u00e9rature.<\/p>\n\n\n\n<div class=\"wp-block-columns is-layout-flex wp-container-core-columns-is-layout-28f84493 wp-block-columns-is-layout-flex\">\n<div class=\"wp-block-column is-layout-flow wp-block-column-is-layout-flow\">\n<figure class=\"wp-block-image size-full\"><img alt=\"\" decoding=\"async\" width=\"600\" height=\"600\" src=\"https:\/\/www.usborkeychain.com\/wp-content\/uploads\/MilkyWayPeaceClosed_grande.png\" class=\"wp-image-4757\" srcset=\"https:\/\/www.usborkeychain.com\/wp-content\/uploads\/MilkyWayPeaceClosed_grande.png 600w, https:\/\/www.usborkeychain.com\/wp-content\/uploads\/MilkyWayPeaceClosed_grande-300x300.png 300w, https:\/\/www.usborkeychain.com\/wp-content\/uploads\/MilkyWayPeaceClosed_grande-150x150.png 150w, https:\/\/www.usborkeychain.com\/wp-content\/uploads\/MilkyWayPeaceClosed_grande-12x12.png 12w, https:\/\/www.usborkeychain.com\/wp-content\/uploads\/MilkyWayPeaceClosed_grande-100x100.png 100w\" sizes=\"(max-width: 600px) 100vw, 600px\" \/><\/figure>\n<\/div>\n\n\n\n<div class=\"wp-block-column is-layout-flow wp-block-column-is-layout-flow\">\n<figure class=\"wp-block-image size-full\"><img alt=\"\" loading=\"lazy\" decoding=\"async\" width=\"600\" height=\"600\" src=\"https:\/\/www.usborkeychain.com\/wp-content\/uploads\/MilkyWayClosed_grande.png\" class=\"wp-image-4756\" srcset=\"https:\/\/www.usborkeychain.com\/wp-content\/uploads\/MilkyWayClosed_grande.png 600w, https:\/\/www.usborkeychain.com\/wp-content\/uploads\/MilkyWayClosed_grande-300x300.png 300w, https:\/\/www.usborkeychain.com\/wp-content\/uploads\/MilkyWayClosed_grande-150x150.png 150w, https:\/\/www.usborkeychain.com\/wp-content\/uploads\/MilkyWayClosed_grande-12x12.png 12w, https:\/\/www.usborkeychain.com\/wp-content\/uploads\/MilkyWayClosed_grande-100x100.png 100w\" sizes=\"(max-width: 600px) 100vw, 600px\" \/><\/figure>\n<\/div>\n<\/div>\n\n\n\n<p>La silicone pr\u00e9sente \u00e9galement des avantages tels que <strong>propri\u00e9t\u00e9s antid\u00e9rapantes et imperm\u00e9ables<\/strong>et est disponible dans une large gamme de couleurs personnalisables (notamment <strong>Correspondance des couleurs Pantone<\/strong>). Dot\u00e9 d'une \u00e9lasticit\u00e9 et d'une flexibilit\u00e9 exceptionnelles, le silicone peut atteindre un niveau de s\u00e9curit\u00e9 \u00e9lev\u00e9. <strong>taux de traction de 300% \u00e0 600%<\/strong>La forme de l'emballage se r\u00e9tablit rapidement apr\u00e8s compression sans se d\u00e9former facilement.<\/p>\n\n\n\n<p>En outre, lors du d\u00e9veloppement de moules pour les bracelets USB, le silicone fait preuve d'une grande capacit\u00e9 d'adaptation. Il peut \u00eatre fabriqu\u00e9 dans des formes complexes \u00e0 l'aide de <strong>moulage par compression ou extrusion<\/strong>Elle prend en charge le m\u00e9lange de plusieurs couleurs, les textures de surface personnalisables et offre d'autres possibilit\u00e9s d'am\u00e9lioration de la qualit\u00e9 de l'eau. <strong>isolation et \u00e9tanch\u00e9it\u00e9<\/strong> avantages<\/p>\n\n\n\n<div class=\"wp-block-columns is-layout-flex wp-container-core-columns-is-layout-28f84493 wp-block-columns-is-layout-flex\">\n<div class=\"wp-block-column is-layout-flow wp-block-column-is-layout-flow\">\n<figure class=\"wp-block-image size-full\"><img alt=\"\" loading=\"lazy\" decoding=\"async\" width=\"600\" height=\"600\" src=\"https:\/\/www.usborkeychain.com\/wp-content\/uploads\/GrapeDrinkClosed_grande.png\" class=\"wp-image-4753\" srcset=\"https:\/\/www.usborkeychain.com\/wp-content\/uploads\/GrapeDrinkClosed_grande.png 600w, https:\/\/www.usborkeychain.com\/wp-content\/uploads\/GrapeDrinkClosed_grande-300x300.png 300w, https:\/\/www.usborkeychain.com\/wp-content\/uploads\/GrapeDrinkClosed_grande-150x150.png 150w, https:\/\/www.usborkeychain.com\/wp-content\/uploads\/GrapeDrinkClosed_grande-12x12.png 12w, https:\/\/www.usborkeychain.com\/wp-content\/uploads\/GrapeDrinkClosed_grande-100x100.png 100w\" sizes=\"(max-width: 600px) 100vw, 600px\" \/><\/figure>\n<\/div>\n\n\n\n<div class=\"wp-block-column is-layout-flow wp-block-column-is-layout-flow\">\n<figure class=\"wp-block-image size-full\"><img alt=\"\" loading=\"lazy\" decoding=\"async\" width=\"600\" height=\"600\" src=\"https:\/\/www.usborkeychain.com\/wp-content\/uploads\/CottonCandyClosed_grande.png\" class=\"wp-image-4752\" srcset=\"https:\/\/www.usborkeychain.com\/wp-content\/uploads\/CottonCandyClosed_grande.png 600w, https:\/\/www.usborkeychain.com\/wp-content\/uploads\/CottonCandyClosed_grande-300x300.png 300w, https:\/\/www.usborkeychain.com\/wp-content\/uploads\/CottonCandyClosed_grande-150x150.png 150w, https:\/\/www.usborkeychain.com\/wp-content\/uploads\/CottonCandyClosed_grande-12x12.png 12w, https:\/\/www.usborkeychain.com\/wp-content\/uploads\/CottonCandyClosed_grande-100x100.png 100w\" sizes=\"(max-width: 600px) 100vw, 600px\" \/><\/figure>\n<\/div>\n<\/div>\n\n\n\n<h2 class=\"wp-block-heading\">Quelles sont les m\u00e9thodes de personnalisation du logo pour les cl\u00e9s USB \u00e0 bracelet ?<\/h2>\n\n\n\n<p><strong>S\u00e9rigraphie<\/strong>: Disponible en une ou plusieurs couleurs. Rentable avec des frais d'installation d'\u00e9cran d'environ 1,5 million d'euros. <strong>\u00a5200-\u00a5500<\/strong>.<\/p>\n\n\n\n<p><strong>Logo en relief (moul\u00e9)<\/strong>: N\u00e9cessite un moule sur mesure dont le co\u00fbt varie de 1 \u00e0 5 euros. <strong>1 000 \u00a5 \u00e0 3 000 \u00a5<\/strong>. Offre une finition tridimensionnelle et durable.<\/p>\n\n\n\n<p><strong>Gravure au laser<\/strong>: Id\u00e9al pour les composants m\u00e9talliques de haute pr\u00e9cision jusqu'\u00e0 <strong>0,1 mm<\/strong>La mise en place d'un syst\u00e8me de gestion de l'information permet de donner un aspect propre et professionnel \u00e0 l'information.<\/p>\n\n\n\n<div class=\"wp-block-columns is-layout-flex wp-container-core-columns-is-layout-9c22b1e3 wp-block-columns-is-layout-flex\">\n<div class=\"wp-block-column is-layout-flow wp-block-column-is-layout-flow\">\n<figure class=\"wp-block-image size-full\"><img alt=\"\" loading=\"lazy\" decoding=\"async\" width=\"600\" height=\"600\" src=\"https:\/\/www.usborkeychain.com\/wp-content\/uploads\/SunblastClosed_grande.png\" class=\"wp-image-4760\" srcset=\"https:\/\/www.usborkeychain.com\/wp-content\/uploads\/SunblastClosed_grande.png 600w, https:\/\/www.usborkeychain.com\/wp-content\/uploads\/SunblastClosed_grande-300x300.png 300w, https:\/\/www.usborkeychain.com\/wp-content\/uploads\/SunblastClosed_grande-150x150.png 150w, https:\/\/www.usborkeychain.com\/wp-content\/uploads\/SunblastClosed_grande-12x12.png 12w, https:\/\/www.usborkeychain.com\/wp-content\/uploads\/SunblastClosed_grande-100x100.png 100w\" sizes=\"(max-width: 600px) 100vw, 600px\" \/><\/figure>\n<\/div>\n\n\n\n<div class=\"wp-block-column is-layout-flow wp-block-column-is-layout-flow\">\n<figure class=\"wp-block-image size-full\"><img alt=\"\" loading=\"lazy\" decoding=\"async\" width=\"600\" height=\"600\" src=\"https:\/\/www.usborkeychain.com\/wp-content\/uploads\/PurpleBlazeClosed_grande.png\" class=\"wp-image-4758\" srcset=\"https:\/\/www.usborkeychain.com\/wp-content\/uploads\/PurpleBlazeClosed_grande.png 600w, https:\/\/www.usborkeychain.com\/wp-content\/uploads\/PurpleBlazeClosed_grande-300x300.png 300w, https:\/\/www.usborkeychain.com\/wp-content\/uploads\/PurpleBlazeClosed_grande-150x150.png 150w, https:\/\/www.usborkeychain.com\/wp-content\/uploads\/PurpleBlazeClosed_grande-12x12.png 12w, https:\/\/www.usborkeychain.com\/wp-content\/uploads\/PurpleBlazeClosed_grande-100x100.png 100w\" sizes=\"(max-width: 600px) 100vw, 600px\" \/><\/figure>\n<\/div>\n\n\n\n<div class=\"wp-block-column is-layout-flow wp-block-column-is-layout-flow\">\n<figure class=\"wp-block-image size-full\"><img alt=\"\" loading=\"lazy\" decoding=\"async\" width=\"600\" height=\"600\" src=\"https:\/\/www.usborkeychain.com\/wp-content\/uploads\/HornetClosed_grande.png\" class=\"wp-image-4754\" srcset=\"https:\/\/www.usborkeychain.com\/wp-content\/uploads\/HornetClosed_grande.png 600w, https:\/\/www.usborkeychain.com\/wp-content\/uploads\/HornetClosed_grande-300x300.png 300w, https:\/\/www.usborkeychain.com\/wp-content\/uploads\/HornetClosed_grande-150x150.png 150w, https:\/\/www.usborkeychain.com\/wp-content\/uploads\/HornetClosed_grande-12x12.png 12w, https:\/\/www.usborkeychain.com\/wp-content\/uploads\/HornetClosed_grande-100x100.png 100w\" sizes=\"(max-width: 600px) 100vw, 600px\" \/><\/figure>\n<\/div>\n<\/div>\n\n\n\n<h2 class=\"wp-block-heading\">Quels sont les emballages disponibles pour les cl\u00e9s USB \u00e0 bracelet ?<\/h2>\n\n\n\n<p>L'emballage standard en sac OPP est gratuit. L'emballage optionnel comprend <strong>bo\u00eetes en papier, blisters, bo\u00eetes m\u00e9talliques, bo\u00eetes-cadeaux \u00e9cologiques en PVC et bo\u00eetes color\u00e9es imprim\u00e9es personnalis\u00e9es<\/strong>. Des logos peuvent \u00eatre imprim\u00e9s sur l'emballage pour soutenir la pr\u00e9sentation personnalis\u00e9e de la marque.<\/p>\n\n\n\n<ul class=\"wp-block-list\">\n<li><strong>Blister<\/strong>: \u00a50.50\/pi\u00e8ce<\/li>\n\n\n\n<li><strong>Bo\u00eete m\u00e9tallique<\/strong>: \u00a51.00\/pi\u00e8ce<\/li>\n\n\n\n<li><strong>Bo\u00eete cadeau<\/strong>: \u00a52.00\/pi\u00e8ce<br>Sur mesure <strong>\u00e9tiquettes \u00e0 suspendre<\/strong> et <strong>manuels d'utilisation<\/strong> sont \u00e9galement disponibles sur demande.<\/li>\n<\/ul>\n\n\n\n<div class=\"wp-block-columns is-layout-flex wp-container-core-columns-is-layout-9c22b1e3 wp-block-columns-is-layout-flex\">\n<div class=\"wp-block-column is-layout-flow wp-block-column-is-layout-flow\">\n<figure class=\"wp-block-image size-full\"><img alt=\"\" loading=\"lazy\" decoding=\"async\" width=\"600\" height=\"600\" src=\"https:\/\/www.usborkeychain.com\/wp-content\/uploads\/RainforestClosed_grande.png\" class=\"wp-image-4759\" srcset=\"https:\/\/www.usborkeychain.com\/wp-content\/uploads\/RainforestClosed_grande.png 600w, https:\/\/www.usborkeychain.com\/wp-content\/uploads\/RainforestClosed_grande-300x300.png 300w, https:\/\/www.usborkeychain.com\/wp-content\/uploads\/RainforestClosed_grande-150x150.png 150w, https:\/\/www.usborkeychain.com\/wp-content\/uploads\/RainforestClosed_grande-12x12.png 12w, https:\/\/www.usborkeychain.com\/wp-content\/uploads\/RainforestClosed_grande-100x100.png 100w\" sizes=\"(max-width: 600px) 100vw, 600px\" \/><\/figure>\n<\/div>\n\n\n\n<div class=\"wp-block-column is-layout-flow wp-block-column-is-layout-flow\">\n<figure class=\"wp-block-image size-full\"><img alt=\"\" loading=\"lazy\" decoding=\"async\" width=\"600\" height=\"600\" src=\"https:\/\/www.usborkeychain.com\/wp-content\/uploads\/JadeTurquoiseClosed_grande.png\" class=\"wp-image-4755\" srcset=\"https:\/\/www.usborkeychain.com\/wp-content\/uploads\/JadeTurquoiseClosed_grande.png 600w, https:\/\/www.usborkeychain.com\/wp-content\/uploads\/JadeTurquoiseClosed_grande-300x300.png 300w, https:\/\/www.usborkeychain.com\/wp-content\/uploads\/JadeTurquoiseClosed_grande-150x150.png 150w, https:\/\/www.usborkeychain.com\/wp-content\/uploads\/JadeTurquoiseClosed_grande-12x12.png 12w, https:\/\/www.usborkeychain.com\/wp-content\/uploads\/JadeTurquoiseClosed_grande-100x100.png 100w\" sizes=\"(max-width: 600px) 100vw, 600px\" \/><\/figure>\n<\/div>\n\n\n\n<div class=\"wp-block-column is-layout-flow wp-block-column-is-layout-flow\">\n<figure class=\"wp-block-image size-full\"><img alt=\"\" loading=\"lazy\" decoding=\"async\" width=\"600\" height=\"600\" src=\"https:\/\/www.usborkeychain.com\/wp-content\/uploads\/CamoClosed_grande.png\" class=\"wp-image-4750\" srcset=\"https:\/\/www.usborkeychain.com\/wp-content\/uploads\/CamoClosed_grande.png 600w, https:\/\/www.usborkeychain.com\/wp-content\/uploads\/CamoClosed_grande-300x300.png 300w, https:\/\/www.usborkeychain.com\/wp-content\/uploads\/CamoClosed_grande-150x150.png 150w, https:\/\/www.usborkeychain.com\/wp-content\/uploads\/CamoClosed_grande-12x12.png 12w, https:\/\/www.usborkeychain.com\/wp-content\/uploads\/CamoClosed_grande-100x100.png 100w\" sizes=\"(max-width: 600px) 100vw, 600px\" \/><\/figure>\n<\/div>\n<\/div>\n\n\n\n<p><\/p>","protected":false},"excerpt":{"rendered":"<ul>\n<li>Couleur d\u00e9grad\u00e9e<\/li>\n<li>Bracelet Cl\u00e9 USB<\/li>\n<li>Mod\u00e8les les plus r\u00e9cents<\/li>\n<li>Logo personnalis\u00e9<\/li>\n<li>Plusieurs couleurs au choix<\/li>\n<\/ul>","protected":false},"featured_media":4752,"comment_status":"open","ping_status":"closed","template":"","meta":{"_seopress_robots_primary_cat":"","_seopress_titles_title":"","_seopress_titles_desc":"","_seopress_robots_index":"","site-sidebar-layout":"default","site-content-layout":"","ast-site-content-layout":"","site-content-style":"default","site-sidebar-style":"default","ast-global-header-display":"","ast-banner-title-visibility":"","ast-main-header-display":"","ast-hfb-above-header-display":"","ast-hfb-below-header-display":"","ast-hfb-mobile-header-display":"","site-post-title":"","ast-breadcrumbs-content":"","ast-featured-img":"","footer-sml-layout":"","theme-transparent-header-meta":"","adv-header-id-meta":"","stick-header-meta":"","header-above-stick-meta":"","header-main-stick-meta":"","header-below-stick-meta":"","astra-migrate-meta-layouts":"default","ast-page-background-enabled":"default","ast-page-background-meta":{"desktop":{"background-color":"var(--ast-global-color-5)","background-image":"","background-repeat":"repeat","background-position":"center center","background-size":"auto","background-attachment":"scroll","background-type":"","background-media":"","overlay-type":"","overlay-color":"","overlay-opacity":"","overlay-gradient":""},"tablet":{"background-color":"","background-image":"","background-repeat":"repeat","background-position":"center center","background-size":"auto","background-attachment":"scroll","background-type":"","background-media":"","overlay-type":"","overlay-color":"","overlay-opacity":"","overlay-gradient":""},"mobile":{"background-color":"","background-image":"","background-repeat":"repeat","background-position":"center center","background-size":"auto","background-attachment":"scroll","background-type":"","background-media":"","overlay-type":"","overlay-color":"","overlay-opacity":"","overlay-gradient":""}},"ast-content-background-meta":{"desktop":{"background-color":"var(--ast-global-color-4)","background-image":"","background-repeat":"repeat","background-position":"center center","background-size":"auto","background-attachment":"scroll","background-type":"","background-media":"","overlay-type":"","overlay-color":"","overlay-opacity":"","overlay-gradient":""},"tablet":{"background-color":"var(--ast-global-color-4)","background-image":"","background-repeat":"repeat","background-position":"center center","background-size":"auto","background-attachment":"scroll","background-type":"","background-media":"","overlay-type":"","overlay-color":"","overlay-opacity":"","overlay-gradient":""},"mobile":{"background-color":"var(--ast-global-color-4)","background-image":"","background-repeat":"repeat","background-position":"center center","background-size":"auto","background-attachment":"scroll","background-type":"","background-media":"","overlay-type":"","overlay-color":"","overlay-opacity":"","overlay-gradient":""}}},"product_brand":[],"product_cat":[97],"product_tag":[],"class_list":{"0":"post-4734","1":"product","2":"type-product","3":"status-publish","4":"has-post-thumbnail","6":"product_cat-wristband-usb-drives","7":"desktop-align-left","8":"tablet-align-left","9":"mobile-align-left","11":"first","12":"instock","13":"shipping-taxable","14":"product-type-simple"},"_links":{"self":[{"href":"https:\/\/www.usborkeychain.com\/fr\/wp-json\/wp\/v2\/product\/4734","targetHints":{"allow":["GET"]}}],"collection":[{"href":"https:\/\/www.usborkeychain.com\/fr\/wp-json\/wp\/v2\/product"}],"about":[{"href":"https:\/\/www.usborkeychain.com\/fr\/wp-json\/wp\/v2\/types\/product"}],"replies":[{"embeddable":true,"href":"https:\/\/www.usborkeychain.com\/fr\/wp-json\/wp\/v2\/comments?post=4734"}],"wp:featuredmedia":[{"embeddable":true,"href":"https:\/\/www.usborkeychain.com\/fr\/wp-json\/wp\/v2\/media\/4752"}],"wp:attachment":[{"href":"https:\/\/www.usborkeychain.com\/fr\/wp-json\/wp\/v2\/media?parent=4734"}],"wp:term":[{"taxonomy":"product_brand","embeddable":true,"href":"https:\/\/www.usborkeychain.com\/fr\/wp-json\/wp\/v2\/product_brand?post=4734"},{"taxonomy":"product_cat","embeddable":true,"href":"https:\/\/www.usborkeychain.com\/fr\/wp-json\/wp\/v2\/product_cat?post=4734"},{"taxonomy":"product_tag","embeddable":true,"href":"https:\/\/www.usborkeychain.com\/fr\/wp-json\/wp\/v2\/product_tag?post=4734"}],"curies":[{"name":"wp","href":"https:\/\/api.w.org\/{rel}","templated":true}]}}