{"id":4804,"date":"2025-07-27T09:36:30","date_gmt":"2025-07-27T09:36:30","guid":{"rendered":"https:\/\/www.usborkeychain.com\/?post_type=product&#038;p=4804"},"modified":"2025-07-27T10:05:01","modified_gmt":"2025-07-27T10:05:01","slug":"slim-rubber-usb-wristband-drive","status":"publish","type":"product","link":"https:\/\/www.usborkeychain.com\/fr\/produit\/slim-rubber-usb-wristband-drive\/","title":{"rendered":"Cl\u00e9 USB \u00e0 poignet en caoutchouc mince"},"content":{"rendered":"<p><\/p>\n\n\n\n<div class=\"wp-block-columns is-layout-flex wp-container-core-columns-is-layout-28f84493 wp-block-columns-is-layout-flex\">\n<div class=\"wp-block-column is-layout-flow wp-block-column-is-layout-flow\">\n<figure class=\"wp-block-image size-full\"><img alt=\"\" fetchpriority=\"high\" decoding=\"async\" width=\"800\" height=\"800\" src=\"https:\/\/www.usborkeychain.com\/wp-content\/uploads\/Wrist-USB-Memory-Stick.jpg\" class=\"wp-image-4818\" srcset=\"https:\/\/www.usborkeychain.com\/wp-content\/uploads\/Wrist-USB-Memory-Stick.jpg 800w, https:\/\/www.usborkeychain.com\/wp-content\/uploads\/Wrist-USB-Memory-Stick-300x300.jpg 300w, https:\/\/www.usborkeychain.com\/wp-content\/uploads\/Wrist-USB-Memory-Stick-150x150.jpg 150w, https:\/\/www.usborkeychain.com\/wp-content\/uploads\/Wrist-USB-Memory-Stick-768x768.jpg 768w, https:\/\/www.usborkeychain.com\/wp-content\/uploads\/Wrist-USB-Memory-Stick-12x12.jpg 12w, https:\/\/www.usborkeychain.com\/wp-content\/uploads\/Wrist-USB-Memory-Stick-600x600.jpg 600w, https:\/\/www.usborkeychain.com\/wp-content\/uploads\/Wrist-USB-Memory-Stick-100x100.jpg 100w\" sizes=\"(max-width: 800px) 100vw, 800px\" \/><\/figure>\n<\/div>\n\n\n\n<div class=\"wp-block-column is-vertically-aligned-center is-layout-flow wp-block-column-is-layout-flow\">\n<p>Le Slim Rubber USB Wristband, fabriqu\u00e9 en silicone durable et flexible, cible les jeunes utilisateurs soucieux de leur style gr\u00e2ce \u00e0 son design moderne et tendance. 7 capacit\u00e9s sont disponibles, de 2 Go \u00e0 128 Go, pour r\u00e9pondre \u00e0 un large \u00e9ventail de besoins en mati\u00e8re de stockage de donn\u00e9es tout en restant \u00e0 la mode. <\/p>\n\n\n\n<p>De plus, avec 8 couleurs vibrantes au choix, il permet un haut degr\u00e9 de personnalisation, garantissant qu'il s'aligne parfaitement sur l'identit\u00e9 visuelle de votre site web ou de votre marque.<\/p>\n<\/div>\n<\/div>\n\n\n\n<p>Options d'impression et de personnalisation du bracelet USB\uff1aNous proposons des options de s\u00e9rigraphie pour la personnalisation du bracelet USB, garantissant que votre logo ou votre slogan soit mis en \u00e9vidence sur le bracelet en silicone et le bo\u00eetier USB pour une visibilit\u00e9 maximale. Nos dimensions de s\u00e9rigraphie pour ce produit sont 110mm X 13.5mm, 22mm X 13.5mm.<\/p>\n\n\n\n<div class=\"wp-block-columns is-layout-flex wp-container-core-columns-is-layout-28f84493 wp-block-columns-is-layout-flex\">\n<div class=\"wp-block-column is-layout-flow wp-block-column-is-layout-flow\">\n<figure class=\"wp-block-image size-full\"><img alt=\"\" decoding=\"async\" width=\"800\" height=\"800\" src=\"https:\/\/www.usborkeychain.com\/wp-content\/uploads\/yellow-Slim-Rubber-USB-Wristband.jpg\" class=\"wp-image-4820\" srcset=\"https:\/\/www.usborkeychain.com\/wp-content\/uploads\/yellow-Slim-Rubber-USB-Wristband.jpg 800w, https:\/\/www.usborkeychain.com\/wp-content\/uploads\/yellow-Slim-Rubber-USB-Wristband-300x300.jpg 300w, https:\/\/www.usborkeychain.com\/wp-content\/uploads\/yellow-Slim-Rubber-USB-Wristband-150x150.jpg 150w, https:\/\/www.usborkeychain.com\/wp-content\/uploads\/yellow-Slim-Rubber-USB-Wristband-768x768.jpg 768w, https:\/\/www.usborkeychain.com\/wp-content\/uploads\/yellow-Slim-Rubber-USB-Wristband-12x12.jpg 12w, https:\/\/www.usborkeychain.com\/wp-content\/uploads\/yellow-Slim-Rubber-USB-Wristband-600x600.jpg 600w, https:\/\/www.usborkeychain.com\/wp-content\/uploads\/yellow-Slim-Rubber-USB-Wristband-100x100.jpg 100w\" sizes=\"(max-width: 800px) 100vw, 800px\" \/><\/figure>\n<\/div>\n\n\n\n<div class=\"wp-block-column is-layout-flow wp-block-column-is-layout-flow\">\n<figure class=\"wp-block-image size-full\"><img alt=\"\" decoding=\"async\" width=\"800\" height=\"800\" src=\"https:\/\/www.usborkeychain.com\/wp-content\/uploads\/green-Slim-Rubber-USB-Wristband.jpg\" class=\"wp-image-4810\" srcset=\"https:\/\/www.usborkeychain.com\/wp-content\/uploads\/green-Slim-Rubber-USB-Wristband.jpg 800w, https:\/\/www.usborkeychain.com\/wp-content\/uploads\/green-Slim-Rubber-USB-Wristband-300x300.jpg 300w, https:\/\/www.usborkeychain.com\/wp-content\/uploads\/green-Slim-Rubber-USB-Wristband-150x150.jpg 150w, https:\/\/www.usborkeychain.com\/wp-content\/uploads\/green-Slim-Rubber-USB-Wristband-768x768.jpg 768w, https:\/\/www.usborkeychain.com\/wp-content\/uploads\/green-Slim-Rubber-USB-Wristband-12x12.jpg 12w, https:\/\/www.usborkeychain.com\/wp-content\/uploads\/green-Slim-Rubber-USB-Wristband-600x600.jpg 600w, https:\/\/www.usborkeychain.com\/wp-content\/uploads\/green-Slim-Rubber-USB-Wristband-100x100.jpg 100w\" sizes=\"(max-width: 800px) 100vw, 800px\" \/><\/figure>\n<\/div>\n\n\n\n<div class=\"wp-block-column is-layout-flow wp-block-column-is-layout-flow\">\n<figure class=\"wp-block-image size-full\"><img alt=\"\" loading=\"lazy\" decoding=\"async\" width=\"800\" height=\"800\" src=\"https:\/\/www.usborkeychain.com\/wp-content\/uploads\/dark-blue-Slim-Rubber-USB-Wristband.jpg\" class=\"wp-image-4808\" srcset=\"https:\/\/www.usborkeychain.com\/wp-content\/uploads\/dark-blue-Slim-Rubber-USB-Wristband.jpg 800w, https:\/\/www.usborkeychain.com\/wp-content\/uploads\/dark-blue-Slim-Rubber-USB-Wristband-300x300.jpg 300w, https:\/\/www.usborkeychain.com\/wp-content\/uploads\/dark-blue-Slim-Rubber-USB-Wristband-150x150.jpg 150w, https:\/\/www.usborkeychain.com\/wp-content\/uploads\/dark-blue-Slim-Rubber-USB-Wristband-768x768.jpg 768w, https:\/\/www.usborkeychain.com\/wp-content\/uploads\/dark-blue-Slim-Rubber-USB-Wristband-12x12.jpg 12w, https:\/\/www.usborkeychain.com\/wp-content\/uploads\/dark-blue-Slim-Rubber-USB-Wristband-600x600.jpg 600w, https:\/\/www.usborkeychain.com\/wp-content\/uploads\/dark-blue-Slim-Rubber-USB-Wristband-100x100.jpg 100w\" sizes=\"(max-width: 800px) 100vw, 800px\" \/><\/figure>\n<\/div>\n<\/div>\n\n\n\n<p><\/p>\n\n\n\n<p><strong>Cette cl\u00e9 USB \u00e0 bracelet combine une cl\u00e9 USB et un bracelet en un :<\/strong>Gr\u00e2ce \u00e0 son concept unique, il sert \u00e0 la fois de dispositif de stockage de donn\u00e9es fiable et de bracelet \u00e9l\u00e9gant et confortable. Il est facile de passer d'une utilisation \u00e0 l'autre : portez-le ou utilisez-le comme lecteur \u00e0 tout moment.<\/p>\n\n\n\n<div class=\"wp-block-columns is-layout-flex wp-container-core-columns-is-layout-28f84493 wp-block-columns-is-layout-flex\">\n<div class=\"wp-block-column is-layout-flow wp-block-column-is-layout-flow\">\n<figure class=\"wp-block-image size-full\"><img alt=\"\" loading=\"lazy\" decoding=\"async\" width=\"800\" height=\"800\" src=\"https:\/\/www.usborkeychain.com\/wp-content\/uploads\/usb-wristbands.jpg\" class=\"wp-image-4816\" srcset=\"https:\/\/www.usborkeychain.com\/wp-content\/uploads\/usb-wristbands.jpg 800w, https:\/\/www.usborkeychain.com\/wp-content\/uploads\/usb-wristbands-300x300.jpg 300w, https:\/\/www.usborkeychain.com\/wp-content\/uploads\/usb-wristbands-150x150.jpg 150w, https:\/\/www.usborkeychain.com\/wp-content\/uploads\/usb-wristbands-768x768.jpg 768w, https:\/\/www.usborkeychain.com\/wp-content\/uploads\/usb-wristbands-12x12.jpg 12w, https:\/\/www.usborkeychain.com\/wp-content\/uploads\/usb-wristbands-600x600.jpg 600w, https:\/\/www.usborkeychain.com\/wp-content\/uploads\/usb-wristbands-100x100.jpg 100w\" sizes=\"(max-width: 800px) 100vw, 800px\" \/><\/figure>\n<\/div>\n\n\n\n<div class=\"wp-block-column is-layout-flow wp-block-column-is-layout-flow\">\n<figure class=\"wp-block-image size-full\"><img alt=\"\" loading=\"lazy\" decoding=\"async\" width=\"800\" height=\"800\" src=\"https:\/\/www.usborkeychain.com\/wp-content\/uploads\/Slim-Rubber-USB-Wristband-3.0.jpg\" class=\"wp-image-4814\" srcset=\"https:\/\/www.usborkeychain.com\/wp-content\/uploads\/Slim-Rubber-USB-Wristband-3.0.jpg 800w, https:\/\/www.usborkeychain.com\/wp-content\/uploads\/Slim-Rubber-USB-Wristband-3.0-300x300.jpg 300w, https:\/\/www.usborkeychain.com\/wp-content\/uploads\/Slim-Rubber-USB-Wristband-3.0-150x150.jpg 150w, https:\/\/www.usborkeychain.com\/wp-content\/uploads\/Slim-Rubber-USB-Wristband-3.0-768x768.jpg 768w, https:\/\/www.usborkeychain.com\/wp-content\/uploads\/Slim-Rubber-USB-Wristband-3.0-12x12.jpg 12w, https:\/\/www.usborkeychain.com\/wp-content\/uploads\/Slim-Rubber-USB-Wristband-3.0-600x600.jpg 600w, https:\/\/www.usborkeychain.com\/wp-content\/uploads\/Slim-Rubber-USB-Wristband-3.0-100x100.jpg 100w\" sizes=\"(max-width: 800px) 100vw, 800px\" \/><\/figure>\n<\/div>\n\n\n\n<div class=\"wp-block-column is-layout-flow wp-block-column-is-layout-flow\">\n<figure class=\"wp-block-image size-full\"><img alt=\"\" loading=\"lazy\" decoding=\"async\" width=\"800\" height=\"800\" src=\"https:\/\/www.usborkeychain.com\/wp-content\/uploads\/Glow-In-The-Dark-USB-Wristband.jpg\" class=\"wp-image-4809\" srcset=\"https:\/\/www.usborkeychain.com\/wp-content\/uploads\/Glow-In-The-Dark-USB-Wristband.jpg 800w, https:\/\/www.usborkeychain.com\/wp-content\/uploads\/Glow-In-The-Dark-USB-Wristband-300x300.jpg 300w, https:\/\/www.usborkeychain.com\/wp-content\/uploads\/Glow-In-The-Dark-USB-Wristband-150x150.jpg 150w, https:\/\/www.usborkeychain.com\/wp-content\/uploads\/Glow-In-The-Dark-USB-Wristband-768x768.jpg 768w, https:\/\/www.usborkeychain.com\/wp-content\/uploads\/Glow-In-The-Dark-USB-Wristband-12x12.jpg 12w, https:\/\/www.usborkeychain.com\/wp-content\/uploads\/Glow-In-The-Dark-USB-Wristband-600x600.jpg 600w, https:\/\/www.usborkeychain.com\/wp-content\/uploads\/Glow-In-The-Dark-USB-Wristband-100x100.jpg 100w\" sizes=\"(max-width: 800px) 100vw, 800px\" \/><\/figure>\n<\/div>\n<\/div>\n\n\n\n<p><strong>Stockage intelligent, s\u00fbr et sans souci :<\/strong><br>Enroulez-le pour le ranger, ouvrez-le pour le porter. Que vous soyez en d\u00e9placement, en train de faire du sport, en voyage ou au bureau, il s'int\u00e8gre parfaitement \u00e0 votre routine et vous permet d'avoir vos donn\u00e9es toujours \u00e0 port\u00e9e de main. Le connecteur USB en m\u00e9tal est astucieusement dissimul\u00e9 \u00e0 l'int\u00e9rieur du bracelet en silicone souple, offrant une meilleure protection contre les rayures, la poussi\u00e8re et l'eau.<\/p>\n\n\n\n<p><strong>Un ajustement s\u00fbr, pr\u00eat \u00e0 l'action :<\/strong><br>Dot\u00e9 d'un fermoir et de perforations sur le bracelet en silicone, ce bracelet USB reste fermement en place sans glisser, transformant votre cl\u00e9 USB en un v\u00e9ritable objet portable que vous pouvez emporter partout en toute confiance.<\/p>","protected":false},"excerpt":{"rendered":"<ul>\n<li>Bracelet en PVC<\/li>\n<li>Cl\u00e9 USB<\/li>\n<li>8 couleurs<\/li>\n<li>Logo personnalis\u00e9<\/li>\n<li>MOQ:100PCS<\/li>\n<\/ul>","protected":false},"featured_media":4815,"comment_status":"open","ping_status":"closed","template":"","meta":{"_seopress_robots_primary_cat":"none","_seopress_titles_title":"","_seopress_titles_desc":"","_seopress_robots_index":"","site-sidebar-layout":"default","site-content-layout":"","ast-site-content-layout":"","site-content-style":"default","site-sidebar-style":"default","ast-global-header-display":"","ast-banner-title-visibility":"","ast-main-header-display":"","ast-hfb-above-header-display":"","ast-hfb-below-header-display":"","ast-hfb-mobile-header-display":"","site-post-title":"","ast-breadcrumbs-content":"","ast-featured-img":"","footer-sml-layout":"","theme-transparent-header-meta":"","adv-header-id-meta":"","stick-header-meta":"","header-above-stick-meta":"","header-main-stick-meta":"","header-below-stick-meta":"","astra-migrate-meta-layouts":"default","ast-page-background-enabled":"default","ast-page-background-meta":{"desktop":{"background-color":"var(--ast-global-color-5)","background-image":"","background-repeat":"repeat","background-position":"center center","background-size":"auto","background-attachment":"scroll","background-type":"","background-media":"","overlay-type":"","overlay-color":"","overlay-opacity":"","overlay-gradient":""},"tablet":{"background-color":"","background-image":"","background-repeat":"repeat","background-position":"center center","background-size":"auto","background-attachment":"scroll","background-type":"","background-media":"","overlay-type":"","overlay-color":"","overlay-opacity":"","overlay-gradient":""},"mobile":{"background-color":"","background-image":"","background-repeat":"repeat","background-position":"center center","background-size":"auto","background-attachment":"scroll","background-type":"","background-media":"","overlay-type":"","overlay-color":"","overlay-opacity":"","overlay-gradient":""}},"ast-content-background-meta":{"desktop":{"background-color":"var(--ast-global-color-4)","background-image":"","background-repeat":"repeat","background-position":"center center","background-size":"auto","background-attachment":"scroll","background-type":"","background-media":"","overlay-type":"","overlay-color":"","overlay-opacity":"","overlay-gradient":""},"tablet":{"background-color":"var(--ast-global-color-4)","background-image":"","background-repeat":"repeat","background-position":"center center","background-size":"auto","background-attachment":"scroll","background-type":"","background-media":"","overlay-type":"","overlay-color":"","overlay-opacity":"","overlay-gradient":""},"mobile":{"background-color":"var(--ast-global-color-4)","background-image":"","background-repeat":"repeat","background-position":"center center","background-size":"auto","background-attachment":"scroll","background-type":"","background-media":"","overlay-type":"","overlay-color":"","overlay-opacity":"","overlay-gradient":""}}},"product_brand":[],"product_cat":[97],"product_tag":[],"class_list":{"0":"post-4804","1":"product","2":"type-product","3":"status-publish","4":"has-post-thumbnail","6":"product_cat-wristband-usb-drives","7":"desktop-align-left","8":"tablet-align-left","9":"mobile-align-left","11":"first","12":"instock","13":"shipping-taxable","14":"product-type-simple"},"_links":{"self":[{"href":"https:\/\/www.usborkeychain.com\/fr\/wp-json\/wp\/v2\/product\/4804","targetHints":{"allow":["GET"]}}],"collection":[{"href":"https:\/\/www.usborkeychain.com\/fr\/wp-json\/wp\/v2\/product"}],"about":[{"href":"https:\/\/www.usborkeychain.com\/fr\/wp-json\/wp\/v2\/types\/product"}],"replies":[{"embeddable":true,"href":"https:\/\/www.usborkeychain.com\/fr\/wp-json\/wp\/v2\/comments?post=4804"}],"wp:featuredmedia":[{"embeddable":true,"href":"https:\/\/www.usborkeychain.com\/fr\/wp-json\/wp\/v2\/media\/4815"}],"wp:attachment":[{"href":"https:\/\/www.usborkeychain.com\/fr\/wp-json\/wp\/v2\/media?parent=4804"}],"wp:term":[{"taxonomy":"product_brand","embeddable":true,"href":"https:\/\/www.usborkeychain.com\/fr\/wp-json\/wp\/v2\/product_brand?post=4804"},{"taxonomy":"product_cat","embeddable":true,"href":"https:\/\/www.usborkeychain.com\/fr\/wp-json\/wp\/v2\/product_cat?post=4804"},{"taxonomy":"product_tag","embeddable":true,"href":"https:\/\/www.usborkeychain.com\/fr\/wp-json\/wp\/v2\/product_tag?post=4804"}],"curies":[{"name":"wp","href":"https:\/\/api.w.org\/{rel}","templated":true}]}}