{"id":4830,"date":"2025-07-27T10:17:32","date_gmt":"2025-07-27T10:17:32","guid":{"rendered":"https:\/\/www.usborkeychain.com\/?post_type=product&#038;p=4830"},"modified":"2025-07-27T10:17:35","modified_gmt":"2025-07-27T10:17:35","slug":"slim-usb-wristband-and-bracelet-flash-drives","status":"publish","type":"product","link":"https:\/\/www.usborkeychain.com\/fr\/produit\/slim-usb-wristband-and-bracelet-flash-drives\/","title":{"rendered":"Bracelets et cl\u00e9s USB minces"},"content":{"rendered":"<p>Les cl\u00e9s USB \u00e0 bracelet ressemblent \u00e0 s'y m\u00e9prendre \u00e0 des bracelets de sensibilisation \u00e0 une cause. Les \u00e9coles et les universit\u00e9s, les entreprises de voyages d'aventure, de tyrolienne et de loisirs utilisent les bracelets pour partager les photos et les souvenirs de leurs clients.<\/p>\n\n\n\n<div class=\"wp-block-columns is-layout-flex wp-container-core-columns-is-layout-28f84493 wp-block-columns-is-layout-flex\">\n<div class=\"wp-block-column is-layout-flow wp-block-column-is-layout-flow\">\n<figure class=\"wp-block-image size-full\"><img fetchpriority=\"high\" decoding=\"async\" width=\"800\" height=\"800\" src=\"https:\/\/www.usborkeychain.com\/wp-content\/uploads\/Custom-Usb-Slap-Wrap-Wristbands.jpg\" alt=\"Custom Usb Slap Wrap Wristbands\" class=\"wp-image-4834\" srcset=\"https:\/\/www.usborkeychain.com\/wp-content\/uploads\/Custom-Usb-Slap-Wrap-Wristbands.jpg 800w, https:\/\/www.usborkeychain.com\/wp-content\/uploads\/Custom-Usb-Slap-Wrap-Wristbands-300x300.jpg 300w, https:\/\/www.usborkeychain.com\/wp-content\/uploads\/Custom-Usb-Slap-Wrap-Wristbands-150x150.jpg 150w, https:\/\/www.usborkeychain.com\/wp-content\/uploads\/Custom-Usb-Slap-Wrap-Wristbands-768x768.jpg 768w, https:\/\/www.usborkeychain.com\/wp-content\/uploads\/Custom-Usb-Slap-Wrap-Wristbands-12x12.jpg 12w, https:\/\/www.usborkeychain.com\/wp-content\/uploads\/Custom-Usb-Slap-Wrap-Wristbands-600x600.jpg 600w, https:\/\/www.usborkeychain.com\/wp-content\/uploads\/Custom-Usb-Slap-Wrap-Wristbands-100x100.jpg 100w\" sizes=\"(max-width: 800px) 100vw, 800px\" \/><\/figure>\n<\/div>\n\n\n\n<div class=\"wp-block-column is-vertically-aligned-center is-layout-flow wp-block-column-is-layout-flow\">\n<p>Cette cl\u00e9 USB \u00e0 bracelet fin pr\u00e9sente un design int\u00e9gr\u00e9 qui allie simplicit\u00e9 et commodit\u00e9. Fabriqu\u00e9 en silicone souple, le bracelet est l\u00e9ger, agr\u00e9able \u00e0 porter et r\u00e9sistant \u00e0 la d\u00e9formation. Il est parfait pour un usage quotidien.<\/p>\n\n\n\n<p> Le connecteur USB est astucieusement dissimul\u00e9 dans le fermoir et prend en charge les normes USB 2.0 et 3.0, compatibles avec les syst\u00e8mes Windows, macOS et Linux.<\/p>\n\n\n\n<p><\/p>\n<\/div>\n<\/div>\n\n\n\n<p>Le design g\u00e9n\u00e9ral est \u00e9l\u00e9gant et moderne, avec des contours lisses et une palette de couleurs audacieuse. La bande ext\u00e9rieure est principalement noire, accentu\u00e9e par une doublure int\u00e9rieure rouge frappante, cr\u00e9ant un contraste vif qui ajoute une touche sportive et technologique. C'est un accessoire qui attire l'attention, id\u00e9al pour les promotions et les \u00e9v\u00e9nements destin\u00e9s aux jeunes, ou pour un usage occasionnel.<\/p>\n\n\n\n<div class=\"wp-block-columns is-layout-flex wp-container-core-columns-is-layout-9c22b1e3 wp-block-columns-is-layout-flex\">\n<div class=\"wp-block-column is-layout-flow wp-block-column-is-layout-flow\">\n<figure class=\"wp-block-image size-full\"><img decoding=\"async\" width=\"800\" height=\"800\" src=\"https:\/\/www.usborkeychain.com\/wp-content\/uploads\/Wristband-USB-drives-look-just-like-cause-awareness-bracelets.jpg\" alt=\"Wristband USB drives look just like cause awareness bracelets\" class=\"wp-image-4838\" srcset=\"https:\/\/www.usborkeychain.com\/wp-content\/uploads\/Wristband-USB-drives-look-just-like-cause-awareness-bracelets.jpg 800w, https:\/\/www.usborkeychain.com\/wp-content\/uploads\/Wristband-USB-drives-look-just-like-cause-awareness-bracelets-300x300.jpg 300w, https:\/\/www.usborkeychain.com\/wp-content\/uploads\/Wristband-USB-drives-look-just-like-cause-awareness-bracelets-150x150.jpg 150w, https:\/\/www.usborkeychain.com\/wp-content\/uploads\/Wristband-USB-drives-look-just-like-cause-awareness-bracelets-768x768.jpg 768w, https:\/\/www.usborkeychain.com\/wp-content\/uploads\/Wristband-USB-drives-look-just-like-cause-awareness-bracelets-12x12.jpg 12w, https:\/\/www.usborkeychain.com\/wp-content\/uploads\/Wristband-USB-drives-look-just-like-cause-awareness-bracelets-600x600.jpg 600w, https:\/\/www.usborkeychain.com\/wp-content\/uploads\/Wristband-USB-drives-look-just-like-cause-awareness-bracelets-100x100.jpg 100w\" sizes=\"(max-width: 800px) 100vw, 800px\" \/><\/figure>\n<\/div>\n\n\n\n<div class=\"wp-block-column is-layout-flow wp-block-column-is-layout-flow\">\n<figure class=\"wp-block-image size-full\"><img decoding=\"async\" width=\"800\" height=\"800\" src=\"https:\/\/www.usborkeychain.com\/wp-content\/uploads\/Wristband-USB-Drive-PVC-bracelet-style-USB-flash-drive.jpg\" alt=\"Wristband USB Drive - PVC bracelet style USB flash drive.\" class=\"wp-image-4837\" srcset=\"https:\/\/www.usborkeychain.com\/wp-content\/uploads\/Wristband-USB-Drive-PVC-bracelet-style-USB-flash-drive.jpg 800w, https:\/\/www.usborkeychain.com\/wp-content\/uploads\/Wristband-USB-Drive-PVC-bracelet-style-USB-flash-drive-300x300.jpg 300w, https:\/\/www.usborkeychain.com\/wp-content\/uploads\/Wristband-USB-Drive-PVC-bracelet-style-USB-flash-drive-150x150.jpg 150w, https:\/\/www.usborkeychain.com\/wp-content\/uploads\/Wristband-USB-Drive-PVC-bracelet-style-USB-flash-drive-768x768.jpg 768w, https:\/\/www.usborkeychain.com\/wp-content\/uploads\/Wristband-USB-Drive-PVC-bracelet-style-USB-flash-drive-12x12.jpg 12w, https:\/\/www.usborkeychain.com\/wp-content\/uploads\/Wristband-USB-Drive-PVC-bracelet-style-USB-flash-drive-600x600.jpg 600w, https:\/\/www.usborkeychain.com\/wp-content\/uploads\/Wristband-USB-Drive-PVC-bracelet-style-USB-flash-drive-100x100.jpg 100w\" sizes=\"(max-width: 800px) 100vw, 800px\" \/><\/figure>\n<\/div>\n\n\n\n<div class=\"wp-block-column is-layout-flow wp-block-column-is-layout-flow\">\n<figure class=\"wp-block-image size-full\"><img loading=\"lazy\" decoding=\"async\" width=\"800\" height=\"800\" src=\"https:\/\/www.usborkeychain.com\/wp-content\/uploads\/Silicone-USB-Flash-Drive-Wristband-Bracelet.jpg\" alt=\"Silicone USB Flash Drive Wristband Bracelet\" class=\"wp-image-4836\" srcset=\"https:\/\/www.usborkeychain.com\/wp-content\/uploads\/Silicone-USB-Flash-Drive-Wristband-Bracelet.jpg 800w, https:\/\/www.usborkeychain.com\/wp-content\/uploads\/Silicone-USB-Flash-Drive-Wristband-Bracelet-300x300.jpg 300w, https:\/\/www.usborkeychain.com\/wp-content\/uploads\/Silicone-USB-Flash-Drive-Wristband-Bracelet-150x150.jpg 150w, https:\/\/www.usborkeychain.com\/wp-content\/uploads\/Silicone-USB-Flash-Drive-Wristband-Bracelet-768x768.jpg 768w, https:\/\/www.usborkeychain.com\/wp-content\/uploads\/Silicone-USB-Flash-Drive-Wristband-Bracelet-12x12.jpg 12w, https:\/\/www.usborkeychain.com\/wp-content\/uploads\/Silicone-USB-Flash-Drive-Wristband-Bracelet-600x600.jpg 600w, https:\/\/www.usborkeychain.com\/wp-content\/uploads\/Silicone-USB-Flash-Drive-Wristband-Bracelet-100x100.jpg 100w\" sizes=\"(max-width: 800px) 100vw, 800px\" \/><\/figure>\n<\/div>\n<\/div>\n\n\n\n<h2 class=\"wp-block-heading\">Quelles sont les capacit\u00e9s disponibles pour les cl\u00e9s USB ?<\/h2>\n\n\n\n<p>Les capacit\u00e9s varient l\u00e9g\u00e8rement selon le mod\u00e8le, mais nous avons des options USB 2.0 en 128MB, 256MB, 512MB, 1GB, 2GB, 4GB, 8GB, 16GB, 32GB, 64GB, et des options USB 3.0 en 8GB, 16GB, 32GB, 64GB, 128GB.Id\u00e9al pour les \u00e9v\u00e9nements promotionnels, les cadeaux d'entreprise, ou comme accessoire technologique \u00e0 la mode, le bracelet USB Lizzard offre une fa\u00e7on unique de mettre en valeur votre logo, votre site web ou votre slogan de marque.<\/p>\n\n\n\n<p><\/p>","protected":false},"excerpt":{"rendered":"<ul>\n<li>Bracelet USB<\/li>\n<li>Bracelet Flash Drives<\/li>\n<li>Style \u00e9lanc\u00e9<\/li>\n<li>Couleur bleue et rouge<\/li>\n<li>Moule \u00e0 logo personnalis\u00e9<\/li>\n<\/ul>","protected":false},"featured_media":4834,"comment_status":"open","ping_status":"closed","template":"","meta":{"_seopress_robots_primary_cat":"","_seopress_titles_title":"","_seopress_titles_desc":"","_seopress_robots_index":"","site-sidebar-layout":"default","site-content-layout":"","ast-site-content-layout":"","site-content-style":"default","site-sidebar-style":"default","ast-global-header-display":"","ast-banner-title-visibility":"","ast-main-header-display":"","ast-hfb-above-header-display":"","ast-hfb-below-header-display":"","ast-hfb-mobile-header-display":"","site-post-title":"","ast-breadcrumbs-content":"","ast-featured-img":"","footer-sml-layout":"","theme-transparent-header-meta":"","adv-header-id-meta":"","stick-header-meta":"","header-above-stick-meta":"","header-main-stick-meta":"","header-below-stick-meta":"","astra-migrate-meta-layouts":"default","ast-page-background-enabled":"default","ast-page-background-meta":{"desktop":{"background-color":"var(--ast-global-color-5)","background-image":"","background-repeat":"repeat","background-position":"center center","background-size":"auto","background-attachment":"scroll","background-type":"","background-media":"","overlay-type":"","overlay-color":"","overlay-opacity":"","overlay-gradient":""},"tablet":{"background-color":"","background-image":"","background-repeat":"repeat","background-position":"center center","background-size":"auto","background-attachment":"scroll","background-type":"","background-media":"","overlay-type":"","overlay-color":"","overlay-opacity":"","overlay-gradient":""},"mobile":{"background-color":"","background-image":"","background-repeat":"repeat","background-position":"center center","background-size":"auto","background-attachment":"scroll","background-type":"","background-media":"","overlay-type":"","overlay-color":"","overlay-opacity":"","overlay-gradient":""}},"ast-content-background-meta":{"desktop":{"background-color":"var(--ast-global-color-4)","background-image":"","background-repeat":"repeat","background-position":"center center","background-size":"auto","background-attachment":"scroll","background-type":"","background-media":"","overlay-type":"","overlay-color":"","overlay-opacity":"","overlay-gradient":""},"tablet":{"background-color":"var(--ast-global-color-4)","background-image":"","background-repeat":"repeat","background-position":"center center","background-size":"auto","background-attachment":"scroll","background-type":"","background-media":"","overlay-type":"","overlay-color":"","overlay-opacity":"","overlay-gradient":""},"mobile":{"background-color":"var(--ast-global-color-4)","background-image":"","background-repeat":"repeat","background-position":"center center","background-size":"auto","background-attachment":"scroll","background-type":"","background-media":"","overlay-type":"","overlay-color":"","overlay-opacity":"","overlay-gradient":""}}},"product_brand":[],"product_cat":[97],"product_tag":[],"class_list":{"0":"post-4830","1":"product","2":"type-product","3":"status-publish","4":"has-post-thumbnail","6":"product_cat-wristband-usb-drives","7":"desktop-align-left","8":"tablet-align-left","9":"mobile-align-left","11":"first","12":"instock","13":"shipping-taxable","14":"product-type-simple"},"_links":{"self":[{"href":"https:\/\/www.usborkeychain.com\/fr\/wp-json\/wp\/v2\/product\/4830","targetHints":{"allow":["GET"]}}],"collection":[{"href":"https:\/\/www.usborkeychain.com\/fr\/wp-json\/wp\/v2\/product"}],"about":[{"href":"https:\/\/www.usborkeychain.com\/fr\/wp-json\/wp\/v2\/types\/product"}],"replies":[{"embeddable":true,"href":"https:\/\/www.usborkeychain.com\/fr\/wp-json\/wp\/v2\/comments?post=4830"}],"wp:featuredmedia":[{"embeddable":true,"href":"https:\/\/www.usborkeychain.com\/fr\/wp-json\/wp\/v2\/media\/4834"}],"wp:attachment":[{"href":"https:\/\/www.usborkeychain.com\/fr\/wp-json\/wp\/v2\/media?parent=4830"}],"wp:term":[{"taxonomy":"product_brand","embeddable":true,"href":"https:\/\/www.usborkeychain.com\/fr\/wp-json\/wp\/v2\/product_brand?post=4830"},{"taxonomy":"product_cat","embeddable":true,"href":"https:\/\/www.usborkeychain.com\/fr\/wp-json\/wp\/v2\/product_cat?post=4830"},{"taxonomy":"product_tag","embeddable":true,"href":"https:\/\/www.usborkeychain.com\/fr\/wp-json\/wp\/v2\/product_tag?post=4830"}],"curies":[{"name":"wp","href":"https:\/\/api.w.org\/{rel}","templated":true}]}}