{"id":4839,"date":"2025-07-28T03:28:21","date_gmt":"2025-07-28T03:28:21","guid":{"rendered":"https:\/\/www.usborkeychain.com\/?post_type=product&#038;p=4839"},"modified":"2025-08-14T12:10:40","modified_gmt":"2025-08-14T12:10:40","slug":"metal-buckle-usb-flash-drive","status":"publish","type":"product","link":"https:\/\/www.usborkeychain.com\/fr\/produit\/metal-buckle-usb-flash-drive\/","title":{"rendered":"Cl\u00e9 USB \u00e0 boucle m\u00e9tallique"},"content":{"rendered":"<div class=\"wp-block-columns is-layout-flex wp-container-core-columns-is-layout-28f84493 wp-block-columns-is-layout-flex\">\n<div class=\"wp-block-column is-vertically-aligned-center is-layout-flow wp-block-column-is-layout-flow\">\n<p>Le <strong>Cl\u00e9 USB \u00e0 boucle m\u00e9tallique<\/strong> est dot\u00e9e d'un crochet enti\u00e8rement m\u00e9tallique qui permet de l'attacher directement \u00e0 une ceinture, \u00e0 un porte-cl\u00e9s ou \u00e0 un sac, afin de garder la cl\u00e9 USB \u00e0 port\u00e9e de main \u00e0 tout moment.<\/p>\n\n\n\n<p>Elle est fabriqu\u00e9e \u00e0 partir de mat\u00e9riaux enti\u00e8rement m\u00e9talliques de haute qualit\u00e9, ce qui lui conf\u00e8re une grande souplesse d'utilisation. <strong>Cl\u00e9 USB<\/strong> avec une excellente durabilit\u00e9. La structure m\u00e9tallique offre une forte r\u00e9sistance aux chocs physiques. Contrairement aux cl\u00e9s USB en plastique, elle ne se cassera pas facilement, m\u00eame en cas de chute ou de choc accidentel lors d'une utilisation quotidienne, prot\u00e9geant ainsi efficacement la puce de stockage interne. De plus, la surface m\u00e9tallique n'est pas sujette aux rayures. M\u00eame si elle frotte contre des cl\u00e9s, des pi\u00e8ces de monnaie et d'autres objets dans les poches ou les sacs pendant une longue p\u00e9riode, elle peut conserver une texture neuve.<\/p>\n<\/div>\n\n\n\n<div class=\"wp-block-column is-vertically-aligned-center is-layout-flow wp-block-column-is-layout-flow\">\n<figure class=\"wp-block-image size-full\"><img alt=\"\" fetchpriority=\"high\" decoding=\"async\" width=\"800\" height=\"800\" src=\"https:\/\/www.usborkeychain.com\/wp-content\/uploads\/Rugged-Metal-Clasp-USB-Flash-Drive.png\" class=\"wp-image-4846\" srcset=\"https:\/\/www.usborkeychain.com\/wp-content\/uploads\/Rugged-Metal-Clasp-USB-Flash-Drive.png 800w, https:\/\/www.usborkeychain.com\/wp-content\/uploads\/Rugged-Metal-Clasp-USB-Flash-Drive-300x300.png 300w, https:\/\/www.usborkeychain.com\/wp-content\/uploads\/Rugged-Metal-Clasp-USB-Flash-Drive-150x150.png 150w, https:\/\/www.usborkeychain.com\/wp-content\/uploads\/Rugged-Metal-Clasp-USB-Flash-Drive-768x768.png 768w, https:\/\/www.usborkeychain.com\/wp-content\/uploads\/Rugged-Metal-Clasp-USB-Flash-Drive-12x12.png 12w, https:\/\/www.usborkeychain.com\/wp-content\/uploads\/Rugged-Metal-Clasp-USB-Flash-Drive-600x600.png 600w, https:\/\/www.usborkeychain.com\/wp-content\/uploads\/Rugged-Metal-Clasp-USB-Flash-Drive-100x100.png 100w\" sizes=\"(max-width: 800px) 100vw, 800px\" \/><\/figure>\n<\/div>\n<\/div>\n\n\n\n<h2 class=\"wp-block-heading\">Param\u00e8tres de la cl\u00e9 USB<\/h2>\n\n\n\n<figure class=\"wp-block-table\"><table class=\"has-fixed-layout\"><thead><tr><th>Cat\u00e9gorie de param\u00e8tres<\/th><th>Informations d\u00e9taill\u00e9es<\/th><\/tr><\/thead><tbody><tr><td>Capacit\u00e9 de stockage<\/td><td>8GB, 16GB, 32GB, 64GB, 128GB, 256GB<\/td><\/tr><tr><td>Type d'interface<\/td><td>USB 2.0, USB 3.0, USB 3.1<\/td><\/tr><tr><td>Dimensions (Longueur \u00d7 Largeur \u00d7 Hauteur)<\/td><td>Longueur : 50 - 60mm, Largeur : 15 - 20mm, Hauteur : 8 - 12mm<\/td><\/tr><tr><td>Poids<\/td><td>15 - 25g<\/td><\/tr><\/tbody><\/table><\/figure>\n\n\n\n<h2 class=\"wp-block-heading\">Impression du logo sur la cl\u00e9 USB \u00e0 boucle m\u00e9tallique<\/h2>\n\n\n\n<div class=\"wp-block-columns is-layout-flex wp-container-core-columns-is-layout-28f84493 wp-block-columns-is-layout-flex\">\n<div class=\"wp-block-column is-vertically-aligned-center is-layout-flow wp-block-column-is-layout-flow\">\n<figure class=\"wp-block-image size-full\"><img alt=\"\" decoding=\"async\" width=\"800\" height=\"800\" src=\"https:\/\/www.usborkeychain.com\/wp-content\/uploads\/Tough-Metal-Clip-USB-Flash-Drive.png\" class=\"wp-image-4847\" srcset=\"https:\/\/www.usborkeychain.com\/wp-content\/uploads\/Tough-Metal-Clip-USB-Flash-Drive.png 800w, https:\/\/www.usborkeychain.com\/wp-content\/uploads\/Tough-Metal-Clip-USB-Flash-Drive-300x300.png 300w, https:\/\/www.usborkeychain.com\/wp-content\/uploads\/Tough-Metal-Clip-USB-Flash-Drive-150x150.png 150w, https:\/\/www.usborkeychain.com\/wp-content\/uploads\/Tough-Metal-Clip-USB-Flash-Drive-768x768.png 768w, https:\/\/www.usborkeychain.com\/wp-content\/uploads\/Tough-Metal-Clip-USB-Flash-Drive-12x12.png 12w, https:\/\/www.usborkeychain.com\/wp-content\/uploads\/Tough-Metal-Clip-USB-Flash-Drive-600x600.png 600w, https:\/\/www.usborkeychain.com\/wp-content\/uploads\/Tough-Metal-Clip-USB-Flash-Drive-100x100.png 100w\" sizes=\"(max-width: 800px) 100vw, 800px\" \/><\/figure>\n<\/div>\n\n\n\n<div class=\"wp-block-column is-vertically-aligned-center is-layout-flow wp-block-column-is-layout-flow\">\n<p>L'impression de logos est possible et peut \u00eatre appliqu\u00e9e \u00e0 :<\/p>\n\n\n\n<ul class=\"wp-block-list\">\n<li>La surface du corps de la cl\u00e9 USB : La zone plate du corps est un emplacement id\u00e9al pour l'impression. Avec une surface relativement grande et lisse, elle convient \u00e0 la pr\u00e9sentation de logos de marque, de slogans promotionnels ou d'informations sur les produits.<\/li>\n\n\n\n<li>La zone de crochet en m\u00e9tal : Bien que la zone du crochet soit petite, elle peut \u00e9galement \u00eatre utilis\u00e9e. Il est possible d'y imprimer de simples logos, les initiales de la marque, etc. Lorsque la cl\u00e9 USB est accroch\u00e9e \u00e0 un objet, les \u00e9l\u00e9ments de la marque sur le crochet peuvent renforcer l'impression que les autres ont de la marque.<\/li>\n<\/ul>\n<\/div>\n<\/div>\n\n\n\n<h2 class=\"wp-block-heading\">Quelles entreprises peuvent l'utiliser comme souvenir d'\u00e9v\u00e9nement ?<\/h2>\n\n\n\n<div class=\"wp-block-columns is-layout-flex wp-container-core-columns-is-layout-28f84493 wp-block-columns-is-layout-flex\">\n<div class=\"wp-block-column is-vertically-aligned-center is-layout-flow wp-block-column-is-layout-flow\">\n<ul class=\"wp-block-list\">\n<li><strong>Entreprises du secteur de l'alimentation, des boissons et du commerce de d\u00e9tail<\/strong>: Lorsque des start-ups technologiques organisent des \u00e9v\u00e9nements de lancement de nouveaux produits, elles peuvent utiliser la cl\u00e9 USB comme souvenir pour les participants.<\/li>\n\n\n\n<li><strong>Fabricants d'automobiles<\/strong>: La cl\u00e9 USB \u00e0 boucle m\u00e9tallique constitue un excellent cadeau d'accompagnement lors des tests de conduite et des conf\u00e9rences de lancement de nouvelles voitures.<\/li>\n\n\n\n<li><strong>Banques et soci\u00e9t\u00e9s de gestion financi\u00e8re<\/strong>: Lors de la promotion de nouveaux comptes ou produits financiers, ils peuvent pr\u00e9senter la cl\u00e9 USB \u00e0 boucle m\u00e9tallique aux clients.<\/li>\n<\/ul>\n<\/div>\n\n\n\n<div class=\"wp-block-column is-vertically-aligned-center is-layout-flow wp-block-column-is-layout-flow\">\n<figure class=\"wp-block-image size-full\"><img alt=\"\" decoding=\"async\" width=\"800\" height=\"800\" src=\"https:\/\/www.usborkeychain.com\/wp-content\/uploads\/Classic-Metal-Hook-USB-Flash-Drive.png\" class=\"wp-image-4842\" srcset=\"https:\/\/www.usborkeychain.com\/wp-content\/uploads\/Classic-Metal-Hook-USB-Flash-Drive.png 800w, https:\/\/www.usborkeychain.com\/wp-content\/uploads\/Classic-Metal-Hook-USB-Flash-Drive-300x300.png 300w, https:\/\/www.usborkeychain.com\/wp-content\/uploads\/Classic-Metal-Hook-USB-Flash-Drive-150x150.png 150w, https:\/\/www.usborkeychain.com\/wp-content\/uploads\/Classic-Metal-Hook-USB-Flash-Drive-768x768.png 768w, https:\/\/www.usborkeychain.com\/wp-content\/uploads\/Classic-Metal-Hook-USB-Flash-Drive-12x12.png 12w, https:\/\/www.usborkeychain.com\/wp-content\/uploads\/Classic-Metal-Hook-USB-Flash-Drive-600x600.png 600w, https:\/\/www.usborkeychain.com\/wp-content\/uploads\/Classic-Metal-Hook-USB-Flash-Drive-100x100.png 100w\" sizes=\"(max-width: 800px) 100vw, 800px\" \/><\/figure>\n<\/div>\n<\/div>\n\n\n\n<h2 class=\"wp-block-heading\">La personnalisation de couleurs sp\u00e9ciales est-elle possible ?<\/h2>\n\n\n\n<div class=\"wp-block-columns is-layout-flex wp-container-core-columns-is-layout-28f84493 wp-block-columns-is-layout-flex\">\n<div class=\"wp-block-column is-vertically-aligned-center is-layout-flow wp-block-column-is-layout-flow\">\n<figure class=\"wp-block-image size-full\"><img alt=\"\" loading=\"lazy\" decoding=\"async\" width=\"800\" height=\"800\" src=\"https:\/\/www.usborkeychain.com\/wp-content\/uploads\/Metal-Hook-Durable-USB-Flash-Drive.png\" class=\"wp-image-4843\" srcset=\"https:\/\/www.usborkeychain.com\/wp-content\/uploads\/Metal-Hook-Durable-USB-Flash-Drive.png 800w, https:\/\/www.usborkeychain.com\/wp-content\/uploads\/Metal-Hook-Durable-USB-Flash-Drive-300x300.png 300w, https:\/\/www.usborkeychain.com\/wp-content\/uploads\/Metal-Hook-Durable-USB-Flash-Drive-150x150.png 150w, https:\/\/www.usborkeychain.com\/wp-content\/uploads\/Metal-Hook-Durable-USB-Flash-Drive-768x768.png 768w, https:\/\/www.usborkeychain.com\/wp-content\/uploads\/Metal-Hook-Durable-USB-Flash-Drive-12x12.png 12w, https:\/\/www.usborkeychain.com\/wp-content\/uploads\/Metal-Hook-Durable-USB-Flash-Drive-600x600.png 600w, https:\/\/www.usborkeychain.com\/wp-content\/uploads\/Metal-Hook-Durable-USB-Flash-Drive-100x100.png 100w\" sizes=\"(max-width: 800px) 100vw, 800px\" \/><\/figure>\n<\/div>\n\n\n\n<div class=\"wp-block-column is-vertically-aligned-center is-layout-flow wp-block-column-is-layout-flow\">\n<p>Le pr\u00e9sent <strong>Cl\u00e9 USB<\/strong> prend en charge la personnalisation des couleurs sp\u00e9ciales. Outre les couleurs classiques pr\u00e9sent\u00e9es dans les images (comme l'argent), les entreprises peuvent choisir librement les couleurs de leur marque. <\/p>\n\n\n\n<p>Les marques de mode peuvent opter pour le rose fluo ou le bleu \u00e9lectrique pour souligner la tendance, tandis que les industries traditionnelles (telles que les cabinets d'avocats) peuvent choisir le noir ou l'argent fonc\u00e9 pour maintenir une image professionnelle, ce qui permet \u00e0 la cl\u00e9 USB d'\u00eatre profond\u00e9ment int\u00e9gr\u00e9e \u00e0 la marque en termes d'apparence.<\/p>\n<\/div>\n<\/div>\n\n\n\n<div class=\"wp-block-columns is-layout-flex wp-container-core-columns-is-layout-28f84493 wp-block-columns-is-layout-flex\">\n<div class=\"wp-block-column is-vertically-aligned-center is-layout-flow wp-block-column-is-layout-flow\">\n<p>Le <strong>Cl\u00e9 USB \u00e0 boucle m\u00e9tallique<\/strong> combine un design pratique, des mat\u00e9riaux durables et des avantages en termes de personnalisation. Le crochet et le corps enti\u00e8rement m\u00e9talliques garantissent la portabilit\u00e9 et la durabilit\u00e9. <\/p>\n\n\n\n<p>Les nombreux param\u00e8tres permettent de r\u00e9pondre \u00e0 divers besoins de stockage. Gr\u00e2ce \u00e0 l'impression de logos multi-positions et \u00e0 la personnalisation des couleurs, il constitue un excellent choix pour les cadeaux d'entreprise et les souvenirs d'\u00e9v\u00e9nements. <\/p>\n\n\n\n<p>Qu'il soit utilis\u00e9 pour la promotion d'une marque, l'appr\u00e9ciation d'un client ou la diffusion d'un contenu exclusif, il est le premier choix en mati\u00e8re de cadeaux.<\/p>\n<\/div>\n\n\n\n<div class=\"wp-block-column is-vertically-aligned-center is-layout-flow wp-block-column-is-layout-flow\">\n<figure class=\"wp-block-image size-full\"><img alt=\"\" loading=\"lazy\" decoding=\"async\" width=\"800\" height=\"800\" src=\"https:\/\/www.usborkeychain.com\/wp-content\/uploads\/Portable-Metal-Hook-USB-Flash-Drive.png\" class=\"wp-image-4844\" srcset=\"https:\/\/www.usborkeychain.com\/wp-content\/uploads\/Portable-Metal-Hook-USB-Flash-Drive.png 800w, https:\/\/www.usborkeychain.com\/wp-content\/uploads\/Portable-Metal-Hook-USB-Flash-Drive-300x300.png 300w, https:\/\/www.usborkeychain.com\/wp-content\/uploads\/Portable-Metal-Hook-USB-Flash-Drive-150x150.png 150w, https:\/\/www.usborkeychain.com\/wp-content\/uploads\/Portable-Metal-Hook-USB-Flash-Drive-768x768.png 768w, https:\/\/www.usborkeychain.com\/wp-content\/uploads\/Portable-Metal-Hook-USB-Flash-Drive-12x12.png 12w, https:\/\/www.usborkeychain.com\/wp-content\/uploads\/Portable-Metal-Hook-USB-Flash-Drive-600x600.png 600w, https:\/\/www.usborkeychain.com\/wp-content\/uploads\/Portable-Metal-Hook-USB-Flash-Drive-100x100.png 100w\" sizes=\"(max-width: 800px) 100vw, 800px\" \/><\/figure>\n<\/div>\n<\/div>","protected":false},"excerpt":{"rendered":"<ul>\n<li>Mat\u00e9riau m\u00e9tallique<\/li>\n<li>Impression de logos<\/li>\n<li>Personnalisation des couleurs<\/li>\n<li>Porte-cl\u00e9s<\/li>\n<li>MOQ:100PCS<\/li>\n<\/ul>","protected":false},"featured_media":4845,"comment_status":"open","ping_status":"closed","template":"","meta":{"_seopress_robots_primary_cat":"","_seopress_titles_title":"","_seopress_titles_desc":"","_seopress_robots_index":"","site-sidebar-layout":"default","site-content-layout":"","ast-site-content-layout":"","site-content-style":"default","site-sidebar-style":"default","ast-global-header-display":"","ast-banner-title-visibility":"","ast-main-header-display":"","ast-hfb-above-header-display":"","ast-hfb-below-header-display":"","ast-hfb-mobile-header-display":"","site-post-title":"","ast-breadcrumbs-content":"","ast-featured-img":"","footer-sml-layout":"","theme-transparent-header-meta":"","adv-header-id-meta":"","stick-header-meta":"","header-above-stick-meta":"","header-main-stick-meta":"","header-below-stick-meta":"","astra-migrate-meta-layouts":"default","ast-page-background-enabled":"default","ast-page-background-meta":{"desktop":{"background-color":"var(--ast-global-color-5)","background-image":"","background-repeat":"repeat","background-position":"center center","background-size":"auto","background-attachment":"scroll","background-type":"","background-media":"","overlay-type":"","overlay-color":"","overlay-opacity":"","overlay-gradient":""},"tablet":{"background-color":"","background-image":"","background-repeat":"repeat","background-position":"center center","background-size":"auto","background-attachment":"scroll","background-type":"","background-media":"","overlay-type":"","overlay-color":"","overlay-opacity":"","overlay-gradient":""},"mobile":{"background-color":"","background-image":"","background-repeat":"repeat","background-position":"center center","background-size":"auto","background-attachment":"scroll","background-type":"","background-media":"","overlay-type":"","overlay-color":"","overlay-opacity":"","overlay-gradient":""}},"ast-content-background-meta":{"desktop":{"background-color":"var(--ast-global-color-4)","background-image":"","background-repeat":"repeat","background-position":"center center","background-size":"auto","background-attachment":"scroll","background-type":"","background-media":"","overlay-type":"","overlay-color":"","overlay-opacity":"","overlay-gradient":""},"tablet":{"background-color":"var(--ast-global-color-4)","background-image":"","background-repeat":"repeat","background-position":"center center","background-size":"auto","background-attachment":"scroll","background-type":"","background-media":"","overlay-type":"","overlay-color":"","overlay-opacity":"","overlay-gradient":""},"mobile":{"background-color":"var(--ast-global-color-4)","background-image":"","background-repeat":"repeat","background-position":"center center","background-size":"auto","background-attachment":"scroll","background-type":"","background-media":"","overlay-type":"","overlay-color":"","overlay-opacity":"","overlay-gradient":""}}},"product_brand":[],"product_cat":[89],"product_tag":[296,396],"class_list":{"0":"post-4839","1":"product","2":"type-product","3":"status-publish","4":"has-post-thumbnail","6":"product_cat-metal-usb-pendrive","7":"product_tag-metal-buckle-usb-flash-drive","8":"product_tag-stainless-steel-usb-flash-drive","9":"desktop-align-left","10":"tablet-align-left","11":"mobile-align-left","13":"first","14":"instock","15":"shipping-taxable","16":"product-type-simple"},"_links":{"self":[{"href":"https:\/\/www.usborkeychain.com\/fr\/wp-json\/wp\/v2\/product\/4839","targetHints":{"allow":["GET"]}}],"collection":[{"href":"https:\/\/www.usborkeychain.com\/fr\/wp-json\/wp\/v2\/product"}],"about":[{"href":"https:\/\/www.usborkeychain.com\/fr\/wp-json\/wp\/v2\/types\/product"}],"replies":[{"embeddable":true,"href":"https:\/\/www.usborkeychain.com\/fr\/wp-json\/wp\/v2\/comments?post=4839"}],"wp:featuredmedia":[{"embeddable":true,"href":"https:\/\/www.usborkeychain.com\/fr\/wp-json\/wp\/v2\/media\/4845"}],"wp:attachment":[{"href":"https:\/\/www.usborkeychain.com\/fr\/wp-json\/wp\/v2\/media?parent=4839"}],"wp:term":[{"taxonomy":"product_brand","embeddable":true,"href":"https:\/\/www.usborkeychain.com\/fr\/wp-json\/wp\/v2\/product_brand?post=4839"},{"taxonomy":"product_cat","embeddable":true,"href":"https:\/\/www.usborkeychain.com\/fr\/wp-json\/wp\/v2\/product_cat?post=4839"},{"taxonomy":"product_tag","embeddable":true,"href":"https:\/\/www.usborkeychain.com\/fr\/wp-json\/wp\/v2\/product_tag?post=4839"}],"curies":[{"name":"wp","href":"https:\/\/api.w.org\/{rel}","templated":true}]}}