{"id":4848,"date":"2025-07-28T03:56:54","date_gmt":"2025-07-28T03:56:54","guid":{"rendered":"https:\/\/www.usborkeychain.com\/?post_type=product&#038;p=4848"},"modified":"2025-08-14T12:10:30","modified_gmt":"2025-08-14T12:10:30","slug":"metal-pig-shaped-usb-flash-drive","status":"publish","type":"product","link":"https:\/\/www.usborkeychain.com\/fr\/produit\/metal-pig-shaped-usb-flash-drive\/","title":{"rendered":"Cl\u00e9 USB en m\u00e9tal en forme de cochon"},"content":{"rendered":"<div class=\"wp-block-columns is-layout-flex wp-container-core-columns-is-layout-28f84493 wp-block-columns-is-layout-flex\">\n<div class=\"wp-block-column is-vertically-aligned-center is-layout-flow wp-block-column-is-layout-flow\">\n<p>Le <strong>Cl\u00e9 USB en forme de cochon en m\u00e9tal<\/strong> est con\u00e7u \u00e0 partir de l'image adorable d'un cochon. Avec sa t\u00eate potel\u00e9e, son expression souriante et son corps compact, il est incroyablement mignon. Plac\u00e9 sur un bureau comme un petit ornement, il peut imm\u00e9diatement attirer l'attention des gens, en particulier de ceux qui aiment les \u00e9l\u00e9ments mignons sur le th\u00e8me des animaux de compagnie.<\/p>\n\n\n\n<p>Il est fabriqu\u00e9 \u00e0 partir de mat\u00e9riaux de haute qualit\u00e9<strong> mat\u00e9riaux m\u00e9talliques<\/strong>Sa robustesse et sa durabilit\u00e9 sont des avantages remarquables. La texture m\u00e9tallique r\u00e9siste aux chutes et \u00e0 l'abrasion. M\u00eame en cas de chute accidentelle lors d'une utilisation quotidienne, il n'est pas facile d'endommager la puce de stockage interne, ce qui garantit efficacement la s\u00e9curit\u00e9 des donn\u00e9es. <\/p>\n\n\n\n<p>La taille globale de la cl\u00e9 USB est petite, g\u00e9n\u00e9ralement de 3 \u00e0 5 centim\u00e8tres de long, et elle est l\u00e9g\u00e8re. Certains mod\u00e8les sont \u00e9galement dot\u00e9s d'un trou pour cordon, ce qui permet de l'accrocher \u00e0 un porte-cl\u00e9s ou \u00e0 un sac.<\/p>\n<\/div>\n\n\n\n<div class=\"wp-block-column is-vertically-aligned-center is-layout-flow wp-block-column-is-layout-flow\">\n<figure class=\"wp-block-image size-full\"><img alt=\"\" fetchpriority=\"high\" decoding=\"async\" width=\"800\" height=\"800\" src=\"https:\/\/www.usborkeychain.com\/wp-content\/uploads\/Tough-Little-Pig-USB-Flash-Drive.png\" class=\"wp-image-4855\" srcset=\"https:\/\/www.usborkeychain.com\/wp-content\/uploads\/Tough-Little-Pig-USB-Flash-Drive.png 800w, https:\/\/www.usborkeychain.com\/wp-content\/uploads\/Tough-Little-Pig-USB-Flash-Drive-300x300.png 300w, https:\/\/www.usborkeychain.com\/wp-content\/uploads\/Tough-Little-Pig-USB-Flash-Drive-150x150.png 150w, https:\/\/www.usborkeychain.com\/wp-content\/uploads\/Tough-Little-Pig-USB-Flash-Drive-768x768.png 768w, https:\/\/www.usborkeychain.com\/wp-content\/uploads\/Tough-Little-Pig-USB-Flash-Drive-12x12.png 12w, https:\/\/www.usborkeychain.com\/wp-content\/uploads\/Tough-Little-Pig-USB-Flash-Drive-600x600.png 600w, https:\/\/www.usborkeychain.com\/wp-content\/uploads\/Tough-Little-Pig-USB-Flash-Drive-100x100.png 100w\" sizes=\"(max-width: 800px) 100vw, 800px\" \/><\/figure>\n<\/div>\n<\/div>\n\n\n\n<h2 class=\"wp-block-heading\">Param\u00e8tres de la cl\u00e9 USB<\/h2>\n\n\n\n<figure class=\"wp-block-table\"><table class=\"has-fixed-layout\"><thead><tr><th>Cat\u00e9gorie de param\u00e8tres<\/th><th>Informations d\u00e9taill\u00e9es<\/th><\/tr><\/thead><tbody><tr><td>Capacit\u00e9 de stockage<\/td><td>8GB, 16GB, 32GB, 64GB, 128GB<\/td><\/tr><tr><td>Type d'interface<\/td><td>USB 2.0, USB 3.0, USB 3.1<\/td><\/tr><tr><td>Dimensions du produit (longueur \u00d7 largeur \u00d7 hauteur)<\/td><td>Environ 30 - 50mm\u00d720 - 30mm\u00d75 - 10mm<\/td><\/tr><tr><td>Poids<\/td><td>Environ 10 \u00e0 20 g<\/td><\/tr><\/tbody><\/table><\/figure>\n\n\n\n<h2 class=\"wp-block-heading\">Qu'est-ce qui peut \u00eatre personnalis\u00e9 ?<\/h2>\n\n\n\n<div class=\"wp-block-columns is-layout-flex wp-container-core-columns-is-layout-28f84493 wp-block-columns-is-layout-flex\">\n<div class=\"wp-block-column is-vertically-aligned-center is-layout-flow wp-block-column-is-layout-flow\">\n<figure class=\"wp-block-image size-full\"><img alt=\"\" decoding=\"async\" width=\"800\" height=\"800\" src=\"https:\/\/www.usborkeychain.com\/wp-content\/uploads\/Sturdy-Piggy-USB-Flash-Drive.png\" class=\"wp-image-4854\" srcset=\"https:\/\/www.usborkeychain.com\/wp-content\/uploads\/Sturdy-Piggy-USB-Flash-Drive.png 800w, https:\/\/www.usborkeychain.com\/wp-content\/uploads\/Sturdy-Piggy-USB-Flash-Drive-300x300.png 300w, https:\/\/www.usborkeychain.com\/wp-content\/uploads\/Sturdy-Piggy-USB-Flash-Drive-150x150.png 150w, https:\/\/www.usborkeychain.com\/wp-content\/uploads\/Sturdy-Piggy-USB-Flash-Drive-768x768.png 768w, https:\/\/www.usborkeychain.com\/wp-content\/uploads\/Sturdy-Piggy-USB-Flash-Drive-12x12.png 12w, https:\/\/www.usborkeychain.com\/wp-content\/uploads\/Sturdy-Piggy-USB-Flash-Drive-600x600.png 600w, https:\/\/www.usborkeychain.com\/wp-content\/uploads\/Sturdy-Piggy-USB-Flash-Drive-100x100.png 100w\" sizes=\"(max-width: 800px) 100vw, 800px\" \/><\/figure>\n<\/div>\n\n\n\n<div class=\"wp-block-column is-vertically-aligned-center is-layout-flow wp-block-column-is-layout-flow\">\n<h3 class=\"wp-block-heading\">Personnalisation de la forme<\/h3>\n\n\n\n<p>En plus de la conception existante en forme de cochon, la forme peut \u00eatre ajust\u00e9e en fonction des besoins des entreprises. <\/p>\n\n\n\n<h3 class=\"wp-block-heading\">Personnalisation des couleurs<\/h3>\n\n\n\n<p>Diverses options de couleurs sont disponibles, telles que les couleurs primaires classiques du m\u00e9tal (comme l'argent et l'or), ou la personnalisation de la couleur de la marque de l'entreprise. <\/p>\n\n\n\n<h3 class=\"wp-block-heading\">Personnalisation du LOGO<\/h3>\n\n\n\n<p>Elle permet d'imprimer le LOGO de l'entreprise sur la surface de la cl\u00e9 USB. Gr\u00e2ce \u00e0 des proc\u00e9d\u00e9s tels que la gravure au laser et la s\u00e9rigraphie, le logo de la marque peut \u00eatre clairement pr\u00e9sent\u00e9. <\/p>\n<\/div>\n<\/div>\n\n\n\n<h2 class=\"wp-block-heading\">Quelles sont les entreprises qui peuvent l'utiliser ?<\/h2>\n\n\n\n<div class=\"wp-block-columns is-layout-flex wp-container-core-columns-is-layout-28f84493 wp-block-columns-is-layout-flex\">\n<div class=\"wp-block-column is-vertically-aligned-center is-layout-flow wp-block-column-is-layout-flow\">\n<ul class=\"wp-block-list\">\n<li><strong>Marques de maternit\u00e9 et de b\u00e9b\u00e9<\/strong>: Pour les \u00e9v\u00e9nements de promotion de nouveaux produits et les \u00e9v\u00e9nements d'appr\u00e9ciation des membres.<\/li>\n\n\n\n<li><strong>Marques de produits alimentaires et de boissons telles que les marques de restauration rapide et de desserts<\/strong>: Peut \u00eatre utilis\u00e9 pour des activit\u00e9s promotionnelles.<\/li>\n\n\n\n<li><strong>Entreprises culturelles et cr\u00e9atives<\/strong>: Peut \u00eatre associ\u00e9 \u00e0 des p\u00e9riph\u00e9riques culturels et cr\u00e9atifs en guise de cadeau.<\/li>\n\n\n\n<li><strong>Institutions financi\u00e8res<\/strong>: Lors de l'ex\u00e9cution d'activit\u00e9s de maintenance pour le compte du client.<\/li>\n<\/ul>\n<\/div>\n\n\n\n<div class=\"wp-block-column is-vertically-aligned-center is-layout-flow wp-block-column-is-layout-flow\">\n<figure class=\"wp-block-image size-full\"><img alt=\"\" decoding=\"async\" width=\"800\" height=\"800\" src=\"https:\/\/www.usborkeychain.com\/wp-content\/uploads\/Resilient-Piggy-USB-Flash-Drive.png\" class=\"wp-image-4852\" srcset=\"https:\/\/www.usborkeychain.com\/wp-content\/uploads\/Resilient-Piggy-USB-Flash-Drive.png 800w, https:\/\/www.usborkeychain.com\/wp-content\/uploads\/Resilient-Piggy-USB-Flash-Drive-300x300.png 300w, https:\/\/www.usborkeychain.com\/wp-content\/uploads\/Resilient-Piggy-USB-Flash-Drive-150x150.png 150w, https:\/\/www.usborkeychain.com\/wp-content\/uploads\/Resilient-Piggy-USB-Flash-Drive-768x768.png 768w, https:\/\/www.usborkeychain.com\/wp-content\/uploads\/Resilient-Piggy-USB-Flash-Drive-12x12.png 12w, https:\/\/www.usborkeychain.com\/wp-content\/uploads\/Resilient-Piggy-USB-Flash-Drive-600x600.png 600w, https:\/\/www.usborkeychain.com\/wp-content\/uploads\/Resilient-Piggy-USB-Flash-Drive-100x100.png 100w\" sizes=\"(max-width: 800px) 100vw, 800px\" \/><\/figure>\n<\/div>\n<\/div>\n\n\n\n<h2 class=\"wp-block-heading\">Quels sont les avantages ?<\/h2>\n\n\n\n<div class=\"wp-block-columns is-layout-flex wp-container-core-columns-is-layout-28f84493 wp-block-columns-is-layout-flex\">\n<div class=\"wp-block-column is-vertically-aligned-center is-layout-flow wp-block-column-is-layout-flow\">\n<figure class=\"wp-block-image size-full\"><img alt=\"\" loading=\"lazy\" decoding=\"async\" width=\"800\" height=\"800\" src=\"https:\/\/www.usborkeychain.com\/wp-content\/uploads\/Durable-Piggy-USB-Flash-Drive.png\" class=\"wp-image-4851\" srcset=\"https:\/\/www.usborkeychain.com\/wp-content\/uploads\/Durable-Piggy-USB-Flash-Drive.png 800w, https:\/\/www.usborkeychain.com\/wp-content\/uploads\/Durable-Piggy-USB-Flash-Drive-300x300.png 300w, https:\/\/www.usborkeychain.com\/wp-content\/uploads\/Durable-Piggy-USB-Flash-Drive-150x150.png 150w, https:\/\/www.usborkeychain.com\/wp-content\/uploads\/Durable-Piggy-USB-Flash-Drive-768x768.png 768w, https:\/\/www.usborkeychain.com\/wp-content\/uploads\/Durable-Piggy-USB-Flash-Drive-12x12.png 12w, https:\/\/www.usborkeychain.com\/wp-content\/uploads\/Durable-Piggy-USB-Flash-Drive-600x600.png 600w, https:\/\/www.usborkeychain.com\/wp-content\/uploads\/Durable-Piggy-USB-Flash-Drive-100x100.png 100w\" sizes=\"(max-width: 800px) 100vw, 800px\" \/><\/figure>\n<\/div>\n\n\n\n<div class=\"wp-block-column is-vertically-aligned-center is-layout-flow wp-block-column-is-layout-flow\">\n<h3 class=\"wp-block-heading\">Plug - and - Play<\/h3>\n\n\n\n<p> Il suffit de le brancher sur l'interface USB d'appareils tels que les ordinateurs et les t\u00e9l\u00e9phones portables pour qu'il soit rapidement reconnu et utilis\u00e9. Le fonctionnement est simple et pratique, ce qui permet de gagner du temps.<\/p>\n\n\n\n<h3 class=\"wp-block-heading\">Imperm\u00e9able \u00e0 l'eau et \u00e0 la poussi\u00e8re<\/h3>\n\n\n\n<p>Le mat\u00e9riau m\u00e9tallique poss\u00e8de certaines capacit\u00e9s d'\u00e9tanch\u00e9it\u00e9 \u00e0 l'eau et \u00e0 la poussi\u00e8re. S'il est \u00e9clabouss\u00e9 par de l'eau ou expos\u00e9 \u00e0 la poussi\u00e8re lors d'une utilisation quotidienne, tant qu'il est nettoy\u00e9 \u00e0 temps, cela n'affecte g\u00e9n\u00e9ralement pas le fonctionnement normal de la cl\u00e9 USB.<\/p>\n\n\n\n<h3 class=\"wp-block-heading\">S\u00e9curit\u00e9 des donn\u00e9es<\/h3>\n\n\n\n<p>Il utilise une puce de stockage stable, associ\u00e9e \u00e0 la protection physique de la coque m\u00e9tallique des donn\u00e9es, ce qui permet de r\u00e9duire efficacement le risque de perte et de d\u00e9t\u00e9rioration des donn\u00e9es.<\/p>\n<\/div>\n<\/div>\n\n\n\n<div class=\"wp-block-columns is-layout-flex wp-container-core-columns-is-layout-28f84493 wp-block-columns-is-layout-flex\">\n<div class=\"wp-block-column is-vertically-aligned-center is-layout-flow wp-block-column-is-layout-flow\">\n<p>Le <strong>Cl\u00e9 USB en forme de cochon en m\u00e9tal <\/strong>combine parfaitement une apparence mignonne et des performances pratiques. <\/p>\n\n\n\n<p>L'adorable design en forme de cochon, associ\u00e9 \u00e0 un mat\u00e9riau m\u00e9tallique robuste et durable, offre une grande portabilit\u00e9 et divers services de personnalisation, ce qui le rend adapt\u00e9 \u00e0 diverses entreprises telles que les maternit\u00e9s et les b\u00e9b\u00e9s, l'alimentation et les boissons, les industries culturelles et cr\u00e9atives, et les industries financi\u00e8res en tant que cadeaux d'affaires ou cadeaux promotionnels. <\/p>\n\n\n\n<p>En m\u00eame temps, d'excellentes caract\u00e9ristiques telles que le plug-and-play, l'\u00e9tanch\u00e9it\u00e9 \u00e0 l'eau et \u00e0 la poussi\u00e8re et la protection de la s\u00e9curit\u00e9 des donn\u00e9es ne r\u00e9pondent pas seulement aux besoins de stockage, mais offrent \u00e9galement aux utilisateurs une exp\u00e9rience d'utilisation sans souci.<\/p>\n<\/div>\n\n\n\n<div class=\"wp-block-column is-vertically-aligned-center is-layout-flow wp-block-column-is-layout-flow\">\n<figure class=\"wp-block-image size-full\"><img alt=\"\" loading=\"lazy\" decoding=\"async\" width=\"800\" height=\"800\" src=\"https:\/\/www.usborkeychain.com\/wp-content\/uploads\/Robust-Pig-USB-Flash-Drive.png\" class=\"wp-image-4853\" srcset=\"https:\/\/www.usborkeychain.com\/wp-content\/uploads\/Robust-Pig-USB-Flash-Drive.png 800w, https:\/\/www.usborkeychain.com\/wp-content\/uploads\/Robust-Pig-USB-Flash-Drive-300x300.png 300w, https:\/\/www.usborkeychain.com\/wp-content\/uploads\/Robust-Pig-USB-Flash-Drive-150x150.png 150w, https:\/\/www.usborkeychain.com\/wp-content\/uploads\/Robust-Pig-USB-Flash-Drive-768x768.png 768w, https:\/\/www.usborkeychain.com\/wp-content\/uploads\/Robust-Pig-USB-Flash-Drive-12x12.png 12w, https:\/\/www.usborkeychain.com\/wp-content\/uploads\/Robust-Pig-USB-Flash-Drive-600x600.png 600w, https:\/\/www.usborkeychain.com\/wp-content\/uploads\/Robust-Pig-USB-Flash-Drive-100x100.png 100w\" sizes=\"(max-width: 800px) 100vw, 800px\" \/><\/figure>\n<\/div>\n<\/div>","protected":false},"excerpt":{"rendered":"<ul>\n<li>En forme de cochon<\/li>\n<li>Mat\u00e9riaux m\u00e9talliques<\/li>\n<li>Personnalisation de la couleur et du logo<\/li>\n<li>Porte-cl\u00e9s<\/li>\n<li>MOQ:100PCS<\/li>\n<\/ul>","protected":false},"featured_media":4852,"comment_status":"open","ping_status":"closed","template":"","meta":{"_seopress_robots_primary_cat":"","_seopress_titles_title":"","_seopress_titles_desc":"","_seopress_robots_index":"","site-sidebar-layout":"default","site-content-layout":"","ast-site-content-layout":"","site-content-style":"default","site-sidebar-style":"default","ast-global-header-display":"","ast-banner-title-visibility":"","ast-main-header-display":"","ast-hfb-above-header-display":"","ast-hfb-below-header-display":"","ast-hfb-mobile-header-display":"","site-post-title":"","ast-breadcrumbs-content":"","ast-featured-img":"","footer-sml-layout":"","theme-transparent-header-meta":"","adv-header-id-meta":"","stick-header-meta":"","header-above-stick-meta":"","header-main-stick-meta":"","header-below-stick-meta":"","astra-migrate-meta-layouts":"default","ast-page-background-enabled":"default","ast-page-background-meta":{"desktop":{"background-color":"var(--ast-global-color-5)","background-image":"","background-repeat":"repeat","background-position":"center center","background-size":"auto","background-attachment":"scroll","background-type":"","background-media":"","overlay-type":"","overlay-color":"","overlay-opacity":"","overlay-gradient":""},"tablet":{"background-color":"","background-image":"","background-repeat":"repeat","background-position":"center center","background-size":"auto","background-attachment":"scroll","background-type":"","background-media":"","overlay-type":"","overlay-color":"","overlay-opacity":"","overlay-gradient":""},"mobile":{"background-color":"","background-image":"","background-repeat":"repeat","background-position":"center center","background-size":"auto","background-attachment":"scroll","background-type":"","background-media":"","overlay-type":"","overlay-color":"","overlay-opacity":"","overlay-gradient":""}},"ast-content-background-meta":{"desktop":{"background-color":"var(--ast-global-color-4)","background-image":"","background-repeat":"repeat","background-position":"center center","background-size":"auto","background-attachment":"scroll","background-type":"","background-media":"","overlay-type":"","overlay-color":"","overlay-opacity":"","overlay-gradient":""},"tablet":{"background-color":"var(--ast-global-color-4)","background-image":"","background-repeat":"repeat","background-position":"center center","background-size":"auto","background-attachment":"scroll","background-type":"","background-media":"","overlay-type":"","overlay-color":"","overlay-opacity":"","overlay-gradient":""},"mobile":{"background-color":"var(--ast-global-color-4)","background-image":"","background-repeat":"repeat","background-position":"center center","background-size":"auto","background-attachment":"scroll","background-type":"","background-media":"","overlay-type":"","overlay-color":"","overlay-opacity":"","overlay-gradient":""}}},"product_brand":[],"product_cat":[89],"product_tag":[397],"class_list":{"0":"post-4848","1":"product","2":"type-product","3":"status-publish","4":"has-post-thumbnail","6":"product_cat-metal-usb-pendrive","7":"product_tag-zinc-alloy-usb-pen-drive","8":"desktop-align-left","9":"tablet-align-left","10":"mobile-align-left","12":"first","13":"instock","14":"shipping-taxable","15":"product-type-simple"},"_links":{"self":[{"href":"https:\/\/www.usborkeychain.com\/fr\/wp-json\/wp\/v2\/product\/4848","targetHints":{"allow":["GET"]}}],"collection":[{"href":"https:\/\/www.usborkeychain.com\/fr\/wp-json\/wp\/v2\/product"}],"about":[{"href":"https:\/\/www.usborkeychain.com\/fr\/wp-json\/wp\/v2\/types\/product"}],"replies":[{"embeddable":true,"href":"https:\/\/www.usborkeychain.com\/fr\/wp-json\/wp\/v2\/comments?post=4848"}],"wp:featuredmedia":[{"embeddable":true,"href":"https:\/\/www.usborkeychain.com\/fr\/wp-json\/wp\/v2\/media\/4852"}],"wp:attachment":[{"href":"https:\/\/www.usborkeychain.com\/fr\/wp-json\/wp\/v2\/media?parent=4848"}],"wp:term":[{"taxonomy":"product_brand","embeddable":true,"href":"https:\/\/www.usborkeychain.com\/fr\/wp-json\/wp\/v2\/product_brand?post=4848"},{"taxonomy":"product_cat","embeddable":true,"href":"https:\/\/www.usborkeychain.com\/fr\/wp-json\/wp\/v2\/product_cat?post=4848"},{"taxonomy":"product_tag","embeddable":true,"href":"https:\/\/www.usborkeychain.com\/fr\/wp-json\/wp\/v2\/product_tag?post=4848"}],"curies":[{"name":"wp","href":"https:\/\/api.w.org\/{rel}","templated":true}]}}