{"id":4857,"date":"2025-07-28T04:16:49","date_gmt":"2025-07-28T04:16:49","guid":{"rendered":"https:\/\/www.usborkeychain.com\/?post_type=product&#038;p=4857"},"modified":"2025-08-14T12:10:21","modified_gmt":"2025-08-14T12:10:21","slug":"metal-round-rotating-usb-flash-drive","status":"publish","type":"product","link":"https:\/\/www.usborkeychain.com\/fr\/produit\/metal-round-rotating-usb-flash-drive\/","title":{"rendered":"Cl\u00e9 USB rotative ronde en m\u00e9tal"},"content":{"rendered":"<div class=\"wp-block-columns is-layout-flex wp-container-core-columns-is-layout-28f84493 wp-block-columns-is-layout-flex\">\n<div class=\"wp-block-column is-vertically-aligned-center is-layout-flow wp-block-column-is-layout-flow\">\n<p>Le <strong>Cl\u00e9 USB rotative ronde en m\u00e9tal<\/strong> est fabriqu\u00e9 \u00e0 partir de <strong>m\u00e9tal de haute qualit\u00e9<\/strong>Le mat\u00e9riau m\u00e9tallique conf\u00e8re \u00e0 l'appareil des propri\u00e9t\u00e9s physiques telles que la r\u00e9sistance \u00e0 la pression et aux chutes. Le mat\u00e9riau m\u00e9tallique lui conf\u00e8re non seulement des propri\u00e9t\u00e9s physiques telles que la r\u00e9sistance \u00e0 la pression et aux chutes, prot\u00e9geant efficacement la puce de stockage interne et prolongeant sa dur\u00e9e de vie, mais il offre \u00e9galement une surface d\u00e9licate et textur\u00e9e. Gr\u00e2ce \u00e0 un travail artisanal de qualit\u00e9, il pr\u00e9sente un effet visuel haut de gamme et raffin\u00e9, mettant en valeur sa qualit\u00e9.<\/p>\n\n\n\n<p>La caract\u00e9ristique qui attire le plus l'attention est la<strong> Rotation sur 360 degr\u00e9s<\/strong> structure de la t\u00eate de la poign\u00e9e, qui poss\u00e8de une interface USB cach\u00e9e et un style unique.<\/p>\n\n\n\n<p>La cl\u00e9 USB est \u00e9quip\u00e9e d'un trou de serrure, ce qui permet de l'accrocher facilement \u00e0 un porte-cl\u00e9s ou \u00e0 une boucle de sac. Sa l\u00e9g\u00e8ret\u00e9 et sa portabilit\u00e9 permettent \u00e0 l'utilisateur de l'avoir toujours \u00e0 port\u00e9e de main.<\/p>\n<\/div>\n\n\n\n<div class=\"wp-block-column is-vertically-aligned-center is-layout-flow wp-block-column-is-layout-flow\">\n<figure class=\"wp-block-image size-full\"><img alt=\"\" fetchpriority=\"high\" decoding=\"async\" width=\"800\" height=\"800\" src=\"https:\/\/www.usborkeychain.com\/wp-content\/uploads\/Durable-Spin-USB-Flash-Drive.png\" class=\"wp-image-4860\" srcset=\"https:\/\/www.usborkeychain.com\/wp-content\/uploads\/Durable-Spin-USB-Flash-Drive.png 800w, https:\/\/www.usborkeychain.com\/wp-content\/uploads\/Durable-Spin-USB-Flash-Drive-300x300.png 300w, https:\/\/www.usborkeychain.com\/wp-content\/uploads\/Durable-Spin-USB-Flash-Drive-150x150.png 150w, https:\/\/www.usborkeychain.com\/wp-content\/uploads\/Durable-Spin-USB-Flash-Drive-768x768.png 768w, https:\/\/www.usborkeychain.com\/wp-content\/uploads\/Durable-Spin-USB-Flash-Drive-12x12.png 12w, https:\/\/www.usborkeychain.com\/wp-content\/uploads\/Durable-Spin-USB-Flash-Drive-600x600.png 600w, https:\/\/www.usborkeychain.com\/wp-content\/uploads\/Durable-Spin-USB-Flash-Drive-100x100.png 100w\" sizes=\"(max-width: 800px) 100vw, 800px\" \/><\/figure>\n<\/div>\n<\/div>\n\n\n\n<h2 class=\"wp-block-heading\">Param\u00e8tres de la cl\u00e9 USB<\/h2>\n\n\n\n<figure class=\"wp-block-table\"><table class=\"has-fixed-layout\"><thead><tr><th>Cat\u00e9gorie de param\u00e8tres<\/th><th>Informations d\u00e9taill\u00e9es<\/th><\/tr><\/thead><tbody><tr><td>Capacit\u00e9 de stockage<\/td><td>8GB, 16GB, 32GB, 64GB, 128GB<\/td><\/tr><tr><td>Type d'interface<\/td><td>USB 2.0, USB 3.0, USB 3.1<\/td><\/tr><tr><td>Dimensions du produit (longueur \u00d7 largeur \u00d7 hauteur)<\/td><td>60 mm (longueur) \u00d7 18 mm\u00d75 mm<\/td><\/tr><tr><td>Poids<\/td><td>Environ 25 g<\/td><\/tr><\/tbody><\/table><\/figure>\n\n\n\n<h2 class=\"wp-block-heading\">L'impression de logos est-elle possible ?<\/h2>\n\n\n\n<div class=\"wp-block-columns is-layout-flex wp-container-core-columns-is-layout-28f84493 wp-block-columns-is-layout-flex\">\n<div class=\"wp-block-column is-vertically-aligned-center is-layout-flow wp-block-column-is-layout-flow\">\n<figure class=\"wp-block-image size-full\"><img alt=\"\" decoding=\"async\" width=\"800\" height=\"800\" src=\"https:\/\/www.usborkeychain.com\/wp-content\/uploads\/Resilient-Spin-USB-Flash-Drive.png\" class=\"wp-image-4862\" srcset=\"https:\/\/www.usborkeychain.com\/wp-content\/uploads\/Resilient-Spin-USB-Flash-Drive.png 800w, https:\/\/www.usborkeychain.com\/wp-content\/uploads\/Resilient-Spin-USB-Flash-Drive-300x300.png 300w, https:\/\/www.usborkeychain.com\/wp-content\/uploads\/Resilient-Spin-USB-Flash-Drive-150x150.png 150w, https:\/\/www.usborkeychain.com\/wp-content\/uploads\/Resilient-Spin-USB-Flash-Drive-768x768.png 768w, https:\/\/www.usborkeychain.com\/wp-content\/uploads\/Resilient-Spin-USB-Flash-Drive-12x12.png 12w, https:\/\/www.usborkeychain.com\/wp-content\/uploads\/Resilient-Spin-USB-Flash-Drive-600x600.png 600w, https:\/\/www.usborkeychain.com\/wp-content\/uploads\/Resilient-Spin-USB-Flash-Drive-100x100.png 100w\" sizes=\"(max-width: 800px) 100vw, 800px\" \/><\/figure>\n<\/div>\n\n\n\n<div class=\"wp-block-column is-vertically-aligned-center is-layout-flow wp-block-column-is-layout-flow\">\n<p>L'impression de logos est possible. Que ce soit pour la promotion de la marque de l'entreprise ou pour des besoins de personnalisation, gr\u00e2ce \u00e0 la personnalisation du logo, la cl\u00e9 USB peut devenir un \"support de marque\" unique ou un \"article exclusif\".<\/p>\n\n\n\n<ul class=\"wp-block-list\">\n<li><strong>Surface de la t\u00eate de la poign\u00e9e<\/strong>: La t\u00eate de la poign\u00e9e ronde est la principale zone de pr\u00e9sentation, avec un espace relativement grand et visuellement cibl\u00e9. Par exemple, Starbucks peut imprimer le logo de sa marque sur la t\u00eate de la poign\u00e9e pour renforcer la visibilit\u00e9 de la marque.<\/li>\n\n\n\n<li><strong>C\u00f4t\u00e9 du corps de la poign\u00e9e<\/strong>: Des logos simples, des slogans de marque, etc. peuvent \u00eatre imprim\u00e9s sur l'espace lat\u00e9ral.<\/li>\n<\/ul>\n<\/div>\n<\/div>\n\n\n\n<h2 class=\"wp-block-heading\">Quelles sont les entreprises qui peuvent l'utiliser ?<\/h2>\n\n\n\n<div class=\"wp-block-columns is-layout-flex wp-container-core-columns-is-layout-28f84493 wp-block-columns-is-layout-flex\">\n<div class=\"wp-block-column is-vertically-aligned-center is-layout-flow wp-block-column-is-layout-flow\">\n<ul class=\"wp-block-list\">\n<li><strong>Marques de produits alimentaires, de boissons et de vente au d\u00e9tail<\/strong>: Ils peuvent utiliser les cl\u00e9s USB rotatives rondes en m\u00e9tal comme avantages exclusifs pour les membres ou comme cadeaux promotionnels pour les festivals.<\/li>\n\n\n\n<li><strong>Entreprises technologiques<\/strong>: Lors du lancement d'un nouveau produit ou d'un \u00e9v\u00e9nement de remerciement \u00e0 la client\u00e8le, ils peuvent personnaliser cette cl\u00e9 USB comme cadeau d'accompagnement.<\/li>\n\n\n\n<li><strong>Marques de mode<\/strong>: En pr\u00eatant attention \u00e0 l'aspect et \u00e0 l'unicit\u00e9 des produits, ils peuvent utiliser la cl\u00e9 USB rotative ronde en m\u00e9tal comme cadeau cr\u00e9atif pour des collaborations transfrontali\u00e8res entre marques.<\/li>\n\n\n\n<li><strong>Entreprises de services financiers telles que les banques et les soci\u00e9t\u00e9s de gestion financi\u00e8re<\/strong><\/li>\n<\/ul>\n<\/div>\n\n\n\n<div class=\"wp-block-column is-vertically-aligned-center is-layout-flow wp-block-column-is-layout-flow\">\n<figure class=\"wp-block-image size-full\"><img alt=\"\" decoding=\"async\" width=\"800\" height=\"800\" src=\"https:\/\/www.usborkeychain.com\/wp-content\/uploads\/Enduring-Spinner-USB-Flash-Drive.png\" class=\"wp-image-4861\" srcset=\"https:\/\/www.usborkeychain.com\/wp-content\/uploads\/Enduring-Spinner-USB-Flash-Drive.png 800w, https:\/\/www.usborkeychain.com\/wp-content\/uploads\/Enduring-Spinner-USB-Flash-Drive-300x300.png 300w, https:\/\/www.usborkeychain.com\/wp-content\/uploads\/Enduring-Spinner-USB-Flash-Drive-150x150.png 150w, https:\/\/www.usborkeychain.com\/wp-content\/uploads\/Enduring-Spinner-USB-Flash-Drive-768x768.png 768w, https:\/\/www.usborkeychain.com\/wp-content\/uploads\/Enduring-Spinner-USB-Flash-Drive-12x12.png 12w, https:\/\/www.usborkeychain.com\/wp-content\/uploads\/Enduring-Spinner-USB-Flash-Drive-600x600.png 600w, https:\/\/www.usborkeychain.com\/wp-content\/uploads\/Enduring-Spinner-USB-Flash-Drive-100x100.png 100w\" sizes=\"(max-width: 800px) 100vw, 800px\" \/><\/figure>\n<\/div>\n<\/div>\n\n\n\n<h2 class=\"wp-block-heading\">Est-il possible de personnaliser des couleurs sp\u00e9ciales ?<\/h2>\n\n\n\n<div class=\"wp-block-columns is-layout-flex wp-container-core-columns-is-layout-28f84493 wp-block-columns-is-layout-flex\">\n<div class=\"wp-block-column is-vertically-aligned-center is-layout-flow wp-block-column-is-layout-flow\">\n<figure class=\"wp-block-image size-full\"><img alt=\"\" loading=\"lazy\" decoding=\"async\" width=\"800\" height=\"800\" src=\"https:\/\/www.usborkeychain.com\/wp-content\/uploads\/Tough-Rotary-USB-Flash-Drive.jpg\" class=\"wp-image-4864\" srcset=\"https:\/\/www.usborkeychain.com\/wp-content\/uploads\/Tough-Rotary-USB-Flash-Drive.jpg 800w, https:\/\/www.usborkeychain.com\/wp-content\/uploads\/Tough-Rotary-USB-Flash-Drive-300x300.jpg 300w, https:\/\/www.usborkeychain.com\/wp-content\/uploads\/Tough-Rotary-USB-Flash-Drive-150x150.jpg 150w, https:\/\/www.usborkeychain.com\/wp-content\/uploads\/Tough-Rotary-USB-Flash-Drive-768x768.jpg 768w, https:\/\/www.usborkeychain.com\/wp-content\/uploads\/Tough-Rotary-USB-Flash-Drive-12x12.jpg 12w, https:\/\/www.usborkeychain.com\/wp-content\/uploads\/Tough-Rotary-USB-Flash-Drive-600x600.jpg 600w, https:\/\/www.usborkeychain.com\/wp-content\/uploads\/Tough-Rotary-USB-Flash-Drive-100x100.jpg 100w\" sizes=\"(max-width: 800px) 100vw, 800px\" \/><\/figure>\n<\/div>\n\n\n\n<div class=\"wp-block-column is-vertically-aligned-center is-layout-flow wp-block-column-is-layout-flow\">\n<p>Cette cl\u00e9 USB prend en charge<strong> personnalisation des couleurs sp\u00e9ciales<\/strong>. Outre la combinaison classique argent et noir - bordure illustr\u00e9e dans les photos, les entreprises peuvent personnaliser des couleurs exclusives en fonction des couleurs de leur marque ou des couleurs du th\u00e8me de l'\u00e9v\u00e9nement. Par exemple, les marques de produits de beaut\u00e9 peuvent choisir des couleurs comme le rose - or ou iris\u00e9, et les entreprises technologiques peuvent s\u00e9lectionner des couleurs personnalis\u00e9es comme le gris profond - espace ou l'argent aurora, ce qui en fait un cadeau personnalis\u00e9 unique.<\/p>\n\n\n\n<p>Le <strong>Cl\u00e9 USB rotative ronde en m\u00e9tal<\/strong>Avec son mat\u00e9riau m\u00e9tallique de haute qualit\u00e9, son design rotatif cr\u00e9atif et ses caract\u00e9ristiques de portabilit\u00e9, il allie texture et plaisir en apparence. Ses nombreux param\u00e8tres r\u00e9pondent \u00e0 divers besoins de stockage, et il permet l'impression de logos multipositions et la personnalisation des couleurs, ce qui permet de r\u00e9pondre avec pr\u00e9cision aux besoins de cadeaux et de promotions de diverses entreprises dans les secteurs de l'alimentation et des boissons, de la technologie, de la mode et de la finance. Qu'il s'agisse de v\u00e9hiculer la valeur de la marque, d'entretenir les relations avec les clients ou de r\u00e9pondre \u00e0 des besoins de stockage personnalis\u00e9s, ce produit peut constituer un excellent choix parmi les produits de stockage.<\/p>\n<\/div>\n<\/div>","protected":false},"excerpt":{"rendered":"<ul>\n<li>M\u00e9tal de haute qualit\u00e9<\/li>\n<li>Personnalisation des couleurs sp\u00e9ciales<\/li>\n<li>Rotation sur 360 degr\u00e9s<\/li>\n<li>Porte-cl\u00e9s<\/li>\n<li>MOQ:100PCS<\/li>\n<\/ul>","protected":false},"featured_media":4860,"comment_status":"open","ping_status":"closed","template":"","meta":{"_seopress_robots_primary_cat":"","_seopress_titles_title":"","_seopress_titles_desc":"","_seopress_robots_index":"","site-sidebar-layout":"default","site-content-layout":"","ast-site-content-layout":"","site-content-style":"default","site-sidebar-style":"default","ast-global-header-display":"","ast-banner-title-visibility":"","ast-main-header-display":"","ast-hfb-above-header-display":"","ast-hfb-below-header-display":"","ast-hfb-mobile-header-display":"","site-post-title":"","ast-breadcrumbs-content":"","ast-featured-img":"","footer-sml-layout":"","theme-transparent-header-meta":"","adv-header-id-meta":"","stick-header-meta":"","header-above-stick-meta":"","header-main-stick-meta":"","header-below-stick-meta":"","astra-migrate-meta-layouts":"default","ast-page-background-enabled":"default","ast-page-background-meta":{"desktop":{"background-color":"var(--ast-global-color-5)","background-image":"","background-repeat":"repeat","background-position":"center center","background-size":"auto","background-attachment":"scroll","background-type":"","background-media":"","overlay-type":"","overlay-color":"","overlay-opacity":"","overlay-gradient":""},"tablet":{"background-color":"","background-image":"","background-repeat":"repeat","background-position":"center center","background-size":"auto","background-attachment":"scroll","background-type":"","background-media":"","overlay-type":"","overlay-color":"","overlay-opacity":"","overlay-gradient":""},"mobile":{"background-color":"","background-image":"","background-repeat":"repeat","background-position":"center center","background-size":"auto","background-attachment":"scroll","background-type":"","background-media":"","overlay-type":"","overlay-color":"","overlay-opacity":"","overlay-gradient":""}},"ast-content-background-meta":{"desktop":{"background-color":"var(--ast-global-color-4)","background-image":"","background-repeat":"repeat","background-position":"center center","background-size":"auto","background-attachment":"scroll","background-type":"","background-media":"","overlay-type":"","overlay-color":"","overlay-opacity":"","overlay-gradient":""},"tablet":{"background-color":"var(--ast-global-color-4)","background-image":"","background-repeat":"repeat","background-position":"center center","background-size":"auto","background-attachment":"scroll","background-type":"","background-media":"","overlay-type":"","overlay-color":"","overlay-opacity":"","overlay-gradient":""},"mobile":{"background-color":"var(--ast-global-color-4)","background-image":"","background-repeat":"repeat","background-position":"center center","background-size":"auto","background-attachment":"scroll","background-type":"","background-media":"","overlay-type":"","overlay-color":"","overlay-opacity":"","overlay-gradient":""}}},"product_brand":[],"product_cat":[89],"product_tag":[298,397],"class_list":{"0":"post-4857","1":"product","2":"type-product","3":"status-publish","4":"has-post-thumbnail","6":"product_cat-metal-usb-pendrive","7":"product_tag-metal-round-rotating-usb-flash-drive","8":"product_tag-zinc-alloy-usb-pen-drive","9":"desktop-align-left","10":"tablet-align-left","11":"mobile-align-left","13":"first","14":"instock","15":"shipping-taxable","16":"product-type-simple"},"_links":{"self":[{"href":"https:\/\/www.usborkeychain.com\/fr\/wp-json\/wp\/v2\/product\/4857","targetHints":{"allow":["GET"]}}],"collection":[{"href":"https:\/\/www.usborkeychain.com\/fr\/wp-json\/wp\/v2\/product"}],"about":[{"href":"https:\/\/www.usborkeychain.com\/fr\/wp-json\/wp\/v2\/types\/product"}],"replies":[{"embeddable":true,"href":"https:\/\/www.usborkeychain.com\/fr\/wp-json\/wp\/v2\/comments?post=4857"}],"wp:featuredmedia":[{"embeddable":true,"href":"https:\/\/www.usborkeychain.com\/fr\/wp-json\/wp\/v2\/media\/4860"}],"wp:attachment":[{"href":"https:\/\/www.usborkeychain.com\/fr\/wp-json\/wp\/v2\/media?parent=4857"}],"wp:term":[{"taxonomy":"product_brand","embeddable":true,"href":"https:\/\/www.usborkeychain.com\/fr\/wp-json\/wp\/v2\/product_brand?post=4857"},{"taxonomy":"product_cat","embeddable":true,"href":"https:\/\/www.usborkeychain.com\/fr\/wp-json\/wp\/v2\/product_cat?post=4857"},{"taxonomy":"product_tag","embeddable":true,"href":"https:\/\/www.usborkeychain.com\/fr\/wp-json\/wp\/v2\/product_tag?post=4857"}],"curies":[{"name":"wp","href":"https:\/\/api.w.org\/{rel}","templated":true}]}}