{"id":4866,"date":"2025-07-28T04:31:14","date_gmt":"2025-07-28T04:31:14","guid":{"rendered":"https:\/\/www.usborkeychain.com\/?post_type=product&#038;p=4866"},"modified":"2025-07-30T02:10:34","modified_gmt":"2025-07-30T02:10:34","slug":"wooden-christmas-tree-usb-flash-drive","status":"publish","type":"product","link":"https:\/\/www.usborkeychain.com\/fr\/produit\/wooden-christmas-tree-usb-flash-drive\/","title":{"rendered":"Cl\u00e9 USB sapin de No\u00ebl en bois"},"content":{"rendered":"<div class=\"wp-block-columns is-layout-flex wp-container-core-columns-is-layout-28f84493 wp-block-columns-is-layout-flex\">\n<div class=\"wp-block-column is-vertically-aligned-center is-layout-flow wp-block-column-is-layout-flow\">\n<p>Fabriqu\u00e9 en <strong>bois massif naturel<\/strong>, ce <strong>Cl\u00e9 USB<\/strong> est fabriqu\u00e9e \u00e0 partir de bois d'\u00e9rable et de h\u00eatre provenant de sources durables et certifi\u00e9es FSC. Par rapport aux cl\u00e9s USB en plastique, elle g\u00e9n\u00e8re moins d'\u00e9missions de carbone lors de sa production et est enti\u00e8rement biod\u00e9gradable lorsqu'elle est mise au rebut, ce qui permet de r\u00e9duire efficacement la pollution due aux d\u00e9chets \u00e9lectroniques. Elle s'inscrit parfaitement dans les concepts actuels de protection de l'environnement et d'\u00e9conomie circulaire.<\/p>\n\n\n\n<p>Le processus de fabrication comprend des op\u00e9rations pr\u00e9cises de d\u00e9coupage, de pon\u00e7age, de sculpture et de polissage. Les techniques de d\u00e9coupe fa\u00e7onnent la forme distincte de l'arbre de No\u00ebl avec des contours clairs ; le pon\u00e7age cr\u00e9e une surface de bois lisse comme un miroir ; la sculpture ajoute des d\u00e9tails complexes tels que des textures d'\u00e9corce et des motifs de No\u00ebl ; et le polissage rehausse l'\u00e9clat naturel du bois.<\/p>\n\n\n\n<p>Son design compact et raffin\u00e9 le rend tr\u00e8s portable. Le corps en forme de sapin de No\u00ebl se glisse facilement dans un sac \u00e0 main, un bas de No\u00ebl ou un sac cadeau.<\/p>\n<\/div>\n\n\n\n<div class=\"wp-block-column is-vertically-aligned-center is-layout-flow wp-block-column-is-layout-flow\">\n<figure class=\"wp-block-image size-full\"><img alt=\"\" fetchpriority=\"high\" decoding=\"async\" width=\"800\" height=\"800\" src=\"https:\/\/www.usborkeychain.com\/wp-content\/uploads\/Wooden-Xmas-Tree-USB-Flash-Drive.jpg\" class=\"wp-image-4872\" srcset=\"https:\/\/www.usborkeychain.com\/wp-content\/uploads\/Wooden-Xmas-Tree-USB-Flash-Drive.jpg 800w, https:\/\/www.usborkeychain.com\/wp-content\/uploads\/Wooden-Xmas-Tree-USB-Flash-Drive-300x300.jpg 300w, https:\/\/www.usborkeychain.com\/wp-content\/uploads\/Wooden-Xmas-Tree-USB-Flash-Drive-150x150.jpg 150w, https:\/\/www.usborkeychain.com\/wp-content\/uploads\/Wooden-Xmas-Tree-USB-Flash-Drive-768x768.jpg 768w, https:\/\/www.usborkeychain.com\/wp-content\/uploads\/Wooden-Xmas-Tree-USB-Flash-Drive-12x12.jpg 12w, https:\/\/www.usborkeychain.com\/wp-content\/uploads\/Wooden-Xmas-Tree-USB-Flash-Drive-600x600.jpg 600w, https:\/\/www.usborkeychain.com\/wp-content\/uploads\/Wooden-Xmas-Tree-USB-Flash-Drive-100x100.jpg 100w\" sizes=\"(max-width: 800px) 100vw, 800px\" \/><\/figure>\n<\/div>\n<\/div>\n\n\n\n<h2 class=\"wp-block-heading\">Caract\u00e9ristiques de la cl\u00e9 USB<\/h2>\n\n\n\n<figure class=\"wp-block-table\"><table class=\"has-fixed-layout\"><thead><tr><th>Cat\u00e9gorie de param\u00e8tres<\/th><th>D\u00e9tails<\/th><\/tr><\/thead><tbody><tr><td>Type d'interface<\/td><td>USB 2.0\/USB 3.0<\/td><\/tr><tr><td>Capacit\u00e9 de stockage<\/td><td>8GB, 16GB, 32GB, 64GB, 128GB<\/td><\/tr><tr><td>Dimensions (L\u00d7L\u00d7H)<\/td><td>60mm\u00d735mm\u00d715mm<\/td><\/tr><tr><td>Poids<\/td><td>Environ 20 grammes<\/td><\/tr><\/tbody><\/table><\/figure>\n\n\n\n<h2 class=\"wp-block-heading\">Options personnalisables<\/h2>\n\n\n\n<div class=\"wp-block-columns is-layout-flex wp-container-core-columns-is-layout-28f84493 wp-block-columns-is-layout-flex\">\n<div class=\"wp-block-column is-vertically-aligned-center is-layout-flow wp-block-column-is-layout-flow\">\n<h3 class=\"wp-block-heading\">Personnalisation de la forme<\/h3>\n\n\n\n<p>Au-del\u00e0 de la conception classique du sapin de No\u00ebl, des modifications peuvent \u00eatre apport\u00e9es \u00e0 des d\u00e9tails tels que l'ajout d'\u00e9l\u00e9ments d\u00e9coratifs (\u00e9toiles, ornements de bo\u00eetes \u00e0 cadeaux), l'ajustement des couches de la couronne ou la cr\u00e9ation de formes exclusives sur le th\u00e8me des f\u00eates. <\/p>\n\n\n\n<h3 class=\"wp-block-heading\">Personnalisation des couleurs<\/h3>\n\n\n\n<p>La teinture et la carbonisation du bois permettent d'obtenir diff\u00e9rentes couleurs. Les tons de bois naturel respirent la fra\u00eecheur, le brun fonc\u00e9 offre une ambiance vintage, le rouge teint\u00e9 s'accorde avec les th\u00e8mes de No\u00ebl et le noir carbonis\u00e9 pr\u00e9sente un aspect haut de gamme. <\/p>\n\n\n\n<h3 class=\"wp-block-heading\">Personnalisation du logo<\/h3>\n\n\n\n<p>Gr\u00e2ce \u00e0 des techniques de gravure au laser ou de marquage \u00e0 chaud, des logos d'entreprise, des slogans de No\u00ebl (par exemple, \"Joyeux No\u00ebl\") et des slogans de marque peuvent \u00eatre personnalis\u00e9s sur la surface en bois. <\/p>\n<\/div>\n\n\n\n<div class=\"wp-block-column is-vertically-aligned-center is-layout-flow wp-block-column-is-layout-flow\">\n<figure class=\"wp-block-image size-full\"><img alt=\"\" decoding=\"async\" width=\"800\" height=\"800\" src=\"https:\/\/www.usborkeychain.com\/wp-content\/uploads\/Natural-Wood-Christmas-Tree-USB-Flash-Drive.jpg\" class=\"wp-image-4871\" srcset=\"https:\/\/www.usborkeychain.com\/wp-content\/uploads\/Natural-Wood-Christmas-Tree-USB-Flash-Drive.jpg 800w, https:\/\/www.usborkeychain.com\/wp-content\/uploads\/Natural-Wood-Christmas-Tree-USB-Flash-Drive-300x300.jpg 300w, https:\/\/www.usborkeychain.com\/wp-content\/uploads\/Natural-Wood-Christmas-Tree-USB-Flash-Drive-150x150.jpg 150w, https:\/\/www.usborkeychain.com\/wp-content\/uploads\/Natural-Wood-Christmas-Tree-USB-Flash-Drive-768x768.jpg 768w, https:\/\/www.usborkeychain.com\/wp-content\/uploads\/Natural-Wood-Christmas-Tree-USB-Flash-Drive-12x12.jpg 12w, https:\/\/www.usborkeychain.com\/wp-content\/uploads\/Natural-Wood-Christmas-Tree-USB-Flash-Drive-600x600.jpg 600w, https:\/\/www.usborkeychain.com\/wp-content\/uploads\/Natural-Wood-Christmas-Tree-USB-Flash-Drive-100x100.jpg 100w\" sizes=\"(max-width: 800px) 100vw, 800px\" \/><\/figure>\n<\/div>\n<\/div>\n\n\n\n<h2 class=\"wp-block-heading\">Pour quelles entreprises ?<\/h2>\n\n\n\n<div class=\"wp-block-columns is-layout-flex wp-container-core-columns-is-layout-28f84493 wp-block-columns-is-layout-flex\">\n<div class=\"wp-block-column is-vertically-aligned-center is-layout-flow wp-block-column-is-layout-flow\">\n<figure class=\"wp-block-image size-full\"><img alt=\"\" decoding=\"async\" width=\"800\" height=\"800\" src=\"https:\/\/www.usborkeychain.com\/wp-content\/uploads\/Handmade-Wooden-Christmas-Tree-USB-Flash-Drive.jpg\" class=\"wp-image-4869\" srcset=\"https:\/\/www.usborkeychain.com\/wp-content\/uploads\/Handmade-Wooden-Christmas-Tree-USB-Flash-Drive.jpg 800w, https:\/\/www.usborkeychain.com\/wp-content\/uploads\/Handmade-Wooden-Christmas-Tree-USB-Flash-Drive-300x300.jpg 300w, https:\/\/www.usborkeychain.com\/wp-content\/uploads\/Handmade-Wooden-Christmas-Tree-USB-Flash-Drive-150x150.jpg 150w, https:\/\/www.usborkeychain.com\/wp-content\/uploads\/Handmade-Wooden-Christmas-Tree-USB-Flash-Drive-768x768.jpg 768w, https:\/\/www.usborkeychain.com\/wp-content\/uploads\/Handmade-Wooden-Christmas-Tree-USB-Flash-Drive-12x12.jpg 12w, https:\/\/www.usborkeychain.com\/wp-content\/uploads\/Handmade-Wooden-Christmas-Tree-USB-Flash-Drive-600x600.jpg 600w, https:\/\/www.usborkeychain.com\/wp-content\/uploads\/Handmade-Wooden-Christmas-Tree-USB-Flash-Drive-100x100.jpg 100w\" sizes=\"(max-width: 800px) 100vw, 800px\" \/><\/figure>\n<\/div>\n\n\n\n<div class=\"wp-block-column is-vertically-aligned-center is-layout-flow wp-block-column-is-layout-flow\">\n<ul class=\"wp-block-list\">\n<li>Grands magasins : Comme cadeaux aux membres pendant la p\u00e9riode des achats de No\u00ebl<\/li>\n\n\n\n<li>\u00c9v\u00e9nements pop-up de la marque : Des num\u00e9ros en \u00e9dition limit\u00e9e sont grav\u00e9s sur la cime des arbres et sont propos\u00e9s comme objets de collection avec un minimum d'achat.<\/li>\n\n\n\n<li>Entreprises multinationales : Cadeaux pour les employ\u00e9s, grav\u00e9s avec les points de rep\u00e8re des filiales mondiales et pr\u00e9charg\u00e9s avec des cartes de v\u0153ux multilingues pour le Nouvel An.<\/li>\n\n\n\n<li>\u00c9tablissements d'enseignement : Pour les activit\u00e9s de recrutement d'\u00e9tudiants<\/li>\n\n\n\n<li>Marques automobiles : Cadeaux pour les clients, avec du bois de noyer teint\u00e9 argent et des motifs reprenant le logo de la marque.<\/li>\n<\/ul>\n<\/div>\n<\/div>\n\n\n\n<div class=\"wp-block-columns is-layout-flex wp-container-core-columns-is-layout-28f84493 wp-block-columns-is-layout-flex\">\n<div class=\"wp-block-column is-layout-flow wp-block-column-is-layout-flow\">\n<p>Le <strong>Cl\u00e9 USB sapin de No\u00ebl en bois<\/strong> combine des mat\u00e9riaux respectueux de l'environnement, un savoir-faire exquis et une fonctionnalit\u00e9 de stockage pratique.<\/p>\n\n\n\n<p> Ses sp\u00e9cifications polyvalentes r\u00e9pondent \u00e0 des besoins divers, tandis que les services de personnalisation aident les entreprises \u00e0 cr\u00e9er des cadeaux de vacances exclusifs.<\/p>\n\n\n\n<p> Des d\u00e9taillants de cadeaux de No\u00ebl aux secteurs du tourisme culturel, de la vente au d\u00e9tail et de l'\u00e9ducation, les entreprises peuvent tirer parti de son design cr\u00e9atif et de sa valeur pratique pour transmettre leurs v\u0153ux de No\u00ebl et renforcer la communication de leur marque.<\/p>\n<\/div>\n\n\n\n<div class=\"wp-block-column is-layout-flow wp-block-column-is-layout-flow\">\n<figure class=\"wp-block-image size-full\"><img alt=\"\" loading=\"lazy\" decoding=\"async\" width=\"800\" height=\"800\" src=\"https:\/\/www.usborkeychain.com\/wp-content\/uploads\/Festive-Wooden-Tree-USB-Flash-Drive.jpg\" class=\"wp-image-4870\" srcset=\"https:\/\/www.usborkeychain.com\/wp-content\/uploads\/Festive-Wooden-Tree-USB-Flash-Drive.jpg 800w, https:\/\/www.usborkeychain.com\/wp-content\/uploads\/Festive-Wooden-Tree-USB-Flash-Drive-300x300.jpg 300w, https:\/\/www.usborkeychain.com\/wp-content\/uploads\/Festive-Wooden-Tree-USB-Flash-Drive-150x150.jpg 150w, https:\/\/www.usborkeychain.com\/wp-content\/uploads\/Festive-Wooden-Tree-USB-Flash-Drive-768x768.jpg 768w, https:\/\/www.usborkeychain.com\/wp-content\/uploads\/Festive-Wooden-Tree-USB-Flash-Drive-12x12.jpg 12w, https:\/\/www.usborkeychain.com\/wp-content\/uploads\/Festive-Wooden-Tree-USB-Flash-Drive-600x600.jpg 600w, https:\/\/www.usborkeychain.com\/wp-content\/uploads\/Festive-Wooden-Tree-USB-Flash-Drive-100x100.jpg 100w\" sizes=\"(max-width: 800px) 100vw, 800px\" \/><\/figure>\n<\/div>\n<\/div>","protected":false},"excerpt":{"rendered":"<ul>\n<li>Bois massif naturel<\/li>\n<li>Arbre de No\u00ebl<\/li>\n<li>Protection de l'environnement<\/li>\n<li>Personnalisation du logo et des couleurs<\/li>\n<li>MOQ:100PCS<\/li>\n<\/ul>","protected":false},"featured_media":4872,"comment_status":"open","ping_status":"closed","template":"","meta":{"_seopress_robots_primary_cat":"","_seopress_titles_title":"","_seopress_titles_desc":"","_seopress_robots_index":"","site-sidebar-layout":"default","site-content-layout":"","ast-site-content-layout":"","site-content-style":"default","site-sidebar-style":"default","ast-global-header-display":"","ast-banner-title-visibility":"","ast-main-header-display":"","ast-hfb-above-header-display":"","ast-hfb-below-header-display":"","ast-hfb-mobile-header-display":"","site-post-title":"","ast-breadcrumbs-content":"","ast-featured-img":"","footer-sml-layout":"","theme-transparent-header-meta":"","adv-header-id-meta":"","stick-header-meta":"","header-above-stick-meta":"","header-main-stick-meta":"","header-below-stick-meta":"","astra-migrate-meta-layouts":"default","ast-page-background-enabled":"default","ast-page-background-meta":{"desktop":{"background-color":"var(--ast-global-color-5)","background-image":"","background-repeat":"repeat","background-position":"center center","background-size":"auto","background-attachment":"scroll","background-type":"","background-media":"","overlay-type":"","overlay-color":"","overlay-opacity":"","overlay-gradient":""},"tablet":{"background-color":"","background-image":"","background-repeat":"repeat","background-position":"center center","background-size":"auto","background-attachment":"scroll","background-type":"","background-media":"","overlay-type":"","overlay-color":"","overlay-opacity":"","overlay-gradient":""},"mobile":{"background-color":"","background-image":"","background-repeat":"repeat","background-position":"center center","background-size":"auto","background-attachment":"scroll","background-type":"","background-media":"","overlay-type":"","overlay-color":"","overlay-opacity":"","overlay-gradient":""}},"ast-content-background-meta":{"desktop":{"background-color":"var(--ast-global-color-4)","background-image":"","background-repeat":"repeat","background-position":"center center","background-size":"auto","background-attachment":"scroll","background-type":"","background-media":"","overlay-type":"","overlay-color":"","overlay-opacity":"","overlay-gradient":""},"tablet":{"background-color":"var(--ast-global-color-4)","background-image":"","background-repeat":"repeat","background-position":"center center","background-size":"auto","background-attachment":"scroll","background-type":"","background-media":"","overlay-type":"","overlay-color":"","overlay-opacity":"","overlay-gradient":""},"mobile":{"background-color":"var(--ast-global-color-4)","background-image":"","background-repeat":"repeat","background-position":"center center","background-size":"auto","background-attachment":"scroll","background-type":"","background-media":"","overlay-type":"","overlay-color":"","overlay-opacity":"","overlay-gradient":""}}},"product_brand":[],"product_cat":[168],"product_tag":[299,241],"class_list":{"0":"post-4866","1":"product","2":"type-product","3":"status-publish","4":"has-post-thumbnail","6":"product_cat-wood-usb-flash-drive","7":"product_tag-wooden-christmas-tree-usb-flash-drive","8":"product_tag-wooden-usb-flash-drive","9":"desktop-align-left","10":"tablet-align-left","11":"mobile-align-left","13":"first","14":"instock","15":"shipping-taxable","16":"product-type-simple"},"_links":{"self":[{"href":"https:\/\/www.usborkeychain.com\/fr\/wp-json\/wp\/v2\/product\/4866","targetHints":{"allow":["GET"]}}],"collection":[{"href":"https:\/\/www.usborkeychain.com\/fr\/wp-json\/wp\/v2\/product"}],"about":[{"href":"https:\/\/www.usborkeychain.com\/fr\/wp-json\/wp\/v2\/types\/product"}],"replies":[{"embeddable":true,"href":"https:\/\/www.usborkeychain.com\/fr\/wp-json\/wp\/v2\/comments?post=4866"}],"wp:featuredmedia":[{"embeddable":true,"href":"https:\/\/www.usborkeychain.com\/fr\/wp-json\/wp\/v2\/media\/4872"}],"wp:attachment":[{"href":"https:\/\/www.usborkeychain.com\/fr\/wp-json\/wp\/v2\/media?parent=4866"}],"wp:term":[{"taxonomy":"product_brand","embeddable":true,"href":"https:\/\/www.usborkeychain.com\/fr\/wp-json\/wp\/v2\/product_brand?post=4866"},{"taxonomy":"product_cat","embeddable":true,"href":"https:\/\/www.usborkeychain.com\/fr\/wp-json\/wp\/v2\/product_cat?post=4866"},{"taxonomy":"product_tag","embeddable":true,"href":"https:\/\/www.usborkeychain.com\/fr\/wp-json\/wp\/v2\/product_tag?post=4866"}],"curies":[{"name":"wp","href":"https:\/\/api.w.org\/{rel}","templated":true}]}}