{"id":4963,"date":"2025-07-28T13:15:50","date_gmt":"2025-07-28T13:15:50","guid":{"rendered":"https:\/\/www.usborkeychain.com\/?post_type=product&#038;p=4963"},"modified":"2025-07-29T00:51:24","modified_gmt":"2025-07-29T00:51:24","slug":"foldable-card-shaped-usb-drive","status":"publish","type":"product","link":"https:\/\/www.usborkeychain.com\/fr\/produit\/foldable-card-shaped-usb-drive\/","title":{"rendered":"Cl\u00e9 USB pliable en forme de carte"},"content":{"rendered":"<div class=\"wp-block-columns is-layout-flex wp-container-core-columns-is-layout-28f84493 wp-block-columns-is-layout-flex\">\n<div class=\"wp-block-column is-vertically-aligned-center is-layout-flow wp-block-column-is-layout-flow\">\n<p>Le <strong>cl\u00e9 USB pliable en forme de carte<\/strong> est principalement constitu\u00e9 de mat\u00e9riaux de haute qualit\u00e9 <strong>Plastique ABS<\/strong>. Ce mat\u00e9riau pr\u00e9sente une excellente r\u00e9sistance \u00e0 l'abrasion et aux chocs, ce qui permet de prot\u00e9ger efficacement les composants de stockage internes. Le corps principal de la cl\u00e9 peut \u00eatre pli\u00e9 en deux. Le corps de la cl\u00e9 USB est enti\u00e8rement int\u00e9gr\u00e9 dans le logement de la carte. Lorsqu'elle est pli\u00e9e, les contacts USB dor\u00e9s ne sont pas du tout expos\u00e9s, et lorsqu'elle est ferm\u00e9e, l'interface est physiquement isol\u00e9e pour \u00e9viter tout dommage. La cl\u00e9 est tr\u00e8s portable et peut \u00eatre facilement plac\u00e9e dans un portefeuille ou un porte-cartes de visite. Dot\u00e9 d'excellentes fonctions de s\u00e9curit\u00e9 et de confidentialit\u00e9, il est \u00e0 la fois pratique pour une utilisation quotidienne et capable de pr\u00e9server la s\u00e9curit\u00e9 des donn\u00e9es.<\/p>\n<\/div>\n\n\n\n<div class=\"wp-block-column is-vertically-aligned-center is-layout-flow wp-block-column-is-layout-flow\">\n<figure class=\"wp-block-image size-full\"><img alt=\"\" fetchpriority=\"high\" decoding=\"async\" width=\"800\" height=\"800\" src=\"https:\/\/www.usborkeychain.com\/wp-content\/uploads\/custom-credit-card-usb-drive.png\" class=\"wp-image-4969\" srcset=\"https:\/\/www.usborkeychain.com\/wp-content\/uploads\/custom-credit-card-usb-drive.png 800w, https:\/\/www.usborkeychain.com\/wp-content\/uploads\/custom-credit-card-usb-drive-300x300.png 300w, https:\/\/www.usborkeychain.com\/wp-content\/uploads\/custom-credit-card-usb-drive-150x150.png 150w, https:\/\/www.usborkeychain.com\/wp-content\/uploads\/custom-credit-card-usb-drive-768x768.png 768w, https:\/\/www.usborkeychain.com\/wp-content\/uploads\/custom-credit-card-usb-drive-12x12.png 12w, https:\/\/www.usborkeychain.com\/wp-content\/uploads\/custom-credit-card-usb-drive-600x600.png 600w, https:\/\/www.usborkeychain.com\/wp-content\/uploads\/custom-credit-card-usb-drive-100x100.png 100w\" sizes=\"(max-width: 800px) 100vw, 800px\" \/><\/figure>\n<\/div>\n<\/div>\n\n\n\n<h2 class=\"wp-block-heading\">Param\u00e8tres de la cl\u00e9 USB<\/h2>\n\n\n\n<figure class=\"wp-block-table\"><table class=\"has-fixed-layout\"><thead><tr><th>Cat\u00e9gorie de param\u00e8tres<\/th><th>Contenu sp\u00e9cifique<\/th><\/tr><\/thead><tbody><tr><td>Capacit\u00e9 de stockage<\/td><td>4GB, 8GB, 16GB, 32GB, 64GB, 128GB<br><\/td><\/tr><tr><td>Dimensions (Longueur \u00d7 Largeur \u00d7 \u00c9paisseur)<\/td><td>85mm\u00d754mm\u00d75mm<\/td><\/tr><tr><td>Poids<\/td><td>Environ 12 \u00e0 18 grammes<\/td><\/tr><\/tbody><\/table><\/figure>\n\n\n\n<h2 class=\"wp-block-heading\">Est-il possible de personnaliser les motifs ?<\/h2>\n\n\n\n<div class=\"wp-block-columns is-layout-flex wp-container-core-columns-is-layout-28f84493 wp-block-columns-is-layout-flex\">\n<div class=\"wp-block-column is-vertically-aligned-center is-layout-flow wp-block-column-is-layout-flow\">\n<figure class=\"wp-block-image size-full\"><img alt=\"\" decoding=\"async\" width=\"800\" height=\"800\" src=\"https:\/\/www.usborkeychain.com\/wp-content\/uploads\/card-usb-drives.png\" class=\"wp-image-4967\" srcset=\"https:\/\/www.usborkeychain.com\/wp-content\/uploads\/card-usb-drives.png 800w, https:\/\/www.usborkeychain.com\/wp-content\/uploads\/card-usb-drives-300x300.png 300w, https:\/\/www.usborkeychain.com\/wp-content\/uploads\/card-usb-drives-150x150.png 150w, https:\/\/www.usborkeychain.com\/wp-content\/uploads\/card-usb-drives-768x768.png 768w, https:\/\/www.usborkeychain.com\/wp-content\/uploads\/card-usb-drives-12x12.png 12w, https:\/\/www.usborkeychain.com\/wp-content\/uploads\/card-usb-drives-600x600.png 600w, https:\/\/www.usborkeychain.com\/wp-content\/uploads\/card-usb-drives-100x100.png 100w\" sizes=\"(max-width: 800px) 100vw, 800px\" \/><\/figure>\n<\/div>\n\n\n\n<div class=\"wp-block-column is-vertically-aligned-center is-layout-flow wp-block-column-is-layout-flow\">\n<p>Le <strong>cl\u00e9 USB pliable en forme de carte<\/strong> propose une large gamme de services de personnalisation des motifs. Les proc\u00e9d\u00e9s d'impression courants comprennent la s\u00e9rigraphie, qui convient aux motifs unicolores ou multicolores simples. Elle est relativement peu co\u00fbteuse et facile \u00e0 utiliser, ce qui permet une personnalisation rapide. <\/p>\n\n\n\n<p>L'impression couleur permet d'imprimer des motifs en quadrichromie et en haute d\u00e9finition, de restituer avec pr\u00e9cision des dessins complexes et de rendre les motifs \u00e9clatants. <\/p>\n\n\n\n<p>L'impression par transfert thermique offre une grande durabilit\u00e9 des couleurs et les motifs ne s'effacent pas facilement. Elle permet de cr\u00e9er des effets de personnalisation de haute qualit\u00e9 afin de r\u00e9pondre aux exigences des clients en mati\u00e8re de budget et de qualit\u00e9 de la personnalisation.<\/p>\n<\/div>\n<\/div>\n\n\n\n<h2 class=\"wp-block-heading\">Combien co\u00fbte la cl\u00e9 USB pliable en forme de carte la moins ch\u00e8re ?<\/h2>\n\n\n\n<div class=\"wp-block-columns is-layout-flex wp-container-core-columns-is-layout-28f84493 wp-block-columns-is-layout-flex\">\n<div class=\"wp-block-column is-vertically-aligned-center is-layout-flow wp-block-column-is-layout-flow\">\n<p>Le prix du produit le moins cher <strong>cl\u00e9 USB pliable en forme de carte <\/strong>varie en fonction de facteurs tels que la capacit\u00e9, les exigences de personnalisation et la quantit\u00e9 command\u00e9e. Il est recommand\u00e9 de consulter les fournisseurs avant d'acheter afin d'obtenir un devis pr\u00e9cis.<\/p>\n<\/div>\n\n\n\n<div class=\"wp-block-column is-vertically-aligned-center is-layout-flow wp-block-column-is-layout-flow\">\n<figure class=\"wp-block-image size-full\"><img alt=\"\" decoding=\"async\" width=\"800\" height=\"800\" src=\"https:\/\/www.usborkeychain.com\/wp-content\/uploads\/credit-card-flash-drive.png\" class=\"wp-image-4968\" srcset=\"https:\/\/www.usborkeychain.com\/wp-content\/uploads\/credit-card-flash-drive.png 800w, https:\/\/www.usborkeychain.com\/wp-content\/uploads\/credit-card-flash-drive-300x300.png 300w, https:\/\/www.usborkeychain.com\/wp-content\/uploads\/credit-card-flash-drive-150x150.png 150w, https:\/\/www.usborkeychain.com\/wp-content\/uploads\/credit-card-flash-drive-768x768.png 768w, https:\/\/www.usborkeychain.com\/wp-content\/uploads\/credit-card-flash-drive-12x12.png 12w, https:\/\/www.usborkeychain.com\/wp-content\/uploads\/credit-card-flash-drive-600x600.png 600w, https:\/\/www.usborkeychain.com\/wp-content\/uploads\/credit-card-flash-drive-100x100.png 100w\" sizes=\"(max-width: 800px) 100vw, 800px\" \/><\/figure>\n<\/div>\n<\/div>\n\n\n\n<h2 class=\"wp-block-heading\">Qui peut l'utiliser ?<\/h2>\n\n\n\n<div class=\"wp-block-columns is-layout-flex wp-container-core-columns-is-layout-28f84493 wp-block-columns-is-layout-flex\">\n<div class=\"wp-block-column is-vertically-aligned-center is-layout-flow wp-block-column-is-layout-flow\">\n<figure class=\"wp-block-image size-full\"><img alt=\"\" loading=\"lazy\" decoding=\"async\" width=\"800\" height=\"800\" src=\"https:\/\/www.usborkeychain.com\/wp-content\/uploads\/Fold-credit-Card-USB.png\" class=\"wp-image-4970\" srcset=\"https:\/\/www.usborkeychain.com\/wp-content\/uploads\/Fold-credit-Card-USB.png 800w, https:\/\/www.usborkeychain.com\/wp-content\/uploads\/Fold-credit-Card-USB-300x300.png 300w, https:\/\/www.usborkeychain.com\/wp-content\/uploads\/Fold-credit-Card-USB-150x150.png 150w, https:\/\/www.usborkeychain.com\/wp-content\/uploads\/Fold-credit-Card-USB-768x768.png 768w, https:\/\/www.usborkeychain.com\/wp-content\/uploads\/Fold-credit-Card-USB-12x12.png 12w, https:\/\/www.usborkeychain.com\/wp-content\/uploads\/Fold-credit-Card-USB-600x600.png 600w, https:\/\/www.usborkeychain.com\/wp-content\/uploads\/Fold-credit-Card-USB-100x100.png 100w\" sizes=\"(max-width: 800px) 100vw, 800px\" \/><\/figure>\n<\/div>\n\n\n\n<div class=\"wp-block-column is-vertically-aligned-center is-layout-flow wp-block-column-is-layout-flow\">\n<ul class=\"wp-block-list\">\n<li><strong>Hommes et femmes d'affaires<\/strong>: L'utilisation d'une cl\u00e9 USB en forme de carte pliable, imprim\u00e9e avec le logo de l'entreprise, pr\u00e9sente non seulement une image professionnelle, mais contribue \u00e9galement \u00e0 la diffusion de la marque par le biais de la carte.<\/li>\n\n\n\n<li><strong>Les \u00e9tudiants<\/strong>: Une fois pli\u00e9, il ne prend pas beaucoup de place dans une trousse ou un cartable. <\/li>\n\n\n\n<li><strong>Praticiens de la culture et de la cr\u00e9ation<\/strong>: La personnalisation de motifs culturels et cr\u00e9atifs uniques en fait non seulement un outil de rangement pratique, mais aussi un support pour les d\u00e9placements cr\u00e9atifs.<\/li>\n\n\n\n<li><strong>Organisateurs d'\u00e9v\u00e9nements<\/strong>: En tant que souvenirs de l'\u00e9v\u00e9nement ou cadeaux promotionnels, la personnalisation de motifs et d'informations sur le th\u00e8me de l'\u00e9v\u00e9nement permet de diffuser continuellement l'influence de l'\u00e9v\u00e9nement et de la marque lorsque les participants les utilisent dans leur vie quotidienne.<\/li>\n<\/ul>\n<\/div>\n<\/div>\n\n\n\n<div class=\"wp-block-columns is-layout-flex wp-container-core-columns-is-layout-28f84493 wp-block-columns-is-layout-flex\">\n<div class=\"wp-block-column is-vertically-aligned-center is-layout-flow wp-block-column-is-layout-flow\">\n<p>Le <strong>cl\u00e9 USB pliable en forme de carte<\/strong>Gr\u00e2ce \u00e0 sa conception innovante en mati\u00e8re de pliage et de rangement, \u00e0 ses diverses options de param\u00e9trage et \u00e0 ses services de personnalisation flexibles, il convient \u00e0 de nombreux sc\u00e9narios et groupes d'utilisateurs tels que les entreprises, les \u00e9tudes et les domaines culturels et cr\u00e9atifs. <\/p>\n\n\n\n<p>Tout en assurant la s\u00e9curit\u00e9 du stockage des donn\u00e9es, il combine \u00e9galement des fonctions de portabilit\u00e9 et de promotion. <\/p>\n\n\n\n<p>Qu'il s'agisse de r\u00e9pondre aux besoins de stockage quotidiens ou de soutenir la promotion de la marque de l'entreprise, il offre des performances exceptionnelles, apportant des choix nouveaux et pratiques sur le march\u00e9 des dispositifs de stockage.<\/p>\n<\/div>\n\n\n\n<div class=\"wp-block-column is-vertically-aligned-center is-layout-flow wp-block-column-is-layout-flow\">\n<figure class=\"wp-block-image size-full\"><img alt=\"\" loading=\"lazy\" decoding=\"async\" width=\"800\" height=\"800\" src=\"https:\/\/www.usborkeychain.com\/wp-content\/uploads\/Card-Flip-USB-Flash-Drive.png\" class=\"wp-image-4966\" srcset=\"https:\/\/www.usborkeychain.com\/wp-content\/uploads\/Card-Flip-USB-Flash-Drive.png 800w, https:\/\/www.usborkeychain.com\/wp-content\/uploads\/Card-Flip-USB-Flash-Drive-300x300.png 300w, https:\/\/www.usborkeychain.com\/wp-content\/uploads\/Card-Flip-USB-Flash-Drive-150x150.png 150w, https:\/\/www.usborkeychain.com\/wp-content\/uploads\/Card-Flip-USB-Flash-Drive-768x768.png 768w, https:\/\/www.usborkeychain.com\/wp-content\/uploads\/Card-Flip-USB-Flash-Drive-12x12.png 12w, https:\/\/www.usborkeychain.com\/wp-content\/uploads\/Card-Flip-USB-Flash-Drive-600x600.png 600w, https:\/\/www.usborkeychain.com\/wp-content\/uploads\/Card-Flip-USB-Flash-Drive-100x100.png 100w\" sizes=\"(max-width: 800px) 100vw, 800px\" \/><\/figure>\n<\/div>\n<\/div>","protected":false},"excerpt":{"rendered":"<ul>\n<li>Plastique ABS<\/li>\n<li>Conception de la carte<\/li>\n<li>Vitesse plus rapide et haute qualit\u00e9<\/li>\n<li>Fiabilit\u00e9 et s\u00e9curit\u00e9<\/li>\n<li>MOQ:100pcs<\/li>\n<\/ul>","protected":false},"featured_media":4970,"comment_status":"open","ping_status":"closed","template":"","meta":{"_seopress_robots_primary_cat":"","_seopress_titles_title":"","_seopress_titles_desc":"","_seopress_robots_index":"","site-sidebar-layout":"default","site-content-layout":"","ast-site-content-layout":"","site-content-style":"default","site-sidebar-style":"default","ast-global-header-display":"","ast-banner-title-visibility":"","ast-main-header-display":"","ast-hfb-above-header-display":"","ast-hfb-below-header-display":"","ast-hfb-mobile-header-display":"","site-post-title":"","ast-breadcrumbs-content":"","ast-featured-img":"","footer-sml-layout":"","theme-transparent-header-meta":"","adv-header-id-meta":"","stick-header-meta":"","header-above-stick-meta":"","header-main-stick-meta":"","header-below-stick-meta":"","astra-migrate-meta-layouts":"default","ast-page-background-enabled":"default","ast-page-background-meta":{"desktop":{"background-color":"var(--ast-global-color-5)","background-image":"","background-repeat":"repeat","background-position":"center center","background-size":"auto","background-attachment":"scroll","background-type":"","background-media":"","overlay-type":"","overlay-color":"","overlay-opacity":"","overlay-gradient":""},"tablet":{"background-color":"","background-image":"","background-repeat":"repeat","background-position":"center center","background-size":"auto","background-attachment":"scroll","background-type":"","background-media":"","overlay-type":"","overlay-color":"","overlay-opacity":"","overlay-gradient":""},"mobile":{"background-color":"","background-image":"","background-repeat":"repeat","background-position":"center center","background-size":"auto","background-attachment":"scroll","background-type":"","background-media":"","overlay-type":"","overlay-color":"","overlay-opacity":"","overlay-gradient":""}},"ast-content-background-meta":{"desktop":{"background-color":"var(--ast-global-color-4)","background-image":"","background-repeat":"repeat","background-position":"center center","background-size":"auto","background-attachment":"scroll","background-type":"","background-media":"","overlay-type":"","overlay-color":"","overlay-opacity":"","overlay-gradient":""},"tablet":{"background-color":"var(--ast-global-color-4)","background-image":"","background-repeat":"repeat","background-position":"center center","background-size":"auto","background-attachment":"scroll","background-type":"","background-media":"","overlay-type":"","overlay-color":"","overlay-opacity":"","overlay-gradient":""},"mobile":{"background-color":"var(--ast-global-color-4)","background-image":"","background-repeat":"repeat","background-position":"center center","background-size":"auto","background-attachment":"scroll","background-type":"","background-media":"","overlay-type":"","overlay-color":"","overlay-opacity":"","overlay-gradient":""}}},"product_brand":[],"product_cat":[96],"product_tag":[303,302],"class_list":{"0":"post-4963","1":"product","2":"type-product","3":"status-publish","4":"has-post-thumbnail","6":"product_cat-card-usb-pendrive","7":"product_tag-card-usb-flash-drive","8":"product_tag-foldable-card-shaped-usb-drive","9":"desktop-align-left","10":"tablet-align-left","11":"mobile-align-left","13":"first","14":"instock","15":"shipping-taxable","16":"product-type-simple"},"_links":{"self":[{"href":"https:\/\/www.usborkeychain.com\/fr\/wp-json\/wp\/v2\/product\/4963","targetHints":{"allow":["GET"]}}],"collection":[{"href":"https:\/\/www.usborkeychain.com\/fr\/wp-json\/wp\/v2\/product"}],"about":[{"href":"https:\/\/www.usborkeychain.com\/fr\/wp-json\/wp\/v2\/types\/product"}],"replies":[{"embeddable":true,"href":"https:\/\/www.usborkeychain.com\/fr\/wp-json\/wp\/v2\/comments?post=4963"}],"wp:featuredmedia":[{"embeddable":true,"href":"https:\/\/www.usborkeychain.com\/fr\/wp-json\/wp\/v2\/media\/4970"}],"wp:attachment":[{"href":"https:\/\/www.usborkeychain.com\/fr\/wp-json\/wp\/v2\/media?parent=4963"}],"wp:term":[{"taxonomy":"product_brand","embeddable":true,"href":"https:\/\/www.usborkeychain.com\/fr\/wp-json\/wp\/v2\/product_brand?post=4963"},{"taxonomy":"product_cat","embeddable":true,"href":"https:\/\/www.usborkeychain.com\/fr\/wp-json\/wp\/v2\/product_cat?post=4963"},{"taxonomy":"product_tag","embeddable":true,"href":"https:\/\/www.usborkeychain.com\/fr\/wp-json\/wp\/v2\/product_tag?post=4963"}],"curies":[{"name":"wp","href":"https:\/\/api.w.org\/{rel}","templated":true}]}}