{"id":5063,"date":"2025-07-29T02:12:03","date_gmt":"2025-07-29T02:12:03","guid":{"rendered":"https:\/\/www.usborkeychain.com\/?post_type=product&#038;p=5063"},"modified":"2025-07-29T02:14:16","modified_gmt":"2025-07-29T02:14:16","slug":"bottle-opener-card-usb-flash-drive","status":"publish","type":"product","link":"https:\/\/www.usborkeychain.com\/fr\/produit\/bottle-opener-card-usb-flash-drive\/","title":{"rendered":"Ouvre-bouteille Carte Cl\u00e9 USB"},"content":{"rendered":"<div class=\"wp-block-columns is-layout-flex wp-container-core-columns-is-layout-28f84493 wp-block-columns-is-layout-flex\">\n<div class=\"wp-block-column is-vertically-aligned-center is-layout-flow wp-block-column-is-layout-flow\">\n<p>Le <strong>Ouvre-bouteille Carte Cl\u00e9 USB<\/strong> est principalement compos\u00e9 de mat\u00e9riaux de haute qualit\u00e9 <strong>Mati\u00e8re PVC<\/strong>Le mat\u00e9riau PVC est durable, l\u00e9ger et facile \u00e0 imprimer. Le mat\u00e9riau PVC garantit que la cl\u00e9 USB ne s'ab\u00eeme pas facilement lors d'une utilisation quotidienne. Elle a exactement la m\u00eame taille et la m\u00eame forme qu'une carte bancaire standard, ce qui la rend facile \u00e0 transporter dans un portefeuille, une poche ou un sac.<\/p>\n\n\n\n<p>Principaux composants :<\/p>\n\n\n\n<ul class=\"wp-block-list\">\n<li>Plastique respectueux de l'environnement (mat\u00e9riau composite ABS+PC), d'une \u00e9paisseur de 2,5 mm, avec des bords arrondis pour \u00e9viter les rayures ;<\/li>\n\n\n\n<li>Module d\u00e9capsuleur : Un m\u00e9tal en acier inoxydable 304 est int\u00e9gr\u00e9 au fond de la carte, ce qui permet d'ouvrir les capsules de bouteilles en toute s\u00e9curit\u00e9 ;<\/li>\n\n\n\n<li>Interface USB : Une interface m\u00e9tallique r\u00e9tractable qui est compl\u00e8tement cach\u00e9e lorsqu'elle est r\u00e9tract\u00e9e, pr\u00e9servant ainsi l'int\u00e9grit\u00e9 de la carte.<\/li>\n<\/ul>\n\n\n\n<p>En termes de conception : Le <strong>d\u00e9capsuleur et cl\u00e9 USB<\/strong> sont parfaitement int\u00e9gr\u00e9s dans une carte, qui peut \u00eatre utilis\u00e9e lorsqu'elle est d\u00e9pli\u00e9e, ce qui r\u00e9pond aux besoins de stockage et d'ouverture des bouteilles dans les sc\u00e9narios de restauration.<\/p>\n<\/div>\n\n\n\n<div class=\"wp-block-column is-vertically-aligned-center is-layout-flow wp-block-column-is-layout-flow\">\n<figure class=\"wp-block-image size-full\"><img alt=\"\" fetchpriority=\"high\" decoding=\"async\" width=\"800\" height=\"800\" src=\"https:\/\/www.usborkeychain.com\/wp-content\/uploads\/Usb-Bottle-Opener-Flash-Drive.jpg\" class=\"wp-image-5071\" srcset=\"https:\/\/www.usborkeychain.com\/wp-content\/uploads\/Usb-Bottle-Opener-Flash-Drive.jpg 800w, https:\/\/www.usborkeychain.com\/wp-content\/uploads\/Usb-Bottle-Opener-Flash-Drive-300x300.jpg 300w, https:\/\/www.usborkeychain.com\/wp-content\/uploads\/Usb-Bottle-Opener-Flash-Drive-150x150.jpg 150w, https:\/\/www.usborkeychain.com\/wp-content\/uploads\/Usb-Bottle-Opener-Flash-Drive-768x768.jpg 768w, https:\/\/www.usborkeychain.com\/wp-content\/uploads\/Usb-Bottle-Opener-Flash-Drive-12x12.jpg 12w, https:\/\/www.usborkeychain.com\/wp-content\/uploads\/Usb-Bottle-Opener-Flash-Drive-600x600.jpg 600w, https:\/\/www.usborkeychain.com\/wp-content\/uploads\/Usb-Bottle-Opener-Flash-Drive-100x100.jpg 100w\" sizes=\"(max-width: 800px) 100vw, 800px\" \/><\/figure>\n<\/div>\n<\/div>\n\n\n\n<h2 class=\"wp-block-heading\">Param\u00e8tres de la cl\u00e9 USB<\/h2>\n\n\n\n<figure class=\"wp-block-table\"><table class=\"has-fixed-layout\"><thead><tr><th>Cat\u00e9gorie de param\u00e8tres<\/th><th>D\u00e9tails sp\u00e9cifiques<\/th><\/tr><\/thead><tbody><tr><td>Capacit\u00e9<\/td><td>8GB, 16GB, 32GB, 64GB, 128GB<\/td><\/tr><tr><td>Dimensions (Longueur * Largeur * Epaisseur)<\/td><td>Environ 86 mm \u00d7 54 mm \u00d7 2 mm<\/td><\/tr><tr><td>Poids<\/td><td>Environ 28 grammes<\/td><\/tr><tr><td>Type d'interface<\/td><td>USB 2.0 ou USB 3.0<\/td><\/tr><tr><td>Mat\u00e9riau du d\u00e9capsuleur<\/td><td>Int\u00e9gr\u00e9 au corps principal, en PVC haute r\u00e9sistance combin\u00e9 \u00e0 des inserts m\u00e9talliques pour garantir la capacit\u00e9 de charge et la durabilit\u00e9 lors de l'ouverture des bouteilles.<\/td><\/tr><\/tbody><\/table><\/figure>\n\n\n\n<h2 class=\"wp-block-heading\">Qu'est-ce qui peut \u00eatre personnalis\u00e9 ?<\/h2>\n\n\n\n<div class=\"wp-block-columns is-layout-flex wp-container-core-columns-is-layout-28f84493 wp-block-columns-is-layout-flex\">\n<div class=\"wp-block-column is-vertically-aligned-center is-layout-flow wp-block-column-is-layout-flow\">\n<figure class=\"wp-block-image size-full\"><img alt=\"\" decoding=\"async\" width=\"800\" height=\"800\" src=\"https:\/\/www.usborkeychain.com\/wp-content\/uploads\/Card-Shape-Bottle-Opener-Flash-Drive.jpg\" class=\"wp-image-5069\" srcset=\"https:\/\/www.usborkeychain.com\/wp-content\/uploads\/Card-Shape-Bottle-Opener-Flash-Drive.jpg 800w, https:\/\/www.usborkeychain.com\/wp-content\/uploads\/Card-Shape-Bottle-Opener-Flash-Drive-300x300.jpg 300w, https:\/\/www.usborkeychain.com\/wp-content\/uploads\/Card-Shape-Bottle-Opener-Flash-Drive-150x150.jpg 150w, https:\/\/www.usborkeychain.com\/wp-content\/uploads\/Card-Shape-Bottle-Opener-Flash-Drive-768x768.jpg 768w, https:\/\/www.usborkeychain.com\/wp-content\/uploads\/Card-Shape-Bottle-Opener-Flash-Drive-12x12.jpg 12w, https:\/\/www.usborkeychain.com\/wp-content\/uploads\/Card-Shape-Bottle-Opener-Flash-Drive-600x600.jpg 600w, https:\/\/www.usborkeychain.com\/wp-content\/uploads\/Card-Shape-Bottle-Opener-Flash-Drive-100x100.jpg 100w\" sizes=\"(max-width: 800px) 100vw, 800px\" \/><\/figure>\n<\/div>\n\n\n\n<div class=\"wp-block-column is-vertically-aligned-center is-layout-flow wp-block-column-is-layout-flow\">\n<p>Le <strong>d\u00e9capsuleur carte cl\u00e9 USB<\/strong> permet une personnalisation pouss\u00e9e des motifs. Les proc\u00e9d\u00e9s d'impression courants sont les suivants<\/p>\n\n\n\n<ul class=\"wp-block-list\">\n<li><strong>S\u00e9rigraphie<\/strong>: Il s'agit d'une m\u00e9thode d'impression couramment utilis\u00e9e et rentable, qui convient pour les motifs simples, les logos et les textes. L'encre est press\u00e9e \u00e0 travers un \u00e9cran sur la surface du PVC pour former une marque durable et vivante.<\/li>\n\n\n\n<li><strong>Impression num\u00e9rique<\/strong>: Adapt\u00e9 aux conceptions complexes et \u00e0 haute r\u00e9solution, il peut reproduire avec pr\u00e9cision des images d\u00e9taill\u00e9es, des d\u00e9grad\u00e9s et des couleurs riches, cr\u00e9ant ainsi des cl\u00e9s USB promotionnelles exquises et en couleur.<\/li>\n\n\n\n<li><strong>Impression UV<\/strong>: Elle permet de cr\u00e9er un effet d'impression plus tridimensionnel et textur\u00e9. L'encre est instantan\u00e9ment durcie par la lumi\u00e8re ultraviolette, ce qui la rend r\u00e9sistante \u00e0 l'usure et durable. Elle permet \u00e9galement d'obtenir des textures sp\u00e9ciales telles que des finitions mates ou brillantes.<\/li>\n<\/ul>\n<\/div>\n<\/div>\n\n\n\n<h2 class=\"wp-block-heading\">Entreprises et sc\u00e9narios applicables<\/h2>\n\n\n\n<div class=\"wp-block-columns is-layout-flex wp-container-core-columns-is-layout-28f84493 wp-block-columns-is-layout-flex\">\n<div class=\"wp-block-column is-layout-flow wp-block-column-is-layout-flow\">\n<h3 class=\"wp-block-heading\">Entreprises concern\u00e9es<\/h3>\n\n\n\n<ul class=\"wp-block-list\">\n<li><strong>Entreprises de boissons<\/strong>: Les entreprises de bi\u00e8re, par exemple. La personnalisation des cl\u00e9s USB avec des images de marque en tant que cadeaux promotionnels, en combinant le d\u00e9capsuleur avec la fonction de cl\u00e9 USB, peut renforcer efficacement la notori\u00e9t\u00e9 de la marque et la fid\u00e9lit\u00e9 des clients.<\/li>\n\n\n\n<li><strong>Soci\u00e9t\u00e9s d'organisation d'\u00e9v\u00e9nements<\/strong>: Lors d'\u00e9v\u00e9nements tels que des festivals de musique, des f\u00eates d'entreprise et des lancements de produits, la personnalisation de cl\u00e9s USB sur le th\u00e8me de l'\u00e9v\u00e9nement en tant que souvenirs uniques peut am\u00e9liorer les souvenirs des participants.<\/li>\n\n\n\n<li><strong>Fournisseurs de cadeaux d'entreprise<\/strong>: Il peut \u00eatre emball\u00e9 comme un cadeau d'entreprise haut de gamme. Les entreprises peuvent personnaliser les logos et les offrir \u00e0 leurs partenaires, employ\u00e9s ou clients.<\/li>\n<\/ul>\n<\/div>\n\n\n\n<div class=\"wp-block-column is-vertically-aligned-top is-layout-flow wp-block-column-is-layout-flow\">\n<figure class=\"wp-block-image size-full\"><img alt=\"\" decoding=\"async\" width=\"800\" height=\"800\" src=\"https:\/\/www.usborkeychain.com\/wp-content\/uploads\/Card-USB-with-Opener.jpg\" class=\"wp-image-5068\" srcset=\"https:\/\/www.usborkeychain.com\/wp-content\/uploads\/Card-USB-with-Opener.jpg 800w, https:\/\/www.usborkeychain.com\/wp-content\/uploads\/Card-USB-with-Opener-300x300.jpg 300w, https:\/\/www.usborkeychain.com\/wp-content\/uploads\/Card-USB-with-Opener-150x150.jpg 150w, https:\/\/www.usborkeychain.com\/wp-content\/uploads\/Card-USB-with-Opener-768x768.jpg 768w, https:\/\/www.usborkeychain.com\/wp-content\/uploads\/Card-USB-with-Opener-12x12.jpg 12w, https:\/\/www.usborkeychain.com\/wp-content\/uploads\/Card-USB-with-Opener-600x600.jpg 600w, https:\/\/www.usborkeychain.com\/wp-content\/uploads\/Card-USB-with-Opener-100x100.jpg 100w\" sizes=\"(max-width: 800px) 100vw, 800px\" \/><\/figure>\n<\/div>\n<\/div>\n\n\n\n<div class=\"wp-block-columns is-layout-flex wp-container-core-columns-is-layout-28f84493 wp-block-columns-is-layout-flex\">\n<div class=\"wp-block-column is-layout-flow wp-block-column-is-layout-flow\">\n<h3 class=\"wp-block-heading\">Sc\u00e9narios applicables<\/h3>\n\n\n\n<ul class=\"wp-block-list\">\n<li><strong>Rassemblements sociaux<\/strong>: Lors de f\u00eates, de barbecues, de pique-niques, etc., le d\u00e9capsuleur permet d'ouvrir des boissons \u00e0 tout moment, et la fonction de cl\u00e9 USB peut \u00eatre utilis\u00e9e pour partager des photos, des vid\u00e9os ou de la musique lors d'\u00e9v\u00e9nements.<\/li>\n\n\n\n<li><strong>Voyages d'affaires<\/strong>: Les hommes d'affaires peuvent facilement le placer dans un portefeuille ou un porte-cartes de visite pour y ranger des documents professionnels importants et des pr\u00e9sentations. Ils peuvent \u00e9galement utiliser la fonction d\u00e9capsuleur lors de d\u00eeners d'affaires ou d'\u00e9v\u00e9nements sociaux apr\u00e8s le travail.<\/li>\n\n\n\n<li><strong>Activit\u00e9s promotionnelles<\/strong>: Dans le cadre de promotions en magasin, d'expositions ou de tirages au sort en ligne, les cl\u00e9s USB personnalis\u00e9es peuvent attirer l'attention des clients. <\/li>\n<\/ul>\n<\/div>\n\n\n\n<div class=\"wp-block-column is-layout-flow wp-block-column-is-layout-flow\">\n<figure class=\"wp-block-image size-full\"><img alt=\"\" loading=\"lazy\" decoding=\"async\" width=\"800\" height=\"800\" src=\"https:\/\/www.usborkeychain.com\/wp-content\/uploads\/Bottle-opener-card-USB-flash-drive.jpg\" class=\"wp-image-5066\" srcset=\"https:\/\/www.usborkeychain.com\/wp-content\/uploads\/Bottle-opener-card-USB-flash-drive.jpg 800w, https:\/\/www.usborkeychain.com\/wp-content\/uploads\/Bottle-opener-card-USB-flash-drive-300x300.jpg 300w, https:\/\/www.usborkeychain.com\/wp-content\/uploads\/Bottle-opener-card-USB-flash-drive-150x150.jpg 150w, https:\/\/www.usborkeychain.com\/wp-content\/uploads\/Bottle-opener-card-USB-flash-drive-768x768.jpg 768w, https:\/\/www.usborkeychain.com\/wp-content\/uploads\/Bottle-opener-card-USB-flash-drive-12x12.jpg 12w, https:\/\/www.usborkeychain.com\/wp-content\/uploads\/Bottle-opener-card-USB-flash-drive-600x600.jpg 600w, https:\/\/www.usborkeychain.com\/wp-content\/uploads\/Bottle-opener-card-USB-flash-drive-100x100.jpg 100w\" sizes=\"(max-width: 800px) 100vw, 800px\" \/><\/figure>\n<\/div>\n<\/div>\n\n\n\n<div class=\"wp-block-columns is-layout-flex wp-container-core-columns-is-layout-28f84493 wp-block-columns-is-layout-flex\">\n<div class=\"wp-block-column is-vertically-aligned-center is-layout-flow wp-block-column-is-layout-flow\">\n<figure class=\"wp-block-image size-full\"><img alt=\"\" loading=\"lazy\" decoding=\"async\" width=\"800\" height=\"800\" src=\"https:\/\/www.usborkeychain.com\/wp-content\/uploads\/card-shaped-usb-drive-1.jpg\" class=\"wp-image-5070\" srcset=\"https:\/\/www.usborkeychain.com\/wp-content\/uploads\/card-shaped-usb-drive-1.jpg 800w, https:\/\/www.usborkeychain.com\/wp-content\/uploads\/card-shaped-usb-drive-1-300x300.jpg 300w, https:\/\/www.usborkeychain.com\/wp-content\/uploads\/card-shaped-usb-drive-1-150x150.jpg 150w, https:\/\/www.usborkeychain.com\/wp-content\/uploads\/card-shaped-usb-drive-1-768x768.jpg 768w, https:\/\/www.usborkeychain.com\/wp-content\/uploads\/card-shaped-usb-drive-1-12x12.jpg 12w, https:\/\/www.usborkeychain.com\/wp-content\/uploads\/card-shaped-usb-drive-1-600x600.jpg 600w, https:\/\/www.usborkeychain.com\/wp-content\/uploads\/card-shaped-usb-drive-1-100x100.jpg 100w\" sizes=\"(max-width: 800px) 100vw, 800px\" \/><\/figure>\n<\/div>\n\n\n\n<div class=\"wp-block-column is-vertically-aligned-center is-layout-flow wp-block-column-is-layout-flow\">\n<p>Le <strong>d\u00e9capsuleur carte USB flash<\/strong> <strong>conduire<\/strong> est un produit multifonctionnel r\u00e9ellement innovant. Son design unique, qui combine un d\u00e9capsuleur et une cl\u00e9 USB de type carte, lui permet de se d\u00e9marquer sur le march\u00e9. Les nombreuses options de personnalisation en font un excellent outil promotionnel pour les entreprises. Les diff\u00e9rentes capacit\u00e9s et la portabilit\u00e9 r\u00e9pondent aux besoins des diff\u00e9rents utilisateurs. Elle peut jouer un r\u00f4le important dans les situations sociales, les voyages d'affaires ou les activit\u00e9s promotionnelles.<\/p>\n<\/div>\n\n\n\n<div class=\"wp-block-column is-vertically-aligned-center is-layout-flow wp-block-column-is-layout-flow\">\n<figure class=\"wp-block-image size-full\"><img alt=\"\" loading=\"lazy\" decoding=\"async\" width=\"800\" height=\"800\" src=\"https:\/\/www.usborkeychain.com\/wp-content\/uploads\/BottleOpener-Card-USB-drive.jpg\" class=\"wp-image-5067\" srcset=\"https:\/\/www.usborkeychain.com\/wp-content\/uploads\/BottleOpener-Card-USB-drive.jpg 800w, https:\/\/www.usborkeychain.com\/wp-content\/uploads\/BottleOpener-Card-USB-drive-300x300.jpg 300w, https:\/\/www.usborkeychain.com\/wp-content\/uploads\/BottleOpener-Card-USB-drive-150x150.jpg 150w, https:\/\/www.usborkeychain.com\/wp-content\/uploads\/BottleOpener-Card-USB-drive-768x768.jpg 768w, https:\/\/www.usborkeychain.com\/wp-content\/uploads\/BottleOpener-Card-USB-drive-12x12.jpg 12w, https:\/\/www.usborkeychain.com\/wp-content\/uploads\/BottleOpener-Card-USB-drive-600x600.jpg 600w, https:\/\/www.usborkeychain.com\/wp-content\/uploads\/BottleOpener-Card-USB-drive-100x100.jpg 100w\" sizes=\"(max-width: 800px) 100vw, 800px\" \/><\/figure>\n<\/div>\n<\/div>","protected":false},"excerpt":{"rendered":"<ul>\n<li>Mati\u00e8re PVC<\/li>\n<li>Cl\u00e9 USB de type carte<\/li>\n<li>Cl\u00e9 USB d\u00e9capsuleur<\/li>\n<li>Personnalisation des motifs<\/li>\n<li>MOQ:100pcs<\/li>\n<\/ul>","protected":false},"featured_media":5068,"comment_status":"open","ping_status":"closed","template":"","meta":{"_seopress_robots_primary_cat":"","_seopress_titles_title":"","_seopress_titles_desc":"","_seopress_robots_index":"","site-sidebar-layout":"default","site-content-layout":"","ast-site-content-layout":"","site-content-style":"default","site-sidebar-style":"default","ast-global-header-display":"","ast-banner-title-visibility":"","ast-main-header-display":"","ast-hfb-above-header-display":"","ast-hfb-below-header-display":"","ast-hfb-mobile-header-display":"","site-post-title":"","ast-breadcrumbs-content":"","ast-featured-img":"","footer-sml-layout":"","theme-transparent-header-meta":"","adv-header-id-meta":"","stick-header-meta":"","header-above-stick-meta":"","header-main-stick-meta":"","header-below-stick-meta":"","astra-migrate-meta-layouts":"default","ast-page-background-enabled":"default","ast-page-background-meta":{"desktop":{"background-color":"var(--ast-global-color-5)","background-image":"","background-repeat":"repeat","background-position":"center center","background-size":"auto","background-attachment":"scroll","background-type":"","background-media":"","overlay-type":"","overlay-color":"","overlay-opacity":"","overlay-gradient":""},"tablet":{"background-color":"","background-image":"","background-repeat":"repeat","background-position":"center center","background-size":"auto","background-attachment":"scroll","background-type":"","background-media":"","overlay-type":"","overlay-color":"","overlay-opacity":"","overlay-gradient":""},"mobile":{"background-color":"","background-image":"","background-repeat":"repeat","background-position":"center center","background-size":"auto","background-attachment":"scroll","background-type":"","background-media":"","overlay-type":"","overlay-color":"","overlay-opacity":"","overlay-gradient":""}},"ast-content-background-meta":{"desktop":{"background-color":"var(--ast-global-color-4)","background-image":"","background-repeat":"repeat","background-position":"center center","background-size":"auto","background-attachment":"scroll","background-type":"","background-media":"","overlay-type":"","overlay-color":"","overlay-opacity":"","overlay-gradient":""},"tablet":{"background-color":"var(--ast-global-color-4)","background-image":"","background-repeat":"repeat","background-position":"center center","background-size":"auto","background-attachment":"scroll","background-type":"","background-media":"","overlay-type":"","overlay-color":"","overlay-opacity":"","overlay-gradient":""},"mobile":{"background-color":"var(--ast-global-color-4)","background-image":"","background-repeat":"repeat","background-position":"center center","background-size":"auto","background-attachment":"scroll","background-type":"","background-media":"","overlay-type":"","overlay-color":"","overlay-opacity":"","overlay-gradient":""}}},"product_brand":[],"product_cat":[96],"product_tag":[307,303],"class_list":{"0":"post-5063","1":"product","2":"type-product","3":"status-publish","4":"has-post-thumbnail","6":"product_cat-card-usb-pendrive","7":"product_tag-bottle-opener-card-usb-flash-drive","8":"product_tag-card-usb-flash-drive","9":"desktop-align-left","10":"tablet-align-left","11":"mobile-align-left","13":"first","14":"instock","15":"shipping-taxable","16":"product-type-simple"},"_links":{"self":[{"href":"https:\/\/www.usborkeychain.com\/fr\/wp-json\/wp\/v2\/product\/5063","targetHints":{"allow":["GET"]}}],"collection":[{"href":"https:\/\/www.usborkeychain.com\/fr\/wp-json\/wp\/v2\/product"}],"about":[{"href":"https:\/\/www.usborkeychain.com\/fr\/wp-json\/wp\/v2\/types\/product"}],"replies":[{"embeddable":true,"href":"https:\/\/www.usborkeychain.com\/fr\/wp-json\/wp\/v2\/comments?post=5063"}],"wp:featuredmedia":[{"embeddable":true,"href":"https:\/\/www.usborkeychain.com\/fr\/wp-json\/wp\/v2\/media\/5068"}],"wp:attachment":[{"href":"https:\/\/www.usborkeychain.com\/fr\/wp-json\/wp\/v2\/media?parent=5063"}],"wp:term":[{"taxonomy":"product_brand","embeddable":true,"href":"https:\/\/www.usborkeychain.com\/fr\/wp-json\/wp\/v2\/product_brand?post=5063"},{"taxonomy":"product_cat","embeddable":true,"href":"https:\/\/www.usborkeychain.com\/fr\/wp-json\/wp\/v2\/product_cat?post=5063"},{"taxonomy":"product_tag","embeddable":true,"href":"https:\/\/www.usborkeychain.com\/fr\/wp-json\/wp\/v2\/product_tag?post=5063"}],"curies":[{"name":"wp","href":"https:\/\/api.w.org\/{rel}","templated":true}]}}