{"id":5072,"date":"2025-07-29T03:08:21","date_gmt":"2025-07-29T03:08:21","guid":{"rendered":"https:\/\/www.usborkeychain.com\/?post_type=product&#038;p=5072"},"modified":"2025-07-29T03:09:25","modified_gmt":"2025-07-29T03:09:25","slug":"clothing-shaped-card-usb-flash-drive","status":"publish","type":"product","link":"https:\/\/www.usborkeychain.com\/fr\/produit\/clothing-shaped-card-usb-flash-drive\/","title":{"rendered":"Carte en forme de v\u00eatement Cl\u00e9 USB"},"content":{"rendered":"<div class=\"wp-block-columns is-layout-flex wp-container-core-columns-is-layout-28f84493 wp-block-columns-is-layout-flex\">\n<div class=\"wp-block-column is-vertically-aligned-center is-layout-flow wp-block-column-is-layout-flow\">\n<p>Il est fabriqu\u00e9 en haute - <strong>Mati\u00e8re plastique ABS de qualit\u00e9<\/strong>Il est r\u00e9sistant \u00e0 l'usure et aux chutes, et peut prot\u00e9ger efficacement la puce de stockage interne. Il est r\u00e9sistant \u00e0 l'usure et aux chutes, et peut prot\u00e9ger efficacement la puce de stockage interne. M\u00eame s'il est fr\u00e9quemment transport\u00e9 dans la vie quotidienne et l\u00e9g\u00e8rement heurt\u00e9, il n'est pas facile de l'endommager, ce qui garantit la s\u00e9curit\u00e9 du stockage des donn\u00e9es. La surface est finement trait\u00e9e, avec un toucher lisse et d\u00e9licat, combinant une sensation et une texture confortables.<\/p>\n\n\n\n<p>Con\u00e7ue de mani\u00e8re cr\u00e9ative en s'inspirant de la forme des v\u00eatements, la cl\u00e9 USB prend ing\u00e9nieusement la forme d'un mini-v\u00eatement, rompant ainsi avec l'aspect conventionnel des cl\u00e9s USB traditionnelles et apportant une touche de nouveaut\u00e9 visuelle. Qu'il s'agisse d'un simple \"v\u00eatement\" unicolore ou d'une \"version personnalis\u00e9e\" imprim\u00e9e avec des motifs et des \u00e9l\u00e9ments de marque \u00e0 la mode, elle peut s'adapter pr\u00e9cis\u00e9ment au ton de l'industrie de l'habillement. <\/p>\n<\/div>\n\n\n\n<div class=\"wp-block-column is-vertically-aligned-center is-layout-flow wp-block-column-is-layout-flow\">\n<figure class=\"wp-block-image size-full\"><img alt=\"\" fetchpriority=\"high\" decoding=\"async\" width=\"800\" height=\"800\" src=\"https:\/\/www.usborkeychain.com\/wp-content\/uploads\/card-usb-drives.jpg\" class=\"wp-image-5078\" srcset=\"https:\/\/www.usborkeychain.com\/wp-content\/uploads\/card-usb-drives.jpg 800w, https:\/\/www.usborkeychain.com\/wp-content\/uploads\/card-usb-drives-300x300.jpg 300w, https:\/\/www.usborkeychain.com\/wp-content\/uploads\/card-usb-drives-150x150.jpg 150w, https:\/\/www.usborkeychain.com\/wp-content\/uploads\/card-usb-drives-768x768.jpg 768w, https:\/\/www.usborkeychain.com\/wp-content\/uploads\/card-usb-drives-12x12.jpg 12w, https:\/\/www.usborkeychain.com\/wp-content\/uploads\/card-usb-drives-600x600.jpg 600w, https:\/\/www.usborkeychain.com\/wp-content\/uploads\/card-usb-drives-100x100.jpg 100w\" sizes=\"(max-width: 800px) 100vw, 800px\" \/><\/figure>\n<\/div>\n<\/div>\n\n\n\n<h2 class=\"wp-block-heading\">Param\u00e8tres de base de la cl\u00e9 USB<\/h2>\n\n\n\n<figure class=\"wp-block-table\"><table class=\"has-fixed-layout\"><thead><tr><th>Cat\u00e9gorie de param\u00e8tres<\/th><th>Sp\u00e9cifications sp\u00e9cifiques<\/th><\/tr><\/thead><tbody><tr><td>Capacit\u00e9<\/td><td>8GB, 16GB, 32GB, 64GB, 128GB<\/td><\/tr><tr><td>Dimensions (Longueur * Largeur * Epaisseur)<\/td><td>Environ 86 mm \u00d7 54 mm \u00d7 2 mm<\/td><\/tr><tr><td>Poids<\/td><td>Environ 10 grammes<\/td><\/tr><tr><td>Type d'interface<\/td><td>USB 2.0\/USB 3.0<\/td><\/tr><\/tbody><\/table><\/figure>\n\n\n\n<h2 class=\"wp-block-heading\">Le logo peut-il \u00eatre personnalis\u00e9 ?<\/h2>\n\n\n\n<div class=\"wp-block-columns is-layout-flex wp-container-core-columns-is-layout-28f84493 wp-block-columns-is-layout-flex\">\n<div class=\"wp-block-column is-layout-flow wp-block-column-is-layout-flow\">\n<figure class=\"wp-block-image size-full\"><img alt=\"\" decoding=\"async\" width=\"800\" height=\"800\" src=\"https:\/\/www.usborkeychain.com\/wp-content\/uploads\/Card-Flip-USB-Flash-Drive.jpg\" class=\"wp-image-5076\" srcset=\"https:\/\/www.usborkeychain.com\/wp-content\/uploads\/Card-Flip-USB-Flash-Drive.jpg 800w, https:\/\/www.usborkeychain.com\/wp-content\/uploads\/Card-Flip-USB-Flash-Drive-300x300.jpg 300w, https:\/\/www.usborkeychain.com\/wp-content\/uploads\/Card-Flip-USB-Flash-Drive-150x150.jpg 150w, https:\/\/www.usborkeychain.com\/wp-content\/uploads\/Card-Flip-USB-Flash-Drive-768x768.jpg 768w, https:\/\/www.usborkeychain.com\/wp-content\/uploads\/Card-Flip-USB-Flash-Drive-12x12.jpg 12w, https:\/\/www.usborkeychain.com\/wp-content\/uploads\/Card-Flip-USB-Flash-Drive-600x600.jpg 600w, https:\/\/www.usborkeychain.com\/wp-content\/uploads\/Card-Flip-USB-Flash-Drive-100x100.jpg 100w\" sizes=\"(max-width: 800px) 100vw, 800px\" \/><\/figure>\n<\/div>\n\n\n\n<div class=\"wp-block-column is-vertically-aligned-center is-layout-flow wp-block-column-is-layout-flow\">\n<p>Il prend en charge la personnalisation compl\u00e8te des mod\u00e8les de format. Les processus d'impression comprennent :<\/p>\n\n\n\n<ul class=\"wp-block-list\">\n<li><strong>Impression UV<\/strong>: Le degr\u00e9 de r\u00e9duction des couleurs est extr\u00eamement \u00e9lev\u00e9, ce qui permet de pr\u00e9senter avec pr\u00e9cision les d\u00e9tails et les effets de gradient des motifs, rendant ainsi les impressions sur les \"v\u00eatements\" \u00e9clatantes. <\/li>\n\n\n\n<li><strong>S\u00e9rigraphie<\/strong>: Il convient \u00e0 l'impression de logos et de textes simples. <\/li>\n\n\n\n<li><strong>Impression par transfert thermique<\/strong>: Elle peut r\u00e9aliser des motifs complexes et des impressions multicolores. Les motifs ont une transition naturelle, ce qui conf\u00e8re \u00e0 la cl\u00e9 USB en forme de v\u00eatement des couches visuelles riches et rend les conceptions personnalis\u00e9es plus artistiques et uniques.<\/li>\n<\/ul>\n<\/div>\n<\/div>\n\n\n\n<h2 class=\"wp-block-heading\">Quelles sont les entreprises qui peuvent l'utiliser ?<\/h2>\n\n\n\n<div class=\"wp-block-columns is-layout-flex wp-container-core-columns-is-layout-28f84493 wp-block-columns-is-layout-flex\">\n<div class=\"wp-block-column is-layout-flow wp-block-column-is-layout-flow\">\n<h3 class=\"wp-block-heading\">Entreprises de l'habillement<\/h3>\n\n\n\n<p>Imprimez le logo de la marque et la s\u00e9rie de v\u00eatements classiques sur la cl\u00e9 USB et offrez-la avec des produits ou utilisez-la comme cadeau dans le cadre d'une coop\u00e9ration commerciale.<\/p>\n\n\n\n<h3 class=\"wp-block-heading\">Soci\u00e9t\u00e9s de vente de v\u00eatements<\/h3>\n\n\n\n<p>Lors d'activit\u00e9s promotionnelles et de la distribution d'avantages aux membres, personnalisez les cl\u00e9s USB avec des th\u00e8mes d'\u00e9v\u00e9nements et des mod\u00e8les de v\u00eatements populaires afin d'inciter les consommateurs \u00e0 participer et d'augmenter l'attachement de la client\u00e8le. <\/p>\n\n\n\n<h3 class=\"wp-block-heading\">Studios de cr\u00e9ation de mode<\/h3>\n\n\n\n<p>Int\u00e9grer les \u00e9l\u00e9ments \"vestimentaires\" caract\u00e9ristiques du studio dans l'apparence de la cl\u00e9 USB. <\/p>\n<\/div>\n\n\n\n<div class=\"wp-block-column is-vertically-aligned-center is-layout-flow wp-block-column-is-layout-flow\">\n<figure class=\"wp-block-image size-full\"><img alt=\"\" decoding=\"async\" width=\"800\" height=\"800\" src=\"https:\/\/www.usborkeychain.com\/wp-content\/uploads\/Business-card-flash-drives.jpg\" class=\"wp-image-5075\" srcset=\"https:\/\/www.usborkeychain.com\/wp-content\/uploads\/Business-card-flash-drives.jpg 800w, https:\/\/www.usborkeychain.com\/wp-content\/uploads\/Business-card-flash-drives-300x300.jpg 300w, https:\/\/www.usborkeychain.com\/wp-content\/uploads\/Business-card-flash-drives-150x150.jpg 150w, https:\/\/www.usborkeychain.com\/wp-content\/uploads\/Business-card-flash-drives-768x768.jpg 768w, https:\/\/www.usborkeychain.com\/wp-content\/uploads\/Business-card-flash-drives-12x12.jpg 12w, https:\/\/www.usborkeychain.com\/wp-content\/uploads\/Business-card-flash-drives-600x600.jpg 600w, https:\/\/www.usborkeychain.com\/wp-content\/uploads\/Business-card-flash-drives-100x100.jpg 100w\" sizes=\"(max-width: 800px) 100vw, 800px\" \/><\/figure>\n<\/div>\n<\/div>\n\n\n\n<div class=\"wp-block-columns is-layout-flex wp-container-core-columns-is-layout-28f84493 wp-block-columns-is-layout-flex\">\n<div class=\"wp-block-column is-layout-flow wp-block-column-is-layout-flow\">\n<figure class=\"wp-block-image size-full\"><img alt=\"\" loading=\"lazy\" decoding=\"async\" width=\"800\" height=\"800\" src=\"https:\/\/www.usborkeychain.com\/wp-content\/uploads\/card-usb-drive-1.jpg\" class=\"wp-image-5077\" srcset=\"https:\/\/www.usborkeychain.com\/wp-content\/uploads\/card-usb-drive-1.jpg 800w, https:\/\/www.usborkeychain.com\/wp-content\/uploads\/card-usb-drive-1-300x300.jpg 300w, https:\/\/www.usborkeychain.com\/wp-content\/uploads\/card-usb-drive-1-150x150.jpg 150w, https:\/\/www.usborkeychain.com\/wp-content\/uploads\/card-usb-drive-1-768x768.jpg 768w, https:\/\/www.usborkeychain.com\/wp-content\/uploads\/card-usb-drive-1-12x12.jpg 12w, https:\/\/www.usborkeychain.com\/wp-content\/uploads\/card-usb-drive-1-600x600.jpg 600w, https:\/\/www.usborkeychain.com\/wp-content\/uploads\/card-usb-drive-1-100x100.jpg 100w\" sizes=\"(max-width: 800px) 100vw, 800px\" \/><\/figure>\n<\/div>\n\n\n\n<div class=\"wp-block-column is-vertically-aligned-center is-layout-flow wp-block-column-is-layout-flow\">\n<p>Le <strong>Carte en forme de v\u00eatement Cl\u00e9 USB <\/strong>rompt avec les conventions des dispositifs de stockage gr\u00e2ce \u00e0 sa forme de \"v\u00eatement\" \u00e0 la mode. <\/p>\n\n\n\n<p>Le mat\u00e9riau de haute qualit\u00e9 garantit la durabilit\u00e9, les nombreux param\u00e8tres r\u00e9pondent aux divers besoins et la fonction de personnalisation se conforme pr\u00e9cis\u00e9ment \u00e0 la logique de promotion de l'industrie de l'habillement et des industries de la mode connexes. <\/p>\n\n\n\n<p>Qu'il s'agisse pour les entreprises de l'habillement de d\u00e9velopper leurs marques, pour les soci\u00e9t\u00e9s de vente de v\u00eatements d'acqu\u00e9rir des clients ou pour les institutions de la mode de transmettre leur cr\u00e9ativit\u00e9, il peut servir de support \u00e0 double usage, pratique et communicatif.<\/p>\n<\/div>\n<\/div>","protected":false},"excerpt":{"rendered":"<ul>\n<li>Mati\u00e8re plastique ABS<\/li>\n<li>Personnalisation des motifs<\/li>\n<li>Carte Cl\u00e9 USB<\/li>\n<li>V\u00eatements en forme<\/li>\n<li>MOQ:100pcs<\/li>\n<\/ul>","protected":false},"featured_media":5075,"comment_status":"open","ping_status":"closed","template":"","meta":{"_seopress_robots_primary_cat":"","_seopress_titles_title":"","_seopress_titles_desc":"","_seopress_robots_index":"","site-sidebar-layout":"default","site-content-layout":"","ast-site-content-layout":"","site-content-style":"default","site-sidebar-style":"default","ast-global-header-display":"","ast-banner-title-visibility":"","ast-main-header-display":"","ast-hfb-above-header-display":"","ast-hfb-below-header-display":"","ast-hfb-mobile-header-display":"","site-post-title":"","ast-breadcrumbs-content":"","ast-featured-img":"","footer-sml-layout":"","theme-transparent-header-meta":"","adv-header-id-meta":"","stick-header-meta":"","header-above-stick-meta":"","header-main-stick-meta":"","header-below-stick-meta":"","astra-migrate-meta-layouts":"default","ast-page-background-enabled":"default","ast-page-background-meta":{"desktop":{"background-color":"var(--ast-global-color-5)","background-image":"","background-repeat":"repeat","background-position":"center center","background-size":"auto","background-attachment":"scroll","background-type":"","background-media":"","overlay-type":"","overlay-color":"","overlay-opacity":"","overlay-gradient":""},"tablet":{"background-color":"","background-image":"","background-repeat":"repeat","background-position":"center center","background-size":"auto","background-attachment":"scroll","background-type":"","background-media":"","overlay-type":"","overlay-color":"","overlay-opacity":"","overlay-gradient":""},"mobile":{"background-color":"","background-image":"","background-repeat":"repeat","background-position":"center center","background-size":"auto","background-attachment":"scroll","background-type":"","background-media":"","overlay-type":"","overlay-color":"","overlay-opacity":"","overlay-gradient":""}},"ast-content-background-meta":{"desktop":{"background-color":"var(--ast-global-color-4)","background-image":"","background-repeat":"repeat","background-position":"center center","background-size":"auto","background-attachment":"scroll","background-type":"","background-media":"","overlay-type":"","overlay-color":"","overlay-opacity":"","overlay-gradient":""},"tablet":{"background-color":"var(--ast-global-color-4)","background-image":"","background-repeat":"repeat","background-position":"center center","background-size":"auto","background-attachment":"scroll","background-type":"","background-media":"","overlay-type":"","overlay-color":"","overlay-opacity":"","overlay-gradient":""},"mobile":{"background-color":"var(--ast-global-color-4)","background-image":"","background-repeat":"repeat","background-position":"center center","background-size":"auto","background-attachment":"scroll","background-type":"","background-media":"","overlay-type":"","overlay-color":"","overlay-opacity":"","overlay-gradient":""}}},"product_brand":[],"product_cat":[96],"product_tag":[303,308],"class_list":{"0":"post-5072","1":"product","2":"type-product","3":"status-publish","4":"has-post-thumbnail","6":"product_cat-card-usb-pendrive","7":"product_tag-card-usb-flash-drive","8":"product_tag-clothing-shaped-card-usb-flash-drive","9":"desktop-align-left","10":"tablet-align-left","11":"mobile-align-left","13":"first","14":"instock","15":"shipping-taxable","16":"product-type-simple"},"_links":{"self":[{"href":"https:\/\/www.usborkeychain.com\/fr\/wp-json\/wp\/v2\/product\/5072","targetHints":{"allow":["GET"]}}],"collection":[{"href":"https:\/\/www.usborkeychain.com\/fr\/wp-json\/wp\/v2\/product"}],"about":[{"href":"https:\/\/www.usborkeychain.com\/fr\/wp-json\/wp\/v2\/types\/product"}],"replies":[{"embeddable":true,"href":"https:\/\/www.usborkeychain.com\/fr\/wp-json\/wp\/v2\/comments?post=5072"}],"wp:featuredmedia":[{"embeddable":true,"href":"https:\/\/www.usborkeychain.com\/fr\/wp-json\/wp\/v2\/media\/5075"}],"wp:attachment":[{"href":"https:\/\/www.usborkeychain.com\/fr\/wp-json\/wp\/v2\/media?parent=5072"}],"wp:term":[{"taxonomy":"product_brand","embeddable":true,"href":"https:\/\/www.usborkeychain.com\/fr\/wp-json\/wp\/v2\/product_brand?post=5072"},{"taxonomy":"product_cat","embeddable":true,"href":"https:\/\/www.usborkeychain.com\/fr\/wp-json\/wp\/v2\/product_cat?post=5072"},{"taxonomy":"product_tag","embeddable":true,"href":"https:\/\/www.usborkeychain.com\/fr\/wp-json\/wp\/v2\/product_tag?post=5072"}],"curies":[{"name":"wp","href":"https:\/\/api.w.org\/{rel}","templated":true}]}}