{"id":5091,"date":"2025-07-29T10:33:25","date_gmt":"2025-07-29T10:33:25","guid":{"rendered":"https:\/\/www.usborkeychain.com\/?post_type=product&#038;p=5091"},"modified":"2025-08-01T14:49:50","modified_gmt":"2025-08-01T14:49:50","slug":"metal-card-shaped-usb-2-0-flash-drive","status":"publish","type":"product","link":"https:\/\/www.usborkeychain.com\/fr\/produit\/metal-card-shaped-usb-2-0-flash-drive\/","title":{"rendered":"Cl\u00e9 USB 2.0 en forme de carte en m\u00e9tal"},"content":{"rendered":"<div class=\"wp-block-columns is-layout-flex wp-container-core-columns-is-layout-28f84493 wp-block-columns-is-layout-flex\">\n<div class=\"wp-block-column is-vertically-aligned-center is-layout-flow wp-block-column-is-layout-flow\">\n<h3 class=\"wp-block-heading\">Artisanat et mat\u00e9riaux<\/h3>\n\n\n\n<p>Le<strong> cl\u00e9 USB 2.0 en forme de carte<\/strong> est fait de m\u00e9tal et trait\u00e9 par des techniques \u00e9labor\u00e9es telles que le tr\u00e9filage et l'oxydation. <\/p>\n\n\n\n<p>Cela lui conf\u00e8re une texture fine, une excellente r\u00e9sistance \u00e0 l'usure et aux chutes, et prot\u00e8ge efficacement la puce de stockage interne. Par rapport aux mat\u00e9riaux plastiques, la coque m\u00e9tallique am\u00e9liore non seulement la qualit\u00e9 du produit, mais aussi sa durabilit\u00e9. Elle est moins susceptible de se rayer ou de se d\u00e9former lors d'une utilisation \u00e0 long terme.<\/p>\n<\/div>\n\n\n\n<div class=\"wp-block-column is-vertically-aligned-center is-layout-flow wp-block-column-is-layout-flow\">\n<figure class=\"wp-block-image size-full\"><img alt=\"\" fetchpriority=\"high\" decoding=\"async\" width=\"800\" height=\"800\" src=\"https:\/\/www.usborkeychain.com\/wp-content\/uploads\/business-card-usb-drive-3.jpg\" class=\"wp-image-5095\" srcset=\"https:\/\/www.usborkeychain.com\/wp-content\/uploads\/business-card-usb-drive-3.jpg 800w, https:\/\/www.usborkeychain.com\/wp-content\/uploads\/business-card-usb-drive-3-300x300.jpg 300w, https:\/\/www.usborkeychain.com\/wp-content\/uploads\/business-card-usb-drive-3-150x150.jpg 150w, https:\/\/www.usborkeychain.com\/wp-content\/uploads\/business-card-usb-drive-3-768x768.jpg 768w, https:\/\/www.usborkeychain.com\/wp-content\/uploads\/business-card-usb-drive-3-12x12.jpg 12w, https:\/\/www.usborkeychain.com\/wp-content\/uploads\/business-card-usb-drive-3-600x600.jpg 600w, https:\/\/www.usborkeychain.com\/wp-content\/uploads\/business-card-usb-drive-3-100x100.jpg 100w\" sizes=\"(max-width: 800px) 100vw, 800px\" \/><\/figure>\n<\/div>\n<\/div>\n\n\n\n<div class=\"wp-block-columns is-layout-flex wp-container-core-columns-is-layout-28f84493 wp-block-columns-is-layout-flex\">\n<div class=\"wp-block-column is-vertically-aligned-center is-layout-flow wp-block-column-is-layout-flow\">\n<h3 class=\"wp-block-heading\">Interface et vitesse de transfert<\/h3>\n\n\n\n<p>Dot\u00e9 d'une interface USB 2.0, il dispose d'un protocole de transmission mature et stable, largement compatible avec divers appareils, \u00e9liminant ainsi les probl\u00e8mes de compatibilit\u00e9 d'interface. Son taux de transmission th\u00e9orique est de 480 Mbps. En utilisation r\u00e9elle, la vitesse de lecture est d'environ 15 \u00e0 25 Mo\/s, et la vitesse d'\u00e9criture d'environ 5 \u00e0 15 Mo\/s. Compar\u00e9 \u00e0 l'USB 3.0 (avec un taux th\u00e9orique de 5 Gbps et une vitesse de lecture r\u00e9elle de 40 \u00e0 100 Mo\/s), l'USB 2.0 est l\u00e9g\u00e8rement plus lent. Cependant, sa compatibilit\u00e9 est plus forte et son co\u00fbt plus faible. Il peut parfaitement r\u00e9pondre aux besoins de transfert de donn\u00e9es quotidien, comme les documents et les photos de petite capacit\u00e9, et peut \u00e9galement fonctionner de mani\u00e8re stable sur des appareils plus anciens.<\/p>\n<\/div>\n\n\n\n<div class=\"wp-block-column is-vertically-aligned-center is-layout-flow wp-block-column-is-layout-flow\">\n<figure class=\"wp-block-image size-full\"><img alt=\"\" decoding=\"async\" width=\"800\" height=\"800\" src=\"https:\/\/www.usborkeychain.com\/wp-content\/uploads\/wafer-usb-card-3.jpg\" class=\"wp-image-5106\" srcset=\"https:\/\/www.usborkeychain.com\/wp-content\/uploads\/wafer-usb-card-3.jpg 800w, https:\/\/www.usborkeychain.com\/wp-content\/uploads\/wafer-usb-card-3-300x300.jpg 300w, https:\/\/www.usborkeychain.com\/wp-content\/uploads\/wafer-usb-card-3-150x150.jpg 150w, https:\/\/www.usborkeychain.com\/wp-content\/uploads\/wafer-usb-card-3-768x768.jpg 768w, https:\/\/www.usborkeychain.com\/wp-content\/uploads\/wafer-usb-card-3-12x12.jpg 12w, https:\/\/www.usborkeychain.com\/wp-content\/uploads\/wafer-usb-card-3-600x600.jpg 600w, https:\/\/www.usborkeychain.com\/wp-content\/uploads\/wafer-usb-card-3-100x100.jpg 100w\" sizes=\"(max-width: 800px) 100vw, 800px\" \/><\/figure>\n<\/div>\n<\/div>\n\n\n\n<div class=\"wp-block-columns is-layout-flex wp-container-core-columns-is-layout-28f84493 wp-block-columns-is-layout-flex\">\n<div class=\"wp-block-column is-vertically-aligned-center is-layout-flow wp-block-column-is-layout-flow\">\n<p>Le <strong>Cl\u00e9 USB <\/strong>adopte une interface cach\u00e9e. L'interface peut \u00eatre extraite et r\u00e9tract\u00e9e de mani\u00e8re flexible. Lorsqu'elle est r\u00e9tract\u00e9e, elle s'int\u00e8gre au corps en forme de carte, prot\u00e9geant l'interface contre les dommages et rendant l'aspect g\u00e9n\u00e9ral plus concis et r\u00e9gulier. Elle est aussi pratique \u00e0 transporter qu'une carte m\u00e9tallique et peut \u00eatre facilement plac\u00e9e dans un portefeuille ou un porte-cartes de visite.<\/p>\n<\/div>\n\n\n\n<div class=\"wp-block-column is-vertically-aligned-center is-layout-flow wp-block-column-is-layout-flow\">\n<figure class=\"wp-block-image size-full\"><img alt=\"\" decoding=\"async\" width=\"800\" height=\"800\" src=\"https:\/\/www.usborkeychain.com\/wp-content\/uploads\/custom-credit-card-usb-drive-2.jpg\" class=\"wp-image-5101\" srcset=\"https:\/\/www.usborkeychain.com\/wp-content\/uploads\/custom-credit-card-usb-drive-2.jpg 800w, https:\/\/www.usborkeychain.com\/wp-content\/uploads\/custom-credit-card-usb-drive-2-300x300.jpg 300w, https:\/\/www.usborkeychain.com\/wp-content\/uploads\/custom-credit-card-usb-drive-2-150x150.jpg 150w, https:\/\/www.usborkeychain.com\/wp-content\/uploads\/custom-credit-card-usb-drive-2-768x768.jpg 768w, https:\/\/www.usborkeychain.com\/wp-content\/uploads\/custom-credit-card-usb-drive-2-12x12.jpg 12w, https:\/\/www.usborkeychain.com\/wp-content\/uploads\/custom-credit-card-usb-drive-2-600x600.jpg 600w, https:\/\/www.usborkeychain.com\/wp-content\/uploads\/custom-credit-card-usb-drive-2-100x100.jpg 100w\" sizes=\"(max-width: 800px) 100vw, 800px\" \/><\/figure>\n<\/div>\n<\/div>\n\n\n\n<h2 class=\"wp-block-heading\">Param\u00e8tres de la cl\u00e9 USB<\/h2>\n\n\n\n<figure class=\"wp-block-table\"><table class=\"has-fixed-layout\"><thead><tr><th>Cat\u00e9gorie de param\u00e8tres<\/th><th>Sp\u00e9cifications sp\u00e9cifiques<\/th><\/tr><\/thead><tbody><tr><td>Capacit\u00e9<\/td><td>8GB, 16GB, 32GB, 64GB, 128GB<\/td><\/tr><tr><td>Dimensions (Longueur * Largeur * Epaisseur)<\/td><td>Environ 86mm\u00d754mm\u00d73mm<\/td><\/tr><tr><td>Poids<\/td><td>Environ 20 grammes<\/td><\/tr><tr><td>Type d'interface<\/td><td>USB 2.0, tr\u00e8s polyvalent et adaptable \u00e0 la plupart des ordinateurs, t\u00e9l\u00e9phones portables (avec un adaptateur) et autres appareils.<\/td><\/tr><tr><td>Vitesses de lecture\/\u00e9criture<\/td><td>Lecture : Environ 15 - 25 Mo\/s ; \u00e9criture : Environ 5 - 15MB\/s (les vitesses r\u00e9elles peuvent fluctuer en fonction de l'appareil et de l'environnement)<\/td><\/tr><\/tbody><\/table><\/figure>\n\n\n\n<h2 class=\"wp-block-heading\">Qu'est-ce qui peut \u00eatre personnalis\u00e9 ?<\/h2>\n\n\n\n<div class=\"wp-block-columns is-layout-flex wp-container-core-columns-is-layout-28f84493 wp-block-columns-is-layout-flex\">\n<div class=\"wp-block-column is-vertically-aligned-center is-layout-flow wp-block-column-is-layout-flow\">\n<figure class=\"wp-block-image size-full\"><img alt=\"\" loading=\"lazy\" decoding=\"async\" width=\"800\" height=\"800\" src=\"https:\/\/www.usborkeychain.com\/wp-content\/uploads\/card-shaped-usb-drive-USB2.0.jpg\" class=\"wp-image-5097\" srcset=\"https:\/\/www.usborkeychain.com\/wp-content\/uploads\/card-shaped-usb-drive-USB2.0.jpg 800w, https:\/\/www.usborkeychain.com\/wp-content\/uploads\/card-shaped-usb-drive-USB2.0-300x300.jpg 300w, https:\/\/www.usborkeychain.com\/wp-content\/uploads\/card-shaped-usb-drive-USB2.0-150x150.jpg 150w, https:\/\/www.usborkeychain.com\/wp-content\/uploads\/card-shaped-usb-drive-USB2.0-768x768.jpg 768w, https:\/\/www.usborkeychain.com\/wp-content\/uploads\/card-shaped-usb-drive-USB2.0-12x12.jpg 12w, https:\/\/www.usborkeychain.com\/wp-content\/uploads\/card-shaped-usb-drive-USB2.0-600x600.jpg 600w, https:\/\/www.usborkeychain.com\/wp-content\/uploads\/card-shaped-usb-drive-USB2.0-100x100.jpg 100w\" sizes=\"(max-width: 800px) 100vw, 800px\" \/><\/figure>\n<\/div>\n\n\n\n<div class=\"wp-block-column is-vertically-aligned-center is-layout-flow wp-block-column-is-layout-flow\">\n<p>Les cartes m\u00e9talliques peuvent \u00eatre personnalis\u00e9es en plusieurs couleurs, telles que le noir classique, l'argent \u00e9l\u00e9gant, le rouge vibrant et le bleu frais, afin de r\u00e9pondre aux diff\u00e9rentes exigences en mati\u00e8re d'esth\u00e9tique et de couleur de la marque.<\/p>\n\n\n\n<p>Les logos peuvent \u00e9galement \u00eatre personnalis\u00e9s. Qu'il s'agisse du logo d'une marque d'entreprise, d'un symbole sp\u00e9cifique \u00e0 un \u00e9v\u00e9nement ou d'un motif cr\u00e9atif personnel, il peut \u00eatre pr\u00e9sent\u00e9 avec pr\u00e9cision.<\/p>\n<\/div>\n\n\n\n<div class=\"wp-block-column is-vertically-aligned-center is-layout-flow wp-block-column-is-layout-flow\">\n<figure class=\"wp-block-image size-full\"><img alt=\"\" loading=\"lazy\" decoding=\"async\" width=\"800\" height=\"800\" src=\"https:\/\/www.usborkeychain.com\/wp-content\/uploads\/Business-card-flash-drives-USB2.0.jpg\" class=\"wp-image-5094\" srcset=\"https:\/\/www.usborkeychain.com\/wp-content\/uploads\/Business-card-flash-drives-USB2.0.jpg 800w, https:\/\/www.usborkeychain.com\/wp-content\/uploads\/Business-card-flash-drives-USB2.0-300x300.jpg 300w, https:\/\/www.usborkeychain.com\/wp-content\/uploads\/Business-card-flash-drives-USB2.0-150x150.jpg 150w, https:\/\/www.usborkeychain.com\/wp-content\/uploads\/Business-card-flash-drives-USB2.0-768x768.jpg 768w, https:\/\/www.usborkeychain.com\/wp-content\/uploads\/Business-card-flash-drives-USB2.0-12x12.jpg 12w, https:\/\/www.usborkeychain.com\/wp-content\/uploads\/Business-card-flash-drives-USB2.0-600x600.jpg 600w, https:\/\/www.usborkeychain.com\/wp-content\/uploads\/Business-card-flash-drives-USB2.0-100x100.jpg 100w\" sizes=\"(max-width: 800px) 100vw, 800px\" \/><\/figure>\n<\/div>\n<\/div>\n\n\n\n<h3 class=\"wp-block-heading\">Quels sont les processus de personnalisation ?<\/h3>\n\n\n\n<div class=\"wp-block-columns is-layout-flex wp-container-core-columns-is-layout-28f84493 wp-block-columns-is-layout-flex\">\n<div class=\"wp-block-column is-vertically-aligned-center is-layout-flow wp-block-column-is-layout-flow\">\n<figure class=\"wp-block-image size-full\"><img alt=\"\" loading=\"lazy\" decoding=\"async\" width=\"800\" height=\"800\" src=\"https:\/\/www.usborkeychain.com\/wp-content\/uploads\/card-flash-drive-USB2.0.jpg\" class=\"wp-image-5096\" srcset=\"https:\/\/www.usborkeychain.com\/wp-content\/uploads\/card-flash-drive-USB2.0.jpg 800w, https:\/\/www.usborkeychain.com\/wp-content\/uploads\/card-flash-drive-USB2.0-300x300.jpg 300w, https:\/\/www.usborkeychain.com\/wp-content\/uploads\/card-flash-drive-USB2.0-150x150.jpg 150w, https:\/\/www.usborkeychain.com\/wp-content\/uploads\/card-flash-drive-USB2.0-768x768.jpg 768w, https:\/\/www.usborkeychain.com\/wp-content\/uploads\/card-flash-drive-USB2.0-12x12.jpg 12w, https:\/\/www.usborkeychain.com\/wp-content\/uploads\/card-flash-drive-USB2.0-600x600.jpg 600w, https:\/\/www.usborkeychain.com\/wp-content\/uploads\/card-flash-drive-USB2.0-100x100.jpg 100w\" sizes=\"(max-width: 800px) 100vw, 800px\" \/><\/figure>\n<\/div>\n\n\n\n<div class=\"wp-block-column is-vertically-aligned-center is-layout-flow wp-block-column-is-layout-flow\">\n<p><strong>Gravure au laser<\/strong>: Des faisceaux laser \u00e0 haute \u00e9nergie sont utilis\u00e9s pour graver des motifs et du texte sur la surface du m\u00e9tal. Cette technique offre une grande pr\u00e9cision et des lignes claires. Les logos et les motifs ont une bonne r\u00e9sistance \u00e0 l'usure, ne sont pas sujets \u00e0 la d\u00e9coloration ou \u00e0 l'abrasion lors d'une utilisation \u00e0 long terme et peuvent conserver l'effet personnalis\u00e9 pendant longtemps. Il convient \u00e0 la pr\u00e9sentation de dessins simples et raffin\u00e9s.<\/p>\n<\/div>\n\n\n\n<div class=\"wp-block-column is-vertically-aligned-center is-layout-flow wp-block-column-is-layout-flow\">\n<figure class=\"wp-block-image size-full\"><img alt=\"\" loading=\"lazy\" decoding=\"async\" width=\"800\" height=\"800\" src=\"https:\/\/www.usborkeychain.com\/wp-content\/uploads\/credit-card-usb-drive-USB2.0.jpg\" class=\"wp-image-5100\" srcset=\"https:\/\/www.usborkeychain.com\/wp-content\/uploads\/credit-card-usb-drive-USB2.0.jpg 800w, https:\/\/www.usborkeychain.com\/wp-content\/uploads\/credit-card-usb-drive-USB2.0-300x300.jpg 300w, https:\/\/www.usborkeychain.com\/wp-content\/uploads\/credit-card-usb-drive-USB2.0-150x150.jpg 150w, https:\/\/www.usborkeychain.com\/wp-content\/uploads\/credit-card-usb-drive-USB2.0-768x768.jpg 768w, https:\/\/www.usborkeychain.com\/wp-content\/uploads\/credit-card-usb-drive-USB2.0-12x12.jpg 12w, https:\/\/www.usborkeychain.com\/wp-content\/uploads\/credit-card-usb-drive-USB2.0-600x600.jpg 600w, https:\/\/www.usborkeychain.com\/wp-content\/uploads\/credit-card-usb-drive-USB2.0-100x100.jpg 100w\" sizes=\"(max-width: 800px) 100vw, 800px\" \/><\/figure>\n<\/div>\n<\/div>\n\n\n\n<div class=\"wp-block-columns is-layout-flex wp-container-core-columns-is-layout-28f84493 wp-block-columns-is-layout-flex\">\n<div class=\"wp-block-column is-vertically-aligned-center is-layout-flow wp-block-column-is-layout-flow\">\n<figure class=\"wp-block-image size-full\"><img alt=\"\" loading=\"lazy\" decoding=\"async\" width=\"800\" height=\"800\" src=\"https:\/\/www.usborkeychain.com\/wp-content\/uploads\/USB2.0-card-usb-flash-drive.jpg\" class=\"wp-image-5104\" srcset=\"https:\/\/www.usborkeychain.com\/wp-content\/uploads\/USB2.0-card-usb-flash-drive.jpg 800w, https:\/\/www.usborkeychain.com\/wp-content\/uploads\/USB2.0-card-usb-flash-drive-300x300.jpg 300w, https:\/\/www.usborkeychain.com\/wp-content\/uploads\/USB2.0-card-usb-flash-drive-150x150.jpg 150w, https:\/\/www.usborkeychain.com\/wp-content\/uploads\/USB2.0-card-usb-flash-drive-768x768.jpg 768w, https:\/\/www.usborkeychain.com\/wp-content\/uploads\/USB2.0-card-usb-flash-drive-12x12.jpg 12w, https:\/\/www.usborkeychain.com\/wp-content\/uploads\/USB2.0-card-usb-flash-drive-600x600.jpg 600w, https:\/\/www.usborkeychain.com\/wp-content\/uploads\/USB2.0-card-usb-flash-drive-100x100.jpg 100w\" sizes=\"(max-width: 800px) 100vw, 800px\" \/><\/figure>\n<\/div>\n\n\n\n<div class=\"wp-block-column is-vertically-aligned-center is-layout-flow wp-block-column-is-layout-flow\">\n<p><strong>Soie - S\u00e9rigraphie<\/strong>: L'encre est imprim\u00e9e sur la surface du m\u00e9tal au moyen d'un \u00e9cran de soie. Ce proc\u00e9d\u00e9 permet d'obtenir une impression riche en couleurs et en motifs complexes, avec une forte expressivit\u00e9 des couleurs. Il peut pr\u00e9senter des effets de d\u00e9grad\u00e9 et de jonction de plusieurs couleurs, ce qui rend le contenu personnalis\u00e9 plus vivant et plus color\u00e9. Il convient \u00e0 la r\u00e9alisation de logos et de motifs color\u00e9s sur de grandes surfaces.<\/p>\n<\/div>\n\n\n\n<div class=\"wp-block-column is-vertically-aligned-center is-layout-flow wp-block-column-is-layout-flow\">\n<figure class=\"wp-block-image size-full\"><img alt=\"\" loading=\"lazy\" decoding=\"async\" width=\"800\" height=\"800\" src=\"https:\/\/www.usborkeychain.com\/wp-content\/uploads\/sim-card-usb-drive-USB2.0.jpg\" class=\"wp-image-5102\" srcset=\"https:\/\/www.usborkeychain.com\/wp-content\/uploads\/sim-card-usb-drive-USB2.0.jpg 800w, https:\/\/www.usborkeychain.com\/wp-content\/uploads\/sim-card-usb-drive-USB2.0-300x300.jpg 300w, https:\/\/www.usborkeychain.com\/wp-content\/uploads\/sim-card-usb-drive-USB2.0-150x150.jpg 150w, https:\/\/www.usborkeychain.com\/wp-content\/uploads\/sim-card-usb-drive-USB2.0-768x768.jpg 768w, https:\/\/www.usborkeychain.com\/wp-content\/uploads\/sim-card-usb-drive-USB2.0-12x12.jpg 12w, https:\/\/www.usborkeychain.com\/wp-content\/uploads\/sim-card-usb-drive-USB2.0-600x600.jpg 600w, https:\/\/www.usborkeychain.com\/wp-content\/uploads\/sim-card-usb-drive-USB2.0-100x100.jpg 100w\" sizes=\"(max-width: 800px) 100vw, 800px\" \/><\/figure>\n<\/div>\n<\/div>\n\n\n\n<div class=\"wp-block-columns is-layout-flex wp-container-core-columns-is-layout-28f84493 wp-block-columns-is-layout-flex\">\n<div class=\"wp-block-column is-vertically-aligned-center is-layout-flow wp-block-column-is-layout-flow\">\n<figure class=\"wp-block-image size-full\"><img alt=\"\" loading=\"lazy\" decoding=\"async\" width=\"800\" height=\"800\" src=\"https:\/\/www.usborkeychain.com\/wp-content\/uploads\/USB2.0-flash-drive-card.jpg\" class=\"wp-image-5105\" srcset=\"https:\/\/www.usborkeychain.com\/wp-content\/uploads\/USB2.0-flash-drive-card.jpg 800w, https:\/\/www.usborkeychain.com\/wp-content\/uploads\/USB2.0-flash-drive-card-300x300.jpg 300w, https:\/\/www.usborkeychain.com\/wp-content\/uploads\/USB2.0-flash-drive-card-150x150.jpg 150w, https:\/\/www.usborkeychain.com\/wp-content\/uploads\/USB2.0-flash-drive-card-768x768.jpg 768w, https:\/\/www.usborkeychain.com\/wp-content\/uploads\/USB2.0-flash-drive-card-12x12.jpg 12w, https:\/\/www.usborkeychain.com\/wp-content\/uploads\/USB2.0-flash-drive-card-600x600.jpg 600w, https:\/\/www.usborkeychain.com\/wp-content\/uploads\/USB2.0-flash-drive-card-100x100.jpg 100w\" sizes=\"(max-width: 800px) 100vw, 800px\" \/><\/figure>\n<\/div>\n\n\n\n<div class=\"wp-block-column is-vertically-aligned-center is-layout-flow wp-block-column-is-layout-flow\">\n<p><strong>Anodisation et coloration<\/strong>: Un film d'oxyde est d'abord form\u00e9 sur la surface du m\u00e9tal, puis la coloration est effectu\u00e9e. La couleur est uniforme, avec une forte adh\u00e9rence. La couleur personnalis\u00e9e est durable et stable. Elle peut \u00e9galement renforcer la duret\u00e9 et la r\u00e9sistance \u00e0 l'usure de la surface m\u00e9tallique, ce qui rend la cl\u00e9 USB personnalis\u00e9e en forme de carte m\u00e9tallique \u00e0 la fois belle et durable.<\/p>\n<\/div>\n\n\n\n<div class=\"wp-block-column is-vertically-aligned-center is-layout-flow wp-block-column-is-layout-flow\">\n<figure class=\"wp-block-image size-full\"><img alt=\"\" loading=\"lazy\" decoding=\"async\" width=\"800\" height=\"800\" src=\"https:\/\/www.usborkeychain.com\/wp-content\/uploads\/card-usb-drives-1.jpg\" class=\"wp-image-5099\" srcset=\"https:\/\/www.usborkeychain.com\/wp-content\/uploads\/card-usb-drives-1.jpg 800w, https:\/\/www.usborkeychain.com\/wp-content\/uploads\/card-usb-drives-1-300x300.jpg 300w, https:\/\/www.usborkeychain.com\/wp-content\/uploads\/card-usb-drives-1-150x150.jpg 150w, https:\/\/www.usborkeychain.com\/wp-content\/uploads\/card-usb-drives-1-768x768.jpg 768w, https:\/\/www.usborkeychain.com\/wp-content\/uploads\/card-usb-drives-1-12x12.jpg 12w, https:\/\/www.usborkeychain.com\/wp-content\/uploads\/card-usb-drives-1-600x600.jpg 600w, https:\/\/www.usborkeychain.com\/wp-content\/uploads\/card-usb-drives-1-100x100.jpg 100w\" sizes=\"(max-width: 800px) 100vw, 800px\" \/><\/figure>\n<\/div>\n<\/div>\n\n\n\n<ul class=\"wp-block-list\">\n<li><\/li>\n<\/ul>\n\n\n\n<h2 class=\"wp-block-heading\">Quel est le rapport co\u00fbt\/performance de la cl\u00e9 USB 2.0 en forme de carte m\u00e9tallique ?<\/h2>\n\n\n\n<div class=\"wp-block-columns is-layout-flex wp-container-core-columns-is-layout-28f84493 wp-block-columns-is-layout-flex\">\n<div class=\"wp-block-column is-vertically-aligned-center is-layout-flow wp-block-column-is-layout-flow\">\n<p>Le <strong>cl\u00e9 USB 2.0 en forme de carte m\u00e9tallique<\/strong> a un rapport co\u00fbt\/performance relativement \u00e9lev\u00e9.<\/p>\n\n\n\n<p>Du point de vue du co\u00fbt, bien que le mat\u00e9riau m\u00e9tallique et la finition \u00e9labor\u00e9e rendent son prix l\u00e9g\u00e8rement plus \u00e9lev\u00e9 que celui des cl\u00e9s USB en forme de carte plastique du m\u00eame type, sa durabilit\u00e9 est grandement am\u00e9lior\u00e9e, ce qui r\u00e9duit le co\u00fbt de remplacement caus\u00e9 par les dommages subis par l'appareil.<\/p>\n\n\n\n<p>En termes de fonctions et de personnalisation, tout en r\u00e9pondant aux besoins quotidiens de stockage de donn\u00e9es, elle offre de nombreuses options de personnalisation. Lorsqu'elles sont utilis\u00e9es par les entreprises pour la promotion de leur marque, les cl\u00e9s USB personnalis\u00e9es avec logo, tirant parti de leur fonction de stockage pratique, peuvent rester longtemps entre les mains des utilisateurs, ce qui permet de faire conna\u00eetre la marque de mani\u00e8re continue. Le co\u00fbt de la promotion est faible et l'effet est durable.<\/p>\n<\/div>\n\n\n\n<div class=\"wp-block-column is-layout-flow wp-block-column-is-layout-flow\">\n<figure class=\"wp-block-image size-full\"><img alt=\"\" loading=\"lazy\" decoding=\"async\" width=\"800\" height=\"800\" src=\"https:\/\/www.usborkeychain.com\/wp-content\/uploads\/usb-business-card-USB2.0.jpg\" class=\"wp-image-5103\" srcset=\"https:\/\/www.usborkeychain.com\/wp-content\/uploads\/usb-business-card-USB2.0.jpg 800w, https:\/\/www.usborkeychain.com\/wp-content\/uploads\/usb-business-card-USB2.0-300x300.jpg 300w, https:\/\/www.usborkeychain.com\/wp-content\/uploads\/usb-business-card-USB2.0-150x150.jpg 150w, https:\/\/www.usborkeychain.com\/wp-content\/uploads\/usb-business-card-USB2.0-768x768.jpg 768w, https:\/\/www.usborkeychain.com\/wp-content\/uploads\/usb-business-card-USB2.0-12x12.jpg 12w, https:\/\/www.usborkeychain.com\/wp-content\/uploads\/usb-business-card-USB2.0-600x600.jpg 600w, https:\/\/www.usborkeychain.com\/wp-content\/uploads\/usb-business-card-USB2.0-100x100.jpg 100w\" sizes=\"(max-width: 800px) 100vw, 800px\" \/><\/figure>\n<\/div>\n<\/div>","protected":false},"excerpt":{"rendered":"<ul>\n<li>Mat\u00e9riaux m\u00e9talliques<\/li>\n<li>USB2.0<\/li>\n<li>Couleurs personnalis\u00e9es<\/li>\n<li>Un co\u00fbt \u00e9lev\u00e9<\/li>\n<li>MOQ:100pcs<\/li>\n<\/ul>","protected":false},"featured_media":5095,"comment_status":"open","ping_status":"closed","template":"","meta":{"_seopress_robots_primary_cat":"none","_seopress_titles_title":"","_seopress_titles_desc":"","_seopress_robots_index":"","site-sidebar-layout":"default","site-content-layout":"","ast-site-content-layout":"","site-content-style":"default","site-sidebar-style":"default","ast-global-header-display":"","ast-banner-title-visibility":"","ast-main-header-display":"","ast-hfb-above-header-display":"","ast-hfb-below-header-display":"","ast-hfb-mobile-header-display":"","site-post-title":"","ast-breadcrumbs-content":"","ast-featured-img":"","footer-sml-layout":"","theme-transparent-header-meta":"","adv-header-id-meta":"","stick-header-meta":"","header-above-stick-meta":"","header-main-stick-meta":"","header-below-stick-meta":"","astra-migrate-meta-layouts":"default","ast-page-background-enabled":"default","ast-page-background-meta":{"desktop":{"background-color":"var(--ast-global-color-5)","background-image":"","background-repeat":"repeat","background-position":"center center","background-size":"auto","background-attachment":"scroll","background-type":"","background-media":"","overlay-type":"","overlay-color":"","overlay-opacity":"","overlay-gradient":""},"tablet":{"background-color":"","background-image":"","background-repeat":"repeat","background-position":"center center","background-size":"auto","background-attachment":"scroll","background-type":"","background-media":"","overlay-type":"","overlay-color":"","overlay-opacity":"","overlay-gradient":""},"mobile":{"background-color":"","background-image":"","background-repeat":"repeat","background-position":"center center","background-size":"auto","background-attachment":"scroll","background-type":"","background-media":"","overlay-type":"","overlay-color":"","overlay-opacity":"","overlay-gradient":""}},"ast-content-background-meta":{"desktop":{"background-color":"var(--ast-global-color-4)","background-image":"","background-repeat":"repeat","background-position":"center center","background-size":"auto","background-attachment":"scroll","background-type":"","background-media":"","overlay-type":"","overlay-color":"","overlay-opacity":"","overlay-gradient":""},"tablet":{"background-color":"var(--ast-global-color-4)","background-image":"","background-repeat":"repeat","background-position":"center center","background-size":"auto","background-attachment":"scroll","background-type":"","background-media":"","overlay-type":"","overlay-color":"","overlay-opacity":"","overlay-gradient":""},"mobile":{"background-color":"var(--ast-global-color-4)","background-image":"","background-repeat":"repeat","background-position":"center center","background-size":"auto","background-attachment":"scroll","background-type":"","background-media":"","overlay-type":"","overlay-color":"","overlay-opacity":"","overlay-gradient":""}}},"product_brand":[],"product_cat":[96,103],"product_tag":[343,311],"class_list":{"0":"post-5091","1":"product","2":"type-product","3":"status-publish","4":"has-post-thumbnail","6":"product_cat-card-usb-pendrive","7":"product_cat-usb2-0-usb-pendrive","8":"product_tag-metal-card-flash-drive","9":"product_tag-usb2-0-usb-pendrive","10":"desktop-align-left","11":"tablet-align-left","12":"mobile-align-left","14":"first","15":"instock","16":"shipping-taxable","17":"product-type-simple"},"_links":{"self":[{"href":"https:\/\/www.usborkeychain.com\/fr\/wp-json\/wp\/v2\/product\/5091","targetHints":{"allow":["GET"]}}],"collection":[{"href":"https:\/\/www.usborkeychain.com\/fr\/wp-json\/wp\/v2\/product"}],"about":[{"href":"https:\/\/www.usborkeychain.com\/fr\/wp-json\/wp\/v2\/types\/product"}],"replies":[{"embeddable":true,"href":"https:\/\/www.usborkeychain.com\/fr\/wp-json\/wp\/v2\/comments?post=5091"}],"wp:featuredmedia":[{"embeddable":true,"href":"https:\/\/www.usborkeychain.com\/fr\/wp-json\/wp\/v2\/media\/5095"}],"wp:attachment":[{"href":"https:\/\/www.usborkeychain.com\/fr\/wp-json\/wp\/v2\/media?parent=5091"}],"wp:term":[{"taxonomy":"product_brand","embeddable":true,"href":"https:\/\/www.usborkeychain.com\/fr\/wp-json\/wp\/v2\/product_brand?post=5091"},{"taxonomy":"product_cat","embeddable":true,"href":"https:\/\/www.usborkeychain.com\/fr\/wp-json\/wp\/v2\/product_cat?post=5091"},{"taxonomy":"product_tag","embeddable":true,"href":"https:\/\/www.usborkeychain.com\/fr\/wp-json\/wp\/v2\/product_tag?post=5091"}],"curies":[{"name":"wp","href":"https:\/\/api.w.org\/{rel}","templated":true}]}}