{"id":5143,"date":"2025-07-29T13:41:54","date_gmt":"2025-07-29T13:41:54","guid":{"rendered":"https:\/\/www.usborkeychain.com\/?post_type=product&#038;p=5143"},"modified":"2025-08-01T14:49:31","modified_gmt":"2025-08-01T14:49:31","slug":"metal-card-shaped-usb-3-0-flash-drive","status":"publish","type":"product","link":"https:\/\/www.usborkeychain.com\/fr\/produit\/metal-card-shaped-usb-3-0-flash-drive\/","title":{"rendered":"Cl\u00e9 USB 3.0 en forme de carte en m\u00e9tal"},"content":{"rendered":"<h3 class=\"wp-block-heading\">Artisanat et mat\u00e9riaux<\/h3>\n\n\n\n<div class=\"wp-block-columns is-layout-flex wp-container-core-columns-is-layout-28f84493 wp-block-columns-is-layout-flex\">\n<div class=\"wp-block-column is-vertically-aligned-center is-layout-flow wp-block-column-is-layout-flow\">\n<figure class=\"wp-block-image size-full\"><img alt=\"\" fetchpriority=\"high\" decoding=\"async\" width=\"800\" height=\"800\" src=\"https:\/\/www.usborkeychain.com\/wp-content\/uploads\/credit-card-flash-drive-USB3.0.png\" class=\"wp-image-5146\" srcset=\"https:\/\/www.usborkeychain.com\/wp-content\/uploads\/credit-card-flash-drive-USB3.0.png 800w, https:\/\/www.usborkeychain.com\/wp-content\/uploads\/credit-card-flash-drive-USB3.0-300x300.png 300w, https:\/\/www.usborkeychain.com\/wp-content\/uploads\/credit-card-flash-drive-USB3.0-150x150.png 150w, https:\/\/www.usborkeychain.com\/wp-content\/uploads\/credit-card-flash-drive-USB3.0-768x768.png 768w, https:\/\/www.usborkeychain.com\/wp-content\/uploads\/credit-card-flash-drive-USB3.0-12x12.png 12w, https:\/\/www.usborkeychain.com\/wp-content\/uploads\/credit-card-flash-drive-USB3.0-600x600.png 600w, https:\/\/www.usborkeychain.com\/wp-content\/uploads\/credit-card-flash-drive-USB3.0-100x100.png 100w\" sizes=\"(max-width: 800px) 100vw, 800px\" \/><\/figure>\n<\/div>\n\n\n\n<div class=\"wp-block-column is-vertically-aligned-center is-layout-flow wp-block-column-is-layout-flow\">\n<p>Le <strong>Cl\u00e9 USB 3.0 en forme de carte en m\u00e9tal<\/strong> est fabriqu\u00e9 \u00e0 partir de mat\u00e9riaux m\u00e9talliques de haute qualit\u00e9, tels que l'alliage d'aluminium, et trait\u00e9 par des techniques pr\u00e9cises telles que le tr\u00e9filage, l'anodisation et le polissage. La coque m\u00e9tallique conf\u00e8re non seulement au produit une texture robuste et raffin\u00e9e, mais elle offre \u00e9galement une excellente r\u00e9sistance \u00e0 l'usure et \u00e0 la corrosion. M\u00eame en cas de branchement, de d\u00e9branchement et de transport fr\u00e9quents dans le cadre d'une utilisation quotidienne, elle peut r\u00e9sister efficacement aux rayures et aux chocs, en conservant longtemps son int\u00e9grit\u00e9 esth\u00e9tique et en pr\u00e9servant la s\u00e9curit\u00e9 de la puce de stockage interne.<\/p>\n<\/div>\n<\/div>\n\n\n\n<h2 class=\"wp-block-heading\">Avantages de l'interface et de la transmission<\/h2>\n\n\n\n<div class=\"wp-block-columns is-layout-flex wp-container-core-columns-is-layout-28f84493 wp-block-columns-is-layout-flex\">\n<div class=\"wp-block-column is-vertically-aligned-center is-layout-flow wp-block-column-is-layout-flow\">\n<p>Il est \u00e9quip\u00e9 d'un <strong>Interface USB 3.0<\/strong>L'USB 2.0 se distingue par son noyau en caoutchouc bleu (diff\u00e9rent du noyau en caoutchouc noir de l'USB 2.0), une caract\u00e9ristique distincte. Le cadh\u00e8re au protocole de transmission de donn\u00e9es \u00e0 grande vitesse, avec un taux de transmission th\u00e9orique allant jusqu'\u00e0 5Gbps. Dans la pratique, la vitesse de lecture peut atteindre 40 \u00e0 100 Mo\/s et la vitesse d'\u00e9criture 10 \u00e0 30 Mo\/s (avec des fluctuations en fonction de l'appareil et du type de fichier). Par rapport \u00e0 l'USB 2.0 (avec un d\u00e9bit th\u00e9orique de 480 Mbps et une vitesse de lecture\/\u00e9criture r\u00e9elle environ 3 \u00e0 5 fois plus lente), l'USB 3.0 peut r\u00e9duire consid\u00e9rablement le temps de transfert des donn\u00e9es, en particulier lors du transfert de vid\u00e9os de grande capacit\u00e9, d'images de haute d\u00e9finition, de paquets d'installation de logiciels volumineux et d'autres fichiers.<\/p>\n<\/div>\n\n\n\n<div class=\"wp-block-column is-vertically-aligned-center is-layout-flow wp-block-column-is-layout-flow\">\n<figure class=\"wp-block-image size-full\"><img alt=\"\" decoding=\"async\" width=\"800\" height=\"800\" src=\"https:\/\/www.usborkeychain.com\/wp-content\/uploads\/credit-card-size-usb-drive.jpg\" class=\"wp-image-5147\" srcset=\"https:\/\/www.usborkeychain.com\/wp-content\/uploads\/credit-card-size-usb-drive.jpg 800w, https:\/\/www.usborkeychain.com\/wp-content\/uploads\/credit-card-size-usb-drive-300x300.jpg 300w, https:\/\/www.usborkeychain.com\/wp-content\/uploads\/credit-card-size-usb-drive-150x150.jpg 150w, https:\/\/www.usborkeychain.com\/wp-content\/uploads\/credit-card-size-usb-drive-768x768.jpg 768w, https:\/\/www.usborkeychain.com\/wp-content\/uploads\/credit-card-size-usb-drive-12x12.jpg 12w, https:\/\/www.usborkeychain.com\/wp-content\/uploads\/credit-card-size-usb-drive-600x600.jpg 600w, https:\/\/www.usborkeychain.com\/wp-content\/uploads\/credit-card-size-usb-drive-100x100.jpg 100w\" sizes=\"(max-width: 800px) 100vw, 800px\" \/><\/figure>\n<\/div>\n<\/div>\n\n\n\n<div class=\"wp-block-columns is-layout-flex wp-container-core-columns-is-layout-28f84493 wp-block-columns-is-layout-flex\">\n<div class=\"wp-block-column is-vertically-aligned-center is-layout-flow wp-block-column-is-layout-flow\">\n<p>Outre son avantage en termes de vitesse, l'USB 3.0 prend en charge la \"transmission asynchrone\", qui permet d'alimenter l'appareil tout en transf\u00e9rant des donn\u00e9es. Sa compatibilit\u00e9 a \u00e9galement \u00e9t\u00e9 optimis\u00e9e et convient \u00e0 la fois aux nouveaux et aux anciens appareils. Il peut fonctionner de mani\u00e8re stable sur les ordinateurs modernes, les t\u00e9l\u00e9viseurs intelligents, les consoles de jeu et d'autres appareils.<\/p>\n\n\n\n<p>Le <strong>Cl\u00e9 USB<\/strong> est dot\u00e9 d'une interface cach\u00e9e. L'interface peut \u00eatre extraite et r\u00e9tract\u00e9e en douceur. Lorsqu'elle est r\u00e9tract\u00e9e, elle s'int\u00e8gre au corps m\u00e9tallique en forme de carte, prot\u00e9geant l'interface de la poussi\u00e8re et des dommages physiques tout en rendant la forme g\u00e9n\u00e9rale plus concise. Il peut \u00eatre facilement plac\u00e9 dans un portefeuille ou un porte-cartes comme une carte de visite, offrant ainsi une portabilit\u00e9 maximale.<\/p>\n<\/div>\n\n\n\n<div class=\"wp-block-column is-layout-flow wp-block-column-is-layout-flow\">\n<figure class=\"wp-block-image size-full\"><img alt=\"\" decoding=\"async\" width=\"800\" height=\"800\" src=\"https:\/\/www.usborkeychain.com\/wp-content\/uploads\/credit-card-usb-drives-USB3.0.png\" class=\"wp-image-5148\" srcset=\"https:\/\/www.usborkeychain.com\/wp-content\/uploads\/credit-card-usb-drives-USB3.0.png 800w, https:\/\/www.usborkeychain.com\/wp-content\/uploads\/credit-card-usb-drives-USB3.0-300x300.png 300w, https:\/\/www.usborkeychain.com\/wp-content\/uploads\/credit-card-usb-drives-USB3.0-150x150.png 150w, https:\/\/www.usborkeychain.com\/wp-content\/uploads\/credit-card-usb-drives-USB3.0-768x768.png 768w, https:\/\/www.usborkeychain.com\/wp-content\/uploads\/credit-card-usb-drives-USB3.0-12x12.png 12w, https:\/\/www.usborkeychain.com\/wp-content\/uploads\/credit-card-usb-drives-USB3.0-600x600.png 600w, https:\/\/www.usborkeychain.com\/wp-content\/uploads\/credit-card-usb-drives-USB3.0-100x100.png 100w\" sizes=\"(max-width: 800px) 100vw, 800px\" \/><\/figure>\n<\/div>\n<\/div>\n\n\n\n<div class=\"wp-block-columns is-layout-flex wp-container-core-columns-is-layout-28f84493 wp-block-columns-is-layout-flex\">\n<div class=\"wp-block-column is-vertically-aligned-center is-layout-flow wp-block-column-is-layout-flow\">\n<p>Actuellement, la pr\u00e9f\u00e9rence croissante pour les <strong>Cl\u00e9s USB 3.0<\/strong> s'explique principalement par les raisons suivantes. <strong>Tout d'abord<\/strong>Avec la croissance explosive du volume de donn\u00e9es, il existe un besoin urgent de transf\u00e9rer des fichiers haute d\u00e9finition et des documents de projets \u00e0 grande \u00e9chelle. Les performances \u00e0 grande vitesse de l'USB 3.0 permettent de r\u00e9soudre efficacement ce probl\u00e8me qui prend beaucoup de temps. <strong>Deuxi\u00e8mement<\/strong>La compatibilit\u00e9 des dispositifs USB 3.0 n'a cess\u00e9 de s'\u00e9tendre. Les nouveaux appareils prennent g\u00e9n\u00e9ralement en charge l'USB 3.0, et les anciens appareils peuvent \u00e9galement \u00eatre adapt\u00e9s gr\u00e2ce \u00e0 des adaptateurs, ce qui donne lieu \u00e0 un large \u00e9ventail de sc\u00e9narios d'application. <strong>Troisi\u00e8mement<\/strong>La combinaison de mat\u00e9riaux m\u00e9talliques et le design en forme de carte r\u00e9pondent aux exigences des utilisateurs en termes de durabilit\u00e9, de portabilit\u00e9 et d'esth\u00e9tique, ce qui en fait un excellent choix pour les cadeaux de bureau et le stockage personnel.<\/p>\n<\/div>\n\n\n\n<div class=\"wp-block-column is-vertically-aligned-center is-layout-flow wp-block-column-is-layout-flow\">\n<figure class=\"wp-block-image size-full\"><img alt=\"\" loading=\"lazy\" decoding=\"async\" width=\"800\" height=\"800\" src=\"https:\/\/www.usborkeychain.com\/wp-content\/uploads\/credit-card-usb-USB3.0.png\" class=\"wp-image-5149\" srcset=\"https:\/\/www.usborkeychain.com\/wp-content\/uploads\/credit-card-usb-USB3.0.png 800w, https:\/\/www.usborkeychain.com\/wp-content\/uploads\/credit-card-usb-USB3.0-300x300.png 300w, https:\/\/www.usborkeychain.com\/wp-content\/uploads\/credit-card-usb-USB3.0-150x150.png 150w, https:\/\/www.usborkeychain.com\/wp-content\/uploads\/credit-card-usb-USB3.0-768x768.png 768w, https:\/\/www.usborkeychain.com\/wp-content\/uploads\/credit-card-usb-USB3.0-12x12.png 12w, https:\/\/www.usborkeychain.com\/wp-content\/uploads\/credit-card-usb-USB3.0-600x600.png 600w, https:\/\/www.usborkeychain.com\/wp-content\/uploads\/credit-card-usb-USB3.0-100x100.png 100w\" sizes=\"(max-width: 800px) 100vw, 800px\" \/><\/figure>\n<\/div>\n<\/div>\n\n\n\n<h2 class=\"wp-block-heading\">Param\u00e8tres de la cl\u00e9 USB<\/h2>\n\n\n\n<figure class=\"wp-block-table\"><table class=\"has-fixed-layout\"><thead><tr><th>Cat\u00e9gorie de param\u00e8tres<\/th><th>Sp\u00e9cifications sp\u00e9cifiques<\/th><\/tr><\/thead><tbody><tr><td>Capacit\u00e9<\/td><td>8GB, 16GB, 32GB, 64GB, 128GB, 256GB<\/td><\/tr><tr><td>Dimensions (Longueur * Largeur * Epaisseur)<\/td><td>Environ 86mm\u00d754mm\u00d73mm<\/td><\/tr><tr><td>Poids<\/td><td>Environ 12 \u00e0 20 grammes<\/td><\/tr><tr><td>Type d'interface<\/td><td><strong>USB 3.0, avec caoutchouc bleu - interface centrale<\/strong>vers le bas - compatible avec les dispositifs USB 2.0<\/td><\/tr><tr><td>Vitesses de lecture\/\u00e9criture<\/td><td>Lecture : 40 - 100MB\/s ; Ecriture : 10 - 30 Mo\/s (les vitesses r\u00e9elles peuvent varier en fonction des performances de l'appareil et de la fragmentation des fichiers)<\/td><\/tr><\/tbody><\/table><\/figure>\n\n\n\n<h3 class=\"wp-block-heading\">Qu'est-ce qui peut \u00eatre personnalis\u00e9 ?<\/h3>\n\n\n\n<div class=\"wp-block-columns is-layout-flex wp-container-core-columns-is-layout-28f84493 wp-block-columns-is-layout-flex\">\n<div class=\"wp-block-column is-vertically-aligned-center is-layout-flow wp-block-column-is-layout-flow\">\n<p>Les options de personnalisation comprennent les logos d'entreprise, les slogans de marque, les motifs cr\u00e9atifs, les signatures personnelles, etc.<\/p>\n\n\n\n<p>Diff\u00e9rentes couleurs peuvent \u00e9galement \u00eatre personnalis\u00e9es. Gr\u00e2ce \u00e0 des proc\u00e9d\u00e9s tels que l'anodisation et la coloration, une vari\u00e9t\u00e9 de couleurs telles que l'argent, l'or, le noir et le bleu peuvent \u00eatre obtenues pour r\u00e9pondre aux diff\u00e9rentes exigences esth\u00e9tiques et de couleur de la marque.<\/p>\n<\/div>\n\n\n\n<div class=\"wp-block-column is-vertically-aligned-center is-layout-flow wp-block-column-is-layout-flow\">\n<figure class=\"wp-block-image size-full\"><img alt=\"\" loading=\"lazy\" decoding=\"async\" width=\"800\" height=\"800\" src=\"https:\/\/www.usborkeychain.com\/wp-content\/uploads\/USB3.0-credit-card-usb-flash-drive.png\" class=\"wp-image-5153\" srcset=\"https:\/\/www.usborkeychain.com\/wp-content\/uploads\/USB3.0-credit-card-usb-flash-drive.png 800w, https:\/\/www.usborkeychain.com\/wp-content\/uploads\/USB3.0-credit-card-usb-flash-drive-300x300.png 300w, https:\/\/www.usborkeychain.com\/wp-content\/uploads\/USB3.0-credit-card-usb-flash-drive-150x150.png 150w, https:\/\/www.usborkeychain.com\/wp-content\/uploads\/USB3.0-credit-card-usb-flash-drive-768x768.png 768w, https:\/\/www.usborkeychain.com\/wp-content\/uploads\/USB3.0-credit-card-usb-flash-drive-12x12.png 12w, https:\/\/www.usborkeychain.com\/wp-content\/uploads\/USB3.0-credit-card-usb-flash-drive-600x600.png 600w, https:\/\/www.usborkeychain.com\/wp-content\/uploads\/USB3.0-credit-card-usb-flash-drive-100x100.png 100w\" sizes=\"(max-width: 800px) 100vw, 800px\" \/><\/figure>\n<\/div>\n<\/div>\n\n\n\n<h3 class=\"wp-block-heading\">Quels sont les processus de personnalisation ?<\/h3>\n\n\n\n<div class=\"wp-block-columns is-layout-flex wp-container-core-columns-is-layout-28f84493 wp-block-columns-is-layout-flex\">\n<div class=\"wp-block-column is-vertically-aligned-center is-layout-flow wp-block-column-is-layout-flow\">\n<figure class=\"wp-block-image size-full\"><img alt=\"\" loading=\"lazy\" decoding=\"async\" width=\"800\" height=\"800\" src=\"https:\/\/www.usborkeychain.com\/wp-content\/uploads\/USB3.0-credit-card-usb-drive.jpg\" class=\"wp-image-5152\" srcset=\"https:\/\/www.usborkeychain.com\/wp-content\/uploads\/USB3.0-credit-card-usb-drive.jpg 800w, https:\/\/www.usborkeychain.com\/wp-content\/uploads\/USB3.0-credit-card-usb-drive-300x300.jpg 300w, https:\/\/www.usborkeychain.com\/wp-content\/uploads\/USB3.0-credit-card-usb-drive-150x150.jpg 150w, https:\/\/www.usborkeychain.com\/wp-content\/uploads\/USB3.0-credit-card-usb-drive-768x768.jpg 768w, https:\/\/www.usborkeychain.com\/wp-content\/uploads\/USB3.0-credit-card-usb-drive-12x12.jpg 12w, https:\/\/www.usborkeychain.com\/wp-content\/uploads\/USB3.0-credit-card-usb-drive-600x600.jpg 600w, https:\/\/www.usborkeychain.com\/wp-content\/uploads\/USB3.0-credit-card-usb-drive-100x100.jpg 100w\" sizes=\"(max-width: 800px) 100vw, 800px\" \/><\/figure>\n<\/div>\n\n\n\n<div class=\"wp-block-column is-vertically-aligned-center is-layout-flow wp-block-column-is-layout-flow\">\n<ul class=\"wp-block-list\">\n<li><strong>Gravure au laser<\/strong>: Des faisceaux laser \u00e0 haute \u00e9nergie sont utilis\u00e9s pour graver des motifs et du texte sur la surface du m\u00e9tal. Cette technique offre une tr\u00e8s grande pr\u00e9cision, avec des lignes fines et claires. Le contenu grav\u00e9 pr\u00e9sente une excellente r\u00e9sistance \u00e0 l'usure et ne s'efface pas en cas d'utilisation prolong\u00e9e. Il convient pour pr\u00e9senter des logos simples, des textes fins et d'autres dessins avec une grande pr\u00e9cision de restauration.<\/li>\n\n\n\n<li><strong>Gravure \u00e9lectrochimique<\/strong>: Des motifs sont form\u00e9s sur la surface du m\u00e9tal par \u00e9lectrolyse. Ce processus permet de cr\u00e9er des textures complexes et des effets de d\u00e9grad\u00e9s de couleurs, ajoutant une dimension artistique et une superposition au contenu personnalis\u00e9. Il convient \u00e0 la cr\u00e9ation de motifs cr\u00e9atifs sur de grandes surfaces.<\/li>\n<\/ul>\n<\/div>\n<\/div>\n\n\n\n<div class=\"wp-block-columns is-layout-flex wp-container-core-columns-is-layout-28f84493 wp-block-columns-is-layout-flex\">\n<div class=\"wp-block-column is-vertically-aligned-center is-layout-flow wp-block-column-is-layout-flow\">\n<figure class=\"wp-block-image size-full\"><img alt=\"\" loading=\"lazy\" decoding=\"async\" width=\"800\" height=\"800\" src=\"https:\/\/www.usborkeychain.com\/wp-content\/uploads\/USB3.0-credit-card-thumb-drive.jpg\" class=\"wp-image-5151\" srcset=\"https:\/\/www.usborkeychain.com\/wp-content\/uploads\/USB3.0-credit-card-thumb-drive.jpg 800w, https:\/\/www.usborkeychain.com\/wp-content\/uploads\/USB3.0-credit-card-thumb-drive-300x300.jpg 300w, https:\/\/www.usborkeychain.com\/wp-content\/uploads\/USB3.0-credit-card-thumb-drive-150x150.jpg 150w, https:\/\/www.usborkeychain.com\/wp-content\/uploads\/USB3.0-credit-card-thumb-drive-768x768.jpg 768w, https:\/\/www.usborkeychain.com\/wp-content\/uploads\/USB3.0-credit-card-thumb-drive-12x12.jpg 12w, https:\/\/www.usborkeychain.com\/wp-content\/uploads\/USB3.0-credit-card-thumb-drive-600x600.jpg 600w, https:\/\/www.usborkeychain.com\/wp-content\/uploads\/USB3.0-credit-card-thumb-drive-100x100.jpg 100w\" sizes=\"(max-width: 800px) 100vw, 800px\" \/><\/figure>\n<\/div>\n\n\n\n<div class=\"wp-block-column is-vertically-aligned-center is-layout-flow wp-block-column-is-layout-flow\">\n<p><strong>Impression couleur UV<\/strong>: Des motifs color\u00e9s de haute d\u00e9finition sont imprim\u00e9s sur la surface m\u00e9tallique \u00e0 l'aide d'encres durcissables aux ultraviolets. Les couleurs sont tr\u00e8s satur\u00e9es avec des transitions naturelles, capables de pr\u00e9senter parfaitement une qualit\u00e9 semblable \u00e0 celle d'une photo, ajoutant de riches effets visuels \u00e0 la personnalisation. Il convient aux exigences de personnalisation qui requi\u00e8rent des couleurs vives et des images complexes.<\/p>\n<\/div>\n<\/div>\n\n\n\n<h2 class=\"wp-block-heading\">Quel est le prix de cette cl\u00e9 USB ?<\/h2>\n\n\n\n<div class=\"wp-block-columns is-layout-flex wp-container-core-columns-is-layout-28f84493 wp-block-columns-is-layout-flex\">\n<div class=\"wp-block-column is-vertically-aligned-center is-layout-flow wp-block-column-is-layout-flow\">\n<p>Le <strong>prix de la cl\u00e9 USB 3.0 en forme de carte m\u00e9tallique<\/strong> d\u00e9pend de facteurs tels que la capacit\u00e9, le processus de personnalisation et la quantit\u00e9 command\u00e9e. Pour les mod\u00e8les ordinaires avec des capacit\u00e9s de base (8GB - 16GB) et sans personnalisation, le prix unitaire est d'environ 15 \u00e0 30 yuans. Les produits de capacit\u00e9 moyenne (32 Go - 64 Go) sont vendus entre 30 et 60 yuans, et les versions de grande capacit\u00e9 (128 Go - 256 Go) sont vendues entre 60 et 150 yuans. Si des services \u00e0 valeur ajout\u00e9e tels que la gravure de logo, l'impression de motifs en couleur et la personnalisation des couleurs sont propos\u00e9s, des frais de personnalisation suppl\u00e9mentaires seront factur\u00e9s. En g\u00e9n\u00e9ral, en fonction de la complexit\u00e9 de la personnalisation et de la quantit\u00e9 command\u00e9e, un suppl\u00e9ment de 5 \u00e0 30 yuans par pi\u00e8ce est ajout\u00e9. Pour les achats en gros (tels que les commandes d'entreprise de plus de 100 pi\u00e8ces), les fabricants offrent certaines remises. Pour obtenir des prix sp\u00e9cifiques, veuillez contacter nos repr\u00e9sentants du service client\u00e8le.<\/p>\n<\/div>\n\n\n\n<div class=\"wp-block-column is-vertically-aligned-center is-layout-flow wp-block-column-is-layout-flow\">\n<figure class=\"wp-block-image size-full\"><img alt=\"\" loading=\"lazy\" decoding=\"async\" width=\"800\" height=\"800\" src=\"https:\/\/www.usborkeychain.com\/wp-content\/uploads\/ultra-thin-credit-card-usb-flash-drive.jpg\" class=\"wp-image-5150\" srcset=\"https:\/\/www.usborkeychain.com\/wp-content\/uploads\/ultra-thin-credit-card-usb-flash-drive.jpg 800w, https:\/\/www.usborkeychain.com\/wp-content\/uploads\/ultra-thin-credit-card-usb-flash-drive-300x300.jpg 300w, https:\/\/www.usborkeychain.com\/wp-content\/uploads\/ultra-thin-credit-card-usb-flash-drive-150x150.jpg 150w, https:\/\/www.usborkeychain.com\/wp-content\/uploads\/ultra-thin-credit-card-usb-flash-drive-768x768.jpg 768w, https:\/\/www.usborkeychain.com\/wp-content\/uploads\/ultra-thin-credit-card-usb-flash-drive-12x12.jpg 12w, https:\/\/www.usborkeychain.com\/wp-content\/uploads\/ultra-thin-credit-card-usb-flash-drive-600x600.jpg 600w, https:\/\/www.usborkeychain.com\/wp-content\/uploads\/ultra-thin-credit-card-usb-flash-drive-100x100.jpg 100w\" sizes=\"(max-width: 800px) 100vw, 800px\" \/><\/figure>\n<\/div>\n<\/div>","protected":false},"excerpt":{"rendered":"<ul>\n<li>Mat\u00e9riaux m\u00e9talliques<\/li>\n<li>Interface USB 3.0<\/li>\n<li>USB 3.0 en forme de carte<\/li>\n<li>Caoutchouc bleu - interface avec le noyau<\/li>\n<li>MOQ:100pcs<\/li>\n<\/ul>","protected":false},"featured_media":5146,"comment_status":"open","ping_status":"closed","template":"","meta":{"_seopress_robots_primary_cat":"","_seopress_titles_title":"","_seopress_titles_desc":"","_seopress_robots_index":"","site-sidebar-layout":"default","site-content-layout":"","ast-site-content-layout":"","site-content-style":"default","site-sidebar-style":"default","ast-global-header-display":"","ast-banner-title-visibility":"","ast-main-header-display":"","ast-hfb-above-header-display":"","ast-hfb-below-header-display":"","ast-hfb-mobile-header-display":"","site-post-title":"","ast-breadcrumbs-content":"","ast-featured-img":"","footer-sml-layout":"","theme-transparent-header-meta":"","adv-header-id-meta":"","stick-header-meta":"","header-above-stick-meta":"","header-main-stick-meta":"","header-below-stick-meta":"","astra-migrate-meta-layouts":"default","ast-page-background-enabled":"default","ast-page-background-meta":{"desktop":{"background-color":"var(--ast-global-color-5)","background-image":"","background-repeat":"repeat","background-position":"center center","background-size":"auto","background-attachment":"scroll","background-type":"","background-media":"","overlay-type":"","overlay-color":"","overlay-opacity":"","overlay-gradient":""},"tablet":{"background-color":"","background-image":"","background-repeat":"repeat","background-position":"center center","background-size":"auto","background-attachment":"scroll","background-type":"","background-media":"","overlay-type":"","overlay-color":"","overlay-opacity":"","overlay-gradient":""},"mobile":{"background-color":"","background-image":"","background-repeat":"repeat","background-position":"center center","background-size":"auto","background-attachment":"scroll","background-type":"","background-media":"","overlay-type":"","overlay-color":"","overlay-opacity":"","overlay-gradient":""}},"ast-content-background-meta":{"desktop":{"background-color":"var(--ast-global-color-4)","background-image":"","background-repeat":"repeat","background-position":"center center","background-size":"auto","background-attachment":"scroll","background-type":"","background-media":"","overlay-type":"","overlay-color":"","overlay-opacity":"","overlay-gradient":""},"tablet":{"background-color":"var(--ast-global-color-4)","background-image":"","background-repeat":"repeat","background-position":"center center","background-size":"auto","background-attachment":"scroll","background-type":"","background-media":"","overlay-type":"","overlay-color":"","overlay-opacity":"","overlay-gradient":""},"mobile":{"background-color":"var(--ast-global-color-4)","background-image":"","background-repeat":"repeat","background-position":"center center","background-size":"auto","background-attachment":"scroll","background-type":"","background-media":"","overlay-type":"","overlay-color":"","overlay-opacity":"","overlay-gradient":""}}},"product_brand":[],"product_cat":[96,104],"product_tag":[343,313],"class_list":{"0":"post-5143","1":"product","2":"type-product","3":"status-publish","4":"has-post-thumbnail","6":"product_cat-card-usb-pendrive","7":"product_cat-usb3-0-usb-pendrive","8":"product_tag-metal-card-flash-drive","9":"product_tag-usb3-0-usb-pendrive","10":"desktop-align-left","11":"tablet-align-left","12":"mobile-align-left","14":"first","15":"instock","16":"shipping-taxable","17":"product-type-simple"},"_links":{"self":[{"href":"https:\/\/www.usborkeychain.com\/fr\/wp-json\/wp\/v2\/product\/5143","targetHints":{"allow":["GET"]}}],"collection":[{"href":"https:\/\/www.usborkeychain.com\/fr\/wp-json\/wp\/v2\/product"}],"about":[{"href":"https:\/\/www.usborkeychain.com\/fr\/wp-json\/wp\/v2\/types\/product"}],"replies":[{"embeddable":true,"href":"https:\/\/www.usborkeychain.com\/fr\/wp-json\/wp\/v2\/comments?post=5143"}],"wp:featuredmedia":[{"embeddable":true,"href":"https:\/\/www.usborkeychain.com\/fr\/wp-json\/wp\/v2\/media\/5146"}],"wp:attachment":[{"href":"https:\/\/www.usborkeychain.com\/fr\/wp-json\/wp\/v2\/media?parent=5143"}],"wp:term":[{"taxonomy":"product_brand","embeddable":true,"href":"https:\/\/www.usborkeychain.com\/fr\/wp-json\/wp\/v2\/product_brand?post=5143"},{"taxonomy":"product_cat","embeddable":true,"href":"https:\/\/www.usborkeychain.com\/fr\/wp-json\/wp\/v2\/product_cat?post=5143"},{"taxonomy":"product_tag","embeddable":true,"href":"https:\/\/www.usborkeychain.com\/fr\/wp-json\/wp\/v2\/product_tag?post=5143"}],"curies":[{"name":"wp","href":"https:\/\/api.w.org\/{rel}","templated":true}]}}