{"id":5204,"date":"2025-07-30T02:55:39","date_gmt":"2025-07-30T02:55:39","guid":{"rendered":"https:\/\/www.usborkeychain.com\/?post_type=product&#038;p=5204"},"modified":"2025-08-16T03:07:40","modified_gmt":"2025-08-16T03:07:40","slug":"wooden-painted-usb-flash-drives","status":"publish","type":"product","link":"https:\/\/www.usborkeychain.com\/fr\/produit\/wooden-painted-usb-flash-drives\/","title":{"rendered":"Cl\u00e9 USB en bois peint"},"content":{"rendered":"<div class=\"wp-block-columns is-layout-flex wp-container-core-columns-is-layout-28f84493 wp-block-columns-is-layout-flex\">\n<div class=\"wp-block-column is-vertically-aligned-center is-layout-flow wp-block-column-is-layout-flow\">\n<h3 class=\"wp-block-heading\">Mat\u00e9riau<\/h3>\n\n\n\n<p>Fabriqu\u00e9 \u00e0 partir de mat\u00e9riaux de haute qualit\u00e9 <strong>bois naturel<\/strong>Il conserve le grain original du bois, ce qui rend le motif de chaque cl\u00e9 USB unique et conf\u00e8re au produit une texture naturelle.\u00a0<\/p>\n\n\n\n<p>En tant que ressource renouvelable, le bois garantit un processus de production \u00e0 faible \u00e9mission de carbone et respectueux de l'environnement, en accord avec le concept moderne de \"l'\u00e9conomie de la connaissance\".<strong>consommation verte<\/strong>.&#8221;<\/p>\n\n\n\n<h3 class=\"wp-block-heading\">L\u00e9ger et portable<\/h3>\n\n\n\n<p>De forme rectangulaire \u00e9l\u00e9gante et de taille compacte, elle ne p\u00e8se que 10 g environ. Il peut \u00eatre facilement rang\u00e9 dans un portefeuille, un trousseau de cl\u00e9s ou m\u00eame accroch\u00e9 \u00e0 un ordinateur portable, ce qui n'est pas un inconv\u00e9nient en voyage.<\/p>\n<\/div>\n\n\n\n<div class=\"wp-block-column is-vertically-aligned-center is-layout-flow wp-block-column-is-layout-flow\">\n<figure class=\"wp-block-image size-full\"><img alt=\"\" fetchpriority=\"high\" decoding=\"async\" width=\"800\" height=\"800\" src=\"https:\/\/www.usborkeychain.com\/wp-content\/uploads\/PastelWood-USB-Memory-Sticks.jpg\" class=\"wp-image-5216\" srcset=\"https:\/\/www.usborkeychain.com\/wp-content\/uploads\/PastelWood-USB-Memory-Sticks.jpg 800w, https:\/\/www.usborkeychain.com\/wp-content\/uploads\/PastelWood-USB-Memory-Sticks-300x300.jpg 300w, https:\/\/www.usborkeychain.com\/wp-content\/uploads\/PastelWood-USB-Memory-Sticks-150x150.jpg 150w, https:\/\/www.usborkeychain.com\/wp-content\/uploads\/PastelWood-USB-Memory-Sticks-768x768.jpg 768w, https:\/\/www.usborkeychain.com\/wp-content\/uploads\/PastelWood-USB-Memory-Sticks-12x12.jpg 12w, https:\/\/www.usborkeychain.com\/wp-content\/uploads\/PastelWood-USB-Memory-Sticks-600x600.jpg 600w, https:\/\/www.usborkeychain.com\/wp-content\/uploads\/PastelWood-USB-Memory-Sticks-100x100.jpg 100w\" sizes=\"(max-width: 800px) 100vw, 800px\" \/><\/figure>\n<\/div>\n<\/div>\n\n\n\n<div class=\"wp-block-columns is-layout-flex wp-container-core-columns-is-layout-28f84493 wp-block-columns-is-layout-flex\">\n<div class=\"wp-block-column is-vertically-aligned-center is-layout-flow wp-block-column-is-layout-flow\">\n<h3 class=\"wp-block-heading\">Peinture<\/h3>\n\n\n\n<ul class=\"wp-block-list\">\n<li><strong>Syst\u00e8me de couleurs<\/strong>: Couvre les couleurs macaron (vert menthe, bleu Tiffany, rose-violet, jaune chaud, etc.), les couleurs Morandi (faible saturation avec une sensation de qualit\u00e9 sup\u00e9rieure) et les couleurs unies classiques (rouge pur, noir de jais), r\u00e9pondant \u00e0 diverses pr\u00e9f\u00e9rences esth\u00e9tiques.<\/li>\n\n\n\n<li><strong>Garantie d'ex\u00e9cution<\/strong>: Adopte une peinture \u00e0 base d'eau respectueuse de l'environnement et une technologie de s\u00e9chage UV, garantissant des couleurs vives et pleines, une forte adh\u00e9rence et une r\u00e9sistance \u00e0 l'usure et aux rayures. Non toxique et inoffensif, il a obtenu la certification environnementale de l'UE et ne pr\u00e9sente aucun risque de s\u00e9curit\u00e9 en cas de contact prolong\u00e9.<\/li>\n<\/ul>\n<\/div>\n\n\n\n<div class=\"wp-block-column is-vertically-aligned-center is-layout-flow wp-block-column-is-layout-flow\">\n<figure class=\"wp-block-image size-full\"><img alt=\"\" decoding=\"async\" width=\"800\" height=\"800\" src=\"https:\/\/www.usborkeychain.com\/wp-content\/uploads\/RainbowWood-USB-Flash-Drives.jpg\" class=\"wp-image-5218\" srcset=\"https:\/\/www.usborkeychain.com\/wp-content\/uploads\/RainbowWood-USB-Flash-Drives.jpg 800w, https:\/\/www.usborkeychain.com\/wp-content\/uploads\/RainbowWood-USB-Flash-Drives-300x300.jpg 300w, https:\/\/www.usborkeychain.com\/wp-content\/uploads\/RainbowWood-USB-Flash-Drives-150x150.jpg 150w, https:\/\/www.usborkeychain.com\/wp-content\/uploads\/RainbowWood-USB-Flash-Drives-768x768.jpg 768w, https:\/\/www.usborkeychain.com\/wp-content\/uploads\/RainbowWood-USB-Flash-Drives-12x12.jpg 12w, https:\/\/www.usborkeychain.com\/wp-content\/uploads\/RainbowWood-USB-Flash-Drives-600x600.jpg 600w, https:\/\/www.usborkeychain.com\/wp-content\/uploads\/RainbowWood-USB-Flash-Drives-100x100.jpg 100w\" sizes=\"(max-width: 800px) 100vw, 800px\" \/><\/figure>\n<\/div>\n<\/div>\n\n\n\n<h2 class=\"wp-block-heading\">Param\u00e8tres de base de la cl\u00e9 USB<\/h2>\n\n\n\n<figure class=\"wp-block-table\"><table class=\"has-fixed-layout\"><thead><tr><th>Cat\u00e9gorie de param\u00e8tres<\/th><th>Sp\u00e9cifications sp\u00e9cifiques<\/th><\/tr><\/thead><tbody><tr><td>Capacit\u00e9<\/td><td>8GB, 16GB, 32GB, 64GB, 128GB<\/td><\/tr><tr><td>Dimensions (L\u00d7L\u00d7H)<\/td><td>35 mm \u00d7 15 mm \u00d7 8 mm (avec une tol\u00e9rance de \u00b10,5 mm)<\/td><\/tr><tr><td>Poids<\/td><td>Environ 10 g<\/td><\/tr><tr><td>Type d'interface<\/td><td>USB 2.0 \/ USB 3.0<\/td><\/tr><\/tbody><\/table><\/figure>\n\n\n\n<h2 class=\"wp-block-heading\">Le LOGO et les motifs peuvent-ils \u00eatre personnalis\u00e9s ? Quels sont les processus de personnalisation ?<\/h2>\n\n\n\n<div class=\"wp-block-columns are-vertically-aligned-center is-layout-flex wp-container-core-columns-is-layout-28f84493 wp-block-columns-is-layout-flex\">\n<div class=\"wp-block-column is-vertically-aligned-center is-layout-flow wp-block-column-is-layout-flow\">\n<figure class=\"wp-block-image size-full\"><img alt=\"\" decoding=\"async\" width=\"800\" height=\"800\" src=\"https:\/\/www.usborkeychain.com\/wp-content\/uploads\/VividHue-Wooden-USB-Drives.jpg\" class=\"wp-image-5219\" srcset=\"https:\/\/www.usborkeychain.com\/wp-content\/uploads\/VividHue-Wooden-USB-Drives.jpg 800w, https:\/\/www.usborkeychain.com\/wp-content\/uploads\/VividHue-Wooden-USB-Drives-300x300.jpg 300w, https:\/\/www.usborkeychain.com\/wp-content\/uploads\/VividHue-Wooden-USB-Drives-150x150.jpg 150w, https:\/\/www.usborkeychain.com\/wp-content\/uploads\/VividHue-Wooden-USB-Drives-768x768.jpg 768w, https:\/\/www.usborkeychain.com\/wp-content\/uploads\/VividHue-Wooden-USB-Drives-12x12.jpg 12w, https:\/\/www.usborkeychain.com\/wp-content\/uploads\/VividHue-Wooden-USB-Drives-600x600.jpg 600w, https:\/\/www.usborkeychain.com\/wp-content\/uploads\/VividHue-Wooden-USB-Drives-100x100.jpg 100w\" sizes=\"(max-width: 800px) 100vw, 800px\" \/><\/figure>\n<\/div>\n\n\n\n<div class=\"wp-block-column is-vertically-aligned-center is-layout-flow wp-block-column-is-layout-flow\">\n<h3 class=\"wp-block-heading\">Faisabilit\u00e9 de la personnalisation :<\/h3>\n\n\n\n<p>Qu'il s'agisse d'un LOGO d'entreprise, d'un motif de mariage, d'une signature personnelle ou d'une illustration cr\u00e9ative, tous ces \u00e9l\u00e9ments peuvent \u00eatre r\u00e9alis\u00e9s gr\u00e2ce \u00e0 un savoir-faire professionnel.<\/p>\n\n\n\n<h3 class=\"wp-block-heading\">Processus de personnalisation de base :<\/h3>\n\n\n\n<ul class=\"wp-block-list\">\n<li><strong>Gravure au laser<\/strong>: Utilise un laser \u00e0 haute \u00e9nergie pour br\u00fbler la surface du bois et graver des LOGO\/motifs. Convient pour les textes et les dessins \u00e0 base de lignes.<\/li>\n\n\n\n<li><strong>Impression par peinture UV<\/strong>: Imprime directement des motifs sur la surface du bois \u00e0 l'aide d'une encre UV. Convient aux illustrations complexes et aux dessins bas\u00e9s sur des photos. R\u00e9siste \u00e0 l'eau et aux rayures.<\/li>\n\n\n\n<li><strong>Transfert de chaleur (processus avanc\u00e9)<\/strong>: Transf\u00e8re les motifs d'un film de transfert sur le bois \u00e0 haute temp\u00e9rature, ce qui n\u00e9cessite un pr\u00e9traitement avec un rev\u00eatement. Elle offre une meilleure saturation des couleurs que l'impression UV et convient \u00e0 la personnalisation de masse \u00e0 moindre co\u00fbt.<\/li>\n<\/ul>\n<\/div>\n<\/div>\n\n\n\n<h2 class=\"wp-block-heading\">La cl\u00e9 USB en bois peint est-elle facile \u00e0 casser ?<\/h2>\n\n\n\n<div class=\"wp-block-columns are-vertically-aligned-center is-layout-flex wp-container-core-columns-is-layout-28f84493 wp-block-columns-is-layout-flex\">\n<div class=\"wp-block-column is-vertically-aligned-center is-layout-flow wp-block-column-is-layout-flow\">\n<p>Dans des conditions normales d'utilisation, sa dur\u00e9e de vie est comparable \u00e0 celle des cl\u00e9s USB ordinaires, voire plus longue !<\/p>\n\n\n\n<ul class=\"wp-block-list\">\n<li><strong>Aspect structurel<\/strong>: Le bois poss\u00e8de de fortes propri\u00e9t\u00e9s naturelles d'amortissement. Par rapport aux cl\u00e9s USB en plastique, il est plus r\u00e9sistant aux chutes l\u00e9g\u00e8res (r\u00e9duisant les dommages caus\u00e9s aux puces par les vibrations). La puce interne adopte un \"emballage int\u00e9gr\u00e9\", s'adaptant \u00e9troitement au bois, ce qui augmente la r\u00e9sistance aux chocs de 30% (donn\u00e9es de laboratoire).<\/li>\n\n\n\n<li><strong>Aspect mat\u00e9riel<\/strong>: Le bois pr\u00e9sente une bonne stabilit\u00e9 chimique et n'est pas sujet \u00e0 la fragilisation due aux changements de temp\u00e9rature (contrairement au plastique, qui a tendance \u00e0 se fissurer \u00e0 basse temp\u00e9rature). La surface peinte, durcie par les UV, peut r\u00e9sister \u00e0 plus de 5 000 cycles d'usure (ce qui est bien sup\u00e9rieur \u00e0 une peinture au pistolet ordinaire).<\/li>\n<\/ul>\n<\/div>\n\n\n\n<div class=\"wp-block-column is-vertically-aligned-center is-layout-flow wp-block-column-is-layout-flow\">\n<figure class=\"wp-block-image size-full\"><img alt=\"\" loading=\"lazy\" decoding=\"async\" width=\"800\" height=\"800\" src=\"https:\/\/www.usborkeychain.com\/wp-content\/uploads\/ArtPainted-Wood-Flash-Drives.jpg\" class=\"wp-image-5207\" srcset=\"https:\/\/www.usborkeychain.com\/wp-content\/uploads\/ArtPainted-Wood-Flash-Drives.jpg 800w, https:\/\/www.usborkeychain.com\/wp-content\/uploads\/ArtPainted-Wood-Flash-Drives-300x300.jpg 300w, https:\/\/www.usborkeychain.com\/wp-content\/uploads\/ArtPainted-Wood-Flash-Drives-150x150.jpg 150w, https:\/\/www.usborkeychain.com\/wp-content\/uploads\/ArtPainted-Wood-Flash-Drives-768x768.jpg 768w, https:\/\/www.usborkeychain.com\/wp-content\/uploads\/ArtPainted-Wood-Flash-Drives-12x12.jpg 12w, https:\/\/www.usborkeychain.com\/wp-content\/uploads\/ArtPainted-Wood-Flash-Drives-600x600.jpg 600w, https:\/\/www.usborkeychain.com\/wp-content\/uploads\/ArtPainted-Wood-Flash-Drives-100x100.jpg 100w\" sizes=\"(max-width: 800px) 100vw, 800px\" \/><\/figure>\n<\/div>\n<\/div>\n\n\n\n<h2 class=\"wp-block-heading\">Comment entretenir la cl\u00e9 USB en bois peint ?<\/h2>\n\n\n\n<p><strong>Pr\u00e9vention de l'humidit\u00e9 et des moisissures<\/strong>: \u00c9viter le contact avec l'eau et la sueur. En cas de contamination, essuyer imm\u00e9diatement avec un chiffon doux et sec. En cas de non-utilisation prolong\u00e9e, rangez l'appareil dans une bo\u00eete \u00e9tanche \u00e0 l'humidit\u00e9 (avec un d\u00e9shydratant \u00e0 l'int\u00e9rieur).<\/p>\n\n\n\n<p><strong>Pr\u00e9vention des rayures et de l'usure<\/strong>: \u00c9viter de m\u00e9langer le produit avec des cl\u00e9s ou des objets pointus. Stocker le plus possible la face peinte vers le haut pour r\u00e9duire les frottements.<\/p>\n\n\n\n<p><strong>Branchement et d\u00e9branchement corrects<\/strong>: Tenez le corps principal de la cl\u00e9 USB (et non l'extr\u00e9mit\u00e9 peinte) lorsque vous la branchez ou la d\u00e9branchez afin d'\u00e9viter qu'elle ne se d\u00e9tache entre le bois et l'interface de la puce.<\/p>\n\n\n\n<p><strong>Activation r\u00e9guli\u00e8re<\/strong>: Connectez un appareil et mettez-le sous tension pendant environ 10 minutes tous les 3 mois pour \u00e9viter l'oxydation des contacts de la puce.<\/p>\n\n\n\n<div class=\"wp-block-columns is-layout-flex wp-container-core-columns-is-layout-28f84493 wp-block-columns-is-layout-flex\">\n<div class=\"wp-block-column is-layout-flow wp-block-column-is-layout-flow\">\n<figure class=\"wp-block-image size-full\"><img alt=\"\" loading=\"lazy\" decoding=\"async\" width=\"800\" height=\"800\" src=\"https:\/\/www.usborkeychain.com\/wp-content\/uploads\/ArtSplash-Wood-Memory-Sticks.jpg\" class=\"wp-image-5208\" srcset=\"https:\/\/www.usborkeychain.com\/wp-content\/uploads\/ArtSplash-Wood-Memory-Sticks.jpg 800w, https:\/\/www.usborkeychain.com\/wp-content\/uploads\/ArtSplash-Wood-Memory-Sticks-300x300.jpg 300w, https:\/\/www.usborkeychain.com\/wp-content\/uploads\/ArtSplash-Wood-Memory-Sticks-150x150.jpg 150w, https:\/\/www.usborkeychain.com\/wp-content\/uploads\/ArtSplash-Wood-Memory-Sticks-768x768.jpg 768w, https:\/\/www.usborkeychain.com\/wp-content\/uploads\/ArtSplash-Wood-Memory-Sticks-12x12.jpg 12w, https:\/\/www.usborkeychain.com\/wp-content\/uploads\/ArtSplash-Wood-Memory-Sticks-600x600.jpg 600w, https:\/\/www.usborkeychain.com\/wp-content\/uploads\/ArtSplash-Wood-Memory-Sticks-100x100.jpg 100w\" sizes=\"(max-width: 800px) 100vw, 800px\" \/><\/figure>\n<\/div>\n\n\n\n<div class=\"wp-block-column is-layout-flow wp-block-column-is-layout-flow\">\n<figure class=\"wp-block-image size-full\"><img alt=\"\" loading=\"lazy\" decoding=\"async\" width=\"800\" height=\"800\" src=\"https:\/\/www.usborkeychain.com\/wp-content\/uploads\/PaintedCharm-Wood-USB-drive.jpg\" class=\"wp-image-5215\" srcset=\"https:\/\/www.usborkeychain.com\/wp-content\/uploads\/PaintedCharm-Wood-USB-drive.jpg 800w, https:\/\/www.usborkeychain.com\/wp-content\/uploads\/PaintedCharm-Wood-USB-drive-300x300.jpg 300w, https:\/\/www.usborkeychain.com\/wp-content\/uploads\/PaintedCharm-Wood-USB-drive-150x150.jpg 150w, https:\/\/www.usborkeychain.com\/wp-content\/uploads\/PaintedCharm-Wood-USB-drive-768x768.jpg 768w, https:\/\/www.usborkeychain.com\/wp-content\/uploads\/PaintedCharm-Wood-USB-drive-12x12.jpg 12w, https:\/\/www.usborkeychain.com\/wp-content\/uploads\/PaintedCharm-Wood-USB-drive-600x600.jpg 600w, https:\/\/www.usborkeychain.com\/wp-content\/uploads\/PaintedCharm-Wood-USB-drive-100x100.jpg 100w\" sizes=\"(max-width: 800px) 100vw, 800px\" \/><\/figure>\n<\/div>\n\n\n\n<div class=\"wp-block-column is-layout-flow wp-block-column-is-layout-flow\">\n<figure class=\"wp-block-image size-full\"><img alt=\"\" loading=\"lazy\" decoding=\"async\" width=\"800\" height=\"800\" src=\"https:\/\/www.usborkeychain.com\/wp-content\/uploads\/PersonalArt-Wooden-USB-Drives.jpg\" class=\"wp-image-5217\" srcset=\"https:\/\/www.usborkeychain.com\/wp-content\/uploads\/PersonalArt-Wooden-USB-Drives.jpg 800w, https:\/\/www.usborkeychain.com\/wp-content\/uploads\/PersonalArt-Wooden-USB-Drives-300x300.jpg 300w, https:\/\/www.usborkeychain.com\/wp-content\/uploads\/PersonalArt-Wooden-USB-Drives-150x150.jpg 150w, https:\/\/www.usborkeychain.com\/wp-content\/uploads\/PersonalArt-Wooden-USB-Drives-768x768.jpg 768w, https:\/\/www.usborkeychain.com\/wp-content\/uploads\/PersonalArt-Wooden-USB-Drives-12x12.jpg 12w, https:\/\/www.usborkeychain.com\/wp-content\/uploads\/PersonalArt-Wooden-USB-Drives-600x600.jpg 600w, https:\/\/www.usborkeychain.com\/wp-content\/uploads\/PersonalArt-Wooden-USB-Drives-100x100.jpg 100w\" sizes=\"(max-width: 800px) 100vw, 800px\" \/><\/figure>\n<\/div>\n<\/div>\n\n\n\n<div class=\"wp-block-columns is-layout-flex wp-container-core-columns-is-layout-28f84493 wp-block-columns-is-layout-flex\">\n<div class=\"wp-block-column is-layout-flow wp-block-column-is-layout-flow\">\n<figure class=\"wp-block-image size-full\"><img alt=\"\" loading=\"lazy\" decoding=\"async\" width=\"800\" height=\"800\" src=\"https:\/\/www.usborkeychain.com\/wp-content\/uploads\/HandPainted-Wood-Flash-Drives.jpg\" class=\"wp-image-5214\" srcset=\"https:\/\/www.usborkeychain.com\/wp-content\/uploads\/HandPainted-Wood-Flash-Drives.jpg 800w, https:\/\/www.usborkeychain.com\/wp-content\/uploads\/HandPainted-Wood-Flash-Drives-300x300.jpg 300w, https:\/\/www.usborkeychain.com\/wp-content\/uploads\/HandPainted-Wood-Flash-Drives-150x150.jpg 150w, https:\/\/www.usborkeychain.com\/wp-content\/uploads\/HandPainted-Wood-Flash-Drives-768x768.jpg 768w, https:\/\/www.usborkeychain.com\/wp-content\/uploads\/HandPainted-Wood-Flash-Drives-12x12.jpg 12w, https:\/\/www.usborkeychain.com\/wp-content\/uploads\/HandPainted-Wood-Flash-Drives-600x600.jpg 600w, https:\/\/www.usborkeychain.com\/wp-content\/uploads\/HandPainted-Wood-Flash-Drives-100x100.jpg 100w\" sizes=\"(max-width: 800px) 100vw, 800px\" \/><\/figure>\n<\/div>\n\n\n\n<div class=\"wp-block-column is-layout-flow wp-block-column-is-layout-flow\">\n<figure class=\"wp-block-image size-full\"><img alt=\"\" loading=\"lazy\" decoding=\"async\" width=\"800\" height=\"800\" src=\"https:\/\/www.usborkeychain.com\/wp-content\/uploads\/ElegantPaint-Wood-USB-drive.jpg\" class=\"wp-image-5213\" srcset=\"https:\/\/www.usborkeychain.com\/wp-content\/uploads\/ElegantPaint-Wood-USB-drive.jpg 800w, https:\/\/www.usborkeychain.com\/wp-content\/uploads\/ElegantPaint-Wood-USB-drive-300x300.jpg 300w, https:\/\/www.usborkeychain.com\/wp-content\/uploads\/ElegantPaint-Wood-USB-drive-150x150.jpg 150w, https:\/\/www.usborkeychain.com\/wp-content\/uploads\/ElegantPaint-Wood-USB-drive-768x768.jpg 768w, https:\/\/www.usborkeychain.com\/wp-content\/uploads\/ElegantPaint-Wood-USB-drive-12x12.jpg 12w, https:\/\/www.usborkeychain.com\/wp-content\/uploads\/ElegantPaint-Wood-USB-drive-600x600.jpg 600w, https:\/\/www.usborkeychain.com\/wp-content\/uploads\/ElegantPaint-Wood-USB-drive-100x100.jpg 100w\" sizes=\"(max-width: 800px) 100vw, 800px\" \/><\/figure>\n<\/div>\n\n\n\n<div class=\"wp-block-column is-layout-flow wp-block-column-is-layout-flow\">\n<figure class=\"wp-block-image size-full\"><img alt=\"\" loading=\"lazy\" decoding=\"async\" width=\"800\" height=\"800\" src=\"https:\/\/www.usborkeychain.com\/wp-content\/uploads\/ChicPainted-Wood-Memory-Stick.jpg\" class=\"wp-image-5209\" srcset=\"https:\/\/www.usborkeychain.com\/wp-content\/uploads\/ChicPainted-Wood-Memory-Stick.jpg 800w, https:\/\/www.usborkeychain.com\/wp-content\/uploads\/ChicPainted-Wood-Memory-Stick-300x300.jpg 300w, https:\/\/www.usborkeychain.com\/wp-content\/uploads\/ChicPainted-Wood-Memory-Stick-150x150.jpg 150w, https:\/\/www.usborkeychain.com\/wp-content\/uploads\/ChicPainted-Wood-Memory-Stick-768x768.jpg 768w, https:\/\/www.usborkeychain.com\/wp-content\/uploads\/ChicPainted-Wood-Memory-Stick-12x12.jpg 12w, https:\/\/www.usborkeychain.com\/wp-content\/uploads\/ChicPainted-Wood-Memory-Stick-600x600.jpg 600w, https:\/\/www.usborkeychain.com\/wp-content\/uploads\/ChicPainted-Wood-Memory-Stick-100x100.jpg 100w\" sizes=\"(max-width: 800px) 100vw, 800px\" \/><\/figure>\n<\/div>\n<\/div>\n\n\n\n<div class=\"wp-block-columns are-vertically-aligned-center is-layout-flex wp-container-core-columns-is-layout-28f84493 wp-block-columns-is-layout-flex\">\n<div class=\"wp-block-column is-vertically-aligned-center is-layout-flow wp-block-column-is-layout-flow\">\n<p>Le<strong> cl\u00e9 USB en bois peint,<\/strong> \u00e0 base de bois renouvelable, conf\u00e8re aux produits technologiques chaleur et valeur esth\u00e9tique. Sa portabilit\u00e9, son potentiel de personnalisation et ses caract\u00e9ristiques \u00e9cologiques en font plus qu'un simple outil, mais un support d\u00e9licat pour l'expression \u00e9motionnelle et la communication culturelle.<\/p>\n<\/div>\n\n\n\n<div class=\"wp-block-column is-vertically-aligned-center is-layout-flow wp-block-column-is-layout-flow\">\n<figure class=\"wp-block-image size-full\"><img alt=\"\" loading=\"lazy\" decoding=\"async\" width=\"800\" height=\"800\" src=\"https:\/\/www.usborkeychain.com\/wp-content\/uploads\/CustomEngraved-Wooden-USB-drive.jpg\" class=\"wp-image-5211\" srcset=\"https:\/\/www.usborkeychain.com\/wp-content\/uploads\/CustomEngraved-Wooden-USB-drive.jpg 800w, https:\/\/www.usborkeychain.com\/wp-content\/uploads\/CustomEngraved-Wooden-USB-drive-300x300.jpg 300w, https:\/\/www.usborkeychain.com\/wp-content\/uploads\/CustomEngraved-Wooden-USB-drive-150x150.jpg 150w, https:\/\/www.usborkeychain.com\/wp-content\/uploads\/CustomEngraved-Wooden-USB-drive-768x768.jpg 768w, https:\/\/www.usborkeychain.com\/wp-content\/uploads\/CustomEngraved-Wooden-USB-drive-12x12.jpg 12w, https:\/\/www.usborkeychain.com\/wp-content\/uploads\/CustomEngraved-Wooden-USB-drive-600x600.jpg 600w, https:\/\/www.usborkeychain.com\/wp-content\/uploads\/CustomEngraved-Wooden-USB-drive-100x100.jpg 100w\" sizes=\"(max-width: 800px) 100vw, 800px\" \/><\/figure>\n<\/div>\n<\/div>","protected":false},"excerpt":{"rendered":"<ul>\n<li>Bois naturel<\/li>\n<li>Bois peint<\/li>\n<li>Csutom LOGO&amp;color<\/li>\n<li>R\u00e9sistant aux rayures et \u00e0 l'usure<\/li>\n<li>MOQ:100pcs<\/li>\n<\/ul>","protected":false},"featured_media":5216,"comment_status":"open","ping_status":"closed","template":"","meta":{"_seopress_robots_primary_cat":"","_seopress_titles_title":"","_seopress_titles_desc":"","_seopress_robots_index":"","site-sidebar-layout":"default","site-content-layout":"","ast-site-content-layout":"","site-content-style":"default","site-sidebar-style":"default","ast-global-header-display":"","ast-banner-title-visibility":"","ast-main-header-display":"","ast-hfb-above-header-display":"","ast-hfb-below-header-display":"","ast-hfb-mobile-header-display":"","site-post-title":"","ast-breadcrumbs-content":"","ast-featured-img":"","footer-sml-layout":"","theme-transparent-header-meta":"","adv-header-id-meta":"","stick-header-meta":"","header-above-stick-meta":"","header-main-stick-meta":"","header-below-stick-meta":"","astra-migrate-meta-layouts":"default","ast-page-background-enabled":"default","ast-page-background-meta":{"desktop":{"background-color":"var(--ast-global-color-5)","background-image":"","background-repeat":"repeat","background-position":"center center","background-size":"auto","background-attachment":"scroll","background-type":"","background-media":"","overlay-type":"","overlay-color":"","overlay-opacity":"","overlay-gradient":""},"tablet":{"background-color":"","background-image":"","background-repeat":"repeat","background-position":"center center","background-size":"auto","background-attachment":"scroll","background-type":"","background-media":"","overlay-type":"","overlay-color":"","overlay-opacity":"","overlay-gradient":""},"mobile":{"background-color":"","background-image":"","background-repeat":"repeat","background-position":"center center","background-size":"auto","background-attachment":"scroll","background-type":"","background-media":"","overlay-type":"","overlay-color":"","overlay-opacity":"","overlay-gradient":""}},"ast-content-background-meta":{"desktop":{"background-color":"var(--ast-global-color-4)","background-image":"","background-repeat":"repeat","background-position":"center center","background-size":"auto","background-attachment":"scroll","background-type":"","background-media":"","overlay-type":"","overlay-color":"","overlay-opacity":"","overlay-gradient":""},"tablet":{"background-color":"var(--ast-global-color-4)","background-image":"","background-repeat":"repeat","background-position":"center center","background-size":"auto","background-attachment":"scroll","background-type":"","background-media":"","overlay-type":"","overlay-color":"","overlay-opacity":"","overlay-gradient":""},"mobile":{"background-color":"var(--ast-global-color-4)","background-image":"","background-repeat":"repeat","background-position":"center center","background-size":"auto","background-attachment":"scroll","background-type":"","background-media":"","overlay-type":"","overlay-color":"","overlay-opacity":"","overlay-gradient":""}}},"product_brand":[],"product_cat":[168,103],"product_tag":[314,241],"class_list":{"0":"post-5204","1":"product","2":"type-product","3":"status-publish","4":"has-post-thumbnail","6":"product_cat-wood-usb-flash-drive","7":"product_cat-usb2-0-usb-pendrive","8":"product_tag-wooden-painted-usb-flash-drives","9":"product_tag-wooden-usb-flash-drive","10":"desktop-align-left","11":"tablet-align-left","12":"mobile-align-left","14":"first","15":"instock","16":"shipping-taxable","17":"product-type-simple"},"_links":{"self":[{"href":"https:\/\/www.usborkeychain.com\/fr\/wp-json\/wp\/v2\/product\/5204","targetHints":{"allow":["GET"]}}],"collection":[{"href":"https:\/\/www.usborkeychain.com\/fr\/wp-json\/wp\/v2\/product"}],"about":[{"href":"https:\/\/www.usborkeychain.com\/fr\/wp-json\/wp\/v2\/types\/product"}],"replies":[{"embeddable":true,"href":"https:\/\/www.usborkeychain.com\/fr\/wp-json\/wp\/v2\/comments?post=5204"}],"wp:featuredmedia":[{"embeddable":true,"href":"https:\/\/www.usborkeychain.com\/fr\/wp-json\/wp\/v2\/media\/5216"}],"wp:attachment":[{"href":"https:\/\/www.usborkeychain.com\/fr\/wp-json\/wp\/v2\/media?parent=5204"}],"wp:term":[{"taxonomy":"product_brand","embeddable":true,"href":"https:\/\/www.usborkeychain.com\/fr\/wp-json\/wp\/v2\/product_brand?post=5204"},{"taxonomy":"product_cat","embeddable":true,"href":"https:\/\/www.usborkeychain.com\/fr\/wp-json\/wp\/v2\/product_cat?post=5204"},{"taxonomy":"product_tag","embeddable":true,"href":"https:\/\/www.usborkeychain.com\/fr\/wp-json\/wp\/v2\/product_tag?post=5204"}],"curies":[{"name":"wp","href":"https:\/\/api.w.org\/{rel}","templated":true}]}}