{"id":5221,"date":"2025-07-30T08:00:56","date_gmt":"2025-07-30T08:00:56","guid":{"rendered":"https:\/\/www.usborkeychain.com\/?post_type=product&#038;p=5221"},"modified":"2025-07-31T00:29:10","modified_gmt":"2025-07-31T00:29:10","slug":"custom-metal-stylus-pen-usb-flash-drive","status":"publish","type":"product","link":"https:\/\/www.usborkeychain.com\/fr\/produit\/custom-metal-stylus-pen-usb-flash-drive\/","title":{"rendered":"Stylo Stylus en m\u00e9tal personnalis\u00e9 Cl\u00e9 USB"},"content":{"rendered":"<h2 class=\"wp-block-heading\">Qu'est-ce qu'une cl\u00e9 USB Stylus ?<\/h2>\n\n\n\n<div class=\"wp-block-columns is-layout-flex wp-container-core-columns-is-layout-28f84493 wp-block-columns-is-layout-flex\">\n<div class=\"wp-block-column is-vertically-aligned-center is-layout-flow wp-block-column-is-layout-flow\">\n<p>Le <strong>stylet m\u00e9tallique cl\u00e9 USB<\/strong> est une papeterie num\u00e9rique multifonctionnelle int\u00e9grant \"toucher capacitif + \u00e9criture + stockage de donn\u00e9es\". <\/p>\n\n\n\n<p>Il sert de stylet pour des op\u00e9rations pr\u00e9cises sur les smartphones et les tablettes, de stylo \u00e0 bille de bureau \u00e0 l'\u00e9criture fluide et de cl\u00e9 USB pr\u00eate \u00e0 l'emploi. <\/p>\n\n\n\n<p>Gr\u00e2ce \u00e0 la conception ing\u00e9nieuse du corps du stylo en m\u00e9tal, ces trois fonctions sont int\u00e9gr\u00e9es de mani\u00e8re transparente, offrant une exp\u00e9rience pratique \"un stylo - plusieurs usages\" pour le travail, les \u00e9tudes et les voyages.<\/p>\n<\/div>\n\n\n\n<div class=\"wp-block-column is-vertically-aligned-center is-layout-flow wp-block-column-is-layout-flow\">\n<figure class=\"wp-block-image size-full\"><img alt=\"\" fetchpriority=\"high\" decoding=\"async\" width=\"800\" height=\"800\" src=\"https:\/\/www.usborkeychain.com\/wp-content\/uploads\/Multifunction-Ballpoint-Usb-Pen-Drive-Flash-Drive.jpg\" class=\"wp-image-5231\" srcset=\"https:\/\/www.usborkeychain.com\/wp-content\/uploads\/Multifunction-Ballpoint-Usb-Pen-Drive-Flash-Drive.jpg 800w, https:\/\/www.usborkeychain.com\/wp-content\/uploads\/Multifunction-Ballpoint-Usb-Pen-Drive-Flash-Drive-300x300.jpg 300w, https:\/\/www.usborkeychain.com\/wp-content\/uploads\/Multifunction-Ballpoint-Usb-Pen-Drive-Flash-Drive-150x150.jpg 150w, https:\/\/www.usborkeychain.com\/wp-content\/uploads\/Multifunction-Ballpoint-Usb-Pen-Drive-Flash-Drive-768x768.jpg 768w, https:\/\/www.usborkeychain.com\/wp-content\/uploads\/Multifunction-Ballpoint-Usb-Pen-Drive-Flash-Drive-12x12.jpg 12w, https:\/\/www.usborkeychain.com\/wp-content\/uploads\/Multifunction-Ballpoint-Usb-Pen-Drive-Flash-Drive-600x600.jpg 600w, https:\/\/www.usborkeychain.com\/wp-content\/uploads\/Multifunction-Ballpoint-Usb-Pen-Drive-Flash-Drive-100x100.jpg 100w\" sizes=\"(max-width: 800px) 100vw, 800px\" \/><\/figure>\n<\/div>\n<\/div>\n\n\n\n<h2 class=\"wp-block-heading\">Pr\u00e9sentation d\u00e9taill\u00e9e de la cl\u00e9 USB \u00e0 stylet m\u00e9tallique<\/h2>\n\n\n\n<div class=\"wp-block-columns is-layout-flex wp-container-core-columns-is-layout-28f84493 wp-block-columns-is-layout-flex\">\n<div class=\"wp-block-column is-vertically-aligned-center is-layout-flow wp-block-column-is-layout-flow\">\n<figure class=\"wp-block-image size-full\"><img alt=\"\" decoding=\"async\" width=\"750\" height=\"750\" src=\"https:\/\/www.usborkeychain.com\/wp-content\/uploads\/Metallic-Stylus-USB-Pen.jpg\" class=\"wp-image-5229\" srcset=\"https:\/\/www.usborkeychain.com\/wp-content\/uploads\/Metallic-Stylus-USB-Pen.jpg 750w, https:\/\/www.usborkeychain.com\/wp-content\/uploads\/Metallic-Stylus-USB-Pen-300x300.jpg 300w, https:\/\/www.usborkeychain.com\/wp-content\/uploads\/Metallic-Stylus-USB-Pen-150x150.jpg 150w, https:\/\/www.usborkeychain.com\/wp-content\/uploads\/Metallic-Stylus-USB-Pen-12x12.jpg 12w, https:\/\/www.usborkeychain.com\/wp-content\/uploads\/Metallic-Stylus-USB-Pen-600x600.jpg 600w, https:\/\/www.usborkeychain.com\/wp-content\/uploads\/Metallic-Stylus-USB-Pen-100x100.jpg 100w\" sizes=\"(max-width: 750px) 100vw, 750px\" \/><\/figure>\n<\/div>\n\n\n\n<div class=\"wp-block-column is-vertically-aligned-center is-layout-flow wp-block-column-is-layout-flow\">\n<ul class=\"wp-block-list\">\n<li><strong>Fonction tactile<\/strong>: La pointe du stylo prend en charge l'induction capacitive de l'\u00e9cran, compatible avec les smartphones et les tablettes, et peut remplacer les doigts pour glisser, cliquer et dessiner avec pr\u00e9cision.<\/li>\n\n\n\n<li><strong>Fonction d'\u00e9criture<\/strong>: \u00c9quip\u00e9 d'une recharge de stylo \u00e0 bille Parker standard, il garantit une \u00e9criture fluide et une couleur d'encre uniforme, r\u00e9pondant aux besoins des signatures professionnelles, des comptes rendus de r\u00e9unions et de la prise de notes quotidienne.<\/li>\n\n\n\n<li><strong>Fonction de stockage<\/strong>: Une interface USB cach\u00e9e est int\u00e9gr\u00e9e \u00e0 l'extr\u00e9mit\u00e9 du capuchon du stylo. Elle permet de brancher le stylo pour faciliter le stockage et le transfert de documents, d'images, de vid\u00e9os, etc. Il est compatible avec de nombreux syst\u00e8mes, notamment Windows, MacOS et Android.<\/li>\n<\/ul>\n<\/div>\n<\/div>\n\n\n\n<h2 class=\"wp-block-heading\">Param\u00e8tres de base de la cl\u00e9 USB<\/h2>\n\n\n\n<figure class=\"wp-block-table\"><table class=\"has-fixed-layout\"><thead><tr><th>Cat\u00e9gorie de param\u00e8tres<\/th><th>Sp\u00e9cifications sp\u00e9cifiques<\/th><\/tr><\/thead><tbody><tr><td>Capacit\u00e9 de la cl\u00e9 USB<\/td><td>8GB \/ 16GB \/ 32GB \/ 64GB \/ 128GB<\/td><\/tr><tr><td>Dimensions du stylo<\/td><td>138 mm (longueur) \u00d7 14 mm (diam\u00e8tre)<\/td><\/tr><tr><td>Poids du produit<\/td><td>Environ 17 g<\/td><\/tr><tr><td>Apparence Couleurs<\/td><td>Noir, blanc, rouge, bleu, argent (couleurs personnalis\u00e9es disponibles)<\/td><\/tr><tr><td>Interface USB<\/td><td>USB 2.0 (compatible avec les dispositifs d'interface USB 3.0)<\/td><\/tr><tr><td>Configuration de la recharge<\/td><td>Recharge pour stylo \u00e0 bille Parker (encre noire\/bleue en option, rempla\u00e7able par l'utilisateur)<\/td><\/tr><tr><td>Artisanat de la coquille<\/td><td>Finition mate (anti-traces de doigts, toucher d\u00e9licat) \/ Peinture au pistolet (couleur vive, r\u00e9sistante \u00e0 l'usure et aux rayures)<\/td><\/tr><\/tbody><\/table><\/figure>\n\n\n\n<div class=\"wp-block-columns is-layout-flex wp-container-core-columns-is-layout-28f84493 wp-block-columns-is-layout-flex\">\n<div class=\"wp-block-column is-layout-flow wp-block-column-is-layout-flow\">\n<figure class=\"wp-block-image size-full\"><img alt=\"\" decoding=\"async\" width=\"800\" height=\"800\" src=\"https:\/\/www.usborkeychain.com\/wp-content\/uploads\/Custom-3in1-Metal-Stylus-Ballpoint-Pen-USB-Drives.jpg\" class=\"wp-image-5225\" srcset=\"https:\/\/www.usborkeychain.com\/wp-content\/uploads\/Custom-3in1-Metal-Stylus-Ballpoint-Pen-USB-Drives.jpg 800w, https:\/\/www.usborkeychain.com\/wp-content\/uploads\/Custom-3in1-Metal-Stylus-Ballpoint-Pen-USB-Drives-300x300.jpg 300w, https:\/\/www.usborkeychain.com\/wp-content\/uploads\/Custom-3in1-Metal-Stylus-Ballpoint-Pen-USB-Drives-150x150.jpg 150w, https:\/\/www.usborkeychain.com\/wp-content\/uploads\/Custom-3in1-Metal-Stylus-Ballpoint-Pen-USB-Drives-768x768.jpg 768w, https:\/\/www.usborkeychain.com\/wp-content\/uploads\/Custom-3in1-Metal-Stylus-Ballpoint-Pen-USB-Drives-12x12.jpg 12w, https:\/\/www.usborkeychain.com\/wp-content\/uploads\/Custom-3in1-Metal-Stylus-Ballpoint-Pen-USB-Drives-600x600.jpg 600w, https:\/\/www.usborkeychain.com\/wp-content\/uploads\/Custom-3in1-Metal-Stylus-Ballpoint-Pen-USB-Drives-100x100.jpg 100w\" sizes=\"(max-width: 800px) 100vw, 800px\" \/><\/figure>\n<\/div>\n\n\n\n<div class=\"wp-block-column is-layout-flow wp-block-column-is-layout-flow\">\n<figure class=\"wp-block-image size-full\"><img alt=\"\" loading=\"lazy\" decoding=\"async\" width=\"800\" height=\"800\" src=\"https:\/\/www.usborkeychain.com\/wp-content\/uploads\/Metal-Ballpoint-Pen-Usb.jpg\" class=\"wp-image-5227\" srcset=\"https:\/\/www.usborkeychain.com\/wp-content\/uploads\/Metal-Ballpoint-Pen-Usb.jpg 800w, https:\/\/www.usborkeychain.com\/wp-content\/uploads\/Metal-Ballpoint-Pen-Usb-300x300.jpg 300w, https:\/\/www.usborkeychain.com\/wp-content\/uploads\/Metal-Ballpoint-Pen-Usb-150x150.jpg 150w, https:\/\/www.usborkeychain.com\/wp-content\/uploads\/Metal-Ballpoint-Pen-Usb-768x768.jpg 768w, https:\/\/www.usborkeychain.com\/wp-content\/uploads\/Metal-Ballpoint-Pen-Usb-12x12.jpg 12w, https:\/\/www.usborkeychain.com\/wp-content\/uploads\/Metal-Ballpoint-Pen-Usb-600x600.jpg 600w, https:\/\/www.usborkeychain.com\/wp-content\/uploads\/Metal-Ballpoint-Pen-Usb-100x100.jpg 100w\" sizes=\"(max-width: 800px) 100vw, 800px\" \/><\/figure>\n<\/div>\n<\/div>\n\n\n\n<h2 class=\"wp-block-heading\">Principaux avantages de cette cl\u00e9 USB<\/h2>\n\n\n\n<div class=\"wp-block-columns is-layout-flex wp-container-core-columns-is-layout-28f84493 wp-block-columns-is-layout-flex\">\n<div class=\"wp-block-column is-vertically-aligned-center is-layout-flow wp-block-column-is-layout-flow\">\n<p><strong>LOGO, logo de marque ou motifs personnalisables<\/strong>:<\/p>\n\n\n\n<ul class=\"wp-block-list\">\n<li><strong>Gravure au laser<\/strong>\uff1aFine LOGO grav\u00e9 sur la surface m\u00e9tallique avec des lignes claires et une texture haut de gamme, adapt\u00e9 aux textes simples et aux motifs lin\u00e9aires.<\/li>\n\n\n\n<li><strong>S\u00e9rigraphie<\/strong>LOGO color\u00e9s r\u00e9alis\u00e9s par impression \u00e0 l'encre avec des couleurs vives, adapt\u00e9s aux blocs de couleurs complexes et aux conceptions multicolores.<\/li>\n\n\n\n<li><strong>Impression par transfert thermique<\/strong>Motifs transf\u00e9r\u00e9s \u00e0 haute temp\u00e9rature, capables de pr\u00e9senter des gradients haute d\u00e9finition et des effets de niveau photo.<\/li>\n<\/ul>\n<\/div>\n\n\n\n<div class=\"wp-block-column is-vertically-aligned-center is-layout-flow wp-block-column-is-layout-flow\">\n<figure class=\"wp-block-image size-full\"><img alt=\"\" loading=\"lazy\" decoding=\"async\" width=\"800\" height=\"800\" src=\"https:\/\/www.usborkeychain.com\/wp-content\/uploads\/Professional-Custom-Stylus-Soft-Ball-Pen.jpg\" class=\"wp-image-5232\" srcset=\"https:\/\/www.usborkeychain.com\/wp-content\/uploads\/Professional-Custom-Stylus-Soft-Ball-Pen.jpg 800w, https:\/\/www.usborkeychain.com\/wp-content\/uploads\/Professional-Custom-Stylus-Soft-Ball-Pen-300x300.jpg 300w, https:\/\/www.usborkeychain.com\/wp-content\/uploads\/Professional-Custom-Stylus-Soft-Ball-Pen-150x150.jpg 150w, https:\/\/www.usborkeychain.com\/wp-content\/uploads\/Professional-Custom-Stylus-Soft-Ball-Pen-768x768.jpg 768w, https:\/\/www.usborkeychain.com\/wp-content\/uploads\/Professional-Custom-Stylus-Soft-Ball-Pen-12x12.jpg 12w, https:\/\/www.usborkeychain.com\/wp-content\/uploads\/Professional-Custom-Stylus-Soft-Ball-Pen-600x600.jpg 600w, https:\/\/www.usborkeychain.com\/wp-content\/uploads\/Professional-Custom-Stylus-Soft-Ball-Pen-100x100.jpg 100w\" sizes=\"(max-width: 800px) 100vw, 800px\" \/><\/figure>\n<\/div>\n<\/div>\n\n\n\n<div class=\"wp-block-columns is-layout-flex wp-container-core-columns-is-layout-28f84493 wp-block-columns-is-layout-flex\">\n<div class=\"wp-block-column is-vertically-aligned-center is-layout-flow wp-block-column-is-layout-flow\">\n<p><strong>Artisanat et durabilit\u00e9<\/strong>:<\/p>\n\n\n\n<ul class=\"wp-block-list\">\n<li>La coque peut \u00eatre finie au choix par un proc\u00e9d\u00e9 mat (anti-traces de doigts, agr\u00e9able \u00e0 tenir) ou par une peinture au pistolet (r\u00e9sistante \u00e0 l'usure, aux rayures et \u00e0 l'aspect durable), ce qui permet d'\u00e9quilibrer la sensation de la main et l'esth\u00e9tique.<\/li>\n\n\n\n<li>La fluidit\u00e9 d'\u00e9criture de la recharge Parker est comparable \u00e0 celle du papier \u00e0 lettres professionnel, avec une grande durabilit\u00e9 de l'encre. Elle est \u00e9galement compatible avec les recharges rempla\u00e7ables par l'utilisateur (ce qui r\u00e9duit les co\u00fbts d'utilisation \u00e0 long terme).<\/li>\n<\/ul>\n<\/div>\n\n\n\n<div class=\"wp-block-column is-vertically-aligned-center is-layout-flow wp-block-column-is-layout-flow\">\n<figure class=\"wp-block-image size-full\"><img alt=\"\" loading=\"lazy\" decoding=\"async\" width=\"800\" height=\"800\" src=\"https:\/\/www.usborkeychain.com\/wp-content\/uploads\/Ball-Pen-USB-Flash-Memory-Stick.jpg\" class=\"wp-image-5224\" srcset=\"https:\/\/www.usborkeychain.com\/wp-content\/uploads\/Ball-Pen-USB-Flash-Memory-Stick.jpg 800w, https:\/\/www.usborkeychain.com\/wp-content\/uploads\/Ball-Pen-USB-Flash-Memory-Stick-300x300.jpg 300w, https:\/\/www.usborkeychain.com\/wp-content\/uploads\/Ball-Pen-USB-Flash-Memory-Stick-150x150.jpg 150w, https:\/\/www.usborkeychain.com\/wp-content\/uploads\/Ball-Pen-USB-Flash-Memory-Stick-768x768.jpg 768w, https:\/\/www.usborkeychain.com\/wp-content\/uploads\/Ball-Pen-USB-Flash-Memory-Stick-12x12.jpg 12w, https:\/\/www.usborkeychain.com\/wp-content\/uploads\/Ball-Pen-USB-Flash-Memory-Stick-600x600.jpg 600w, https:\/\/www.usborkeychain.com\/wp-content\/uploads\/Ball-Pen-USB-Flash-Memory-Stick-100x100.jpg 100w\" sizes=\"(max-width: 800px) 100vw, 800px\" \/><\/figure>\n<\/div>\n<\/div>\n\n\n\n<div class=\"wp-block-columns is-layout-flex wp-container-core-columns-is-layout-28f84493 wp-block-columns-is-layout-flex\">\n<div class=\"wp-block-column is-vertically-aligned-center is-layout-flow wp-block-column-is-layout-flow\">\n<p><strong>Int\u00e9gration multifonctionnelle<\/strong>:<br>Un seul stylo permet de r\u00e9pondre \u00e0 l'ensemble des besoins en mati\u00e8re de \"fonctionnement de l'\u00e9cran tactile \u2192 \u00e9criture d'enregistrements \u2192 stockage de donn\u00e9es\".<\/p>\n\n\n\n<p><strong>Stabilit\u00e9 du stockage<\/strong>:<br>Adoptant des puces de m\u00e9moire flash \u00e0 grande vitesse, il offre une lecture et une \u00e9criture stables. Il prend en charge les conceptions \u00e9tanches et antichocs (pour certains mod\u00e8les), ce qui garantit un stockage s\u00fbr et fiable des donn\u00e9es.<\/p>\n<\/div>\n\n\n\n<div class=\"wp-block-column is-vertically-aligned-center is-layout-flow wp-block-column-is-layout-flow\">\n<figure class=\"wp-block-image size-full\"><img alt=\"\" loading=\"lazy\" decoding=\"async\" width=\"800\" height=\"800\" src=\"https:\/\/www.usborkeychain.com\/wp-content\/uploads\/Multi-Function-3-in-1-Metal-Ballpoint-Stylus-Pen.jpg\" class=\"wp-image-5230\" srcset=\"https:\/\/www.usborkeychain.com\/wp-content\/uploads\/Multi-Function-3-in-1-Metal-Ballpoint-Stylus-Pen.jpg 800w, https:\/\/www.usborkeychain.com\/wp-content\/uploads\/Multi-Function-3-in-1-Metal-Ballpoint-Stylus-Pen-300x300.jpg 300w, https:\/\/www.usborkeychain.com\/wp-content\/uploads\/Multi-Function-3-in-1-Metal-Ballpoint-Stylus-Pen-150x150.jpg 150w, https:\/\/www.usborkeychain.com\/wp-content\/uploads\/Multi-Function-3-in-1-Metal-Ballpoint-Stylus-Pen-768x768.jpg 768w, https:\/\/www.usborkeychain.com\/wp-content\/uploads\/Multi-Function-3-in-1-Metal-Ballpoint-Stylus-Pen-12x12.jpg 12w, https:\/\/www.usborkeychain.com\/wp-content\/uploads\/Multi-Function-3-in-1-Metal-Ballpoint-Stylus-Pen-600x600.jpg 600w, https:\/\/www.usborkeychain.com\/wp-content\/uploads\/Multi-Function-3-in-1-Metal-Ballpoint-Stylus-Pen-100x100.jpg 100w\" sizes=\"(max-width: 800px) 100vw, 800px\" \/><\/figure>\n<\/div>\n<\/div>\n\n\n\n<h2 class=\"wp-block-heading\">Sc\u00e9narios applicables<\/h2>\n\n\n\n<div class=\"wp-block-columns is-layout-flex wp-container-core-columns-is-layout-28f84493 wp-block-columns-is-layout-flex\">\n<div class=\"wp-block-column is-vertically-aligned-center is-layout-flow wp-block-column-is-layout-flow\">\n<figure class=\"wp-block-image size-full\"><img alt=\"\" loading=\"lazy\" decoding=\"async\" width=\"800\" height=\"800\" src=\"https:\/\/www.usborkeychain.com\/wp-content\/uploads\/USB-with-Stylus-Function.jpg\" class=\"wp-image-5234\" srcset=\"https:\/\/www.usborkeychain.com\/wp-content\/uploads\/USB-with-Stylus-Function.jpg 800w, https:\/\/www.usborkeychain.com\/wp-content\/uploads\/USB-with-Stylus-Function-300x300.jpg 300w, https:\/\/www.usborkeychain.com\/wp-content\/uploads\/USB-with-Stylus-Function-150x150.jpg 150w, https:\/\/www.usborkeychain.com\/wp-content\/uploads\/USB-with-Stylus-Function-768x768.jpg 768w, https:\/\/www.usborkeychain.com\/wp-content\/uploads\/USB-with-Stylus-Function-12x12.jpg 12w, https:\/\/www.usborkeychain.com\/wp-content\/uploads\/USB-with-Stylus-Function-600x600.jpg 600w, https:\/\/www.usborkeychain.com\/wp-content\/uploads\/USB-with-Stylus-Function-100x100.jpg 100w\" sizes=\"(max-width: 800px) 100vw, 800px\" \/><\/figure>\n<\/div>\n\n\n\n<div class=\"wp-block-column is-layout-flow wp-block-column-is-layout-flow\">\n<ol class=\"wp-block-list\">\n<li><strong>Cadeaux d'entreprise<\/strong>: Personnalis\u00e9s avec le LOGO de l'entreprise comme cadeaux de remerciement pour les clients ou comme avantages pour les employ\u00e9s.<\/li>\n\n\n\n<li><strong>Sc\u00e9narios pour le campus<\/strong>: Souvenirs de l'anniversaire de l'\u00e9cole, prix pour les \u00e9l\u00e8ves.<\/li>\n\n\n\n<li><strong>Manifestations de l'exposition<\/strong>: Utilis\u00e9s comme souvenirs de l'exposition.<\/li>\n\n\n\n<li><strong>Bureau personnel<\/strong>: Auto-utilisation compatible avec plusieurs appareils.<\/li>\n<\/ol>\n<\/div>\n\n\n\n<div class=\"wp-block-column is-vertically-aligned-center is-layout-flow wp-block-column-is-layout-flow\">\n<figure class=\"wp-block-image size-full\"><img alt=\"\" loading=\"lazy\" decoding=\"async\" width=\"800\" height=\"800\" src=\"https:\/\/www.usborkeychain.com\/wp-content\/uploads\/Stylus-Pen-USB.jpg\" class=\"wp-image-5233\" srcset=\"https:\/\/www.usborkeychain.com\/wp-content\/uploads\/Stylus-Pen-USB.jpg 800w, https:\/\/www.usborkeychain.com\/wp-content\/uploads\/Stylus-Pen-USB-300x300.jpg 300w, https:\/\/www.usborkeychain.com\/wp-content\/uploads\/Stylus-Pen-USB-150x150.jpg 150w, https:\/\/www.usborkeychain.com\/wp-content\/uploads\/Stylus-Pen-USB-768x768.jpg 768w, https:\/\/www.usborkeychain.com\/wp-content\/uploads\/Stylus-Pen-USB-12x12.jpg 12w, https:\/\/www.usborkeychain.com\/wp-content\/uploads\/Stylus-Pen-USB-600x600.jpg 600w, https:\/\/www.usborkeychain.com\/wp-content\/uploads\/Stylus-Pen-USB-100x100.jpg 100w\" sizes=\"(max-width: 800px) 100vw, 800px\" \/><\/figure>\n<\/div>\n<\/div>","protected":false},"excerpt":{"rendered":"<ul>\n<li>Stylet<\/li>\n<li>Stylo \u00e0 bille de bureau \u00e0 \u00e9criture fluide<\/li>\n<li>Cl\u00e9 USB pr\u00eate \u00e0 l'emploi<\/li>\n<li>Multifonction 3 en 1<\/li>\n<li>MOQ:100pcs<\/li>\n<\/ul>","protected":false},"featured_media":5231,"comment_status":"open","ping_status":"closed","template":"","meta":{"_seopress_robots_primary_cat":"","_seopress_titles_title":"","_seopress_titles_desc":"","_seopress_robots_index":"","site-sidebar-layout":"default","site-content-layout":"","ast-site-content-layout":"","site-content-style":"default","site-sidebar-style":"default","ast-global-header-display":"","ast-banner-title-visibility":"","ast-main-header-display":"","ast-hfb-above-header-display":"","ast-hfb-below-header-display":"","ast-hfb-mobile-header-display":"","site-post-title":"","ast-breadcrumbs-content":"","ast-featured-img":"","footer-sml-layout":"","theme-transparent-header-meta":"","adv-header-id-meta":"","stick-header-meta":"","header-above-stick-meta":"","header-main-stick-meta":"","header-below-stick-meta":"","astra-migrate-meta-layouts":"default","ast-page-background-enabled":"default","ast-page-background-meta":{"desktop":{"background-color":"var(--ast-global-color-5)","background-image":"","background-repeat":"repeat","background-position":"center center","background-size":"auto","background-attachment":"scroll","background-type":"","background-media":"","overlay-type":"","overlay-color":"","overlay-opacity":"","overlay-gradient":""},"tablet":{"background-color":"","background-image":"","background-repeat":"repeat","background-position":"center center","background-size":"auto","background-attachment":"scroll","background-type":"","background-media":"","overlay-type":"","overlay-color":"","overlay-opacity":"","overlay-gradient":""},"mobile":{"background-color":"","background-image":"","background-repeat":"repeat","background-position":"center center","background-size":"auto","background-attachment":"scroll","background-type":"","background-media":"","overlay-type":"","overlay-color":"","overlay-opacity":"","overlay-gradient":""}},"ast-content-background-meta":{"desktop":{"background-color":"var(--ast-global-color-4)","background-image":"","background-repeat":"repeat","background-position":"center center","background-size":"auto","background-attachment":"scroll","background-type":"","background-media":"","overlay-type":"","overlay-color":"","overlay-opacity":"","overlay-gradient":""},"tablet":{"background-color":"var(--ast-global-color-4)","background-image":"","background-repeat":"repeat","background-position":"center center","background-size":"auto","background-attachment":"scroll","background-type":"","background-media":"","overlay-type":"","overlay-color":"","overlay-opacity":"","overlay-gradient":""},"mobile":{"background-color":"var(--ast-global-color-4)","background-image":"","background-repeat":"repeat","background-position":"center center","background-size":"auto","background-attachment":"scroll","background-type":"","background-media":"","overlay-type":"","overlay-color":"","overlay-opacity":"","overlay-gradient":""}}},"product_brand":[],"product_cat":[100],"product_tag":[318,326],"class_list":{"0":"post-5221","1":"product","2":"type-product","3":"status-publish","4":"has-post-thumbnail","6":"product_cat-usb-drive-with-pen","7":"product_tag-colorful-pen-usb-flash","8":"product_tag-stylus-usb-flash-drive-pen","9":"desktop-align-left","10":"tablet-align-left","11":"mobile-align-left","13":"first","14":"instock","15":"shipping-taxable","16":"product-type-simple"},"_links":{"self":[{"href":"https:\/\/www.usborkeychain.com\/fr\/wp-json\/wp\/v2\/product\/5221","targetHints":{"allow":["GET"]}}],"collection":[{"href":"https:\/\/www.usborkeychain.com\/fr\/wp-json\/wp\/v2\/product"}],"about":[{"href":"https:\/\/www.usborkeychain.com\/fr\/wp-json\/wp\/v2\/types\/product"}],"replies":[{"embeddable":true,"href":"https:\/\/www.usborkeychain.com\/fr\/wp-json\/wp\/v2\/comments?post=5221"}],"wp:featuredmedia":[{"embeddable":true,"href":"https:\/\/www.usborkeychain.com\/fr\/wp-json\/wp\/v2\/media\/5231"}],"wp:attachment":[{"href":"https:\/\/www.usborkeychain.com\/fr\/wp-json\/wp\/v2\/media?parent=5221"}],"wp:term":[{"taxonomy":"product_brand","embeddable":true,"href":"https:\/\/www.usborkeychain.com\/fr\/wp-json\/wp\/v2\/product_brand?post=5221"},{"taxonomy":"product_cat","embeddable":true,"href":"https:\/\/www.usborkeychain.com\/fr\/wp-json\/wp\/v2\/product_cat?post=5221"},{"taxonomy":"product_tag","embeddable":true,"href":"https:\/\/www.usborkeychain.com\/fr\/wp-json\/wp\/v2\/product_tag?post=5221"}],"curies":[{"name":"wp","href":"https:\/\/api.w.org\/{rel}","templated":true}]}}