{"id":5235,"date":"2025-07-30T09:36:36","date_gmt":"2025-07-30T09:36:36","guid":{"rendered":"https:\/\/www.usborkeychain.com\/?post_type=product&#038;p=5235"},"modified":"2025-07-31T00:22:00","modified_gmt":"2025-07-31T00:22:00","slug":"colored-acrylic-rhinestone-ballpoint-pen-usb-flash-drive","status":"publish","type":"product","link":"https:\/\/www.usborkeychain.com\/fr\/produit\/colored-acrylic-rhinestone-ballpoint-pen-usb-flash-drive\/","title":{"rendered":"Acrylique color\u00e9 Stylo \u00e0 bille avec strass Cl\u00e9 USB"},"content":{"rendered":"<div class=\"wp-block-columns is-layout-flex wp-container-core-columns-is-layout-28f84493 wp-block-columns-is-layout-flex\">\n<div class=\"wp-block-column is-vertically-aligned-center is-layout-flow wp-block-column-is-layout-flow\">\n<p>Le <strong>stylo \u00e0 bille en acrylique color\u00e9 avec strass cl\u00e9 USB <\/strong>est une papeterie num\u00e9rique 2 en 1 qui int\u00e8gre l'\u00e9criture, le stockage de donn\u00e9es et la d\u00e9coration de mode :<\/p>\n\n\n\n<ul class=\"wp-block-list\">\n<li>Il s'agit d'un stylo \u00e0 bille \u00e0 l'\u00e9criture fluide, qui r\u00e9pond aux besoins quotidiens tels que la signature au bureau, les comptes rendus de r\u00e9unions et la prise de notes par les \u00e9tudiants ;<\/li>\n\n\n\n<li>Il s'agit \u00e9galement d'une cl\u00e9 USB pr\u00eate \u00e0 l'emploi, qui prend en charge le stockage et la transmission entre appareils de donn\u00e9es telles que des fichiers, des images et des vid\u00e9os ;<\/li>\n\n\n\n<li>De plus, avec son corps de stylo en acrylique color\u00e9 incrust\u00e9 de strass brillants, il rompt la monotonie de la papeterie traditionnelle, se caract\u00e9rise \u00e0 la fois par la d\u00e9coration et l'expression personnelle, et convient \u00e0 des sc\u00e9narios de bureau et de cadeaux \u00e0 la mode.<\/li>\n<\/ul>\n<\/div>\n\n\n\n<div class=\"wp-block-column is-vertically-aligned-center is-layout-flow wp-block-column-is-layout-flow\">\n<figure class=\"wp-block-image size-full\"><img alt=\"\" fetchpriority=\"high\" decoding=\"async\" width=\"800\" height=\"800\" src=\"https:\/\/www.usborkeychain.com\/wp-content\/uploads\/colorful-pen-usb-flash.jpg\" class=\"wp-image-5240\" srcset=\"https:\/\/www.usborkeychain.com\/wp-content\/uploads\/colorful-pen-usb-flash.jpg 800w, https:\/\/www.usborkeychain.com\/wp-content\/uploads\/colorful-pen-usb-flash-300x300.jpg 300w, https:\/\/www.usborkeychain.com\/wp-content\/uploads\/colorful-pen-usb-flash-150x150.jpg 150w, https:\/\/www.usborkeychain.com\/wp-content\/uploads\/colorful-pen-usb-flash-768x768.jpg 768w, https:\/\/www.usborkeychain.com\/wp-content\/uploads\/colorful-pen-usb-flash-12x12.jpg 12w, https:\/\/www.usborkeychain.com\/wp-content\/uploads\/colorful-pen-usb-flash-600x600.jpg 600w, https:\/\/www.usborkeychain.com\/wp-content\/uploads\/colorful-pen-usb-flash-100x100.jpg 100w\" sizes=\"(max-width: 800px) 100vw, 800px\" \/><\/figure>\n<\/div>\n<\/div>\n\n\n\n<h2 class=\"wp-block-heading\">Pr\u00e9sentation d\u00e9taill\u00e9e de la cl\u00e9 USB<\/h2>\n\n\n\n<h3 class=\"wp-block-heading\">(1) Conception 2 en 1<\/h3>\n\n\n\n<ul class=\"wp-block-list\">\n<li>Fonction d'\u00e9criture : \u00c9quip\u00e9 d'une recharge de stylo \u00e0 bille standard (rempla\u00e7able, r\u00e9duisant les co\u00fbts d'utilisation \u00e0 long terme), il produit une encre uniforme et une \u00e9criture fluide, applicable \u00e0 tous les sc\u00e9narios d'affaires et d'apprentissage.<\/li>\n\n\n\n<li>Fonction de stockage : Une interface USB est dissimul\u00e9e dans la queue (ou le capuchon) du stylo, permettant une utilisation plug-and-play. Elle est compatible avec les syst\u00e8mes Windows, MacOS et Android, ce qui facilite le stockage et la transmission des donn\u00e9es.<\/li>\n<\/ul>\n\n\n\n<div class=\"wp-block-columns is-layout-flex wp-container-core-columns-is-layout-28f84493 wp-block-columns-is-layout-flex\">\n<div class=\"wp-block-column is-layout-flow wp-block-column-is-layout-flow\">\n<figure class=\"wp-block-image size-full\"><img alt=\"\" decoding=\"async\" width=\"800\" height=\"800\" src=\"https:\/\/www.usborkeychain.com\/wp-content\/uploads\/Multifunction-Ballpoint-Usb-Pen-Drive-Flash-Drive-1.jpg\" class=\"wp-image-5245\" srcset=\"https:\/\/www.usborkeychain.com\/wp-content\/uploads\/Multifunction-Ballpoint-Usb-Pen-Drive-Flash-Drive-1.jpg 800w, https:\/\/www.usborkeychain.com\/wp-content\/uploads\/Multifunction-Ballpoint-Usb-Pen-Drive-Flash-Drive-1-300x300.jpg 300w, https:\/\/www.usborkeychain.com\/wp-content\/uploads\/Multifunction-Ballpoint-Usb-Pen-Drive-Flash-Drive-1-150x150.jpg 150w, https:\/\/www.usborkeychain.com\/wp-content\/uploads\/Multifunction-Ballpoint-Usb-Pen-Drive-Flash-Drive-1-768x768.jpg 768w, https:\/\/www.usborkeychain.com\/wp-content\/uploads\/Multifunction-Ballpoint-Usb-Pen-Drive-Flash-Drive-1-12x12.jpg 12w, https:\/\/www.usborkeychain.com\/wp-content\/uploads\/Multifunction-Ballpoint-Usb-Pen-Drive-Flash-Drive-1-600x600.jpg 600w, https:\/\/www.usborkeychain.com\/wp-content\/uploads\/Multifunction-Ballpoint-Usb-Pen-Drive-Flash-Drive-1-100x100.jpg 100w\" sizes=\"(max-width: 800px) 100vw, 800px\" \/><\/figure>\n<\/div>\n\n\n\n<div class=\"wp-block-column is-layout-flow wp-block-column-is-layout-flow\">\n<figure class=\"wp-block-image size-full\"><img alt=\"\" decoding=\"async\" width=\"800\" height=\"800\" src=\"https:\/\/www.usborkeychain.com\/wp-content\/uploads\/custome-pen-usb-flash.jpg\" class=\"wp-image-5242\" srcset=\"https:\/\/www.usborkeychain.com\/wp-content\/uploads\/custome-pen-usb-flash.jpg 800w, https:\/\/www.usborkeychain.com\/wp-content\/uploads\/custome-pen-usb-flash-300x300.jpg 300w, https:\/\/www.usborkeychain.com\/wp-content\/uploads\/custome-pen-usb-flash-150x150.jpg 150w, https:\/\/www.usborkeychain.com\/wp-content\/uploads\/custome-pen-usb-flash-768x768.jpg 768w, https:\/\/www.usborkeychain.com\/wp-content\/uploads\/custome-pen-usb-flash-12x12.jpg 12w, https:\/\/www.usborkeychain.com\/wp-content\/uploads\/custome-pen-usb-flash-600x600.jpg 600w, https:\/\/www.usborkeychain.com\/wp-content\/uploads\/custome-pen-usb-flash-100x100.jpg 100w\" sizes=\"(max-width: 800px) 100vw, 800px\" \/><\/figure>\n<\/div>\n<\/div>\n\n\n\n<h3 class=\"wp-block-heading\">(2) Avantages de la personnalisation<\/h3>\n\n\n\n<ul class=\"wp-block-list\">\n<li>Personnalisation de l'apparence :\n<ul class=\"wp-block-list\">\n<li>Couleur du corps du stylo : permet de personnaliser n'importe quelle couleur, en fonction de la marque ou du style personnel ;<\/li>\n\n\n\n<li>Couleur des strass : plusieurs couleurs de strass sont disponibles, qui peuvent \u00eatre assorties \u00e0 la couleur du corps du stylo pour cr\u00e9er un effet visuel exclusif.<\/li>\n<\/ul>\n<\/li>\n\n\n\n<li>Implantation de la marque :\n<ul class=\"wp-block-list\">\n<li>Le clip et le corps du stylo peuvent \u00eatre imprim\u00e9s\/grav\u00e9s avec des logos d'entreprise, ce qui permet une exposition fr\u00e9quente des informations relatives \u00e0 la marque.<\/li>\n<\/ul>\n<\/li>\n\n\n\n<li>Remplacement des consommables : La recharge peut \u00eatre remplac\u00e9e par les utilisateurs eux-m\u00eames, ce qui prolonge la dur\u00e9e de vie du produit et am\u00e9liore le rapport co\u00fbt-efficacit\u00e9.<\/li>\n<\/ul>\n\n\n\n<div class=\"wp-block-columns is-layout-flex wp-container-core-columns-is-layout-28f84493 wp-block-columns-is-layout-flex\">\n<div class=\"wp-block-column is-layout-flow wp-block-column-is-layout-flow\">\n<figure class=\"wp-block-image size-full\"><img alt=\"\" loading=\"lazy\" decoding=\"async\" width=\"800\" height=\"800\" src=\"https:\/\/www.usborkeychain.com\/wp-content\/uploads\/Colorful-Acrylic-Rhinestone-Ballpoint-Pen-USB-Flash-Drive.jpg\" class=\"wp-image-5239\" srcset=\"https:\/\/www.usborkeychain.com\/wp-content\/uploads\/Colorful-Acrylic-Rhinestone-Ballpoint-Pen-USB-Flash-Drive.jpg 800w, https:\/\/www.usborkeychain.com\/wp-content\/uploads\/Colorful-Acrylic-Rhinestone-Ballpoint-Pen-USB-Flash-Drive-300x300.jpg 300w, https:\/\/www.usborkeychain.com\/wp-content\/uploads\/Colorful-Acrylic-Rhinestone-Ballpoint-Pen-USB-Flash-Drive-150x150.jpg 150w, https:\/\/www.usborkeychain.com\/wp-content\/uploads\/Colorful-Acrylic-Rhinestone-Ballpoint-Pen-USB-Flash-Drive-768x768.jpg 768w, https:\/\/www.usborkeychain.com\/wp-content\/uploads\/Colorful-Acrylic-Rhinestone-Ballpoint-Pen-USB-Flash-Drive-12x12.jpg 12w, https:\/\/www.usborkeychain.com\/wp-content\/uploads\/Colorful-Acrylic-Rhinestone-Ballpoint-Pen-USB-Flash-Drive-600x600.jpg 600w, https:\/\/www.usborkeychain.com\/wp-content\/uploads\/Colorful-Acrylic-Rhinestone-Ballpoint-Pen-USB-Flash-Drive-100x100.jpg 100w\" sizes=\"(max-width: 800px) 100vw, 800px\" \/><\/figure>\n<\/div>\n\n\n\n<div class=\"wp-block-column is-layout-flow wp-block-column-is-layout-flow\">\n<figure class=\"wp-block-image size-full\"><img alt=\"\" loading=\"lazy\" decoding=\"async\" width=\"800\" height=\"800\" src=\"https:\/\/www.usborkeychain.com\/wp-content\/uploads\/Diamond-Rhinestone-Ballpoint-Pen-USB-Flash-Drive.jpg\" class=\"wp-image-5244\" srcset=\"https:\/\/www.usborkeychain.com\/wp-content\/uploads\/Diamond-Rhinestone-Ballpoint-Pen-USB-Flash-Drive.jpg 800w, https:\/\/www.usborkeychain.com\/wp-content\/uploads\/Diamond-Rhinestone-Ballpoint-Pen-USB-Flash-Drive-300x300.jpg 300w, https:\/\/www.usborkeychain.com\/wp-content\/uploads\/Diamond-Rhinestone-Ballpoint-Pen-USB-Flash-Drive-150x150.jpg 150w, https:\/\/www.usborkeychain.com\/wp-content\/uploads\/Diamond-Rhinestone-Ballpoint-Pen-USB-Flash-Drive-768x768.jpg 768w, https:\/\/www.usborkeychain.com\/wp-content\/uploads\/Diamond-Rhinestone-Ballpoint-Pen-USB-Flash-Drive-12x12.jpg 12w, https:\/\/www.usborkeychain.com\/wp-content\/uploads\/Diamond-Rhinestone-Ballpoint-Pen-USB-Flash-Drive-600x600.jpg 600w, https:\/\/www.usborkeychain.com\/wp-content\/uploads\/Diamond-Rhinestone-Ballpoint-Pen-USB-Flash-Drive-100x100.jpg 100w\" sizes=\"(max-width: 800px) 100vw, 800px\" \/><\/figure>\n<\/div>\n<\/div>\n\n\n\n<h2 class=\"wp-block-heading\">Param\u00e8tres de la cl\u00e9 USB<\/h2>\n\n\n\n<figure class=\"wp-block-table\"><table class=\"has-fixed-layout\"><thead><tr><th>Cat\u00e9gorie de param\u00e8tres<\/th><th>Sp\u00e9cifications sp\u00e9cifiques<\/th><\/tr><\/thead><tbody><tr><td>Capacit\u00e9 de la cl\u00e9 USB<\/td><td>8GB \/ 16GB \/ 32GB \/ 64GB \/ 128GB<\/td><\/tr><tr><td>Taille du corps du stylo (longueur * diam\u00e8tre)<\/td><td>137 mm (longueur) \u00d7 14 mm<\/td><\/tr><tr><td>Poids du produit<\/td><td>Environ 30 g<\/td><\/tr><tr><td>Type d'interface USB<\/td><td>USB 2.0, compatible avec USB 3.0<\/td><\/tr><tr><td>Configuration de la recharge<\/td><td>Compatible avec les recharges universelles ISO 12757 (encre noire\/bleue)<\/td><\/tr><tr><td>Composition du mat\u00e9riau<\/td><td>Corps de stylo : acrylique color\u00e9 ; Accessoires : clip de stylo en m\u00e9tal, pi\u00e8ces \u00e9lectroplaqu\u00e9es<\/td><\/tr><tr><td>Caract\u00e9ristiques des pierres pr\u00e9cieuses<\/td><td>Plusieurs couleurs disponibles (transparent, flash argent\u00e9, poudre d'or, etc.)<\/td><\/tr><\/tbody><\/table><\/figure>\n\n\n\n<h2 class=\"wp-block-heading\">\u00c0 quels sc\u00e9narios la cl\u00e9 USB convient-elle ?<\/h2>\n\n\n\n<figure class=\"wp-block-table\"><table class=\"has-fixed-layout\"><thead><tr><th>Champ d'application<\/th><th>Solution<\/th><\/tr><\/thead><tbody><tr><td>Cadeaux d'affaires haut de gamme<\/td><td>Stylos personnalis\u00e9s pour les r\u00e9unions annuelles<\/td><\/tr><tr><td>Outils d'acquisition de clients d'exposition<\/td><td>Stylos \u00e0 strass pr\u00e9install\u00e9s avec des catalogues \u00e9lectroniques<\/td><\/tr><tr><td>Relations publiques de la marque<\/td><td>\u00c9ditions limit\u00e9es cobrand\u00e9es<\/td><\/tr><tr><td>Faveurs de mariage<\/td><td>Stylos en or champagne grav\u00e9s aux noms des jeunes mari\u00e9s<\/td><\/tr><tr><td>Incitations pour les employ\u00e9s<\/td><td>Stylos personnalis\u00e9s exclusifs pour les champions de la vente<\/td><\/tr><\/tbody><\/table><\/figure>\n\n\n\n<div class=\"wp-block-columns is-layout-flex wp-container-core-columns-is-layout-28f84493 wp-block-columns-is-layout-flex\">\n<div class=\"wp-block-column is-layout-flow wp-block-column-is-layout-flow\">\n<figure class=\"wp-block-image size-full\"><img alt=\"\" loading=\"lazy\" decoding=\"async\" width=\"800\" height=\"800\" src=\"https:\/\/www.usborkeychain.com\/wp-content\/uploads\/Diamond-crystal-ball-point-pen-shape-usb-flash-drive.jpg\" class=\"wp-image-5243\" srcset=\"https:\/\/www.usborkeychain.com\/wp-content\/uploads\/Diamond-crystal-ball-point-pen-shape-usb-flash-drive.jpg 800w, https:\/\/www.usborkeychain.com\/wp-content\/uploads\/Diamond-crystal-ball-point-pen-shape-usb-flash-drive-300x300.jpg 300w, https:\/\/www.usborkeychain.com\/wp-content\/uploads\/Diamond-crystal-ball-point-pen-shape-usb-flash-drive-150x150.jpg 150w, https:\/\/www.usborkeychain.com\/wp-content\/uploads\/Diamond-crystal-ball-point-pen-shape-usb-flash-drive-768x768.jpg 768w, https:\/\/www.usborkeychain.com\/wp-content\/uploads\/Diamond-crystal-ball-point-pen-shape-usb-flash-drive-12x12.jpg 12w, https:\/\/www.usborkeychain.com\/wp-content\/uploads\/Diamond-crystal-ball-point-pen-shape-usb-flash-drive-600x600.jpg 600w, https:\/\/www.usborkeychain.com\/wp-content\/uploads\/Diamond-crystal-ball-point-pen-shape-usb-flash-drive-100x100.jpg 100w\" sizes=\"(max-width: 800px) 100vw, 800px\" \/><\/figure>\n<\/div>\n\n\n\n<div class=\"wp-block-column is-layout-flow wp-block-column-is-layout-flow\">\n<figure class=\"wp-block-image size-full\"><img alt=\"\" loading=\"lazy\" decoding=\"async\" width=\"800\" height=\"800\" src=\"https:\/\/www.usborkeychain.com\/wp-content\/uploads\/pen-flash-usb.jpg\" class=\"wp-image-5246\" srcset=\"https:\/\/www.usborkeychain.com\/wp-content\/uploads\/pen-flash-usb.jpg 800w, https:\/\/www.usborkeychain.com\/wp-content\/uploads\/pen-flash-usb-300x300.jpg 300w, https:\/\/www.usborkeychain.com\/wp-content\/uploads\/pen-flash-usb-150x150.jpg 150w, https:\/\/www.usborkeychain.com\/wp-content\/uploads\/pen-flash-usb-768x768.jpg 768w, https:\/\/www.usborkeychain.com\/wp-content\/uploads\/pen-flash-usb-12x12.jpg 12w, https:\/\/www.usborkeychain.com\/wp-content\/uploads\/pen-flash-usb-600x600.jpg 600w, https:\/\/www.usborkeychain.com\/wp-content\/uploads\/pen-flash-usb-100x100.jpg 100w\" sizes=\"(max-width: 800px) 100vw, 800px\" \/><\/figure>\n<\/div>\n<\/div>\n\n\n\n<div class=\"wp-block-columns is-layout-flex wp-container-core-columns-is-layout-28f84493 wp-block-columns-is-layout-flex\">\n<div class=\"wp-block-column is-vertically-aligned-center is-layout-flow wp-block-column-is-layout-flow\">\n<p>Le pr\u00e9sent <strong>Stylo USB 2 en 1<\/strong> r\u00e9pond \u00e0 la fois aux besoins d'\u00e9criture et de stockage. Des couleurs aux strass en passant par les logos, elle est enti\u00e8rement capable de r\u00e9pondre \u00e0 des demandes personnalis\u00e9es, r\u00e9alisant la diff\u00e9renciation de diff\u00e9rents styles pour un m\u00eame produit. Couvrant de multiples sc\u00e9narios tels que les cadeaux d'entreprise, la promotion d'expositions et l'utilisation personnelle, la cl\u00e9 USB avec stylo \u00e0 bille en acrylique color\u00e9 et strass, avec ses caract\u00e9ristiques de \"professionnalisme, d'esth\u00e9tique et de personnalisation\", est devenue une solution pr\u00e9f\u00e9r\u00e9e dans le domaine de la papeterie num\u00e9rique.<\/p>\n<\/div>\n\n\n\n<div class=\"wp-block-column is-layout-flow wp-block-column-is-layout-flow\">\n<figure class=\"wp-block-image size-large\"><img alt=\"\" loading=\"lazy\" decoding=\"async\" width=\"582\" height=\"800\" src=\"https:\/\/www.usborkeychain.com\/wp-content\/uploads\/Custom-Crystal-Rhinestone-Pen-USB-Flash-Drives-1-582x800.jpg\" class=\"wp-image-5247\" srcset=\"https:\/\/www.usborkeychain.com\/wp-content\/uploads\/Custom-Crystal-Rhinestone-Pen-USB-Flash-Drives-1-582x800.jpg 582w, https:\/\/www.usborkeychain.com\/wp-content\/uploads\/Custom-Crystal-Rhinestone-Pen-USB-Flash-Drives-1-218x300.jpg 218w, https:\/\/www.usborkeychain.com\/wp-content\/uploads\/Custom-Crystal-Rhinestone-Pen-USB-Flash-Drives-1-768x1056.jpg 768w, https:\/\/www.usborkeychain.com\/wp-content\/uploads\/Custom-Crystal-Rhinestone-Pen-USB-Flash-Drives-1-9x12.jpg 9w, https:\/\/www.usborkeychain.com\/wp-content\/uploads\/Custom-Crystal-Rhinestone-Pen-USB-Flash-Drives-1-600x825.jpg 600w, https:\/\/www.usborkeychain.com\/wp-content\/uploads\/Custom-Crystal-Rhinestone-Pen-USB-Flash-Drives-1.jpg 800w\" sizes=\"(max-width: 582px) 100vw, 582px\" \/><\/figure>\n<\/div>\n<\/div>","protected":false},"excerpt":{"rendered":"<ul>\n<li>Stylo USB 2 en 1<\/li>\n<li>Acrylique<\/li>\n<li>Pierre \u00e0 fusil<\/li>\n<li>Stylo \u00e0 bille<\/li>\n<li>MOQ:100pcs<\/li>\n<\/ul>","protected":false},"featured_media":5240,"comment_status":"open","ping_status":"closed","template":"","meta":{"_seopress_robots_primary_cat":"","_seopress_titles_title":"","_seopress_titles_desc":"","_seopress_robots_index":"","site-sidebar-layout":"default","site-content-layout":"","ast-site-content-layout":"","site-content-style":"default","site-sidebar-style":"default","ast-global-header-display":"","ast-banner-title-visibility":"","ast-main-header-display":"","ast-hfb-above-header-display":"","ast-hfb-below-header-display":"","ast-hfb-mobile-header-display":"","site-post-title":"","ast-breadcrumbs-content":"","ast-featured-img":"","footer-sml-layout":"","theme-transparent-header-meta":"","adv-header-id-meta":"","stick-header-meta":"","header-above-stick-meta":"","header-main-stick-meta":"","header-below-stick-meta":"","astra-migrate-meta-layouts":"default","ast-page-background-enabled":"default","ast-page-background-meta":{"desktop":{"background-color":"var(--ast-global-color-5)","background-image":"","background-repeat":"repeat","background-position":"center center","background-size":"auto","background-attachment":"scroll","background-type":"","background-media":"","overlay-type":"","overlay-color":"","overlay-opacity":"","overlay-gradient":""},"tablet":{"background-color":"","background-image":"","background-repeat":"repeat","background-position":"center center","background-size":"auto","background-attachment":"scroll","background-type":"","background-media":"","overlay-type":"","overlay-color":"","overlay-opacity":"","overlay-gradient":""},"mobile":{"background-color":"","background-image":"","background-repeat":"repeat","background-position":"center center","background-size":"auto","background-attachment":"scroll","background-type":"","background-media":"","overlay-type":"","overlay-color":"","overlay-opacity":"","overlay-gradient":""}},"ast-content-background-meta":{"desktop":{"background-color":"var(--ast-global-color-4)","background-image":"","background-repeat":"repeat","background-position":"center center","background-size":"auto","background-attachment":"scroll","background-type":"","background-media":"","overlay-type":"","overlay-color":"","overlay-opacity":"","overlay-gradient":""},"tablet":{"background-color":"var(--ast-global-color-4)","background-image":"","background-repeat":"repeat","background-position":"center center","background-size":"auto","background-attachment":"scroll","background-type":"","background-media":"","overlay-type":"","overlay-color":"","overlay-opacity":"","overlay-gradient":""},"mobile":{"background-color":"var(--ast-global-color-4)","background-image":"","background-repeat":"repeat","background-position":"center center","background-size":"auto","background-attachment":"scroll","background-type":"","background-media":"","overlay-type":"","overlay-color":"","overlay-opacity":"","overlay-gradient":""}}},"product_brand":[],"product_cat":[100],"product_tag":[324,318,325],"class_list":{"0":"post-5235","1":"product","2":"type-product","3":"status-publish","4":"has-post-thumbnail","6":"product_cat-usb-drive-with-pen","7":"product_tag-ballpoint-usb-flash-drive-pen","8":"product_tag-colorful-pen-usb-flash","9":"product_tag-crystal-usb-flash-drive","10":"desktop-align-left","11":"tablet-align-left","12":"mobile-align-left","14":"first","15":"instock","16":"shipping-taxable","17":"product-type-simple"},"_links":{"self":[{"href":"https:\/\/www.usborkeychain.com\/fr\/wp-json\/wp\/v2\/product\/5235","targetHints":{"allow":["GET"]}}],"collection":[{"href":"https:\/\/www.usborkeychain.com\/fr\/wp-json\/wp\/v2\/product"}],"about":[{"href":"https:\/\/www.usborkeychain.com\/fr\/wp-json\/wp\/v2\/types\/product"}],"replies":[{"embeddable":true,"href":"https:\/\/www.usborkeychain.com\/fr\/wp-json\/wp\/v2\/comments?post=5235"}],"wp:featuredmedia":[{"embeddable":true,"href":"https:\/\/www.usborkeychain.com\/fr\/wp-json\/wp\/v2\/media\/5240"}],"wp:attachment":[{"href":"https:\/\/www.usborkeychain.com\/fr\/wp-json\/wp\/v2\/media?parent=5235"}],"wp:term":[{"taxonomy":"product_brand","embeddable":true,"href":"https:\/\/www.usborkeychain.com\/fr\/wp-json\/wp\/v2\/product_brand?post=5235"},{"taxonomy":"product_cat","embeddable":true,"href":"https:\/\/www.usborkeychain.com\/fr\/wp-json\/wp\/v2\/product_cat?post=5235"},{"taxonomy":"product_tag","embeddable":true,"href":"https:\/\/www.usborkeychain.com\/fr\/wp-json\/wp\/v2\/product_tag?post=5235"}],"curies":[{"name":"wp","href":"https:\/\/api.w.org\/{rel}","templated":true}]}}