{"id":5248,"date":"2025-07-30T13:57:05","date_gmt":"2025-07-30T13:57:05","guid":{"rendered":"https:\/\/www.usborkeychain.com\/?post_type=product&#038;p=5248"},"modified":"2025-07-31T00:21:02","modified_gmt":"2025-07-31T00:21:02","slug":"transparent-plastic-usb-flash-drive-pen","status":"publish","type":"product","link":"https:\/\/www.usborkeychain.com\/fr\/produit\/transparent-plastic-usb-flash-drive-pen\/","title":{"rendered":"Cl\u00e9 USB en plastique transparent Stylo"},"content":{"rendered":"<div class=\"wp-block-columns is-layout-flex wp-container-core-columns-is-layout-28f84493 wp-block-columns-is-layout-flex\">\n<div class=\"wp-block-column is-vertically-aligned-center is-layout-flow wp-block-column-is-layout-flow\">\n<p>Le <strong>Stylo cl\u00e9 USB en plastique transparent<\/strong> est un produit mixte int\u00e9grant un stylo \u00e0 bille en plastique et une cl\u00e9 USB \u00e0 grande vitesse, qui r\u00e9pond aux besoins d'enregistrement et de stockage des entreprises :<\/p>\n\n\n\n<ul class=\"wp-block-list\">\n<li>Couverture de la capacit\u00e9 de stockage : Prend en charge les sp\u00e9cifications de stockage courantes telles que 8 Go, 32 Go et 64 Go, r\u00e9pondant ainsi aux besoins de stockage de documents tels que les contrats, les plans et les documents de pr\u00e9sentation.<\/li>\n\n\n\n<li>Adaptation multicolore : Le corps du stylo offre des options de couleur telles que le noir, le bleu, le rouge et le blanc, qui sont compatibles avec le design VI de l'entreprise et l'esth\u00e9tique personnelle, et qui conviennent \u00e0 des sc\u00e9narios tels que les signatures professionnelles et les enregistrements quotidiens.<\/li>\n<\/ul>\n<\/div>\n\n\n\n<div class=\"wp-block-column is-vertically-aligned-center is-layout-flow wp-block-column-is-layout-flow\">\n<figure class=\"wp-block-image size-full\"><img alt=\"\" fetchpriority=\"high\" decoding=\"async\" width=\"800\" height=\"800\" src=\"https:\/\/www.usborkeychain.com\/wp-content\/uploads\/pen-with-usb-flash-drive.jpg\" class=\"wp-image-5259\" srcset=\"https:\/\/www.usborkeychain.com\/wp-content\/uploads\/pen-with-usb-flash-drive.jpg 800w, https:\/\/www.usborkeychain.com\/wp-content\/uploads\/pen-with-usb-flash-drive-300x300.jpg 300w, https:\/\/www.usborkeychain.com\/wp-content\/uploads\/pen-with-usb-flash-drive-150x150.jpg 150w, https:\/\/www.usborkeychain.com\/wp-content\/uploads\/pen-with-usb-flash-drive-768x768.jpg 768w, https:\/\/www.usborkeychain.com\/wp-content\/uploads\/pen-with-usb-flash-drive-12x12.jpg 12w, https:\/\/www.usborkeychain.com\/wp-content\/uploads\/pen-with-usb-flash-drive-600x600.jpg 600w, https:\/\/www.usborkeychain.com\/wp-content\/uploads\/pen-with-usb-flash-drive-100x100.jpg 100w\" sizes=\"(max-width: 800px) 100vw, 800px\" \/><\/figure>\n<\/div>\n<\/div>\n\n\n\n<div class=\"wp-block-columns is-layout-flex wp-container-core-columns-is-layout-28f84493 wp-block-columns-is-layout-flex\">\n<div class=\"wp-block-column is-vertically-aligned-center is-layout-flow wp-block-column-is-layout-flow\">\n<figure class=\"wp-block-image size-full\"><img alt=\"\" decoding=\"async\" width=\"800\" height=\"800\" src=\"https:\/\/www.usborkeychain.com\/wp-content\/uploads\/Custom-Printed-Promotional-Trans-USB-Pen.jpg\" class=\"wp-image-5255\" srcset=\"https:\/\/www.usborkeychain.com\/wp-content\/uploads\/Custom-Printed-Promotional-Trans-USB-Pen.jpg 800w, https:\/\/www.usborkeychain.com\/wp-content\/uploads\/Custom-Printed-Promotional-Trans-USB-Pen-300x300.jpg 300w, https:\/\/www.usborkeychain.com\/wp-content\/uploads\/Custom-Printed-Promotional-Trans-USB-Pen-150x150.jpg 150w, https:\/\/www.usborkeychain.com\/wp-content\/uploads\/Custom-Printed-Promotional-Trans-USB-Pen-768x768.jpg 768w, https:\/\/www.usborkeychain.com\/wp-content\/uploads\/Custom-Printed-Promotional-Trans-USB-Pen-12x12.jpg 12w, https:\/\/www.usborkeychain.com\/wp-content\/uploads\/Custom-Printed-Promotional-Trans-USB-Pen-600x600.jpg 600w, https:\/\/www.usborkeychain.com\/wp-content\/uploads\/Custom-Printed-Promotional-Trans-USB-Pen-100x100.jpg 100w\" sizes=\"(max-width: 800px) 100vw, 800px\" \/><\/figure>\n<\/div>\n\n\n\n<div class=\"wp-block-column is-vertically-aligned-center is-layout-flow wp-block-column-is-layout-flow\">\n<h2 class=\"wp-block-heading\">Mat\u00e9riau :<\/h2>\n\n\n\n<p>Adopte <strong>ABS (haute t\u00e9nacit\u00e9) + PC (r\u00e9sistance aux chocs) <\/strong>en mat\u00e9riau composite, \u00e9quilibrant durabilit\u00e9 et l\u00e9g\u00e8ret\u00e9 :<\/p>\n\n\n\n<ul class=\"wp-block-list\">\n<li>Coque transparente : Elle pr\u00e9sente un aspect frais et minimaliste, permettant une observation intuitive de la structure interne et renfor\u00e7ant la sophistication du produit.<\/li>\n\n\n\n<li>Poign\u00e9e en caoutchouc : Le design color\u00e9 (noir\/bleu\/rouge\/blanc) est conforme \u00e0 l'ergonomie, garantissant une prise en main confortable et une absence de fatigue, m\u00eame en cas d'utilisation prolong\u00e9e.<\/li>\n<\/ul>\n<\/div>\n<\/div>\n\n\n\n<div class=\"wp-block-columns is-layout-flex wp-container-core-columns-is-layout-28f84493 wp-block-columns-is-layout-flex\">\n<div class=\"wp-block-column is-vertically-aligned-center is-layout-flow wp-block-column-is-layout-flow\">\n<h2 class=\"wp-block-heading\">Design d\u00e9tachable :<\/h2>\n\n\n\n<p>Le corps du stylo et le module de la cl\u00e9 USB peuvent \u00eatre d\u00e9mont\u00e9s de mani\u00e8re amovible :<\/p>\n\n\n\n<ul class=\"wp-block-list\">\n<li>Lorsqu'il s'agit uniquement d'\u00e9crire, il peut \u00eatre utilis\u00e9 comme un stylo \u00e0 bille ind\u00e9pendant.<\/li>\n\n\n\n<li>Lorsque le transfert de fichiers est n\u00e9cessaire, la cl\u00e9 USB peut \u00eatre rapidement retir\u00e9e pour \u00eatre connect\u00e9e s\u00e9par\u00e9ment \u00e0 des appareils (sans avoir \u00e0 transporter le stylo entier), ce qui permet de s'adapter avec souplesse \u00e0 diff\u00e9rents sc\u00e9narios.<\/li>\n<\/ul>\n<\/div>\n\n\n\n<div class=\"wp-block-column is-vertically-aligned-center is-layout-flow wp-block-column-is-layout-flow\">\n<figure class=\"wp-block-image size-full\"><img alt=\"\" decoding=\"async\" width=\"800\" height=\"800\" src=\"https:\/\/www.usborkeychain.com\/wp-content\/uploads\/USB-Flash-drive-Pen-Combo.jpg\" class=\"wp-image-5261\" srcset=\"https:\/\/www.usborkeychain.com\/wp-content\/uploads\/USB-Flash-drive-Pen-Combo.jpg 800w, https:\/\/www.usborkeychain.com\/wp-content\/uploads\/USB-Flash-drive-Pen-Combo-300x300.jpg 300w, https:\/\/www.usborkeychain.com\/wp-content\/uploads\/USB-Flash-drive-Pen-Combo-150x150.jpg 150w, https:\/\/www.usborkeychain.com\/wp-content\/uploads\/USB-Flash-drive-Pen-Combo-768x768.jpg 768w, https:\/\/www.usborkeychain.com\/wp-content\/uploads\/USB-Flash-drive-Pen-Combo-12x12.jpg 12w, https:\/\/www.usborkeychain.com\/wp-content\/uploads\/USB-Flash-drive-Pen-Combo-600x600.jpg 600w, https:\/\/www.usborkeychain.com\/wp-content\/uploads\/USB-Flash-drive-Pen-Combo-100x100.jpg 100w\" sizes=\"(max-width: 800px) 100vw, 800px\" \/><\/figure>\n<\/div>\n<\/div>\n\n\n\n<h2 class=\"wp-block-heading\">Param\u00e8tres professionnels de la cl\u00e9 USB<\/h2>\n\n\n\n<figure class=\"wp-block-table\"><table class=\"has-fixed-layout\"><thead><tr><th>Cat\u00e9gorie de param\u00e8tres<\/th><th>Sp\u00e9cifications d\u00e9taill\u00e9es<\/th><\/tr><\/thead><tbody><tr><td>Capacit\u00e9 de stockage<\/td><td>8GB, 16GB, 32GB, 64GB, 128GB<\/td><\/tr><tr><td>Dimensions du stylo<\/td><td>134 mm de longueur, 12 mm de diam\u00e8tre<\/td><\/tr><tr><td>Poids du produit<\/td><td>Environ 20 g<\/td><\/tr><tr><td>Type d'interface<\/td><td>USB 2.0 (compatible avec les interfaces USB 3.0)<\/td><\/tr><tr><td>Sp\u00e9cification de la recharge<\/td><td>Recharge standard pour stylo \u00e0 bille (rempla\u00e7able)<\/td><\/tr><\/tbody><\/table><\/figure>\n\n\n\n<h2 class=\"wp-block-heading\">Quels sont les avantages de cette cl\u00e9 USB ?<\/h2>\n\n\n\n<div class=\"wp-block-columns is-layout-flex wp-container-core-columns-is-layout-28f84493 wp-block-columns-is-layout-flex\">\n<div class=\"wp-block-column is-layout-flow wp-block-column-is-layout-flow\">\n<h3 class=\"wp-block-heading\">Fonctionnalit\u00e9 2 en 1<\/h3>\n\n\n\n<ul class=\"wp-block-list\">\n<li>Fin d'\u00e9criture : La recharge du stylo \u00e0 bille est lisse, adapt\u00e9e \u00e0 l'\u00e9criture quotidienne.<\/li>\n\n\n\n<li>Fin de stockage : Le module de cl\u00e9 USB prend en charge la lecture et l'\u00e9criture \u00e0 grande vitesse, ce qui permet de sauvegarder des donn\u00e9es et de transf\u00e9rer des fichiers. Un seul appareil r\u00e9pond \u00e0 deux besoins importants en mati\u00e8re de bureautique.<\/li>\n<\/ul>\n<\/div>\n\n\n\n<div class=\"wp-block-column is-layout-flow wp-block-column-is-layout-flow\">\n<h3 class=\"wp-block-heading\">Recharge rempla\u00e7able<\/h3>\n\n\n\n<p>La recharge peut \u00eatre remplac\u00e9e par des recharges de stylo \u00e0 bille ordinaires, ce qui \u00e9vite d'avoir \u00e0 jeter l'ensemble du produit lorsque la recharge est \u00e9puis\u00e9e.<\/p>\n<\/div>\n\n\n\n<div class=\"wp-block-column is-layout-flow wp-block-column-is-layout-flow\">\n<h3 class=\"wp-block-heading\">Une conception de grande valeur<\/h3>\n\n\n\n<p>La combinaison d'une coque transparente et d'une poign\u00e9e en caoutchouc color\u00e9e rompt la monotonie de la papeterie de bureau traditionnelle, rehausse le style personnel du bureau et rend les cadeaux personnalis\u00e9s plus reconnaissables.<\/p>\n<\/div>\n<\/div>\n\n\n\n<div class=\"wp-block-columns is-layout-flex wp-container-core-columns-is-layout-28f84493 wp-block-columns-is-layout-flex\">\n<div class=\"wp-block-column is-layout-flow wp-block-column-is-layout-flow\">\n<figure class=\"wp-block-image size-full\"><img alt=\"\" loading=\"lazy\" decoding=\"async\" width=\"800\" height=\"800\" src=\"https:\/\/www.usborkeychain.com\/wp-content\/uploads\/pen-flash-usb-1.jpg\" class=\"wp-image-5257\" srcset=\"https:\/\/www.usborkeychain.com\/wp-content\/uploads\/pen-flash-usb-1.jpg 800w, https:\/\/www.usborkeychain.com\/wp-content\/uploads\/pen-flash-usb-1-300x300.jpg 300w, https:\/\/www.usborkeychain.com\/wp-content\/uploads\/pen-flash-usb-1-150x150.jpg 150w, https:\/\/www.usborkeychain.com\/wp-content\/uploads\/pen-flash-usb-1-768x768.jpg 768w, https:\/\/www.usborkeychain.com\/wp-content\/uploads\/pen-flash-usb-1-12x12.jpg 12w, https:\/\/www.usborkeychain.com\/wp-content\/uploads\/pen-flash-usb-1-600x600.jpg 600w, https:\/\/www.usborkeychain.com\/wp-content\/uploads\/pen-flash-usb-1-100x100.jpg 100w\" sizes=\"(max-width: 800px) 100vw, 800px\" \/><\/figure>\n<\/div>\n\n\n\n<div class=\"wp-block-column is-layout-flow wp-block-column-is-layout-flow\">\n<figure class=\"wp-block-image size-full\"><img alt=\"\" loading=\"lazy\" decoding=\"async\" width=\"800\" height=\"800\" src=\"https:\/\/www.usborkeychain.com\/wp-content\/uploads\/custome-pen-usb-flash-1.jpg\" class=\"wp-image-5256\" srcset=\"https:\/\/www.usborkeychain.com\/wp-content\/uploads\/custome-pen-usb-flash-1.jpg 800w, https:\/\/www.usborkeychain.com\/wp-content\/uploads\/custome-pen-usb-flash-1-300x300.jpg 300w, https:\/\/www.usborkeychain.com\/wp-content\/uploads\/custome-pen-usb-flash-1-150x150.jpg 150w, https:\/\/www.usborkeychain.com\/wp-content\/uploads\/custome-pen-usb-flash-1-768x768.jpg 768w, https:\/\/www.usborkeychain.com\/wp-content\/uploads\/custome-pen-usb-flash-1-12x12.jpg 12w, https:\/\/www.usborkeychain.com\/wp-content\/uploads\/custome-pen-usb-flash-1-600x600.jpg 600w, https:\/\/www.usborkeychain.com\/wp-content\/uploads\/custome-pen-usb-flash-1-100x100.jpg 100w\" sizes=\"(max-width: 800px) 100vw, 800px\" \/><\/figure>\n<\/div>\n\n\n\n<div class=\"wp-block-column is-layout-flow wp-block-column-is-layout-flow\">\n<figure class=\"wp-block-image size-full\"><img alt=\"\" loading=\"lazy\" decoding=\"async\" width=\"800\" height=\"800\" src=\"https:\/\/www.usborkeychain.com\/wp-content\/uploads\/Corporate-Gift-Pen-Ballpoint-Usb-Flash-Drive.jpg\" class=\"wp-image-5254\" srcset=\"https:\/\/www.usborkeychain.com\/wp-content\/uploads\/Corporate-Gift-Pen-Ballpoint-Usb-Flash-Drive.jpg 800w, https:\/\/www.usborkeychain.com\/wp-content\/uploads\/Corporate-Gift-Pen-Ballpoint-Usb-Flash-Drive-300x300.jpg 300w, https:\/\/www.usborkeychain.com\/wp-content\/uploads\/Corporate-Gift-Pen-Ballpoint-Usb-Flash-Drive-150x150.jpg 150w, https:\/\/www.usborkeychain.com\/wp-content\/uploads\/Corporate-Gift-Pen-Ballpoint-Usb-Flash-Drive-768x768.jpg 768w, https:\/\/www.usborkeychain.com\/wp-content\/uploads\/Corporate-Gift-Pen-Ballpoint-Usb-Flash-Drive-12x12.jpg 12w, https:\/\/www.usborkeychain.com\/wp-content\/uploads\/Corporate-Gift-Pen-Ballpoint-Usb-Flash-Drive-600x600.jpg 600w, https:\/\/www.usborkeychain.com\/wp-content\/uploads\/Corporate-Gift-Pen-Ballpoint-Usb-Flash-Drive-100x100.jpg 100w\" sizes=\"(max-width: 800px) 100vw, 800px\" \/><\/figure>\n<\/div>\n<\/div>\n\n\n\n<h2 class=\"wp-block-heading\">Quelles sont les entreprises ou les activit\u00e9s pour lesquelles ce produit peut \u00eatre offert en cadeau ?<\/h2>\n\n\n\n<div class=\"wp-block-columns is-layout-flex wp-container-core-columns-is-layout-28f84493 wp-block-columns-is-layout-flex\">\n<div class=\"wp-block-column is-vertically-aligned-center is-layout-flow wp-block-column-is-layout-flow\">\n<ul class=\"wp-block-list\">\n<li><strong>Cadeaux d'affaires<\/strong>: Apr\u00e8s avoir \u00e9t\u00e9 personnalis\u00e9 avec le logo d'une entreprise, il peut servir de souvenir de conf\u00e9rence ou de cadeau de remerciement \u00e0 un client.<\/li>\n\n\n\n<li><strong>R\u00e9unions d'entreprise\/formation<\/strong>: Les participants peuvent noter les points cl\u00e9s sur place et stocker simultan\u00e9ment les documents de la r\u00e9union (PPT, documents).<\/li>\n\n\n\n<li><strong>Activit\u00e9s de relations publiques\/expositions<\/strong>: Distribu\u00e9 comme souvenir, il v\u00e9hicule en permanence la valeur de la marque.<\/li>\n\n\n\n<li><strong>Utilisation quotidienne au bureau<\/strong>: R\u00e9duit la contrainte de \"transporter \u00e0 la fois un stylo et une cl\u00e9 USB\", permet de mieux ranger le bureau et d'am\u00e9liorer l'efficacit\u00e9.<\/li>\n<\/ul>\n<\/div>\n\n\n\n<div class=\"wp-block-column is-layout-flow wp-block-column-is-layout-flow\">\n<figure class=\"wp-block-image size-full\"><img alt=\"\" loading=\"lazy\" decoding=\"async\" width=\"800\" height=\"800\" src=\"https:\/\/www.usborkeychain.com\/wp-content\/uploads\/Pen-USB-Flash-Drives.jpg\" class=\"wp-image-5258\" srcset=\"https:\/\/www.usborkeychain.com\/wp-content\/uploads\/Pen-USB-Flash-Drives.jpg 800w, https:\/\/www.usborkeychain.com\/wp-content\/uploads\/Pen-USB-Flash-Drives-300x300.jpg 300w, https:\/\/www.usborkeychain.com\/wp-content\/uploads\/Pen-USB-Flash-Drives-150x150.jpg 150w, https:\/\/www.usborkeychain.com\/wp-content\/uploads\/Pen-USB-Flash-Drives-768x768.jpg 768w, https:\/\/www.usborkeychain.com\/wp-content\/uploads\/Pen-USB-Flash-Drives-12x12.jpg 12w, https:\/\/www.usborkeychain.com\/wp-content\/uploads\/Pen-USB-Flash-Drives-600x600.jpg 600w, https:\/\/www.usborkeychain.com\/wp-content\/uploads\/Pen-USB-Flash-Drives-100x100.jpg 100w\" sizes=\"(max-width: 800px) 100vw, 800px\" \/><\/figure>\n<\/div>\n<\/div>\n\n\n\n<div class=\"wp-block-columns is-layout-flex wp-container-core-columns-is-layout-28f84493 wp-block-columns-is-layout-flex\">\n<div class=\"wp-block-column is-vertically-aligned-center is-layout-flow wp-block-column-is-layout-flow\">\n<figure class=\"wp-block-image size-full\"><img alt=\"\" loading=\"lazy\" decoding=\"async\" width=\"800\" height=\"800\" src=\"https:\/\/www.usborkeychain.com\/wp-content\/uploads\/ballpoint-pen-with-usb-flash-drive-1.jpg\" class=\"wp-image-5253\" srcset=\"https:\/\/www.usborkeychain.com\/wp-content\/uploads\/ballpoint-pen-with-usb-flash-drive-1.jpg 800w, https:\/\/www.usborkeychain.com\/wp-content\/uploads\/ballpoint-pen-with-usb-flash-drive-1-300x300.jpg 300w, https:\/\/www.usborkeychain.com\/wp-content\/uploads\/ballpoint-pen-with-usb-flash-drive-1-150x150.jpg 150w, https:\/\/www.usborkeychain.com\/wp-content\/uploads\/ballpoint-pen-with-usb-flash-drive-1-768x768.jpg 768w, https:\/\/www.usborkeychain.com\/wp-content\/uploads\/ballpoint-pen-with-usb-flash-drive-1-12x12.jpg 12w, https:\/\/www.usborkeychain.com\/wp-content\/uploads\/ballpoint-pen-with-usb-flash-drive-1-600x600.jpg 600w, https:\/\/www.usborkeychain.com\/wp-content\/uploads\/ballpoint-pen-with-usb-flash-drive-1-100x100.jpg 100w\" sizes=\"(max-width: 800px) 100vw, 800px\" \/><\/figure>\n<\/div>\n\n\n\n<div class=\"wp-block-column is-vertically-aligned-center is-layout-flow wp-block-column-is-layout-flow\">\n<p>Recommandations d'achat : Pour les commandes en gros (\u2265100 unit\u00e9s), des services de partitionnement de la capacit\u00e9 (par exemple, mise en place d'une partition crypt\u00e9e pour 32 Go) sont disponibles. Il est recommand\u00e9 de l'associer \u00e0 un coffret cadeau en velours pour rehausser la qualit\u00e9 du cadeau. Cette cl\u00e9 USB a obtenu la certification RoHS et est conforme aux normes de s\u00e9curit\u00e9 de l'UE pour les fournitures de bureau.<\/p>\n\n\n\n<p>Le <strong>Stylo cl\u00e9 USB en plastique transparent<\/strong> int\u00e8gre les fonctions d'une cl\u00e9 USB et d'un stylo \u00e0 bille, red\u00e9finissant ainsi la valeur de la papeterie de bureau. Qu'il s'agisse d'un cadeau d'entreprise pour transmettre la chaleur de la marque ou d'une utilisation personnelle pour am\u00e9liorer l'efficacit\u00e9, elle peut \u00eatre un \"partenaire de bureau\" fiable.<\/p>\n<\/div>\n<\/div>","protected":false},"excerpt":{"rendered":"<ul>\n<li>Stylo \u00e0 bille en plastique<\/li>\n<li>Cl\u00e9 USB \u00e0 haute vitesse<\/li>\n<li>Recharge rempla\u00e7able<\/li>\n<li>RoHS<\/li>\n<li>MOQ:100pcs<\/li>\n<\/ul>","protected":false},"featured_media":5259,"comment_status":"open","ping_status":"closed","template":"","meta":{"_seopress_robots_primary_cat":"","_seopress_titles_title":"","_seopress_titles_desc":"","_seopress_robots_index":"","site-sidebar-layout":"default","site-content-layout":"","ast-site-content-layout":"","site-content-style":"default","site-sidebar-style":"default","ast-global-header-display":"","ast-banner-title-visibility":"","ast-main-header-display":"","ast-hfb-above-header-display":"","ast-hfb-below-header-display":"","ast-hfb-mobile-header-display":"","site-post-title":"","ast-breadcrumbs-content":"","ast-featured-img":"","footer-sml-layout":"","theme-transparent-header-meta":"","adv-header-id-meta":"","stick-header-meta":"","header-above-stick-meta":"","header-main-stick-meta":"","header-below-stick-meta":"","astra-migrate-meta-layouts":"default","ast-page-background-enabled":"default","ast-page-background-meta":{"desktop":{"background-color":"var(--ast-global-color-5)","background-image":"","background-repeat":"repeat","background-position":"center center","background-size":"auto","background-attachment":"scroll","background-type":"","background-media":"","overlay-type":"","overlay-color":"","overlay-opacity":"","overlay-gradient":""},"tablet":{"background-color":"","background-image":"","background-repeat":"repeat","background-position":"center center","background-size":"auto","background-attachment":"scroll","background-type":"","background-media":"","overlay-type":"","overlay-color":"","overlay-opacity":"","overlay-gradient":""},"mobile":{"background-color":"","background-image":"","background-repeat":"repeat","background-position":"center center","background-size":"auto","background-attachment":"scroll","background-type":"","background-media":"","overlay-type":"","overlay-color":"","overlay-opacity":"","overlay-gradient":""}},"ast-content-background-meta":{"desktop":{"background-color":"var(--ast-global-color-4)","background-image":"","background-repeat":"repeat","background-position":"center center","background-size":"auto","background-attachment":"scroll","background-type":"","background-media":"","overlay-type":"","overlay-color":"","overlay-opacity":"","overlay-gradient":""},"tablet":{"background-color":"var(--ast-global-color-4)","background-image":"","background-repeat":"repeat","background-position":"center center","background-size":"auto","background-attachment":"scroll","background-type":"","background-media":"","overlay-type":"","overlay-color":"","overlay-opacity":"","overlay-gradient":""},"mobile":{"background-color":"var(--ast-global-color-4)","background-image":"","background-repeat":"repeat","background-position":"center center","background-size":"auto","background-attachment":"scroll","background-type":"","background-media":"","overlay-type":"","overlay-color":"","overlay-opacity":"","overlay-gradient":""}}},"product_brand":[],"product_cat":[100],"product_tag":[324,318,323],"class_list":{"0":"post-5248","1":"product","2":"type-product","3":"status-publish","4":"has-post-thumbnail","6":"product_cat-usb-drive-with-pen","7":"product_tag-ballpoint-usb-flash-drive-pen","8":"product_tag-colorful-pen-usb-flash","9":"product_tag-transparent-usb-flash-drive-pen","10":"desktop-align-left","11":"tablet-align-left","12":"mobile-align-left","14":"first","15":"instock","16":"shipping-taxable","17":"product-type-simple"},"_links":{"self":[{"href":"https:\/\/www.usborkeychain.com\/fr\/wp-json\/wp\/v2\/product\/5248","targetHints":{"allow":["GET"]}}],"collection":[{"href":"https:\/\/www.usborkeychain.com\/fr\/wp-json\/wp\/v2\/product"}],"about":[{"href":"https:\/\/www.usborkeychain.com\/fr\/wp-json\/wp\/v2\/types\/product"}],"replies":[{"embeddable":true,"href":"https:\/\/www.usborkeychain.com\/fr\/wp-json\/wp\/v2\/comments?post=5248"}],"wp:featuredmedia":[{"embeddable":true,"href":"https:\/\/www.usborkeychain.com\/fr\/wp-json\/wp\/v2\/media\/5259"}],"wp:attachment":[{"href":"https:\/\/www.usborkeychain.com\/fr\/wp-json\/wp\/v2\/media?parent=5248"}],"wp:term":[{"taxonomy":"product_brand","embeddable":true,"href":"https:\/\/www.usborkeychain.com\/fr\/wp-json\/wp\/v2\/product_brand?post=5248"},{"taxonomy":"product_cat","embeddable":true,"href":"https:\/\/www.usborkeychain.com\/fr\/wp-json\/wp\/v2\/product_cat?post=5248"},{"taxonomy":"product_tag","embeddable":true,"href":"https:\/\/www.usborkeychain.com\/fr\/wp-json\/wp\/v2\/product_tag?post=5248"}],"curies":[{"name":"wp","href":"https:\/\/api.w.org\/{rel}","templated":true}]}}