{"id":5353,"date":"2025-07-31T09:21:25","date_gmt":"2025-07-31T09:21:25","guid":{"rendered":"https:\/\/www.usborkeychain.com\/?post_type=product&#038;p=5353"},"modified":"2025-08-01T15:14:35","modified_gmt":"2025-08-01T15:14:35","slug":"colorful-pointed-usb-pen","status":"publish","type":"product","link":"https:\/\/www.usborkeychain.com\/fr\/produit\/colorful-pointed-usb-pen\/","title":{"rendered":"Stylo USB \u00e0 pointe color\u00e9e"},"content":{"rendered":"<div class=\"wp-block-columns is-layout-flex wp-container-core-columns-is-layout-28f84493 wp-block-columns-is-layout-flex\">\n<div class=\"wp-block-column is-vertically-aligned-center is-layout-flow wp-block-column-is-layout-flow\">\n<h3 class=\"wp-block-heading\">Qu'est-ce que le stylo USB \u00e0 pointe color\u00e9e ?<\/h3>\n\n\n\n<p>Le stylo USB \u00e0 pointe color\u00e9e est un\u00a0<strong>outil de papeterie num\u00e9rique 2 en 1 de qualit\u00e9 professionnelle<\/strong>\u00a0int\u00e9grant un stockage de donn\u00e9es USB (jusqu'\u00e0 128 Go) et la fonctionnalit\u00e9 d'un stylo \u00e0 bille. Fabriqu\u00e9 avec un\u00a0<strong>construction enti\u00e8rement m\u00e9tallique<\/strong>\u00a0Id\u00e9al pour allier praticit\u00e9 (rangement + \u00e9criture) et portabilit\u00e9 dans le monde des affaires, de l'\u00e9ducation et dans le cadre d'une utilisation quotidienne.<\/p>\n<\/div>\n\n\n\n<div class=\"wp-block-column is-vertically-aligned-center is-layout-flow wp-block-column-is-layout-flow\">\n<figure class=\"wp-block-image size-large\"><img alt=\"\" fetchpriority=\"high\" decoding=\"async\" width=\"800\" height=\"776\" src=\"https:\/\/www.usborkeychain.com\/wp-content\/uploads\/Ballpoint-USB-Combo-Pen-800x776.jpg\" class=\"wp-image-5358\" srcset=\"https:\/\/www.usborkeychain.com\/wp-content\/uploads\/Ballpoint-USB-Combo-Pen-800x776.jpg 800w, https:\/\/www.usborkeychain.com\/wp-content\/uploads\/Ballpoint-USB-Combo-Pen-300x291.jpg 300w, https:\/\/www.usborkeychain.com\/wp-content\/uploads\/Ballpoint-USB-Combo-Pen-768x745.jpg 768w, https:\/\/www.usborkeychain.com\/wp-content\/uploads\/Ballpoint-USB-Combo-Pen-12x12.jpg 12w, https:\/\/www.usborkeychain.com\/wp-content\/uploads\/Ballpoint-USB-Combo-Pen-600x582.jpg 600w, https:\/\/www.usborkeychain.com\/wp-content\/uploads\/Ballpoint-USB-Combo-Pen.jpg 1024w\" sizes=\"(max-width: 800px) 100vw, 800px\" \/><\/figure>\n<\/div>\n<\/div>\n\n\n\n<div class=\"wp-block-columns is-layout-flex wp-container-core-columns-is-layout-28f84493 wp-block-columns-is-layout-flex\">\n<div class=\"wp-block-column is-vertically-aligned-center is-layout-flow wp-block-column-is-layout-flow\">\n<figure class=\"wp-block-image size-full\"><img alt=\"\" decoding=\"async\" width=\"750\" height=\"750\" src=\"https:\/\/www.usborkeychain.com\/wp-content\/uploads\/2-in-1-Ballpoint-Pen-USB-Drive.jpg\" class=\"wp-image-5356\" srcset=\"https:\/\/www.usborkeychain.com\/wp-content\/uploads\/2-in-1-Ballpoint-Pen-USB-Drive.jpg 750w, https:\/\/www.usborkeychain.com\/wp-content\/uploads\/2-in-1-Ballpoint-Pen-USB-Drive-300x300.jpg 300w, https:\/\/www.usborkeychain.com\/wp-content\/uploads\/2-in-1-Ballpoint-Pen-USB-Drive-150x150.jpg 150w, https:\/\/www.usborkeychain.com\/wp-content\/uploads\/2-in-1-Ballpoint-Pen-USB-Drive-12x12.jpg 12w, https:\/\/www.usborkeychain.com\/wp-content\/uploads\/2-in-1-Ballpoint-Pen-USB-Drive-600x600.jpg 600w, https:\/\/www.usborkeychain.com\/wp-content\/uploads\/2-in-1-Ballpoint-Pen-USB-Drive-100x100.jpg 100w\" sizes=\"(max-width: 750px) 100vw, 750px\" \/><\/figure>\n<\/div>\n\n\n\n<div class=\"wp-block-column is-vertically-aligned-center is-layout-flow wp-block-column-is-layout-flow\">\n<h3 class=\"wp-block-heading\">Caract\u00e9ristiques principales et mat\u00e9riaux<\/h3>\n\n\n\n<ul class=\"wp-block-list\">\n<li><strong>Fonctionnalit\u00e9 2 en 1<\/strong>: Combine de mani\u00e8re transparente\u00a0<strong>Stockage USB<\/strong>\u00a0(USB 2.0\/am\u00e9liorable \u00e0 3.0) et\u00a0<strong>Stylo \u00e0 bille de type Parker<\/strong>\u00a0(encre noire\/bleue), ce qui \u00e9limine la n\u00e9cessit\u00e9 d'utiliser plusieurs outils.<\/li>\n\n\n\n<li><strong>Construction enti\u00e8rement m\u00e9tallique de premi\u00e8re qualit\u00e9<\/strong>: Corps enti\u00e8rement m\u00e9tallique avec traitements d'oxydation\/\u00e9lectroplastie\/ \u70e4\u6f06, offrant une r\u00e9sistance aux rayures et aux chutes tout en offrant une esth\u00e9tique haut de gamme (disponible en rouge, argent, noir, bleu, etc.).<\/li>\n\n\n\n<li><strong>Conception ergonomique<\/strong>: 135 mm de longueur \u00d7 13 mm de diam\u00e8tre, 33,5 g de poids l\u00e9ger et une poign\u00e9e ergonomique pour une utilisation confortable \u00e0 long terme.<\/li>\n<\/ul>\n<\/div>\n<\/div>\n\n\n\n<div class=\"wp-block-columns is-layout-flex wp-container-core-columns-is-layout-28f84493 wp-block-columns-is-layout-flex\">\n<div class=\"wp-block-column is-vertically-aligned-center is-layout-flow wp-block-column-is-layout-flow\">\n<h3 class=\"wp-block-heading\">Options de personnalisation<\/h3>\n\n\n\n<ul class=\"wp-block-list\">\n<li><strong>Logo\/texte grav\u00e9 au laser<\/strong>: Identifiants de marque ou messages personnalis\u00e9s pour\u00a0<strong>exposition fr\u00e9quente \u00e0 la marque<\/strong>.<\/li>\n\n\n\n<li><strong>Personnalisation de la couleur<\/strong>: Finitions sur mesure pour r\u00e9pondre aux pr\u00e9f\u00e9rences de l'entreprise ou de l'individu.<\/li>\n\n\n\n<li><strong>Emballages de luxe<\/strong>: Facultatif\u00a0<strong>bo\u00eete cadeau en alliage d'aluminium<\/strong>\u00a0pour des cadeaux de qualit\u00e9 (id\u00e9al pour les souvenirs d'affaires ou les campagnes promotionnelles).<\/li>\n<\/ul>\n<\/div>\n\n\n\n<div class=\"wp-block-column is-vertically-aligned-center is-layout-flow wp-block-column-is-layout-flow\">\n<figure class=\"wp-block-image size-full\"><img alt=\"\" decoding=\"async\" width=\"750\" height=\"750\" src=\"https:\/\/www.usborkeychain.com\/wp-content\/uploads\/Ballpoint-pens-with-usb.jpg\" class=\"wp-image-5357\" srcset=\"https:\/\/www.usborkeychain.com\/wp-content\/uploads\/Ballpoint-pens-with-usb.jpg 750w, https:\/\/www.usborkeychain.com\/wp-content\/uploads\/Ballpoint-pens-with-usb-300x300.jpg 300w, https:\/\/www.usborkeychain.com\/wp-content\/uploads\/Ballpoint-pens-with-usb-150x150.jpg 150w, https:\/\/www.usborkeychain.com\/wp-content\/uploads\/Ballpoint-pens-with-usb-12x12.jpg 12w, https:\/\/www.usborkeychain.com\/wp-content\/uploads\/Ballpoint-pens-with-usb-600x600.jpg 600w, https:\/\/www.usborkeychain.com\/wp-content\/uploads\/Ballpoint-pens-with-usb-100x100.jpg 100w\" sizes=\"(max-width: 750px) 100vw, 750px\" \/><\/figure>\n<\/div>\n<\/div>\n\n\n\n<h3 class=\"wp-block-heading\">Sp\u00e9cifications USB (tableau)<\/h3>\n\n\n\n<figure class=\"wp-block-table\"><table class=\"has-fixed-layout\"><thead><tr><th>Param\u00e8tres<\/th><th>D\u00e9tails<\/th><\/tr><\/thead><tbody><tr><td>Capacit\u00e9<\/td><td>8GB\/16GB\/32GB\/64GB\/128GB (personnalisable)<\/td><\/tr><tr><td>Dimensions<\/td><td>135 mm (L) \u00d7 13 mm (P)<\/td><\/tr><tr><td>Poids<\/td><td>33.5g<\/td><\/tr><tr><td>Interface<\/td><td>USB 2.0 (mise \u00e0 niveau USB 3.0 disponible)<\/td><\/tr><tr><td>La construction<\/td><td>Canon enti\u00e8rement m\u00e9tallique avec rev\u00eatement anticorrosion<\/td><\/tr><\/tbody><\/table><\/figure>\n\n\n\n<div class=\"wp-block-columns is-layout-flex wp-container-core-columns-is-layout-28f84493 wp-block-columns-is-layout-flex\">\n<div class=\"wp-block-column is-vertically-aligned-center is-layout-flow wp-block-column-is-layout-flow\">\n<h3 class=\"wp-block-heading\">Principaux avantages<\/h3>\n\n\n\n<ol class=\"wp-block-list\">\n<li><strong>Int\u00e9gration fonctionnelle<\/strong>: Rationaliser les flux de travail gr\u00e2ce \u00e0 un outil de stockage unique\u00a0<em>et<\/em>\u00a0l'\u00e9criture.<\/li>\n\n\n\n<li><strong>Exp\u00e9rience d'\u00e9criture de premi\u00e8re qualit\u00e9<\/strong>: Les recharges de stylo \u00e0 bille standard Parker (rempla\u00e7ables) garantissent une encre lisse et durable (noir\/bleu), r\u00e9duisant ainsi les co\u00fbts de remplacement.<\/li>\n\n\n\n<li><strong>Durabilit\u00e9<\/strong>: La structure m\u00e9tallique et les finitions galvanis\u00e9es r\u00e9sistent \u00e0 l'usage quotidien et pr\u00e9servent l'int\u00e9grit\u00e9 des couleurs.<\/li>\n\n\n\n<li><strong>Flexibilit\u00e9 de la personnalisation<\/strong>: Couleurs, logos et emballages align\u00e9s sur la marque pour les applications B2B\/B2C.<\/li>\n\n\n\n<li><strong>Portabilit\u00e9<\/strong>: Conception l\u00e9g\u00e8re (33,5 g) avec des dimensions adapt\u00e9es \u00e0 la poche pour les professionnels en d\u00e9placement.<\/li>\n<\/ol>\n<\/div>\n\n\n\n<div class=\"wp-block-column is-layout-flow wp-block-column-is-layout-flow\">\n<figure class=\"wp-block-image size-full\"><img alt=\"\" loading=\"lazy\" decoding=\"async\" width=\"750\" height=\"750\" src=\"https:\/\/www.usborkeychain.com\/wp-content\/uploads\/multi-color-pen-with-usb-drive.jpg\" class=\"wp-image-5361\" srcset=\"https:\/\/www.usborkeychain.com\/wp-content\/uploads\/multi-color-pen-with-usb-drive.jpg 750w, https:\/\/www.usborkeychain.com\/wp-content\/uploads\/multi-color-pen-with-usb-drive-300x300.jpg 300w, https:\/\/www.usborkeychain.com\/wp-content\/uploads\/multi-color-pen-with-usb-drive-150x150.jpg 150w, https:\/\/www.usborkeychain.com\/wp-content\/uploads\/multi-color-pen-with-usb-drive-12x12.jpg 12w, https:\/\/www.usborkeychain.com\/wp-content\/uploads\/multi-color-pen-with-usb-drive-600x600.jpg 600w, https:\/\/www.usborkeychain.com\/wp-content\/uploads\/multi-color-pen-with-usb-drive-100x100.jpg 100w\" sizes=\"(max-width: 750px) 100vw, 750px\" \/><\/figure>\n<\/div>\n<\/div>\n\n\n\n<div class=\"wp-block-columns is-layout-flex wp-container-core-columns-is-layout-28f84493 wp-block-columns-is-layout-flex\">\n<div class=\"wp-block-column is-layout-flow wp-block-column-is-layout-flow\">\n<figure class=\"wp-block-image size-full\"><img alt=\"\" loading=\"lazy\" decoding=\"async\" width=\"750\" height=\"750\" src=\"https:\/\/www.usborkeychain.com\/wp-content\/uploads\/USB-memory-ballpoint-pen-metal.jpg\" class=\"wp-image-5362\" srcset=\"https:\/\/www.usborkeychain.com\/wp-content\/uploads\/USB-memory-ballpoint-pen-metal.jpg 750w, https:\/\/www.usborkeychain.com\/wp-content\/uploads\/USB-memory-ballpoint-pen-metal-300x300.jpg 300w, https:\/\/www.usborkeychain.com\/wp-content\/uploads\/USB-memory-ballpoint-pen-metal-150x150.jpg 150w, https:\/\/www.usborkeychain.com\/wp-content\/uploads\/USB-memory-ballpoint-pen-metal-12x12.jpg 12w, https:\/\/www.usborkeychain.com\/wp-content\/uploads\/USB-memory-ballpoint-pen-metal-600x600.jpg 600w, https:\/\/www.usborkeychain.com\/wp-content\/uploads\/USB-memory-ballpoint-pen-metal-100x100.jpg 100w\" sizes=\"(max-width: 750px) 100vw, 750px\" \/><\/figure>\n<\/div>\n\n\n\n<div class=\"wp-block-column is-vertically-aligned-center is-layout-flow wp-block-column-is-layout-flow\">\n<h3 class=\"wp-block-heading\">Applications cibles<\/h3>\n\n\n\n<ul class=\"wp-block-list\">\n<li><strong>Cadeaux d'affaires<\/strong>: Renforcer les relations avec les clients\/employ\u00e9s gr\u00e2ce \u00e0 des souvenirs fonctionnels et de marque.<\/li>\n\n\n\n<li><strong>Expositions et appels d'offres<\/strong>: Articles promotionnels \u00e0 faible co\u00fbt et \u00e0 forte exposition avec des logos personnalisables.<\/li>\n\n\n\n<li><strong>Cadeaux de fin d'\u00e9tudes<\/strong>: Des souvenirs grav\u00e9s alliant praticit\u00e9 et sentimentalit\u00e9.<\/li>\n\n\n\n<li><strong>Cadeaux de la conf\u00e9rence<\/strong>: Remplacez les cl\u00e9s USB g\u00e9n\u00e9riques par un outil \u00e0 double usage pour une m\u00e9morisation durable de la marque.<\/li>\n<\/ul>\n<\/div>\n<\/div>\n\n\n\n<div class=\"wp-block-columns is-layout-flex wp-container-core-columns-is-layout-28f84493 wp-block-columns-is-layout-flex\">\n<div class=\"wp-block-column is-vertically-aligned-center is-layout-flow wp-block-column-is-layout-flow\">\n<h3 class=\"wp-block-heading\">Politique d'achat en gros<\/h3>\n\n\n\n<ul class=\"wp-block-list\">\n<li><strong>Commande minimale<\/strong>: 100 unit\u00e9s pour le prix de gros ; 500 unit\u00e9s et plus pour des remises exclusives.<\/li>\n\n\n\n<li><strong>D\u00e9lai d'ex\u00e9cution<\/strong>D\u00e9lai de livraison : 7 jours pour la gravure du logo de base ; 15-20 jours pour la personnalisation de la couleur et de l'emballage.<\/li>\n\n\n\n<li><strong>Conditions de paiement<\/strong>: 30% d\u00e9p\u00f4t initial, solde \u00e0 la livraison\/inspection de la qualit\u00e9.<\/li>\n<\/ul>\n<\/div>\n\n\n\n<div class=\"wp-block-column is-layout-flow wp-block-column-is-layout-flow\">\n<figure class=\"wp-block-image size-full\"><img alt=\"\" loading=\"lazy\" decoding=\"async\" width=\"750\" height=\"750\" src=\"https:\/\/www.usborkeychain.com\/wp-content\/uploads\/IMG_4161.jpg\" class=\"wp-image-5360\" srcset=\"https:\/\/www.usborkeychain.com\/wp-content\/uploads\/IMG_4161.jpg 750w, https:\/\/www.usborkeychain.com\/wp-content\/uploads\/IMG_4161-300x300.jpg 300w, https:\/\/www.usborkeychain.com\/wp-content\/uploads\/IMG_4161-150x150.jpg 150w, https:\/\/www.usborkeychain.com\/wp-content\/uploads\/IMG_4161-12x12.jpg 12w, https:\/\/www.usborkeychain.com\/wp-content\/uploads\/IMG_4161-600x600.jpg 600w, https:\/\/www.usborkeychain.com\/wp-content\/uploads\/IMG_4161-100x100.jpg 100w\" sizes=\"(max-width: 750px) 100vw, 750px\" \/><\/figure>\n<\/div>\n<\/div>","protected":false},"excerpt":{"rendered":"<ul>\n<li>Stylo \u00e0 bille 2 en 1 Cl\u00e9 USB<\/li>\n<li>Stylo \u00e0 bille Cl\u00e9 USB 2-en-1 Stylo d'\u00e9criture et Disque U<\/li>\n<li>Cl\u00e9 USB multifonctionnelle<\/li>\n<li>Stylo d'entreprise usb<\/li>\n<li>MOQ:100pcs<\/li>\n<\/ul>","protected":false},"featured_media":5362,"comment_status":"open","ping_status":"closed","template":"","meta":{"_seopress_robots_primary_cat":"none","_seopress_titles_title":"","_seopress_titles_desc":"","_seopress_robots_index":"","site-sidebar-layout":"default","site-content-layout":"","ast-site-content-layout":"","site-content-style":"default","site-sidebar-style":"default","ast-global-header-display":"","ast-banner-title-visibility":"","ast-main-header-display":"","ast-hfb-above-header-display":"","ast-hfb-below-header-display":"","ast-hfb-mobile-header-display":"","site-post-title":"","ast-breadcrumbs-content":"","ast-featured-img":"","footer-sml-layout":"","theme-transparent-header-meta":"","adv-header-id-meta":"","stick-header-meta":"","header-above-stick-meta":"","header-main-stick-meta":"","header-below-stick-meta":"","astra-migrate-meta-layouts":"default","ast-page-background-enabled":"default","ast-page-background-meta":{"desktop":{"background-color":"var(--ast-global-color-5)","background-image":"","background-repeat":"repeat","background-position":"center center","background-size":"auto","background-attachment":"scroll","background-type":"","background-media":"","overlay-type":"","overlay-color":"","overlay-opacity":"","overlay-gradient":""},"tablet":{"background-color":"","background-image":"","background-repeat":"repeat","background-position":"center center","background-size":"auto","background-attachment":"scroll","background-type":"","background-media":"","overlay-type":"","overlay-color":"","overlay-opacity":"","overlay-gradient":""},"mobile":{"background-color":"","background-image":"","background-repeat":"repeat","background-position":"center center","background-size":"auto","background-attachment":"scroll","background-type":"","background-media":"","overlay-type":"","overlay-color":"","overlay-opacity":"","overlay-gradient":""}},"ast-content-background-meta":{"desktop":{"background-color":"var(--ast-global-color-4)","background-image":"","background-repeat":"repeat","background-position":"center center","background-size":"auto","background-attachment":"scroll","background-type":"","background-media":"","overlay-type":"","overlay-color":"","overlay-opacity":"","overlay-gradient":""},"tablet":{"background-color":"var(--ast-global-color-4)","background-image":"","background-repeat":"repeat","background-position":"center center","background-size":"auto","background-attachment":"scroll","background-type":"","background-media":"","overlay-type":"","overlay-color":"","overlay-opacity":"","overlay-gradient":""},"mobile":{"background-color":"var(--ast-global-color-4)","background-image":"","background-repeat":"repeat","background-position":"center center","background-size":"auto","background-attachment":"scroll","background-type":"","background-media":"","overlay-type":"","overlay-color":"","overlay-opacity":"","overlay-gradient":""}}},"product_brand":[],"product_cat":[100],"product_tag":[334,324,327],"class_list":{"0":"post-5353","1":"product","2":"type-product","3":"status-publish","4":"has-post-thumbnail","6":"product_cat-usb-drive-with-pen","7":"product_tag-2-in-1-ballpoint-pen-usb-drive-2","8":"product_tag-ballpoint-usb-flash-drive-pen","9":"product_tag-colorful-pointed-usb-pen","10":"desktop-align-left","11":"tablet-align-left","12":"mobile-align-left","14":"first","15":"instock","16":"shipping-taxable","17":"product-type-simple"},"_links":{"self":[{"href":"https:\/\/www.usborkeychain.com\/fr\/wp-json\/wp\/v2\/product\/5353","targetHints":{"allow":["GET"]}}],"collection":[{"href":"https:\/\/www.usborkeychain.com\/fr\/wp-json\/wp\/v2\/product"}],"about":[{"href":"https:\/\/www.usborkeychain.com\/fr\/wp-json\/wp\/v2\/types\/product"}],"replies":[{"embeddable":true,"href":"https:\/\/www.usborkeychain.com\/fr\/wp-json\/wp\/v2\/comments?post=5353"}],"wp:featuredmedia":[{"embeddable":true,"href":"https:\/\/www.usborkeychain.com\/fr\/wp-json\/wp\/v2\/media\/5362"}],"wp:attachment":[{"href":"https:\/\/www.usborkeychain.com\/fr\/wp-json\/wp\/v2\/media?parent=5353"}],"wp:term":[{"taxonomy":"product_brand","embeddable":true,"href":"https:\/\/www.usborkeychain.com\/fr\/wp-json\/wp\/v2\/product_brand?post=5353"},{"taxonomy":"product_cat","embeddable":true,"href":"https:\/\/www.usborkeychain.com\/fr\/wp-json\/wp\/v2\/product_cat?post=5353"},{"taxonomy":"product_tag","embeddable":true,"href":"https:\/\/www.usborkeychain.com\/fr\/wp-json\/wp\/v2\/product_tag?post=5353"}],"curies":[{"name":"wp","href":"https:\/\/api.w.org\/{rel}","templated":true}]}}