{"id":5364,"date":"2025-07-31T10:00:56","date_gmt":"2025-07-31T10:00:56","guid":{"rendered":"https:\/\/www.usborkeychain.com\/?post_type=product&#038;p=5364"},"modified":"2025-07-31T12:05:05","modified_gmt":"2025-07-31T12:05:05","slug":"6-in-1-laser-touch-pen-usb-drive","status":"publish","type":"product","link":"https:\/\/www.usborkeychain.com\/fr\/produit\/6-in-1-laser-touch-pen-usb-drive\/","title":{"rendered":"Cl\u00e9 USB \u00e0 stylo laser 6-en-1"},"content":{"rendered":"<div class=\"wp-block-columns is-layout-flex wp-container-core-columns-is-layout-28f84493 wp-block-columns-is-layout-flex\">\n<div class=\"wp-block-column is-vertically-aligned-center is-layout-flow wp-block-column-is-layout-flow\">\n<h2 class=\"wp-block-heading\">Qu'est-ce que la cl\u00e9 USB 6-en-1 Laser Touch Pen ?<\/h2>\n\n\n\n<p>La cl\u00e9 USB 6-en-1 Laser Touch Pen est un outil de bureautique de pointe int\u00e9grant&nbsp;<strong>Stockage USB, compatibilit\u00e9 avec les \u00e9crans tactiles, pointeur laser, stylo \u00e0 bille, d\u00e9tection de la contrefa\u00e7on par UV et pr\u00e9sentateur PPT<\/strong>&nbsp;en un seul design ergonomique. En regroupant les fonctions de stockage de donn\u00e9es, d'utilisation interactive, d'enregistrement et de pr\u00e9sentation, ce stylo red\u00e9finit la portabilit\u00e9 et la productivit\u00e9 pour les r\u00e9unions d'affaires, l'\u00e9ducation, le travail quotidien et les cadeaux haut de gamme.<\/p>\n<\/div>\n\n\n\n<div class=\"wp-block-column is-layout-flow wp-block-column-is-layout-flow\">\n<figure class=\"wp-block-image size-full\"><img alt=\"\" fetchpriority=\"high\" decoding=\"async\" width=\"800\" height=\"800\" src=\"https:\/\/www.usborkeychain.com\/wp-content\/uploads\/6-in-1-Multifunctional-Metal-Stylus-Laser-Capacitor-Pen.jpg\" class=\"wp-image-5381\" srcset=\"https:\/\/www.usborkeychain.com\/wp-content\/uploads\/6-in-1-Multifunctional-Metal-Stylus-Laser-Capacitor-Pen.jpg 800w, https:\/\/www.usborkeychain.com\/wp-content\/uploads\/6-in-1-Multifunctional-Metal-Stylus-Laser-Capacitor-Pen-300x300.jpg 300w, https:\/\/www.usborkeychain.com\/wp-content\/uploads\/6-in-1-Multifunctional-Metal-Stylus-Laser-Capacitor-Pen-150x150.jpg 150w, https:\/\/www.usborkeychain.com\/wp-content\/uploads\/6-in-1-Multifunctional-Metal-Stylus-Laser-Capacitor-Pen-768x768.jpg 768w, https:\/\/www.usborkeychain.com\/wp-content\/uploads\/6-in-1-Multifunctional-Metal-Stylus-Laser-Capacitor-Pen-12x12.jpg 12w, https:\/\/www.usborkeychain.com\/wp-content\/uploads\/6-in-1-Multifunctional-Metal-Stylus-Laser-Capacitor-Pen-600x600.jpg 600w, https:\/\/www.usborkeychain.com\/wp-content\/uploads\/6-in-1-Multifunctional-Metal-Stylus-Laser-Capacitor-Pen-100x100.jpg 100w\" sizes=\"(max-width: 800px) 100vw, 800px\" \/><\/figure>\n<\/div>\n<\/div>\n\n\n\n<h2 class=\"wp-block-heading\">R\u00e9partition des produits<\/h2>\n\n\n\n<div class=\"wp-block-columns is-layout-flex wp-container-core-columns-is-layout-28f84493 wp-block-columns-is-layout-flex\">\n<div class=\"wp-block-column is-layout-flow wp-block-column-is-layout-flow\">\n<figure class=\"wp-block-image size-full\"><img alt=\"\" decoding=\"async\" width=\"800\" height=\"800\" src=\"https:\/\/www.usborkeychain.com\/wp-content\/uploads\/6-in-1-otg-pendrive-with-stylus-pen.jpg\" class=\"wp-image-5382\" srcset=\"https:\/\/www.usborkeychain.com\/wp-content\/uploads\/6-in-1-otg-pendrive-with-stylus-pen.jpg 800w, https:\/\/www.usborkeychain.com\/wp-content\/uploads\/6-in-1-otg-pendrive-with-stylus-pen-300x300.jpg 300w, https:\/\/www.usborkeychain.com\/wp-content\/uploads\/6-in-1-otg-pendrive-with-stylus-pen-150x150.jpg 150w, https:\/\/www.usborkeychain.com\/wp-content\/uploads\/6-in-1-otg-pendrive-with-stylus-pen-768x768.jpg 768w, https:\/\/www.usborkeychain.com\/wp-content\/uploads\/6-in-1-otg-pendrive-with-stylus-pen-12x12.jpg 12w, https:\/\/www.usborkeychain.com\/wp-content\/uploads\/6-in-1-otg-pendrive-with-stylus-pen-600x600.jpg 600w, https:\/\/www.usborkeychain.com\/wp-content\/uploads\/6-in-1-otg-pendrive-with-stylus-pen-100x100.jpg 100w\" sizes=\"(max-width: 800px) 100vw, 800px\" \/><\/figure>\n\n\n\n<figure class=\"wp-block-image size-full\"><img alt=\"\" decoding=\"async\" width=\"800\" height=\"800\" src=\"https:\/\/www.usborkeychain.com\/wp-content\/uploads\/6-in-1-laser-touch-pen-USB-drive.jpg\" class=\"wp-image-5383\" srcset=\"https:\/\/www.usborkeychain.com\/wp-content\/uploads\/6-in-1-laser-touch-pen-USB-drive.jpg 800w, https:\/\/www.usborkeychain.com\/wp-content\/uploads\/6-in-1-laser-touch-pen-USB-drive-300x300.jpg 300w, https:\/\/www.usborkeychain.com\/wp-content\/uploads\/6-in-1-laser-touch-pen-USB-drive-150x150.jpg 150w, https:\/\/www.usborkeychain.com\/wp-content\/uploads\/6-in-1-laser-touch-pen-USB-drive-768x768.jpg 768w, https:\/\/www.usborkeychain.com\/wp-content\/uploads\/6-in-1-laser-touch-pen-USB-drive-12x12.jpg 12w, https:\/\/www.usborkeychain.com\/wp-content\/uploads\/6-in-1-laser-touch-pen-USB-drive-600x600.jpg 600w, https:\/\/www.usborkeychain.com\/wp-content\/uploads\/6-in-1-laser-touch-pen-USB-drive-100x100.jpg 100w\" sizes=\"(max-width: 800px) 100vw, 800px\" \/><\/figure>\n<\/div>\n\n\n\n<div class=\"wp-block-column is-layout-flow wp-block-column-is-layout-flow\">\n<h3 class=\"wp-block-heading\">1. Stockage USB<\/h3>\n\n\n\n<ul class=\"wp-block-list\">\n<li><strong>Puce flash \u00e0 grande vitesse<\/strong>Capacit\u00e9 de stockage : 8GB-128GB (USB 3.0, r\u00e9trocompatible avec 2.0) pour un transfert rapide des fichiers (documents, images, vid\u00e9os).<\/li>\n\n\n\n<li><strong>Conception int\u00e9gr\u00e9e<\/strong>: \u00c9limine les risques de perte de disque dur gr\u00e2ce \u00e0 la structure transparente du corps du stylo - les donn\u00e9es voyagent o\u00f9 que vous alliez.<\/li>\n<\/ul>\n\n\n\n<h3 class=\"wp-block-heading\">2. Compatibilit\u00e9 avec les \u00e9crans tactiles (stylo capacitif)<\/h3>\n\n\n\n<ul class=\"wp-block-list\">\n<li><strong>M\u00e9canisme d'ouverture par rotation (droite)<\/strong>: R\u00e9v\u00e8le une pointe capacitive de pr\u00e9cision compatible avec les smartphones, les tablettes et les tableaux blancs interactifs (iOS\/Android\/Windows).<\/li>\n\n\n\n<li><strong>R\u00e9ponse pr\u00e9cise<\/strong>: Permet une \u00e9criture manuscrite, un dessin et des op\u00e9rations tactiles fluides, d\u00e9passant les limites des doigts.<\/li>\n<\/ul>\n\n\n\n<h3 class=\"wp-block-heading\">3. Pointeur laser (point rouge 650 nm)<\/h3>\n\n\n\n<ul class=\"wp-block-list\">\n<li><strong>Bouton ergonomique<\/strong>: Projette instantan\u00e9ment un laser rouge de s\u00e9curit\u00e9 de 650 nm de classe II pour une mise en \u00e9vidence pr\u00e9cise des PPT\/\u00e9crans\/tableaux noirs lors des pr\u00e9sentations.<\/li>\n\n\n\n<li><strong>Contr\u00f4le de la mise au point<\/strong>: \u00c9limine l'ambigu\u00eft\u00e9 du \"pointage de main\", garantissant que l'attention de l'auditoire reste sur le contenu essentiel.<\/li>\n<\/ul>\n\n\n\n<h3 class=\"wp-block-heading\">4. Stylo \u00e0 bille<\/h3>\n\n\n\n<ul class=\"wp-block-list\">\n<li><strong>M\u00e9canisme d'ouverture par rotation (gauche)<\/strong>: Comprend une recharge standard rempla\u00e7able (options 0,5\/0,7 mm) pour une \u00e9criture douce et sans bavure.<\/li>\n\n\n\n<li><strong>Synergie stylo-ordinateur portable<\/strong>: Id\u00e9al pour les notes de r\u00e9union en temps r\u00e9el ou les croquis cr\u00e9atifs - plus besoin de passer d'un appareil \u00e0 l'autre.<\/li>\n<\/ul>\n\n\n\n<h3 class=\"wp-block-heading\">5. D\u00e9tection de la contrefa\u00e7on par UV<\/h3>\n\n\n\n<ul class=\"wp-block-list\">\n<li><strong>Lampe de poche int\u00e9gr\u00e9e<\/strong>: La LED UV activ\u00e9e par pression permet de v\u00e9rifier rapidement les devises et les marques de s\u00e9curit\u00e9, ce qui est essentiel pour les voyages, la finance et la vente au d\u00e9tail.<\/li>\n<\/ul>\n\n\n\n<h3 class=\"wp-block-heading\">6. Pr\u00e9sentateur PPT<\/h3>\n\n\n\n<ul class=\"wp-block-list\">\n<li><strong>Contr\u00f4le sans fil<\/strong>: La technologie RF (2,4 GHz) permet une port\u00e9e de plus de 10 m pour un retournement transparent des diapositives (Pr\u00e9c\u00e9dent\/Suivant), un \u00e9cran noir et un basculement en plein \u00e9cran (r\u00e9cepteur USB pr\u00eat \u00e0 l'emploi).<\/li>\n\n\n\n<li><strong>Efficacit\u00e9 des mains libres<\/strong>: Compatible avec PowerPoint\/Keynote.<\/li>\n<\/ul>\n<\/div>\n<\/div>\n\n\n\n<h2 class=\"wp-block-heading\">Caract\u00e9ristiques du noyau de la cl\u00e9 USB <\/h2>\n\n\n\n<figure class=\"wp-block-table\"><table class=\"has-fixed-layout\"><thead><tr><th>Param\u00e8tres<\/th><th>Sp\u00e9cifications<\/th><\/tr><\/thead><tbody><tr><td>Capacit\u00e9<\/td><td>8GB\/16GB\/32GB\/64GB\/128GB <\/td><\/tr><tr><td>Dimensions<\/td><td>\u03a611mm \u00d7 155mm <\/td><\/tr><tr><td>Poids<\/td><td>33,5g \u00b1 0,5g <\/td><\/tr><tr><td>Interface<\/td><td>USB 3.0 \/USB2.0<\/td><\/tr><tr><td>Compatibilit\u00e9<\/td><td>Windows\/macOS\/Android\/iOS<\/td><\/tr><tr><td>Classe laser<\/td><td>Classe II (sans danger pour une utilisation continue de plus de 100 heures)<\/td><\/tr><tr><td>Type de recharge<\/td><td>Norme internationale (compatible Parker\/G2)<\/td><\/tr><tr><td>Personnalisation<\/td><td>Couleur du stylo, LOGO, Conception de l'emballage<\/td><\/tr><\/tbody><\/table><\/figure>\n\n\n\n<h2 class=\"wp-block-heading\">Sc\u00e9narios d'application<\/h2>\n\n\n\n<div class=\"wp-block-columns is-layout-flex wp-container-core-columns-is-layout-28f84493 wp-block-columns-is-layout-flex\">\n<div class=\"wp-block-column is-layout-flow wp-block-column-is-layout-flow\">\n<h3 class=\"wp-block-heading\">1. Conf\u00e9rences d'affaires<\/h3>\n\n\n\n<ul class=\"wp-block-list\">\n<li><strong>Trio de pr\u00e9sentation<\/strong>: Pointeur laser + contr\u00f4le PPT + stylet tactile pour les annotations sur la tablette - flux de travail continu pour une pr\u00e9sentation professionnelle.<\/li>\n\n\n\n<li><strong>S\u00e9curit\u00e9 des donn\u00e9es<\/strong>: Stocker\/transf\u00e9rer des fichiers sensibles en toute s\u00e9curit\u00e9 via une cl\u00e9 USB crypt\u00e9e (fonction optionnelle).<\/li>\n<\/ul>\n\n\n\n<h3 class=\"wp-block-heading\">2. \u00c9ducation et formation<\/h3>\n\n\n\n<ul class=\"wp-block-list\">\n<li><strong>Enseignement interactif<\/strong>: Guidage laser sur les tableaux blancs + stylo tactile pour les plans de cours num\u00e9riques ; fonction UV pour les d\u00e9monstrations de programmes financiers.<\/li>\n\n\n\n<li><strong>Engagement des \u00e9tudiants<\/strong>: Combine la prise de notes, l'interaction avec les appareils et les outils de pr\u00e9sentation pour l'apprentissage hybride.<\/li>\n<\/ul>\n\n\n\n<h3 class=\"wp-block-heading\">3. Don de primes<\/h3>\n\n\n\n<ul class=\"wp-block-list\">\n<li><strong>Cadeaux d'entreprise<\/strong>: Personnalis\u00e9 avec des logos + emballage de luxe - id\u00e9al pour les relations avec les clients, les anniversaires ou les \u00e9v\u00e9nements marquants.<\/li>\n\n\n\n<li><strong>Appr\u00e9ciation des enseignants<\/strong><\/li>\n<\/ul>\n<\/div>\n\n\n\n<div class=\"wp-block-column is-vertically-aligned-center is-layout-flow wp-block-column-is-layout-flow\">\n<figure class=\"wp-block-image size-full\"><img alt=\"\" loading=\"lazy\" decoding=\"async\" width=\"800\" height=\"800\" src=\"https:\/\/www.usborkeychain.com\/wp-content\/uploads\/Metal-6-In-1-Laser-Pointer-Pen.jpg\" class=\"wp-image-5384\" srcset=\"https:\/\/www.usborkeychain.com\/wp-content\/uploads\/Metal-6-In-1-Laser-Pointer-Pen.jpg 800w, https:\/\/www.usborkeychain.com\/wp-content\/uploads\/Metal-6-In-1-Laser-Pointer-Pen-300x300.jpg 300w, https:\/\/www.usborkeychain.com\/wp-content\/uploads\/Metal-6-In-1-Laser-Pointer-Pen-150x150.jpg 150w, https:\/\/www.usborkeychain.com\/wp-content\/uploads\/Metal-6-In-1-Laser-Pointer-Pen-768x768.jpg 768w, https:\/\/www.usborkeychain.com\/wp-content\/uploads\/Metal-6-In-1-Laser-Pointer-Pen-12x12.jpg 12w, https:\/\/www.usborkeychain.com\/wp-content\/uploads\/Metal-6-In-1-Laser-Pointer-Pen-600x600.jpg 600w, https:\/\/www.usborkeychain.com\/wp-content\/uploads\/Metal-6-In-1-Laser-Pointer-Pen-100x100.jpg 100w\" sizes=\"(max-width: 800px) 100vw, 800px\" \/><\/figure>\n<\/div>\n<\/div>\n\n\n\n<h2 class=\"wp-block-heading\">Innovation technique<\/h2>\n\n\n\n<div class=\"wp-block-columns is-layout-flex wp-container-core-columns-is-layout-28f84493 wp-block-columns-is-layout-flex\">\n<div class=\"wp-block-column is-layout-flow wp-block-column-is-layout-flow\">\n<figure class=\"wp-block-image size-full\"><img alt=\"\" loading=\"lazy\" decoding=\"async\" width=\"800\" height=\"800\" src=\"https:\/\/www.usborkeychain.com\/wp-content\/uploads\/PPT-page-turning-pen-USB-drive.jpg\" class=\"wp-image-5385\" srcset=\"https:\/\/www.usborkeychain.com\/wp-content\/uploads\/PPT-page-turning-pen-USB-drive.jpg 800w, https:\/\/www.usborkeychain.com\/wp-content\/uploads\/PPT-page-turning-pen-USB-drive-300x300.jpg 300w, https:\/\/www.usborkeychain.com\/wp-content\/uploads\/PPT-page-turning-pen-USB-drive-150x150.jpg 150w, https:\/\/www.usborkeychain.com\/wp-content\/uploads\/PPT-page-turning-pen-USB-drive-768x768.jpg 768w, https:\/\/www.usborkeychain.com\/wp-content\/uploads\/PPT-page-turning-pen-USB-drive-12x12.jpg 12w, https:\/\/www.usborkeychain.com\/wp-content\/uploads\/PPT-page-turning-pen-USB-drive-600x600.jpg 600w, https:\/\/www.usborkeychain.com\/wp-content\/uploads\/PPT-page-turning-pen-USB-drive-100x100.jpg 100w\" sizes=\"(max-width: 800px) 100vw, 800px\" \/><\/figure>\n<\/div>\n\n\n\n<div class=\"wp-block-column is-vertically-aligned-center is-layout-flow wp-block-column-is-layout-flow\">\n<ul class=\"wp-block-list\">\n<li><strong>M\u00e9canisme brevet\u00e9<\/strong>: Bouton laser ergonomique \u00e0 30\u00b0 + design \u00e0 double rotation (gauche : stylo \u00e0 bille ; droite : capacitif) .<\/li>\n\n\n\n<li><strong>Optimisation de l'espace<\/strong>: Le barillet de 11 mm int\u00e8gre la puce USB, le module laser et les m\u00e9canismes d'\u00e9criture sans compromettre la durabilit\u00e9 (test\u00e9 \u00e0 plus de 10 000 cycles de torsion).<\/li>\n\n\n\n<li><strong>Stabilit\u00e9 RF<\/strong>Technologie sans fil 2,4 GHz avec cryptage 128 bits pour des pr\u00e9sentations sans interf\u00e9rences dans les environnements encombr\u00e9s.<\/li>\n<\/ul>\n<\/div>\n<\/div>\n\n\n\n<div class=\"wp-block-columns is-layout-flex wp-container-core-columns-is-layout-28f84493 wp-block-columns-is-layout-flex\">\n<div class=\"wp-block-column is-vertically-aligned-center is-layout-flow wp-block-column-is-layout-flow\">\n<p>Con\u00e7u pour les professionnels qui exigent\u00a0<strong>une polyvalence sans compromis<\/strong>Ce stylo comble le foss\u00e9 entre l'intuition analogique et l'efficacit\u00e9 num\u00e9rique. Qu'il s'agisse de gagner la confiance des clients avec des cadeaux de marque ou de rationaliser la technologie en classe, il offre des performances de niveau professionnel dans un format de poche. B\u00e9n\u00e9ficiant d'une garantie de 18 mois et d'une fabrication certifi\u00e9e ISO 9001, il ne s'agit pas seulement d'un stylo, mais d'un \u00e9cosyst\u00e8me de productivit\u00e9.<\/p>\n<\/div>\n\n\n\n<div class=\"wp-block-column is-vertically-aligned-center is-layout-flow wp-block-column-is-layout-flow\">\n<figure class=\"wp-block-image size-full\"><img alt=\"\" loading=\"lazy\" decoding=\"async\" width=\"800\" height=\"800\" src=\"https:\/\/www.usborkeychain.com\/wp-content\/uploads\/6-in-1-Multifunctional-Capacitive-Pen-with-Floodlight-And-Laser-Light-Blue.jpg\" class=\"wp-image-5380\" srcset=\"https:\/\/www.usborkeychain.com\/wp-content\/uploads\/6-in-1-Multifunctional-Capacitive-Pen-with-Floodlight-And-Laser-Light-Blue.jpg 800w, https:\/\/www.usborkeychain.com\/wp-content\/uploads\/6-in-1-Multifunctional-Capacitive-Pen-with-Floodlight-And-Laser-Light-Blue-300x300.jpg 300w, https:\/\/www.usborkeychain.com\/wp-content\/uploads\/6-in-1-Multifunctional-Capacitive-Pen-with-Floodlight-And-Laser-Light-Blue-150x150.jpg 150w, https:\/\/www.usborkeychain.com\/wp-content\/uploads\/6-in-1-Multifunctional-Capacitive-Pen-with-Floodlight-And-Laser-Light-Blue-768x768.jpg 768w, https:\/\/www.usborkeychain.com\/wp-content\/uploads\/6-in-1-Multifunctional-Capacitive-Pen-with-Floodlight-And-Laser-Light-Blue-12x12.jpg 12w, https:\/\/www.usborkeychain.com\/wp-content\/uploads\/6-in-1-Multifunctional-Capacitive-Pen-with-Floodlight-And-Laser-Light-Blue-600x600.jpg 600w, https:\/\/www.usborkeychain.com\/wp-content\/uploads\/6-in-1-Multifunctional-Capacitive-Pen-with-Floodlight-And-Laser-Light-Blue-100x100.jpg 100w\" sizes=\"(max-width: 800px) 100vw, 800px\" \/><\/figure>\n<\/div>\n<\/div>","protected":false},"excerpt":{"rendered":"<ul>\n<li>Stylo pointeur laser 6 en 1 en m\u00e9tal<\/li>\n<li>Stylet multifonctionnel en m\u00e9tal 6 en 1 Stylo laser \u00e0 condensateur<\/li>\n<li>Stockage USB<\/li>\n<li>Stylo capacitif<\/li>\n<li>Pr\u00e9sentateur PPT<\/li>\n<li>D\u00e9tection de la contrefa\u00e7on par UV<\/li>\n<\/ul>","protected":false},"featured_media":5383,"comment_status":"open","ping_status":"closed","template":"","meta":{"_seopress_robots_primary_cat":"","_seopress_titles_title":"","_seopress_titles_desc":"","_seopress_robots_index":"","site-sidebar-layout":"default","site-content-layout":"","ast-site-content-layout":"","site-content-style":"default","site-sidebar-style":"default","ast-global-header-display":"","ast-banner-title-visibility":"","ast-main-header-display":"","ast-hfb-above-header-display":"","ast-hfb-below-header-display":"","ast-hfb-mobile-header-display":"","site-post-title":"","ast-breadcrumbs-content":"","ast-featured-img":"","footer-sml-layout":"","theme-transparent-header-meta":"","adv-header-id-meta":"","stick-header-meta":"","header-above-stick-meta":"","header-main-stick-meta":"","header-below-stick-meta":"","astra-migrate-meta-layouts":"default","ast-page-background-enabled":"default","ast-page-background-meta":{"desktop":{"background-color":"var(--ast-global-color-5)","background-image":"","background-repeat":"repeat","background-position":"center center","background-size":"auto","background-attachment":"scroll","background-type":"","background-media":"","overlay-type":"","overlay-color":"","overlay-opacity":"","overlay-gradient":""},"tablet":{"background-color":"","background-image":"","background-repeat":"repeat","background-position":"center center","background-size":"auto","background-attachment":"scroll","background-type":"","background-media":"","overlay-type":"","overlay-color":"","overlay-opacity":"","overlay-gradient":""},"mobile":{"background-color":"","background-image":"","background-repeat":"repeat","background-position":"center center","background-size":"auto","background-attachment":"scroll","background-type":"","background-media":"","overlay-type":"","overlay-color":"","overlay-opacity":"","overlay-gradient":""}},"ast-content-background-meta":{"desktop":{"background-color":"var(--ast-global-color-4)","background-image":"","background-repeat":"repeat","background-position":"center center","background-size":"auto","background-attachment":"scroll","background-type":"","background-media":"","overlay-type":"","overlay-color":"","overlay-opacity":"","overlay-gradient":""},"tablet":{"background-color":"var(--ast-global-color-4)","background-image":"","background-repeat":"repeat","background-position":"center center","background-size":"auto","background-attachment":"scroll","background-type":"","background-media":"","overlay-type":"","overlay-color":"","overlay-opacity":"","overlay-gradient":""},"mobile":{"background-color":"var(--ast-global-color-4)","background-image":"","background-repeat":"repeat","background-position":"center center","background-size":"auto","background-attachment":"scroll","background-type":"","background-media":"","overlay-type":"","overlay-color":"","overlay-opacity":"","overlay-gradient":""}}},"product_brand":[],"product_cat":[100],"product_tag":[326,332],"class_list":{"0":"post-5364","1":"product","2":"type-product","3":"status-publish","4":"has-post-thumbnail","6":"product_cat-usb-drive-with-pen","7":"product_tag-stylus-usb-flash-drive-pen","8":"product_tag-usb-pen-drive-with-laser","9":"desktop-align-left","10":"tablet-align-left","11":"mobile-align-left","13":"first","14":"instock","15":"shipping-taxable","16":"product-type-simple"},"_links":{"self":[{"href":"https:\/\/www.usborkeychain.com\/fr\/wp-json\/wp\/v2\/product\/5364","targetHints":{"allow":["GET"]}}],"collection":[{"href":"https:\/\/www.usborkeychain.com\/fr\/wp-json\/wp\/v2\/product"}],"about":[{"href":"https:\/\/www.usborkeychain.com\/fr\/wp-json\/wp\/v2\/types\/product"}],"replies":[{"embeddable":true,"href":"https:\/\/www.usborkeychain.com\/fr\/wp-json\/wp\/v2\/comments?post=5364"}],"wp:featuredmedia":[{"embeddable":true,"href":"https:\/\/www.usborkeychain.com\/fr\/wp-json\/wp\/v2\/media\/5383"}],"wp:attachment":[{"href":"https:\/\/www.usborkeychain.com\/fr\/wp-json\/wp\/v2\/media?parent=5364"}],"wp:term":[{"taxonomy":"product_brand","embeddable":true,"href":"https:\/\/www.usborkeychain.com\/fr\/wp-json\/wp\/v2\/product_brand?post=5364"},{"taxonomy":"product_cat","embeddable":true,"href":"https:\/\/www.usborkeychain.com\/fr\/wp-json\/wp\/v2\/product_cat?post=5364"},{"taxonomy":"product_tag","embeddable":true,"href":"https:\/\/www.usborkeychain.com\/fr\/wp-json\/wp\/v2\/product_tag?post=5364"}],"curies":[{"name":"wp","href":"https:\/\/api.w.org\/{rel}","templated":true}]}}