{"id":5403,"date":"2025-07-31T12:20:13","date_gmt":"2025-07-31T12:20:13","guid":{"rendered":"https:\/\/www.usborkeychain.com\/?post_type=product&#038;p=5403"},"modified":"2025-07-31T12:25:58","modified_gmt":"2025-07-31T12:25:58","slug":"2-in-1-ballpoint-pen-usb-drive","status":"publish","type":"product","link":"https:\/\/www.usborkeychain.com\/fr\/produit\/2-in-1-ballpoint-pen-usb-drive\/","title":{"rendered":"Stylo \u00e0 bille 2-en-1 Cl\u00e9 USB"},"content":{"rendered":"<div class=\"wp-block-columns is-layout-flex wp-container-core-columns-is-layout-28f84493 wp-block-columns-is-layout-flex\">\n<div class=\"wp-block-column is-vertically-aligned-center is-layout-flow wp-block-column-is-layout-flow\">\n<h2 class=\"wp-block-heading\">Qu'est-ce qu'une cl\u00e9 USB 2 en 1 avec stylo \u00e0 bille ?<\/h2>\n\n\n\n<p>Le<strong> Stylo \u00e0 bille 2-en-1 Cl\u00e9 USB<\/strong> est un stylo multifonctionnel qui int\u00e8gre le stockage de donn\u00e9es sur cl\u00e9 USB et la fonctionnalit\u00e9 d'\u00e9criture d'un stylo \u00e0 bille. Il est dot\u00e9 d'un court bo\u00eetier en caoutchouc noir en forme de cl\u00e9 USB, associ\u00e9 \u00e0 un corps de stylo \u00e0 texture m\u00e9tallique, permettant la synergie des deux fonctions \"transmission de donn\u00e9es + \u00e9criture instantan\u00e9e\". Avec son aspect minimaliste et sophistiqu\u00e9 combin\u00e9 \u00e0 des attributs pratiques, elle constitue un choix optimal pour une utilisation professionnelle au bureau et pour offrir en cadeau.<\/p>\n<\/div>\n\n\n\n<div class=\"wp-block-column is-vertically-aligned-center is-layout-flow wp-block-column-is-layout-flow\">\n<figure class=\"wp-block-image size-full\"><img alt=\"\" fetchpriority=\"high\" decoding=\"async\" width=\"800\" height=\"800\" src=\"https:\/\/www.usborkeychain.com\/wp-content\/uploads\/Business-Ballpoint-Pen-USB-Flash-Drive-1.jpg\" class=\"wp-image-5447\" srcset=\"https:\/\/www.usborkeychain.com\/wp-content\/uploads\/Business-Ballpoint-Pen-USB-Flash-Drive-1.jpg 800w, https:\/\/www.usborkeychain.com\/wp-content\/uploads\/Business-Ballpoint-Pen-USB-Flash-Drive-1-300x300.jpg 300w, https:\/\/www.usborkeychain.com\/wp-content\/uploads\/Business-Ballpoint-Pen-USB-Flash-Drive-1-150x150.jpg 150w, https:\/\/www.usborkeychain.com\/wp-content\/uploads\/Business-Ballpoint-Pen-USB-Flash-Drive-1-768x768.jpg 768w, https:\/\/www.usborkeychain.com\/wp-content\/uploads\/Business-Ballpoint-Pen-USB-Flash-Drive-1-12x12.jpg 12w, https:\/\/www.usborkeychain.com\/wp-content\/uploads\/Business-Ballpoint-Pen-USB-Flash-Drive-1-600x600.jpg 600w, https:\/\/www.usborkeychain.com\/wp-content\/uploads\/Business-Ballpoint-Pen-USB-Flash-Drive-1-100x100.jpg 100w\" sizes=\"(max-width: 800px) 100vw, 800px\" \/><\/figure>\n<\/div>\n<\/div>\n\n\n\n<h2 class=\"wp-block-heading\">D\u00e9tails du stylo \u00e0 bille 2 en 1<\/h2>\n\n\n\n<div class=\"wp-block-columns is-layout-flex wp-container-core-columns-is-layout-28f84493 wp-block-columns-is-layout-flex\">\n<div class=\"wp-block-column is-vertically-aligned-center is-layout-flow wp-block-column-is-layout-flow\">\n<figure class=\"wp-block-image size-full\"><img alt=\"\" decoding=\"async\" width=\"800\" height=\"800\" src=\"https:\/\/www.usborkeychain.com\/wp-content\/uploads\/Metal-USB-ballpoint-pen-combo.jpg\" class=\"wp-image-5448\" srcset=\"https:\/\/www.usborkeychain.com\/wp-content\/uploads\/Metal-USB-ballpoint-pen-combo.jpg 800w, https:\/\/www.usborkeychain.com\/wp-content\/uploads\/Metal-USB-ballpoint-pen-combo-300x300.jpg 300w, https:\/\/www.usborkeychain.com\/wp-content\/uploads\/Metal-USB-ballpoint-pen-combo-150x150.jpg 150w, https:\/\/www.usborkeychain.com\/wp-content\/uploads\/Metal-USB-ballpoint-pen-combo-768x768.jpg 768w, https:\/\/www.usborkeychain.com\/wp-content\/uploads\/Metal-USB-ballpoint-pen-combo-12x12.jpg 12w, https:\/\/www.usborkeychain.com\/wp-content\/uploads\/Metal-USB-ballpoint-pen-combo-600x600.jpg 600w, https:\/\/www.usborkeychain.com\/wp-content\/uploads\/Metal-USB-ballpoint-pen-combo-100x100.jpg 100w\" sizes=\"(max-width: 800px) 100vw, 800px\" \/><\/figure>\n<\/div>\n\n\n\n<div class=\"wp-block-column is-vertically-aligned-center is-layout-flow wp-block-column-is-layout-flow\">\n<h3 class=\"wp-block-heading\">Cl\u00e9 USB courte en caoutchouc noir en forme de stylo<\/h3>\n\n\n\n<ul class=\"wp-block-list\">\n<li><strong>Aspect et protection<\/strong>: Le module de la cl\u00e9 USB est enferm\u00e9 dans un court bo\u00eetier en caoutchouc noir en forme de stylo, qui non seulement conserve la forme classique d'un stylo \u00e0 bille, mais emp\u00eache \u00e9galement les rayures sur l'interface USB, r\u00e9alisant ainsi un \"stockage invisible\". Sa structure compacte garantit l'int\u00e9gration parfaite de la cl\u00e9 USB et du corps du stylo, ce qui \u00e9limine le besoin de stockage suppl\u00e9mentaire.<\/li>\n\n\n\n<li><strong>Transmission pratique<\/strong>: Le syst\u00e8me est pr\u00eat \u00e0 l'emploi et r\u00e9pond facilement aux besoins de transfert de fichiers (tels que le partage de mat\u00e9riel de r\u00e9union et de didacticiels), ce qui permet de r\u00e9aliser v\u00e9ritablement l'objectif \"donn\u00e9es en d\u00e9placement, \u00e9criture \u00e0 port\u00e9e de main\".<\/li>\n<\/ul>\n<\/div>\n<\/div>\n\n\n\n<div class=\"wp-block-columns is-layout-flex wp-container-core-columns-is-layout-28f84493 wp-block-columns-is-layout-flex\">\n<div class=\"wp-block-column is-vertically-aligned-center is-layout-flow wp-block-column-is-layout-flow\">\n<h3 class=\"wp-block-heading\">Stylo \u00e0 bille \u00e0 ouverture\/fermeture rotative<\/h3>\n\n\n\n<ul class=\"wp-block-list\">\n<li><strong>Structure m\u00e9canique<\/strong>: Le m\u00e9canisme d'extension de la plume est rotatif, avec un fonctionnement souple et un amortissement mod\u00e9r\u00e9, ce qui permet d'\u00e9viter toute extension accidentelle de la plume. <\/li>\n\n\n\n<li><strong>Mat\u00e9riaux et durabilit\u00e9<\/strong>: Le corps du stylo en m\u00e9tal, associ\u00e9 \u00e0 des composants en caoutchouc noir, est r\u00e9sistant aux chocs et \u00e0 l'usure, et ne se d\u00e9forme pas, m\u00eame en cas d'utilisation prolong\u00e9e. L'agrafe du stylo en m\u00e9tal argent\u00e9 se glisse facilement dans les poches ou les carnets, ce qui permet de le transporter sans effort. <\/li>\n<\/ul>\n<\/div>\n\n\n\n<div class=\"wp-block-column is-vertically-aligned-center is-layout-flow wp-block-column-is-layout-flow\">\n<figure class=\"wp-block-image size-full\"><img alt=\"\" decoding=\"async\" width=\"800\" height=\"800\" src=\"https:\/\/www.usborkeychain.com\/wp-content\/uploads\/USB-memory-ballpoint-pen-metal-1.jpg\" class=\"wp-image-5449\" srcset=\"https:\/\/www.usborkeychain.com\/wp-content\/uploads\/USB-memory-ballpoint-pen-metal-1.jpg 800w, https:\/\/www.usborkeychain.com\/wp-content\/uploads\/USB-memory-ballpoint-pen-metal-1-300x300.jpg 300w, https:\/\/www.usborkeychain.com\/wp-content\/uploads\/USB-memory-ballpoint-pen-metal-1-150x150.jpg 150w, https:\/\/www.usborkeychain.com\/wp-content\/uploads\/USB-memory-ballpoint-pen-metal-1-768x768.jpg 768w, https:\/\/www.usborkeychain.com\/wp-content\/uploads\/USB-memory-ballpoint-pen-metal-1-12x12.jpg 12w, https:\/\/www.usborkeychain.com\/wp-content\/uploads\/USB-memory-ballpoint-pen-metal-1-600x600.jpg 600w, https:\/\/www.usborkeychain.com\/wp-content\/uploads\/USB-memory-ballpoint-pen-metal-1-100x100.jpg 100w\" sizes=\"(max-width: 800px) 100vw, 800px\" \/><\/figure>\n<\/div>\n<\/div>\n\n\n\n<h2 class=\"wp-block-heading\">Services personnalisables<\/h2>\n\n\n\n<div class=\"wp-block-columns is-layout-flex wp-container-core-columns-is-layout-28f84493 wp-block-columns-is-layout-flex\">\n<div class=\"wp-block-column is-vertically-aligned-center is-layout-flow wp-block-column-is-layout-flow\">\n<figure class=\"wp-block-image size-full\"><img alt=\"\" loading=\"lazy\" decoding=\"async\" width=\"800\" height=\"800\" src=\"https:\/\/www.usborkeychain.com\/wp-content\/uploads\/Ballpoint-Pen-USB-Memory.jpg\" class=\"wp-image-5444\" srcset=\"https:\/\/www.usborkeychain.com\/wp-content\/uploads\/Ballpoint-Pen-USB-Memory.jpg 800w, https:\/\/www.usborkeychain.com\/wp-content\/uploads\/Ballpoint-Pen-USB-Memory-300x300.jpg 300w, https:\/\/www.usborkeychain.com\/wp-content\/uploads\/Ballpoint-Pen-USB-Memory-150x150.jpg 150w, https:\/\/www.usborkeychain.com\/wp-content\/uploads\/Ballpoint-Pen-USB-Memory-768x768.jpg 768w, https:\/\/www.usborkeychain.com\/wp-content\/uploads\/Ballpoint-Pen-USB-Memory-12x12.jpg 12w, https:\/\/www.usborkeychain.com\/wp-content\/uploads\/Ballpoint-Pen-USB-Memory-600x600.jpg 600w, https:\/\/www.usborkeychain.com\/wp-content\/uploads\/Ballpoint-Pen-USB-Memory-100x100.jpg 100w\" sizes=\"(max-width: 800px) 100vw, 800px\" \/><\/figure>\n<\/div>\n\n\n\n<div class=\"wp-block-column is-vertically-aligned-center is-layout-flow wp-block-column-is-layout-flow\">\n<h3 class=\"wp-block-heading\">Personnalisation de la gravure<\/h3>\n\n\n\n<ul class=\"wp-block-list\">\n<li><strong>Personnalisation<\/strong>: La gravure au laser de noms ou de surnoms sur le corps du stylo permet de renforcer le sentiment d'exclusivit\u00e9 et d'\u00e9viter les confusions d'objets.<\/li>\n\n\n\n<li><strong>Personnalisation de l'entreprise<\/strong>: Offre la possibilit\u00e9 de graver en masse des logos et des slogans de marque. Utilis\u00e9s comme cadeaux d'affaires, ils assurent la \"promotion mobile de la marque\", renfor\u00e7ant la reconnaissance de la marque et le pouvoir de communication.<\/li>\n<\/ul>\n\n\n\n<h3 class=\"wp-block-heading\">Personnalisation des couleurs et des sc\u00e9narios<\/h3>\n\n\n\n<ul class=\"wp-block-list\">\n<li><strong>Couleurs du corps du stylo<\/strong>: Disponible en plusieurs couleurs telles que le noir, le blanc et le bleu, pour r\u00e9pondre aux pr\u00e9f\u00e9rences personnelles ou aux besoins de personnalisation de l'identit\u00e9 visuelle de l'entreprise.<\/li>\n\n\n\n<li><strong>Personnalisation ax\u00e9e sur les cadeaux<\/strong>: Livr\u00e9 dans une bo\u00eete cadeau assortie, il convient aux souvenirs d'entreprise, aux cadeaux d'entreprise, etc.<\/li>\n<\/ul>\n<\/div>\n<\/div>\n\n\n\n<h2 class=\"wp-block-heading\">Param\u00e8tres de base de la cl\u00e9 USB<\/h2>\n\n\n\n<figure class=\"wp-block-table\"><table class=\"has-fixed-layout\"><thead><tr><th>Param\u00e8tre Poste<\/th><th>Sp\u00e9cifications techniques<\/th><\/tr><\/thead><tbody><tr><td>Capacit\u00e9 de stockage<\/td><td>8GB\/16GB\/32GB\/64GB\/128GB<\/td><\/tr><tr><td>Dimensions<\/td><td>\u03a617mm \u00d7 132mm<\/td><\/tr><tr><td>Poids du produit<\/td><td>28g\u00b11g <\/td><\/tr><tr><td>Type d'interface<\/td><td>USB 2.0 (compatible avec USB 3.0, plug-and-play)<\/td><\/tr><tr><td>Mat\u00e9riau du corps du stylo<\/td><td>M\u00e9tal (corps du stylo) + caoutchouc noir (bo\u00eetier de protection de la cl\u00e9 USB)<\/td><\/tr><tr><td>Syst\u00e8me d'\u00e9criture<\/td><td>Recharge pour stylo \u00e0 bille (extension de la plume rotative, compatible avec les recharges standard)<\/td><\/tr><tr><td>Gamme de personnalisation<\/td><td>LOGO\/gravure, couleur du corps du stylo, solutions d'emballage<\/td><\/tr><\/tbody><\/table><\/figure>\n\n\n\n<h2 class=\"wp-block-heading\">Occasions applicables<\/h2>\n\n\n\n<div class=\"wp-block-columns is-layout-flex wp-container-core-columns-is-layout-28f84493 wp-block-columns-is-layout-flex\">\n<div class=\"wp-block-column is-vertically-aligned-center is-layout-flow wp-block-column-is-layout-flow\">\n<h3 class=\"wp-block-heading\">R\u00e9unions d'affaires<\/h3>\n\n\n\n<ul class=\"wp-block-list\">\n<li>Stocke les documents de r\u00e9union et les diapositives de pr\u00e9sentation, pr\u00eats \u00e0 \u00eatre partag\u00e9s \u00e0 tout moment via la cl\u00e9 USB ; pivote pour allonger la plume afin de noter les points cl\u00e9s, l'agrafe m\u00e9tallique du stylo permettant de le fixer au dossier de la r\u00e9union, afin de conserver une image professionnelle.<\/li>\n<\/ul>\n\n\n\n<h3 class=\"wp-block-heading\">Travail de bureau quotidien<\/h3>\n\n\n\n<ul class=\"wp-block-list\">\n<li>Permet l'int\u00e9gration transparente du transfert de fichiers et des notes manuscrites, r\u00e9duisant ainsi l'encombrement du bureau.<\/li>\n<\/ul>\n\n\n\n<h3 class=\"wp-block-heading\">Cadeaux d'entreprise<\/h3>\n\n\n\n<ul class=\"wp-block-list\">\n<li>Les logos personnalis\u00e9s associ\u00e9s \u00e0 des emballages exclusifs constituent des cadeaux de remerciement pour les clients ou des avantages pour les employ\u00e9s, car ils sont pratiques tout en mettant en \u00e9vidence la force de la marque. <\/li>\n<\/ul>\n<\/div>\n\n\n\n<div class=\"wp-block-column is-vertically-aligned-center is-layout-flow wp-block-column-is-layout-flow\">\n<figure class=\"wp-block-image size-full\"><img alt=\"\" loading=\"lazy\" decoding=\"async\" width=\"800\" height=\"800\" src=\"https:\/\/www.usborkeychain.com\/wp-content\/uploads\/Ballpoint-pens-with-usb-3.jpg\" class=\"wp-image-5458\" srcset=\"https:\/\/www.usborkeychain.com\/wp-content\/uploads\/Ballpoint-pens-with-usb-3.jpg 800w, https:\/\/www.usborkeychain.com\/wp-content\/uploads\/Ballpoint-pens-with-usb-3-300x300.jpg 300w, https:\/\/www.usborkeychain.com\/wp-content\/uploads\/Ballpoint-pens-with-usb-3-150x150.jpg 150w, https:\/\/www.usborkeychain.com\/wp-content\/uploads\/Ballpoint-pens-with-usb-3-768x768.jpg 768w, https:\/\/www.usborkeychain.com\/wp-content\/uploads\/Ballpoint-pens-with-usb-3-12x12.jpg 12w, https:\/\/www.usborkeychain.com\/wp-content\/uploads\/Ballpoint-pens-with-usb-3-600x600.jpg 600w, https:\/\/www.usborkeychain.com\/wp-content\/uploads\/Ballpoint-pens-with-usb-3-100x100.jpg 100w\" sizes=\"(max-width: 800px) 100vw, 800px\" \/><\/figure>\n<\/div>\n<\/div>\n\n\n\n<p>Le <strong>Stylo \u00e0 bille 2-en-1 Cl\u00e9 USB<\/strong> est ax\u00e9 sur \"l'aspect professionnel + l'int\u00e9gration de la double fonction\", combinant le design en forme de stylo en caoutchouc noir court avec l'artisanat du m\u00e9tal. Il r\u00e9pond non seulement aux besoins num\u00e9riques en mati\u00e8re de stockage de donn\u00e9es, mais conserve \u00e9galement la fonction d'\u00e9criture inh\u00e9rente \u00e0 un stylo \u00e0 bille. Plus qu'un simple outil, il s'agit d'une \"carte de visite professionnelle\" qui am\u00e9liore l'efficacit\u00e9 et met en valeur le style.<\/p>","protected":false},"excerpt":{"rendered":"<ul>\n<li>Stylo \u00e0 bille Cl\u00e9 USB 2-en-1<\/li>\n<li>Personnalisation LOGO&amp;color&amp;package<\/li>\n<li>Artisanat du m\u00e9tal<\/li>\n<li>Stylo multifonctionnel<\/li>\n<li>MOQ:100pcs<\/li>\n<\/ul>","protected":false},"featured_media":5447,"comment_status":"open","ping_status":"closed","template":"","meta":{"_seopress_robots_primary_cat":"","_seopress_titles_title":"","_seopress_titles_desc":"","_seopress_robots_index":"","site-sidebar-layout":"default","site-content-layout":"","ast-site-content-layout":"","site-content-style":"default","site-sidebar-style":"default","ast-global-header-display":"","ast-banner-title-visibility":"","ast-main-header-display":"","ast-hfb-above-header-display":"","ast-hfb-below-header-display":"","ast-hfb-mobile-header-display":"","site-post-title":"","ast-breadcrumbs-content":"","ast-featured-img":"","footer-sml-layout":"","theme-transparent-header-meta":"","adv-header-id-meta":"","stick-header-meta":"","header-above-stick-meta":"","header-main-stick-meta":"","header-below-stick-meta":"","astra-migrate-meta-layouts":"default","ast-page-background-enabled":"default","ast-page-background-meta":{"desktop":{"background-color":"var(--ast-global-color-5)","background-image":"","background-repeat":"repeat","background-position":"center center","background-size":"auto","background-attachment":"scroll","background-type":"","background-media":"","overlay-type":"","overlay-color":"","overlay-opacity":"","overlay-gradient":""},"tablet":{"background-color":"","background-image":"","background-repeat":"repeat","background-position":"center center","background-size":"auto","background-attachment":"scroll","background-type":"","background-media":"","overlay-type":"","overlay-color":"","overlay-opacity":"","overlay-gradient":""},"mobile":{"background-color":"","background-image":"","background-repeat":"repeat","background-position":"center center","background-size":"auto","background-attachment":"scroll","background-type":"","background-media":"","overlay-type":"","overlay-color":"","overlay-opacity":"","overlay-gradient":""}},"ast-content-background-meta":{"desktop":{"background-color":"var(--ast-global-color-4)","background-image":"","background-repeat":"repeat","background-position":"center center","background-size":"auto","background-attachment":"scroll","background-type":"","background-media":"","overlay-type":"","overlay-color":"","overlay-opacity":"","overlay-gradient":""},"tablet":{"background-color":"var(--ast-global-color-4)","background-image":"","background-repeat":"repeat","background-position":"center center","background-size":"auto","background-attachment":"scroll","background-type":"","background-media":"","overlay-type":"","overlay-color":"","overlay-opacity":"","overlay-gradient":""},"mobile":{"background-color":"var(--ast-global-color-4)","background-image":"","background-repeat":"repeat","background-position":"center center","background-size":"auto","background-attachment":"scroll","background-type":"","background-media":"","overlay-type":"","overlay-color":"","overlay-opacity":"","overlay-gradient":""}}},"product_brand":[],"product_cat":[100],"product_tag":[334,324],"class_list":{"0":"post-5403","1":"product","2":"type-product","3":"status-publish","4":"has-post-thumbnail","6":"product_cat-usb-drive-with-pen","7":"product_tag-2-in-1-ballpoint-pen-usb-drive-2","8":"product_tag-ballpoint-usb-flash-drive-pen","9":"desktop-align-left","10":"tablet-align-left","11":"mobile-align-left","13":"first","14":"instock","15":"shipping-taxable","16":"product-type-simple"},"_links":{"self":[{"href":"https:\/\/www.usborkeychain.com\/fr\/wp-json\/wp\/v2\/product\/5403","targetHints":{"allow":["GET"]}}],"collection":[{"href":"https:\/\/www.usborkeychain.com\/fr\/wp-json\/wp\/v2\/product"}],"about":[{"href":"https:\/\/www.usborkeychain.com\/fr\/wp-json\/wp\/v2\/types\/product"}],"replies":[{"embeddable":true,"href":"https:\/\/www.usborkeychain.com\/fr\/wp-json\/wp\/v2\/comments?post=5403"}],"wp:featuredmedia":[{"embeddable":true,"href":"https:\/\/www.usborkeychain.com\/fr\/wp-json\/wp\/v2\/media\/5447"}],"wp:attachment":[{"href":"https:\/\/www.usborkeychain.com\/fr\/wp-json\/wp\/v2\/media?parent=5403"}],"wp:term":[{"taxonomy":"product_brand","embeddable":true,"href":"https:\/\/www.usborkeychain.com\/fr\/wp-json\/wp\/v2\/product_brand?post=5403"},{"taxonomy":"product_cat","embeddable":true,"href":"https:\/\/www.usborkeychain.com\/fr\/wp-json\/wp\/v2\/product_cat?post=5403"},{"taxonomy":"product_tag","embeddable":true,"href":"https:\/\/www.usborkeychain.com\/fr\/wp-json\/wp\/v2\/product_tag?post=5403"}],"curies":[{"name":"wp","href":"https:\/\/api.w.org\/{rel}","templated":true}]}}