{"id":5479,"date":"2025-08-01T02:07:23","date_gmt":"2025-08-01T02:07:23","guid":{"rendered":"https:\/\/www.usborkeychain.com\/?post_type=product&#038;p=5479"},"modified":"2025-08-01T02:53:01","modified_gmt":"2025-08-01T02:53:01","slug":"six-hole-pen-usb-flash-drive","status":"publish","type":"product","link":"https:\/\/www.usborkeychain.com\/fr\/produit\/six-hole-pen-usb-flash-drive\/","title":{"rendered":"Cl\u00e9 USB \u00e0 stylo \u00e0 six trous"},"content":{"rendered":"<div class=\"wp-block-columns is-layout-flex wp-container-core-columns-is-layout-28f84493 wp-block-columns-is-layout-flex\">\n<div class=\"wp-block-column is-vertically-aligned-center is-layout-flow wp-block-column-is-layout-flow\">\n<h2 class=\"wp-block-heading\">Qu'est-ce qu'une cl\u00e9 USB \u00e0 six trous ?<\/h2>\n\n\n\n<p>Le <strong>Cl\u00e9 USB \u00e0 stylo \u00e0 six trous<\/strong> est un projet innovant de <strong>Stylo USB 2 en 1<\/strong> qui combine de mani\u00e8re transparente l'\u00e9criture au stylo \u00e0 bille et la fonctionnalit\u00e9 de stockage de donn\u00e9es USB. Le corps du stylo pr\u00e9sente un design unique \u00e0 six trous, avec une reconnaissance visuelle \u00e9lev\u00e9e et une texture m\u00e9tallique solide. <\/p>\n\n\n\n<p>Il r\u00e9pond non seulement aux besoins d'\u00e9criture quotidiens, mais permet \u00e9galement le stockage et la lecture instantan\u00e9s de fichiers, ce qui permet de r\u00e9aliser le principe \"un stylo en main, un travail de bureau sans souci\".<\/p>\n<\/div>\n\n\n\n<div class=\"wp-block-column is-vertically-aligned-center is-layout-flow wp-block-column-is-layout-flow\">\n<figure class=\"wp-block-image size-full\"><img alt=\"\" fetchpriority=\"high\" decoding=\"async\" width=\"800\" height=\"800\" src=\"https:\/\/www.usborkeychain.com\/wp-content\/uploads\/Custom-Zinc-Alloy-Metal-Pen-USB-Flash-Drive.jpg\" class=\"wp-image-5482\" srcset=\"https:\/\/www.usborkeychain.com\/wp-content\/uploads\/Custom-Zinc-Alloy-Metal-Pen-USB-Flash-Drive.jpg 800w, https:\/\/www.usborkeychain.com\/wp-content\/uploads\/Custom-Zinc-Alloy-Metal-Pen-USB-Flash-Drive-300x300.jpg 300w, https:\/\/www.usborkeychain.com\/wp-content\/uploads\/Custom-Zinc-Alloy-Metal-Pen-USB-Flash-Drive-150x150.jpg 150w, https:\/\/www.usborkeychain.com\/wp-content\/uploads\/Custom-Zinc-Alloy-Metal-Pen-USB-Flash-Drive-768x768.jpg 768w, https:\/\/www.usborkeychain.com\/wp-content\/uploads\/Custom-Zinc-Alloy-Metal-Pen-USB-Flash-Drive-12x12.jpg 12w, https:\/\/www.usborkeychain.com\/wp-content\/uploads\/Custom-Zinc-Alloy-Metal-Pen-USB-Flash-Drive-600x600.jpg 600w, https:\/\/www.usborkeychain.com\/wp-content\/uploads\/Custom-Zinc-Alloy-Metal-Pen-USB-Flash-Drive-100x100.jpg 100w\" sizes=\"(max-width: 800px) 100vw, 800px\" \/><\/figure>\n<\/div>\n<\/div>\n\n\n\n<h2 class=\"wp-block-heading\">Caract\u00e9ristiques du stylo cl\u00e9 USB \u00e0 six trous<\/h2>\n\n\n\n<div class=\"wp-block-columns is-layout-flex wp-container-core-columns-is-layout-28f84493 wp-block-columns-is-layout-flex\">\n<div class=\"wp-block-column is-vertically-aligned-center is-layout-flow wp-block-column-is-layout-flow\">\n<figure class=\"wp-block-image size-full\"><img alt=\"\" decoding=\"async\" width=\"750\" height=\"750\" src=\"https:\/\/www.usborkeychain.com\/wp-content\/uploads\/Stylus-Pen-USB-Drive.jpg\" class=\"wp-image-5477\" srcset=\"https:\/\/www.usborkeychain.com\/wp-content\/uploads\/Stylus-Pen-USB-Drive.jpg 750w, https:\/\/www.usborkeychain.com\/wp-content\/uploads\/Stylus-Pen-USB-Drive-300x300.jpg 300w, https:\/\/www.usborkeychain.com\/wp-content\/uploads\/Stylus-Pen-USB-Drive-150x150.jpg 150w, https:\/\/www.usborkeychain.com\/wp-content\/uploads\/Stylus-Pen-USB-Drive-12x12.jpg 12w, https:\/\/www.usborkeychain.com\/wp-content\/uploads\/Stylus-Pen-USB-Drive-600x600.jpg 600w, https:\/\/www.usborkeychain.com\/wp-content\/uploads\/Stylus-Pen-USB-Drive-100x100.jpg 100w\" sizes=\"(max-width: 750px) 100vw, 750px\" \/><\/figure>\n<\/div>\n\n\n\n<div class=\"wp-block-column is-vertically-aligned-center is-layout-flow wp-block-column-is-layout-flow\">\n<p><strong>Excellente exp\u00e9rience de la r\u00e9daction :<\/strong><\/p>\n\n\n\n<ol class=\"wp-block-list\"><\/ol>\n\n\n\n<ul class=\"wp-block-list\">\n<li>Corps du stylo en m\u00e9tal m\u00e9ticuleusement travaill\u00e9, offrant une prise en main stable et une texture durable.<\/li>\n\n\n\n<li>Pointe en carbure de tungst\u00e8ne import\u00e9, d'une grande duret\u00e9 et d'une r\u00e9sistance accrue \u00e0 l'usure, garantissant qu'elle reste comme neuve pendant une longue p\u00e9riode.<\/li>\n\n\n\n<li>La formule d'encre unique facilite l'\u00e9criture en douceur, avec des marques d'encre uniformes et \u00e0 s\u00e9chage rapide, \u00e9vitant la rupture de l'encre et les bavures.<\/li>\n\n\n\n<li>La conception de la pointe du stylo rotatif permet de contr\u00f4ler d'un seul doigt l'extension et la r\u00e9traction, ce qui est pratique et doux.<\/li>\n<\/ul>\n<\/div>\n<\/div>\n\n\n\n<div class=\"wp-block-columns is-layout-flex wp-container-core-columns-is-layout-28f84493 wp-block-columns-is-layout-flex\">\n<div class=\"wp-block-column is-vertically-aligned-center is-layout-flow wp-block-column-is-layout-flow\">\n<figure class=\"wp-block-image size-full\"><img alt=\"\" decoding=\"async\" width=\"800\" height=\"800\" src=\"https:\/\/www.usborkeychain.com\/wp-content\/uploads\/Pen-Custom-Flash-Drives.jpg\" class=\"wp-image-5484\" srcset=\"https:\/\/www.usborkeychain.com\/wp-content\/uploads\/Pen-Custom-Flash-Drives.jpg 800w, https:\/\/www.usborkeychain.com\/wp-content\/uploads\/Pen-Custom-Flash-Drives-300x300.jpg 300w, https:\/\/www.usborkeychain.com\/wp-content\/uploads\/Pen-Custom-Flash-Drives-150x150.jpg 150w, https:\/\/www.usborkeychain.com\/wp-content\/uploads\/Pen-Custom-Flash-Drives-768x768.jpg 768w, https:\/\/www.usborkeychain.com\/wp-content\/uploads\/Pen-Custom-Flash-Drives-12x12.jpg 12w, https:\/\/www.usborkeychain.com\/wp-content\/uploads\/Pen-Custom-Flash-Drives-600x600.jpg 600w, https:\/\/www.usborkeychain.com\/wp-content\/uploads\/Pen-Custom-Flash-Drives-100x100.jpg 100w\" sizes=\"(max-width: 800px) 100vw, 800px\" \/><\/figure>\n<\/div>\n\n\n\n<div class=\"wp-block-column is-vertically-aligned-center is-layout-flow wp-block-column-is-layout-flow\">\n<ol start=\"2\" class=\"wp-block-list\">\n<li>Stockage efficace et pratique :<\/li>\n<\/ol>\n\n\n\n<ul class=\"wp-block-list\">\n<li>Les composants principaux de la cl\u00e9 USB int\u00e9gr\u00e9e sont astucieusement dissimul\u00e9s dans le corps du stylo sans compromettre l'int\u00e9grit\u00e9 de son apparence.<\/li>\n\n\n\n<li>Les fichiers importants, les documents de pr\u00e9sentation et les documents contractuels sont facilement accessibles, ce qui permet d'atteindre facilement le niveau \"documents et mat\u00e9riels emport\u00e9s avec soi\".<\/li>\n\n\n\n<li>Le design exquis de l'agrafe \u00e0 stylo permet de l'accrocher en toute s\u00e9curit\u00e9 aux poches, aux cahiers ou aux dossiers pour une portabilit\u00e9 facile.<\/li>\n\n\n\n<li>La forme g\u00e9n\u00e9rale est \u00e9l\u00e9gante et rationalis\u00e9e, mettant pleinement en valeur un temp\u00e9rament professionnel \u00e9l\u00e9gant et sophistiqu\u00e9.<\/li>\n<\/ul>\n<\/div>\n<\/div>\n\n\n\n<h2 class=\"wp-block-heading\">Permet-il de personnaliser le LOGO ?<\/h2>\n\n\n\n<div class=\"wp-block-columns is-layout-flex wp-container-core-columns-is-layout-28f84493 wp-block-columns-is-layout-flex\">\n<div class=\"wp-block-column is-vertically-aligned-center is-layout-flow wp-block-column-is-layout-flow\">\n<p>Le<strong> Cl\u00e9 USB \u00e0 stylo \u00e0 six trous<\/strong> prend en charge les LOGO personnalis\u00e9s. Gr\u00e2ce \u00e0 la technologie de gravure au laser, les logos d'entreprise et les noms de marque sont affich\u00e9s avec pr\u00e9cision sur le corps du stylo. <\/p>\n\n\n\n<p>Cadeau d'affaires, souvenir d'un \u00e9v\u00e9nement d'entreprise ou \u00e9quipement de bureau quotidien pour les employ\u00e9s, chaque utilisation pour l'\u00e9criture ou comme cl\u00e9 USB renforce la visibilit\u00e9 de la marque, r\u00e9alisant l'effet marketing \"une personnalisation, une promotion \u00e0 long terme\".<\/p>\n\n\n\n<p> Il s'agit d'un outil efficace permettant aux entreprises d'am\u00e9liorer la reconnaissance de leur marque.<\/p>\n<\/div>\n\n\n\n<div class=\"wp-block-column is-vertically-aligned-center is-layout-flow wp-block-column-is-layout-flow\">\n<figure class=\"wp-block-image size-full\"><img alt=\"\" loading=\"lazy\" decoding=\"async\" width=\"800\" height=\"800\" src=\"https:\/\/www.usborkeychain.com\/wp-content\/uploads\/Pen-USB-Flash-Drive.jpg\" class=\"wp-image-5485\" srcset=\"https:\/\/www.usborkeychain.com\/wp-content\/uploads\/Pen-USB-Flash-Drive.jpg 800w, https:\/\/www.usborkeychain.com\/wp-content\/uploads\/Pen-USB-Flash-Drive-300x300.jpg 300w, https:\/\/www.usborkeychain.com\/wp-content\/uploads\/Pen-USB-Flash-Drive-150x150.jpg 150w, https:\/\/www.usborkeychain.com\/wp-content\/uploads\/Pen-USB-Flash-Drive-768x768.jpg 768w, https:\/\/www.usborkeychain.com\/wp-content\/uploads\/Pen-USB-Flash-Drive-12x12.jpg 12w, https:\/\/www.usborkeychain.com\/wp-content\/uploads\/Pen-USB-Flash-Drive-600x600.jpg 600w, https:\/\/www.usborkeychain.com\/wp-content\/uploads\/Pen-USB-Flash-Drive-100x100.jpg 100w\" sizes=\"(max-width: 800px) 100vw, 800px\" \/><\/figure>\n<\/div>\n<\/div>\n\n\n\n<h2 class=\"wp-block-heading\">Param\u00e8tres de base du stylo \u00e0 m\u00e9moire flash USB \u00e0 six trous<\/h2>\n\n\n\n<figure class=\"wp-block-table\"><table class=\"has-fixed-layout\"><thead><tr><th>Param\u00e8tre Poste<\/th><th>D\u00e9tails<\/th><\/tr><\/thead><tbody><tr><td>Capacit\u00e9 de stockage<\/td><td>16G, 32G, 64G, 128G<\/td><\/tr><tr><td>Dimensions (Longueur * Diam\u00e8tre)<\/td><td>144mm * \u03a615mm<\/td><\/tr><tr><td>Poids du produit<\/td><td>35g<\/td><\/tr><tr><td>Mat\u00e9riau du corps du stylo<\/td><td>M\u00e9tal (corps principal) + carbure de tungst\u00e8ne (pointe de la bille)<\/td><\/tr><tr><td>Couleurs personnalis\u00e9es<\/td><td>Plusieurs options : rouge, noir, argent, etc.<\/td><\/tr><tr><td>Norme d'interface USB<\/td><td>USB2.0\/USB3.0<\/td><\/tr><tr><td>Caract\u00e9ristiques de l'encre d'\u00e9criture<\/td><td>S\u00e9chage rapide, r\u00e9sistance \u00e0 l'usure, largeur de ligne de 0,5 mm<\/td><\/tr><\/tbody><\/table><\/figure>\n\n\n\n<h2 class=\"wp-block-heading\">Utilisateurs cibles<\/h2>\n\n\n\n<div class=\"wp-block-columns is-layout-flex wp-container-core-columns-is-layout-28f84493 wp-block-columns-is-layout-flex\">\n<div class=\"wp-block-column is-vertically-aligned-center is-layout-flow wp-block-column-is-layout-flow\">\n<figure class=\"wp-block-image size-full\"><img alt=\"\" loading=\"lazy\" decoding=\"async\" width=\"800\" height=\"800\" src=\"https:\/\/www.usborkeychain.com\/wp-content\/uploads\/Portable-Metallic-Pen-USB-Flash-Drive.jpg\" class=\"wp-image-5486\" srcset=\"https:\/\/www.usborkeychain.com\/wp-content\/uploads\/Portable-Metallic-Pen-USB-Flash-Drive.jpg 800w, https:\/\/www.usborkeychain.com\/wp-content\/uploads\/Portable-Metallic-Pen-USB-Flash-Drive-300x300.jpg 300w, https:\/\/www.usborkeychain.com\/wp-content\/uploads\/Portable-Metallic-Pen-USB-Flash-Drive-150x150.jpg 150w, https:\/\/www.usborkeychain.com\/wp-content\/uploads\/Portable-Metallic-Pen-USB-Flash-Drive-768x768.jpg 768w, https:\/\/www.usborkeychain.com\/wp-content\/uploads\/Portable-Metallic-Pen-USB-Flash-Drive-12x12.jpg 12w, https:\/\/www.usborkeychain.com\/wp-content\/uploads\/Portable-Metallic-Pen-USB-Flash-Drive-600x600.jpg 600w, https:\/\/www.usborkeychain.com\/wp-content\/uploads\/Portable-Metallic-Pen-USB-Flash-Drive-100x100.jpg 100w\" sizes=\"(max-width: 800px) 100vw, 800px\" \/><\/figure>\n<\/div>\n\n\n\n<div class=\"wp-block-column is-vertically-aligned-center is-layout-flow wp-block-column-is-layout-flow\">\n<ul class=\"wp-block-list\">\n<li>L'\u00e9lite des entreprises et les professionnels : Cadres, consultants en vente, avocats, conf\u00e9renciers, etc.<\/li>\n\n\n\n<li>Cadeaux d'entreprise et renforcement de l'image de marque :\n<ul class=\"wp-block-list\">\n<li>Cadeaux d'affaires personnalis\u00e9s haut de gamme : Pour r\u00e9compenser les employ\u00e9s, remercier les clients ou offrir des cadeaux aux partenaires. Un emballage personnalis\u00e9 de qualit\u00e9 sup\u00e9rieure est disponible.<\/li>\n\n\n\n<li>Promotion mobile efficace de la marque : Offrir des produits grav\u00e9s avec le LOGO de l'entreprise \u00e0 des clients ou \u00e0 des partenaires garantit une exposition continue de la marque.<\/li>\n<\/ul>\n<\/li>\n\n\n\n<li>Conf\u00e9rences et \u00e9v\u00e9nements de haut niveau : Souvenirs id\u00e9aux ou cadeaux d'invit\u00e9s pour les forums professionnels, les c\u00e9r\u00e9monies de signature, les conf\u00e9rences de presse et autres occasions.<\/li>\n<\/ul>\n<\/div>\n<\/div>\n\n\n\n<div class=\"wp-block-columns is-layout-flex wp-container-core-columns-is-layout-28f84493 wp-block-columns-is-layout-flex\">\n<div class=\"wp-block-column is-vertically-aligned-center is-layout-flow wp-block-column-is-layout-flow\">\n<p>Le <strong>Six trous <strong>Stylo<\/strong> Cl\u00e9 USB<\/strong> franchit les limites fonctionnelles des outils de bureautique avec sa fonction \"<strong>2 en 1<\/strong>Il s'agit d'une conception \" \u00e0 la carte \". De la fluidit\u00e9 de l'\u00e9criture \u00e0 l'efficacit\u00e9 du stockage des donn\u00e9es, du marketing personnalis\u00e9 \u00e0 la portabilit\u00e9, il r\u00e9pond parfaitement aux besoins des entreprises. <\/p>\n\n\n\n<p>Que ce soit pour les personnes soucieuses d'efficacit\u00e9 ou pour les entreprises soucieuses de leur image de marque, cette cl\u00e9 USB de type stylo peut devenir un \"champion de l'efficacit\u00e9\" et une \"carte de visite de la marque\" sur le bureau.<\/p>\n<\/div>\n\n\n\n<div class=\"wp-block-column is-vertically-aligned-center is-layout-flow wp-block-column-is-layout-flow\">\n<figure class=\"wp-block-image size-full\"><img alt=\"\" loading=\"lazy\" decoding=\"async\" width=\"800\" height=\"800\" src=\"https:\/\/www.usborkeychain.com\/wp-content\/uploads\/Metal-lic-Pen-USB.jpg\" class=\"wp-image-5483\" srcset=\"https:\/\/www.usborkeychain.com\/wp-content\/uploads\/Metal-lic-Pen-USB.jpg 800w, https:\/\/www.usborkeychain.com\/wp-content\/uploads\/Metal-lic-Pen-USB-300x300.jpg 300w, https:\/\/www.usborkeychain.com\/wp-content\/uploads\/Metal-lic-Pen-USB-150x150.jpg 150w, https:\/\/www.usborkeychain.com\/wp-content\/uploads\/Metal-lic-Pen-USB-768x768.jpg 768w, https:\/\/www.usborkeychain.com\/wp-content\/uploads\/Metal-lic-Pen-USB-12x12.jpg 12w, https:\/\/www.usborkeychain.com\/wp-content\/uploads\/Metal-lic-Pen-USB-600x600.jpg 600w, https:\/\/www.usborkeychain.com\/wp-content\/uploads\/Metal-lic-Pen-USB-100x100.jpg 100w\" sizes=\"(max-width: 800px) 100vw, 800px\" \/><\/figure>\n<\/div>\n<\/div>","protected":false},"excerpt":{"rendered":"<ul>\n<li>Cl\u00e9 USB avec stylo<\/li>\n<li>Cl\u00e9 USB \u00e0 six trous<\/li>\n<li>Emballage cadeau premium personnalis\u00e9<\/li>\n<li>LOGO personnalis\u00e9<\/li>\n<li>MOQ:100pcs<\/li>\n<\/ul>","protected":false},"featured_media":5482,"comment_status":"open","ping_status":"closed","template":"","meta":{"_seopress_robots_primary_cat":"","_seopress_titles_title":"","_seopress_titles_desc":"","_seopress_robots_index":"","site-sidebar-layout":"default","site-content-layout":"","ast-site-content-layout":"","site-content-style":"default","site-sidebar-style":"default","ast-global-header-display":"","ast-banner-title-visibility":"","ast-main-header-display":"","ast-hfb-above-header-display":"","ast-hfb-below-header-display":"","ast-hfb-mobile-header-display":"","site-post-title":"","ast-breadcrumbs-content":"","ast-featured-img":"","footer-sml-layout":"","theme-transparent-header-meta":"","adv-header-id-meta":"","stick-header-meta":"","header-above-stick-meta":"","header-main-stick-meta":"","header-below-stick-meta":"","astra-migrate-meta-layouts":"default","ast-page-background-enabled":"default","ast-page-background-meta":{"desktop":{"background-color":"var(--ast-global-color-5)","background-image":"","background-repeat":"repeat","background-position":"center center","background-size":"auto","background-attachment":"scroll","background-type":"","background-media":"","overlay-type":"","overlay-color":"","overlay-opacity":"","overlay-gradient":""},"tablet":{"background-color":"","background-image":"","background-repeat":"repeat","background-position":"center center","background-size":"auto","background-attachment":"scroll","background-type":"","background-media":"","overlay-type":"","overlay-color":"","overlay-opacity":"","overlay-gradient":""},"mobile":{"background-color":"","background-image":"","background-repeat":"repeat","background-position":"center center","background-size":"auto","background-attachment":"scroll","background-type":"","background-media":"","overlay-type":"","overlay-color":"","overlay-opacity":"","overlay-gradient":""}},"ast-content-background-meta":{"desktop":{"background-color":"var(--ast-global-color-4)","background-image":"","background-repeat":"repeat","background-position":"center center","background-size":"auto","background-attachment":"scroll","background-type":"","background-media":"","overlay-type":"","overlay-color":"","overlay-opacity":"","overlay-gradient":""},"tablet":{"background-color":"var(--ast-global-color-4)","background-image":"","background-repeat":"repeat","background-position":"center center","background-size":"auto","background-attachment":"scroll","background-type":"","background-media":"","overlay-type":"","overlay-color":"","overlay-opacity":"","overlay-gradient":""},"mobile":{"background-color":"var(--ast-global-color-4)","background-image":"","background-repeat":"repeat","background-position":"center center","background-size":"auto","background-attachment":"scroll","background-type":"","background-media":"","overlay-type":"","overlay-color":"","overlay-opacity":"","overlay-gradient":""}}},"product_brand":[],"product_cat":[100],"product_tag":[324,338],"class_list":{"0":"post-5479","1":"product","2":"type-product","3":"status-publish","4":"has-post-thumbnail","6":"product_cat-usb-drive-with-pen","7":"product_tag-ballpoint-usb-flash-drive-pen","8":"product_tag-six-hole-pen-usb-flash-drive","9":"desktop-align-left","10":"tablet-align-left","11":"mobile-align-left","13":"first","14":"instock","15":"shipping-taxable","16":"product-type-simple"},"_links":{"self":[{"href":"https:\/\/www.usborkeychain.com\/fr\/wp-json\/wp\/v2\/product\/5479","targetHints":{"allow":["GET"]}}],"collection":[{"href":"https:\/\/www.usborkeychain.com\/fr\/wp-json\/wp\/v2\/product"}],"about":[{"href":"https:\/\/www.usborkeychain.com\/fr\/wp-json\/wp\/v2\/types\/product"}],"replies":[{"embeddable":true,"href":"https:\/\/www.usborkeychain.com\/fr\/wp-json\/wp\/v2\/comments?post=5479"}],"wp:featuredmedia":[{"embeddable":true,"href":"https:\/\/www.usborkeychain.com\/fr\/wp-json\/wp\/v2\/media\/5482"}],"wp:attachment":[{"href":"https:\/\/www.usborkeychain.com\/fr\/wp-json\/wp\/v2\/media?parent=5479"}],"wp:term":[{"taxonomy":"product_brand","embeddable":true,"href":"https:\/\/www.usborkeychain.com\/fr\/wp-json\/wp\/v2\/product_brand?post=5479"},{"taxonomy":"product_cat","embeddable":true,"href":"https:\/\/www.usborkeychain.com\/fr\/wp-json\/wp\/v2\/product_cat?post=5479"},{"taxonomy":"product_tag","embeddable":true,"href":"https:\/\/www.usborkeychain.com\/fr\/wp-json\/wp\/v2\/product_tag?post=5479"}],"curies":[{"name":"wp","href":"https:\/\/api.w.org\/{rel}","templated":true}]}}