{"id":5488,"date":"2025-08-01T03:31:42","date_gmt":"2025-08-01T03:31:42","guid":{"rendered":"https:\/\/www.usborkeychain.com\/?post_type=product&#038;p=5488"},"modified":"2025-08-01T03:31:45","modified_gmt":"2025-08-01T03:31:45","slug":"business-usb-flash-drive-pen","status":"publish","type":"product","link":"https:\/\/www.usborkeychain.com\/fr\/produit\/business-usb-flash-drive-pen\/","title":{"rendered":"Cl\u00e9 USB \u00e0 m\u00e9moire flash pour entreprises Stylo"},"content":{"rendered":"<div class=\"wp-block-columns is-layout-flex wp-container-core-columns-is-layout-28f84493 wp-block-columns-is-layout-flex\">\n<div class=\"wp-block-column is-vertically-aligned-center is-layout-flow wp-block-column-is-layout-flow\">\n<p>Le <strong>Cl\u00e9 USB \u00e0 m\u00e9moire flash pour entreprises Stylo<\/strong> est une papeterie intelligente 2 en 1 qui combine <strong>stylo \u00e0 bille \u00e9criture<\/strong> et <strong>Cl\u00e9 USB<\/strong> des fonctions de stockage de donn\u00e9es. Il est sp\u00e9cialement con\u00e7u pour les bureaux d'entreprise et les cadeaux. Gr\u00e2ce \u00e0 l'int\u00e9gration de la double fonction \"\u00e9criture + stockage\", il pr\u00e9sente un design simple et \u00e9l\u00e9gant ainsi que des caract\u00e9ristiques pratiques. <\/p>\n\n\n\n<p>Il s'agit non seulement d'un outil efficace pour les professionnels dans leur travail quotidien, mais aussi d'un choix optimal pour les cadeaux d'entreprise et les cadeaux de vacances (tels que les stylos \u00e0 signature comme cadeaux pour la journ\u00e9e de l'enseignant), r\u00e9alisant ainsi \"un stylo \u00e0 deux usages, doublant la valeur\".<\/p>\n<\/div>\n\n\n\n<div class=\"wp-block-column is-vertically-aligned-center is-layout-flow wp-block-column-is-layout-flow\">\n<figure class=\"wp-block-image size-full\"><img alt=\"\" fetchpriority=\"high\" decoding=\"async\" width=\"800\" height=\"800\" src=\"https:\/\/www.usborkeychain.com\/wp-content\/uploads\/pen-with-an-integrated-USB-flash-drive.jpg\" class=\"wp-image-5495\" srcset=\"https:\/\/www.usborkeychain.com\/wp-content\/uploads\/pen-with-an-integrated-USB-flash-drive.jpg 800w, https:\/\/www.usborkeychain.com\/wp-content\/uploads\/pen-with-an-integrated-USB-flash-drive-300x300.jpg 300w, https:\/\/www.usborkeychain.com\/wp-content\/uploads\/pen-with-an-integrated-USB-flash-drive-150x150.jpg 150w, https:\/\/www.usborkeychain.com\/wp-content\/uploads\/pen-with-an-integrated-USB-flash-drive-768x768.jpg 768w, https:\/\/www.usborkeychain.com\/wp-content\/uploads\/pen-with-an-integrated-USB-flash-drive-12x12.jpg 12w, https:\/\/www.usborkeychain.com\/wp-content\/uploads\/pen-with-an-integrated-USB-flash-drive-600x600.jpg 600w, https:\/\/www.usborkeychain.com\/wp-content\/uploads\/pen-with-an-integrated-USB-flash-drive-100x100.jpg 100w\" sizes=\"(max-width: 800px) 100vw, 800px\" \/><\/figure>\n<\/div>\n<\/div>\n\n\n\n<h2 class=\"wp-block-heading\">Introduction fonctionnelle du stylo USB pour entreprises<\/h2>\n\n\n\n<div class=\"wp-block-columns is-layout-flex wp-container-core-columns-is-layout-28f84493 wp-block-columns-is-layout-flex\">\n<div class=\"wp-block-column is-vertically-aligned-center is-layout-flow wp-block-column-is-layout-flow\">\n<figure class=\"wp-block-image size-full\"><img alt=\"\" decoding=\"async\" width=\"800\" height=\"800\" src=\"https:\/\/www.usborkeychain.com\/wp-content\/uploads\/USB-Flash-Drive-Ball-Pen.jpg\" class=\"wp-image-5496\" srcset=\"https:\/\/www.usborkeychain.com\/wp-content\/uploads\/USB-Flash-Drive-Ball-Pen.jpg 800w, https:\/\/www.usborkeychain.com\/wp-content\/uploads\/USB-Flash-Drive-Ball-Pen-300x300.jpg 300w, https:\/\/www.usborkeychain.com\/wp-content\/uploads\/USB-Flash-Drive-Ball-Pen-150x150.jpg 150w, https:\/\/www.usborkeychain.com\/wp-content\/uploads\/USB-Flash-Drive-Ball-Pen-768x768.jpg 768w, https:\/\/www.usborkeychain.com\/wp-content\/uploads\/USB-Flash-Drive-Ball-Pen-12x12.jpg 12w, https:\/\/www.usborkeychain.com\/wp-content\/uploads\/USB-Flash-Drive-Ball-Pen-600x600.jpg 600w, https:\/\/www.usborkeychain.com\/wp-content\/uploads\/USB-Flash-Drive-Ball-Pen-100x100.jpg 100w\" sizes=\"(max-width: 800px) 100vw, 800px\" \/><\/figure>\n<\/div>\n\n\n\n<div class=\"wp-block-column is-layout-flow wp-block-column-is-layout-flow\">\n<h3 class=\"wp-block-heading\">1. Exp\u00e9rience de la r\u00e9daction au niveau de l'entreprise<\/h3>\n\n\n\n<p>Le corps du stylo est compos\u00e9 de <strong>mat\u00e9riau \u00e0 texture m\u00e9tallique<\/strong> (ou avec une finition peinture brillante), offrant une prise en main confortable et antid\u00e9rapante. \u00c9quip\u00e9 d'une recharge neutre de 0,5 mm, il garantit une \u00e9criture fluide et des traits stables, parfaitement adapt\u00e9s \u00e0 des sc\u00e9narios tels que la signature d'affaires, l'ex\u00e9cution de contrats et les comptes rendus de r\u00e9unions.<\/p>\n\n\n\n<h3 class=\"wp-block-heading\">2. Stockage sur cl\u00e9 USB<\/h3>\n\n\n\n<ul class=\"wp-block-list\">\n<li>Technologie de base : Puce collo\u00efdale noire \u00e0 haute vitesse int\u00e9gr\u00e9e, supportant l'interface USB 2.0, permettant une transmission de donn\u00e9es efficace et stable.<\/li>\n\n\n\n<li>Performance en mati\u00e8re de protection : La technologie du collo\u00efde noir est r\u00e9sistante \u00e0 l'eau, \u00e0 la poussi\u00e8re et aux chocs, ce qui permet de prot\u00e9ger la s\u00e9curit\u00e9 des donn\u00e9es m\u00eame en cas de chute ou de renversement accidentel.<\/li>\n<\/ul>\n<\/div>\n<\/div>\n\n\n\n<h2 class=\"wp-block-heading\">Quels sont les contenus qui peuvent \u00eatre personnalis\u00e9s ?<\/h2>\n\n\n\n<div class=\"wp-block-columns is-layout-flex wp-container-core-columns-is-layout-28f84493 wp-block-columns-is-layout-flex\">\n<div class=\"wp-block-column is-layout-flow wp-block-column-is-layout-flow\">\n<h3 class=\"wp-block-heading\">1. Personnalisation du LOGO<\/h3>\n\n\n\n<ul class=\"wp-block-list\">\n<li>Fabrication artisanale : Gr\u00e2ce \u00e0 la gravure au laser, \u00e0 la s\u00e9rigraphie et \u00e0 l'impression UV, les logos\/slogans peuvent \u00eatre affich\u00e9s avec pr\u00e9cision sur le corps et le capuchon du stylo, ainsi que sur d'autres supports ;<\/li>\n<\/ul>\n\n\n\n<h3 class=\"wp-block-heading\">2. Personnalisation du paquet<\/h3>\n\n\n\n<ul class=\"wp-block-list\">\n<li>Sc\u00e9narios d'entreprise : Fourniture de coffrets-cadeaux et d'articles en cuir haut de gamme ;<\/li>\n\n\n\n<li>Sc\u00e9narios de vacances : S'il est utilis\u00e9 comme stylo \u00e0 signer pour les cadeaux de la Journ\u00e9e des enseignants, il est possible de personnaliser l'emballage sur le th\u00e8me des f\u00eates (cartes de v\u0153ux estampill\u00e9es en or, bo\u00eetes cadeaux exclusives).<\/li>\n<\/ul>\n\n\n\n<h3 class=\"wp-block-heading\">3. Expansion de l'artisanat<\/h3>\n\n\n\n<ul class=\"wp-block-list\">\n<li>Couleurs : Les couleurs de base du corps du stylo sont l'argent et le noir, ce qui permet de personnaliser les couleurs VI de l'entreprise et les couleurs d\u00e9grad\u00e9es ;<\/li>\n\n\n\n<li>Mat\u00e9riaux : Des options telles que le placage m\u00e9tallique et la texture en fibre de carbone sont disponibles pour am\u00e9liorer la texture du produit.<\/li>\n<\/ul>\n<\/div>\n\n\n\n<div class=\"wp-block-column is-vertically-aligned-center is-layout-flow wp-block-column-is-layout-flow\">\n<figure class=\"wp-block-image size-full\"><img alt=\"\" decoding=\"async\" width=\"800\" height=\"800\" src=\"https:\/\/www.usborkeychain.com\/wp-content\/uploads\/Business-Ballpoint-Pen-USB-Flash-Drive-2.jpg\" class=\"wp-image-5492\" srcset=\"https:\/\/www.usborkeychain.com\/wp-content\/uploads\/Business-Ballpoint-Pen-USB-Flash-Drive-2.jpg 800w, https:\/\/www.usborkeychain.com\/wp-content\/uploads\/Business-Ballpoint-Pen-USB-Flash-Drive-2-300x300.jpg 300w, https:\/\/www.usborkeychain.com\/wp-content\/uploads\/Business-Ballpoint-Pen-USB-Flash-Drive-2-150x150.jpg 150w, https:\/\/www.usborkeychain.com\/wp-content\/uploads\/Business-Ballpoint-Pen-USB-Flash-Drive-2-768x768.jpg 768w, https:\/\/www.usborkeychain.com\/wp-content\/uploads\/Business-Ballpoint-Pen-USB-Flash-Drive-2-12x12.jpg 12w, https:\/\/www.usborkeychain.com\/wp-content\/uploads\/Business-Ballpoint-Pen-USB-Flash-Drive-2-600x600.jpg 600w, https:\/\/www.usborkeychain.com\/wp-content\/uploads\/Business-Ballpoint-Pen-USB-Flash-Drive-2-100x100.jpg 100w\" sizes=\"(max-width: 800px) 100vw, 800px\" \/><\/figure>\n<\/div>\n<\/div>\n\n\n\n<h2 class=\"wp-block-heading\">Param\u00e8tres de base de la cl\u00e9 USB<\/h2>\n\n\n\n<figure class=\"wp-block-table\"><table class=\"has-fixed-layout\"><thead><tr><th>Param\u00e8tre Poste<\/th><th>D\u00e9tails<\/th><\/tr><\/thead><tbody><tr><td>Capacit\u00e9<\/td><td>8GB\/16GB\/32GB\/64GB<\/td><\/tr><tr><td>Dimensions<\/td><td>Longueur 143 mm, diam\u00e8tre du stylo 14 mm<\/td><\/tr><tr><td>Poids<\/td><td>Environ 34 g (y compris la recharge et le module de la cl\u00e9 USB)<\/td><\/tr><tr><td>Type d'interface<\/td><td>USB 2.0<\/td><\/tr><tr><td>Solution pour les puces<\/td><td>Puce collo\u00efdale noire \u00e0 haute vitesse (r\u00e9sistante \u00e0 l'eau et \u00e0 la poussi\u00e8re)<\/td><\/tr><tr><td>Sp\u00e9cification de la recharge<\/td><td>Recharge neutre standard (0,5 mm, noir, rempla\u00e7able)<\/td><\/tr><tr><td>Extension de la personnalisation<\/td><td>Couleur du corps du stylo, LOGO, emballage, etc.<\/td><\/tr><\/tbody><\/table><\/figure>\n\n\n\n<h2 class=\"wp-block-heading\">Sc\u00e9narios applicables ?<\/h2>\n\n\n\n<div class=\"wp-block-columns is-layout-flex wp-container-core-columns-is-layout-28f84493 wp-block-columns-is-layout-flex\">\n<div class=\"wp-block-column is-vertically-aligned-center is-layout-flow wp-block-column-is-layout-flow\">\n<figure class=\"wp-block-image size-full\"><img alt=\"\" loading=\"lazy\" decoding=\"async\" width=\"800\" height=\"800\" src=\"https:\/\/www.usborkeychain.com\/wp-content\/uploads\/Pen-USB-Flash-Drive-1.jpg\" class=\"wp-image-5494\" srcset=\"https:\/\/www.usborkeychain.com\/wp-content\/uploads\/Pen-USB-Flash-Drive-1.jpg 800w, https:\/\/www.usborkeychain.com\/wp-content\/uploads\/Pen-USB-Flash-Drive-1-300x300.jpg 300w, https:\/\/www.usborkeychain.com\/wp-content\/uploads\/Pen-USB-Flash-Drive-1-150x150.jpg 150w, https:\/\/www.usborkeychain.com\/wp-content\/uploads\/Pen-USB-Flash-Drive-1-768x768.jpg 768w, https:\/\/www.usborkeychain.com\/wp-content\/uploads\/Pen-USB-Flash-Drive-1-12x12.jpg 12w, https:\/\/www.usborkeychain.com\/wp-content\/uploads\/Pen-USB-Flash-Drive-1-600x600.jpg 600w, https:\/\/www.usborkeychain.com\/wp-content\/uploads\/Pen-USB-Flash-Drive-1-100x100.jpg 100w\" sizes=\"(max-width: 800px) 100vw, 800px\" \/><\/figure>\n<\/div>\n\n\n\n<div class=\"wp-block-column is-layout-flow wp-block-column-is-layout-flow\">\n<h3 class=\"wp-block-heading\">1. Pr\u00e9f\u00e9r\u00e9 pour les cadeaux d'affaires<\/h3>\n\n\n\n<ul class=\"wp-block-list\">\n<li>R\u00e9unions annuelles d'entreprises et remerciements aux clients : En tant que cadeau d'affaires haut de gamme, le stylo USB v\u00e9hicule l'image de la marque gr\u00e2ce \u00e0 des LOGO personnalis\u00e9s ;<\/li>\n\n\n\n<li>Signature de la coop\u00e9ration : Le fait de l'offrir \u00e0 des partenaires t\u00e9moigne d'une attitude commerciale \"professionnelle et attentive\".<\/li>\n<\/ul>\n\n\n\n<h3 class=\"wp-block-heading\">2. Indispensable pour les r\u00e9unions\/expositions<\/h3>\n\n\n\n<p>Lors de forums, de sommets et d'expositions, des stylos USB avec des LOGO personnalis\u00e9s peuvent \u00eatre utilis\u00e9s comme souvenirs.<\/p>\n\n\n\n<h3 class=\"wp-block-heading\">3. Id\u00e9al pour les cadeaux de fin d'ann\u00e9e<\/h3>\n\n\n\n<ul class=\"wp-block-list\">\n<li>Journ\u00e9e des enseignants : Servi comme cadeau pour la journ\u00e9e des enseignants ;<\/li>\n\n\n\n<li>Saison des remises de dipl\u00f4mes : Personnalis\u00e9s avec des motifs exclusifs, ils sont offerts aux enseignants ou aux camarades de classe pour conserver une signification comm\u00e9morative.<\/li>\n<\/ul>\n<\/div>\n<\/div>\n\n\n\n<div class=\"wp-block-columns is-layout-flex wp-container-core-columns-is-layout-28f84493 wp-block-columns-is-layout-flex\">\n<div class=\"wp-block-column is-vertically-aligned-center is-layout-flow wp-block-column-is-layout-flow\">\n<figure class=\"wp-block-image size-full\"><img alt=\"\" loading=\"lazy\" decoding=\"async\" width=\"800\" height=\"800\" src=\"https:\/\/www.usborkeychain.com\/wp-content\/uploads\/Creative-Business-Gift-pen-USB-flash-drive.jpg\" class=\"wp-image-5493\" srcset=\"https:\/\/www.usborkeychain.com\/wp-content\/uploads\/Creative-Business-Gift-pen-USB-flash-drive.jpg 800w, https:\/\/www.usborkeychain.com\/wp-content\/uploads\/Creative-Business-Gift-pen-USB-flash-drive-300x300.jpg 300w, https:\/\/www.usborkeychain.com\/wp-content\/uploads\/Creative-Business-Gift-pen-USB-flash-drive-150x150.jpg 150w, https:\/\/www.usborkeychain.com\/wp-content\/uploads\/Creative-Business-Gift-pen-USB-flash-drive-768x768.jpg 768w, https:\/\/www.usborkeychain.com\/wp-content\/uploads\/Creative-Business-Gift-pen-USB-flash-drive-12x12.jpg 12w, https:\/\/www.usborkeychain.com\/wp-content\/uploads\/Creative-Business-Gift-pen-USB-flash-drive-600x600.jpg 600w, https:\/\/www.usborkeychain.com\/wp-content\/uploads\/Creative-Business-Gift-pen-USB-flash-drive-100x100.jpg 100w\" sizes=\"(max-width: 800px) 100vw, 800px\" \/><\/figure>\n<\/div>\n\n\n\n<div class=\"wp-block-column is-vertically-aligned-center is-layout-flow wp-block-column-is-layout-flow\">\n<p>Le <strong>Cl\u00e9 USB \u00e0 m\u00e9moire flash pour entreprises Stylo<\/strong> Avec sa puissante fonction 2-en-1, ses performances de stockage fiables, son design professionnel et ses options de personnalisation approfondies, il est devenu le premier choix pour les sc\u00e9narios d'affaires et les cadeaux. Qu'il soit utilis\u00e9 sur le lieu de travail ou pour les cadeaux de fin d'ann\u00e9e, il peut r\u00e9pondre avec pr\u00e9cision aux besoins des utilisateurs, r\u00e9alisant ainsi le principe \"un stylo \u00e0 usages multiples et \u00e0 valeur maximale\".<\/p>\n<\/div>\n\n\n\n<div class=\"wp-block-column is-vertically-aligned-center is-layout-flow wp-block-column-is-layout-flow\">\n<figure class=\"wp-block-image size-full\"><img alt=\"\" loading=\"lazy\" decoding=\"async\" width=\"800\" height=\"800\" src=\"https:\/\/www.usborkeychain.com\/wp-content\/uploads\/Ballpoint-Pen-USB-Flash-Drive-64GB.jpg\" class=\"wp-image-5491\" srcset=\"https:\/\/www.usborkeychain.com\/wp-content\/uploads\/Ballpoint-Pen-USB-Flash-Drive-64GB.jpg 800w, https:\/\/www.usborkeychain.com\/wp-content\/uploads\/Ballpoint-Pen-USB-Flash-Drive-64GB-300x300.jpg 300w, https:\/\/www.usborkeychain.com\/wp-content\/uploads\/Ballpoint-Pen-USB-Flash-Drive-64GB-150x150.jpg 150w, https:\/\/www.usborkeychain.com\/wp-content\/uploads\/Ballpoint-Pen-USB-Flash-Drive-64GB-768x768.jpg 768w, https:\/\/www.usborkeychain.com\/wp-content\/uploads\/Ballpoint-Pen-USB-Flash-Drive-64GB-12x12.jpg 12w, https:\/\/www.usborkeychain.com\/wp-content\/uploads\/Ballpoint-Pen-USB-Flash-Drive-64GB-600x600.jpg 600w, https:\/\/www.usborkeychain.com\/wp-content\/uploads\/Ballpoint-Pen-USB-Flash-Drive-64GB-100x100.jpg 100w\" sizes=\"(max-width: 800px) 100vw, 800px\" \/><\/figure>\n<\/div>\n<\/div>","protected":false},"excerpt":{"rendered":"<ul>\n<li>Mat\u00e9riau \u00e0 texture m\u00e9tallique<\/li>\n<li>\u00c9criture au stylo \u00e0 bille<\/li>\n<li>Recharge neutre de 0,5 mm<\/li>\n<li>LOGO&amp;Personnalisation de l'emballage<\/li>\n<li>MOQ:100pcs<\/li>\n<\/ul>","protected":false},"featured_media":5496,"comment_status":"open","ping_status":"closed","template":"","meta":{"_seopress_robots_primary_cat":"","_seopress_titles_title":"","_seopress_titles_desc":"","_seopress_robots_index":"","site-sidebar-layout":"default","site-content-layout":"","ast-site-content-layout":"","site-content-style":"default","site-sidebar-style":"default","ast-global-header-display":"","ast-banner-title-visibility":"","ast-main-header-display":"","ast-hfb-above-header-display":"","ast-hfb-below-header-display":"","ast-hfb-mobile-header-display":"","site-post-title":"","ast-breadcrumbs-content":"","ast-featured-img":"","footer-sml-layout":"","theme-transparent-header-meta":"","adv-header-id-meta":"","stick-header-meta":"","header-above-stick-meta":"","header-main-stick-meta":"","header-below-stick-meta":"","astra-migrate-meta-layouts":"default","ast-page-background-enabled":"default","ast-page-background-meta":{"desktop":{"background-color":"var(--ast-global-color-5)","background-image":"","background-repeat":"repeat","background-position":"center center","background-size":"auto","background-attachment":"scroll","background-type":"","background-media":"","overlay-type":"","overlay-color":"","overlay-opacity":"","overlay-gradient":""},"tablet":{"background-color":"","background-image":"","background-repeat":"repeat","background-position":"center center","background-size":"auto","background-attachment":"scroll","background-type":"","background-media":"","overlay-type":"","overlay-color":"","overlay-opacity":"","overlay-gradient":""},"mobile":{"background-color":"","background-image":"","background-repeat":"repeat","background-position":"center center","background-size":"auto","background-attachment":"scroll","background-type":"","background-media":"","overlay-type":"","overlay-color":"","overlay-opacity":"","overlay-gradient":""}},"ast-content-background-meta":{"desktop":{"background-color":"var(--ast-global-color-4)","background-image":"","background-repeat":"repeat","background-position":"center center","background-size":"auto","background-attachment":"scroll","background-type":"","background-media":"","overlay-type":"","overlay-color":"","overlay-opacity":"","overlay-gradient":""},"tablet":{"background-color":"var(--ast-global-color-4)","background-image":"","background-repeat":"repeat","background-position":"center center","background-size":"auto","background-attachment":"scroll","background-type":"","background-media":"","overlay-type":"","overlay-color":"","overlay-opacity":"","overlay-gradient":""},"mobile":{"background-color":"var(--ast-global-color-4)","background-image":"","background-repeat":"repeat","background-position":"center center","background-size":"auto","background-attachment":"scroll","background-type":"","background-media":"","overlay-type":"","overlay-color":"","overlay-opacity":"","overlay-gradient":""}}},"product_brand":[],"product_cat":[100],"product_tag":[334,339],"class_list":{"0":"post-5488","1":"product","2":"type-product","3":"status-publish","4":"has-post-thumbnail","6":"product_cat-usb-drive-with-pen","7":"product_tag-2-in-1-ballpoint-pen-usb-drive-2","8":"product_tag-business-usb-flash-drive-pen","9":"desktop-align-left","10":"tablet-align-left","11":"mobile-align-left","13":"first","14":"instock","15":"shipping-taxable","16":"product-type-simple"},"_links":{"self":[{"href":"https:\/\/www.usborkeychain.com\/fr\/wp-json\/wp\/v2\/product\/5488","targetHints":{"allow":["GET"]}}],"collection":[{"href":"https:\/\/www.usborkeychain.com\/fr\/wp-json\/wp\/v2\/product"}],"about":[{"href":"https:\/\/www.usborkeychain.com\/fr\/wp-json\/wp\/v2\/types\/product"}],"replies":[{"embeddable":true,"href":"https:\/\/www.usborkeychain.com\/fr\/wp-json\/wp\/v2\/comments?post=5488"}],"wp:featuredmedia":[{"embeddable":true,"href":"https:\/\/www.usborkeychain.com\/fr\/wp-json\/wp\/v2\/media\/5496"}],"wp:attachment":[{"href":"https:\/\/www.usborkeychain.com\/fr\/wp-json\/wp\/v2\/media?parent=5488"}],"wp:term":[{"taxonomy":"product_brand","embeddable":true,"href":"https:\/\/www.usborkeychain.com\/fr\/wp-json\/wp\/v2\/product_brand?post=5488"},{"taxonomy":"product_cat","embeddable":true,"href":"https:\/\/www.usborkeychain.com\/fr\/wp-json\/wp\/v2\/product_cat?post=5488"},{"taxonomy":"product_tag","embeddable":true,"href":"https:\/\/www.usborkeychain.com\/fr\/wp-json\/wp\/v2\/product_tag?post=5488"}],"curies":[{"name":"wp","href":"https:\/\/api.w.org\/{rel}","templated":true}]}}