{"id":5497,"date":"2025-08-01T10:40:59","date_gmt":"2025-08-01T10:40:59","guid":{"rendered":"https:\/\/www.usborkeychain.com\/?post_type=product&#038;p=5497"},"modified":"2025-08-16T03:07:19","modified_gmt":"2025-08-16T03:07:19","slug":"matte-2-in-1-usb-flash-drive-pen","status":"publish","type":"product","link":"https:\/\/www.usborkeychain.com\/fr\/produit\/matte-2-in-1-usb-flash-drive-pen\/","title":{"rendered":"Stylo cl\u00e9 USB 2-en-1 mat"},"content":{"rendered":"<div class=\"wp-block-columns is-layout-flex wp-container-core-columns-is-layout-28f84493 wp-block-columns-is-layout-flex\">\n<div class=\"wp-block-column is-vertically-aligned-center is-layout-flow wp-block-column-is-layout-flow\">\n<p>Avec son triple attribut \"\u00e9criture + stockage + communication de la marque\", la <strong>Stylo cl\u00e9 USB 2-en-1 mat <\/strong>est devenu un produit innovant qui allie praticit\u00e9 et valeur marketing. <\/p>\n\n\n\n<p>Ce produit utilise l'acier inoxydable comme mat\u00e9riau de base, avec un design collo\u00efdal noir imperm\u00e9able \u00e0 l'eau sur la t\u00eate et incorpore une technologie mate. Il garantit non seulement la durabilit\u00e9, mais conf\u00e8re \u00e9galement une texture d\u00e9licate, ce qui en fait un excellent choix pour les cadeaux d'entreprise personnalis\u00e9s.<\/p>\n<\/div>\n\n\n\n<div class=\"wp-block-column is-vertically-aligned-center is-layout-flow wp-block-column-is-layout-flow\">\n<figure class=\"wp-block-image size-full\"><img alt=\"\" fetchpriority=\"high\" decoding=\"async\" width=\"800\" height=\"800\" src=\"https:\/\/www.usborkeychain.com\/wp-content\/uploads\/b84e31a018ab495bbfa15f8e22090410.jpg\" class=\"wp-image-5501\" srcset=\"https:\/\/www.usborkeychain.com\/wp-content\/uploads\/b84e31a018ab495bbfa15f8e22090410.jpg 800w, https:\/\/www.usborkeychain.com\/wp-content\/uploads\/b84e31a018ab495bbfa15f8e22090410-300x300.jpg 300w, https:\/\/www.usborkeychain.com\/wp-content\/uploads\/b84e31a018ab495bbfa15f8e22090410-150x150.jpg 150w, https:\/\/www.usborkeychain.com\/wp-content\/uploads\/b84e31a018ab495bbfa15f8e22090410-768x768.jpg 768w, https:\/\/www.usborkeychain.com\/wp-content\/uploads\/b84e31a018ab495bbfa15f8e22090410-12x12.jpg 12w, https:\/\/www.usborkeychain.com\/wp-content\/uploads\/b84e31a018ab495bbfa15f8e22090410-600x600.jpg 600w, https:\/\/www.usborkeychain.com\/wp-content\/uploads\/b84e31a018ab495bbfa15f8e22090410-100x100.jpg 100w\" sizes=\"(max-width: 800px) 100vw, 800px\" \/><\/figure>\n<\/div>\n<\/div>\n\n\n\n<h2 class=\"wp-block-heading\">Fonctions essentielles du produit<\/h2>\n\n\n\n<p>Le <strong>Stylo cl\u00e9 USB mat<\/strong> est un <strong>stylo USB 2 en 1 typique<\/strong>Il int\u00e8gre les fonctions \"\u00e9criture au stylo \u00e0 bille\" et \"stockage de donn\u00e9es USB\" en une seule :<\/p>\n\n\n\n<div class=\"wp-block-columns is-layout-flex wp-container-core-columns-is-layout-28f84493 wp-block-columns-is-layout-flex\">\n<div class=\"wp-block-column is-vertically-aligned-center is-layout-flow wp-block-column-is-layout-flow\">\n<figure class=\"wp-block-image size-full\"><img alt=\"\" decoding=\"async\" width=\"800\" height=\"800\" src=\"https:\/\/www.usborkeychain.com\/wp-content\/uploads\/Pen-USB-Flash-Drives-1.jpg\" class=\"wp-image-5503\" srcset=\"https:\/\/www.usborkeychain.com\/wp-content\/uploads\/Pen-USB-Flash-Drives-1.jpg 800w, https:\/\/www.usborkeychain.com\/wp-content\/uploads\/Pen-USB-Flash-Drives-1-300x300.jpg 300w, https:\/\/www.usborkeychain.com\/wp-content\/uploads\/Pen-USB-Flash-Drives-1-150x150.jpg 150w, https:\/\/www.usborkeychain.com\/wp-content\/uploads\/Pen-USB-Flash-Drives-1-768x768.jpg 768w, https:\/\/www.usborkeychain.com\/wp-content\/uploads\/Pen-USB-Flash-Drives-1-12x12.jpg 12w, https:\/\/www.usborkeychain.com\/wp-content\/uploads\/Pen-USB-Flash-Drives-1-600x600.jpg 600w, https:\/\/www.usborkeychain.com\/wp-content\/uploads\/Pen-USB-Flash-Drives-1-100x100.jpg 100w\" sizes=\"(max-width: 800px) 100vw, 800px\" \/><\/figure>\n<\/div>\n\n\n\n<div class=\"wp-block-column is-vertically-aligned-center is-layout-flow wp-block-column-is-layout-flow\">\n<h3 class=\"wp-block-heading\">1. Fonction d'\u00e9criture : Pratique et fluide<\/h3>\n\n\n\n<p>La rotation de la pointe m\u00e9tallique situ\u00e9e \u00e0 la t\u00eate du stylo permet \u00e0 la recharge de s'allonger et de se r\u00e9tracter, ce qui r\u00e9pond aux besoins des comptes rendus de r\u00e9unions quotidiennes et de l'\u00e9criture de n\u00e9gociations commerciales. La recharge utilise une encre de haute qualit\u00e9, qui \u00e9crit en douceur, s\u00e8che rapidement et r\u00e9siste aux bavures, ce qui permet de r\u00e9pondre aux sc\u00e9narios d'utilisation fr\u00e9quente.<\/p>\n\n\n\n<h3 class=\"wp-block-heading\">2. Fonction de stockage : S\u00fbr et stable<\/h3>\n\n\n\n<p>Le corps du stylo est \u00e9quip\u00e9 d'un module USB int\u00e9gr\u00e9. Le collo\u00efde noir de la t\u00eate est \u00e9tanche \u00e0 l'eau, aux chutes et \u00e0 la poussi\u00e8re, et prend en charge la lecture et l'\u00e9criture de donn\u00e9es \u00e0 grande vitesse (compatible avec les protocoles USB 2.0\/3.0). Des documents, des didacticiels et des vid\u00e9os promotionnelles peuvent \u00eatre facilement stock\u00e9s et consult\u00e9s \u00e0 tout moment.<\/p>\n\n\n\n<h3 class=\"wp-block-heading\">3. Avantages de la technologie matte<\/h3>\n\n\n\n<p>Le traitement mat de la surface am\u00e9liore non seulement le confort de la prise en main, mais pr\u00e9sente \u00e9galement des propri\u00e9t\u00e9s de r\u00e9sistance \u00e0 l'usure, d'anti-empreinte digitale et de r\u00e9sistance aux rayures. Il peut conserver une apparence exquise m\u00eame apr\u00e8s une utilisation prolong\u00e9e, ce qui correspond \u00e0 la recherche d'un \"sens de la qualit\u00e9\" dans les sc\u00e9narios d'entreprise.<\/p>\n<\/div>\n<\/div>\n\n\n\n<h2 class=\"wp-block-heading\">Le stylo USB peut-il \u00eatre personnalis\u00e9 avec un logo ?<\/h2>\n\n\n\n<figure class=\"wp-block-table\"><table class=\"has-fixed-layout\"><thead><tr><th>Processus de personnalisation<\/th><th>Caract\u00e9ristiques<\/th><\/tr><\/thead><tbody><tr><td>S\u00e9rigraphie<\/td><td>Pr\u00e9f\u00e9r\u00e9 pour les logos monochromes, avec des couleurs vives et \u00e0 faible co\u00fbt<\/td><\/tr><tr><td>Tampographie<\/td><td>Prise en charge des d\u00e9grad\u00e9s multicolores avec une reproduction tr\u00e8s d\u00e9taill\u00e9e<\/td><\/tr><tr><td>Gravure au laser<\/td><td>Texture mate, r\u00e9sistante \u00e0 l'usure et haut de gamme<\/td><\/tr><tr><td>Impression couleur<\/td><td>Motifs complexes \/ dessins en couleur \u00e0 fort impact visuel<\/td><\/tr><\/tbody><\/table><\/figure>\n\n\n\n<h2 class=\"wp-block-heading\">Param\u00e8tres de la cl\u00e9 USB<\/h2>\n\n\n\n<figure class=\"wp-block-table\"><table class=\"has-fixed-layout\"><thead><tr><th>Param\u00e8tre Poste<\/th><th>D\u00e9tails<\/th><\/tr><\/thead><tbody><tr><td>Capacit\u00e9<\/td><td>8GB, 16GB, 32GB, 64GB<\/td><\/tr><tr><td>Dimensions<\/td><td>146 mm de longueur \u00d7 13 mm de diam\u00e8tre<\/td><\/tr><tr><td>Poids<\/td><td>Environ 30 g (y compris la recharge et le module USB)<\/td><\/tr><tr><td>Couleur<\/td><td>Couleurs habituelles : noir, blanc (avec texture mate) ; couleurs personnalis\u00e9es disponibles dans n'importe quelle couleur Pantone.<\/td><\/tr><tr><td>Mat\u00e9riau<\/td><td>Corps du stylo : acier inoxydable ; t\u00eate de l'USB : collo\u00efde noir (qualit\u00e9 \u00e9tanche)<\/td><\/tr><tr><td>Protocole d'interface<\/td><td>USB 2.0<\/td><\/tr><tr><td>Configuration de l'\u00e9criture<\/td><td>Recharge pour stylo \u00e0 bille de 0,5 mm (noir\/bleu en option, couleurs de recharge personnalis\u00e9es disponibles)<\/td><\/tr><\/tbody><\/table><\/figure>\n\n\n\n<h2 class=\"wp-block-heading\">Pour quels secteurs d'activit\u00e9 ?<\/h2>\n\n\n\n<ul class=\"wp-block-list\"><\/ul>\n\n\n\n<div class=\"wp-block-columns are-vertically-aligned-center is-layout-flex wp-container-core-columns-is-layout-28f84493 wp-block-columns-is-layout-flex\">\n<div class=\"wp-block-column is-vertically-aligned-center is-layout-flow wp-block-column-is-layout-flow\">\n<ul class=\"wp-block-list\">\n<li><strong>Institutions de services financiers (banques, valeurs mobili\u00e8res, assurances) :<\/strong>\n<ul class=\"wp-block-list\">\n<li>Cadeaux d'affaires offerts par les gestionnaires de comptes aux clients haut de gamme pour transmettre un sentiment de confiance.<\/li>\n<\/ul>\n<\/li>\n\n\n\n<li><strong>Entreprises de technologie et d'internet :<\/strong>\n<ul class=\"wp-block-list\">\n<li>Un outil puissant pour la promotion des expositions<\/li>\n\n\n\n<li>Cadeaux comm\u00e9moratifs pour les employ\u00e9s\/cadeaux d'accueil pour les nouveaux employ\u00e9s<\/li>\n\n\n\n<li>Cadeaux pour les \u00e9changes techniques<\/li>\n<\/ul>\n<\/li>\n\n\n\n<li><strong>Institutions de conseil et de services professionnels (conseil en gestion, juridique, comptable) :<\/strong>\n<ul class=\"wp-block-list\">\n<li>Cadeaux de remerciement pour les clients importants<\/li>\n\n\n\n<li>Cadeaux d'apparat lors des c\u00e9r\u00e9monies de signature.<\/li>\n<\/ul>\n<\/li>\n\n\n\n<li><strong>Grandes entreprises manufacturi\u00e8res et multinationales :<\/strong>\n<ul class=\"wp-block-list\">\n<li>Des souvenirs exquis pour les conf\u00e9rences et les forums industriels haut de gamme.<\/li>\n<\/ul>\n<\/li>\n<\/ul>\n<\/div>\n\n\n\n<div class=\"wp-block-column is-vertically-aligned-center is-layout-flow wp-block-column-is-layout-flow\">\n<figure class=\"wp-block-image size-full\"><img alt=\"\" decoding=\"async\" width=\"800\" height=\"800\" src=\"https:\/\/www.usborkeychain.com\/wp-content\/uploads\/Ballpoint-pen-USB-drive.jpg\" class=\"wp-image-5502\" srcset=\"https:\/\/www.usborkeychain.com\/wp-content\/uploads\/Ballpoint-pen-USB-drive.jpg 800w, https:\/\/www.usborkeychain.com\/wp-content\/uploads\/Ballpoint-pen-USB-drive-300x300.jpg 300w, https:\/\/www.usborkeychain.com\/wp-content\/uploads\/Ballpoint-pen-USB-drive-150x150.jpg 150w, https:\/\/www.usborkeychain.com\/wp-content\/uploads\/Ballpoint-pen-USB-drive-768x768.jpg 768w, https:\/\/www.usborkeychain.com\/wp-content\/uploads\/Ballpoint-pen-USB-drive-12x12.jpg 12w, https:\/\/www.usborkeychain.com\/wp-content\/uploads\/Ballpoint-pen-USB-drive-600x600.jpg 600w, https:\/\/www.usborkeychain.com\/wp-content\/uploads\/Ballpoint-pen-USB-drive-100x100.jpg 100w\" sizes=\"(max-width: 800px) 100vw, 800px\" \/><\/figure>\n<\/div>\n<\/div>\n\n\n\n<div class=\"wp-block-columns is-layout-flex wp-container-core-columns-is-layout-28f84493 wp-block-columns-is-layout-flex\">\n<div class=\"wp-block-column is-layout-flow wp-block-column-is-layout-flow\">\n<figure class=\"wp-block-image size-full\"><img alt=\"\" loading=\"lazy\" decoding=\"async\" width=\"800\" height=\"735\" src=\"https:\/\/www.usborkeychain.com\/wp-content\/uploads\/2-in-1-ballpoint-pen-USB-stick.jpg\" class=\"wp-image-5500\" srcset=\"https:\/\/www.usborkeychain.com\/wp-content\/uploads\/2-in-1-ballpoint-pen-USB-stick.jpg 800w, https:\/\/www.usborkeychain.com\/wp-content\/uploads\/2-in-1-ballpoint-pen-USB-stick-300x276.jpg 300w, https:\/\/www.usborkeychain.com\/wp-content\/uploads\/2-in-1-ballpoint-pen-USB-stick-768x706.jpg 768w, https:\/\/www.usborkeychain.com\/wp-content\/uploads\/2-in-1-ballpoint-pen-USB-stick-13x12.jpg 13w, https:\/\/www.usborkeychain.com\/wp-content\/uploads\/2-in-1-ballpoint-pen-USB-stick-600x551.jpg 600w\" sizes=\"(max-width: 800px) 100vw, 800px\" \/><\/figure>\n<\/div>\n\n\n\n<div class=\"wp-block-column is-vertically-aligned-center is-layout-flow wp-block-column-is-layout-flow\">\n<p>Le <strong>Stylo cl\u00e9 USB 2-en-1 mat,<\/strong> avec son design \"int\u00e9gration fonctionnelle + personnalisation de la marque\", rompt avec l'attribut unique des cadeaux traditionnels et devient un double support \"outil pratique + support de la marque\" dans les sc\u00e9narios d'entreprise. Qu'il s'agisse de promotion d'entreprise, de fid\u00e9lisation de la client\u00e8le ou d'utilisation interne au bureau, sa technologie matte d\u00e9licate, ses performances stables et ses solutions de personnalisation flexibles peuvent doter la marque d'un pouvoir de communication plus durable.<\/p>\n<\/div>\n<\/div>","protected":false},"excerpt":{"rendered":"<ul>\n<li>USB 2-en-1 typique<\/li>\n<li>Acier inoxydable<\/li>\n<li>Collo\u00efde noir imperm\u00e9able<\/li>\n<li>Personnalisation de la marque<\/li>\n<li>MOQ:100pcs<\/li>\n<\/ul>","protected":false},"featured_media":5501,"comment_status":"open","ping_status":"closed","template":"","meta":{"_seopress_robots_primary_cat":"","_seopress_titles_title":"","_seopress_titles_desc":"","_seopress_robots_index":"","site-sidebar-layout":"default","site-content-layout":"","ast-site-content-layout":"","site-content-style":"default","site-sidebar-style":"default","ast-global-header-display":"","ast-banner-title-visibility":"","ast-main-header-display":"","ast-hfb-above-header-display":"","ast-hfb-below-header-display":"","ast-hfb-mobile-header-display":"","site-post-title":"","ast-breadcrumbs-content":"","ast-featured-img":"","footer-sml-layout":"","theme-transparent-header-meta":"","adv-header-id-meta":"","stick-header-meta":"","header-above-stick-meta":"","header-main-stick-meta":"","header-below-stick-meta":"","astra-migrate-meta-layouts":"default","ast-page-background-enabled":"default","ast-page-background-meta":{"desktop":{"background-color":"var(--ast-global-color-5)","background-image":"","background-repeat":"repeat","background-position":"center center","background-size":"auto","background-attachment":"scroll","background-type":"","background-media":"","overlay-type":"","overlay-color":"","overlay-opacity":"","overlay-gradient":""},"tablet":{"background-color":"","background-image":"","background-repeat":"repeat","background-position":"center center","background-size":"auto","background-attachment":"scroll","background-type":"","background-media":"","overlay-type":"","overlay-color":"","overlay-opacity":"","overlay-gradient":""},"mobile":{"background-color":"","background-image":"","background-repeat":"repeat","background-position":"center center","background-size":"auto","background-attachment":"scroll","background-type":"","background-media":"","overlay-type":"","overlay-color":"","overlay-opacity":"","overlay-gradient":""}},"ast-content-background-meta":{"desktop":{"background-color":"var(--ast-global-color-4)","background-image":"","background-repeat":"repeat","background-position":"center center","background-size":"auto","background-attachment":"scroll","background-type":"","background-media":"","overlay-type":"","overlay-color":"","overlay-opacity":"","overlay-gradient":""},"tablet":{"background-color":"var(--ast-global-color-4)","background-image":"","background-repeat":"repeat","background-position":"center center","background-size":"auto","background-attachment":"scroll","background-type":"","background-media":"","overlay-type":"","overlay-color":"","overlay-opacity":"","overlay-gradient":""},"mobile":{"background-color":"var(--ast-global-color-4)","background-image":"","background-repeat":"repeat","background-position":"center center","background-size":"auto","background-attachment":"scroll","background-type":"","background-media":"","overlay-type":"","overlay-color":"","overlay-opacity":"","overlay-gradient":""}}},"product_brand":[],"product_cat":[100,103],"product_tag":[334,340,331],"class_list":{"0":"post-5497","1":"product","2":"type-product","3":"status-publish","4":"has-post-thumbnail","6":"product_cat-usb-drive-with-pen","7":"product_cat-usb2-0-usb-pendrive","8":"product_tag-2-in-1-ballpoint-pen-usb-drive-2","9":"product_tag-matte-2-in-1-usb-flash-drive-pen","10":"product_tag-usb-flash-drive-with-stylus-pen","11":"desktop-align-left","12":"tablet-align-left","13":"mobile-align-left","15":"first","16":"instock","17":"shipping-taxable","18":"product-type-simple"},"_links":{"self":[{"href":"https:\/\/www.usborkeychain.com\/fr\/wp-json\/wp\/v2\/product\/5497","targetHints":{"allow":["GET"]}}],"collection":[{"href":"https:\/\/www.usborkeychain.com\/fr\/wp-json\/wp\/v2\/product"}],"about":[{"href":"https:\/\/www.usborkeychain.com\/fr\/wp-json\/wp\/v2\/types\/product"}],"replies":[{"embeddable":true,"href":"https:\/\/www.usborkeychain.com\/fr\/wp-json\/wp\/v2\/comments?post=5497"}],"wp:featuredmedia":[{"embeddable":true,"href":"https:\/\/www.usborkeychain.com\/fr\/wp-json\/wp\/v2\/media\/5501"}],"wp:attachment":[{"href":"https:\/\/www.usborkeychain.com\/fr\/wp-json\/wp\/v2\/media?parent=5497"}],"wp:term":[{"taxonomy":"product_brand","embeddable":true,"href":"https:\/\/www.usborkeychain.com\/fr\/wp-json\/wp\/v2\/product_brand?post=5497"},{"taxonomy":"product_cat","embeddable":true,"href":"https:\/\/www.usborkeychain.com\/fr\/wp-json\/wp\/v2\/product_cat?post=5497"},{"taxonomy":"product_tag","embeddable":true,"href":"https:\/\/www.usborkeychain.com\/fr\/wp-json\/wp\/v2\/product_tag?post=5497"}],"curies":[{"name":"wp","href":"https:\/\/api.w.org\/{rel}","templated":true}]}}