{"id":5504,"date":"2025-08-01T10:44:15","date_gmt":"2025-08-01T10:44:15","guid":{"rendered":"https:\/\/www.usborkeychain.com\/?post_type=product&#038;p=5504"},"modified":"2025-08-01T10:44:19","modified_gmt":"2025-08-01T10:44:19","slug":"simpars-custom-puppy-shaped-pvc-usb-drive","status":"publish","type":"product","link":"https:\/\/www.usborkeychain.com\/fr\/produit\/simpars-custom-puppy-shaped-pvc-usb-drive\/","title":{"rendered":"Cl\u00e9 USB en PVC en forme de chiot personnalis\u00e9e de SIMPAR"},"content":{"rendered":"<h3 class=\"wp-block-heading\">1. Offre de marque par SIMPAR<\/h3>\n\n\n\n<p>Le pr\u00e9sent&nbsp;<strong>Cl\u00e9 USB en PVC souple en forme de chiot<\/strong>&nbsp;est un cadeau promotionnel sur mesure, con\u00e7u exclusivement pour et par&nbsp;<strong>SIMPAR<\/strong>. Les noms de marque \"SIMPAR\" et \"renewabletab\" sont mis en \u00e9vidence sur le disque, transformant un accessoire num\u00e9rique en un messager de marque unique.<\/p>\n\n\n\n<div class=\"wp-block-columns is-layout-flex wp-container-core-columns-is-layout-28f84493 wp-block-columns-is-layout-flex\">\n<div class=\"wp-block-column is-layout-flow wp-block-column-is-layout-flow\">\n<figure class=\"wp-block-image size-full\"><img alt=\"\" fetchpriority=\"high\" decoding=\"async\" width=\"800\" height=\"800\" src=\"https:\/\/www.usborkeychain.com\/wp-content\/uploads\/custom-dog-shaped-flash-disk.png\" class=\"wp-image-5519\" srcset=\"https:\/\/www.usborkeychain.com\/wp-content\/uploads\/custom-dog-shaped-flash-disk.png 800w, https:\/\/www.usborkeychain.com\/wp-content\/uploads\/custom-dog-shaped-flash-disk-300x300.png 300w, https:\/\/www.usborkeychain.com\/wp-content\/uploads\/custom-dog-shaped-flash-disk-150x150.png 150w, https:\/\/www.usborkeychain.com\/wp-content\/uploads\/custom-dog-shaped-flash-disk-768x768.png 768w, https:\/\/www.usborkeychain.com\/wp-content\/uploads\/custom-dog-shaped-flash-disk-12x12.png 12w, https:\/\/www.usborkeychain.com\/wp-content\/uploads\/custom-dog-shaped-flash-disk-600x600.png 600w, https:\/\/www.usborkeychain.com\/wp-content\/uploads\/custom-dog-shaped-flash-disk-100x100.png 100w\" sizes=\"(max-width: 800px) 100vw, 800px\" \/><\/figure>\n<\/div>\n\n\n\n<div class=\"wp-block-column is-layout-flow wp-block-column-is-layout-flow\">\n<figure class=\"wp-block-image size-full\"><img alt=\"\" decoding=\"async\" width=\"800\" height=\"800\" src=\"https:\/\/www.usborkeychain.com\/wp-content\/uploads\/white-dog-usb-drive.png\" class=\"wp-image-5518\" srcset=\"https:\/\/www.usborkeychain.com\/wp-content\/uploads\/white-dog-usb-drive.png 800w, https:\/\/www.usborkeychain.com\/wp-content\/uploads\/white-dog-usb-drive-300x300.png 300w, https:\/\/www.usborkeychain.com\/wp-content\/uploads\/white-dog-usb-drive-150x150.png 150w, https:\/\/www.usborkeychain.com\/wp-content\/uploads\/white-dog-usb-drive-768x768.png 768w, https:\/\/www.usborkeychain.com\/wp-content\/uploads\/white-dog-usb-drive-12x12.png 12w, https:\/\/www.usborkeychain.com\/wp-content\/uploads\/white-dog-usb-drive-600x600.png 600w, https:\/\/www.usborkeychain.com\/wp-content\/uploads\/white-dog-usb-drive-100x100.png 100w\" sizes=\"(max-width: 800px) 100vw, 800px\" \/><\/figure>\n<\/div>\n<\/div>\n\n\n\n<h3 class=\"wp-block-heading\">2. D\u00e9tails de la conception et des mat\u00e9riaux<\/h3>\n\n\n\n<p>Fabriqu\u00e9 en&nbsp;<strong>PVC caoutchouc souple<\/strong>La cl\u00e9 USB est dot\u00e9e d'une&nbsp;<strong>silhouette plate de chiot en 2D<\/strong>:<\/p>\n\n\n\n<ul class=\"wp-block-list\">\n<li>La base blanche est flexible, r\u00e9sistante aux chutes et durable, et conserve sa forme m\u00eame apr\u00e8s une utilisation prolong\u00e9e.<\/li>\n\n\n\n<li>Gr\u00e2ce \u00e0 des\u00a0<strong>technologie de moulage et de pressage<\/strong>,\u00a0<strong>3D - texte \"SIMPAR\" en couleur<\/strong>Le lettrage gris \"renewabletab\" et les motifs bruns de la queue et des pattes du chiot sont parfaitement int\u00e9gr\u00e9s. Les \u00e9l\u00e9ments de la marque s'int\u00e8grent ainsi parfaitement au design mignon, cr\u00e9ant un fort impact visuel.<\/li>\n<\/ul>\n\n\n\n<h3 class=\"wp-block-heading\">3. Que fait SIMPAR ?<\/h3>\n\n\n\n<p>Le terme \"renewabletab\" (combinaison de \"renewable\" et \"tab\", sugg\u00e9rant un domaine cibl\u00e9) laisse entendre que&nbsp;<strong>SIMPAR intervient dans le domaine du d\u00e9veloppement durable<\/strong>. Elle peut \u00eatre profond\u00e9ment impliqu\u00e9e dans la recherche et le d\u00e9veloppement en mati\u00e8re d'\u00e9nergies renouvelables, dans la d\u00e9fense de la protection de l'environnement ou dans les solutions d'\u00e9conomie circulaire, s'effor\u00e7ant de promouvoir le d\u00e9veloppement vert par des approches innovantes.<\/p>\n\n\n\n<div class=\"wp-block-columns is-layout-flex wp-container-core-columns-is-layout-28f84493 wp-block-columns-is-layout-flex\">\n<div class=\"wp-block-column is-layout-flow wp-block-column-is-layout-flow\">\n<figure class=\"wp-block-image size-full\"><img alt=\"\" decoding=\"async\" width=\"800\" height=\"800\" src=\"https:\/\/www.usborkeychain.com\/wp-content\/uploads\/simpar-usb-flash-drive-dog-shaped.png\" class=\"wp-image-5522\" srcset=\"https:\/\/www.usborkeychain.com\/wp-content\/uploads\/simpar-usb-flash-drive-dog-shaped.png 800w, https:\/\/www.usborkeychain.com\/wp-content\/uploads\/simpar-usb-flash-drive-dog-shaped-300x300.png 300w, https:\/\/www.usborkeychain.com\/wp-content\/uploads\/simpar-usb-flash-drive-dog-shaped-150x150.png 150w, https:\/\/www.usborkeychain.com\/wp-content\/uploads\/simpar-usb-flash-drive-dog-shaped-768x768.png 768w, https:\/\/www.usborkeychain.com\/wp-content\/uploads\/simpar-usb-flash-drive-dog-shaped-12x12.png 12w, https:\/\/www.usborkeychain.com\/wp-content\/uploads\/simpar-usb-flash-drive-dog-shaped-600x600.png 600w, https:\/\/www.usborkeychain.com\/wp-content\/uploads\/simpar-usb-flash-drive-dog-shaped-100x100.png 100w\" sizes=\"(max-width: 800px) 100vw, 800px\" \/><\/figure>\n<\/div>\n\n\n\n<div class=\"wp-block-column is-layout-flow wp-block-column-is-layout-flow\">\n<figure class=\"wp-block-image size-full\"><img alt=\"\" loading=\"lazy\" decoding=\"async\" width=\"800\" height=\"800\" src=\"https:\/\/www.usborkeychain.com\/wp-content\/uploads\/dog-shaped-usb-flash-drive.png\" class=\"wp-image-5520\" srcset=\"https:\/\/www.usborkeychain.com\/wp-content\/uploads\/dog-shaped-usb-flash-drive.png 800w, https:\/\/www.usborkeychain.com\/wp-content\/uploads\/dog-shaped-usb-flash-drive-300x300.png 300w, https:\/\/www.usborkeychain.com\/wp-content\/uploads\/dog-shaped-usb-flash-drive-150x150.png 150w, https:\/\/www.usborkeychain.com\/wp-content\/uploads\/dog-shaped-usb-flash-drive-768x768.png 768w, https:\/\/www.usborkeychain.com\/wp-content\/uploads\/dog-shaped-usb-flash-drive-12x12.png 12w, https:\/\/www.usborkeychain.com\/wp-content\/uploads\/dog-shaped-usb-flash-drive-600x600.png 600w, https:\/\/www.usborkeychain.com\/wp-content\/uploads\/dog-shaped-usb-flash-drive-100x100.png 100w\" sizes=\"(max-width: 800px) 100vw, 800px\" \/><\/figure>\n<\/div>\n<\/div>\n\n\n\n<h3 class=\"wp-block-heading\">4. Objectifs de cette cl\u00e9 USB personnalis\u00e9e<\/h3>\n\n\n\n<ul class=\"wp-block-list\">\n<li><strong>Renforcer la visibilit\u00e9 de la marque<\/strong>: Le design adorable du chiot rompt avec l'image terne des produits num\u00e9riques. Lors des salons professionnels et des rencontres d'affaires, il attire facilement le regard des gens et renforce la m\u00e9moire de la marque \"SIMPAR\".<\/li>\n\n\n\n<li><strong>Transmettre les valeurs de la marque<\/strong>: Li\u00e9e au concept de protection de l'environnement par le biais de \"renewabletab\", la cl\u00e9 USB communique subtilement l'engagement de l'entreprise en faveur du d\u00e9veloppement durable aux clients et aux partenaires, renfor\u00e7ant ainsi leur reconnaissance de la marque.<\/li>\n\n\n\n<li><strong>Fusionner avec l'utilisation quotidienne<\/strong>: En tant que cadeau pour un \u00e9v\u00e9nement ou pour un client, il r\u00e9pond aux besoins de stockage de donn\u00e9es et de transfert de fichiers. De cette mani\u00e8re, la marque reste en contact avec les utilisateurs au travail et dans la vie de tous les jours, ce qui permet d'accro\u00eetre continuellement la notori\u00e9t\u00e9 de la marque.<\/li>\n<\/ul>\n\n\n\n<h3 class=\"wp-block-heading\">5. Conclusion : Un petit moteur, un grand impact<\/h3>\n\n\n\n<p>Cette cl\u00e9 USB personnalis\u00e9e, centr\u00e9e sur&nbsp;<strong>\"design mignon + personnalisation de la marque + fonction pratique\"<\/strong>L'application de la marque SIMPAR est non seulement une vitrine de la chaleur et de la philosophie de la marque SIMPAR, mais aussi un exemple de \"marketing souple\" innovant. Il prouve qu'un petit gadget num\u00e9rique peut efficacement v\u00e9hiculer la valeur de la marque et \u00e9tablir un lien avec les utilisateurs, rendant la communication de la marque plus vivante et plus durable.<\/p>","protected":false},"excerpt":{"rendered":"<ul>\n<li>Mati\u00e8re PVC<\/li>\n<li>Usb en forme de chien<\/li>\n<li>Conception 2D<\/li>\n<li>MOQ:100pcs<\/li>\n<li>Cadeau de SIMPAR<\/li>\n<\/ul>","protected":false},"featured_media":5519,"comment_status":"open","ping_status":"closed","template":"","meta":{"_seopress_robots_primary_cat":"","_seopress_titles_title":"","_seopress_titles_desc":"","_seopress_robots_index":"","site-sidebar-layout":"default","site-content-layout":"","ast-site-content-layout":"","site-content-style":"default","site-sidebar-style":"default","ast-global-header-display":"","ast-banner-title-visibility":"","ast-main-header-display":"","ast-hfb-above-header-display":"","ast-hfb-below-header-display":"","ast-hfb-mobile-header-display":"","site-post-title":"","ast-breadcrumbs-content":"","ast-featured-img":"","footer-sml-layout":"","theme-transparent-header-meta":"","adv-header-id-meta":"","stick-header-meta":"","header-above-stick-meta":"","header-main-stick-meta":"","header-below-stick-meta":"","astra-migrate-meta-layouts":"default","ast-page-background-enabled":"default","ast-page-background-meta":{"desktop":{"background-color":"var(--ast-global-color-5)","background-image":"","background-repeat":"repeat","background-position":"center center","background-size":"auto","background-attachment":"scroll","background-type":"","background-media":"","overlay-type":"","overlay-color":"","overlay-opacity":"","overlay-gradient":""},"tablet":{"background-color":"","background-image":"","background-repeat":"repeat","background-position":"center center","background-size":"auto","background-attachment":"scroll","background-type":"","background-media":"","overlay-type":"","overlay-color":"","overlay-opacity":"","overlay-gradient":""},"mobile":{"background-color":"","background-image":"","background-repeat":"repeat","background-position":"center center","background-size":"auto","background-attachment":"scroll","background-type":"","background-media":"","overlay-type":"","overlay-color":"","overlay-opacity":"","overlay-gradient":""}},"ast-content-background-meta":{"desktop":{"background-color":"var(--ast-global-color-4)","background-image":"","background-repeat":"repeat","background-position":"center center","background-size":"auto","background-attachment":"scroll","background-type":"","background-media":"","overlay-type":"","overlay-color":"","overlay-opacity":"","overlay-gradient":""},"tablet":{"background-color":"var(--ast-global-color-4)","background-image":"","background-repeat":"repeat","background-position":"center center","background-size":"auto","background-attachment":"scroll","background-type":"","background-media":"","overlay-type":"","overlay-color":"","overlay-opacity":"","overlay-gradient":""},"mobile":{"background-color":"var(--ast-global-color-4)","background-image":"","background-repeat":"repeat","background-position":"center center","background-size":"auto","background-attachment":"scroll","background-type":"","background-media":"","overlay-type":"","overlay-color":"","overlay-opacity":"","overlay-gradient":""}}},"product_brand":[],"product_cat":[95],"product_tag":[],"class_list":{"0":"post-5504","1":"product","2":"type-product","3":"status-publish","4":"has-post-thumbnail","6":"product_cat-promotional-usb-drive","7":"desktop-align-left","8":"tablet-align-left","9":"mobile-align-left","11":"first","12":"instock","13":"shipping-taxable","14":"product-type-simple"},"_links":{"self":[{"href":"https:\/\/www.usborkeychain.com\/fr\/wp-json\/wp\/v2\/product\/5504","targetHints":{"allow":["GET"]}}],"collection":[{"href":"https:\/\/www.usborkeychain.com\/fr\/wp-json\/wp\/v2\/product"}],"about":[{"href":"https:\/\/www.usborkeychain.com\/fr\/wp-json\/wp\/v2\/types\/product"}],"replies":[{"embeddable":true,"href":"https:\/\/www.usborkeychain.com\/fr\/wp-json\/wp\/v2\/comments?post=5504"}],"wp:featuredmedia":[{"embeddable":true,"href":"https:\/\/www.usborkeychain.com\/fr\/wp-json\/wp\/v2\/media\/5519"}],"wp:attachment":[{"href":"https:\/\/www.usborkeychain.com\/fr\/wp-json\/wp\/v2\/media?parent=5504"}],"wp:term":[{"taxonomy":"product_brand","embeddable":true,"href":"https:\/\/www.usborkeychain.com\/fr\/wp-json\/wp\/v2\/product_brand?post=5504"},{"taxonomy":"product_cat","embeddable":true,"href":"https:\/\/www.usborkeychain.com\/fr\/wp-json\/wp\/v2\/product_cat?post=5504"},{"taxonomy":"product_tag","embeddable":true,"href":"https:\/\/www.usborkeychain.com\/fr\/wp-json\/wp\/v2\/product_tag?post=5504"}],"curies":[{"name":"wp","href":"https:\/\/api.w.org\/{rel}","templated":true}]}}