{"id":5523,"date":"2025-08-01T11:06:33","date_gmt":"2025-08-01T11:06:33","guid":{"rendered":"https:\/\/www.usborkeychain.com\/?post_type=product&#038;p=5523"},"modified":"2025-08-01T11:10:18","modified_gmt":"2025-08-01T11:10:18","slug":"flat-headed-design-usb-flash-drive-pen","status":"publish","type":"product","link":"https:\/\/www.usborkeychain.com\/fr\/produit\/flat-headed-design-usb-flash-drive-pen\/","title":{"rendered":"Stylo cl\u00e9 USB \u00e0 t\u00eate plate"},"content":{"rendered":"<div class=\"wp-block-columns is-layout-flex wp-container-core-columns-is-layout-28f84493 wp-block-columns-is-layout-flex\">\n<div class=\"wp-block-column is-vertically-aligned-center is-layout-flow wp-block-column-is-layout-flow\">\n<figure class=\"wp-block-image size-full\"><img alt=\"\" fetchpriority=\"high\" decoding=\"async\" width=\"800\" height=\"800\" src=\"https:\/\/www.usborkeychain.com\/wp-content\/uploads\/New-Ballpoint-Pen-Model-USB-Flash-Drive.jpg\" class=\"wp-image-5529\" srcset=\"https:\/\/www.usborkeychain.com\/wp-content\/uploads\/New-Ballpoint-Pen-Model-USB-Flash-Drive.jpg 800w, https:\/\/www.usborkeychain.com\/wp-content\/uploads\/New-Ballpoint-Pen-Model-USB-Flash-Drive-300x300.jpg 300w, https:\/\/www.usborkeychain.com\/wp-content\/uploads\/New-Ballpoint-Pen-Model-USB-Flash-Drive-150x150.jpg 150w, https:\/\/www.usborkeychain.com\/wp-content\/uploads\/New-Ballpoint-Pen-Model-USB-Flash-Drive-768x768.jpg 768w, https:\/\/www.usborkeychain.com\/wp-content\/uploads\/New-Ballpoint-Pen-Model-USB-Flash-Drive-12x12.jpg 12w, https:\/\/www.usborkeychain.com\/wp-content\/uploads\/New-Ballpoint-Pen-Model-USB-Flash-Drive-600x600.jpg 600w, https:\/\/www.usborkeychain.com\/wp-content\/uploads\/New-Ballpoint-Pen-Model-USB-Flash-Drive-100x100.jpg 100w\" sizes=\"(max-width: 800px) 100vw, 800px\" \/><\/figure>\n<\/div>\n\n\n\n<div class=\"wp-block-column is-vertically-aligned-center is-layout-flow wp-block-column-is-layout-flow\">\n<p>Le <strong>stylo \u00e0 t\u00eate plate pour cl\u00e9 USB<\/strong> est un nouveau cadeau cr\u00e9atif 2-en-1 int\u00e9grant \"stockage + \u00e9criture\". Avec son aspect unique, ses performances professionnelles et ses avantages en mati\u00e8re de personnalisation, il est devenu un support essentiel pour les entreprises afin d'am\u00e9liorer l'efficacit\u00e9 et de promouvoir la communication de la marque.<\/p>\n\n\n\n<h4 class=\"wp-block-heading\">1. Mat\u00e9riaux et savoir-faire<\/h4>\n\n\n\n<ul class=\"wp-block-list\">\n<li>Coquille : Combinaison de plastique ABS et de corps de stylo en m\u00e9tal. La partie en plastique est l\u00e9g\u00e8re et r\u00e9sistante aux chutes, tandis que le corps du stylo en m\u00e9tal offre une texture exquise et une grande durabilit\u00e9, ce qui permet d'\u00e9quilibrer l'esth\u00e9tique et la praticit\u00e9.<\/li>\n\n\n\n<li>Structure de la cl\u00e9 USB : Elle est dot\u00e9e d'un design collo\u00efdal noir r\u00e9tractable. Le stockage cach\u00e9 rehausse l'esth\u00e9tique de la cl\u00e9, et le collo\u00efde noir poss\u00e8de des propri\u00e9t\u00e9s d'\u00e9tanch\u00e9it\u00e9 et de r\u00e9sistance aux chutes qui garantissent la s\u00e9curit\u00e9 des donn\u00e9es.<\/li>\n<\/ul>\n\n\n\n<h4 class=\"wp-block-heading\">2. Design et portabilit\u00e9 du stylo plat<\/h4>\n\n\n\n<p>Conception antiperte : L'agrafe m\u00e9tallique du stylo peut \u00eatre facilement attach\u00e9e aux cahiers ou aux dossiers pour \u00e9viter de la perdre, ce qui la rend facilement accessible \u00e0 tout moment et en tout lieu.<\/p>\n\n\n\n<p>Exp\u00e9rience de prise en main : Le corps plat du stylo s'adapte \u00e0 la paume de la main, ce qui permet une r\u00e9partition plus uniforme de la force pendant l'\u00e9criture, \u00e9vitant ainsi la fatigue, m\u00eame apr\u00e8s une utilisation prolong\u00e9e.<\/p>\n<\/div>\n<\/div>\n\n\n\n<h3 class=\"wp-block-heading\">Fonctions essentielles du stylo \u00e0 m\u00e9moire flash USB<\/h3>\n\n\n\n<div class=\"wp-block-columns are-vertically-aligned-center is-layout-flex wp-container-core-columns-is-layout-28f84493 wp-block-columns-is-layout-flex\">\n<div class=\"wp-block-column is-vertically-aligned-center is-layout-flow wp-block-column-is-layout-flow\">\n<h4 class=\"wp-block-heading\">1. Stockage sur cl\u00e9 USB<\/h4>\n\n\n\n<ul class=\"wp-block-list\">\n<li>Interfaces optionnelles : Prend en charge l'USB2.0 ou l'USB3.0 pour r\u00e9pondre aux besoins de diff\u00e9rents sc\u00e9narios.<\/li>\n<\/ul>\n\n\n\n<h4 class=\"wp-block-heading\">2. \u00c9criture au stylo \u00e0 bille<\/h4>\n\n\n\n<ul class=\"wp-block-list\">\n<li>Configuration de la recharge : Utilise une recharge de stylo \u00e0 bille universelle, garantissant une \u00e9criture fluide et un d\u00e9bit d'encre r\u00e9gulier, adapt\u00e9e aux comptes rendus de r\u00e9unions, aux signatures, aux notes quotidiennes et \u00e0 d'autres besoins.<\/li>\n\n\n\n<li>Compl\u00e9mentarit\u00e9 fonctionnelle : Lors de l'enregistrement de l'inspiration, il n'est pas n\u00e9cessaire de changer d'outil ; il permet un stockage direct apr\u00e8s l'\u00e9criture, r\u00e9alisant ainsi une \"connexion transparente\" entre la cr\u00e9ativit\u00e9 et les donn\u00e9es.<\/li>\n<\/ul>\n<\/div>\n\n\n\n<div class=\"wp-block-column is-vertically-aligned-center is-layout-flow wp-block-column-is-layout-flow\">\n<figure class=\"wp-block-image size-full\"><img alt=\"\" decoding=\"async\" width=\"800\" height=\"800\" src=\"https:\/\/www.usborkeychain.com\/wp-content\/uploads\/custome-pen-usb-flash.png\" class=\"wp-image-5528\" srcset=\"https:\/\/www.usborkeychain.com\/wp-content\/uploads\/custome-pen-usb-flash.png 800w, https:\/\/www.usborkeychain.com\/wp-content\/uploads\/custome-pen-usb-flash-300x300.png 300w, https:\/\/www.usborkeychain.com\/wp-content\/uploads\/custome-pen-usb-flash-150x150.png 150w, https:\/\/www.usborkeychain.com\/wp-content\/uploads\/custome-pen-usb-flash-768x768.png 768w, https:\/\/www.usborkeychain.com\/wp-content\/uploads\/custome-pen-usb-flash-12x12.png 12w, https:\/\/www.usborkeychain.com\/wp-content\/uploads\/custome-pen-usb-flash-600x600.png 600w, https:\/\/www.usborkeychain.com\/wp-content\/uploads\/custome-pen-usb-flash-100x100.png 100w\" sizes=\"(max-width: 800px) 100vw, 800px\" \/><\/figure>\n<\/div>\n<\/div>\n\n\n\n<h3 class=\"wp-block-heading\">La personnalisation du LOGO est-elle possible ?<\/h3>\n\n\n\n<div class=\"wp-block-columns is-layout-flex wp-container-core-columns-is-layout-28f84493 wp-block-columns-is-layout-flex\">\n<div class=\"wp-block-column is-vertically-aligned-center is-layout-flow wp-block-column-is-layout-flow\">\n<figure class=\"wp-block-image size-full\"><img alt=\"\" decoding=\"async\" width=\"800\" height=\"800\" src=\"https:\/\/www.usborkeychain.com\/wp-content\/uploads\/Ballpoint-USB-Combo-Pen.png\" class=\"wp-image-5527\" srcset=\"https:\/\/www.usborkeychain.com\/wp-content\/uploads\/Ballpoint-USB-Combo-Pen.png 800w, https:\/\/www.usborkeychain.com\/wp-content\/uploads\/Ballpoint-USB-Combo-Pen-300x300.png 300w, https:\/\/www.usborkeychain.com\/wp-content\/uploads\/Ballpoint-USB-Combo-Pen-150x150.png 150w, https:\/\/www.usborkeychain.com\/wp-content\/uploads\/Ballpoint-USB-Combo-Pen-768x768.png 768w, https:\/\/www.usborkeychain.com\/wp-content\/uploads\/Ballpoint-USB-Combo-Pen-12x12.png 12w, https:\/\/www.usborkeychain.com\/wp-content\/uploads\/Ballpoint-USB-Combo-Pen-600x600.png 600w, https:\/\/www.usborkeychain.com\/wp-content\/uploads\/Ballpoint-USB-Combo-Pen-100x100.png 100w\" sizes=\"(max-width: 800px) 100vw, 800px\" \/><\/figure>\n<\/div>\n\n\n\n<div class=\"wp-block-column is-vertically-aligned-center is-layout-flow wp-block-column-is-layout-flow\">\n<p>Le LOGO peut \u00eatre personnalis\u00e9 sur le corps du stylo, les techniques applicables \u00e9tant les suivantes :<\/p>\n\n\n\n<ul class=\"wp-block-list\">\n<li>Gravure au laser : Gravure d'un LOGO tridimensionnel sur la surface m\u00e9tallique, avec une texture de haute qualit\u00e9, une r\u00e9sistance \u00e0 l'usure et aux rayures, convenant aux marques de style minimaliste.<\/li>\n\n\n\n<li>Technologie d'impression couleur : Reproduit fid\u00e8lement les couleurs de la marque et prend en charge les motifs complexes, rendant le LOGO plus vivant et plus accrocheur.<\/li>\n<\/ul>\n<\/div>\n<\/div>\n\n\n\n<h3 class=\"wp-block-heading\">Param\u00e8tres professionnels de la cl\u00e9 USB<\/h3>\n\n\n\n<figure class=\"wp-block-table\"><table class=\"has-fixed-layout\"><thead><tr><th>Param\u00e8tre Poste<\/th><th>D\u00e9tails<\/th><\/tr><\/thead><tbody><tr><td>Type d'interface<\/td><td>USB2.0 \/ USB3.0<\/td><\/tr><tr><td>Options de capacit\u00e9<\/td><td>8GB, 16GB, 32GB, 64GB, 128GB<\/td><\/tr><tr><td>Taille du corps du stylo<\/td><td>Longueur : 144,8 mm, diam\u00e8tre du stylo : 18,8 mm<\/td><\/tr><tr><td>Poids du produit<\/td><td>40g<\/td><\/tr><tr><td>Couleur du corps du stylo<\/td><td>Noir, argent (couleurs de base), couleurs personnalis\u00e9es disponibles<\/td><\/tr><tr><td>Caract\u00e9ristiques de la cl\u00e9 USB<\/td><td>Conception \u00e9tanche \u00e0 la collo\u00efde noire, stockage stable des donn\u00e9es<\/td><\/tr><tr><td>Recharge d'\u00e9criture<\/td><td>Recharge universelle pour stylo \u00e0 bille, facile \u00e0 remplacer<\/td><\/tr><\/tbody><\/table><\/figure>\n\n\n\n<h3 class=\"wp-block-heading\">Entreprises concern\u00e9es<\/h3>\n\n\n\n<div class=\"wp-block-columns is-layout-flex wp-container-core-columns-is-layout-28f84493 wp-block-columns-is-layout-flex\">\n<div class=\"wp-block-column is-layout-flow wp-block-column-is-layout-flow\">\n<h4 class=\"wp-block-heading\">1. Entreprises de services aux entreprises (cabinets de conseil, de finance, d'avocats)<\/h4>\n\n\n\n<p>Apr\u00e8s personnalisation, il peut \u00eatre utilis\u00e9 comme cadeau pour les clients, les documents du projet \u00e9tant stock\u00e9s dans la cl\u00e9 USB.<\/p>\n\n\n\n<h4 class=\"wp-block-heading\">2. Industrie de l'\u00e9ducation (\u00e9coles, \u00e9tablissements de formation)<\/h4>\n\n\n\n<p>Les enseignants peuvent y ranger le mat\u00e9riel de pr\u00e9paration des cours et les didacticiels, et l'utiliser pour \u00e9crire sur le tableau noir de la salle de classe. Avec les embl\u00e8mes personnalis\u00e9s de l'\u00e9cole, il peut servir de cadeau d'anniversaire pour l'\u00e9cole ou de cadeau de fin d'\u00e9tudes pour les \u00e9tudiants.<\/p>\n\n\n\n<h4 class=\"wp-block-heading\">3. Organisation d'\u00e9v\u00e9nements et d'expositions<\/h4>\n\n\n\n<p>En tant que souvenir pour les participants, il permet aux invit\u00e9s d'enregistrer les points cl\u00e9s de la r\u00e9union et de conserver les documents.<\/p>\n\n\n\n<h4 class=\"wp-block-heading\">4. Entreprises technologiques<\/h4>\n\n\n\n<p>Utilis\u00e9 comme outil de bureau pour les employ\u00e9s ou comme cadeau pour les partenaires.<\/p>\n<\/div>\n\n\n\n<div class=\"wp-block-column is-vertically-aligned-center is-layout-flow wp-block-column-is-layout-flow\">\n<figure class=\"wp-block-image size-full\"><img alt=\"\" loading=\"lazy\" decoding=\"async\" width=\"800\" height=\"800\" src=\"https:\/\/www.usborkeychain.com\/wp-content\/uploads\/SlimDuo-PenDrive.png\" class=\"wp-image-5530\" srcset=\"https:\/\/www.usborkeychain.com\/wp-content\/uploads\/SlimDuo-PenDrive.png 800w, https:\/\/www.usborkeychain.com\/wp-content\/uploads\/SlimDuo-PenDrive-300x300.png 300w, https:\/\/www.usborkeychain.com\/wp-content\/uploads\/SlimDuo-PenDrive-150x150.png 150w, https:\/\/www.usborkeychain.com\/wp-content\/uploads\/SlimDuo-PenDrive-768x768.png 768w, https:\/\/www.usborkeychain.com\/wp-content\/uploads\/SlimDuo-PenDrive-12x12.png 12w, https:\/\/www.usborkeychain.com\/wp-content\/uploads\/SlimDuo-PenDrive-600x600.png 600w, https:\/\/www.usborkeychain.com\/wp-content\/uploads\/SlimDuo-PenDrive-100x100.png 100w\" sizes=\"(max-width: 800px) 100vw, 800px\" \/><\/figure>\n<\/div>\n<\/div>\n\n\n\n<div class=\"wp-block-columns is-layout-flex wp-container-core-columns-is-layout-28f84493 wp-block-columns-is-layout-flex\">\n<div class=\"wp-block-column is-vertically-aligned-center is-layout-flow wp-block-column-is-layout-flow\">\n<figure class=\"wp-block-image size-full\"><img alt=\"\" loading=\"lazy\" decoding=\"async\" width=\"800\" height=\"800\" src=\"https:\/\/www.usborkeychain.com\/wp-content\/uploads\/ballpoint-pen-with-usb-flash-drive.png\" class=\"wp-image-5526\" srcset=\"https:\/\/www.usborkeychain.com\/wp-content\/uploads\/ballpoint-pen-with-usb-flash-drive.png 800w, https:\/\/www.usborkeychain.com\/wp-content\/uploads\/ballpoint-pen-with-usb-flash-drive-300x300.png 300w, https:\/\/www.usborkeychain.com\/wp-content\/uploads\/ballpoint-pen-with-usb-flash-drive-150x150.png 150w, https:\/\/www.usborkeychain.com\/wp-content\/uploads\/ballpoint-pen-with-usb-flash-drive-768x768.png 768w, https:\/\/www.usborkeychain.com\/wp-content\/uploads\/ballpoint-pen-with-usb-flash-drive-12x12.png 12w, https:\/\/www.usborkeychain.com\/wp-content\/uploads\/ballpoint-pen-with-usb-flash-drive-600x600.png 600w, https:\/\/www.usborkeychain.com\/wp-content\/uploads\/ballpoint-pen-with-usb-flash-drive-100x100.png 100w\" sizes=\"(max-width: 800px) 100vw, 800px\" \/><\/figure>\n<\/div>\n\n\n\n<div class=\"wp-block-column is-vertically-aligned-center is-layout-flow wp-block-column-is-layout-flow\">\n<p>Avec les avantages fondamentaux de \"l'int\u00e9gration fonctionnelle, de la conception exquise et de la personnalisation flexible\", le <strong>stylo \u00e0 t\u00eate plate pour cl\u00e9 USB<\/strong> est devenu un facteur d'efficacit\u00e9 dans les bureaux et un vecteur de communication pour les marques. <\/p>\n\n\n\n<p>Que les entreprises cherchent \u00e0 am\u00e9liorer l'exp\u00e9rience au bureau ou \u00e0 cr\u00e9er des cadeaux diff\u00e9renci\u00e9s, cette<strong> Stylo cl\u00e9 USB 2 en 1<\/strong> peut atteindre la double valeur \"praticit\u00e9 + marque\" gr\u00e2ce \u00e0 ses performances professionnelles et \u00e0 son design cr\u00e9atif.<\/p>\n<\/div>\n<\/div>","protected":false},"excerpt":{"rendered":"<ul>\n<li>Conception \u00e0 t\u00eate plate<\/li>\n<li>Personnalisation du LOGO<\/li>\n<li>Corps du stylo en plastique ABS et m\u00e9tal<\/li>\n<li>Design collo\u00efdal noir r\u00e9tractable<\/li>\n<li>MOQ:100pcs<\/li>\n<\/ul>","protected":false},"featured_media":5528,"comment_status":"open","ping_status":"closed","template":"","meta":{"_seopress_robots_primary_cat":"","_seopress_titles_title":"","_seopress_titles_desc":"","_seopress_robots_index":"","site-sidebar-layout":"default","site-content-layout":"","ast-site-content-layout":"","site-content-style":"default","site-sidebar-style":"default","ast-global-header-display":"","ast-banner-title-visibility":"","ast-main-header-display":"","ast-hfb-above-header-display":"","ast-hfb-below-header-display":"","ast-hfb-mobile-header-display":"","site-post-title":"","ast-breadcrumbs-content":"","ast-featured-img":"","footer-sml-layout":"","theme-transparent-header-meta":"","adv-header-id-meta":"","stick-header-meta":"","header-above-stick-meta":"","header-main-stick-meta":"","header-below-stick-meta":"","astra-migrate-meta-layouts":"default","ast-page-background-enabled":"default","ast-page-background-meta":{"desktop":{"background-color":"var(--ast-global-color-5)","background-image":"","background-repeat":"repeat","background-position":"center center","background-size":"auto","background-attachment":"scroll","background-type":"","background-media":"","overlay-type":"","overlay-color":"","overlay-opacity":"","overlay-gradient":""},"tablet":{"background-color":"","background-image":"","background-repeat":"repeat","background-position":"center center","background-size":"auto","background-attachment":"scroll","background-type":"","background-media":"","overlay-type":"","overlay-color":"","overlay-opacity":"","overlay-gradient":""},"mobile":{"background-color":"","background-image":"","background-repeat":"repeat","background-position":"center center","background-size":"auto","background-attachment":"scroll","background-type":"","background-media":"","overlay-type":"","overlay-color":"","overlay-opacity":"","overlay-gradient":""}},"ast-content-background-meta":{"desktop":{"background-color":"var(--ast-global-color-4)","background-image":"","background-repeat":"repeat","background-position":"center center","background-size":"auto","background-attachment":"scroll","background-type":"","background-media":"","overlay-type":"","overlay-color":"","overlay-opacity":"","overlay-gradient":""},"tablet":{"background-color":"var(--ast-global-color-4)","background-image":"","background-repeat":"repeat","background-position":"center center","background-size":"auto","background-attachment":"scroll","background-type":"","background-media":"","overlay-type":"","overlay-color":"","overlay-opacity":"","overlay-gradient":""},"mobile":{"background-color":"var(--ast-global-color-4)","background-image":"","background-repeat":"repeat","background-position":"center center","background-size":"auto","background-attachment":"scroll","background-type":"","background-media":"","overlay-type":"","overlay-color":"","overlay-opacity":"","overlay-gradient":""}}},"product_brand":[],"product_cat":[100],"product_tag":[334,341,342],"class_list":{"0":"post-5523","1":"product","2":"type-product","3":"status-publish","4":"has-post-thumbnail","6":"product_cat-usb-drive-with-pen","7":"product_tag-2-in-1-ballpoint-pen-usb-drive-2","8":"product_tag-flat-headed-design-usb-flash-drive-pen","9":"product_tag-usb-flash-dirve-with-pen","10":"desktop-align-left","11":"tablet-align-left","12":"mobile-align-left","14":"first","15":"instock","16":"shipping-taxable","17":"product-type-simple"},"_links":{"self":[{"href":"https:\/\/www.usborkeychain.com\/fr\/wp-json\/wp\/v2\/product\/5523","targetHints":{"allow":["GET"]}}],"collection":[{"href":"https:\/\/www.usborkeychain.com\/fr\/wp-json\/wp\/v2\/product"}],"about":[{"href":"https:\/\/www.usborkeychain.com\/fr\/wp-json\/wp\/v2\/types\/product"}],"replies":[{"embeddable":true,"href":"https:\/\/www.usborkeychain.com\/fr\/wp-json\/wp\/v2\/comments?post=5523"}],"wp:featuredmedia":[{"embeddable":true,"href":"https:\/\/www.usborkeychain.com\/fr\/wp-json\/wp\/v2\/media\/5528"}],"wp:attachment":[{"href":"https:\/\/www.usborkeychain.com\/fr\/wp-json\/wp\/v2\/media?parent=5523"}],"wp:term":[{"taxonomy":"product_brand","embeddable":true,"href":"https:\/\/www.usborkeychain.com\/fr\/wp-json\/wp\/v2\/product_brand?post=5523"},{"taxonomy":"product_cat","embeddable":true,"href":"https:\/\/www.usborkeychain.com\/fr\/wp-json\/wp\/v2\/product_cat?post=5523"},{"taxonomy":"product_tag","embeddable":true,"href":"https:\/\/www.usborkeychain.com\/fr\/wp-json\/wp\/v2\/product_tag?post=5523"}],"curies":[{"name":"wp","href":"https:\/\/api.w.org\/{rel}","templated":true}]}}