{"id":5562,"date":"2025-08-02T14:33:20","date_gmt":"2025-08-02T14:33:20","guid":{"rendered":"https:\/\/www.usborkeychain.com\/?post_type=product&#038;p=5562"},"modified":"2025-08-02T16:17:54","modified_gmt":"2025-08-02T16:17:54","slug":"magnetic-flap-leather-usb-flash-drive","status":"publish","type":"product","link":"https:\/\/www.usborkeychain.com\/fr\/produit\/magnetic-flap-leather-usb-flash-drive\/","title":{"rendered":"Cl\u00e9 USB en cuir \u00e0 rabat magn\u00e9tique"},"content":{"rendered":"<div class=\"wp-block-columns is-layout-flex wp-container-core-columns-is-layout-28f84493 wp-block-columns-is-layout-flex\">\n<div class=\"wp-block-column is-vertically-aligned-center is-layout-flow wp-block-column-is-layout-flow\">\n<p>Le <strong>Cl\u00e9 USB en cuir \u00e0 rabat magn\u00e9tique<\/strong> se caract\u00e9rise par une \"structure magn\u00e9tique \u00e0 couvercle rabattable\". Elle adopte un processus de moulage monobloc en alliage d'aluminium-magn\u00e9sium, subit des traitements de sablage et de galvanoplastie, ce qui permet d'obtenir une surface r\u00e9sistante \u00e0 l'usure et aux rayures. L'interface USB est \u00e9quip\u00e9e d'un rev\u00eatement anti-oxydation int\u00e9gr\u00e9 (avec une dur\u00e9e de vie de \u2265 10 000 connexions et d\u00e9connexions), garantissant une transmission de donn\u00e9es stable \u00e0 long terme.<\/p>\n\n\n\n<h2 class=\"wp-block-heading\">\u00c9tui en cuir :<\/h2>\n\n\n\n<p>D\u00e9tails de la fabrication : Les bords adoptent une technique de couture \u00e0 double point (distance de point \u2264 2mm) pour renforcer la stabilit\u00e9 structurelle, \u00e9liminer le risque de rel\u00e2chement du fil et am\u00e9liorer la finesse visuelle.<\/p>\n\n\n\n<p>Mod\u00e8le de base : Cuir PU haute densit\u00e9 s\u00e9lectionn\u00e9 (flexible, r\u00e9sistant aux \u00e9claboussures, co\u00fbt contr\u00f4lable, adapt\u00e9 \u00e0 l'achat en gros) ;<\/p>\n\n\n\n<p>Mod\u00e8le haut de gamme : Cuir de vachette de qualit\u00e9 sup\u00e9rieure (texture naturelle, toucher agr\u00e9able, adapt\u00e9 aux sc\u00e9narios professionnels haut de gamme) ;<\/p>\n<\/div>\n\n\n\n<div class=\"wp-block-column is-vertically-aligned-center is-layout-flow wp-block-column-is-layout-flow\">\n<figure class=\"wp-block-image size-full\"><img alt=\"\" fetchpriority=\"high\" decoding=\"async\" width=\"800\" height=\"800\" src=\"https:\/\/www.usborkeychain.com\/wp-content\/uploads\/Premium-Leather-USB-Flash-Drive.png\" class=\"wp-image-5572\" srcset=\"https:\/\/www.usborkeychain.com\/wp-content\/uploads\/Premium-Leather-USB-Flash-Drive.png 800w, https:\/\/www.usborkeychain.com\/wp-content\/uploads\/Premium-Leather-USB-Flash-Drive-300x300.png 300w, https:\/\/www.usborkeychain.com\/wp-content\/uploads\/Premium-Leather-USB-Flash-Drive-150x150.png 150w, https:\/\/www.usborkeychain.com\/wp-content\/uploads\/Premium-Leather-USB-Flash-Drive-768x768.png 768w, https:\/\/www.usborkeychain.com\/wp-content\/uploads\/Premium-Leather-USB-Flash-Drive-12x12.png 12w, https:\/\/www.usborkeychain.com\/wp-content\/uploads\/Premium-Leather-USB-Flash-Drive-600x600.png 600w, https:\/\/www.usborkeychain.com\/wp-content\/uploads\/Premium-Leather-USB-Flash-Drive-100x100.png 100w\" sizes=\"(max-width: 800px) 100vw, 800px\" \/><\/figure>\n<\/div>\n<\/div>\n\n\n\n<div class=\"wp-block-columns are-vertically-aligned-center is-layout-flex wp-container-core-columns-is-layout-28f84493 wp-block-columns-is-layout-flex\">\n<div class=\"wp-block-column is-vertically-aligned-center is-layout-flow wp-block-column-is-layout-flow\">\n<figure class=\"wp-block-image size-full\"><img alt=\"\" decoding=\"async\" width=\"800\" height=\"800\" src=\"https:\/\/www.usborkeychain.com\/wp-content\/uploads\/Magnetic-Flap-Leather-USB-Flash-Drive.png\" class=\"wp-image-5570\" srcset=\"https:\/\/www.usborkeychain.com\/wp-content\/uploads\/Magnetic-Flap-Leather-USB-Flash-Drive.png 800w, https:\/\/www.usborkeychain.com\/wp-content\/uploads\/Magnetic-Flap-Leather-USB-Flash-Drive-300x300.png 300w, https:\/\/www.usborkeychain.com\/wp-content\/uploads\/Magnetic-Flap-Leather-USB-Flash-Drive-150x150.png 150w, https:\/\/www.usborkeychain.com\/wp-content\/uploads\/Magnetic-Flap-Leather-USB-Flash-Drive-768x768.png 768w, https:\/\/www.usborkeychain.com\/wp-content\/uploads\/Magnetic-Flap-Leather-USB-Flash-Drive-12x12.png 12w, https:\/\/www.usborkeychain.com\/wp-content\/uploads\/Magnetic-Flap-Leather-USB-Flash-Drive-600x600.png 600w, https:\/\/www.usborkeychain.com\/wp-content\/uploads\/Magnetic-Flap-Leather-USB-Flash-Drive-100x100.png 100w\" sizes=\"(max-width: 800px) 100vw, 800px\" \/><\/figure>\n<\/div>\n\n\n\n<div class=\"wp-block-column is-vertically-aligned-center is-layout-flow wp-block-column-is-layout-flow\">\n<h3 class=\"wp-block-heading\">Avantages principaux<\/h3>\n\n\n\n<ul class=\"wp-block-list\">\n<li>Syst\u00e8me de fermeture magn\u00e9tique : Le couvercle en cuir est dot\u00e9 d'un aimant n\u00e9odyme-fer-bore puissant (force d'adsorption \u2265 1,5 N), qui s'adapte pr\u00e9cis\u00e9ment au corps m\u00e9tallique, assurant une fermeture s\u00e9curis\u00e9e et une ouverture\/fermeture en douceur sans desserrage ni d\u00e9faillance de l'aimant.<\/li>\n\n\n\n<li>Exp\u00e9rience sans couvercle : L'interface USB est cach\u00e9e \u00e0 l'int\u00e9rieur du couvercle en cuir. Lorsqu'elle est utilis\u00e9e, il suffit de la retourner pour la brancher directement sur l'appareil, ce qui \u00e9vite de perdre le couvercle. Lorsqu'elle est ferm\u00e9e, l'interface est enti\u00e8rement prot\u00e9g\u00e9e, ce qui permet d'\u00e9viter la poussi\u00e8re et les rayures.<\/li>\n\n\n\n<li>Adaptabilit\u00e9 \u00e0 la sc\u00e8ne : Le mod\u00e8le combinant un \u00e9tui en cuir surpiqu\u00e9 et une texture m\u00e9tallique est le mod\u00e8le classique le plus accept\u00e9 par le march\u00e9 dans la cat\u00e9gorie des cl\u00e9s USB avec \u00e9tui en cuir.<\/li>\n<\/ul>\n<\/div>\n<\/div>\n\n\n\n<h2 class=\"wp-block-heading\">Quelles sont les personnalisations possibles pour la cl\u00e9 USB en cuir avec fermeture magn\u00e9tique ?<\/h2>\n\n\n\n<h3 class=\"wp-block-heading\">1. Personnalisation du LOGO sur la surface du cuir<\/h3>\n\n\n\n<figure class=\"wp-block-table\"><table class=\"has-fixed-layout\"><thead><tr><th>Type d'artisanat<\/th><th>Sc\u00e9narios applicables<\/th><th>Caract\u00e9ristiques de l'effet<\/th><\/tr><\/thead><tbody><tr><td>Gravure au laser<\/td><td>Texte fin, LOGO simple<\/td><td>Finition mate \u78e8\u7802, lignes claires<\/td><\/tr><tr><td>Marquage \u00e0 chaud<\/td><td>LOGO tridimensionnel, logos de marque<\/td><td>Texture gaufr\u00e9e, toucher prononc\u00e9<\/td><\/tr><tr><td>S\u00e9rigraphie<\/td><td>Motifs color\u00e9s, dessins en d\u00e9grad\u00e9<\/td><td>Couleurs vives, haute \u8fd8\u539f\u5ea6<\/td><\/tr><tr><td>Marquage \u00e0 la feuille d'or ou d'argent<\/td><td>Entreprises haut de gamme, styles luxueux<\/td><td>\u00c9clat m\u00e9tallique, qualit\u00e9 sup\u00e9rieure<\/td><\/tr><\/tbody><\/table><\/figure>\n\n\n\n<div class=\"wp-block-columns is-layout-flex wp-container-core-columns-is-layout-28f84493 wp-block-columns-is-layout-flex\">\n<div class=\"wp-block-column is-layout-flow wp-block-column-is-layout-flow\">\n<h3 class=\"wp-block-heading\">2. Mat\u00e9riaux en cuir<\/h3>\n\n\n\n<ul class=\"wp-block-list\">\n<li>Cuir : Outre le cuir de vachette de premi\u00e8re qualit\u00e9 et le PU, les textures sp\u00e9ciales personnalis\u00e9es (telles que le crocodile, le cuir de cheval) et le cuir \u00e9cologique (mat\u00e9riaux biod\u00e9gradables) sont pris en charge.<\/li>\n<\/ul>\n\n\n\n<figure class=\"wp-block-image size-full\"><img alt=\"\" decoding=\"async\" width=\"800\" height=\"800\" src=\"https:\/\/www.usborkeychain.com\/wp-content\/uploads\/usb-flash-drive-leather-case.png\" class=\"wp-image-5573\" srcset=\"https:\/\/www.usborkeychain.com\/wp-content\/uploads\/usb-flash-drive-leather-case.png 800w, https:\/\/www.usborkeychain.com\/wp-content\/uploads\/usb-flash-drive-leather-case-300x300.png 300w, https:\/\/www.usborkeychain.com\/wp-content\/uploads\/usb-flash-drive-leather-case-150x150.png 150w, https:\/\/www.usborkeychain.com\/wp-content\/uploads\/usb-flash-drive-leather-case-768x768.png 768w, https:\/\/www.usborkeychain.com\/wp-content\/uploads\/usb-flash-drive-leather-case-12x12.png 12w, https:\/\/www.usborkeychain.com\/wp-content\/uploads\/usb-flash-drive-leather-case-600x600.png 600w, https:\/\/www.usborkeychain.com\/wp-content\/uploads\/usb-flash-drive-leather-case-100x100.png 100w\" sizes=\"(max-width: 800px) 100vw, 800px\" \/><\/figure>\n<\/div>\n\n\n\n<div class=\"wp-block-column is-layout-flow wp-block-column-is-layout-flow\">\n<h3 class=\"wp-block-heading\">3. Personnalisation des couleurs<\/h3>\n\n\n\n<ul class=\"wp-block-list\">\n<li>Couvre toute la gamme des couleurs Pantone et permet de faire correspondre les couleurs exclusives de l'entreprise VI (telles que les couleurs standard de la marque, les couleurs du th\u00e8me de l'\u00e9v\u00e9nement) afin de r\u00e9pondre \u00e0 des besoins visuels personnalis\u00e9s.<\/li>\n<\/ul>\n\n\n\n<figure class=\"wp-block-image size-full\"><img alt=\"\" loading=\"lazy\" decoding=\"async\" width=\"800\" height=\"800\" src=\"https:\/\/www.usborkeychain.com\/wp-content\/uploads\/Leather-USB-Flash-Drives.png\" class=\"wp-image-5569\" srcset=\"https:\/\/www.usborkeychain.com\/wp-content\/uploads\/Leather-USB-Flash-Drives.png 800w, https:\/\/www.usborkeychain.com\/wp-content\/uploads\/Leather-USB-Flash-Drives-300x300.png 300w, https:\/\/www.usborkeychain.com\/wp-content\/uploads\/Leather-USB-Flash-Drives-150x150.png 150w, https:\/\/www.usborkeychain.com\/wp-content\/uploads\/Leather-USB-Flash-Drives-768x768.png 768w, https:\/\/www.usborkeychain.com\/wp-content\/uploads\/Leather-USB-Flash-Drives-12x12.png 12w, https:\/\/www.usborkeychain.com\/wp-content\/uploads\/Leather-USB-Flash-Drives-600x600.png 600w, https:\/\/www.usborkeychain.com\/wp-content\/uploads\/Leather-USB-Flash-Drives-100x100.png 100w\" sizes=\"(max-width: 800px) 100vw, 800px\" \/><\/figure>\n<\/div>\n<\/div>\n\n\n\n<h2 class=\"wp-block-heading\">Param\u00e8tres de la cl\u00e9 USB<\/h2>\n\n\n\n<figure class=\"wp-block-table\"><table class=\"has-fixed-layout\"><thead><tr><th>Cat\u00e9gorie<\/th><th>Param\u00e8tres techniques<\/th><\/tr><\/thead><tbody><tr><td>Capacit\u00e9<\/td><td>8GB \/ 16GB \/ 32GB \/ 64GB \/ 128GB<\/td><\/tr><tr><td>Dimensions (L \u00d7 L \u00d7 H)<\/td><td>60mm \u00d7 25mm \u00d7 18mm<\/td><\/tr><tr><td>Protocole d'interface<\/td><td>USB 2.0 (compatible avec USB 3.0)<\/td><\/tr><tr><td>Poids<\/td><td>Environ 22 g (\u00e9tui en cuir inclus)<\/td><\/tr><tr><td>R\u00e9sistance \u00e0 l'eau<\/td><td>R\u00e9sistant aux \u00e9claboussures sur la surface en cuir (IP42)<\/td><\/tr><\/tbody><\/table><\/figure>\n\n\n\n<div class=\"wp-block-columns is-layout-flex wp-container-core-columns-is-layout-28f84493 wp-block-columns-is-layout-flex\">\n<div class=\"wp-block-column is-layout-flow wp-block-column-is-layout-flow\"><\/div>\n<\/div>\n\n\n\n<h2 class=\"wp-block-heading\">Sc\u00e9narios applicables<\/h2>\n\n\n\n<div class=\"wp-block-columns is-layout-flex wp-container-core-columns-is-layout-28f84493 wp-block-columns-is-layout-flex\">\n<div class=\"wp-block-column is-layout-flow wp-block-column-is-layout-flow\">\n<figure class=\"wp-block-image size-full\"><img alt=\"\" loading=\"lazy\" decoding=\"async\" width=\"800\" height=\"800\" src=\"https:\/\/www.usborkeychain.com\/wp-content\/uploads\/metal-leather-usb-flash-drive.png\" class=\"wp-image-5571\" srcset=\"https:\/\/www.usborkeychain.com\/wp-content\/uploads\/metal-leather-usb-flash-drive.png 800w, https:\/\/www.usborkeychain.com\/wp-content\/uploads\/metal-leather-usb-flash-drive-300x300.png 300w, https:\/\/www.usborkeychain.com\/wp-content\/uploads\/metal-leather-usb-flash-drive-150x150.png 150w, https:\/\/www.usborkeychain.com\/wp-content\/uploads\/metal-leather-usb-flash-drive-768x768.png 768w, https:\/\/www.usborkeychain.com\/wp-content\/uploads\/metal-leather-usb-flash-drive-12x12.png 12w, https:\/\/www.usborkeychain.com\/wp-content\/uploads\/metal-leather-usb-flash-drive-600x600.png 600w, https:\/\/www.usborkeychain.com\/wp-content\/uploads\/metal-leather-usb-flash-drive-100x100.png 100w\" sizes=\"(max-width: 800px) 100vw, 800px\" \/><\/figure>\n\n\n\n<ul class=\"wp-block-list\">\n<li>Souvenirs des r\u00e9unions\/sommets annuels (avec LOGO personnalis\u00e9 de l'entreprise + vid\u00e9os promotionnelles pr\u00e9charg\u00e9es dans la m\u00e9moire) ;<\/li>\n\n\n\n<li>Cadeaux de remerciement haut de gamme (mod\u00e8le en cuir de vachette de premi\u00e8re qualit\u00e9, accompagn\u00e9 d'une bo\u00eete cadeau personnalis\u00e9e pour en souligner l'\u00e9l\u00e9gance) ;<\/li>\n\n\n\n<li>Avantages pour les employ\u00e9s (avec noms grav\u00e9s\/identifications des employ\u00e9s pour renforcer le sentiment d'appartenance) ;<\/li>\n<\/ul>\n<\/div>\n\n\n\n<div class=\"wp-block-column is-layout-flow wp-block-column-is-layout-flow\">\n<figure class=\"wp-block-image size-full\"><img alt=\"\" loading=\"lazy\" decoding=\"async\" width=\"800\" height=\"800\" src=\"https:\/\/www.usborkeychain.com\/wp-content\/uploads\/Leather-Metallic-Magnetic-Flap-USB-Pen-Drive.png\" class=\"wp-image-5567\" srcset=\"https:\/\/www.usborkeychain.com\/wp-content\/uploads\/Leather-Metallic-Magnetic-Flap-USB-Pen-Drive.png 800w, https:\/\/www.usborkeychain.com\/wp-content\/uploads\/Leather-Metallic-Magnetic-Flap-USB-Pen-Drive-300x300.png 300w, https:\/\/www.usborkeychain.com\/wp-content\/uploads\/Leather-Metallic-Magnetic-Flap-USB-Pen-Drive-150x150.png 150w, https:\/\/www.usborkeychain.com\/wp-content\/uploads\/Leather-Metallic-Magnetic-Flap-USB-Pen-Drive-768x768.png 768w, https:\/\/www.usborkeychain.com\/wp-content\/uploads\/Leather-Metallic-Magnetic-Flap-USB-Pen-Drive-12x12.png 12w, https:\/\/www.usborkeychain.com\/wp-content\/uploads\/Leather-Metallic-Magnetic-Flap-USB-Pen-Drive-600x600.png 600w, https:\/\/www.usborkeychain.com\/wp-content\/uploads\/Leather-Metallic-Magnetic-Flap-USB-Pen-Drive-100x100.png 100w\" sizes=\"(max-width: 800px) 100vw, 800px\" \/><\/figure>\n\n\n\n<ul class=\"wp-block-list\">\n<li>Des cadeaux pour le lancement de nouveaux produits (pr\u00e9charg\u00e9s avec des manuels de produits et du mat\u00e9riel promotionnel pour une meilleure diffusion) ;<\/li>\n\n\n\n<li>Avantages exclusifs pour les membres (avec des num\u00e9ros de s\u00e9rie personnalis\u00e9s + des dessins exclusifs pour renforcer la fid\u00e9lit\u00e9 des utilisateurs) ;<\/li>\n\n\n\n<li>Mariages\/anniversaires : Grav\u00e9 avec les noms et dates du couple, utilis\u00e9 pour stocker les photos\/vid\u00e9os du mariage, devenant ainsi un souvenir unique ;<\/li>\n<\/ul>\n<\/div>\n\n\n\n<div class=\"wp-block-column is-layout-flow wp-block-column-is-layout-flow\">\n<figure class=\"wp-block-image size-full\"><img alt=\"\" loading=\"lazy\" decoding=\"async\" width=\"800\" height=\"800\" src=\"https:\/\/www.usborkeychain.com\/wp-content\/uploads\/buy-metal-leather-usb-flash-drive.png\" class=\"wp-image-5565\" srcset=\"https:\/\/www.usborkeychain.com\/wp-content\/uploads\/buy-metal-leather-usb-flash-drive.png 800w, https:\/\/www.usborkeychain.com\/wp-content\/uploads\/buy-metal-leather-usb-flash-drive-300x300.png 300w, https:\/\/www.usborkeychain.com\/wp-content\/uploads\/buy-metal-leather-usb-flash-drive-150x150.png 150w, https:\/\/www.usborkeychain.com\/wp-content\/uploads\/buy-metal-leather-usb-flash-drive-768x768.png 768w, https:\/\/www.usborkeychain.com\/wp-content\/uploads\/buy-metal-leather-usb-flash-drive-12x12.png 12w, https:\/\/www.usborkeychain.com\/wp-content\/uploads\/buy-metal-leather-usb-flash-drive-600x600.png 600w, https:\/\/www.usborkeychain.com\/wp-content\/uploads\/buy-metal-leather-usb-flash-drive-100x100.png 100w\" sizes=\"(max-width: 800px) 100vw, 800px\" \/><\/figure>\n\n\n\n<ul class=\"wp-block-list\">\n<li>Saison de remise des dipl\u00f4mes : \u00c9quip\u00e9s de LOGO de classe et de messages, ils sont utilis\u00e9s pour stocker les images des jeunes et pr\u00e9server les souvenirs du campus ;<\/li>\n\n\n\n<li>Collections personnelles : Personnalis\u00e9es avec des textures de cuir sp\u00e9ciales et des motifs exclusifs pour cr\u00e9er des articles personnalis\u00e9s.<\/li>\n<\/ul>\n<\/div>\n<\/div>\n\n\n\n<div class=\"wp-block-columns is-layout-flex wp-container-core-columns-is-layout-28f84493 wp-block-columns-is-layout-flex\">\n<div class=\"wp-block-column is-vertically-aligned-center is-layout-flow wp-block-column-is-layout-flow\">\n<p>Le <strong>Cl\u00e9 USB en cuir \u00e0 rabat magn\u00e9tique<\/strong> se caract\u00e9rise par une personnalisation flexible, couvrant les besoins haut, moyen et bas de gamme, de l'artisanat aux mat\u00e9riaux, et s'adaptant aux diff\u00e9rents budgets et au positionnement de la marque. <\/p>\n\n\n\n<p>Il s'agit du mod\u00e8le pour lequel les demandes de personnalisation sont les plus nombreuses et les r\u00e9actions du march\u00e9 les plus enthousiastes. <strong>\u00e9tui en cuir USB <\/strong>cat\u00e9gorie d'entra\u00eenement. <\/p>\n\n\n\n<p>Qu'il s'agisse de cadeaux d'entreprise, de supports de marketing de marque ou d'articles personnels personnalis\u00e9s, elle est devenue la \"r\u00e9f\u00e9rence professionnelle\" parmi les outils de stockage gr\u00e2ce \u00e0 son \"luxe discret\" et continue de dominer le march\u00e9 de la personnalisation des cl\u00e9s USB avec \u00e9tui en cuir.<\/p>\n<\/div>\n\n\n\n<div class=\"wp-block-column is-vertically-aligned-center is-layout-flow wp-block-column-is-layout-flow\">\n<figure class=\"wp-block-image size-full\"><img alt=\"\" loading=\"lazy\" decoding=\"async\" width=\"800\" height=\"800\" src=\"https:\/\/www.usborkeychain.com\/wp-content\/uploads\/custom-leather-usb-drives.png\" class=\"wp-image-5566\" srcset=\"https:\/\/www.usborkeychain.com\/wp-content\/uploads\/custom-leather-usb-drives.png 800w, https:\/\/www.usborkeychain.com\/wp-content\/uploads\/custom-leather-usb-drives-300x300.png 300w, https:\/\/www.usborkeychain.com\/wp-content\/uploads\/custom-leather-usb-drives-150x150.png 150w, https:\/\/www.usborkeychain.com\/wp-content\/uploads\/custom-leather-usb-drives-768x768.png 768w, https:\/\/www.usborkeychain.com\/wp-content\/uploads\/custom-leather-usb-drives-12x12.png 12w, https:\/\/www.usborkeychain.com\/wp-content\/uploads\/custom-leather-usb-drives-600x600.png 600w, https:\/\/www.usborkeychain.com\/wp-content\/uploads\/custom-leather-usb-drives-100x100.png 100w\" sizes=\"(max-width: 800px) 100vw, 800px\" \/><\/figure>\n<\/div>\n<\/div>","protected":false},"excerpt":{"rendered":"<ul>\n<li>Volet magn\u00e9tique<\/li>\n<li>Mati\u00e8re cuir+m\u00e9tal<\/li>\n<li>Personnalisation de la couleur\/du logo<\/li>\n<li>Exp\u00e9rience sans couvercle<\/li>\n<li>MOQ:100pcs<\/li>\n<\/ul>","protected":false},"featured_media":5572,"comment_status":"open","ping_status":"closed","template":"","meta":{"_seopress_robots_primary_cat":"none","_seopress_titles_title":"","_seopress_titles_desc":"","_seopress_robots_index":"","site-sidebar-layout":"default","site-content-layout":"","ast-site-content-layout":"","site-content-style":"default","site-sidebar-style":"default","ast-global-header-display":"","ast-banner-title-visibility":"","ast-main-header-display":"","ast-hfb-above-header-display":"","ast-hfb-below-header-display":"","ast-hfb-mobile-header-display":"","site-post-title":"","ast-breadcrumbs-content":"","ast-featured-img":"","footer-sml-layout":"","theme-transparent-header-meta":"","adv-header-id-meta":"","stick-header-meta":"","header-above-stick-meta":"","header-main-stick-meta":"","header-below-stick-meta":"","astra-migrate-meta-layouts":"default","ast-page-background-enabled":"default","ast-page-background-meta":{"desktop":{"background-color":"var(--ast-global-color-5)","background-image":"","background-repeat":"repeat","background-position":"center center","background-size":"auto","background-attachment":"scroll","background-type":"","background-media":"","overlay-type":"","overlay-color":"","overlay-opacity":"","overlay-gradient":""},"tablet":{"background-color":"","background-image":"","background-repeat":"repeat","background-position":"center center","background-size":"auto","background-attachment":"scroll","background-type":"","background-media":"","overlay-type":"","overlay-color":"","overlay-opacity":"","overlay-gradient":""},"mobile":{"background-color":"","background-image":"","background-repeat":"repeat","background-position":"center center","background-size":"auto","background-attachment":"scroll","background-type":"","background-media":"","overlay-type":"","overlay-color":"","overlay-opacity":"","overlay-gradient":""}},"ast-content-background-meta":{"desktop":{"background-color":"var(--ast-global-color-4)","background-image":"","background-repeat":"repeat","background-position":"center center","background-size":"auto","background-attachment":"scroll","background-type":"","background-media":"","overlay-type":"","overlay-color":"","overlay-opacity":"","overlay-gradient":""},"tablet":{"background-color":"var(--ast-global-color-4)","background-image":"","background-repeat":"repeat","background-position":"center center","background-size":"auto","background-attachment":"scroll","background-type":"","background-media":"","overlay-type":"","overlay-color":"","overlay-opacity":"","overlay-gradient":""},"mobile":{"background-color":"var(--ast-global-color-4)","background-image":"","background-repeat":"repeat","background-position":"center center","background-size":"auto","background-attachment":"scroll","background-type":"","background-media":"","overlay-type":"","overlay-color":"","overlay-opacity":"","overlay-gradient":""}}},"product_brand":[],"product_cat":[90],"product_tag":[],"class_list":{"0":"post-5562","1":"product","2":"type-product","3":"status-publish","4":"has-post-thumbnail","6":"product_cat-leather-usb-pendrive","7":"desktop-align-left","8":"tablet-align-left","9":"mobile-align-left","11":"first","12":"instock","13":"shipping-taxable","14":"product-type-simple"},"_links":{"self":[{"href":"https:\/\/www.usborkeychain.com\/fr\/wp-json\/wp\/v2\/product\/5562","targetHints":{"allow":["GET"]}}],"collection":[{"href":"https:\/\/www.usborkeychain.com\/fr\/wp-json\/wp\/v2\/product"}],"about":[{"href":"https:\/\/www.usborkeychain.com\/fr\/wp-json\/wp\/v2\/types\/product"}],"replies":[{"embeddable":true,"href":"https:\/\/www.usborkeychain.com\/fr\/wp-json\/wp\/v2\/comments?post=5562"}],"wp:featuredmedia":[{"embeddable":true,"href":"https:\/\/www.usborkeychain.com\/fr\/wp-json\/wp\/v2\/media\/5572"}],"wp:attachment":[{"href":"https:\/\/www.usborkeychain.com\/fr\/wp-json\/wp\/v2\/media?parent=5562"}],"wp:term":[{"taxonomy":"product_brand","embeddable":true,"href":"https:\/\/www.usborkeychain.com\/fr\/wp-json\/wp\/v2\/product_brand?post=5562"},{"taxonomy":"product_cat","embeddable":true,"href":"https:\/\/www.usborkeychain.com\/fr\/wp-json\/wp\/v2\/product_cat?post=5562"},{"taxonomy":"product_tag","embeddable":true,"href":"https:\/\/www.usborkeychain.com\/fr\/wp-json\/wp\/v2\/product_tag?post=5562"}],"curies":[{"name":"wp","href":"https:\/\/api.w.org\/{rel}","templated":true}]}}