{"id":5574,"date":"2025-08-02T15:12:56","date_gmt":"2025-08-02T15:12:56","guid":{"rendered":"https:\/\/www.usborkeychain.com\/?post_type=product&#038;p=5574"},"modified":"2025-08-02T15:15:54","modified_gmt":"2025-08-02T15:15:54","slug":"steel-edge-leather-case-usb-flash-drive","status":"publish","type":"product","link":"https:\/\/www.usborkeychain.com\/fr\/produit\/steel-edge-leather-case-usb-flash-drive\/","title":{"rendered":"Cl\u00e9 USB avec \u00e9tui en cuir et bords en acier"},"content":{"rendered":"<div class=\"wp-block-columns is-layout-flex wp-container-core-columns-is-layout-28f84493 wp-block-columns-is-layout-flex\">\n<div class=\"wp-block-column is-layout-flow wp-block-column-is-layout-flow\">\n<figure class=\"wp-block-image size-full\"><img alt=\"\" fetchpriority=\"high\" decoding=\"async\" width=\"800\" height=\"800\" src=\"https:\/\/www.usborkeychain.com\/wp-content\/uploads\/leather-usb-flash-drives-1.png\" class=\"wp-image-5582\" srcset=\"https:\/\/www.usborkeychain.com\/wp-content\/uploads\/leather-usb-flash-drives-1.png 800w, https:\/\/www.usborkeychain.com\/wp-content\/uploads\/leather-usb-flash-drives-1-300x300.png 300w, https:\/\/www.usborkeychain.com\/wp-content\/uploads\/leather-usb-flash-drives-1-150x150.png 150w, https:\/\/www.usborkeychain.com\/wp-content\/uploads\/leather-usb-flash-drives-1-768x768.png 768w, https:\/\/www.usborkeychain.com\/wp-content\/uploads\/leather-usb-flash-drives-1-12x12.png 12w, https:\/\/www.usborkeychain.com\/wp-content\/uploads\/leather-usb-flash-drives-1-600x600.png 600w, https:\/\/www.usborkeychain.com\/wp-content\/uploads\/leather-usb-flash-drives-1-100x100.png 100w\" sizes=\"(max-width: 800px) 100vw, 800px\" \/><\/figure>\n<\/div>\n\n\n\n<div class=\"wp-block-column is-vertically-aligned-center is-layout-flow wp-block-column-is-layout-flow\">\n<p>En tant que r\u00e9f\u00e9rence en mati\u00e8re de cl\u00e9s USB avec \u00e9tui en cuir, \u00e9tant la premi\u00e8re \u00e0 \u00eatre produite en masse et se classant r\u00e9guli\u00e8rement parmi les premiers en termes de volume d'exportation, la <strong>Cl\u00e9 USB avec \u00e9tui en cuir et bords en acier<\/strong> incarne l'\u00e9quilibre entre la durabilit\u00e9 et la texture gr\u00e2ce \u00e0 son design int\u00e9gr\u00e9 \"<strong>bords en acier m\u00e9tallique + corps en cuir<\/strong>&#8220;.<\/p>\n<\/div>\n<\/div>\n\n\n\n<div class=\"wp-block-columns are-vertically-aligned-center is-layout-flex wp-container-core-columns-is-layout-28f84493 wp-block-columns-is-layout-flex\">\n<div class=\"wp-block-column is-vertically-aligned-center is-layout-flow wp-block-column-is-layout-flow\">\n<h2 class=\"wp-block-heading\">Mat\u00e9riaux de base<\/h2>\n\n\n\n<p>D\u00e9tails de la fabrication : Les bords en cuir et en acier sont renforc\u00e9s par une couture \u00e0 double point et des rivets m\u00e9talliques pour assurer la stabilit\u00e9 de la structure.<\/p>\n\n\n\n<p>Composants en acier : Adoptent un alliage d'aluminium\/acier inoxydable de qualit\u00e9 a\u00e9rospatiale par moulage sous pression en une seule pi\u00e8ce, trait\u00e9 avec la technologie de chanfreinage CNC (rayon de bord R\u22641,5mm), offrant un toucher lisse et arrondi sans ar\u00eates vives, tout en pr\u00e9sentant des propri\u00e9t\u00e9s antirouille et antid\u00e9formation.<\/p>\n\n\n\n<p>Cuir Corps :<\/p>\n\n\n\n<p>Mod\u00e8le de base : Cuir PU haute densit\u00e9 r\u00e9sistant \u00e0 l'usure ;<\/p>\n\n\n\n<p>Mod\u00e8le haut de gamme : Cuir de vachette\/peau d'agneau de premi\u00e8re qualit\u00e9 (texture naturelle, toucher agr\u00e9able, adapt\u00e9 \u00e0 une personnalisation de luxe) ;<\/p>\n<\/div>\n\n\n\n<div class=\"wp-block-column is-vertically-aligned-center is-layout-flow wp-block-column-is-layout-flow\">\n<figure class=\"wp-block-image size-full\"><img alt=\"\" decoding=\"async\" width=\"800\" height=\"800\" src=\"https:\/\/www.usborkeychain.com\/wp-content\/uploads\/Leather-USB-Elegant-Flash-Drive-China-Factory.png\" class=\"wp-image-5580\" srcset=\"https:\/\/www.usborkeychain.com\/wp-content\/uploads\/Leather-USB-Elegant-Flash-Drive-China-Factory.png 800w, https:\/\/www.usborkeychain.com\/wp-content\/uploads\/Leather-USB-Elegant-Flash-Drive-China-Factory-300x300.png 300w, https:\/\/www.usborkeychain.com\/wp-content\/uploads\/Leather-USB-Elegant-Flash-Drive-China-Factory-150x150.png 150w, https:\/\/www.usborkeychain.com\/wp-content\/uploads\/Leather-USB-Elegant-Flash-Drive-China-Factory-768x768.png 768w, https:\/\/www.usborkeychain.com\/wp-content\/uploads\/Leather-USB-Elegant-Flash-Drive-China-Factory-12x12.png 12w, https:\/\/www.usborkeychain.com\/wp-content\/uploads\/Leather-USB-Elegant-Flash-Drive-China-Factory-600x600.png 600w, https:\/\/www.usborkeychain.com\/wp-content\/uploads\/Leather-USB-Elegant-Flash-Drive-China-Factory-100x100.png 100w\" sizes=\"(max-width: 800px) 100vw, 800px\" \/><\/figure>\n<\/div>\n<\/div>\n\n\n\n<div class=\"wp-block-columns are-vertically-aligned-center is-layout-flex wp-container-core-columns-is-layout-28f84493 wp-block-columns-is-layout-flex\">\n<div class=\"wp-block-column is-vertically-aligned-center is-layout-flow wp-block-column-is-layout-flow\">\n<figure class=\"wp-block-image size-full\"><img alt=\"\" decoding=\"async\" width=\"800\" height=\"800\" src=\"https:\/\/www.usborkeychain.com\/wp-content\/uploads\/Steel-Edge-Leather-USB-Flash-Drive.png\" class=\"wp-image-5584\" srcset=\"https:\/\/www.usborkeychain.com\/wp-content\/uploads\/Steel-Edge-Leather-USB-Flash-Drive.png 800w, https:\/\/www.usborkeychain.com\/wp-content\/uploads\/Steel-Edge-Leather-USB-Flash-Drive-300x300.png 300w, https:\/\/www.usborkeychain.com\/wp-content\/uploads\/Steel-Edge-Leather-USB-Flash-Drive-150x150.png 150w, https:\/\/www.usborkeychain.com\/wp-content\/uploads\/Steel-Edge-Leather-USB-Flash-Drive-768x768.png 768w, https:\/\/www.usborkeychain.com\/wp-content\/uploads\/Steel-Edge-Leather-USB-Flash-Drive-12x12.png 12w, https:\/\/www.usborkeychain.com\/wp-content\/uploads\/Steel-Edge-Leather-USB-Flash-Drive-600x600.png 600w, https:\/\/www.usborkeychain.com\/wp-content\/uploads\/Steel-Edge-Leather-USB-Flash-Drive-100x100.png 100w\" sizes=\"(max-width: 800px) 100vw, 800px\" \/><\/figure>\n<\/div>\n\n\n\n<div class=\"wp-block-column is-vertically-aligned-center is-layout-flow wp-block-column-is-layout-flow\">\n<h3 class=\"wp-block-heading\">Avantages de la conception<\/h3>\n\n\n\n<ul class=\"wp-block-list\">\n<li>Couvercle \u00e0 rabat avec bouton-pression : Le bouton-pression en m\u00e9tal forme une connexion m\u00e9canique avec le corps en acier. Lorsqu'elle est ferm\u00e9e, l'interface USB est enti\u00e8rement close (classe de protection IP43, r\u00e9sistance \u00e0 la poussi\u00e8re et aux \u00e9claboussures), ce qui garantit une ouverture et une fermeture en douceur ;<\/li>\n\n\n\n<li>Solution au probl\u00e8me de perte du couvercle : Le couvercle rabattable remplace le bouchon traditionnel, \u00e9liminant compl\u00e8tement le risque de perte du couvercle, et le bord en acier renforce la r\u00e9sistance aux chutes.<\/li>\n<\/ul>\n<\/div>\n<\/div>\n\n\n\n<h2 class=\"wp-block-heading\">Quelles sont les personnalisations disponibles ?<\/h2>\n\n\n\n<h3 class=\"wp-block-heading\">1. Surface LOGO \/ Texte<\/h3>\n\n\n\n<figure class=\"wp-block-table\"><table class=\"has-fixed-layout\"><thead><tr><th>Type d'artisanat<\/th><th>Sc\u00e9narios applicables<\/th><th>Caract\u00e9ristiques de l'effet<\/th><\/tr><\/thead><tbody><tr><td>Gravure au laser<\/td><td>Texte fin, LOGO simple<\/td><td>Finition mate<\/td><\/tr><tr><td>Marquage \u00e0 chaud<\/td><td>LOGO tridimensionnel, logos de marque<\/td><td>Texture gaufr\u00e9e avec une sensation tactile prononc\u00e9e<\/td><\/tr><tr><td>S\u00e9rigraphie<\/td><td>Motifs color\u00e9s, dessins en d\u00e9grad\u00e9<\/td><td>Couleurs \u00e9clatantes, haute pr\u00e9cision de reproduction<\/td><\/tr><tr><td>Marquage en or \u00e9lectrolytique<\/td><td>Entreprises haut de gamme, styles luxueux<\/td><td>\u00c9clat m\u00e9tallique, \u00e9l\u00e9gance raffin\u00e9e<\/td><\/tr><\/tbody><\/table><\/figure>\n\n\n\n<div class=\"wp-block-columns is-layout-flex wp-container-core-columns-is-layout-28f84493 wp-block-columns-is-layout-flex\">\n<div class=\"wp-block-column is-vertically-aligned-center is-layout-flow wp-block-column-is-layout-flow\">\n<h3 class=\"wp-block-heading\">2. personnalisation des couleurs et des mat\u00e9riaux<\/h3>\n\n\n\n<ul class=\"wp-block-list\">\n<li>Options de couleurs : Les couleurs standard sont le noir, le marron, le bleu et le rouge (couleurs Pantone de base). Les codes de couleur personnalis\u00e9s sont pris en charge (par exemple, les couleurs VI exclusives de l'entreprise, avec une quantit\u00e9 minimale de commande \u2265 500 unit\u00e9s) ;<\/li>\n\n\n\n<li>Am\u00e9liorations du cuir : Des textures sp\u00e9ciales sont propos\u00e9es en option, telles que le cuir de vachette de premi\u00e8re qualit\u00e9 (grain\/finition marbr\u00e9e), le PU \u00e0 motif crocodile et le cuir de cheval fou pour cr\u00e9er un attrait visuel distinctif ;<\/li>\n\n\n\n<li>Personnalisations \u00e9tendues : Les bords en acier peuvent faire l'objet d'un d\u00e9p\u00f4t \u00e9lectrolytique de couleur (par exemple, or rose, gunmetal) et de textures grav\u00e9es au laser afin d'am\u00e9liorer l'esth\u00e9tique g\u00e9n\u00e9rale du design.<\/li>\n<\/ul>\n<\/div>\n\n\n\n<div class=\"wp-block-column is-layout-flow wp-block-column-is-layout-flow\">\n<figure class=\"wp-block-image size-full\"><img alt=\"\" loading=\"lazy\" decoding=\"async\" width=\"800\" height=\"800\" src=\"https:\/\/www.usborkeychain.com\/wp-content\/uploads\/Metal-Gift-USB-Flash-Drives.png\" class=\"wp-image-5583\" srcset=\"https:\/\/www.usborkeychain.com\/wp-content\/uploads\/Metal-Gift-USB-Flash-Drives.png 800w, https:\/\/www.usborkeychain.com\/wp-content\/uploads\/Metal-Gift-USB-Flash-Drives-300x300.png 300w, https:\/\/www.usborkeychain.com\/wp-content\/uploads\/Metal-Gift-USB-Flash-Drives-150x150.png 150w, https:\/\/www.usborkeychain.com\/wp-content\/uploads\/Metal-Gift-USB-Flash-Drives-768x768.png 768w, https:\/\/www.usborkeychain.com\/wp-content\/uploads\/Metal-Gift-USB-Flash-Drives-12x12.png 12w, https:\/\/www.usborkeychain.com\/wp-content\/uploads\/Metal-Gift-USB-Flash-Drives-600x600.png 600w, https:\/\/www.usborkeychain.com\/wp-content\/uploads\/Metal-Gift-USB-Flash-Drives-100x100.png 100w\" sizes=\"(max-width: 800px) 100vw, 800px\" \/><\/figure>\n<\/div>\n<\/div>\n\n\n\n<h2 class=\"wp-block-heading\">Tableau des sp\u00e9cifications des cl\u00e9s USB<\/h2>\n\n\n\n<figure class=\"wp-block-table\"><table class=\"has-fixed-layout\"><thead><tr><th>Cat\u00e9gorie<\/th><th>Param\u00e8tres techniques<\/th><\/tr><\/thead><tbody><tr><td>Capacit\u00e9<\/td><td>4GB \/ 8GB \/ 16GB \/ 32GB \/ 64GB \/ 128GB<\/td><\/tr><tr><td>Dimensions (L \u00d7 L \u00d7 H)<\/td><td>85mm \u00d7 24mm \u00d7 10mm<\/td><\/tr><tr><td>Poids<\/td><td>Environ 27 g (y compris les bords en cuir et en acier)<\/td><\/tr><tr><td>Protocole d'interface<\/td><td>USB 2.0 (compatible avec les dispositifs USB 3.0)<\/td><\/tr><tr><td>Normes de certification<\/td><td>CE, FCC, RoHS<\/td><\/tr><\/tbody><\/table><\/figure>\n\n\n\n<h2 class=\"wp-block-heading\">Sc\u00e9narios applicables<\/h2>\n\n\n\n<div class=\"wp-block-columns is-layout-flex wp-container-core-columns-is-layout-28f84493 wp-block-columns-is-layout-flex\">\n<div class=\"wp-block-column is-layout-flow wp-block-column-is-layout-flow\">\n<figure class=\"wp-block-image size-full\"><img alt=\"\" loading=\"lazy\" decoding=\"async\" width=\"800\" height=\"800\" src=\"https:\/\/www.usborkeychain.com\/wp-content\/uploads\/Classic-flip-top-leather-USB-flash-drive.png\" class=\"wp-image-5577\" srcset=\"https:\/\/www.usborkeychain.com\/wp-content\/uploads\/Classic-flip-top-leather-USB-flash-drive.png 800w, https:\/\/www.usborkeychain.com\/wp-content\/uploads\/Classic-flip-top-leather-USB-flash-drive-300x300.png 300w, https:\/\/www.usborkeychain.com\/wp-content\/uploads\/Classic-flip-top-leather-USB-flash-drive-150x150.png 150w, https:\/\/www.usborkeychain.com\/wp-content\/uploads\/Classic-flip-top-leather-USB-flash-drive-768x768.png 768w, https:\/\/www.usborkeychain.com\/wp-content\/uploads\/Classic-flip-top-leather-USB-flash-drive-12x12.png 12w, https:\/\/www.usborkeychain.com\/wp-content\/uploads\/Classic-flip-top-leather-USB-flash-drive-600x600.png 600w, https:\/\/www.usborkeychain.com\/wp-content\/uploads\/Classic-flip-top-leather-USB-flash-drive-100x100.png 100w\" sizes=\"(max-width: 800px) 100vw, 800px\" \/><\/figure>\n\n\n\n<ul class=\"wp-block-list\">\n<li>Commerce d'exportation : En tant que produit classique \"Made in China with Intelligence\", il est depuis longtemps populaire sur les march\u00e9s europ\u00e9ens, am\u00e9ricains et du Moyen-Orient en raison de sa \"protection par \u00e9tui en cuir + texture des bords en acier\".<\/li>\n\n\n\n<li>Personnalisations pour collectionneurs : Un cuir sp\u00e9cial (par exemple, un motif crocodile) et des num\u00e9ros d'\u00e9dition limit\u00e9s en font un objet de collection personnalis\u00e9.<\/li>\n<\/ul>\n<\/div>\n\n\n\n<div class=\"wp-block-column is-layout-flow wp-block-column-is-layout-flow\">\n<figure class=\"wp-block-image size-full\"><img alt=\"\" loading=\"lazy\" decoding=\"async\" width=\"800\" height=\"800\" src=\"https:\/\/www.usborkeychain.com\/wp-content\/uploads\/leather-usb-drive-customized.png\" class=\"wp-image-5579\" srcset=\"https:\/\/www.usborkeychain.com\/wp-content\/uploads\/leather-usb-drive-customized.png 800w, https:\/\/www.usborkeychain.com\/wp-content\/uploads\/leather-usb-drive-customized-300x300.png 300w, https:\/\/www.usborkeychain.com\/wp-content\/uploads\/leather-usb-drive-customized-150x150.png 150w, https:\/\/www.usborkeychain.com\/wp-content\/uploads\/leather-usb-drive-customized-768x768.png 768w, https:\/\/www.usborkeychain.com\/wp-content\/uploads\/leather-usb-drive-customized-12x12.png 12w, https:\/\/www.usborkeychain.com\/wp-content\/uploads\/leather-usb-drive-customized-600x600.png 600w, https:\/\/www.usborkeychain.com\/wp-content\/uploads\/leather-usb-drive-customized-100x100.png 100w\" sizes=\"(max-width: 800px) 100vw, 800px\" \/><\/figure>\n\n\n\n<ul class=\"wp-block-list\">\n<li>Cadeaux d'entreprise :\n<ul class=\"wp-block-list\">\n<li>Souvenirs de la r\u00e9union\/exposition annuelle (avec LOGO personnalis\u00e9 + mat\u00e9riel promotionnel pr\u00e9charg\u00e9 dans la m\u00e9moire).<\/li>\n\n\n\n<li>Cadeaux de fid\u00e9lisation (mod\u00e8le en cuir de vachette de qualit\u00e9 sup\u00e9rieure, accompagn\u00e9 d'une bo\u00eete cadeau personnalis\u00e9e pour d\u00e9montrer la sinc\u00e9rit\u00e9).<\/li>\n<\/ul>\n<\/li>\n<\/ul>\n<\/div>\n\n\n\n<div class=\"wp-block-column is-layout-flow wp-block-column-is-layout-flow\">\n<figure class=\"wp-block-image size-full\"><img alt=\"\" loading=\"lazy\" decoding=\"async\" width=\"800\" height=\"800\" src=\"https:\/\/www.usborkeychain.com\/wp-content\/uploads\/Leather-USB-Elegant-Flash-Drive-China.png\" class=\"wp-image-5581\" srcset=\"https:\/\/www.usborkeychain.com\/wp-content\/uploads\/Leather-USB-Elegant-Flash-Drive-China.png 800w, https:\/\/www.usborkeychain.com\/wp-content\/uploads\/Leather-USB-Elegant-Flash-Drive-China-300x300.png 300w, https:\/\/www.usborkeychain.com\/wp-content\/uploads\/Leather-USB-Elegant-Flash-Drive-China-150x150.png 150w, https:\/\/www.usborkeychain.com\/wp-content\/uploads\/Leather-USB-Elegant-Flash-Drive-China-768x768.png 768w, https:\/\/www.usborkeychain.com\/wp-content\/uploads\/Leather-USB-Elegant-Flash-Drive-China-12x12.png 12w, https:\/\/www.usborkeychain.com\/wp-content\/uploads\/Leather-USB-Elegant-Flash-Drive-China-600x600.png 600w, https:\/\/www.usborkeychain.com\/wp-content\/uploads\/Leather-USB-Elegant-Flash-Drive-China-100x100.png 100w\" sizes=\"(max-width: 800px) 100vw, 800px\" \/><\/figure>\n\n\n\n<ul class=\"wp-block-list\">\n<li>Personnalisations sp\u00e9cifiques \u00e0 l'industrie : Les secteurs tels que la finance et l'automobile peuvent personnaliser des couleurs exclusives et des slogans de marque grav\u00e9s afin d'am\u00e9liorer la visibilit\u00e9 de la marque.<\/li>\n\n\n\n<li>Cadeaux de vacances : Grav\u00e9s avec des noms et des b\u00e9n\u00e9dictions pour les anniversaires, ils cr\u00e9ent des souvenirs exclusifs.<\/li>\n<\/ul>\n<\/div>\n<\/div>\n\n\n\n<div class=\"wp-block-columns is-layout-flex wp-container-core-columns-is-layout-28f84493 wp-block-columns-is-layout-flex\">\n<div class=\"wp-block-column is-layout-flow wp-block-column-is-layout-flow\">\n<figure class=\"wp-block-image size-full\"><img alt=\"\" loading=\"lazy\" decoding=\"async\" width=\"800\" height=\"800\" src=\"https:\/\/www.usborkeychain.com\/wp-content\/uploads\/custom-leather-usb-drives.jpg\" class=\"wp-image-5578\" srcset=\"https:\/\/www.usborkeychain.com\/wp-content\/uploads\/custom-leather-usb-drives.jpg 800w, https:\/\/www.usborkeychain.com\/wp-content\/uploads\/custom-leather-usb-drives-300x300.jpg 300w, https:\/\/www.usborkeychain.com\/wp-content\/uploads\/custom-leather-usb-drives-150x150.jpg 150w, https:\/\/www.usborkeychain.com\/wp-content\/uploads\/custom-leather-usb-drives-768x768.jpg 768w, https:\/\/www.usborkeychain.com\/wp-content\/uploads\/custom-leather-usb-drives-12x12.jpg 12w, https:\/\/www.usborkeychain.com\/wp-content\/uploads\/custom-leather-usb-drives-600x600.jpg 600w, https:\/\/www.usborkeychain.com\/wp-content\/uploads\/custom-leather-usb-drives-100x100.jpg 100w\" sizes=\"(max-width: 800px) 100vw, 800px\" \/><\/figure>\n<\/div>\n\n\n\n<div class=\"wp-block-column is-vertically-aligned-center is-layout-flow wp-block-column-is-layout-flow\">\n<p>En tant que \"mod\u00e8le pionnier\" des cl\u00e9s USB avec \u00e9tui en cuir, la <strong>Cl\u00e9 USB avec \u00e9tui en cuir et bords en acier<\/strong>Gr\u00e2ce \u00e0 sa conception simple (couvercle \u00e0 rabat + protection des bords en acier), il r\u00e9pond aux principaux probl\u00e8mes de stockage et convient aux utilisateurs de tous \u00e2ges. Sa personnalisation compl\u00e8te, de l'artisanat aux mat\u00e9riaux, couvre les besoins haut, moyen et bas de gamme, compatibles avec les sc\u00e9narios professionnels et personnels. Avec plus de 10 ans de donn\u00e9es d'exportation (avec des exportations annuelles d\u00e9passant les 10 millions d'unit\u00e9s), c'est le choix de r\u00e9f\u00e9rence pour les cl\u00e9s USB en cuir haut de gamme. Qu'il s'agisse d'un best-seller \u00e0 l'exportation, d'un choix de premier ordre pour la personnalisation d'une entreprise ou d'un article comm\u00e9moratif personnel, cette cl\u00e9 USB classique avec \u00e9tui en cuir bord\u00e9 d'acier incarne la nouvelle vitalit\u00e9 d'un \"mod\u00e8le classique\" avec sa qualit\u00e9 qui a fait ses preuves.<\/p>\n<\/div>\n<\/div>","protected":false},"excerpt":{"rendered":"<ul>\n<li>Bords en acier m\u00e9tallique<\/li>\n<li>Corps en cuir<\/li>\n<li>Normes de certification : CE, FCC, RoHS<\/li>\n<li>USB2.0\/USB3.0<\/li>\n<li>MOQ:100pcs<\/li>\n<\/ul>","protected":false},"featured_media":5581,"comment_status":"open","ping_status":"closed","template":"","meta":{"_seopress_robots_primary_cat":"","_seopress_titles_title":"","_seopress_titles_desc":"","_seopress_robots_index":"","site-sidebar-layout":"default","site-content-layout":"","ast-site-content-layout":"","site-content-style":"default","site-sidebar-style":"default","ast-global-header-display":"","ast-banner-title-visibility":"","ast-main-header-display":"","ast-hfb-above-header-display":"","ast-hfb-below-header-display":"","ast-hfb-mobile-header-display":"","site-post-title":"","ast-breadcrumbs-content":"","ast-featured-img":"","footer-sml-layout":"","theme-transparent-header-meta":"","adv-header-id-meta":"","stick-header-meta":"","header-above-stick-meta":"","header-main-stick-meta":"","header-below-stick-meta":"","astra-migrate-meta-layouts":"default","ast-page-background-enabled":"default","ast-page-background-meta":{"desktop":{"background-color":"var(--ast-global-color-5)","background-image":"","background-repeat":"repeat","background-position":"center center","background-size":"auto","background-attachment":"scroll","background-type":"","background-media":"","overlay-type":"","overlay-color":"","overlay-opacity":"","overlay-gradient":""},"tablet":{"background-color":"","background-image":"","background-repeat":"repeat","background-position":"center center","background-size":"auto","background-attachment":"scroll","background-type":"","background-media":"","overlay-type":"","overlay-color":"","overlay-opacity":"","overlay-gradient":""},"mobile":{"background-color":"","background-image":"","background-repeat":"repeat","background-position":"center center","background-size":"auto","background-attachment":"scroll","background-type":"","background-media":"","overlay-type":"","overlay-color":"","overlay-opacity":"","overlay-gradient":""}},"ast-content-background-meta":{"desktop":{"background-color":"var(--ast-global-color-4)","background-image":"","background-repeat":"repeat","background-position":"center center","background-size":"auto","background-attachment":"scroll","background-type":"","background-media":"","overlay-type":"","overlay-color":"","overlay-opacity":"","overlay-gradient":""},"tablet":{"background-color":"var(--ast-global-color-4)","background-image":"","background-repeat":"repeat","background-position":"center center","background-size":"auto","background-attachment":"scroll","background-type":"","background-media":"","overlay-type":"","overlay-color":"","overlay-opacity":"","overlay-gradient":""},"mobile":{"background-color":"var(--ast-global-color-4)","background-image":"","background-repeat":"repeat","background-position":"center center","background-size":"auto","background-attachment":"scroll","background-type":"","background-media":"","overlay-type":"","overlay-color":"","overlay-opacity":"","overlay-gradient":""}}},"product_brand":[],"product_cat":[90],"product_tag":[],"class_list":{"0":"post-5574","1":"product","2":"type-product","3":"status-publish","4":"has-post-thumbnail","6":"product_cat-leather-usb-pendrive","7":"desktop-align-left","8":"tablet-align-left","9":"mobile-align-left","11":"first","12":"instock","13":"shipping-taxable","14":"product-type-simple"},"_links":{"self":[{"href":"https:\/\/www.usborkeychain.com\/fr\/wp-json\/wp\/v2\/product\/5574","targetHints":{"allow":["GET"]}}],"collection":[{"href":"https:\/\/www.usborkeychain.com\/fr\/wp-json\/wp\/v2\/product"}],"about":[{"href":"https:\/\/www.usborkeychain.com\/fr\/wp-json\/wp\/v2\/types\/product"}],"replies":[{"embeddable":true,"href":"https:\/\/www.usborkeychain.com\/fr\/wp-json\/wp\/v2\/comments?post=5574"}],"wp:featuredmedia":[{"embeddable":true,"href":"https:\/\/www.usborkeychain.com\/fr\/wp-json\/wp\/v2\/media\/5581"}],"wp:attachment":[{"href":"https:\/\/www.usborkeychain.com\/fr\/wp-json\/wp\/v2\/media?parent=5574"}],"wp:term":[{"taxonomy":"product_brand","embeddable":true,"href":"https:\/\/www.usborkeychain.com\/fr\/wp-json\/wp\/v2\/product_brand?post=5574"},{"taxonomy":"product_cat","embeddable":true,"href":"https:\/\/www.usborkeychain.com\/fr\/wp-json\/wp\/v2\/product_cat?post=5574"},{"taxonomy":"product_tag","embeddable":true,"href":"https:\/\/www.usborkeychain.com\/fr\/wp-json\/wp\/v2\/product_tag?post=5574"}],"curies":[{"name":"wp","href":"https:\/\/api.w.org\/{rel}","templated":true}]}}