{"id":5598,"date":"2025-08-02T16:08:08","date_gmt":"2025-08-02T16:08:08","guid":{"rendered":"https:\/\/www.usborkeychain.com\/?post_type=product&#038;p=5598"},"modified":"2025-08-02T16:17:28","modified_gmt":"2025-08-02T16:17:28","slug":"whistle-leather-usb-flash-drive","status":"publish","type":"product","link":"https:\/\/www.usborkeychain.com\/fr\/produit\/whistle-leather-usb-flash-drive\/","title":{"rendered":"Cl\u00e9 USB en cuir Whistle"},"content":{"rendered":"<div class=\"wp-block-columns is-layout-flex wp-container-core-columns-is-layout-28f84493 wp-block-columns-is-layout-flex\">\n<div class=\"wp-block-column is-vertically-aligned-center is-layout-flow wp-block-column-is-layout-flow\">\n<p>Le <strong>Caract\u00e9ristiques de la cl\u00e9 USB Whistle Leather <\/strong>une structure de base \"cadre en alliage de zinc + \u00e9tui en cuir PU + porte-cl\u00e9s en m\u00e9tal\", m\u00ealant harmonieusement la texture industrielle \u00e0 la chaleur du cuir, red\u00e9finissant ainsi le langage du design \"<strong>porte-cl\u00e9s \u00e9tui en cuir cl\u00e9s USB<\/strong>&#8220;.<\/p>\n\n\n\n<h2 class=\"wp-block-heading\">Mat\u00e9riaux<\/h2>\n\n\n\n<ul class=\"wp-block-list\">\n<li><strong>Corps en alliage de zinc<\/strong>:<br>Adopte un processus de moulage sous pression, avec un moulage en une seule pi\u00e8ce et sans joints. La surface subit une galvanisation et un polissage miroir, ce qui lui conf\u00e8re des propri\u00e9t\u00e9s de r\u00e9sistance aux chutes et d'anti-oxydation ;<br>L'interface USB se connecte de mani\u00e8re transparente au corps principal, ce qui garantit la stabilit\u00e9 de la fonction \"plug-and-pull\" (brancher et d\u00e9brancher).<\/li>\n<\/ul>\n<\/div>\n\n\n\n<div class=\"wp-block-column is-vertically-aligned-center is-layout-flow wp-block-column-is-layout-flow\">\n<figure class=\"wp-block-image size-full\"><img alt=\"\" fetchpriority=\"high\" decoding=\"async\" width=\"800\" height=\"800\" src=\"https:\/\/www.usborkeychain.com\/wp-content\/uploads\/keyring-leather-usb-pen-drive.png\" class=\"wp-image-5602\" srcset=\"https:\/\/www.usborkeychain.com\/wp-content\/uploads\/keyring-leather-usb-pen-drive.png 800w, https:\/\/www.usborkeychain.com\/wp-content\/uploads\/keyring-leather-usb-pen-drive-300x300.png 300w, https:\/\/www.usborkeychain.com\/wp-content\/uploads\/keyring-leather-usb-pen-drive-150x150.png 150w, https:\/\/www.usborkeychain.com\/wp-content\/uploads\/keyring-leather-usb-pen-drive-768x768.png 768w, https:\/\/www.usborkeychain.com\/wp-content\/uploads\/keyring-leather-usb-pen-drive-12x12.png 12w, https:\/\/www.usborkeychain.com\/wp-content\/uploads\/keyring-leather-usb-pen-drive-600x600.png 600w, https:\/\/www.usborkeychain.com\/wp-content\/uploads\/keyring-leather-usb-pen-drive-100x100.png 100w\" sizes=\"(max-width: 800px) 100vw, 800px\" \/><\/figure>\n<\/div>\n<\/div>\n\n\n\n<div class=\"wp-block-columns are-vertically-aligned-center is-layout-flex wp-container-core-columns-is-layout-28f84493 wp-block-columns-is-layout-flex\">\n<div class=\"wp-block-column is-vertically-aligned-center is-layout-flow wp-block-column-is-layout-flow\">\n<ul class=\"wp-block-list\">\n<li><strong>Etui en cuir PU<\/strong>:<br>Cuir PU s\u00e9lectionn\u00e9, r\u00e9sistant \u00e0 l'usure et de haute densit\u00e9, avec un rev\u00eatement anti-salissures sur la surface, offrant un toucher d\u00e9licat ;<br>L'\u00e9tui en cuir et le corps en m\u00e9tal sont fix\u00e9s via des fentes pour cartes grav\u00e9es au laser + un collage adh\u00e9sif tr\u00e8s r\u00e9sistant, avec une r\u00e9sistance \u00e0 la traction \u2265 8N, ce qui \u00e9limine le risque de d\u00e9tachement.<\/li>\n\n\n\n<li><strong>Porte-cl\u00e9s en m\u00e9tal<\/strong>:<br>Adopte un anneau en acier inoxydable 304, reli\u00e9 au corps de la cl\u00e9 USB par une attache en alliage de zinc, permettant le transport int\u00e9gr\u00e9 de la \"cl\u00e9 USB + cl\u00e9s\". Cette solution r\u00e9pond parfaitement au probl\u00e8me de la facilit\u00e9 de perte des cl\u00e9s USB. Compatible avec les sacs \u00e0 dos et les cl\u00e9s de voiture, elle constitue un outil de stockage \"facilement accessible\" qui concilie mode et praticit\u00e9.<\/li>\n<\/ul>\n<\/div>\n\n\n\n<div class=\"wp-block-column is-vertically-aligned-center is-layout-flow wp-block-column-is-layout-flow\">\n<figure class=\"wp-block-image size-full\"><img alt=\"\" decoding=\"async\" width=\"800\" height=\"800\" src=\"https:\/\/www.usborkeychain.com\/wp-content\/uploads\/buy-leather-usb-flash-drive.png\" class=\"wp-image-5601\" srcset=\"https:\/\/www.usborkeychain.com\/wp-content\/uploads\/buy-leather-usb-flash-drive.png 800w, https:\/\/www.usborkeychain.com\/wp-content\/uploads\/buy-leather-usb-flash-drive-300x300.png 300w, https:\/\/www.usborkeychain.com\/wp-content\/uploads\/buy-leather-usb-flash-drive-150x150.png 150w, https:\/\/www.usborkeychain.com\/wp-content\/uploads\/buy-leather-usb-flash-drive-768x768.png 768w, https:\/\/www.usborkeychain.com\/wp-content\/uploads\/buy-leather-usb-flash-drive-12x12.png 12w, https:\/\/www.usborkeychain.com\/wp-content\/uploads\/buy-leather-usb-flash-drive-600x600.png 600w, https:\/\/www.usborkeychain.com\/wp-content\/uploads\/buy-leather-usb-flash-drive-100x100.png 100w\" sizes=\"(max-width: 800px) 100vw, 800px\" \/><\/figure>\n<\/div>\n<\/div>\n\n\n\n<h2 class=\"wp-block-heading\">Points forts de la conception<\/h2>\n\n\n\n<div class=\"wp-block-columns is-layout-flex wp-container-core-columns-is-layout-28f84493 wp-block-columns-is-layout-flex\">\n<div class=\"wp-block-column is-layout-flow wp-block-column-is-layout-flow\">\n<figure class=\"wp-block-image size-full\"><img alt=\"\" decoding=\"async\" width=\"800\" height=\"800\" src=\"https:\/\/www.usborkeychain.com\/wp-content\/uploads\/leather-case-USB-drive-keychain.png\" class=\"wp-image-5603\" srcset=\"https:\/\/www.usborkeychain.com\/wp-content\/uploads\/leather-case-USB-drive-keychain.png 800w, https:\/\/www.usborkeychain.com\/wp-content\/uploads\/leather-case-USB-drive-keychain-300x300.png 300w, https:\/\/www.usborkeychain.com\/wp-content\/uploads\/leather-case-USB-drive-keychain-150x150.png 150w, https:\/\/www.usborkeychain.com\/wp-content\/uploads\/leather-case-USB-drive-keychain-768x768.png 768w, https:\/\/www.usborkeychain.com\/wp-content\/uploads\/leather-case-USB-drive-keychain-12x12.png 12w, https:\/\/www.usborkeychain.com\/wp-content\/uploads\/leather-case-USB-drive-keychain-600x600.png 600w, https:\/\/www.usborkeychain.com\/wp-content\/uploads\/leather-case-USB-drive-keychain-100x100.png 100w\" sizes=\"(max-width: 800px) 100vw, 800px\" \/><\/figure>\n<\/div>\n\n\n\n<div class=\"wp-block-column is-vertically-aligned-center is-layout-flow wp-block-column-is-layout-flow\">\n<ul class=\"wp-block-list\">\n<li><strong>Esth\u00e9tique des courbes<\/strong>: Le corps de la cl\u00e9 USB pr\u00e9sente un design en forme de \"sifflet en S\", cr\u00e9ant un contraste visuel entre la duret\u00e9 du m\u00e9tal et la douceur du cuir. Il s'adapte \u00e0 la paume de la main (design ergonomique, am\u00e9liorant le confort de prise en main par 40%) ;<\/li>\n\n\n\n<li><strong>Protection des capuchons<\/strong>: Le capuchon en cuir, de la m\u00eame couleur que le corps principal, enveloppe \u00e9troitement l'interface USB (classe de protection IP42, r\u00e9sistant \u00e0 la poussi\u00e8re et aux rayures). <\/li>\n\n\n\n<li><strong>Contraste des couleurs<\/strong>: L'argent m\u00e9tallique forme un contraste frappant avec les \u00e9tuis en cuir PU (disponibles en noir, rouge, orange, vert, etc.), le style r\u00e9tro et d'autres styles divers, ce qui en fait un produit esth\u00e9tiquement remarquable parmi \"<strong>cadeau haut de gamme cl\u00e9s USB en cuir<\/strong>&#8220;.<\/li>\n<\/ul>\n<\/div>\n<\/div>\n\n\n\n<h2 class=\"wp-block-heading\">Techniques de personnalisation du LOGO<\/h2>\n\n\n\n<figure class=\"wp-block-table\"><table class=\"has-fixed-layout\"><thead><tr><th>Support de personnalisation<\/th><th>Type d'artisanat<\/th><th>Caract\u00e9ristiques de l'effet<\/th><\/tr><\/thead><tbody><tr><td>\u00c9tui en cuir PU<\/td><td>Marquage \u00e0 chaud<\/td><td>LOGO tridimensionnel, s'int\u00e9grant \u00e0 la texture du cuir<\/td><\/tr><tr><td>\u00c9tui en cuir PU<\/td><td>S\u00e9rigraphie<\/td><td>Couleurs vives, adapt\u00e9es aux d\u00e9grad\u00e9s\/motifs<\/td><\/tr><tr><td>Corps en m\u00e9tal<\/td><td>Gravure au laser<\/td><td>Finition mate et givr\u00e9e, lignes nettes<\/td><\/tr><tr><td>Corps en m\u00e9tal<\/td><td>Lettrage \u00e9lectrolytique<\/td><td>\u00c9clat m\u00e9tallique, soulignant la qualit\u00e9 haut de gamme<\/td><\/tr><\/tbody><\/table><\/figure>\n\n\n\n<h3 class=\"wp-block-heading\">Personnalisation des couleurs et des mat\u00e9riaux<\/h3>\n\n\n\n<div class=\"wp-block-columns is-layout-flex wp-container-core-columns-is-layout-28f84493 wp-block-columns-is-layout-flex\">\n<div class=\"wp-block-column is-vertically-aligned-center is-layout-flow wp-block-column-is-layout-flow\">\n<ul class=\"wp-block-list\">\n<li><strong>Couleurs PU<\/strong>: Les couleurs standard comprennent le noir, le rouge, l'orange et le vert (couvrant les couleurs Pantone classiques). La correspondance des couleurs est possible (par exemple, les couleurs VI de l'entreprise, avec une quantit\u00e9 minimale de commande \u2265 200 unit\u00e9s) ; le cuir de vachette \u00e0 grain sup\u00e9rieur (tambourin\u00e9\/grain) est optionnel pour am\u00e9liorer le toucher et cr\u00e9er une personnalisation de luxe ;<\/li>\n\n\n\n<li><strong>Options de couleur du m\u00e9tal<\/strong>: Le corps en alliage de zinc peut \u00eatre galvanis\u00e9 en couleurs (or rose, bronze), formant un contraste de couleurs ou s'harmonisant avec le cuir pour renforcer la m\u00e9moire visuelle de la marque.<\/li>\n<\/ul>\n<\/div>\n\n\n\n<div class=\"wp-block-column is-vertically-aligned-center is-layout-flow wp-block-column-is-layout-flow\">\n<figure class=\"wp-block-image size-full\"><img alt=\"\" loading=\"lazy\" decoding=\"async\" width=\"800\" height=\"800\" src=\"https:\/\/www.usborkeychain.com\/wp-content\/uploads\/Leather-USB-Flash-Drives-2.png\" class=\"wp-image-5605\" srcset=\"https:\/\/www.usborkeychain.com\/wp-content\/uploads\/Leather-USB-Flash-Drives-2.png 800w, https:\/\/www.usborkeychain.com\/wp-content\/uploads\/Leather-USB-Flash-Drives-2-300x300.png 300w, https:\/\/www.usborkeychain.com\/wp-content\/uploads\/Leather-USB-Flash-Drives-2-150x150.png 150w, https:\/\/www.usborkeychain.com\/wp-content\/uploads\/Leather-USB-Flash-Drives-2-768x768.png 768w, https:\/\/www.usborkeychain.com\/wp-content\/uploads\/Leather-USB-Flash-Drives-2-12x12.png 12w, https:\/\/www.usborkeychain.com\/wp-content\/uploads\/Leather-USB-Flash-Drives-2-600x600.png 600w, https:\/\/www.usborkeychain.com\/wp-content\/uploads\/Leather-USB-Flash-Drives-2-100x100.png 100w\" sizes=\"(max-width: 800px) 100vw, 800px\" \/><\/figure>\n<\/div>\n<\/div>\n\n\n\n<h2 class=\"wp-block-heading\">Param\u00e8tres de la cl\u00e9 USB<\/h2>\n\n\n\n<figure class=\"wp-block-table\"><table class=\"has-fixed-layout\"><thead><tr><th>Cat\u00e9gorie<\/th><th>Param\u00e8tres techniques<\/th><\/tr><\/thead><tbody><tr><td>Capacit\u00e9<\/td><td>4GB \/ 8GB \/ 16GB \/ 32GB \/ 64GB \/ 128GB<\/td><\/tr><tr><td>Dimensions (L \u00d7 L \u00d7 H)<\/td><td>55mm \u00d7 14mm \u00d7 12mm<\/td><\/tr><tr><td>Poids<\/td><td>Environ 20 g (\u00e9tui en cuir + porte-cl\u00e9s inclus)<\/td><\/tr><tr><td>Protocole d'interface<\/td><td>USB 2.0 \/ USB 3.0<\/td><\/tr><tr><td>Normes de certification<\/td><td>CE, FCC, RoHS<\/td><\/tr><\/tbody><\/table><\/figure>\n\n\n\n<h2 class=\"wp-block-heading\">Industries concern\u00e9es<\/h2>\n\n\n\n<div class=\"wp-block-columns are-vertically-aligned-center is-layout-flex wp-container-core-columns-is-layout-28f84493 wp-block-columns-is-layout-flex\">\n<div class=\"wp-block-column is-vertically-aligned-center is-layout-flow wp-block-column-is-layout-flow\">\n<figure class=\"wp-block-image size-full\"><img alt=\"\" loading=\"lazy\" decoding=\"async\" width=\"800\" height=\"800\" src=\"https:\/\/www.usborkeychain.com\/wp-content\/uploads\/leather-usb-drive.png\" class=\"wp-image-5604\" srcset=\"https:\/\/www.usborkeychain.com\/wp-content\/uploads\/leather-usb-drive.png 800w, https:\/\/www.usborkeychain.com\/wp-content\/uploads\/leather-usb-drive-300x300.png 300w, https:\/\/www.usborkeychain.com\/wp-content\/uploads\/leather-usb-drive-150x150.png 150w, https:\/\/www.usborkeychain.com\/wp-content\/uploads\/leather-usb-drive-768x768.png 768w, https:\/\/www.usborkeychain.com\/wp-content\/uploads\/leather-usb-drive-12x12.png 12w, https:\/\/www.usborkeychain.com\/wp-content\/uploads\/leather-usb-drive-600x600.png 600w, https:\/\/www.usborkeychain.com\/wp-content\/uploads\/leather-usb-drive-100x100.png 100w\" sizes=\"(max-width: 800px) 100vw, 800px\" \/><\/figure>\n<\/div>\n\n\n\n<div class=\"wp-block-column is-vertically-aligned-center is-layout-flow wp-block-column-is-layout-flow\">\n<ul class=\"wp-block-list\">\n<li>Industrie automobile : Cadeaux pour l'achat d'une voiture dans les magasins 4S, cadeaux aux membres des clubs de propri\u00e9taires de voitures, cadeaux de suivi apr\u00e8s-vente.<\/li>\n\n\n\n<li>Vente au d\u00e9tail haut de gamme\/services aux membres : Cadeaux exclusifs pour les membres des magasins de luxe et des boutiques, cadeaux d'anniversaire pour les clients VIP.<\/li>\n\n\n\n<li>\u00c9v\u00e9nements et expositions : Cadeaux d'invit\u00e9s\/de participants pour les grandes expositions, les conf\u00e9rences et les forums.<\/li>\n\n\n\n<li>Industrie du tourisme et des activit\u00e9s de plein air : Cadeaux personnalis\u00e9s pour les agences de voyage, cadeaux pour les membres d'h\u00f4tels haut de gamme, \u00e9quipement pour les clubs de plein air.<\/li>\n\n\n\n<li>Secteur de la finance et de l'assurance : Petits cadeaux pratiques pour les nouveaux clients ou les clients fortun\u00e9s.<\/li>\n\n\n\n<li>Avantages pour les employ\u00e9s des entreprises : Cadeaux de bienvenue pour les nouveaux employ\u00e9s, petits souvenirs d'anniversaire.<\/li>\n<\/ul>\n<\/div>\n<\/div>\n\n\n\n<h2 class=\"wp-block-heading\">Avantages principaux<\/h2>\n\n\n\n<div class=\"wp-block-columns is-layout-flex wp-container-core-columns-is-layout-28f84493 wp-block-columns-is-layout-flex\">\n<div class=\"wp-block-column is-vertically-aligned-center is-layout-flow wp-block-column-is-layout-flow\">\n<ul class=\"wp-block-list\">\n<li>Plug-and-play sans souci : Le <strong>Version USB 3.0<\/strong> offre des vitesses de lecture\/\u00e9criture trois fois plus rapides (par rapport \u00e0 l'USB 2.0), ce qui r\u00e9pond \u00e0 la demande de transmission rapide de fichiers volumineux (vid\u00e9os, didacticiels) ;<\/li>\n\n\n\n<li>Dur\u00e9e de vie ultra-longue : Le corps en alliage de zinc passe 5000 tests de flexion (angle de flexion \u00e0 l'interface \u2264 45\u00b0), et l'\u00e9tui en cuir PU passe 20000 tests de friction (degr\u00e9 de r\u00e9sistance \u00e0 l'usure \u2265 4), garantissant une utilisation stable pendant plus de 3 ans ;<\/li>\n\n\n\n<li>Co\u00fbt ma\u00eetrisable : La solution d'\u00e9tui en cuir PU r\u00e9duit le co\u00fbt de 30% par rapport au cuir de vachette de qualit\u00e9 sup\u00e9rieure, ce qui la rend plus adapt\u00e9e \u00e0 l'achat en gros (par exemple, r\u00e9unions annuelles d'entreprises, expositions industrielles).<\/li>\n<\/ul>\n<\/div>\n\n\n\n<div class=\"wp-block-column is-vertically-aligned-center is-layout-flow wp-block-column-is-layout-flow\">\n<figure class=\"wp-block-image size-full\"><img alt=\"\" loading=\"lazy\" decoding=\"async\" width=\"800\" height=\"800\" src=\"https:\/\/www.usborkeychain.com\/wp-content\/uploads\/Whistle-Leather-USB-Flash-Drive.png\" class=\"wp-image-5606\" srcset=\"https:\/\/www.usborkeychain.com\/wp-content\/uploads\/Whistle-Leather-USB-Flash-Drive.png 800w, https:\/\/www.usborkeychain.com\/wp-content\/uploads\/Whistle-Leather-USB-Flash-Drive-300x300.png 300w, https:\/\/www.usborkeychain.com\/wp-content\/uploads\/Whistle-Leather-USB-Flash-Drive-150x150.png 150w, https:\/\/www.usborkeychain.com\/wp-content\/uploads\/Whistle-Leather-USB-Flash-Drive-768x768.png 768w, https:\/\/www.usborkeychain.com\/wp-content\/uploads\/Whistle-Leather-USB-Flash-Drive-12x12.png 12w, https:\/\/www.usborkeychain.com\/wp-content\/uploads\/Whistle-Leather-USB-Flash-Drive-600x600.png 600w, https:\/\/www.usborkeychain.com\/wp-content\/uploads\/Whistle-Leather-USB-Flash-Drive-100x100.png 100w\" sizes=\"(max-width: 800px) 100vw, 800px\" \/><\/figure>\n<\/div>\n<\/div>\n\n\n\n<div class=\"wp-block-columns is-layout-flex wp-container-core-columns-is-layout-28f84493 wp-block-columns-is-layout-flex\">\n<div class=\"wp-block-column is-layout-flow wp-block-column-is-layout-flow\">\n<figure class=\"wp-block-image size-full\"><img alt=\"\" loading=\"lazy\" decoding=\"async\" width=\"800\" height=\"800\" src=\"https:\/\/www.usborkeychain.com\/wp-content\/uploads\/Whistle-Style-USB-High-Quality-Leather-Pendrive.png\" class=\"wp-image-5607\" srcset=\"https:\/\/www.usborkeychain.com\/wp-content\/uploads\/Whistle-Style-USB-High-Quality-Leather-Pendrive.png 800w, https:\/\/www.usborkeychain.com\/wp-content\/uploads\/Whistle-Style-USB-High-Quality-Leather-Pendrive-300x300.png 300w, https:\/\/www.usborkeychain.com\/wp-content\/uploads\/Whistle-Style-USB-High-Quality-Leather-Pendrive-150x150.png 150w, https:\/\/www.usborkeychain.com\/wp-content\/uploads\/Whistle-Style-USB-High-Quality-Leather-Pendrive-768x768.png 768w, https:\/\/www.usborkeychain.com\/wp-content\/uploads\/Whistle-Style-USB-High-Quality-Leather-Pendrive-12x12.png 12w, https:\/\/www.usborkeychain.com\/wp-content\/uploads\/Whistle-Style-USB-High-Quality-Leather-Pendrive-600x600.png 600w, https:\/\/www.usborkeychain.com\/wp-content\/uploads\/Whistle-Style-USB-High-Quality-Leather-Pendrive-100x100.png 100w\" sizes=\"(max-width: 800px) 100vw, 800px\" \/><\/figure>\n<\/div>\n\n\n\n<div class=\"wp-block-column is-vertically-aligned-center is-layout-flow wp-block-column-is-layout-flow\">\n<p>En tant que mod\u00e8le de r\u00e9f\u00e9rence de \"<strong>porte-cl\u00e9s \u00e9tui en cuir cl\u00e9s USB<\/strong>\", le <strong>Cl\u00e9 USB en cuir Whistle<\/strong> se distingue des nombreux mod\u00e8les de cl\u00e9s USB en cuir par sa structure innovante en alliage de zinc et en cuir PU, son embl\u00e9matique porte-cl\u00e9s m\u00e9tallique surdimensionn\u00e9 et ses couleurs vives personnalisables gr\u00e2ce aux techniques de marquage et de s\u00e9rigraphie, continuant ainsi \u00e0 dominer le march\u00e9 des cl\u00e9s USB cadeaux. \u00c0 l'\u00e8re de la demande croissante de cadeaux personnalis\u00e9s, la cl\u00e9 USB en cuir Whistle, dot\u00e9e d'un \"design classique + personnalisation flexible\", est devenue un champion \u00e9ternel dans le secteur des cl\u00e9s USB en cuir haut de gamme.<\/p>\n<\/div>\n<\/div>\n\n\n\n<p><\/p>","protected":false},"excerpt":{"rendered":"<ul>\n<li>Corps en alliage de zinc<\/li>\n<li>Etui en cuir PU<\/li>\n<li>Porte-cl\u00e9s en m\u00e9tal<\/li>\n<li>Personnalisation des couleurs et des mat\u00e9riaux<\/li>\n<li>MOQ:100pcs<\/li>\n<\/ul>","protected":false},"featured_media":5602,"comment_status":"open","ping_status":"closed","template":"","meta":{"_seopress_robots_primary_cat":"","_seopress_titles_title":"","_seopress_titles_desc":"","_seopress_robots_index":"","site-sidebar-layout":"default","site-content-layout":"","ast-site-content-layout":"","site-content-style":"default","site-sidebar-style":"default","ast-global-header-display":"","ast-banner-title-visibility":"","ast-main-header-display":"","ast-hfb-above-header-display":"","ast-hfb-below-header-display":"","ast-hfb-mobile-header-display":"","site-post-title":"","ast-breadcrumbs-content":"","ast-featured-img":"","footer-sml-layout":"","theme-transparent-header-meta":"","adv-header-id-meta":"","stick-header-meta":"","header-above-stick-meta":"","header-main-stick-meta":"","header-below-stick-meta":"","astra-migrate-meta-layouts":"default","ast-page-background-enabled":"default","ast-page-background-meta":{"desktop":{"background-color":"var(--ast-global-color-5)","background-image":"","background-repeat":"repeat","background-position":"center center","background-size":"auto","background-attachment":"scroll","background-type":"","background-media":"","overlay-type":"","overlay-color":"","overlay-opacity":"","overlay-gradient":""},"tablet":{"background-color":"","background-image":"","background-repeat":"repeat","background-position":"center center","background-size":"auto","background-attachment":"scroll","background-type":"","background-media":"","overlay-type":"","overlay-color":"","overlay-opacity":"","overlay-gradient":""},"mobile":{"background-color":"","background-image":"","background-repeat":"repeat","background-position":"center center","background-size":"auto","background-attachment":"scroll","background-type":"","background-media":"","overlay-type":"","overlay-color":"","overlay-opacity":"","overlay-gradient":""}},"ast-content-background-meta":{"desktop":{"background-color":"var(--ast-global-color-4)","background-image":"","background-repeat":"repeat","background-position":"center center","background-size":"auto","background-attachment":"scroll","background-type":"","background-media":"","overlay-type":"","overlay-color":"","overlay-opacity":"","overlay-gradient":""},"tablet":{"background-color":"var(--ast-global-color-4)","background-image":"","background-repeat":"repeat","background-position":"center center","background-size":"auto","background-attachment":"scroll","background-type":"","background-media":"","overlay-type":"","overlay-color":"","overlay-opacity":"","overlay-gradient":""},"mobile":{"background-color":"var(--ast-global-color-4)","background-image":"","background-repeat":"repeat","background-position":"center center","background-size":"auto","background-attachment":"scroll","background-type":"","background-media":"","overlay-type":"","overlay-color":"","overlay-opacity":"","overlay-gradient":""}}},"product_brand":[],"product_cat":[90],"product_tag":[346,347],"class_list":{"0":"post-5598","1":"product","2":"type-product","3":"status-publish","4":"has-post-thumbnail","6":"product_cat-leather-usb-pendrive","7":"product_tag-keychain-leather-case-usb-flash-drives","8":"product_tag-whistle-leather-usb-flash-drive","9":"desktop-align-left","10":"tablet-align-left","11":"mobile-align-left","13":"first","14":"instock","15":"shipping-taxable","16":"product-type-simple"},"_links":{"self":[{"href":"https:\/\/www.usborkeychain.com\/fr\/wp-json\/wp\/v2\/product\/5598","targetHints":{"allow":["GET"]}}],"collection":[{"href":"https:\/\/www.usborkeychain.com\/fr\/wp-json\/wp\/v2\/product"}],"about":[{"href":"https:\/\/www.usborkeychain.com\/fr\/wp-json\/wp\/v2\/types\/product"}],"replies":[{"embeddable":true,"href":"https:\/\/www.usborkeychain.com\/fr\/wp-json\/wp\/v2\/comments?post=5598"}],"wp:featuredmedia":[{"embeddable":true,"href":"https:\/\/www.usborkeychain.com\/fr\/wp-json\/wp\/v2\/media\/5602"}],"wp:attachment":[{"href":"https:\/\/www.usborkeychain.com\/fr\/wp-json\/wp\/v2\/media?parent=5598"}],"wp:term":[{"taxonomy":"product_brand","embeddable":true,"href":"https:\/\/www.usborkeychain.com\/fr\/wp-json\/wp\/v2\/product_brand?post=5598"},{"taxonomy":"product_cat","embeddable":true,"href":"https:\/\/www.usborkeychain.com\/fr\/wp-json\/wp\/v2\/product_cat?post=5598"},{"taxonomy":"product_tag","embeddable":true,"href":"https:\/\/www.usborkeychain.com\/fr\/wp-json\/wp\/v2\/product_tag?post=5598"}],"curies":[{"name":"wp","href":"https:\/\/api.w.org\/{rel}","templated":true}]}}