{"id":5612,"date":"2025-08-03T14:44:46","date_gmt":"2025-08-03T14:44:46","guid":{"rendered":"https:\/\/www.usborkeychain.com\/?post_type=product&#038;p=5612"},"modified":"2025-08-03T14:47:01","modified_gmt":"2025-08-03T14:47:01","slug":"flip-cover-metal-buckle-leather-usb-flash-drive","status":"publish","type":"product","link":"https:\/\/www.usborkeychain.com\/fr\/produit\/flip-cover-metal-buckle-leather-usb-flash-drive\/","title":{"rendered":"Cl\u00e9 USB en cuir avec boucle m\u00e9tallique"},"content":{"rendered":"<div class=\"wp-block-columns is-layout-flex wp-container-core-columns-is-layout-28f84493 wp-block-columns-is-layout-flex\">\n<div class=\"wp-block-column is-vertically-aligned-center is-layout-flow wp-block-column-is-layout-flow\">\n<p>Le <strong>cl\u00e9 USB en cuir avec boucle m\u00e9tallique<\/strong> adopte une conception \u00e0 boucle ferm\u00e9e, avec une coque en cuir et un bouton pression en m\u00e9tal de haute qualit\u00e9. Il suffit de l'ouvrir pour l'utiliser. Il abandonne l'attraction magn\u00e9tique traditionnelle et utilise \u00e0 la place une boucle cach\u00e9e en m\u00e9tal. Combin\u00e9 \u00e0 un anneau m\u00e9tallique robuste et \u00e0 un cuir exquis, il pr\u00e9sente un style unique et constitue l'un des mod\u00e8les d'\u00e9tui en cuir pour cl\u00e9 USB les plus populaires de ces derni\u00e8res ann\u00e9es.<\/p>\n<\/div>\n\n\n\n<div class=\"wp-block-column is-vertically-aligned-center is-layout-flow wp-block-column-is-layout-flow\">\n<figure class=\"wp-block-image size-full\"><img alt=\"\" fetchpriority=\"high\" decoding=\"async\" width=\"800\" height=\"800\" src=\"https:\/\/www.usborkeychain.com\/wp-content\/uploads\/USB-Leather-Prominent.jpg\" class=\"wp-image-5626\" srcset=\"https:\/\/www.usborkeychain.com\/wp-content\/uploads\/USB-Leather-Prominent.jpg 800w, https:\/\/www.usborkeychain.com\/wp-content\/uploads\/USB-Leather-Prominent-300x300.jpg 300w, https:\/\/www.usborkeychain.com\/wp-content\/uploads\/USB-Leather-Prominent-150x150.jpg 150w, https:\/\/www.usborkeychain.com\/wp-content\/uploads\/USB-Leather-Prominent-768x768.jpg 768w, https:\/\/www.usborkeychain.com\/wp-content\/uploads\/USB-Leather-Prominent-12x12.jpg 12w, https:\/\/www.usborkeychain.com\/wp-content\/uploads\/USB-Leather-Prominent-600x600.jpg 600w, https:\/\/www.usborkeychain.com\/wp-content\/uploads\/USB-Leather-Prominent-100x100.jpg 100w\" sizes=\"(max-width: 800px) 100vw, 800px\" \/><\/figure>\n<\/div>\n<\/div>\n\n\n\n<h2 class=\"wp-block-heading\">Points forts en mati\u00e8re de mat\u00e9riaux et de conception<\/h2>\n\n\n\n<div class=\"wp-block-columns is-layout-flex wp-container-core-columns-is-layout-28f84493 wp-block-columns-is-layout-flex\">\n<div class=\"wp-block-column is-vertically-aligned-center is-layout-flow wp-block-column-is-layout-flow\">\n<figure class=\"wp-block-image size-full\"><img alt=\"\" decoding=\"async\" width=\"800\" height=\"800\" src=\"https:\/\/www.usborkeychain.com\/wp-content\/uploads\/leather-usb-drive.jpg\" class=\"wp-image-5620\" srcset=\"https:\/\/www.usborkeychain.com\/wp-content\/uploads\/leather-usb-drive.jpg 800w, https:\/\/www.usborkeychain.com\/wp-content\/uploads\/leather-usb-drive-300x300.jpg 300w, https:\/\/www.usborkeychain.com\/wp-content\/uploads\/leather-usb-drive-150x150.jpg 150w, https:\/\/www.usborkeychain.com\/wp-content\/uploads\/leather-usb-drive-768x768.jpg 768w, https:\/\/www.usborkeychain.com\/wp-content\/uploads\/leather-usb-drive-12x12.jpg 12w, https:\/\/www.usborkeychain.com\/wp-content\/uploads\/leather-usb-drive-600x600.jpg 600w, https:\/\/www.usborkeychain.com\/wp-content\/uploads\/leather-usb-drive-100x100.jpg 100w\" sizes=\"(max-width: 800px) 100vw, 800px\" \/><\/figure>\n<\/div>\n\n\n\n<div class=\"wp-block-column is-vertically-aligned-center is-layout-flow wp-block-column-is-layout-flow\">\n<ul class=\"wp-block-list\">\n<li>Coque en cuir : Fabriqu\u00e9e en cuir classique marron et noir avec de fines coutures en surface, elle peut \u00eatre personnalis\u00e9e dans d'autres couleurs (rouge, bordeaux, etc.).<\/li>\n\n\n\n<li>Accessoires en m\u00e9tal :\n<ul class=\"wp-block-list\">\n<li>Rempla\u00e7ant la conception magn\u00e9tique traditionnelle, il adopte une boucle cach\u00e9e en m\u00e9tal de haute qualit\u00e9 pour l'ouverture et la fermeture (la boucle circulaire en m\u00e9tal sur le devant), qui est stable dans son fonctionnement et plus textur\u00e9e.<\/li>\n\n\n\n<li>\u00c9quip\u00e9 d'un solide anneau m\u00e9tallique pour cl\u00e9s \u00e0 la base, il est facile \u00e0 transporter et \u00e0 suspendre.<\/li>\n<\/ul>\n<\/li>\n\n\n\n<li>Conception pratique :\n<ul class=\"wp-block-list\">\n<li>La m\u00e9thode d'ouverture et de fermeture est de type flip. Lorsqu'il est utilis\u00e9, l'\u00e9tui en cuir peut \u00eatre ouvert pour exposer l'interface USB. Une fois referm\u00e9, il est fix\u00e9 par une boucle m\u00e9tallique pour \u00e9viter la poussi\u00e8re et les rayures.<\/li>\n\n\n\n<li>Les logos d'entreprise peuvent \u00eatre emboss\u00e9s au dos (la personnalisation double face est possible), et des informations telles que la capacit\u00e9 peuvent \u00eatre grav\u00e9es au laser sur la surface m\u00e9tallique de la cl\u00e9 USB.<\/li>\n<\/ul>\n<\/li>\n<\/ul>\n<\/div>\n<\/div>\n\n\n\n<h2 class=\"wp-block-heading\">Avantages principaux<\/h2>\n\n\n\n<div class=\"wp-block-columns is-layout-flex wp-container-core-columns-is-layout-28f84493 wp-block-columns-is-layout-flex\">\n<div class=\"wp-block-column is-vertically-aligned-center is-layout-flow wp-block-column-is-layout-flow\">\n<ul class=\"wp-block-list\">\n<li>Portable et anti-perte : Le porte-cl\u00e9s en m\u00e9tal peut \u00eatre accroch\u00e9 directement aux cl\u00e9s ou aux sacs \u00e0 dos pour \u00e9viter de les perdre.<\/li>\n\n\n\n<li>Texture professionnelle : La combinaison du cuir et du m\u00e9tal allie le r\u00e9tro et la mode, ce qui rehausse la qualit\u00e9 des cadeaux d'affaires.<\/li>\n\n\n\n<li>Personnalisation pouss\u00e9e : Permet de personnaliser la couleur, le logo, le mat\u00e9riau (cuir PU en option) et la capacit\u00e9.<\/li>\n<\/ul>\n<\/div>\n\n\n\n<div class=\"wp-block-column is-vertically-aligned-center is-layout-flow wp-block-column-is-layout-flow\">\n<figure class=\"wp-block-image size-full\"><img alt=\"\" decoding=\"async\" width=\"800\" height=\"800\" src=\"https:\/\/www.usborkeychain.com\/wp-content\/uploads\/Leather-USB-Flash-Drives.jpg\" class=\"wp-image-5623\" srcset=\"https:\/\/www.usborkeychain.com\/wp-content\/uploads\/Leather-USB-Flash-Drives.jpg 800w, https:\/\/www.usborkeychain.com\/wp-content\/uploads\/Leather-USB-Flash-Drives-300x300.jpg 300w, https:\/\/www.usborkeychain.com\/wp-content\/uploads\/Leather-USB-Flash-Drives-150x150.jpg 150w, https:\/\/www.usborkeychain.com\/wp-content\/uploads\/Leather-USB-Flash-Drives-768x768.jpg 768w, https:\/\/www.usborkeychain.com\/wp-content\/uploads\/Leather-USB-Flash-Drives-12x12.jpg 12w, https:\/\/www.usborkeychain.com\/wp-content\/uploads\/Leather-USB-Flash-Drives-600x600.jpg 600w, https:\/\/www.usborkeychain.com\/wp-content\/uploads\/Leather-USB-Flash-Drives-100x100.jpg 100w\" sizes=\"(max-width: 800px) 100vw, 800px\" \/><\/figure>\n<\/div>\n<\/div>\n\n\n\n<h2 class=\"wp-block-heading\">Param\u00e8tres de la cl\u00e9 USB<\/h2>\n\n\n\n<figure class=\"wp-block-table\"><table class=\"has-fixed-layout\"><thead><tr><th>Cat\u00e9gorie de param\u00e8tres<\/th><th>D\u00e9tails<\/th><\/tr><\/thead><tbody><tr><td>Capacit\u00e9<\/td><td>8GB\/16GB\/32GB\/64GB\/128GB<\/td><\/tr><tr><td>Taille (longueur \u00d7 largeur \u00d7 hauteur)<\/td><td>65*<em>27<\/em>*15mm<\/td><\/tr><tr><td>Poids<\/td><td>20g<\/td><\/tr><tr><td>Interface<\/td><td>USB2.0, USB3.0 en option<\/td><\/tr><\/tbody><\/table><\/figure>\n\n\n\n<div class=\"wp-block-columns is-layout-flex wp-container-core-columns-is-layout-28f84493 wp-block-columns-is-layout-flex\">\n<div class=\"wp-block-column is-layout-flow wp-block-column-is-layout-flow\">\n<figure class=\"wp-block-image size-full\"><img alt=\"\" loading=\"lazy\" decoding=\"async\" width=\"400\" height=\"400\" src=\"https:\/\/www.usborkeychain.com\/wp-content\/uploads\/Leather-USB-Flash-Memory-16GB.jpg\" class=\"wp-image-5625\" srcset=\"https:\/\/www.usborkeychain.com\/wp-content\/uploads\/Leather-USB-Flash-Memory-16GB.jpg 400w, https:\/\/www.usborkeychain.com\/wp-content\/uploads\/Leather-USB-Flash-Memory-16GB-300x300.jpg 300w, https:\/\/www.usborkeychain.com\/wp-content\/uploads\/Leather-USB-Flash-Memory-16GB-150x150.jpg 150w, https:\/\/www.usborkeychain.com\/wp-content\/uploads\/Leather-USB-Flash-Memory-16GB-12x12.jpg 12w, https:\/\/www.usborkeychain.com\/wp-content\/uploads\/Leather-USB-Flash-Memory-16GB-100x100.jpg 100w\" sizes=\"(max-width: 400px) 100vw, 400px\" \/><\/figure>\n<\/div>\n\n\n\n<div class=\"wp-block-column is-layout-flow wp-block-column-is-layout-flow\">\n<figure class=\"wp-block-image size-full\"><img alt=\"\" loading=\"lazy\" decoding=\"async\" width=\"400\" height=\"400\" src=\"https:\/\/www.usborkeychain.com\/wp-content\/uploads\/Leather-USB-Flash-Memory-8GB.jpg\" class=\"wp-image-5624\" srcset=\"https:\/\/www.usborkeychain.com\/wp-content\/uploads\/Leather-USB-Flash-Memory-8GB.jpg 400w, https:\/\/www.usborkeychain.com\/wp-content\/uploads\/Leather-USB-Flash-Memory-8GB-300x300.jpg 300w, https:\/\/www.usborkeychain.com\/wp-content\/uploads\/Leather-USB-Flash-Memory-8GB-150x150.jpg 150w, https:\/\/www.usborkeychain.com\/wp-content\/uploads\/Leather-USB-Flash-Memory-8GB-12x12.jpg 12w, https:\/\/www.usborkeychain.com\/wp-content\/uploads\/Leather-USB-Flash-Memory-8GB-100x100.jpg 100w\" sizes=\"(max-width: 400px) 100vw, 400px\" \/><\/figure>\n<\/div>\n\n\n\n<div class=\"wp-block-column is-layout-flow wp-block-column-is-layout-flow\">\n<figure class=\"wp-block-image size-full\"><img alt=\"\" loading=\"lazy\" decoding=\"async\" width=\"400\" height=\"400\" src=\"https:\/\/www.usborkeychain.com\/wp-content\/uploads\/black-leather-usb-drive-manufacturer.jpg\" class=\"wp-image-5615\" srcset=\"https:\/\/www.usborkeychain.com\/wp-content\/uploads\/black-leather-usb-drive-manufacturer.jpg 400w, https:\/\/www.usborkeychain.com\/wp-content\/uploads\/black-leather-usb-drive-manufacturer-300x300.jpg 300w, https:\/\/www.usborkeychain.com\/wp-content\/uploads\/black-leather-usb-drive-manufacturer-150x150.jpg 150w, https:\/\/www.usborkeychain.com\/wp-content\/uploads\/black-leather-usb-drive-manufacturer-12x12.jpg 12w, https:\/\/www.usborkeychain.com\/wp-content\/uploads\/black-leather-usb-drive-manufacturer-100x100.jpg 100w\" sizes=\"(max-width: 400px) 100vw, 400px\" \/><\/figure>\n<\/div>\n<\/div>\n\n\n\n<h2 class=\"wp-block-heading\">Contenu de la personnalisation<\/h2>\n\n\n\n<div class=\"wp-block-columns is-layout-flex wp-container-core-columns-is-layout-28f84493 wp-block-columns-is-layout-flex\">\n<div class=\"wp-block-column is-vertically-aligned-center is-layout-flow wp-block-column-is-layout-flow\">\n<figure class=\"wp-block-image size-full\"><img alt=\"\" loading=\"lazy\" decoding=\"async\" width=\"800\" height=\"800\" src=\"https:\/\/www.usborkeychain.com\/wp-content\/uploads\/Cheaper-Leather-Button-Key-Chain-Portable-USB-Flash-Drive.jpg\" class=\"wp-image-5618\" srcset=\"https:\/\/www.usborkeychain.com\/wp-content\/uploads\/Cheaper-Leather-Button-Key-Chain-Portable-USB-Flash-Drive.jpg 800w, https:\/\/www.usborkeychain.com\/wp-content\/uploads\/Cheaper-Leather-Button-Key-Chain-Portable-USB-Flash-Drive-300x300.jpg 300w, https:\/\/www.usborkeychain.com\/wp-content\/uploads\/Cheaper-Leather-Button-Key-Chain-Portable-USB-Flash-Drive-150x150.jpg 150w, https:\/\/www.usborkeychain.com\/wp-content\/uploads\/Cheaper-Leather-Button-Key-Chain-Portable-USB-Flash-Drive-768x768.jpg 768w, https:\/\/www.usborkeychain.com\/wp-content\/uploads\/Cheaper-Leather-Button-Key-Chain-Portable-USB-Flash-Drive-12x12.jpg 12w, https:\/\/www.usborkeychain.com\/wp-content\/uploads\/Cheaper-Leather-Button-Key-Chain-Portable-USB-Flash-Drive-600x600.jpg 600w, https:\/\/www.usborkeychain.com\/wp-content\/uploads\/Cheaper-Leather-Button-Key-Chain-Portable-USB-Flash-Drive-100x100.jpg 100w\" sizes=\"(max-width: 800px) 100vw, 800px\" \/><\/figure>\n<\/div>\n\n\n\n<div class=\"wp-block-column is-vertically-aligned-center is-layout-flow wp-block-column-is-layout-flow\">\n<h3 class=\"wp-block-heading\">(I) Personnalisation du logo<\/h3>\n\n\n\n<ul class=\"wp-block-list\">\n<li>Gravure au laser : Permet de graver un texte tel que la capacit\u00e9 et le mod\u00e8le sur la surface m\u00e9tallique de la cl\u00e9 USB.<\/li>\n\n\n\n<li>Marquage or\/argent : Le logo peut \u00eatre estampill\u00e9 en couleur pour en rehausser la texture.<\/li>\n\n\n\n<li>Gaufrage\/d\u00e9bossage : Permet d'obtenir un effet de logo tridimensionnel sur la surface du cuir.<\/li>\n<\/ul>\n\n\n\n<h3 class=\"wp-block-heading\">(II) Personnalisation des mat\u00e9riaux<\/h3>\n\n\n\n<ul class=\"wp-block-list\">\n<li>Cat\u00e9gories de cuir : Cuir v\u00e9ritable de qualit\u00e9 sup\u00e9rieure, PU de qualit\u00e9 moyenne, PU \u00e9conomique (couleurs en option).<\/li>\n\n\n\n<li>Couleurs des accessoires m\u00e9talliques : Prend en charge l'argent, l'or, le nickel noir et d'autres couleurs (comme les anneaux, les boucles).<\/li>\n<\/ul>\n<\/div>\n<\/div>\n\n\n\n<h2 class=\"wp-block-heading\">Utilisateurs cibles<\/h2>\n\n\n\n<div class=\"wp-block-columns is-layout-flex wp-container-core-columns-is-layout-28f84493 wp-block-columns-is-layout-flex\">\n<div class=\"wp-block-column is-layout-flow wp-block-column-is-layout-flow\">\n<figure class=\"wp-block-image size-full\"><img alt=\"\" loading=\"lazy\" decoding=\"async\" width=\"800\" height=\"800\" src=\"https:\/\/www.usborkeychain.com\/wp-content\/uploads\/Keyholder-Leather-USB-flash-drives.jpg\" class=\"wp-image-5619\" srcset=\"https:\/\/www.usborkeychain.com\/wp-content\/uploads\/Keyholder-Leather-USB-flash-drives.jpg 800w, https:\/\/www.usborkeychain.com\/wp-content\/uploads\/Keyholder-Leather-USB-flash-drives-300x300.jpg 300w, https:\/\/www.usborkeychain.com\/wp-content\/uploads\/Keyholder-Leather-USB-flash-drives-150x150.jpg 150w, https:\/\/www.usborkeychain.com\/wp-content\/uploads\/Keyholder-Leather-USB-flash-drives-768x768.jpg 768w, https:\/\/www.usborkeychain.com\/wp-content\/uploads\/Keyholder-Leather-USB-flash-drives-12x12.jpg 12w, https:\/\/www.usborkeychain.com\/wp-content\/uploads\/Keyholder-Leather-USB-flash-drives-600x600.jpg 600w, https:\/\/www.usborkeychain.com\/wp-content\/uploads\/Keyholder-Leather-USB-flash-drives-100x100.jpg 100w\" sizes=\"(max-width: 800px) 100vw, 800px\" \/><\/figure>\n\n\n\n<ul class=\"wp-block-list\">\n<li>Cadeaux d'affaires : Les entreprises de services haut de gamme, telles que les cabinets d'avocats et les soci\u00e9t\u00e9s de conseil, peuvent personnaliser les cl\u00e9s USB avec leur propre logo et les offrir \u00e0 leurs clients\/employ\u00e9s pour montrer le go\u00fbt de l'entreprise.<\/li>\n\n\n\n<li>Promotion de la marque : Les industries telles que la mode, les produits de luxe et les biens de consommation haut de gamme peuvent v\u00e9hiculer des images de marque et renforcer la reconnaissance de la marque gr\u00e2ce \u00e0 des cuirs et des logos personnalisables.<\/li>\n<\/ul>\n<\/div>\n\n\n\n<div class=\"wp-block-column is-layout-flow wp-block-column-is-layout-flow\">\n<figure class=\"wp-block-image size-full\"><img alt=\"\" loading=\"lazy\" decoding=\"async\" width=\"800\" height=\"800\" src=\"https:\/\/www.usborkeychain.com\/wp-content\/uploads\/black-leather-usb-drive.jpg\" class=\"wp-image-5616\" srcset=\"https:\/\/www.usborkeychain.com\/wp-content\/uploads\/black-leather-usb-drive.jpg 800w, https:\/\/www.usborkeychain.com\/wp-content\/uploads\/black-leather-usb-drive-300x300.jpg 300w, https:\/\/www.usborkeychain.com\/wp-content\/uploads\/black-leather-usb-drive-150x150.jpg 150w, https:\/\/www.usborkeychain.com\/wp-content\/uploads\/black-leather-usb-drive-768x768.jpg 768w, https:\/\/www.usborkeychain.com\/wp-content\/uploads\/black-leather-usb-drive-12x12.jpg 12w, https:\/\/www.usborkeychain.com\/wp-content\/uploads\/black-leather-usb-drive-600x600.jpg 600w, https:\/\/www.usborkeychain.com\/wp-content\/uploads\/black-leather-usb-drive-100x100.jpg 100w\" sizes=\"(max-width: 800px) 100vw, 800px\" \/><\/figure>\n\n\n\n<ul class=\"wp-block-list\">\n<li>Les hommes et femmes d'affaires : Les hommes et femmes d'affaires qui travaillent souvent et transmettent des donn\u00e9es, le design portable et l'apparence \u00e0 la mode sont en accord avec leur identit\u00e9 professionnelle, pratique et d\u00e9cente.<\/li>\n\n\n\n<li>Les amateurs de mode : Les personnes qui recherchent la personnalit\u00e9 et les tendances, le design unique et la personnalisation des couleurs peuvent r\u00e9pondre \u00e0 leur qu\u00eate de petits objets \u00e0 la mode.<\/li>\n<\/ul>\n<\/div>\n<\/div>\n\n\n\n<div class=\"wp-block-columns is-layout-flex wp-container-core-columns-is-layout-28f84493 wp-block-columns-is-layout-flex\">\n<div class=\"wp-block-column is-layout-flow wp-block-column-is-layout-flow\">\n<figure class=\"wp-block-image size-full\"><img alt=\"\" loading=\"lazy\" decoding=\"async\" width=\"400\" height=\"400\" src=\"https:\/\/www.usborkeychain.com\/wp-content\/uploads\/leather-usb-flash-drive-manufacturer.jpg\" class=\"wp-image-5621\" srcset=\"https:\/\/www.usborkeychain.com\/wp-content\/uploads\/leather-usb-flash-drive-manufacturer.jpg 400w, https:\/\/www.usborkeychain.com\/wp-content\/uploads\/leather-usb-flash-drive-manufacturer-300x300.jpg 300w, https:\/\/www.usborkeychain.com\/wp-content\/uploads\/leather-usb-flash-drive-manufacturer-150x150.jpg 150w, https:\/\/www.usborkeychain.com\/wp-content\/uploads\/leather-usb-flash-drive-manufacturer-12x12.jpg 12w, https:\/\/www.usborkeychain.com\/wp-content\/uploads\/leather-usb-flash-drive-manufacturer-100x100.jpg 100w\" sizes=\"(max-width: 400px) 100vw, 400px\" \/><\/figure>\n<\/div>\n\n\n\n<div class=\"wp-block-column is-layout-flow wp-block-column-is-layout-flow\">\n<figure class=\"wp-block-image size-full\"><img alt=\"\" loading=\"lazy\" decoding=\"async\" width=\"400\" height=\"400\" src=\"https:\/\/www.usborkeychain.com\/wp-content\/uploads\/buy-leather-usb-flash-drive.jpg\" class=\"wp-image-5617\" srcset=\"https:\/\/www.usborkeychain.com\/wp-content\/uploads\/buy-leather-usb-flash-drive.jpg 400w, https:\/\/www.usborkeychain.com\/wp-content\/uploads\/buy-leather-usb-flash-drive-300x300.jpg 300w, https:\/\/www.usborkeychain.com\/wp-content\/uploads\/buy-leather-usb-flash-drive-150x150.jpg 150w, https:\/\/www.usborkeychain.com\/wp-content\/uploads\/buy-leather-usb-flash-drive-12x12.jpg 12w, https:\/\/www.usborkeychain.com\/wp-content\/uploads\/buy-leather-usb-flash-drive-100x100.jpg 100w\" sizes=\"(max-width: 400px) 100vw, 400px\" \/><\/figure>\n<\/div>\n\n\n\n<div class=\"wp-block-column is-layout-flow wp-block-column-is-layout-flow\">\n<figure class=\"wp-block-image size-full\"><img alt=\"\" loading=\"lazy\" decoding=\"async\" width=\"400\" height=\"400\" src=\"https:\/\/www.usborkeychain.com\/wp-content\/uploads\/leather-usb-flash-drive-supplier.jpg\" class=\"wp-image-5622\" srcset=\"https:\/\/www.usborkeychain.com\/wp-content\/uploads\/leather-usb-flash-drive-supplier.jpg 400w, https:\/\/www.usborkeychain.com\/wp-content\/uploads\/leather-usb-flash-drive-supplier-300x300.jpg 300w, https:\/\/www.usborkeychain.com\/wp-content\/uploads\/leather-usb-flash-drive-supplier-150x150.jpg 150w, https:\/\/www.usborkeychain.com\/wp-content\/uploads\/leather-usb-flash-drive-supplier-12x12.jpg 12w, https:\/\/www.usborkeychain.com\/wp-content\/uploads\/leather-usb-flash-drive-supplier-100x100.jpg 100w\" sizes=\"(max-width: 400px) 100vw, 400px\" \/><\/figure>\n<\/div>\n<\/div>\n\n\n\n<p>Gr\u00e2ce \u00e0 sa conception innovante \"cuir + boucle m\u00e9tallique cach\u00e9e\", \u00e0 sa forte capacit\u00e9 de personnalisation et \u00e0 ses fonctions portables anti-perte, le <strong>cl\u00e9 USB en cuir avec boucle m\u00e9tallique<\/strong> est devenue un succ\u00e8s dans le domaine des cl\u00e9s USB professionnelles au cours des derni\u00e8res ann\u00e9es. Elle allie praticit\u00e9 et valeur esth\u00e9tique, et convient particuli\u00e8rement \u00e0 la personnalisation des cadeaux d'entreprise et aux utilisateurs individuels haut de gamme. Il s'agit d'un choix de haute qualit\u00e9 pour remplacer les cl\u00e9s magn\u00e9tiques traditionnelles.<strong> Cl\u00e9s USB<\/strong>.<\/p>","protected":false},"excerpt":{"rendered":"<ul>\n<li>Coque en cuir<\/li>\n<li>Bouton pression en m\u00e9tal de haute qualit\u00e9<\/li>\n<li>Couleur, logo, mat\u00e9riau et capacit\u00e9 personnalis\u00e9s<\/li>\n<li>Boucle cach\u00e9e en m\u00e9tal<\/li>\n<li>MOQ:100pcs<\/li>\n<\/ul>","protected":false},"featured_media":5626,"comment_status":"open","ping_status":"closed","template":"","meta":{"_seopress_robots_primary_cat":"","_seopress_titles_title":"","_seopress_titles_desc":"","_seopress_robots_index":"","site-sidebar-layout":"default","site-content-layout":"","ast-site-content-layout":"","site-content-style":"default","site-sidebar-style":"default","ast-global-header-display":"","ast-banner-title-visibility":"","ast-main-header-display":"","ast-hfb-above-header-display":"","ast-hfb-below-header-display":"","ast-hfb-mobile-header-display":"","site-post-title":"","ast-breadcrumbs-content":"","ast-featured-img":"","footer-sml-layout":"","theme-transparent-header-meta":"","adv-header-id-meta":"","stick-header-meta":"","header-above-stick-meta":"","header-main-stick-meta":"","header-below-stick-meta":"","astra-migrate-meta-layouts":"default","ast-page-background-enabled":"default","ast-page-background-meta":{"desktop":{"background-color":"var(--ast-global-color-5)","background-image":"","background-repeat":"repeat","background-position":"center center","background-size":"auto","background-attachment":"scroll","background-type":"","background-media":"","overlay-type":"","overlay-color":"","overlay-opacity":"","overlay-gradient":""},"tablet":{"background-color":"","background-image":"","background-repeat":"repeat","background-position":"center center","background-size":"auto","background-attachment":"scroll","background-type":"","background-media":"","overlay-type":"","overlay-color":"","overlay-opacity":"","overlay-gradient":""},"mobile":{"background-color":"","background-image":"","background-repeat":"repeat","background-position":"center center","background-size":"auto","background-attachment":"scroll","background-type":"","background-media":"","overlay-type":"","overlay-color":"","overlay-opacity":"","overlay-gradient":""}},"ast-content-background-meta":{"desktop":{"background-color":"var(--ast-global-color-4)","background-image":"","background-repeat":"repeat","background-position":"center center","background-size":"auto","background-attachment":"scroll","background-type":"","background-media":"","overlay-type":"","overlay-color":"","overlay-opacity":"","overlay-gradient":""},"tablet":{"background-color":"var(--ast-global-color-4)","background-image":"","background-repeat":"repeat","background-position":"center center","background-size":"auto","background-attachment":"scroll","background-type":"","background-media":"","overlay-type":"","overlay-color":"","overlay-opacity":"","overlay-gradient":""},"mobile":{"background-color":"var(--ast-global-color-4)","background-image":"","background-repeat":"repeat","background-position":"center center","background-size":"auto","background-attachment":"scroll","background-type":"","background-media":"","overlay-type":"","overlay-color":"","overlay-opacity":"","overlay-gradient":""}}},"product_brand":[],"product_cat":[90],"product_tag":[348],"class_list":{"0":"post-5612","1":"product","2":"type-product","3":"status-publish","4":"has-post-thumbnail","6":"product_cat-leather-usb-pendrive","7":"product_tag-flip-cover-metal-buckle-leather-usb-flash-drive","8":"desktop-align-left","9":"tablet-align-left","10":"mobile-align-left","12":"first","13":"instock","14":"shipping-taxable","15":"product-type-simple"},"_links":{"self":[{"href":"https:\/\/www.usborkeychain.com\/fr\/wp-json\/wp\/v2\/product\/5612","targetHints":{"allow":["GET"]}}],"collection":[{"href":"https:\/\/www.usborkeychain.com\/fr\/wp-json\/wp\/v2\/product"}],"about":[{"href":"https:\/\/www.usborkeychain.com\/fr\/wp-json\/wp\/v2\/types\/product"}],"replies":[{"embeddable":true,"href":"https:\/\/www.usborkeychain.com\/fr\/wp-json\/wp\/v2\/comments?post=5612"}],"wp:featuredmedia":[{"embeddable":true,"href":"https:\/\/www.usborkeychain.com\/fr\/wp-json\/wp\/v2\/media\/5626"}],"wp:attachment":[{"href":"https:\/\/www.usborkeychain.com\/fr\/wp-json\/wp\/v2\/media?parent=5612"}],"wp:term":[{"taxonomy":"product_brand","embeddable":true,"href":"https:\/\/www.usborkeychain.com\/fr\/wp-json\/wp\/v2\/product_brand?post=5612"},{"taxonomy":"product_cat","embeddable":true,"href":"https:\/\/www.usborkeychain.com\/fr\/wp-json\/wp\/v2\/product_cat?post=5612"},{"taxonomy":"product_tag","embeddable":true,"href":"https:\/\/www.usborkeychain.com\/fr\/wp-json\/wp\/v2\/product_tag?post=5612"}],"curies":[{"name":"wp","href":"https:\/\/api.w.org\/{rel}","templated":true}]}}