{"id":5649,"date":"2025-08-03T15:33:12","date_gmt":"2025-08-03T15:33:12","guid":{"rendered":"https:\/\/www.usborkeychain.com\/?post_type=product&#038;p=5649"},"modified":"2025-08-16T03:06:48","modified_gmt":"2025-08-16T03:06:48","slug":"lipstick-leather-usb-flash-drive","status":"publish","type":"product","link":"https:\/\/www.usborkeychain.com\/fr\/produit\/lipstick-leather-usb-flash-drive\/","title":{"rendered":"Cl\u00e9 USB en cuir rouge \u00e0 l\u00e8vres"},"content":{"rendered":"<div class=\"wp-block-columns is-layout-flex wp-container-core-columns-is-layout-28f84493 wp-block-columns-is-layout-flex\">\n<div class=\"wp-block-column is-vertically-aligned-center is-layout-flow wp-block-column-is-layout-flow\">\n<p>Le <strong>cl\u00e9 USB en cuir de rouge \u00e0 l\u00e8vres<\/strong> imite la forme et la taille d'un rouge \u00e0 l\u00e8vres dans son ensemble. Le design exquis de la coque est tr\u00e8s tendance, avec des couleurs vives et des lignes douces et \u00e9l\u00e9gantes. Il est unique et hautement personnalis\u00e9, ce qui permet de r\u00e9pondre parfaitement aux besoins des femmes en mati\u00e8re de couleurs personnalis\u00e9es.<\/p>\n\n\n\n<p>La coque est en cuir v\u00e9ritable. La coque en cuir a non seulement une texture exceptionnelle, mais elle est \u00e9galement durable, ce qui permet de mieux prot\u00e9ger la s\u00e9curit\u00e9 des composants internes et d'ajouter une couche de protection fiable pour le stockage des donn\u00e9es.<\/p>\n<\/div>\n\n\n\n<div class=\"wp-block-column is-layout-flow wp-block-column-is-layout-flow\">\n<figure class=\"wp-block-image size-full\"><img alt=\"\" fetchpriority=\"high\" decoding=\"async\" width=\"800\" height=\"800\" src=\"https:\/\/www.usborkeychain.com\/wp-content\/uploads\/Multi-Color-Leather-USB-Flash-Drive.png\" class=\"wp-image-5661\" srcset=\"https:\/\/www.usborkeychain.com\/wp-content\/uploads\/Multi-Color-Leather-USB-Flash-Drive.png 800w, https:\/\/www.usborkeychain.com\/wp-content\/uploads\/Multi-Color-Leather-USB-Flash-Drive-300x300.png 300w, https:\/\/www.usborkeychain.com\/wp-content\/uploads\/Multi-Color-Leather-USB-Flash-Drive-150x150.png 150w, https:\/\/www.usborkeychain.com\/wp-content\/uploads\/Multi-Color-Leather-USB-Flash-Drive-768x768.png 768w, https:\/\/www.usborkeychain.com\/wp-content\/uploads\/Multi-Color-Leather-USB-Flash-Drive-12x12.png 12w, https:\/\/www.usborkeychain.com\/wp-content\/uploads\/Multi-Color-Leather-USB-Flash-Drive-600x600.png 600w, https:\/\/www.usborkeychain.com\/wp-content\/uploads\/Multi-Color-Leather-USB-Flash-Drive-100x100.png 100w\" sizes=\"(max-width: 800px) 100vw, 800px\" \/><\/figure>\n<\/div>\n<\/div>\n\n\n\n<div class=\"wp-block-columns is-layout-flex wp-container-core-columns-is-layout-28f84493 wp-block-columns-is-layout-flex\">\n<div class=\"wp-block-column is-vertically-aligned-center is-layout-flow wp-block-column-is-layout-flow\">\n<figure class=\"wp-block-image size-full\"><img alt=\"\" decoding=\"async\" width=\"800\" height=\"800\" src=\"https:\/\/www.usborkeychain.com\/wp-content\/uploads\/buy-leather-usb-flash-drive-1.png\" class=\"wp-image-5655\" srcset=\"https:\/\/www.usborkeychain.com\/wp-content\/uploads\/buy-leather-usb-flash-drive-1.png 800w, https:\/\/www.usborkeychain.com\/wp-content\/uploads\/buy-leather-usb-flash-drive-1-300x300.png 300w, https:\/\/www.usborkeychain.com\/wp-content\/uploads\/buy-leather-usb-flash-drive-1-150x150.png 150w, https:\/\/www.usborkeychain.com\/wp-content\/uploads\/buy-leather-usb-flash-drive-1-768x768.png 768w, https:\/\/www.usborkeychain.com\/wp-content\/uploads\/buy-leather-usb-flash-drive-1-12x12.png 12w, https:\/\/www.usborkeychain.com\/wp-content\/uploads\/buy-leather-usb-flash-drive-1-600x600.png 600w, https:\/\/www.usborkeychain.com\/wp-content\/uploads\/buy-leather-usb-flash-drive-1-100x100.png 100w\" sizes=\"(max-width: 800px) 100vw, 800px\" \/><\/figure>\n<\/div>\n\n\n\n<div class=\"wp-block-column is-vertically-aligned-center is-layout-flow wp-block-column-is-layout-flow\">\n<p>Le produit est de petite taille, facile \u00e0 transporter et peut \u00eatre facilement mis dans une poche, un sac ou une trousse de maquillage sans prendre de place.<\/p>\n\n\n\n<p> Il est adapt\u00e9 aux besoins de stockage et de transmission de donn\u00e9es dans les sc\u00e9narios mobiles. Quelques <strong>cl\u00e9s USB en forme de rouge \u00e0 l\u00e8vres<\/strong> Ils sont \u00e9galement dot\u00e9s d'un anneau pour cl\u00e9s, qui peut \u00eatre accroch\u00e9 \u00e0 un trousseau de cl\u00e9s ou \u00e0 un sac, ce qui les rend pratiques \u00e0 transporter, r\u00e9duit le risque de perte, ajoute un caract\u00e8re amusant et unique au produit, et fait du dispositif de stockage un petit accessoire \u00e0 la mode.<\/p>\n<\/div>\n<\/div>\n\n\n\n<h2 class=\"wp-block-heading\">Param\u00e8tres de la cl\u00e9 USB<\/h2>\n\n\n\n<figure class=\"wp-block-table\"><table class=\"has-fixed-layout\"><thead><tr><th>Param\u00e8tres<\/th><th>Sp\u00e9cifications techniques<\/th><\/tr><\/thead><tbody><tr><td>Taille physique (longueur * largeur * hauteur)<\/td><td>65mm \u00d7 27mm \u00d7 15mm<\/td><\/tr><tr><td>Poids net du produit<\/td><td>20g \u00b1 1g (\u00e9tui en cuir + anneau m\u00e9tallique inclus)<\/td><\/tr><tr><td>Protocole de transmission<\/td><td>USB 2.0 \/ USB 3.0<\/td><\/tr><tr><td>Options de capacit\u00e9<\/td><td>16GB \/ 32GB \/ 64GB \/ 128GB \/ 256GB<\/td><\/tr><\/tbody><\/table><\/figure>\n\n\n\n<div class=\"wp-block-columns is-layout-flex wp-container-core-columns-is-layout-28f84493 wp-block-columns-is-layout-flex\">\n<div class=\"wp-block-column is-layout-flow wp-block-column-is-layout-flow\">\n<figure class=\"wp-block-image size-full\"><img alt=\"\" decoding=\"async\" width=\"800\" height=\"800\" src=\"https:\/\/www.usborkeychain.com\/wp-content\/uploads\/leather-usb-pen-drive.png\" class=\"wp-image-5659\" srcset=\"https:\/\/www.usborkeychain.com\/wp-content\/uploads\/leather-usb-pen-drive.png 800w, https:\/\/www.usborkeychain.com\/wp-content\/uploads\/leather-usb-pen-drive-300x300.png 300w, https:\/\/www.usborkeychain.com\/wp-content\/uploads\/leather-usb-pen-drive-150x150.png 150w, https:\/\/www.usborkeychain.com\/wp-content\/uploads\/leather-usb-pen-drive-768x768.png 768w, https:\/\/www.usborkeychain.com\/wp-content\/uploads\/leather-usb-pen-drive-12x12.png 12w, https:\/\/www.usborkeychain.com\/wp-content\/uploads\/leather-usb-pen-drive-600x600.png 600w, https:\/\/www.usborkeychain.com\/wp-content\/uploads\/leather-usb-pen-drive-100x100.png 100w\" sizes=\"(max-width: 800px) 100vw, 800px\" \/><\/figure>\n<\/div>\n\n\n\n<div class=\"wp-block-column is-layout-flow wp-block-column-is-layout-flow\">\n<figure class=\"wp-block-image size-full\"><img alt=\"\" loading=\"lazy\" decoding=\"async\" width=\"800\" height=\"800\" src=\"https:\/\/www.usborkeychain.com\/wp-content\/uploads\/Premium-Leather-USB-Flash-Drive-1.png\" class=\"wp-image-5662\" srcset=\"https:\/\/www.usborkeychain.com\/wp-content\/uploads\/Premium-Leather-USB-Flash-Drive-1.png 800w, https:\/\/www.usborkeychain.com\/wp-content\/uploads\/Premium-Leather-USB-Flash-Drive-1-300x300.png 300w, https:\/\/www.usborkeychain.com\/wp-content\/uploads\/Premium-Leather-USB-Flash-Drive-1-150x150.png 150w, https:\/\/www.usborkeychain.com\/wp-content\/uploads\/Premium-Leather-USB-Flash-Drive-1-768x768.png 768w, https:\/\/www.usborkeychain.com\/wp-content\/uploads\/Premium-Leather-USB-Flash-Drive-1-12x12.png 12w, https:\/\/www.usborkeychain.com\/wp-content\/uploads\/Premium-Leather-USB-Flash-Drive-1-600x600.png 600w, https:\/\/www.usborkeychain.com\/wp-content\/uploads\/Premium-Leather-USB-Flash-Drive-1-100x100.png 100w\" sizes=\"(max-width: 800px) 100vw, 800px\" \/><\/figure>\n<\/div>\n\n\n\n<div class=\"wp-block-column is-layout-flow wp-block-column-is-layout-flow\">\n<figure class=\"wp-block-image size-full\"><img alt=\"\" loading=\"lazy\" decoding=\"async\" width=\"800\" height=\"800\" src=\"https:\/\/www.usborkeychain.com\/wp-content\/uploads\/bulk-leather-usb-drive.png\" class=\"wp-image-5652\" srcset=\"https:\/\/www.usborkeychain.com\/wp-content\/uploads\/bulk-leather-usb-drive.png 800w, https:\/\/www.usborkeychain.com\/wp-content\/uploads\/bulk-leather-usb-drive-300x300.png 300w, https:\/\/www.usborkeychain.com\/wp-content\/uploads\/bulk-leather-usb-drive-150x150.png 150w, https:\/\/www.usborkeychain.com\/wp-content\/uploads\/bulk-leather-usb-drive-768x768.png 768w, https:\/\/www.usborkeychain.com\/wp-content\/uploads\/bulk-leather-usb-drive-12x12.png 12w, https:\/\/www.usborkeychain.com\/wp-content\/uploads\/bulk-leather-usb-drive-600x600.png 600w, https:\/\/www.usborkeychain.com\/wp-content\/uploads\/bulk-leather-usb-drive-100x100.png 100w\" sizes=\"(max-width: 800px) 100vw, 800px\" \/><\/figure>\n<\/div>\n<\/div>\n\n\n\n<div class=\"wp-block-columns is-layout-flex wp-container-core-columns-is-layout-28f84493 wp-block-columns-is-layout-flex\">\n<div class=\"wp-block-column is-layout-flow wp-block-column-is-layout-flow\">\n<figure class=\"wp-block-image size-full\"><img alt=\"\" loading=\"lazy\" decoding=\"async\" width=\"800\" height=\"800\" src=\"https:\/\/www.usborkeychain.com\/wp-content\/uploads\/USB-Leather-Prominent.png\" class=\"wp-image-5663\" srcset=\"https:\/\/www.usborkeychain.com\/wp-content\/uploads\/USB-Leather-Prominent.png 800w, https:\/\/www.usborkeychain.com\/wp-content\/uploads\/USB-Leather-Prominent-300x300.png 300w, https:\/\/www.usborkeychain.com\/wp-content\/uploads\/USB-Leather-Prominent-150x150.png 150w, https:\/\/www.usborkeychain.com\/wp-content\/uploads\/USB-Leather-Prominent-768x768.png 768w, https:\/\/www.usborkeychain.com\/wp-content\/uploads\/USB-Leather-Prominent-12x12.png 12w, https:\/\/www.usborkeychain.com\/wp-content\/uploads\/USB-Leather-Prominent-600x600.png 600w, https:\/\/www.usborkeychain.com\/wp-content\/uploads\/USB-Leather-Prominent-100x100.png 100w\" sizes=\"(max-width: 800px) 100vw, 800px\" \/><\/figure>\n<\/div>\n\n\n\n<div class=\"wp-block-column is-layout-flow wp-block-column-is-layout-flow\">\n<figure class=\"wp-block-image size-full\"><img alt=\"\" loading=\"lazy\" decoding=\"async\" width=\"800\" height=\"800\" src=\"https:\/\/www.usborkeychain.com\/wp-content\/uploads\/bulk-pu-leather-usb-flash-drive.png\" class=\"wp-image-5653\" srcset=\"https:\/\/www.usborkeychain.com\/wp-content\/uploads\/bulk-pu-leather-usb-flash-drive.png 800w, https:\/\/www.usborkeychain.com\/wp-content\/uploads\/bulk-pu-leather-usb-flash-drive-300x300.png 300w, https:\/\/www.usborkeychain.com\/wp-content\/uploads\/bulk-pu-leather-usb-flash-drive-150x150.png 150w, https:\/\/www.usborkeychain.com\/wp-content\/uploads\/bulk-pu-leather-usb-flash-drive-768x768.png 768w, https:\/\/www.usborkeychain.com\/wp-content\/uploads\/bulk-pu-leather-usb-flash-drive-12x12.png 12w, https:\/\/www.usborkeychain.com\/wp-content\/uploads\/bulk-pu-leather-usb-flash-drive-600x600.png 600w, https:\/\/www.usborkeychain.com\/wp-content\/uploads\/bulk-pu-leather-usb-flash-drive-100x100.png 100w\" sizes=\"(max-width: 800px) 100vw, 800px\" \/><\/figure>\n<\/div>\n\n\n\n<div class=\"wp-block-column is-layout-flow wp-block-column-is-layout-flow\">\n<figure class=\"wp-block-image size-full\"><img alt=\"\" loading=\"lazy\" decoding=\"async\" width=\"800\" height=\"800\" src=\"https:\/\/www.usborkeychain.com\/wp-content\/uploads\/leather-usb-drive-1.png\" class=\"wp-image-5657\" srcset=\"https:\/\/www.usborkeychain.com\/wp-content\/uploads\/leather-usb-drive-1.png 800w, https:\/\/www.usborkeychain.com\/wp-content\/uploads\/leather-usb-drive-1-300x300.png 300w, https:\/\/www.usborkeychain.com\/wp-content\/uploads\/leather-usb-drive-1-150x150.png 150w, https:\/\/www.usborkeychain.com\/wp-content\/uploads\/leather-usb-drive-1-768x768.png 768w, https:\/\/www.usborkeychain.com\/wp-content\/uploads\/leather-usb-drive-1-12x12.png 12w, https:\/\/www.usborkeychain.com\/wp-content\/uploads\/leather-usb-drive-1-600x600.png 600w, https:\/\/www.usborkeychain.com\/wp-content\/uploads\/leather-usb-drive-1-100x100.png 100w\" sizes=\"(max-width: 800px) 100vw, 800px\" \/><\/figure>\n<\/div>\n<\/div>\n\n\n\n<h3 class=\"wp-block-heading\">Services de personnalisation<\/h3>\n\n\n\n<figure class=\"wp-block-table\"><table class=\"has-fixed-layout\"><thead><tr><th>Type d'artisanat<\/th><th>Position applicable<\/th><th>Pr\u00e9sentation des effets<\/th><\/tr><\/thead><tbody><tr><td>S\u00e9rigraphie<\/td><td>C\u00f4t\u00e9 cuir<\/td><td>LOGO color\u00e9<\/td><\/tr><tr><td>Gaufrage<\/td><td>Recto \/ verso de l'\u00e9tui en cuir<\/td><td>Logo concave tridimensionnel<\/td><\/tr><tr><td>Gravure au laser<\/td><td>Capuchon m\u00e9tallique \u00e0 l'extr\u00e9mit\u00e9 de la cl\u00e9 USB<\/td><td>Marquage permanent de la capacit\u00e9<\/td><\/tr><\/tbody><\/table><\/figure>\n\n\n\n<div class=\"wp-block-columns is-layout-flex wp-container-core-columns-is-layout-28f84493 wp-block-columns-is-layout-flex\">\n<div class=\"wp-block-column is-layout-flow wp-block-column-is-layout-flow\">\n<figure class=\"wp-block-image size-full\"><img alt=\"\" loading=\"lazy\" decoding=\"async\" width=\"800\" height=\"800\" src=\"https:\/\/www.usborkeychain.com\/wp-content\/uploads\/custom-leather-usb-drives-1.png\" class=\"wp-image-5656\" srcset=\"https:\/\/www.usborkeychain.com\/wp-content\/uploads\/custom-leather-usb-drives-1.png 800w, https:\/\/www.usborkeychain.com\/wp-content\/uploads\/custom-leather-usb-drives-1-300x300.png 300w, https:\/\/www.usborkeychain.com\/wp-content\/uploads\/custom-leather-usb-drives-1-150x150.png 150w, https:\/\/www.usborkeychain.com\/wp-content\/uploads\/custom-leather-usb-drives-1-768x768.png 768w, https:\/\/www.usborkeychain.com\/wp-content\/uploads\/custom-leather-usb-drives-1-12x12.png 12w, https:\/\/www.usborkeychain.com\/wp-content\/uploads\/custom-leather-usb-drives-1-600x600.png 600w, https:\/\/www.usborkeychain.com\/wp-content\/uploads\/custom-leather-usb-drives-1-100x100.png 100w\" sizes=\"(max-width: 800px) 100vw, 800px\" \/><\/figure>\n<\/div>\n\n\n\n<div class=\"wp-block-column is-layout-flow wp-block-column-is-layout-flow\">\n<figure class=\"wp-block-image size-full\"><img alt=\"\" loading=\"lazy\" decoding=\"async\" width=\"800\" height=\"800\" src=\"https:\/\/www.usborkeychain.com\/wp-content\/uploads\/Leather-USB-Flash-Drive.png\" class=\"wp-image-5658\" srcset=\"https:\/\/www.usborkeychain.com\/wp-content\/uploads\/Leather-USB-Flash-Drive.png 800w, https:\/\/www.usborkeychain.com\/wp-content\/uploads\/Leather-USB-Flash-Drive-300x300.png 300w, https:\/\/www.usborkeychain.com\/wp-content\/uploads\/Leather-USB-Flash-Drive-150x150.png 150w, https:\/\/www.usborkeychain.com\/wp-content\/uploads\/Leather-USB-Flash-Drive-768x768.png 768w, https:\/\/www.usborkeychain.com\/wp-content\/uploads\/Leather-USB-Flash-Drive-12x12.png 12w, https:\/\/www.usborkeychain.com\/wp-content\/uploads\/Leather-USB-Flash-Drive-600x600.png 600w, https:\/\/www.usborkeychain.com\/wp-content\/uploads\/Leather-USB-Flash-Drive-100x100.png 100w\" sizes=\"(max-width: 800px) 100vw, 800px\" \/><\/figure>\n<\/div>\n\n\n\n<div class=\"wp-block-column is-layout-flow wp-block-column-is-layout-flow\">\n<figure class=\"wp-block-image size-full\"><img alt=\"\" loading=\"lazy\" decoding=\"async\" width=\"800\" height=\"800\" src=\"https:\/\/www.usborkeychain.com\/wp-content\/uploads\/bulk-usb-flash-drive-leather-case.png\" class=\"wp-image-5654\" srcset=\"https:\/\/www.usborkeychain.com\/wp-content\/uploads\/bulk-usb-flash-drive-leather-case.png 800w, https:\/\/www.usborkeychain.com\/wp-content\/uploads\/bulk-usb-flash-drive-leather-case-300x300.png 300w, https:\/\/www.usborkeychain.com\/wp-content\/uploads\/bulk-usb-flash-drive-leather-case-150x150.png 150w, https:\/\/www.usborkeychain.com\/wp-content\/uploads\/bulk-usb-flash-drive-leather-case-768x768.png 768w, https:\/\/www.usborkeychain.com\/wp-content\/uploads\/bulk-usb-flash-drive-leather-case-12x12.png 12w, https:\/\/www.usborkeychain.com\/wp-content\/uploads\/bulk-usb-flash-drive-leather-case-600x600.png 600w, https:\/\/www.usborkeychain.com\/wp-content\/uploads\/bulk-usb-flash-drive-leather-case-100x100.png 100w\" sizes=\"(max-width: 800px) 100vw, 800px\" \/><\/figure>\n<\/div>\n<\/div>\n\n\n\n<h2 class=\"wp-block-heading\">Avantages en termes de performances<\/h2>\n\n\n\n<div class=\"wp-block-columns is-layout-flex wp-container-core-columns-is-layout-28f84493 wp-block-columns-is-layout-flex\">\n<div class=\"wp-block-column is-vertically-aligned-center is-layout-flow wp-block-column-is-layout-flow\">\n<p>Il utilise des puces FLASH de qualit\u00e9 A, aux performances stables. Il dispose d'une fonction de cryptage optionnelle, qui ajoute un \"verrou de protection\" aux donn\u00e9es importantes, garantissant efficacement la s\u00e9curit\u00e9 des donn\u00e9es. La fonction de protection contre l'\u00e9criture peut emp\u00eacher la suppression et l'\u00e9criture accidentelles de donn\u00e9es. Les donn\u00e9es peuvent \u00eatre r\u00e9\u00e9crites plus d'un million de fois, ce qui permet un stockage stable et \u00e0 long terme des donn\u00e9es, de sorte que vous pouvez stocker divers fichiers en toute confiance.<\/p>\n\n\n\n<p>Le <strong>cl\u00e9 USB en cuir de rouge \u00e0 l\u00e8vres<\/strong> int\u00e8gre un design \u00e0 la mode, des mat\u00e9riaux de haute qualit\u00e9 et des performances stables. Il r\u00e9pond parfaitement aux besoins de stockage personnalis\u00e9s et contribue \u00e0 la promotion de la marque de l'entreprise. Il s'agit d'un choix de haute qualit\u00e9, \u00e0 la fois esth\u00e9tique et solide, \u00e0 l'\u00e8re du stockage mobile, qui apporte une nouvelle exp\u00e9rience de la mode au stockage et \u00e0 la transmission des donn\u00e9es.<\/p>\n<\/div>\n\n\n\n<div class=\"wp-block-column is-layout-flow wp-block-column-is-layout-flow\">\n<figure class=\"wp-block-image size-large\"><img alt=\"\" loading=\"lazy\" decoding=\"async\" width=\"733\" height=\"800\" src=\"https:\/\/www.usborkeychain.com\/wp-content\/uploads\/Lipstick-leather-USB-flash-drive-733x800.jpg\" class=\"wp-image-5660\" srcset=\"https:\/\/www.usborkeychain.com\/wp-content\/uploads\/Lipstick-leather-USB-flash-drive-733x800.jpg 733w, https:\/\/www.usborkeychain.com\/wp-content\/uploads\/Lipstick-leather-USB-flash-drive-275x300.jpg 275w, https:\/\/www.usborkeychain.com\/wp-content\/uploads\/Lipstick-leather-USB-flash-drive-768x838.jpg 768w, https:\/\/www.usborkeychain.com\/wp-content\/uploads\/Lipstick-leather-USB-flash-drive-11x12.jpg 11w, https:\/\/www.usborkeychain.com\/wp-content\/uploads\/Lipstick-leather-USB-flash-drive-600x655.jpg 600w, https:\/\/www.usborkeychain.com\/wp-content\/uploads\/Lipstick-leather-USB-flash-drive.jpg 800w\" sizes=\"(max-width: 733px) 100vw, 733px\" \/><\/figure>\n<\/div>\n<\/div>","protected":false},"excerpt":{"rendered":"<ul>\n<li>en forme de rouge \u00e0 l\u00e8vres<\/li>\n<li>Puces FLASH de qualit\u00e9 A<\/li>\n<li>Design \u00e0 la mode<\/li>\n<li>Cuir et m\u00e9tal<\/li>\n<li>MOQ\uff1a100pcs<\/li>\n<\/ul>","protected":false},"featured_media":5661,"comment_status":"open","ping_status":"closed","template":"","meta":{"_seopress_robots_primary_cat":"","_seopress_titles_title":"","_seopress_titles_desc":"","_seopress_robots_index":"","site-sidebar-layout":"default","site-content-layout":"","ast-site-content-layout":"","site-content-style":"default","site-sidebar-style":"default","ast-global-header-display":"","ast-banner-title-visibility":"","ast-main-header-display":"","ast-hfb-above-header-display":"","ast-hfb-below-header-display":"","ast-hfb-mobile-header-display":"","site-post-title":"","ast-breadcrumbs-content":"","ast-featured-img":"","footer-sml-layout":"","theme-transparent-header-meta":"","adv-header-id-meta":"","stick-header-meta":"","header-above-stick-meta":"","header-main-stick-meta":"","header-below-stick-meta":"","astra-migrate-meta-layouts":"default","ast-page-background-enabled":"default","ast-page-background-meta":{"desktop":{"background-color":"var(--ast-global-color-5)","background-image":"","background-repeat":"repeat","background-position":"center center","background-size":"auto","background-attachment":"scroll","background-type":"","background-media":"","overlay-type":"","overlay-color":"","overlay-opacity":"","overlay-gradient":""},"tablet":{"background-color":"","background-image":"","background-repeat":"repeat","background-position":"center center","background-size":"auto","background-attachment":"scroll","background-type":"","background-media":"","overlay-type":"","overlay-color":"","overlay-opacity":"","overlay-gradient":""},"mobile":{"background-color":"","background-image":"","background-repeat":"repeat","background-position":"center center","background-size":"auto","background-attachment":"scroll","background-type":"","background-media":"","overlay-type":"","overlay-color":"","overlay-opacity":"","overlay-gradient":""}},"ast-content-background-meta":{"desktop":{"background-color":"var(--ast-global-color-4)","background-image":"","background-repeat":"repeat","background-position":"center center","background-size":"auto","background-attachment":"scroll","background-type":"","background-media":"","overlay-type":"","overlay-color":"","overlay-opacity":"","overlay-gradient":""},"tablet":{"background-color":"var(--ast-global-color-4)","background-image":"","background-repeat":"repeat","background-position":"center center","background-size":"auto","background-attachment":"scroll","background-type":"","background-media":"","overlay-type":"","overlay-color":"","overlay-opacity":"","overlay-gradient":""},"mobile":{"background-color":"var(--ast-global-color-4)","background-image":"","background-repeat":"repeat","background-position":"center center","background-size":"auto","background-attachment":"scroll","background-type":"","background-media":"","overlay-type":"","overlay-color":"","overlay-opacity":"","overlay-gradient":""}}},"product_brand":[],"product_cat":[90,103],"product_tag":[350],"class_list":{"0":"post-5649","1":"product","2":"type-product","3":"status-publish","4":"has-post-thumbnail","6":"product_cat-leather-usb-pendrive","7":"product_cat-usb2-0-usb-pendrive","8":"product_tag-lipstick-leather-usb-flash-drive","9":"desktop-align-left","10":"tablet-align-left","11":"mobile-align-left","13":"first","14":"instock","15":"shipping-taxable","16":"product-type-simple"},"_links":{"self":[{"href":"https:\/\/www.usborkeychain.com\/fr\/wp-json\/wp\/v2\/product\/5649","targetHints":{"allow":["GET"]}}],"collection":[{"href":"https:\/\/www.usborkeychain.com\/fr\/wp-json\/wp\/v2\/product"}],"about":[{"href":"https:\/\/www.usborkeychain.com\/fr\/wp-json\/wp\/v2\/types\/product"}],"replies":[{"embeddable":true,"href":"https:\/\/www.usborkeychain.com\/fr\/wp-json\/wp\/v2\/comments?post=5649"}],"wp:featuredmedia":[{"embeddable":true,"href":"https:\/\/www.usborkeychain.com\/fr\/wp-json\/wp\/v2\/media\/5661"}],"wp:attachment":[{"href":"https:\/\/www.usborkeychain.com\/fr\/wp-json\/wp\/v2\/media?parent=5649"}],"wp:term":[{"taxonomy":"product_brand","embeddable":true,"href":"https:\/\/www.usborkeychain.com\/fr\/wp-json\/wp\/v2\/product_brand?post=5649"},{"taxonomy":"product_cat","embeddable":true,"href":"https:\/\/www.usborkeychain.com\/fr\/wp-json\/wp\/v2\/product_cat?post=5649"},{"taxonomy":"product_tag","embeddable":true,"href":"https:\/\/www.usborkeychain.com\/fr\/wp-json\/wp\/v2\/product_tag?post=5649"}],"curies":[{"name":"wp","href":"https:\/\/api.w.org\/{rel}","templated":true}]}}