{"id":5664,"date":"2025-08-03T15:56:57","date_gmt":"2025-08-03T15:56:57","guid":{"rendered":"https:\/\/www.usborkeychain.com\/?post_type=product&#038;p=5664"},"modified":"2025-08-03T15:57:00","modified_gmt":"2025-08-03T15:57:00","slug":"leather-buckle-usb-flash-drive","status":"publish","type":"product","link":"https:\/\/www.usborkeychain.com\/fr\/produit\/leather-buckle-usb-flash-drive\/","title":{"rendered":"Cl\u00e9 USB avec boucle en cuir"},"content":{"rendered":"<div class=\"wp-block-columns is-layout-flex wp-container-core-columns-is-layout-28f84493 wp-block-columns-is-layout-flex\">\n<div class=\"wp-block-column is-vertically-aligned-center is-layout-flow wp-block-column-is-layout-flow\">\n<p>Le <strong>boucle de ceinture cl\u00e9 USB<\/strong> est un nouveau produit \u00e9labor\u00e9 par les fabricants de cl\u00e9s USB. Elle adopte une conception int\u00e9gr\u00e9e de type plug-in combin\u00e9e \u00e0 la technologie d'emballage int\u00e9gr\u00e9e UDP, qui peut r\u00e9sister efficacement aux risques externes tels que les \u00e9claboussures d'eau et la poussi\u00e8re, construisant ainsi un \"mur de protection\" pour la s\u00e9curit\u00e9 des donn\u00e9es.<\/p>\n<\/div>\n\n\n\n<div class=\"wp-block-column is-layout-flow wp-block-column-is-layout-flow\">\n<figure class=\"wp-block-image size-full\"><img alt=\"\" fetchpriority=\"high\" decoding=\"async\" width=\"800\" height=\"800\" src=\"https:\/\/www.usborkeychain.com\/wp-content\/uploads\/leather-usb-drive-2.png\" class=\"wp-image-5673\" srcset=\"https:\/\/www.usborkeychain.com\/wp-content\/uploads\/leather-usb-drive-2.png 800w, https:\/\/www.usborkeychain.com\/wp-content\/uploads\/leather-usb-drive-2-300x300.png 300w, https:\/\/www.usborkeychain.com\/wp-content\/uploads\/leather-usb-drive-2-150x150.png 150w, https:\/\/www.usborkeychain.com\/wp-content\/uploads\/leather-usb-drive-2-768x768.png 768w, https:\/\/www.usborkeychain.com\/wp-content\/uploads\/leather-usb-drive-2-12x12.png 12w, https:\/\/www.usborkeychain.com\/wp-content\/uploads\/leather-usb-drive-2-600x600.png 600w, https:\/\/www.usborkeychain.com\/wp-content\/uploads\/leather-usb-drive-2-100x100.png 100w\" sizes=\"(max-width: 800px) 100vw, 800px\" \/><\/figure>\n<\/div>\n<\/div>\n\n\n\n<div class=\"wp-block-columns is-layout-flex wp-container-core-columns-is-layout-28f84493 wp-block-columns-is-layout-flex\">\n<div class=\"wp-block-column is-vertically-aligned-center is-layout-flow wp-block-column-is-layout-flow\">\n<figure class=\"wp-block-image size-full\"><img alt=\"\" decoding=\"async\" width=\"800\" height=\"800\" src=\"https:\/\/www.usborkeychain.com\/wp-content\/uploads\/Leather-USB-Flash-Drives-3.png\" class=\"wp-image-5676\" srcset=\"https:\/\/www.usborkeychain.com\/wp-content\/uploads\/Leather-USB-Flash-Drives-3.png 800w, https:\/\/www.usborkeychain.com\/wp-content\/uploads\/Leather-USB-Flash-Drives-3-300x300.png 300w, https:\/\/www.usborkeychain.com\/wp-content\/uploads\/Leather-USB-Flash-Drives-3-150x150.png 150w, https:\/\/www.usborkeychain.com\/wp-content\/uploads\/Leather-USB-Flash-Drives-3-768x768.png 768w, https:\/\/www.usborkeychain.com\/wp-content\/uploads\/Leather-USB-Flash-Drives-3-12x12.png 12w, https:\/\/www.usborkeychain.com\/wp-content\/uploads\/Leather-USB-Flash-Drives-3-600x600.png 600w, https:\/\/www.usborkeychain.com\/wp-content\/uploads\/Leather-USB-Flash-Drives-3-100x100.png 100w\" sizes=\"(max-width: 800px) 100vw, 800px\" \/><\/figure>\n<\/div>\n\n\n\n<div class=\"wp-block-column is-vertically-aligned-center is-layout-flow wp-block-column-is-layout-flow\">\n<p>Le bracelet est compos\u00e9 de<strong> cuir de vachette grain sup\u00e9rieur<\/strong>La boucle m\u00e9tallique est en alliage de zinc et le joint de fixation en plastique contient des particules de m\u00e9moire flash int\u00e9gr\u00e9es UDP. Le corps m\u00e9tallique est trait\u00e9 par galvanoplastie, ce qui lui conf\u00e8re une apparence \u00e9l\u00e9gante et attrayante. La coque m\u00e9tallique est \u00e0 la fois r\u00e9sistante \u00e0 l'usure et \u00e0 la rouille, ce qui lui permet de rester en bon \u00e9tat, m\u00eame apr\u00e8s une utilisation prolong\u00e9e, et d'allier esth\u00e9tique et praticit\u00e9.<\/p>\n\n\n\n<p>Le bracelet en cuir est \u00e9galement dot\u00e9 d'une fonction de lani\u00e8re. Il a une texture douce et peut \u00eatre directement accroch\u00e9 \u00e0 un sac ou \u00e0 un porte-cl\u00e9s, ce qui le rend pratique \u00e0 utiliser et facile \u00e0 perdre.<\/p>\n<\/div>\n<\/div>\n\n\n\n<h2 class=\"wp-block-heading\">Param\u00e8tres de base de la cl\u00e9 USB<\/h2>\n\n\n\n<figure class=\"wp-block-table\"><table class=\"has-fixed-layout\"><thead><tr><th>Cat\u00e9gorie de param\u00e8tres<\/th><th>D\u00e9tails<\/th><\/tr><\/thead><tbody><tr><td>Capacit\u00e9<\/td><td>8GB, 16GB, 32GB, 64GB, 128GB<\/td><\/tr><tr><td>Taille (Longueur * Largeur * Hauteur)<\/td><td>75*<em>12<\/em>*4,5 mm<\/td><\/tr><tr><td>Poids<\/td><td>10g<\/td><\/tr><tr><td>Interface<\/td><td>UDP3.0, assurant une transmission efficace et stable des donn\u00e9es<\/td><\/tr><\/tbody><\/table><\/figure>\n\n\n\n<div class=\"wp-block-columns is-layout-flex wp-container-core-columns-is-layout-28f84493 wp-block-columns-is-layout-flex\">\n<div class=\"wp-block-column is-layout-flow wp-block-column-is-layout-flow\">\n<figure class=\"wp-block-image size-full\"><img alt=\"\" decoding=\"async\" width=\"800\" height=\"800\" src=\"https:\/\/www.usborkeychain.com\/wp-content\/uploads\/buy-leather-usb-flash-drive-1.jpg\" class=\"wp-image-5668\" srcset=\"https:\/\/www.usborkeychain.com\/wp-content\/uploads\/buy-leather-usb-flash-drive-1.jpg 800w, https:\/\/www.usborkeychain.com\/wp-content\/uploads\/buy-leather-usb-flash-drive-1-300x300.jpg 300w, https:\/\/www.usborkeychain.com\/wp-content\/uploads\/buy-leather-usb-flash-drive-1-150x150.jpg 150w, https:\/\/www.usborkeychain.com\/wp-content\/uploads\/buy-leather-usb-flash-drive-1-768x768.jpg 768w, https:\/\/www.usborkeychain.com\/wp-content\/uploads\/buy-leather-usb-flash-drive-1-12x12.jpg 12w, https:\/\/www.usborkeychain.com\/wp-content\/uploads\/buy-leather-usb-flash-drive-1-600x600.jpg 600w, https:\/\/www.usborkeychain.com\/wp-content\/uploads\/buy-leather-usb-flash-drive-1-100x100.jpg 100w\" sizes=\"(max-width: 800px) 100vw, 800px\" \/><\/figure>\n<\/div>\n\n\n\n<div class=\"wp-block-column is-layout-flow wp-block-column-is-layout-flow\">\n<figure class=\"wp-block-image size-full\"><img alt=\"\" loading=\"lazy\" decoding=\"async\" width=\"800\" height=\"800\" src=\"https:\/\/www.usborkeychain.com\/wp-content\/uploads\/Leather-Buckle-USB-flash-drive.jpg\" class=\"wp-image-5670\" srcset=\"https:\/\/www.usborkeychain.com\/wp-content\/uploads\/Leather-Buckle-USB-flash-drive.jpg 800w, https:\/\/www.usborkeychain.com\/wp-content\/uploads\/Leather-Buckle-USB-flash-drive-300x300.jpg 300w, https:\/\/www.usborkeychain.com\/wp-content\/uploads\/Leather-Buckle-USB-flash-drive-150x150.jpg 150w, https:\/\/www.usborkeychain.com\/wp-content\/uploads\/Leather-Buckle-USB-flash-drive-768x768.jpg 768w, https:\/\/www.usborkeychain.com\/wp-content\/uploads\/Leather-Buckle-USB-flash-drive-12x12.jpg 12w, https:\/\/www.usborkeychain.com\/wp-content\/uploads\/Leather-Buckle-USB-flash-drive-600x600.jpg 600w, https:\/\/www.usborkeychain.com\/wp-content\/uploads\/Leather-Buckle-USB-flash-drive-100x100.jpg 100w\" sizes=\"(max-width: 800px) 100vw, 800px\" \/><\/figure>\n<\/div>\n\n\n\n<div class=\"wp-block-column is-layout-flow wp-block-column-is-layout-flow\">\n<figure class=\"wp-block-image size-full\"><img alt=\"\" loading=\"lazy\" decoding=\"async\" width=\"800\" height=\"800\" src=\"https:\/\/www.usborkeychain.com\/wp-content\/uploads\/leather-usb-pen-drive-1.png\" class=\"wp-image-5677\" srcset=\"https:\/\/www.usborkeychain.com\/wp-content\/uploads\/leather-usb-pen-drive-1.png 800w, https:\/\/www.usborkeychain.com\/wp-content\/uploads\/leather-usb-pen-drive-1-300x300.png 300w, https:\/\/www.usborkeychain.com\/wp-content\/uploads\/leather-usb-pen-drive-1-150x150.png 150w, https:\/\/www.usborkeychain.com\/wp-content\/uploads\/leather-usb-pen-drive-1-768x768.png 768w, https:\/\/www.usborkeychain.com\/wp-content\/uploads\/leather-usb-pen-drive-1-12x12.png 12w, https:\/\/www.usborkeychain.com\/wp-content\/uploads\/leather-usb-pen-drive-1-600x600.png 600w, https:\/\/www.usborkeychain.com\/wp-content\/uploads\/leather-usb-pen-drive-1-100x100.png 100w\" sizes=\"(max-width: 800px) 100vw, 800px\" \/><\/figure>\n<\/div>\n<\/div>\n\n\n\n<h2 class=\"wp-block-heading\">Services de personnalisation<\/h2>\n\n\n\n<figure class=\"wp-block-table\"><table class=\"has-fixed-layout\"><thead><tr><th>Artisanat<\/th><th>Partie applicable<\/th><\/tr><\/thead><tbody><tr><td>Gravure au laser<\/td><td>Corps en m\u00e9tal<\/td><\/tr><tr><td>Placage \u00e9lectrolytique Gravure<\/td><td>C\u00f4t\u00e9 m\u00e9tal<\/td><\/tr><tr><td>S\u00e9rigraphie<\/td><td>Bracelet en cuir<\/td><\/tr><tr><td>Gaufrage<\/td><td>Surface de la boucle de ceinture<\/td><\/tr><\/tbody><\/table><\/figure>\n\n\n\n<div class=\"wp-block-columns is-layout-flex wp-container-core-columns-is-layout-28f84493 wp-block-columns-is-layout-flex\">\n<div class=\"wp-block-column is-layout-flow wp-block-column-is-layout-flow\">\n<figure class=\"wp-block-image size-full\"><img alt=\"\" loading=\"lazy\" decoding=\"async\" width=\"800\" height=\"800\" src=\"https:\/\/www.usborkeychain.com\/wp-content\/uploads\/leather-usb-flash-drive-supplier.png\" class=\"wp-image-5675\" srcset=\"https:\/\/www.usborkeychain.com\/wp-content\/uploads\/leather-usb-flash-drive-supplier.png 800w, https:\/\/www.usborkeychain.com\/wp-content\/uploads\/leather-usb-flash-drive-supplier-300x300.png 300w, https:\/\/www.usborkeychain.com\/wp-content\/uploads\/leather-usb-flash-drive-supplier-150x150.png 150w, https:\/\/www.usborkeychain.com\/wp-content\/uploads\/leather-usb-flash-drive-supplier-768x768.png 768w, https:\/\/www.usborkeychain.com\/wp-content\/uploads\/leather-usb-flash-drive-supplier-12x12.png 12w, https:\/\/www.usborkeychain.com\/wp-content\/uploads\/leather-usb-flash-drive-supplier-600x600.png 600w, https:\/\/www.usborkeychain.com\/wp-content\/uploads\/leather-usb-flash-drive-supplier-100x100.png 100w\" sizes=\"(max-width: 800px) 100vw, 800px\" \/><\/figure>\n<\/div>\n\n\n\n<div class=\"wp-block-column is-layout-flow wp-block-column-is-layout-flow\">\n<figure class=\"wp-block-image size-full\"><img alt=\"\" loading=\"lazy\" decoding=\"async\" width=\"800\" height=\"800\" src=\"https:\/\/www.usborkeychain.com\/wp-content\/uploads\/Leather-Buckle-USB.jpg\" class=\"wp-image-5671\" srcset=\"https:\/\/www.usborkeychain.com\/wp-content\/uploads\/Leather-Buckle-USB.jpg 800w, https:\/\/www.usborkeychain.com\/wp-content\/uploads\/Leather-Buckle-USB-300x300.jpg 300w, https:\/\/www.usborkeychain.com\/wp-content\/uploads\/Leather-Buckle-USB-150x150.jpg 150w, https:\/\/www.usborkeychain.com\/wp-content\/uploads\/Leather-Buckle-USB-768x768.jpg 768w, https:\/\/www.usborkeychain.com\/wp-content\/uploads\/Leather-Buckle-USB-12x12.jpg 12w, https:\/\/www.usborkeychain.com\/wp-content\/uploads\/Leather-Buckle-USB-600x600.jpg 600w, https:\/\/www.usborkeychain.com\/wp-content\/uploads\/Leather-Buckle-USB-100x100.jpg 100w\" sizes=\"(max-width: 800px) 100vw, 800px\" \/><\/figure>\n<\/div>\n\n\n\n<div class=\"wp-block-column is-layout-flow wp-block-column-is-layout-flow\">\n<figure class=\"wp-block-image size-full\"><img alt=\"\" loading=\"lazy\" decoding=\"async\" width=\"800\" height=\"800\" src=\"https:\/\/www.usborkeychain.com\/wp-content\/uploads\/leather-usb-flash-drive-manufacturer.png\" class=\"wp-image-5674\" srcset=\"https:\/\/www.usborkeychain.com\/wp-content\/uploads\/leather-usb-flash-drive-manufacturer.png 800w, https:\/\/www.usborkeychain.com\/wp-content\/uploads\/leather-usb-flash-drive-manufacturer-300x300.png 300w, https:\/\/www.usborkeychain.com\/wp-content\/uploads\/leather-usb-flash-drive-manufacturer-150x150.png 150w, https:\/\/www.usborkeychain.com\/wp-content\/uploads\/leather-usb-flash-drive-manufacturer-768x768.png 768w, https:\/\/www.usborkeychain.com\/wp-content\/uploads\/leather-usb-flash-drive-manufacturer-12x12.png 12w, https:\/\/www.usborkeychain.com\/wp-content\/uploads\/leather-usb-flash-drive-manufacturer-600x600.png 600w, https:\/\/www.usborkeychain.com\/wp-content\/uploads\/leather-usb-flash-drive-manufacturer-100x100.png 100w\" sizes=\"(max-width: 800px) 100vw, 800px\" \/><\/figure>\n<\/div>\n<\/div>\n\n\n\n<h2 class=\"wp-block-heading\">Occasions applicables<\/h2>\n\n\n\n<div class=\"wp-block-columns is-layout-flex wp-container-core-columns-is-layout-28f84493 wp-block-columns-is-layout-flex\">\n<div class=\"wp-block-column is-layout-flow wp-block-column-is-layout-flow\">\n<figure class=\"wp-block-image size-full\"><img alt=\"\" loading=\"lazy\" decoding=\"async\" width=\"800\" height=\"672\" src=\"https:\/\/www.usborkeychain.com\/wp-content\/uploads\/Leather-Strap-USB-Flash-Drive.jpg\" class=\"wp-image-5672\" srcset=\"https:\/\/www.usborkeychain.com\/wp-content\/uploads\/Leather-Strap-USB-Flash-Drive.jpg 800w, https:\/\/www.usborkeychain.com\/wp-content\/uploads\/Leather-Strap-USB-Flash-Drive-300x252.jpg 300w, https:\/\/www.usborkeychain.com\/wp-content\/uploads\/Leather-Strap-USB-Flash-Drive-768x645.jpg 768w, https:\/\/www.usborkeychain.com\/wp-content\/uploads\/Leather-Strap-USB-Flash-Drive-14x12.jpg 14w, https:\/\/www.usborkeychain.com\/wp-content\/uploads\/Leather-Strap-USB-Flash-Drive-600x504.jpg 600w\" sizes=\"(max-width: 800px) 100vw, 800px\" \/><\/figure>\n\n\n\n<ul class=\"wp-block-list\">\n<li>Bureau d'affaires : Les soci\u00e9t\u00e9s de conseil l'utilisent pour stocker les donn\u00e9es relatives aux projets ; les institutions financi\u00e8res l'utilisent pour stocker les donn\u00e9es relatives aux clients, les rapports, etc.<\/li>\n\n\n\n<li>Promotion de la marque : En tant que cadeau d'entreprise, il est offert aux clients lors d'expositions et de coop\u00e9rations commerciales.  Par exemple, les entreprises technologiques et les entreprises de conception cr\u00e9ative le personnalisent et le distribuent pour transmettre la valeur de la marque.<\/li>\n<\/ul>\n<\/div>\n\n\n\n<div class=\"wp-block-column is-layout-flow wp-block-column-is-layout-flow\">\n<figure class=\"wp-block-image size-full\"><img alt=\"\" loading=\"lazy\" decoding=\"async\" width=\"800\" height=\"672\" src=\"https:\/\/www.usborkeychain.com\/wp-content\/uploads\/black-leather-usb-drive-2.jpg\" class=\"wp-image-5667\" srcset=\"https:\/\/www.usborkeychain.com\/wp-content\/uploads\/black-leather-usb-drive-2.jpg 800w, https:\/\/www.usborkeychain.com\/wp-content\/uploads\/black-leather-usb-drive-2-300x252.jpg 300w, https:\/\/www.usborkeychain.com\/wp-content\/uploads\/black-leather-usb-drive-2-768x645.jpg 768w, https:\/\/www.usborkeychain.com\/wp-content\/uploads\/black-leather-usb-drive-2-14x12.jpg 14w, https:\/\/www.usborkeychain.com\/wp-content\/uploads\/black-leather-usb-drive-2-600x504.jpg 600w\" sizes=\"(max-width: 800px) 100vw, 800px\" \/><\/figure>\n\n\n\n<p>Comm\u00e9moration d'\u00e9v\u00e9nements : Lors d'\u00e9v\u00e9nements tels que des concours ou des r\u00e9unions annuelles d'entreprises, <strong>Cl\u00e9s USB <\/strong>personnalis\u00e9s avec les th\u00e8mes et les logos de l'\u00e9v\u00e9nement sont distribu\u00e9s comme cadeaux comm\u00e9moratifs. <\/p>\n\n\n\n<p>Par exemple, les comit\u00e9s d'organisation d'\u00e9v\u00e9nements sportifs et les \u00e9quipes de pr\u00e9paration des r\u00e9unions annuelles d'entreprises le choisissent pour conserver les souvenirs de l'\u00e9v\u00e9nement.<\/p>\n<\/div>\n<\/div>\n\n\n\n<div class=\"wp-block-columns is-layout-flex wp-container-core-columns-is-layout-28f84493 wp-block-columns-is-layout-flex\">\n<div class=\"wp-block-column is-vertically-aligned-center is-layout-flow wp-block-column-is-layout-flow\">\n<p>Gr\u00e2ce aux trois innovations de \"<strong>Technologie d'emballage int\u00e9gr\u00e9e UDP<\/strong> + <strong>mat\u00e9riau en alliage de zinc<\/strong> + <strong>syst\u00e8me de tampon en cuir v\u00e9ritable<\/strong>\"La cl\u00e9 USB \u00e0 boucle de ceinture est devenue la solution de stockage pr\u00e9f\u00e9r\u00e9e pour les environnements difficiles tels que les domaines m\u00e9dicaux et industriels. La possibilit\u00e9 de personnaliser les cl\u00e9s USB \u00e0 boucle de ceinture en diff\u00e9rentes couleurs r\u00e9pond \u00e0 la fois aux besoins de communication de la marque et aux besoins fonctionnels, \u00e9tablissant ainsi une nouvelle r\u00e9f\u00e9rence sur le march\u00e9 des cadeaux d'entreprise haut de gamme.<\/p>\n<\/div>\n\n\n\n<div class=\"wp-block-column is-vertically-aligned-center is-layout-flow wp-block-column-is-layout-flow\">\n<figure class=\"wp-block-image size-full\"><img alt=\"\" loading=\"lazy\" decoding=\"async\" width=\"800\" height=\"800\" src=\"https:\/\/www.usborkeychain.com\/wp-content\/uploads\/cheap-custom-leather-usb-drives.png\" class=\"wp-image-5669\" srcset=\"https:\/\/www.usborkeychain.com\/wp-content\/uploads\/cheap-custom-leather-usb-drives.png 800w, https:\/\/www.usborkeychain.com\/wp-content\/uploads\/cheap-custom-leather-usb-drives-300x300.png 300w, https:\/\/www.usborkeychain.com\/wp-content\/uploads\/cheap-custom-leather-usb-drives-150x150.png 150w, https:\/\/www.usborkeychain.com\/wp-content\/uploads\/cheap-custom-leather-usb-drives-768x768.png 768w, https:\/\/www.usborkeychain.com\/wp-content\/uploads\/cheap-custom-leather-usb-drives-12x12.png 12w, https:\/\/www.usborkeychain.com\/wp-content\/uploads\/cheap-custom-leather-usb-drives-600x600.png 600w, https:\/\/www.usborkeychain.com\/wp-content\/uploads\/cheap-custom-leather-usb-drives-100x100.png 100w\" sizes=\"(max-width: 800px) 100vw, 800px\" \/><\/figure>\n<\/div>\n<\/div>","protected":false},"excerpt":{"rendered":"<ul>\n<li>Technologie d'emballage int\u00e9gr\u00e9e UDP<\/li>\n<li>Mat\u00e9riau en alliage de zinc<\/li>\n<li>Syst\u00e8me de tampon en cuir v\u00e9ritable<\/li>\n<li>Boucle en cuir<\/li>\n<li>MOQ:100pcs<\/li>\n<\/ul>","protected":false},"featured_media":5673,"comment_status":"open","ping_status":"closed","template":"","meta":{"_seopress_robots_primary_cat":"","_seopress_titles_title":"","_seopress_titles_desc":"","_seopress_robots_index":"","site-sidebar-layout":"default","site-content-layout":"","ast-site-content-layout":"","site-content-style":"default","site-sidebar-style":"default","ast-global-header-display":"","ast-banner-title-visibility":"","ast-main-header-display":"","ast-hfb-above-header-display":"","ast-hfb-below-header-display":"","ast-hfb-mobile-header-display":"","site-post-title":"","ast-breadcrumbs-content":"","ast-featured-img":"","footer-sml-layout":"","theme-transparent-header-meta":"","adv-header-id-meta":"","stick-header-meta":"","header-above-stick-meta":"","header-main-stick-meta":"","header-below-stick-meta":"","astra-migrate-meta-layouts":"default","ast-page-background-enabled":"default","ast-page-background-meta":{"desktop":{"background-color":"var(--ast-global-color-5)","background-image":"","background-repeat":"repeat","background-position":"center center","background-size":"auto","background-attachment":"scroll","background-type":"","background-media":"","overlay-type":"","overlay-color":"","overlay-opacity":"","overlay-gradient":""},"tablet":{"background-color":"","background-image":"","background-repeat":"repeat","background-position":"center center","background-size":"auto","background-attachment":"scroll","background-type":"","background-media":"","overlay-type":"","overlay-color":"","overlay-opacity":"","overlay-gradient":""},"mobile":{"background-color":"","background-image":"","background-repeat":"repeat","background-position":"center center","background-size":"auto","background-attachment":"scroll","background-type":"","background-media":"","overlay-type":"","overlay-color":"","overlay-opacity":"","overlay-gradient":""}},"ast-content-background-meta":{"desktop":{"background-color":"var(--ast-global-color-4)","background-image":"","background-repeat":"repeat","background-position":"center center","background-size":"auto","background-attachment":"scroll","background-type":"","background-media":"","overlay-type":"","overlay-color":"","overlay-opacity":"","overlay-gradient":""},"tablet":{"background-color":"var(--ast-global-color-4)","background-image":"","background-repeat":"repeat","background-position":"center center","background-size":"auto","background-attachment":"scroll","background-type":"","background-media":"","overlay-type":"","overlay-color":"","overlay-opacity":"","overlay-gradient":""},"mobile":{"background-color":"var(--ast-global-color-4)","background-image":"","background-repeat":"repeat","background-position":"center center","background-size":"auto","background-attachment":"scroll","background-type":"","background-media":"","overlay-type":"","overlay-color":"","overlay-opacity":"","overlay-gradient":""}}},"product_brand":[],"product_cat":[90],"product_tag":[351],"class_list":{"0":"post-5664","1":"product","2":"type-product","3":"status-publish","4":"has-post-thumbnail","6":"product_cat-leather-usb-pendrive","7":"product_tag-leather-buckle-usb-flash-drive","8":"desktop-align-left","9":"tablet-align-left","10":"mobile-align-left","12":"first","13":"instock","14":"shipping-taxable","15":"product-type-simple"},"_links":{"self":[{"href":"https:\/\/www.usborkeychain.com\/fr\/wp-json\/wp\/v2\/product\/5664","targetHints":{"allow":["GET"]}}],"collection":[{"href":"https:\/\/www.usborkeychain.com\/fr\/wp-json\/wp\/v2\/product"}],"about":[{"href":"https:\/\/www.usborkeychain.com\/fr\/wp-json\/wp\/v2\/types\/product"}],"replies":[{"embeddable":true,"href":"https:\/\/www.usborkeychain.com\/fr\/wp-json\/wp\/v2\/comments?post=5664"}],"wp:featuredmedia":[{"embeddable":true,"href":"https:\/\/www.usborkeychain.com\/fr\/wp-json\/wp\/v2\/media\/5673"}],"wp:attachment":[{"href":"https:\/\/www.usborkeychain.com\/fr\/wp-json\/wp\/v2\/media?parent=5664"}],"wp:term":[{"taxonomy":"product_brand","embeddable":true,"href":"https:\/\/www.usborkeychain.com\/fr\/wp-json\/wp\/v2\/product_brand?post=5664"},{"taxonomy":"product_cat","embeddable":true,"href":"https:\/\/www.usborkeychain.com\/fr\/wp-json\/wp\/v2\/product_cat?post=5664"},{"taxonomy":"product_tag","embeddable":true,"href":"https:\/\/www.usborkeychain.com\/fr\/wp-json\/wp\/v2\/product_tag?post=5664"}],"curies":[{"name":"wp","href":"https:\/\/api.w.org\/{rel}","templated":true}]}}