{"id":5695,"date":"2025-08-04T09:45:55","date_gmt":"2025-08-04T09:45:55","guid":{"rendered":"https:\/\/www.usborkeychain.com\/?post_type=product&#038;p=5695"},"modified":"2025-08-04T09:47:38","modified_gmt":"2025-08-04T09:47:38","slug":"leather-wristband-keychain-usb-drive","status":"publish","type":"product","link":"https:\/\/www.usborkeychain.com\/fr\/produit\/leather-wristband-keychain-usb-drive\/","title":{"rendered":"Bracelet en cuir Porte-cl\u00e9s Cl\u00e9 USB"},"content":{"rendered":"<div class=\"wp-block-columns is-layout-flex wp-container-core-columns-is-layout-28f84493 wp-block-columns-is-layout-flex\">\n<div class=\"wp-block-column is-vertically-aligned-center is-layout-flow wp-block-column-is-layout-flow\">\n<p>Le <strong>Bracelet en cuir Porte-cl\u00e9s Cl\u00e9 USB<\/strong> est un d\u00e9riv\u00e9 innovant des cl\u00e9s USB \u00e0 bracelet, dot\u00e9 d'un design trois-en-un de <strong>\"Bracelet en cuir PU<\/strong> + <strong>fermoir m\u00e9tallique rectangulaire<\/strong> + <strong>porte-cl\u00e9s en m\u00e9tal<\/strong>\". Il r\u00e9alise la fonction 2 en 1 de \"<strong>porte-cl\u00e9s + cl\u00e9 USB<\/strong>\"qui allie praticit\u00e9 et portabilit\u00e9.<\/p>\n\n\n\n<p>- <strong>Bracelet en cuir PU<\/strong>: Fabriqu\u00e9 en cuir PU r\u00e9sistant \u00e0 l'usure et \u00e0 l'eau avec une excellente flexibilit\u00e9, il est r\u00e9sistant aux craquelures apr\u00e8s un pliage de longue dur\u00e9e. Il est disponible dans une vari\u00e9t\u00e9 de couleurs, y compris le noir et le blanc classiques, et supporte les couleurs personnalis\u00e9es (telles que les couleurs de la marque de l'entreprise) pour r\u00e9pondre \u00e0 des besoins personnalis\u00e9s.<\/p>\n\n\n\n<p>- <strong>Fermoir et porte-cl\u00e9s en m\u00e9tal<\/strong>: Fabriqu\u00e9s en alliage, ils sont anti-corrosifs, r\u00e9sistants \u00e0 la rouille et structurellement solides. La surface plane du fermoir m\u00e9tallique offre un support de qualit\u00e9 pour les logos grav\u00e9s au laser.<\/p>\n<\/div>\n\n\n\n<div class=\"wp-block-column is-layout-flow wp-block-column-is-layout-flow\">\n<figure class=\"wp-block-image size-full\"><img alt=\"\" fetchpriority=\"high\" decoding=\"async\" width=\"800\" height=\"800\" src=\"https:\/\/www.usborkeychain.com\/wp-content\/uploads\/Leather-Strap-USB-Flash-Drive.png\" class=\"wp-image-5699\" srcset=\"https:\/\/www.usborkeychain.com\/wp-content\/uploads\/Leather-Strap-USB-Flash-Drive.png 800w, https:\/\/www.usborkeychain.com\/wp-content\/uploads\/Leather-Strap-USB-Flash-Drive-300x300.png 300w, https:\/\/www.usborkeychain.com\/wp-content\/uploads\/Leather-Strap-USB-Flash-Drive-150x150.png 150w, https:\/\/www.usborkeychain.com\/wp-content\/uploads\/Leather-Strap-USB-Flash-Drive-768x768.png 768w, https:\/\/www.usborkeychain.com\/wp-content\/uploads\/Leather-Strap-USB-Flash-Drive-12x12.png 12w, https:\/\/www.usborkeychain.com\/wp-content\/uploads\/Leather-Strap-USB-Flash-Drive-600x600.png 600w, https:\/\/www.usborkeychain.com\/wp-content\/uploads\/Leather-Strap-USB-Flash-Drive-100x100.png 100w\" sizes=\"(max-width: 800px) 100vw, 800px\" \/><\/figure>\n<\/div>\n<\/div>\n\n\n\n<h2 class=\"wp-block-heading\">Services de personnalisation<\/h2>\n\n\n\n<div class=\"wp-block-columns is-layout-flex wp-container-core-columns-is-layout-28f84493 wp-block-columns-is-layout-flex\">\n<div class=\"wp-block-column is-vertically-aligned-center is-layout-flow wp-block-column-is-layout-flow\">\n<figure class=\"wp-block-image size-full\"><img alt=\"\" decoding=\"async\" width=\"800\" height=\"800\" src=\"https:\/\/www.usborkeychain.com\/wp-content\/uploads\/Leather-USB-flash-dive.png\" class=\"wp-image-5701\" srcset=\"https:\/\/www.usborkeychain.com\/wp-content\/uploads\/Leather-USB-flash-dive.png 800w, https:\/\/www.usborkeychain.com\/wp-content\/uploads\/Leather-USB-flash-dive-300x300.png 300w, https:\/\/www.usborkeychain.com\/wp-content\/uploads\/Leather-USB-flash-dive-150x150.png 150w, https:\/\/www.usborkeychain.com\/wp-content\/uploads\/Leather-USB-flash-dive-768x768.png 768w, https:\/\/www.usborkeychain.com\/wp-content\/uploads\/Leather-USB-flash-dive-12x12.png 12w, https:\/\/www.usborkeychain.com\/wp-content\/uploads\/Leather-USB-flash-dive-600x600.png 600w, https:\/\/www.usborkeychain.com\/wp-content\/uploads\/Leather-USB-flash-dive-100x100.png 100w\" sizes=\"(max-width: 800px) 100vw, 800px\" \/><\/figure>\n<\/div>\n\n\n\n<div class=\"wp-block-column is-vertically-aligned-center is-layout-flow wp-block-column-is-layout-flow\">\n<p>Le fermoir m\u00e9tallique de la cl\u00e9 USB avec bracelet en cuir peut \u00eatre grav\u00e9 au laser, ce qui permet de pr\u00e9senter avec pr\u00e9cision les logos, les slogans ou les motifs exclusifs d'une marque (les motifs monochromes rehaussent la texture).<\/p>\n<\/div>\n<\/div>\n\n\n\n<h2 class=\"wp-block-heading\">Tableau des param\u00e8tres de la cl\u00e9 USB<\/h2>\n\n\n\n<figure class=\"wp-block-table\"><table class=\"has-fixed-layout\"><thead><tr><th>Param\u00e8tre Poste<\/th><th>Sp\u00e9cifications d\u00e9taill\u00e9es<\/th><\/tr><\/thead><tbody><tr><td>Capacit\u00e9 de stockage<\/td><td>8GB \/ 16GB \/ 32GB \/ 64GB \/ 128GB<\/td><\/tr><tr><td>Dimensions (Longueur \u00d7 Largeur \u00d7 Hauteur)<\/td><td>65mm \u00d7 10mm \u00d7 4mm<\/td><\/tr><tr><td>Poids<\/td><td>Environ 20 g<\/td><\/tr><tr><td>Type d'interface<\/td><td>UDP 2.0 \/ UDP 3.0<\/td><\/tr><tr><td>Vitesse de lecture\/\u00e9criture<\/td><td>UDP 2.0 : Lecture 15-25MB\/s, \u00e9criture 8-15MB\/s ; UDP 3.0 : Lecture 80-120MB\/s, \u00e9criture 20-40MB\/s (valeurs typiques)<\/td><\/tr><tr><td>Syst\u00e8mes compatibles<\/td><td>Windows (XP et sup\u00e9rieur), Mac OS (10.6+), Linux (2.6+)<\/td><\/tr><tr><td>Mat\u00e9riau de l'\u00e9tui en cuir<\/td><td>Cuir PU (r\u00e9sistant \u00e0 l'usure, imperm\u00e9able, avec une excellente flexibilit\u00e9)<\/td><\/tr><tr><td>Composants m\u00e9talliques<\/td><td>Alliage (anticorrosion, haute r\u00e9sistance)<\/td><\/tr><tr><td>M\u00e9thode de personnalisation<\/td><td>Gravure laser sur le fermoir en m\u00e9tal (texte \/ motifs monochromatiques)<\/td><\/tr><\/tbody><\/table><\/figure>\n\n\n\n<h2 class=\"wp-block-heading\">Qui choisit cette cl\u00e9 USB ?<\/h2>\n\n\n\n<div class=\"wp-block-columns is-layout-flex wp-container-core-columns-is-layout-28f84493 wp-block-columns-is-layout-flex\">\n<div class=\"wp-block-column is-vertically-aligned-center is-layout-flow wp-block-column-is-layout-flow\">\n<ul class=\"wp-block-list\">\n<li>Les industries haut de gamme telles que la finance, le conseil et l'immobilier, pour les cadeaux de remerciement des clients et les souvenirs des r\u00e9unions annuelles ;<\/li>\n\n\n\n<li>Cadeaux personnalis\u00e9s pour les marques automobiles, les soci\u00e9t\u00e9s de location de voitures et les entreprises de chargement ;<\/li>\n\n\n\n<li>Souvenirs pour les sommets de l'industrie et les lancements de nouveaux produits ;<\/li>\n\n\n\n<li>Les anniversaires de l'universit\u00e9 et les activit\u00e9s des clubs, avec les embl\u00e8mes personnalis\u00e9s de l'\u00e9cole \/ les logos des clubs, servant de support \u00e0 la culture du campus ;<\/li>\n\n\n\n<li>Institutions de formation pour les \u00e9tudiants ;<\/li>\n\n\n\n<li>\u00c9ditions comm\u00e9moratives personnalis\u00e9es pour les \u00e9coles.<\/li>\n<\/ul>\n<\/div>\n\n\n\n<div class=\"wp-block-column is-layout-flow wp-block-column-is-layout-flow\">\n<figure class=\"wp-block-image size-full\"><img alt=\"\" decoding=\"async\" width=\"800\" height=\"800\" src=\"https:\/\/www.usborkeychain.com\/wp-content\/uploads\/pu-leather-usb-flash-drive.png\" class=\"wp-image-5702\" srcset=\"https:\/\/www.usborkeychain.com\/wp-content\/uploads\/pu-leather-usb-flash-drive.png 800w, https:\/\/www.usborkeychain.com\/wp-content\/uploads\/pu-leather-usb-flash-drive-300x300.png 300w, https:\/\/www.usborkeychain.com\/wp-content\/uploads\/pu-leather-usb-flash-drive-150x150.png 150w, https:\/\/www.usborkeychain.com\/wp-content\/uploads\/pu-leather-usb-flash-drive-768x768.png 768w, https:\/\/www.usborkeychain.com\/wp-content\/uploads\/pu-leather-usb-flash-drive-12x12.png 12w, https:\/\/www.usborkeychain.com\/wp-content\/uploads\/pu-leather-usb-flash-drive-600x600.png 600w, https:\/\/www.usborkeychain.com\/wp-content\/uploads\/pu-leather-usb-flash-drive-100x100.png 100w\" sizes=\"(max-width: 800px) 100vw, 800px\" \/><\/figure>\n<\/div>\n<\/div>\n\n\n\n<h3 class=\"wp-block-heading\">Recommandations d'entretien<\/h3>\n\n\n\n<div class=\"wp-block-columns is-layout-flex wp-container-core-columns-is-layout-28f84493 wp-block-columns-is-layout-flex\">\n<div class=\"wp-block-column is-vertically-aligned-center is-layout-flow wp-block-column-is-layout-flow\">\n<figure class=\"wp-block-image size-full\"><img alt=\"\" loading=\"lazy\" decoding=\"async\" width=\"800\" height=\"800\" src=\"https:\/\/www.usborkeychain.com\/wp-content\/uploads\/Leather-Buckle-USB.png\" class=\"wp-image-5698\" srcset=\"https:\/\/www.usborkeychain.com\/wp-content\/uploads\/Leather-Buckle-USB.png 800w, https:\/\/www.usborkeychain.com\/wp-content\/uploads\/Leather-Buckle-USB-300x300.png 300w, https:\/\/www.usborkeychain.com\/wp-content\/uploads\/Leather-Buckle-USB-150x150.png 150w, https:\/\/www.usborkeychain.com\/wp-content\/uploads\/Leather-Buckle-USB-768x768.png 768w, https:\/\/www.usborkeychain.com\/wp-content\/uploads\/Leather-Buckle-USB-12x12.png 12w, https:\/\/www.usborkeychain.com\/wp-content\/uploads\/Leather-Buckle-USB-600x600.png 600w, https:\/\/www.usborkeychain.com\/wp-content\/uploads\/Leather-Buckle-USB-100x100.png 100w\" sizes=\"(max-width: 800px) 100vw, 800px\" \/><\/figure>\n<\/div>\n\n\n\n<div class=\"wp-block-column is-vertically-aligned-center is-layout-flow wp-block-column-is-layout-flow\">\n<ul class=\"wp-block-list\">\n<li>\u00c9vitez l'exposition prolong\u00e9e de l'\u00e9tui en cuir \u00e0 la lumi\u00e8re du soleil (pour \u00e9viter la d\u00e9coloration et les craquelures) ; nettoyez-le \u00e0 l'aide d'un chiffon doux.<\/li>\n\n\n\n<li>Essuyez r\u00e9guli\u00e8rement les composants m\u00e9talliques avec un chiffon sec (pour \u00e9viter la corrosion due \u00e0 la sueur et aux taches d'eau).<\/li>\n\n\n\n<li>Appuyez doucement sur l'interface lorsque vous branchez ou d\u00e9branchez la cl\u00e9 USB ; \u00e9vitez les op\u00e9rations violentes pour ne pas endommager la puce UDP.<\/li>\n<\/ul>\n<\/div>\n<\/div>\n\n\n\n<div class=\"wp-block-columns is-layout-flex wp-container-core-columns-is-layout-28f84493 wp-block-columns-is-layout-flex\">\n<div class=\"wp-block-column is-vertically-aligned-center is-layout-flow wp-block-column-is-layout-flow\">\n<p>Le <strong>Bracelet en cuir Porte-cl\u00e9s Cl\u00e9 USB<\/strong> rompt avec l'attribut \"stockage unique\" des cl\u00e9s USB traditionnelles. Gr\u00e2ce \u00e0 la conception de \"<strong>\u00e9tui en cuir<\/strong> + <strong>porte-cl\u00e9s<\/strong> + <strong>Cl\u00e9 USB<\/strong>\"La cl\u00e9 USB \"bracelet cuir\", qui allie fonctionnalit\u00e9 et image de marque, est tr\u00e8s appr\u00e9ci\u00e9e des utilisateurs. La personnalisation flexible des param\u00e8tres (capacit\u00e9, interface) et la pr\u00e9sentation textur\u00e9e des mat\u00e9riaux en font un choix populaire parmi les cl\u00e9s USB \u00e0 bracelet en cuir. Pour d'autres besoins de personnalisation, veuillez contacter des fournisseurs professionnels pour obtenir des solutions.<\/p>\n<\/div>\n\n\n\n<div class=\"wp-block-column is-vertically-aligned-center is-layout-flow wp-block-column-is-layout-flow\">\n<figure class=\"wp-block-image size-full\"><img alt=\"\" loading=\"lazy\" decoding=\"async\" width=\"800\" height=\"800\" src=\"https:\/\/www.usborkeychain.com\/wp-content\/uploads\/Leather-USB-drive-3.png\" class=\"wp-image-5700\" srcset=\"https:\/\/www.usborkeychain.com\/wp-content\/uploads\/Leather-USB-drive-3.png 800w, https:\/\/www.usborkeychain.com\/wp-content\/uploads\/Leather-USB-drive-3-300x300.png 300w, https:\/\/www.usborkeychain.com\/wp-content\/uploads\/Leather-USB-drive-3-150x150.png 150w, https:\/\/www.usborkeychain.com\/wp-content\/uploads\/Leather-USB-drive-3-768x768.png 768w, https:\/\/www.usborkeychain.com\/wp-content\/uploads\/Leather-USB-drive-3-12x12.png 12w, https:\/\/www.usborkeychain.com\/wp-content\/uploads\/Leather-USB-drive-3-600x600.png 600w, https:\/\/www.usborkeychain.com\/wp-content\/uploads\/Leather-USB-drive-3-100x100.png 100w\" sizes=\"(max-width: 800px) 100vw, 800px\" \/><\/figure>\n<\/div>\n<\/div>","protected":false},"excerpt":{"rendered":"<ul>\n<li>Bracelet en cuir PU<\/li>\n<li>Fermoir m\u00e9tallique rectangulaire<\/li>\n<li>Porte-cl\u00e9s en m\u00e9tal<\/li>\n<li>Porte-cl\u00e9s + cl\u00e9 USB<\/li>\n<li>MOQ:100pcs<\/li>\n<\/ul>","protected":false},"featured_media":5699,"comment_status":"open","ping_status":"closed","template":"","meta":{"_seopress_robots_primary_cat":"","_seopress_titles_title":"","_seopress_titles_desc":"","_seopress_robots_index":"","site-sidebar-layout":"default","site-content-layout":"","ast-site-content-layout":"","site-content-style":"default","site-sidebar-style":"default","ast-global-header-display":"","ast-banner-title-visibility":"","ast-main-header-display":"","ast-hfb-above-header-display":"","ast-hfb-below-header-display":"","ast-hfb-mobile-header-display":"","site-post-title":"","ast-breadcrumbs-content":"","ast-featured-img":"","footer-sml-layout":"","theme-transparent-header-meta":"","adv-header-id-meta":"","stick-header-meta":"","header-above-stick-meta":"","header-main-stick-meta":"","header-below-stick-meta":"","astra-migrate-meta-layouts":"default","ast-page-background-enabled":"default","ast-page-background-meta":{"desktop":{"background-color":"var(--ast-global-color-5)","background-image":"","background-repeat":"repeat","background-position":"center center","background-size":"auto","background-attachment":"scroll","background-type":"","background-media":"","overlay-type":"","overlay-color":"","overlay-opacity":"","overlay-gradient":""},"tablet":{"background-color":"","background-image":"","background-repeat":"repeat","background-position":"center center","background-size":"auto","background-attachment":"scroll","background-type":"","background-media":"","overlay-type":"","overlay-color":"","overlay-opacity":"","overlay-gradient":""},"mobile":{"background-color":"","background-image":"","background-repeat":"repeat","background-position":"center center","background-size":"auto","background-attachment":"scroll","background-type":"","background-media":"","overlay-type":"","overlay-color":"","overlay-opacity":"","overlay-gradient":""}},"ast-content-background-meta":{"desktop":{"background-color":"var(--ast-global-color-4)","background-image":"","background-repeat":"repeat","background-position":"center center","background-size":"auto","background-attachment":"scroll","background-type":"","background-media":"","overlay-type":"","overlay-color":"","overlay-opacity":"","overlay-gradient":""},"tablet":{"background-color":"var(--ast-global-color-4)","background-image":"","background-repeat":"repeat","background-position":"center center","background-size":"auto","background-attachment":"scroll","background-type":"","background-media":"","overlay-type":"","overlay-color":"","overlay-opacity":"","overlay-gradient":""},"mobile":{"background-color":"var(--ast-global-color-4)","background-image":"","background-repeat":"repeat","background-position":"center center","background-size":"auto","background-attachment":"scroll","background-type":"","background-media":"","overlay-type":"","overlay-color":"","overlay-opacity":"","overlay-gradient":""}}},"product_brand":[],"product_cat":[90],"product_tag":[362],"class_list":{"0":"post-5695","1":"product","2":"type-product","3":"status-publish","4":"has-post-thumbnail","6":"product_cat-leather-usb-pendrive","7":"product_tag-leather-wristband-keychain-usb-drive","8":"desktop-align-left","9":"tablet-align-left","10":"mobile-align-left","12":"first","13":"instock","14":"shipping-taxable","15":"product-type-simple"},"_links":{"self":[{"href":"https:\/\/www.usborkeychain.com\/fr\/wp-json\/wp\/v2\/product\/5695","targetHints":{"allow":["GET"]}}],"collection":[{"href":"https:\/\/www.usborkeychain.com\/fr\/wp-json\/wp\/v2\/product"}],"about":[{"href":"https:\/\/www.usborkeychain.com\/fr\/wp-json\/wp\/v2\/types\/product"}],"replies":[{"embeddable":true,"href":"https:\/\/www.usborkeychain.com\/fr\/wp-json\/wp\/v2\/comments?post=5695"}],"wp:featuredmedia":[{"embeddable":true,"href":"https:\/\/www.usborkeychain.com\/fr\/wp-json\/wp\/v2\/media\/5699"}],"wp:attachment":[{"href":"https:\/\/www.usborkeychain.com\/fr\/wp-json\/wp\/v2\/media?parent=5695"}],"wp:term":[{"taxonomy":"product_brand","embeddable":true,"href":"https:\/\/www.usborkeychain.com\/fr\/wp-json\/wp\/v2\/product_brand?post=5695"},{"taxonomy":"product_cat","embeddable":true,"href":"https:\/\/www.usborkeychain.com\/fr\/wp-json\/wp\/v2\/product_cat?post=5695"},{"taxonomy":"product_tag","embeddable":true,"href":"https:\/\/www.usborkeychain.com\/fr\/wp-json\/wp\/v2\/product_tag?post=5695"}],"curies":[{"name":"wp","href":"https:\/\/api.w.org\/{rel}","templated":true}]}}