{"id":5703,"date":"2025-08-04T10:19:05","date_gmt":"2025-08-04T10:19:05","guid":{"rendered":"https:\/\/www.usborkeychain.com\/?post_type=product&#038;p=5703"},"modified":"2025-08-04T10:19:08","modified_gmt":"2025-08-04T10:19:08","slug":"360-rotating-key-leather-case-usb-drive","status":"publish","type":"product","link":"https:\/\/www.usborkeychain.com\/fr\/produit\/360-rotating-key-leather-case-usb-drive\/","title":{"rendered":"Cl\u00e9 rotative 360\u00b0 \u00e9tui en cuir Cl\u00e9 USB"},"content":{"rendered":"<div class=\"wp-block-columns is-layout-flex wp-container-core-columns-is-layout-28f84493 wp-block-columns-is-layout-flex\">\n<div class=\"wp-block-column is-vertically-aligned-center is-layout-flow wp-block-column-is-layout-flow\">\n<p>Le <strong>Cl\u00e9 rotative 360\u00b0 \u00e9tui en cuir Cl\u00e9 USB<\/strong> est une \"version am\u00e9lior\u00e9e la plus vendue\" dans le secteur des cl\u00e9s USB avec \u00e9tui en cuir au cours des deux derni\u00e8res ann\u00e9es, int\u00e9grant de mani\u00e8re innovante une \"cl\u00e9 USB en forme de m\u00e9tal avec un \u00e9tui en cuir rotatif \u00e0 360\u00b0\".<\/p>\n\n\n\n<h3 class=\"wp-block-heading\">Points forts de la structure et de l'ex\u00e9cution<\/h3>\n\n\n\n<p>- Conception rotative \u00e0 360\u00b0 : L'\u00e9tui en cuir et la cl\u00e9 USB en m\u00e9tal sont reli\u00e9s par un axe rotatif de pr\u00e9cision, permettant une rotation libre pour l'ouverture et la fermeture. Cela facilite non seulement le branchement et le d\u00e9branchement, mais permet \u00e9galement \u00e0 l'\u00e9tui en cuir de prot\u00e9ger enti\u00e8rement l'interface USB (\u00e9tanche \u00e0 la poussi\u00e8re, r\u00e9sistant aux rayures et anti-oxydation).<\/p>\n\n\n\n<p>- Fabrication de l'\u00e9tui en cuir : Les bords de l'\u00e9tui en cuir sont cousus \u00e0 l'aide de coutures de blocage, avec des points fins et r\u00e9guliers qui donnent une forte impression de tridimensionnalit\u00e9. Cela am\u00e9liore consid\u00e9rablement la qualit\u00e9 du produit et le distingue de la \"sensation bon march\u00e9\" des \u00e9tuis en cuir ordinaires.<\/p>\n\n\n\n<p>- Corps ultra-mince : Avec une \u00e9paisseur totale de \u22645mm, il est l\u00e9ger et portable, facilement attachable aux cl\u00e9s ou aux sacs.<\/p>\n<\/div>\n\n\n\n<div class=\"wp-block-column is-vertically-aligned-center is-layout-flow wp-block-column-is-layout-flow\">\n<figure class=\"wp-block-image size-full\"><img alt=\"\" fetchpriority=\"high\" decoding=\"async\" width=\"800\" height=\"800\" src=\"https:\/\/www.usborkeychain.com\/wp-content\/uploads\/360\u00b0-Rotating-Key-Shaped-USB-Flash-Drive-in-Leather-Sleeve.png\" class=\"wp-image-5706\" srcset=\"https:\/\/www.usborkeychain.com\/wp-content\/uploads\/360\u00b0-Rotating-Key-Shaped-USB-Flash-Drive-in-Leather-Sleeve.png 800w, https:\/\/www.usborkeychain.com\/wp-content\/uploads\/360\u00b0-Rotating-Key-Shaped-USB-Flash-Drive-in-Leather-Sleeve-300x300.png 300w, https:\/\/www.usborkeychain.com\/wp-content\/uploads\/360\u00b0-Rotating-Key-Shaped-USB-Flash-Drive-in-Leather-Sleeve-150x150.png 150w, https:\/\/www.usborkeychain.com\/wp-content\/uploads\/360\u00b0-Rotating-Key-Shaped-USB-Flash-Drive-in-Leather-Sleeve-768x768.png 768w, https:\/\/www.usborkeychain.com\/wp-content\/uploads\/360\u00b0-Rotating-Key-Shaped-USB-Flash-Drive-in-Leather-Sleeve-12x12.png 12w, https:\/\/www.usborkeychain.com\/wp-content\/uploads\/360\u00b0-Rotating-Key-Shaped-USB-Flash-Drive-in-Leather-Sleeve-600x600.png 600w, https:\/\/www.usborkeychain.com\/wp-content\/uploads\/360\u00b0-Rotating-Key-Shaped-USB-Flash-Drive-in-Leather-Sleeve-100x100.png 100w\" sizes=\"(max-width: 800px) 100vw, 800px\" \/><\/figure>\n<\/div>\n<\/div>\n\n\n\n<div class=\"wp-block-columns is-layout-flex wp-container-core-columns-is-layout-28f84493 wp-block-columns-is-layout-flex\">\n<div class=\"wp-block-column is-vertically-aligned-center is-layout-flow wp-block-column-is-layout-flow\">\n<h3 class=\"wp-block-heading\">Mat\u00e9riaux de base<\/h3>\n\n\n\n<p><strong>Cl\u00e9 USB en m\u00e9tal<\/strong>: Fabriqu\u00e9 par moulage monobloc en alliage de zinc, il est r\u00e9sistant \u00e0 l'usure et aux rayures, avec un design en forme de cl\u00e9 qui est \u00e0 la fois d\u00e9coratif.<\/p>\n\n\n\n<p><strong>\u00c9tui en cuir<\/strong>: <strong>Cuir PU de haute qualit\u00e9<\/strong> (par d\u00e9faut) ou en cuir v\u00e9ritable (en option). Il se caract\u00e9rise par une grande flexibilit\u00e9 et la fabrication artisanale avec verrouillage des bords renforce encore sa sophistication ; la version en cuir v\u00e9ritable rehausse le sentiment de luxe.<\/p>\n<\/div>\n\n\n\n<div class=\"wp-block-column is-vertically-aligned-center is-layout-flow wp-block-column-is-layout-flow\">\n<figure class=\"wp-block-image size-full\"><img alt=\"\" decoding=\"async\" width=\"800\" height=\"800\" src=\"https:\/\/www.usborkeychain.com\/wp-content\/uploads\/Leather-USB-drive-4.png\" class=\"wp-image-5709\" srcset=\"https:\/\/www.usborkeychain.com\/wp-content\/uploads\/Leather-USB-drive-4.png 800w, https:\/\/www.usborkeychain.com\/wp-content\/uploads\/Leather-USB-drive-4-300x300.png 300w, https:\/\/www.usborkeychain.com\/wp-content\/uploads\/Leather-USB-drive-4-150x150.png 150w, https:\/\/www.usborkeychain.com\/wp-content\/uploads\/Leather-USB-drive-4-768x768.png 768w, https:\/\/www.usborkeychain.com\/wp-content\/uploads\/Leather-USB-drive-4-12x12.png 12w, https:\/\/www.usborkeychain.com\/wp-content\/uploads\/Leather-USB-drive-4-600x600.png 600w, https:\/\/www.usborkeychain.com\/wp-content\/uploads\/Leather-USB-drive-4-100x100.png 100w\" sizes=\"(max-width: 800px) 100vw, 800px\" \/><\/figure>\n<\/div>\n<\/div>\n\n\n\n<h2 class=\"wp-block-heading\">LOGO Personnalisation Artisanat<\/h2>\n\n\n\n<div class=\"wp-block-columns is-layout-flex wp-container-core-columns-is-layout-28f84493 wp-block-columns-is-layout-flex\">\n<div class=\"wp-block-column is-vertically-aligned-center is-layout-flow wp-block-column-is-layout-flow\">\n<figure class=\"wp-block-image size-full\"><img alt=\"\" decoding=\"async\" width=\"800\" height=\"800\" src=\"https:\/\/www.usborkeychain.com\/wp-content\/uploads\/leather-usb-flash-drives-2.jpg\" class=\"wp-image-5711\" srcset=\"https:\/\/www.usborkeychain.com\/wp-content\/uploads\/leather-usb-flash-drives-2.jpg 800w, https:\/\/www.usborkeychain.com\/wp-content\/uploads\/leather-usb-flash-drives-2-300x300.jpg 300w, https:\/\/www.usborkeychain.com\/wp-content\/uploads\/leather-usb-flash-drives-2-150x150.jpg 150w, https:\/\/www.usborkeychain.com\/wp-content\/uploads\/leather-usb-flash-drives-2-768x768.jpg 768w, https:\/\/www.usborkeychain.com\/wp-content\/uploads\/leather-usb-flash-drives-2-12x12.jpg 12w, https:\/\/www.usborkeychain.com\/wp-content\/uploads\/leather-usb-flash-drives-2-600x600.jpg 600w, https:\/\/www.usborkeychain.com\/wp-content\/uploads\/leather-usb-flash-drives-2-100x100.jpg 100w\" sizes=\"(max-width: 800px) 100vw, 800px\" \/><\/figure>\n<\/div>\n\n\n\n<div class=\"wp-block-column is-vertically-aligned-center is-layout-flow wp-block-column-is-layout-flow\">\n<p>La surface de l'\u00e9tui en cuir du <strong>cl\u00e9 rotative \u00e9tui en cuir cl\u00e9 USB<\/strong> prend en charge le \"processus de gaufrage \u00e0 chaud\", qui permet de pr\u00e9senter avec pr\u00e9cision les logos, les textures ou les textes de la marque :<\/p>\n\n\n\n<p>- <strong>Avantages de l'effet<\/strong>: Les motifs en relief sont tridimensionnels et complets, s'int\u00e9grant parfaitement \u00e0 la texture de l'\u00e9tui en cuir, ce qui est nettement sup\u00e9rieur \u00e0 l'impression ordinaire (pas facile \u00e0 d\u00e9coller ou \u00e0 d\u00e9colorer).<\/p>\n\n\n\n<p>-<strong> Personnalisation \u00e9tendue<\/strong>: La partie m\u00e9tallique de la cl\u00e9 USB peut \u00eatre associ\u00e9e \u00e0 la technologie de gravure au laser pour r\u00e9aliser une double personnalisation \"gaufrage de l'\u00e9tui en cuir + gravure sur m\u00e9tal\", r\u00e9pondant ainsi aux exigences d\u00e9taill\u00e9es des marques haut de gamme.<\/p>\n<\/div>\n<\/div>\n\n\n\n<h2 class=\"wp-block-heading\">Param\u00e8tres de base de la cl\u00e9 USB<\/h2>\n\n\n\n<figure class=\"wp-block-table\"><table class=\"has-fixed-layout\"><thead><tr><th>Param\u00e8tre Poste<\/th><th>D\u00e9tails de la sp\u00e9cification<\/th><\/tr><\/thead><tbody><tr><td>Capacit\u00e9 de stockage<\/td><td>8GB \/ 16GB \/ 32GB \/ 64GB \/ 128GB<\/td><\/tr><tr><td>Dimensions globales (longueur \u00d7 largeur \u00d7 \u00e9paisseur)<\/td><td>55mm \u00d7 15mm \u00d7 4,5mm<\/td><\/tr><tr><td>Poids du produit<\/td><td>Environ 18 g<\/td><\/tr><tr><td>Type d'interface<\/td><td>USB 2.0 ; USB 3.0<\/td><\/tr><tr><td>LOGO Artisanat<\/td><td>\u00c9tui en cuir : Gaufrage \u00e0 chaud (texture tridimensionnelle) ;<br>Partie m\u00e9tallique : Gravure au laser (fine et durable)<\/td><\/tr><tr><td>Syst\u00e8mes compatibles<\/td><td>Enti\u00e8rement compatible avec Windows, Mac OS et Linux<\/td><\/tr><tr><td>Conception protectrice<\/td><td>L'\u00e9tui en cuir prot\u00e8ge l'interface (anti-poussi\u00e8re, anti-rayures, anti-oxydation).<\/td><\/tr><\/tbody><\/table><\/figure>\n\n\n\n<h2 class=\"wp-block-heading\">Qui l'ach\u00e8te ?<\/h2>\n\n\n\n<div class=\"wp-block-columns is-layout-flex wp-container-core-columns-is-layout-28f84493 wp-block-columns-is-layout-flex\">\n<div class=\"wp-block-column is-layout-flow wp-block-column-is-layout-flow\">\n<figure class=\"wp-block-image size-full\"><img alt=\"\" loading=\"lazy\" decoding=\"async\" width=\"800\" height=\"800\" src=\"https:\/\/www.usborkeychain.com\/wp-content\/uploads\/Leather-Encased-Rotating-Key-USB-Flash-Drive.jpg\" class=\"wp-image-5712\" srcset=\"https:\/\/www.usborkeychain.com\/wp-content\/uploads\/Leather-Encased-Rotating-Key-USB-Flash-Drive.jpg 800w, https:\/\/www.usborkeychain.com\/wp-content\/uploads\/Leather-Encased-Rotating-Key-USB-Flash-Drive-300x300.jpg 300w, https:\/\/www.usborkeychain.com\/wp-content\/uploads\/Leather-Encased-Rotating-Key-USB-Flash-Drive-150x150.jpg 150w, https:\/\/www.usborkeychain.com\/wp-content\/uploads\/Leather-Encased-Rotating-Key-USB-Flash-Drive-768x768.jpg 768w, https:\/\/www.usborkeychain.com\/wp-content\/uploads\/Leather-Encased-Rotating-Key-USB-Flash-Drive-12x12.jpg 12w, https:\/\/www.usborkeychain.com\/wp-content\/uploads\/Leather-Encased-Rotating-Key-USB-Flash-Drive-600x600.jpg 600w, https:\/\/www.usborkeychain.com\/wp-content\/uploads\/Leather-Encased-Rotating-Key-USB-Flash-Drive-100x100.jpg 100w\" sizes=\"(max-width: 800px) 100vw, 800px\" \/><\/figure>\n\n\n\n<ul class=\"wp-block-list\">\n<li>\u00a0Les marques de voitures de luxe (telles que BBA et les marques de supercars) l'utilisent comme \"cadeau de correspondance de cl\u00e9 de voiture\" pour stocker les manuels des v\u00e9hicules et les donn\u00e9es de conduite.<\/li>\n<\/ul>\n<\/div>\n\n\n\n<div class=\"wp-block-column is-layout-flow wp-block-column-is-layout-flow\">\n<figure class=\"wp-block-image size-full\"><img alt=\"\" loading=\"lazy\" decoding=\"async\" width=\"800\" height=\"800\" src=\"https:\/\/www.usborkeychain.com\/wp-content\/uploads\/Leather-USB-flash-drive-3.jpg\" class=\"wp-image-5710\" srcset=\"https:\/\/www.usborkeychain.com\/wp-content\/uploads\/Leather-USB-flash-drive-3.jpg 800w, https:\/\/www.usborkeychain.com\/wp-content\/uploads\/Leather-USB-flash-drive-3-300x300.jpg 300w, https:\/\/www.usborkeychain.com\/wp-content\/uploads\/Leather-USB-flash-drive-3-150x150.jpg 150w, https:\/\/www.usborkeychain.com\/wp-content\/uploads\/Leather-USB-flash-drive-3-768x768.jpg 768w, https:\/\/www.usborkeychain.com\/wp-content\/uploads\/Leather-USB-flash-drive-3-12x12.jpg 12w, https:\/\/www.usborkeychain.com\/wp-content\/uploads\/Leather-USB-flash-drive-3-600x600.jpg 600w, https:\/\/www.usborkeychain.com\/wp-content\/uploads\/Leather-USB-flash-drive-3-100x100.jpg 100w\" sizes=\"(max-width: 800px) 100vw, 800px\" \/><\/figure>\n\n\n\n<ul class=\"wp-block-list\">\n<li>\u00a0Les marques de bijoux, de montres et de maroquinerie haut de gamme personnalisent des \"versions emboss\u00e9es de l'embl\u00e8me de la marque\" en guise de cadeaux de remerciement aux clients VIP.<\/li>\n<\/ul>\n<\/div>\n\n\n\n<div class=\"wp-block-column is-layout-flow wp-block-column-is-layout-flow\">\n<figure class=\"wp-block-image size-full\"><img alt=\"\" loading=\"lazy\" decoding=\"async\" width=\"800\" height=\"800\" src=\"https:\/\/www.usborkeychain.com\/wp-content\/uploads\/360\u00b0-Swivel-Leather-for-Key-USB-Flash-Drive.jpg\" class=\"wp-image-5707\" srcset=\"https:\/\/www.usborkeychain.com\/wp-content\/uploads\/360\u00b0-Swivel-Leather-for-Key-USB-Flash-Drive.jpg 800w, https:\/\/www.usborkeychain.com\/wp-content\/uploads\/360\u00b0-Swivel-Leather-for-Key-USB-Flash-Drive-300x300.jpg 300w, https:\/\/www.usborkeychain.com\/wp-content\/uploads\/360\u00b0-Swivel-Leather-for-Key-USB-Flash-Drive-150x150.jpg 150w, https:\/\/www.usborkeychain.com\/wp-content\/uploads\/360\u00b0-Swivel-Leather-for-Key-USB-Flash-Drive-768x768.jpg 768w, https:\/\/www.usborkeychain.com\/wp-content\/uploads\/360\u00b0-Swivel-Leather-for-Key-USB-Flash-Drive-12x12.jpg 12w, https:\/\/www.usborkeychain.com\/wp-content\/uploads\/360\u00b0-Swivel-Leather-for-Key-USB-Flash-Drive-600x600.jpg 600w, https:\/\/www.usborkeychain.com\/wp-content\/uploads\/360\u00b0-Swivel-Leather-for-Key-USB-Flash-Drive-100x100.jpg 100w\" sizes=\"(max-width: 800px) 100vw, 800px\" \/><\/figure>\n\n\n\n<ul class=\"wp-block-list\">\n<li>Les marques de cr\u00e9ateurs et les marques \u00e0 la mode lancent des \"versions co-brand\u00e9es\", avec des \u00e9tuis en cuir aux couleurs de la marque et des cl\u00e9s USB en m\u00e9tal int\u00e9grant des \u00e9l\u00e9ments de la marque, ce qui en fait des \"accessoires de stockage de mode portables\".<\/li>\n<\/ul>\n<\/div>\n<\/div>\n\n\n\n<h2 class=\"wp-block-heading\">Conseils d'entretien<\/h2>\n\n\n\n<div class=\"wp-block-columns is-layout-flex wp-container-core-columns-is-layout-28f84493 wp-block-columns-is-layout-flex\">\n<div class=\"wp-block-column is-vertically-aligned-center is-layout-flow wp-block-column-is-layout-flow\">\n<ul class=\"wp-block-list\">\n<li><strong>Entretien de l'\u00e9tui en cuir<\/strong>: \u00c9vitez de le tremper dans l'eau ; il faut l'essuyer r\u00e9guli\u00e8rement avec un liquide d'entretien sp\u00e9cifique au cuir (il est recommand\u00e9 d'entretenir les versions en cuir v\u00e9ritable une fois par mois) pour maintenir sa souplesse.<\/li>\n\n\n\n<li><strong>Entretien des m\u00e9taux<\/strong>: Essuyez rapidement les empreintes de doigts et les taches de sueur pour \u00e9viter l'oxydation ; il convient de l'essuyer r\u00e9guli\u00e8rement avec un chiffon doux tremp\u00e9 dans une petite quantit\u00e9 d'huile d'olive pour restaurer l'\u00e9clat du m\u00e9tal.<\/li>\n\n\n\n<li><strong>Protection de l'interface<\/strong>: Tenez doucement la partie m\u00e9tallique lorsque vous la branchez ou la d\u00e9branchez, et \u00e9vitez de tirer sur l'\u00e9tui en cuir afin de prolonger la dur\u00e9e de vie de l'arbre rotatif et de l'interface.<\/li>\n<\/ul>\n<\/div>\n\n\n\n<div class=\"wp-block-column is-vertically-aligned-center is-layout-flow wp-block-column-is-layout-flow\">\n<figure class=\"wp-block-image size-full\"><img alt=\"\" loading=\"lazy\" decoding=\"async\" width=\"800\" height=\"800\" src=\"https:\/\/www.usborkeychain.com\/wp-content\/uploads\/metal-key-USB-flash-drive-1.jpg\" class=\"wp-image-5713\" srcset=\"https:\/\/www.usborkeychain.com\/wp-content\/uploads\/metal-key-USB-flash-drive-1.jpg 800w, https:\/\/www.usborkeychain.com\/wp-content\/uploads\/metal-key-USB-flash-drive-1-300x300.jpg 300w, https:\/\/www.usborkeychain.com\/wp-content\/uploads\/metal-key-USB-flash-drive-1-150x150.jpg 150w, https:\/\/www.usborkeychain.com\/wp-content\/uploads\/metal-key-USB-flash-drive-1-768x768.jpg 768w, https:\/\/www.usborkeychain.com\/wp-content\/uploads\/metal-key-USB-flash-drive-1-12x12.jpg 12w, https:\/\/www.usborkeychain.com\/wp-content\/uploads\/metal-key-USB-flash-drive-1-600x600.jpg 600w, https:\/\/www.usborkeychain.com\/wp-content\/uploads\/metal-key-USB-flash-drive-1-100x100.jpg 100w\" sizes=\"(max-width: 800px) 100vw, 800px\" \/><\/figure>\n<\/div>\n<\/div>\n\n\n\n<div class=\"wp-block-columns is-layout-flex wp-container-core-columns-is-layout-28f84493 wp-block-columns-is-layout-flex\">\n<div class=\"wp-block-column is-layout-flow wp-block-column-is-layout-flow\">\n<figure class=\"wp-block-image size-full\"><img alt=\"\" loading=\"lazy\" decoding=\"async\" width=\"800\" height=\"800\" src=\"https:\/\/www.usborkeychain.com\/wp-content\/uploads\/Leather-Rotating-Key-shaped-USB-Flash-Drive.jpg\" class=\"wp-image-5708\" srcset=\"https:\/\/www.usborkeychain.com\/wp-content\/uploads\/Leather-Rotating-Key-shaped-USB-Flash-Drive.jpg 800w, https:\/\/www.usborkeychain.com\/wp-content\/uploads\/Leather-Rotating-Key-shaped-USB-Flash-Drive-300x300.jpg 300w, https:\/\/www.usborkeychain.com\/wp-content\/uploads\/Leather-Rotating-Key-shaped-USB-Flash-Drive-150x150.jpg 150w, https:\/\/www.usborkeychain.com\/wp-content\/uploads\/Leather-Rotating-Key-shaped-USB-Flash-Drive-768x768.jpg 768w, https:\/\/www.usborkeychain.com\/wp-content\/uploads\/Leather-Rotating-Key-shaped-USB-Flash-Drive-12x12.jpg 12w, https:\/\/www.usborkeychain.com\/wp-content\/uploads\/Leather-Rotating-Key-shaped-USB-Flash-Drive-600x600.jpg 600w, https:\/\/www.usborkeychain.com\/wp-content\/uploads\/Leather-Rotating-Key-shaped-USB-Flash-Drive-100x100.jpg 100w\" sizes=\"(max-width: 800px) 100vw, 800px\" \/><\/figure>\n<\/div>\n\n\n\n<div class=\"wp-block-column is-vertically-aligned-center is-layout-flow wp-block-column-is-layout-flow\">\n<p>La comp\u00e9titivit\u00e9 de base des <strong>la cl\u00e9 rotative \u00e9tui en cuir cl\u00e9 USB<\/strong> r\u00e9side dans le fait que \"le design est la colonne vert\u00e9brale, l'aspect pratique les ailes\" :<\/p>\n\n\n\n<p>- La rotation \u00e0 360\u00b0 et l'\u00e9tui en cuir avec verrouillage des bords r\u00e9pondent aux probl\u00e8mes de protection de l'interface et de portabilit\u00e9.<\/p>\n\n\n\n<p>- Les mat\u00e9riaux en alliage de zinc + PU \/ cuir v\u00e9ritable donnent un ton l\u00e9g\u00e8rement luxueux.<\/p>\n\n\n\n<p>- La double personnalisation gaufrage + gravure permet \u00e0 l'image de marque d'\u00eatre fortement expos\u00e9e avec la \"cl\u00e9\".<\/p>\n\n\n\n<p>Il ne s'agit pas d'une simple cl\u00e9 USB, mais d'un \"accessoire de mode capable de stocker des donn\u00e9es\", qui red\u00e9finit la valeur limite des \"cadeaux d'affaires\".<\/p>\n<\/div>\n<\/div>","protected":false},"excerpt":{"rendered":"<ul>\n<li>Rotation de 360<\/li>\n<li>Alliage de zinc<\/li>\n<li>Proc\u00e9d\u00e9 de gaufrage \u00e0 chaud<\/li>\n<li>Cuir PU de haute qualit\u00e9<\/li>\n<li>MOQ\uff1a100PCS<\/li>\n<\/ul>","protected":false},"featured_media":5706,"comment_status":"open","ping_status":"closed","template":"","meta":{"_seopress_robots_primary_cat":"","_seopress_titles_title":"","_seopress_titles_desc":"","_seopress_robots_index":"","site-sidebar-layout":"default","site-content-layout":"","ast-site-content-layout":"","site-content-style":"default","site-sidebar-style":"default","ast-global-header-display":"","ast-banner-title-visibility":"","ast-main-header-display":"","ast-hfb-above-header-display":"","ast-hfb-below-header-display":"","ast-hfb-mobile-header-display":"","site-post-title":"","ast-breadcrumbs-content":"","ast-featured-img":"","footer-sml-layout":"","theme-transparent-header-meta":"","adv-header-id-meta":"","stick-header-meta":"","header-above-stick-meta":"","header-main-stick-meta":"","header-below-stick-meta":"","astra-migrate-meta-layouts":"default","ast-page-background-enabled":"default","ast-page-background-meta":{"desktop":{"background-color":"var(--ast-global-color-5)","background-image":"","background-repeat":"repeat","background-position":"center center","background-size":"auto","background-attachment":"scroll","background-type":"","background-media":"","overlay-type":"","overlay-color":"","overlay-opacity":"","overlay-gradient":""},"tablet":{"background-color":"","background-image":"","background-repeat":"repeat","background-position":"center center","background-size":"auto","background-attachment":"scroll","background-type":"","background-media":"","overlay-type":"","overlay-color":"","overlay-opacity":"","overlay-gradient":""},"mobile":{"background-color":"","background-image":"","background-repeat":"repeat","background-position":"center center","background-size":"auto","background-attachment":"scroll","background-type":"","background-media":"","overlay-type":"","overlay-color":"","overlay-opacity":"","overlay-gradient":""}},"ast-content-background-meta":{"desktop":{"background-color":"var(--ast-global-color-4)","background-image":"","background-repeat":"repeat","background-position":"center center","background-size":"auto","background-attachment":"scroll","background-type":"","background-media":"","overlay-type":"","overlay-color":"","overlay-opacity":"","overlay-gradient":""},"tablet":{"background-color":"var(--ast-global-color-4)","background-image":"","background-repeat":"repeat","background-position":"center center","background-size":"auto","background-attachment":"scroll","background-type":"","background-media":"","overlay-type":"","overlay-color":"","overlay-opacity":"","overlay-gradient":""},"mobile":{"background-color":"var(--ast-global-color-4)","background-image":"","background-repeat":"repeat","background-position":"center center","background-size":"auto","background-attachment":"scroll","background-type":"","background-media":"","overlay-type":"","overlay-color":"","overlay-opacity":"","overlay-gradient":""}}},"product_brand":[],"product_cat":[90],"product_tag":[363],"class_list":{"0":"post-5703","1":"product","2":"type-product","3":"status-publish","4":"has-post-thumbnail","6":"product_cat-leather-usb-pendrive","7":"product_tag-360-rotating-key-leather-case-usb-drive","8":"desktop-align-left","9":"tablet-align-left","10":"mobile-align-left","12":"first","13":"instock","14":"shipping-taxable","15":"product-type-simple"},"_links":{"self":[{"href":"https:\/\/www.usborkeychain.com\/fr\/wp-json\/wp\/v2\/product\/5703","targetHints":{"allow":["GET"]}}],"collection":[{"href":"https:\/\/www.usborkeychain.com\/fr\/wp-json\/wp\/v2\/product"}],"about":[{"href":"https:\/\/www.usborkeychain.com\/fr\/wp-json\/wp\/v2\/types\/product"}],"replies":[{"embeddable":true,"href":"https:\/\/www.usborkeychain.com\/fr\/wp-json\/wp\/v2\/comments?post=5703"}],"wp:featuredmedia":[{"embeddable":true,"href":"https:\/\/www.usborkeychain.com\/fr\/wp-json\/wp\/v2\/media\/5706"}],"wp:attachment":[{"href":"https:\/\/www.usborkeychain.com\/fr\/wp-json\/wp\/v2\/media?parent=5703"}],"wp:term":[{"taxonomy":"product_brand","embeddable":true,"href":"https:\/\/www.usborkeychain.com\/fr\/wp-json\/wp\/v2\/product_brand?post=5703"},{"taxonomy":"product_cat","embeddable":true,"href":"https:\/\/www.usborkeychain.com\/fr\/wp-json\/wp\/v2\/product_cat?post=5703"},{"taxonomy":"product_tag","embeddable":true,"href":"https:\/\/www.usborkeychain.com\/fr\/wp-json\/wp\/v2\/product_tag?post=5703"}],"curies":[{"name":"wp","href":"https:\/\/api.w.org\/{rel}","templated":true}]}}