{"id":6208,"date":"2025-08-08T03:08:04","date_gmt":"2025-08-08T03:08:04","guid":{"rendered":"https:\/\/www.usborkeychain.com\/?post_type=product&#038;p=6208"},"modified":"2025-08-17T13:21:30","modified_gmt":"2025-08-17T13:21:30","slug":"type-c-rotating-led-usb-flash-drive","status":"publish","type":"product","link":"https:\/\/www.usborkeychain.com\/fr\/produit\/type-c-rotating-led-usb-flash-drive\/","title":{"rendered":"Cl\u00e9 USB Type-C \u00e0 LED rotative"},"content":{"rendered":"<p>Le <strong>Cl\u00e9 USB Type-C \u00e0 LED rotative<\/strong> lanc\u00e9 par <strong>YOUSAN<\/strong> Factory est sp\u00e9cialement con\u00e7u pour l'\u00e8re du multi-appareil, d\u00e9passant les limites traditionnelles du stockage. Il prend en charge deux interfaces : <strong>USB-A<\/strong> (pour les ordinateurs\/appareils anciens) + <strong>Type-C<\/strong> (pour smartphones\/tablettes\/appareils plus r\u00e9cents), se connectant de mani\u00e8re transparente \u00e0 des terminaux tels que les smartphones, les ordinateurs portables et les tablettes. Qu'il s'agisse de transf\u00e9rer directement des vid\u00e9os haute d\u00e9finition tourn\u00e9es sur un smartphone vers un ordinateur pour le montage ou de copier des supports de cours d'un ordinateur vers une tablette pour l'apprentissage en d\u00e9placement, aucun adaptateur n'est n\u00e9cessaire : c'est pr\u00eat \u00e0 l'emploi. Il prend en charge les principaux syst\u00e8mes d'exploitation, notamment Windows, macOS, Android et iOS, ce qui permet un transfert de fichiers multiplateforme \u00e0 grande vitesse. Il r\u00e9sout compl\u00e8tement le probl\u00e8me de \"l'incompatibilit\u00e9 de l'interface de l'appareil\", rendant le transfert de donn\u00e9es plus efficace et plus flexible.<\/p>\n\n\n\n<div class=\"wp-block-columns is-layout-flex wp-container-core-columns-is-layout-28f84493 wp-block-columns-is-layout-flex\">\n<div class=\"wp-block-column is-layout-flow wp-block-column-is-layout-flow\">\n<figure class=\"wp-block-image size-full\"><img alt=\"\" fetchpriority=\"high\" decoding=\"async\" width=\"800\" height=\"800\" src=\"https:\/\/www.usborkeychain.com\/wp-content\/uploads\/led-usb-type-c-and-a-flash-drive.jpg\" class=\"wp-image-6213\" srcset=\"https:\/\/www.usborkeychain.com\/wp-content\/uploads\/led-usb-type-c-and-a-flash-drive.jpg 800w, https:\/\/www.usborkeychain.com\/wp-content\/uploads\/led-usb-type-c-and-a-flash-drive-300x300.jpg 300w, https:\/\/www.usborkeychain.com\/wp-content\/uploads\/led-usb-type-c-and-a-flash-drive-150x150.jpg 150w, https:\/\/www.usborkeychain.com\/wp-content\/uploads\/led-usb-type-c-and-a-flash-drive-768x768.jpg 768w, https:\/\/www.usborkeychain.com\/wp-content\/uploads\/led-usb-type-c-and-a-flash-drive-12x12.jpg 12w, https:\/\/www.usborkeychain.com\/wp-content\/uploads\/led-usb-type-c-and-a-flash-drive-600x600.jpg 600w, https:\/\/www.usborkeychain.com\/wp-content\/uploads\/led-usb-type-c-and-a-flash-drive-100x100.jpg 100w\" sizes=\"(max-width: 800px) 100vw, 800px\" \/><\/figure>\n<\/div>\n\n\n\n<div class=\"wp-block-column is-layout-flow wp-block-column-is-layout-flow\">\n<figure class=\"wp-block-image size-full\"><img alt=\"\" fetchpriority=\"high\" decoding=\"async\" width=\"800\" height=\"800\" src=\"https:\/\/www.usborkeychain.com\/wp-content\/uploads\/led-usb-type-c-and-a-flash-drive.jpg\" class=\"wp-image-6213\" srcset=\"https:\/\/www.usborkeychain.com\/wp-content\/uploads\/led-usb-type-c-and-a-flash-drive.jpg 800w, https:\/\/www.usborkeychain.com\/wp-content\/uploads\/led-usb-type-c-and-a-flash-drive-300x300.jpg 300w, https:\/\/www.usborkeychain.com\/wp-content\/uploads\/led-usb-type-c-and-a-flash-drive-150x150.jpg 150w, https:\/\/www.usborkeychain.com\/wp-content\/uploads\/led-usb-type-c-and-a-flash-drive-768x768.jpg 768w, https:\/\/www.usborkeychain.com\/wp-content\/uploads\/led-usb-type-c-and-a-flash-drive-12x12.jpg 12w, https:\/\/www.usborkeychain.com\/wp-content\/uploads\/led-usb-type-c-and-a-flash-drive-600x600.jpg 600w, https:\/\/www.usborkeychain.com\/wp-content\/uploads\/led-usb-type-c-and-a-flash-drive-100x100.jpg 100w\" sizes=\"(max-width: 800px) 100vw, 800px\" \/><\/figure>\n<\/div>\n<\/div>\n\n\n\n<h3 class=\"wp-block-heading\">Points forts de la conception<\/h3>\n\n\n\n<h4 class=\"wp-block-heading\">1. Structure rotative classique<\/h4>\n\n\n\n<p>Conception de stockage rotative \u00e0 360\u00b0 : faites pivoter l'interface vers l'ext\u00e9rieur lorsque vous l'utilisez, et faites-la pivoter vers l'arri\u00e8re pour la prot\u00e9ger lorsque vous ne l'utilisez pas. Cela permet d'\u00e9viter les rayures de l'interface et la p\u00e9n\u00e9tration de la poussi\u00e8re, ce qui prolonge la dur\u00e9e de vie de l'appareil. L'amortissement de la rotation est mod\u00e9r\u00e9, ce qui garantit un fonctionnement en douceur et associe l'aspect pratique \u00e0 une sensation amusante et conviviale.<\/p>\n\n\n\n<h4 class=\"wp-block-heading\">2. Mat\u00e9riaux et couleurs de qualit\u00e9 sup\u00e9rieure<\/h4>\n\n\n\n<p>Fabriqu\u00e9 avec une coque monobloc en alliage de zinc, il pr\u00e9sente une grande duret\u00e9 et une dissipation rapide de la chaleur, ce qui garantit un transfert de donn\u00e9es stable tout en dotant le produit de solides propri\u00e9t\u00e9s de \"r\u00e9sistance aux chocs et \u00e0 l'usure\". Il est disponible en deux couleurs : bronze et argent. La couleur bronze d\u00e9gage une sophistication discr\u00e8te, tandis que la couleur argent affiche une \u00e9l\u00e9gance minimaliste, adapt\u00e9e \u00e0 divers sc\u00e9narios tels que le monde des affaires et la mode. La texture m\u00e9tallique souligne sa qualit\u00e9 sup\u00e9rieure.<\/p>\n\n\n\n<div class=\"wp-block-columns is-layout-flex wp-container-core-columns-is-layout-28f84493 wp-block-columns-is-layout-flex\">\n<div class=\"wp-block-column is-layout-flow wp-block-column-is-layout-flow\">\n<figure class=\"wp-block-image size-full\"><img alt=\"\" decoding=\"async\" width=\"800\" height=\"800\" src=\"https:\/\/www.usborkeychain.com\/wp-content\/uploads\/led-usb-type-c-flash-drive.jpg\" class=\"wp-image-6214\" srcset=\"https:\/\/www.usborkeychain.com\/wp-content\/uploads\/led-usb-type-c-flash-drive.jpg 800w, https:\/\/www.usborkeychain.com\/wp-content\/uploads\/led-usb-type-c-flash-drive-300x300.jpg 300w, https:\/\/www.usborkeychain.com\/wp-content\/uploads\/led-usb-type-c-flash-drive-150x150.jpg 150w, https:\/\/www.usborkeychain.com\/wp-content\/uploads\/led-usb-type-c-flash-drive-768x768.jpg 768w, https:\/\/www.usborkeychain.com\/wp-content\/uploads\/led-usb-type-c-flash-drive-12x12.jpg 12w, https:\/\/www.usborkeychain.com\/wp-content\/uploads\/led-usb-type-c-flash-drive-600x600.jpg 600w, https:\/\/www.usborkeychain.com\/wp-content\/uploads\/led-usb-type-c-flash-drive-100x100.jpg 100w\" sizes=\"(max-width: 800px) 100vw, 800px\" \/><\/figure>\n<\/div>\n\n\n\n<div class=\"wp-block-column is-layout-flow wp-block-column-is-layout-flow\">\n<figure class=\"wp-block-image size-full\"><img alt=\"\" decoding=\"async\" width=\"800\" height=\"800\" src=\"https:\/\/www.usborkeychain.com\/wp-content\/uploads\/type-c-led-usb-flash-drive.jpg\" class=\"wp-image-6216\" srcset=\"https:\/\/www.usborkeychain.com\/wp-content\/uploads\/type-c-led-usb-flash-drive.jpg 800w, https:\/\/www.usborkeychain.com\/wp-content\/uploads\/type-c-led-usb-flash-drive-300x300.jpg 300w, https:\/\/www.usborkeychain.com\/wp-content\/uploads\/type-c-led-usb-flash-drive-150x150.jpg 150w, https:\/\/www.usborkeychain.com\/wp-content\/uploads\/type-c-led-usb-flash-drive-768x768.jpg 768w, https:\/\/www.usborkeychain.com\/wp-content\/uploads\/type-c-led-usb-flash-drive-12x12.jpg 12w, https:\/\/www.usborkeychain.com\/wp-content\/uploads\/type-c-led-usb-flash-drive-600x600.jpg 600w, https:\/\/www.usborkeychain.com\/wp-content\/uploads\/type-c-led-usb-flash-drive-100x100.jpg 100w\" sizes=\"(max-width: 800px) 100vw, 800px\" \/><\/figure>\n<\/div>\n<\/div>\n\n\n\n<h3 class=\"wp-block-heading\">Logo LED personnalisable<\/h3>\n\n\n\n<h4 class=\"wp-block-heading\">1. Diverses techniques de personnalisation<\/h4>\n\n\n\n<p>Permet la personnalisation du logo par s\u00e9rigraphie, gravure laser, impression couleur, tampographie, etc :<\/p>\n\n\n\n<figure class=\"wp-block-table\"><table class=\"has-fixed-layout\"><thead><tr><th>Type de technique<\/th><th>Sc\u00e9narios applicables<\/th><th>Effets sp\u00e9ciaux<\/th><\/tr><\/thead><tbody><tr><td>Logo s\u00e9rigraphi\u00e9<\/td><td>Fond plat de couleur claire<\/td><td>Reproduction des couleurs avec une grande pr\u00e9cision<\/td><\/tr><tr><td>Gravure au laser<\/td><td>Surfaces m\u00e9talliques de couleur fonc\u00e9e<\/td><td>Marques grav\u00e9es permanentes<\/td><\/tr><tr><td>Logo imprim\u00e9 en couleur<\/td><td>Mod\u00e8les complexes<\/td><td>Rendu des couleurs en d\u00e9grad\u00e9<\/td><\/tr><tr><td>Logo tampographi\u00e9<\/td><td>Surfaces courbes\/irr\u00e9guli\u00e8res<\/td><td>Une couverture sans faille<\/td><\/tr><\/tbody><\/table><\/figure>\n\n\n\n<h4 class=\"wp-block-heading\">2. Technologie LED de gravure int\u00e9rieure<\/h4>\n\n\n\n<p>Gr\u00e2ce \u00e0 la technologie LED \u00e0 gravure interne, lorsque la cl\u00e9 USB est branch\u00e9e sur un appareil (ordinateur\/smartphone) et mise sous tension, la zone du logo s'allume automatiquement, ce qui donne une forte impression de technologie ! L'effet LED am\u00e9liore non seulement la reconnaissance du produit, mais ajoute \u00e9galement un sens du rituel \u00e0 l'utilisation quotidienne, ce qui en fait un design repr\u00e9sentatif des produits num\u00e9riques actuels \u00e0 la mode.<\/p>\n\n\n\n<h3 class=\"wp-block-heading\">Param\u00e8tres de base de la cl\u00e9 USB<\/h3>\n\n\n\n<figure class=\"wp-block-table\"><table class=\"has-fixed-layout\"><thead><tr><th>Param\u00e8tre Poste<\/th><th>D\u00e9tails<\/th><\/tr><\/thead><tbody><tr><td>Taux de transfert de donn\u00e9es<\/td><td>15 MB\/s<\/td><\/tr><tr><td>Vitesse de lecture maximale<\/td><td>15 MB\/s<\/td><\/tr><tr><td>Vitesse d'\u00e9criture maximale<\/td><td>8 MB\/s<\/td><\/tr><tr><td>Types d'interface<\/td><td>USB 2.0, USB 3.0, TYPE-C<\/td><\/tr><tr><td>Mat\u00e9riau de la coque<\/td><td>M\u00e9tal (alliage de zinc)<\/td><\/tr><tr><td>Caract\u00e9ristiques sp\u00e9ciales<\/td><td>LED (\u00e9clairage du logo grav\u00e9 \u00e0 l'int\u00e9rieur)<\/td><\/tr><tr><td>Dimensions du produit<\/td><td>45\u00d742\u00d710,7 mm<\/td><\/tr><tr><td>Poids<\/td><td>24 g<\/td><\/tr><\/tbody><\/table><\/figure>\n\n\n\n<div class=\"wp-block-columns is-layout-flex wp-container-core-columns-is-layout-28f84493 wp-block-columns-is-layout-flex\">\n<div class=\"wp-block-column is-layout-flow wp-block-column-is-layout-flow\">\n<figure class=\"wp-block-image size-full\"><img alt=\"\" loading=\"lazy\" decoding=\"async\" width=\"800\" height=\"800\" src=\"https:\/\/www.usborkeychain.com\/wp-content\/uploads\/Custom-USB-3.0-and-Type-C-LED-Light-up-USB-Flash-Drive.jpg\" class=\"wp-image-6211\" srcset=\"https:\/\/www.usborkeychain.com\/wp-content\/uploads\/Custom-USB-3.0-and-Type-C-LED-Light-up-USB-Flash-Drive.jpg 800w, https:\/\/www.usborkeychain.com\/wp-content\/uploads\/Custom-USB-3.0-and-Type-C-LED-Light-up-USB-Flash-Drive-300x300.jpg 300w, https:\/\/www.usborkeychain.com\/wp-content\/uploads\/Custom-USB-3.0-and-Type-C-LED-Light-up-USB-Flash-Drive-150x150.jpg 150w, https:\/\/www.usborkeychain.com\/wp-content\/uploads\/Custom-USB-3.0-and-Type-C-LED-Light-up-USB-Flash-Drive-768x768.jpg 768w, https:\/\/www.usborkeychain.com\/wp-content\/uploads\/Custom-USB-3.0-and-Type-C-LED-Light-up-USB-Flash-Drive-12x12.jpg 12w, https:\/\/www.usborkeychain.com\/wp-content\/uploads\/Custom-USB-3.0-and-Type-C-LED-Light-up-USB-Flash-Drive-600x600.jpg 600w, https:\/\/www.usborkeychain.com\/wp-content\/uploads\/Custom-USB-3.0-and-Type-C-LED-Light-up-USB-Flash-Drive-100x100.jpg 100w\" sizes=\"(max-width: 800px) 100vw, 800px\" \/><\/figure>\n<\/div>\n\n\n\n<div class=\"wp-block-column is-layout-flow wp-block-column-is-layout-flow\">\n<figure class=\"wp-block-image size-full\"><img alt=\"\" loading=\"lazy\" decoding=\"async\" width=\"800\" height=\"800\" src=\"https:\/\/www.usborkeychain.com\/wp-content\/uploads\/led-usb-type-c-flash-drives.jpg\" class=\"wp-image-6215\" srcset=\"https:\/\/www.usborkeychain.com\/wp-content\/uploads\/led-usb-type-c-flash-drives.jpg 800w, https:\/\/www.usborkeychain.com\/wp-content\/uploads\/led-usb-type-c-flash-drives-300x300.jpg 300w, https:\/\/www.usborkeychain.com\/wp-content\/uploads\/led-usb-type-c-flash-drives-150x150.jpg 150w, https:\/\/www.usborkeychain.com\/wp-content\/uploads\/led-usb-type-c-flash-drives-768x768.jpg 768w, https:\/\/www.usborkeychain.com\/wp-content\/uploads\/led-usb-type-c-flash-drives-12x12.jpg 12w, https:\/\/www.usborkeychain.com\/wp-content\/uploads\/led-usb-type-c-flash-drives-600x600.jpg 600w, https:\/\/www.usborkeychain.com\/wp-content\/uploads\/led-usb-type-c-flash-drives-100x100.jpg 100w\" sizes=\"(max-width: 800px) 100vw, 800px\" \/><\/figure>\n<\/div>\n<\/div>\n\n\n\n<h3 class=\"wp-block-heading\">Qui a besoin de cette \"cl\u00e9 USB LED\" ?<\/h3>\n\n\n\n<ol class=\"wp-block-list\">\n<li><strong>Les \u00e9lites \u00e9conomiques<\/strong>: Les interfaces doubles r\u00e9pondent aux besoins de bureautique entre les smartphones et les ordinateurs. La texture m\u00e9tallique s'aligne sur l'image professionnelle de l'entreprise, et le logo LED personnalisable peut comporter des identifiants d'entreprise pour am\u00e9liorer l'exposition de la marque.<\/li>\n\n\n\n<li><strong>Les \u00e9tudiants<\/strong>: Gr\u00e2ce aux interfaces doubles, il est facile de transf\u00e9rer les devoirs r\u00e9alis\u00e9s sur les smartphones vers les ordinateurs pour la r\u00e9daction de dissertations. La conception rotative facilite le rangement et r\u00e9duit le poids du sac \u00e0 dos.<\/li>\n\n\n\n<li><strong>Les passionn\u00e9s du num\u00e9rique<\/strong>: Pour ceux qui recherchent des produits \"nouveaux, uniques et distinctifs\", l'effet LED et la structure rotative en font \u00e0 la fois un outil pratique et un gadget de bureau \u00e0 la mode.<\/li>\n\n\n\n<li><strong>Achats de l'entreprise<\/strong>: En tant que cadeaux d'\u00e9v\u00e9nements ou avantages pour les employ\u00e9s, le logo personnalisable et le design lumineux rendent la cl\u00e9 USB plus m\u00e9morable que les cl\u00e9s USB ordinaires, renfor\u00e7ant ainsi la communication de la marque.<\/li>\n<\/ol>\n\n\n\n<p>Le <strong>YOUSAN Type-C Rotating Light-Up USB Drive (cl\u00e9 USB lumineuse rotative de type C)<\/strong>Avec ses trois avantages principaux - \"compatibilit\u00e9 double interface + protection rotative + personnalisation LED\" - cette cl\u00e9 USB r\u00e9pond non seulement au besoin pratique d'\"interop\u00e9rabilit\u00e9 des donn\u00e9es multi-appareils\", mais cr\u00e9e \u00e9galement une exp\u00e9rience diff\u00e9renci\u00e9e gr\u00e2ce \u00e0 sa texture m\u00e9tallique et \u00e0 son logo LED. Que vous soyez un professionnel soucieux d'efficacit\u00e9, un amateur de gadgets \u00e0 la mode ou une entreprise ayant besoin de personnaliser sa marque, cette cl\u00e9 USB peut \u00eatre un assistant fiable dans votre vie num\u00e9rique. Pour une personnalisation ou pour plus de d\u00e9tails, contactez directement YOUSAN Factory - la personnalisation en vrac et les services personnalis\u00e9s sont disponibles !<\/p>","protected":false},"excerpt":{"rendered":"<ul>\n<li>Rangement rotatif \u00e0 360<\/li>\n<li>USB-A + Type-C<\/li>\n<li>Logo LED personnalisable<\/li>\n<li>Mat\u00e9riaux en alliage de zinc<\/li>\n<li>MOQ:100pcs<\/li>\n<\/ul>","protected":false},"featured_media":6214,"comment_status":"open","ping_status":"closed","template":"","meta":{"_seopress_robots_primary_cat":"","_seopress_titles_title":"","_seopress_titles_desc":"","_seopress_robots_index":"","site-sidebar-layout":"default","site-content-layout":"","ast-site-content-layout":"","site-content-style":"default","site-sidebar-style":"default","ast-global-header-display":"","ast-banner-title-visibility":"","ast-main-header-display":"","ast-hfb-above-header-display":"","ast-hfb-below-header-display":"","ast-hfb-mobile-header-display":"","site-post-title":"","ast-breadcrumbs-content":"","ast-featured-img":"","footer-sml-layout":"","theme-transparent-header-meta":"","adv-header-id-meta":"","stick-header-meta":"","header-above-stick-meta":"","header-main-stick-meta":"","header-below-stick-meta":"","astra-migrate-meta-layouts":"default","ast-page-background-enabled":"default","ast-page-background-meta":{"desktop":{"background-color":"var(--ast-global-color-5)","background-image":"","background-repeat":"repeat","background-position":"center center","background-size":"auto","background-attachment":"scroll","background-type":"","background-media":"","overlay-type":"","overlay-color":"","overlay-opacity":"","overlay-gradient":""},"tablet":{"background-color":"","background-image":"","background-repeat":"repeat","background-position":"center center","background-size":"auto","background-attachment":"scroll","background-type":"","background-media":"","overlay-type":"","overlay-color":"","overlay-opacity":"","overlay-gradient":""},"mobile":{"background-color":"","background-image":"","background-repeat":"repeat","background-position":"center center","background-size":"auto","background-attachment":"scroll","background-type":"","background-media":"","overlay-type":"","overlay-color":"","overlay-opacity":"","overlay-gradient":""}},"ast-content-background-meta":{"desktop":{"background-color":"var(--ast-global-color-4)","background-image":"","background-repeat":"repeat","background-position":"center center","background-size":"auto","background-attachment":"scroll","background-type":"","background-media":"","overlay-type":"","overlay-color":"","overlay-opacity":"","overlay-gradient":""},"tablet":{"background-color":"var(--ast-global-color-4)","background-image":"","background-repeat":"repeat","background-position":"center center","background-size":"auto","background-attachment":"scroll","background-type":"","background-media":"","overlay-type":"","overlay-color":"","overlay-opacity":"","overlay-gradient":""},"mobile":{"background-color":"var(--ast-global-color-4)","background-image":"","background-repeat":"repeat","background-position":"center center","background-size":"auto","background-attachment":"scroll","background-type":"","background-media":"","overlay-type":"","overlay-color":"","overlay-opacity":"","overlay-gradient":""}}},"product_brand":[],"product_cat":[107,106],"product_tag":[406,384],"class_list":{"0":"post-6208","1":"product","2":"type-product","3":"status-publish","4":"has-post-thumbnail","6":"product_cat-led-usb-pendrive","7":"product_cat-rotating-usb-pendrive","8":"product_tag-metal-swivel-usb-drive","9":"product_tag-type-c-rotating-led-usb-flash-drive","10":"desktop-align-left","11":"tablet-align-left","12":"mobile-align-left","14":"first","15":"instock","16":"shipping-taxable","17":"product-type-simple"},"_links":{"self":[{"href":"https:\/\/www.usborkeychain.com\/fr\/wp-json\/wp\/v2\/product\/6208","targetHints":{"allow":["GET"]}}],"collection":[{"href":"https:\/\/www.usborkeychain.com\/fr\/wp-json\/wp\/v2\/product"}],"about":[{"href":"https:\/\/www.usborkeychain.com\/fr\/wp-json\/wp\/v2\/types\/product"}],"replies":[{"embeddable":true,"href":"https:\/\/www.usborkeychain.com\/fr\/wp-json\/wp\/v2\/comments?post=6208"}],"wp:featuredmedia":[{"embeddable":true,"href":"https:\/\/www.usborkeychain.com\/fr\/wp-json\/wp\/v2\/media\/6214"}],"wp:attachment":[{"href":"https:\/\/www.usborkeychain.com\/fr\/wp-json\/wp\/v2\/media?parent=6208"}],"wp:term":[{"taxonomy":"product_brand","embeddable":true,"href":"https:\/\/www.usborkeychain.com\/fr\/wp-json\/wp\/v2\/product_brand?post=6208"},{"taxonomy":"product_cat","embeddable":true,"href":"https:\/\/www.usborkeychain.com\/fr\/wp-json\/wp\/v2\/product_cat?post=6208"},{"taxonomy":"product_tag","embeddable":true,"href":"https:\/\/www.usborkeychain.com\/fr\/wp-json\/wp\/v2\/product_tag?post=6208"}],"curies":[{"name":"wp","href":"https:\/\/api.w.org\/{rel}","templated":true}]}}