{"id":6256,"date":"2025-08-08T05:35:08","date_gmt":"2025-08-08T05:35:08","guid":{"rendered":"https:\/\/www.usborkeychain.com\/?post_type=product&#038;p=6256"},"modified":"2025-08-08T05:35:11","modified_gmt":"2025-08-08T05:35:11","slug":"light-up-book-clip-usb-drive","status":"publish","type":"product","link":"https:\/\/www.usborkeychain.com\/fr\/produit\/light-up-book-clip-usb-drive\/","title":{"rendered":"Pince \u00e0 livres lumineuse Cl\u00e9 USB"},"content":{"rendered":"<h2 class=\"wp-block-heading\">Principe de fonctionnement de la cl\u00e9 USB lumineuse<\/h2>\n\n\n\n<p>L'effet d'\u00e9mission de lumi\u00e8re de la <strong>pince \u00e0 livres lumineuse cl\u00e9 USB<\/strong> est obtenue gr\u00e2ce \u00e0 la technologie d'\u00e9mission de lumi\u00e8re par gravure int\u00e9rieure et \u00e0 la technologie de commande des DEL :<\/p>\n\n\n\n<ul class=\"wp-block-list\">\n<li><strong>Support mat\u00e9riel<\/strong>: \u00c9quip\u00e9 d'une microbille LED int\u00e9gr\u00e9e, aliment\u00e9e par le circuit de contr\u00f4le principal de la cl\u00e9 USB, d\u00e9clenchant une \u00e9mission de lumi\u00e8re avec une faible consommation d'\u00e9nergie ;<\/li>\n\n\n\n<li><strong>C\u0153ur de m\u00e9tier<\/strong>: Adoptant la technologie de gravure int\u00e9rieure au laser, les textures de transmission de la lumi\u00e8re LOGO sont grav\u00e9es sur le bo\u00eetier m\u00e9tallique. Lorsque la lumi\u00e8re passe \u00e0 travers, la zone LOGO affiche un effet d'\u00e9mission lumineuse uniforme et clair (avec possibilit\u00e9 de personnalisation multicolore : rouge, vert, bleu et blanc) ;<\/li>\n\n\n\n<li><strong>Interaction intelligente<\/strong>: Il s'allume d\u00e8s la mise sous tension, servant \u00e0 la fois d'indicateur de l'\u00e9tat de la transmission des donn\u00e9es et permettant une identification rapide dans les environnements peu \u00e9clair\u00e9s, tout en conciliant praticit\u00e9 et esth\u00e9tique.<\/li>\n<\/ul>\n\n\n\n<div class=\"wp-block-columns is-layout-flex wp-container-core-columns-is-layout-28f84493 wp-block-columns-is-layout-flex\">\n<div class=\"wp-block-column is-layout-flow wp-block-column-is-layout-flow\">\n<figure class=\"wp-block-image size-full\"><img alt=\"\" fetchpriority=\"high\" decoding=\"async\" width=\"800\" height=\"800\" src=\"https:\/\/www.usborkeychain.com\/wp-content\/uploads\/led-usb-flash-drive-1.jpg\" class=\"wp-image-6264\" srcset=\"https:\/\/www.usborkeychain.com\/wp-content\/uploads\/led-usb-flash-drive-1.jpg 800w, https:\/\/www.usborkeychain.com\/wp-content\/uploads\/led-usb-flash-drive-1-300x300.jpg 300w, https:\/\/www.usborkeychain.com\/wp-content\/uploads\/led-usb-flash-drive-1-150x150.jpg 150w, https:\/\/www.usborkeychain.com\/wp-content\/uploads\/led-usb-flash-drive-1-768x768.jpg 768w, https:\/\/www.usborkeychain.com\/wp-content\/uploads\/led-usb-flash-drive-1-12x12.jpg 12w, https:\/\/www.usborkeychain.com\/wp-content\/uploads\/led-usb-flash-drive-1-600x600.jpg 600w, https:\/\/www.usborkeychain.com\/wp-content\/uploads\/led-usb-flash-drive-1-100x100.jpg 100w\" sizes=\"(max-width: 800px) 100vw, 800px\" \/><\/figure>\n<\/div>\n\n\n\n<div class=\"wp-block-column is-layout-flow wp-block-column-is-layout-flow\">\n<figure class=\"wp-block-image size-full\"><img alt=\"\" decoding=\"async\" width=\"800\" height=\"800\" src=\"https:\/\/www.usborkeychain.com\/wp-content\/uploads\/light-up-USB-flash-drive.jpg\" class=\"wp-image-6266\" srcset=\"https:\/\/www.usborkeychain.com\/wp-content\/uploads\/light-up-USB-flash-drive.jpg 800w, https:\/\/www.usborkeychain.com\/wp-content\/uploads\/light-up-USB-flash-drive-300x300.jpg 300w, https:\/\/www.usborkeychain.com\/wp-content\/uploads\/light-up-USB-flash-drive-150x150.jpg 150w, https:\/\/www.usborkeychain.com\/wp-content\/uploads\/light-up-USB-flash-drive-768x768.jpg 768w, https:\/\/www.usborkeychain.com\/wp-content\/uploads\/light-up-USB-flash-drive-12x12.jpg 12w, https:\/\/www.usborkeychain.com\/wp-content\/uploads\/light-up-USB-flash-drive-600x600.jpg 600w, https:\/\/www.usborkeychain.com\/wp-content\/uploads\/light-up-USB-flash-drive-100x100.jpg 100w\" sizes=\"(max-width: 800px) 100vw, 800px\" \/><\/figure>\n<\/div>\n<\/div>\n\n\n\n<h2 class=\"wp-block-heading\">Caract\u00e9ristiques de la cl\u00e9 USB lumineuse<\/h2>\n\n\n\n<h3 class=\"wp-block-heading\">1. Mat\u00e9riau m\u00e9tallique<\/h3>\n\n\n\n<p>Le bo\u00eetier est fabriqu\u00e9 en m\u00e9tal de haute qualit\u00e9, r\u00e9sistant aux chocs, \u00e0 la corrosion et \u00e0 l'usure. Il ne se d\u00e9forme pas facilement en cas d'utilisation prolong\u00e9e.<\/p>\n\n\n\n<h3 class=\"wp-block-heading\">2. Conception d'agrafes de livres<\/h3>\n\n\n\n<p>Innovante, la cl\u00e9 USB est dot\u00e9e d'une fonction \"book clip\" : Le clip m\u00e9tallique situ\u00e9 \u00e0 l'extr\u00e9mit\u00e9 de la cl\u00e9 USB peut \u00eatre fix\u00e9 sur le bord d'un cahier ou d'un dossier, ce qui r\u00e9sout le probl\u00e8me des cl\u00e9s USB traditionnelles qui se perdent ou glissent facilement. Elle peut contenir des documents pendant le travail et des manuels pendant les \u00e9tudes, ce qui lui conf\u00e8re une double utilit\u00e9.<\/p>\n\n\n\n<h3 class=\"wp-block-heading\">3. Personnalisation des couleurs<\/h3>\n\n\n\n<p>Permet la personnalisation de toutes les couleurs (noir business, orange vibrant, bleu tech, etc.). La p\u00e9n\u00e9tration des couleurs est obtenue gr\u00e2ce \u00e0 la technologie de l'anodisation, ce qui permet de r\u00e9pondre aux besoins diff\u00e9renci\u00e9s de la marque VI ou de l'esth\u00e9tique personnelle.<\/p>\n\n\n\n<div class=\"wp-block-columns is-layout-flex wp-container-core-columns-is-layout-28f84493 wp-block-columns-is-layout-flex\">\n<div class=\"wp-block-column is-layout-flow wp-block-column-is-layout-flow\">\n<figure class=\"wp-block-image size-full\"><img alt=\"\" decoding=\"async\" width=\"800\" height=\"800\" src=\"https:\/\/www.usborkeychain.com\/wp-content\/uploads\/Clip-led-USB-Flash-Drive.jpg\" class=\"wp-image-6262\" srcset=\"https:\/\/www.usborkeychain.com\/wp-content\/uploads\/Clip-led-USB-Flash-Drive.jpg 800w, https:\/\/www.usborkeychain.com\/wp-content\/uploads\/Clip-led-USB-Flash-Drive-300x300.jpg 300w, https:\/\/www.usborkeychain.com\/wp-content\/uploads\/Clip-led-USB-Flash-Drive-150x150.jpg 150w, https:\/\/www.usborkeychain.com\/wp-content\/uploads\/Clip-led-USB-Flash-Drive-768x768.jpg 768w, https:\/\/www.usborkeychain.com\/wp-content\/uploads\/Clip-led-USB-Flash-Drive-12x12.jpg 12w, https:\/\/www.usborkeychain.com\/wp-content\/uploads\/Clip-led-USB-Flash-Drive-600x600.jpg 600w, https:\/\/www.usborkeychain.com\/wp-content\/uploads\/Clip-led-USB-Flash-Drive-100x100.jpg 100w\" sizes=\"(max-width: 800px) 100vw, 800px\" \/><\/figure>\n<\/div>\n\n\n\n<div class=\"wp-block-column is-layout-flow wp-block-column-is-layout-flow\">\n<figure class=\"wp-block-image size-full\"><img alt=\"\" loading=\"lazy\" decoding=\"async\" width=\"800\" height=\"800\" src=\"https:\/\/www.usborkeychain.com\/wp-content\/uploads\/LED-Book-Clip-USB-Drive.jpg\" class=\"wp-image-6263\" srcset=\"https:\/\/www.usborkeychain.com\/wp-content\/uploads\/LED-Book-Clip-USB-Drive.jpg 800w, https:\/\/www.usborkeychain.com\/wp-content\/uploads\/LED-Book-Clip-USB-Drive-300x300.jpg 300w, https:\/\/www.usborkeychain.com\/wp-content\/uploads\/LED-Book-Clip-USB-Drive-150x150.jpg 150w, https:\/\/www.usborkeychain.com\/wp-content\/uploads\/LED-Book-Clip-USB-Drive-768x768.jpg 768w, https:\/\/www.usborkeychain.com\/wp-content\/uploads\/LED-Book-Clip-USB-Drive-12x12.jpg 12w, https:\/\/www.usborkeychain.com\/wp-content\/uploads\/LED-Book-Clip-USB-Drive-600x600.jpg 600w, https:\/\/www.usborkeychain.com\/wp-content\/uploads\/LED-Book-Clip-USB-Drive-100x100.jpg 100w\" sizes=\"(max-width: 800px) 100vw, 800px\" \/><\/figure>\n<\/div>\n<\/div>\n\n\n\n<h2 class=\"wp-block-heading\">Personnalisation du LOGO<\/h2>\n\n\n\n<figure class=\"wp-block-table\"><table class=\"has-fixed-layout\"><thead><tr><th>Type d'artisanat<\/th><th>Avantages<\/th><th>Sc\u00e9narios appropri\u00e9s<\/th><\/tr><\/thead><tbody><tr><td>LOGO s\u00e9rigraphi\u00e9<\/td><td>Riche en couleurs, supportant les d\u00e9grad\u00e9s<\/td><td>Motifs complexes, LOGO multicolores<\/td><\/tr><tr><td>Gravure au laser<\/td><td>Haute pr\u00e9cision, avec une texture m\u00e9tallique pro\u00e9minente<\/td><td>Lignes simples, symboles de marque<\/td><\/tr><tr><td>LOGO imprim\u00e9 en couleur<\/td><td>Haute fid\u00e9lit\u00e9, d\u00e9tails clairs<\/td><td>Mod\u00e8les haute r\u00e9solution au niveau de la photo<\/td><\/tr><tr><td>LOGO tamponn\u00e9<\/td><td>Convient aux surfaces courbes, avec une bonne couverture des bords<\/td><td>Conceptions de bo\u00eetiers courbes et irr\u00e9guli\u00e8res<\/td><\/tr><\/tbody><\/table><\/figure>\n\n\n\n<p>Associ\u00e9 \u00e0 la technologie d'\u00e9mission de lumi\u00e8re par gravure int\u00e9rieure, le LOGO peut atteindre des modes dynamiques tels qu'une lumi\u00e8re constante unicolore et des effets de lumi\u00e8re respirante, devenant ainsi une carte de visite de marque mobile.<\/p>\n\n\n\n<div class=\"wp-block-columns is-layout-flex wp-container-core-columns-is-layout-28f84493 wp-block-columns-is-layout-flex\">\n<div class=\"wp-block-column is-layout-flow wp-block-column-is-layout-flow\">\n<figure class=\"wp-block-image size-full\"><img alt=\"\" loading=\"lazy\" decoding=\"async\" width=\"800\" height=\"800\" src=\"https:\/\/www.usborkeychain.com\/wp-content\/uploads\/Led-USB-Flash-Drives-China-Manufacturers-and-Suppliers.jpg\" class=\"wp-image-6265\" srcset=\"https:\/\/www.usborkeychain.com\/wp-content\/uploads\/Led-USB-Flash-Drives-China-Manufacturers-and-Suppliers.jpg 800w, https:\/\/www.usborkeychain.com\/wp-content\/uploads\/Led-USB-Flash-Drives-China-Manufacturers-and-Suppliers-300x300.jpg 300w, https:\/\/www.usborkeychain.com\/wp-content\/uploads\/Led-USB-Flash-Drives-China-Manufacturers-and-Suppliers-150x150.jpg 150w, https:\/\/www.usborkeychain.com\/wp-content\/uploads\/Led-USB-Flash-Drives-China-Manufacturers-and-Suppliers-768x768.jpg 768w, https:\/\/www.usborkeychain.com\/wp-content\/uploads\/Led-USB-Flash-Drives-China-Manufacturers-and-Suppliers-12x12.jpg 12w, https:\/\/www.usborkeychain.com\/wp-content\/uploads\/Led-USB-Flash-Drives-China-Manufacturers-and-Suppliers-600x600.jpg 600w, https:\/\/www.usborkeychain.com\/wp-content\/uploads\/Led-USB-Flash-Drives-China-Manufacturers-and-Suppliers-100x100.jpg 100w\" sizes=\"(max-width: 800px) 100vw, 800px\" \/><\/figure>\n<\/div>\n\n\n\n<div class=\"wp-block-column is-layout-flow wp-block-column-is-layout-flow\">\n<figure class=\"wp-block-image size-full\"><img alt=\"\" loading=\"lazy\" decoding=\"async\" width=\"800\" height=\"800\" src=\"https:\/\/www.usborkeychain.com\/wp-content\/uploads\/china-led-usb-flash-drive-factory.jpg\" class=\"wp-image-6261\" srcset=\"https:\/\/www.usborkeychain.com\/wp-content\/uploads\/china-led-usb-flash-drive-factory.jpg 800w, https:\/\/www.usborkeychain.com\/wp-content\/uploads\/china-led-usb-flash-drive-factory-300x300.jpg 300w, https:\/\/www.usborkeychain.com\/wp-content\/uploads\/china-led-usb-flash-drive-factory-150x150.jpg 150w, https:\/\/www.usborkeychain.com\/wp-content\/uploads\/china-led-usb-flash-drive-factory-768x768.jpg 768w, https:\/\/www.usborkeychain.com\/wp-content\/uploads\/china-led-usb-flash-drive-factory-12x12.jpg 12w, https:\/\/www.usborkeychain.com\/wp-content\/uploads\/china-led-usb-flash-drive-factory-600x600.jpg 600w, https:\/\/www.usborkeychain.com\/wp-content\/uploads\/china-led-usb-flash-drive-factory-100x100.jpg 100w\" sizes=\"(max-width: 800px) 100vw, 800px\" \/><\/figure>\n<\/div>\n<\/div>\n\n\n\n<h2 class=\"wp-block-heading\">Param\u00e8tres de base de la cl\u00e9 USB<\/h2>\n\n\n\n<figure class=\"wp-block-table\"><table class=\"has-fixed-layout\"><thead><tr><th>Cat\u00e9gorie de param\u00e8tres<\/th><th>Sp\u00e9cifications sp\u00e9cifiques<\/th><\/tr><\/thead><tbody><tr><td>Taux de transfert de donn\u00e9es<\/td><td>100 Mo\/s (protocole USB 3.0)<\/td><\/tr><tr><td>Vitesse de lecture maximale<\/td><td>10MB\/s<\/td><\/tr><tr><td>Type d'interface<\/td><td>USB 3.0<\/td><\/tr><tr><td>Mat\u00e9riau de l'enveloppe<\/td><td>M\u00e9tal<\/td><\/tr><tr><td>T\u00e9moin lumineux<\/td><td>Oui (int\u00e9gr\u00e9 dans la zone d'\u00e9mission lumineuse du LOGO)<\/td><\/tr><tr><td>Dimensions du produit<\/td><td>65\u00d712.2\u00d77.6mm<\/td><\/tr><tr><td>Poids<\/td><td>12g<\/td><\/tr><\/tbody><\/table><\/figure>\n\n\n\n<h2 class=\"wp-block-heading\">Qui ach\u00e8te cette cl\u00e9 USB ?<\/h2>\n\n\n\n<ol class=\"wp-block-list\">\n<li><strong>Professionnels des affaires<\/strong>: En tant que cadeaux d'entreprise (souvenirs de conf\u00e9rences, cadeaux clients), la cl\u00e9 USB \u00e0 clip lumineux avec LOGO personnalis\u00e9 allie praticit\u00e9 et visibilit\u00e9 de la marque.<\/li>\n\n\n\n<li><strong>Groupes d'\u00e9tudiants<\/strong>: La fonction d'accroche-livre convient aux sc\u00e9narios de classe, et le LOGO lumineux permet une expression personnalis\u00e9e, ce qui en fait un \"objet technologique \u00e0 la mode\" dans les \u00e9tudes et dans la vie.<\/li>\n\n\n\n<li><strong>Personnalisation des cadeaux<\/strong>: Gr\u00e2ce \u00e0 la personnalisation de plusieurs objets et aux effets lumineux, il convient aux cadeaux de vacances (No\u00ebl, anniversaires d'\u00e9cole) et aux souvenirs des sommets de l'industrie, avec un grand potentiel d'augmentation des prix.<\/li>\n\n\n\n<li><strong>Les passionn\u00e9s de technologie<\/strong>: Obs\u00e9d\u00e9 par les nouveaux designs et la technologie noire lumineuse, il convient \u00e0 la collection ou \u00e0 l'utilisation quotidienne, satisfaisant l'esth\u00e9tique \"geek\".<\/li>\n<\/ol>\n\n\n\n<div class=\"wp-block-columns is-layout-flex wp-container-core-columns-is-layout-28f84493 wp-block-columns-is-layout-flex\">\n<div class=\"wp-block-column is-layout-flow wp-block-column-is-layout-flow\">\n<figure class=\"wp-block-image size-full\"><img alt=\"\" loading=\"lazy\" decoding=\"async\" width=\"800\" height=\"800\" src=\"https:\/\/www.usborkeychain.com\/wp-content\/uploads\/Book-Clip-usb-flash-drive-led-light.jpg\" class=\"wp-image-6259\" srcset=\"https:\/\/www.usborkeychain.com\/wp-content\/uploads\/Book-Clip-usb-flash-drive-led-light.jpg 800w, https:\/\/www.usborkeychain.com\/wp-content\/uploads\/Book-Clip-usb-flash-drive-led-light-300x300.jpg 300w, https:\/\/www.usborkeychain.com\/wp-content\/uploads\/Book-Clip-usb-flash-drive-led-light-150x150.jpg 150w, https:\/\/www.usborkeychain.com\/wp-content\/uploads\/Book-Clip-usb-flash-drive-led-light-768x768.jpg 768w, https:\/\/www.usborkeychain.com\/wp-content\/uploads\/Book-Clip-usb-flash-drive-led-light-12x12.jpg 12w, https:\/\/www.usborkeychain.com\/wp-content\/uploads\/Book-Clip-usb-flash-drive-led-light-600x600.jpg 600w, https:\/\/www.usborkeychain.com\/wp-content\/uploads\/Book-Clip-usb-flash-drive-led-light-100x100.jpg 100w\" sizes=\"(max-width: 800px) 100vw, 800px\" \/><\/figure>\n<\/div>\n\n\n\n<div class=\"wp-block-column is-layout-flow wp-block-column-is-layout-flow\">\n<figure class=\"wp-block-image size-full\"><img alt=\"\" loading=\"lazy\" decoding=\"async\" width=\"800\" height=\"800\" src=\"https:\/\/www.usborkeychain.com\/wp-content\/uploads\/Book-Clip-usb-flash-drive-with-led-light.jpg\" class=\"wp-image-6260\" srcset=\"https:\/\/www.usborkeychain.com\/wp-content\/uploads\/Book-Clip-usb-flash-drive-with-led-light.jpg 800w, https:\/\/www.usborkeychain.com\/wp-content\/uploads\/Book-Clip-usb-flash-drive-with-led-light-300x300.jpg 300w, https:\/\/www.usborkeychain.com\/wp-content\/uploads\/Book-Clip-usb-flash-drive-with-led-light-150x150.jpg 150w, https:\/\/www.usborkeychain.com\/wp-content\/uploads\/Book-Clip-usb-flash-drive-with-led-light-768x768.jpg 768w, https:\/\/www.usborkeychain.com\/wp-content\/uploads\/Book-Clip-usb-flash-drive-with-led-light-12x12.jpg 12w, https:\/\/www.usborkeychain.com\/wp-content\/uploads\/Book-Clip-usb-flash-drive-with-led-light-600x600.jpg 600w, https:\/\/www.usborkeychain.com\/wp-content\/uploads\/Book-Clip-usb-flash-drive-with-led-light-100x100.jpg 100w\" sizes=\"(max-width: 800px) 100vw, 800px\" \/><\/figure>\n<\/div>\n<\/div>\n\n\n\n<p>La cl\u00e9 USB \"book clip\" lumineuse rompt avec l'attribut unique d'\"outil de stockage\". Gr\u00e2ce \u00e0 la double fonction \"lumi\u00e8re + pince \u00e0 livres\", \u00e0 la personnalisation compl\u00e8te et \u00e0 la texture m\u00e9tallique, elle red\u00e9finit la valeur des cl\u00e9s USB : ce n'est pas seulement un support de stockage efficace, mais aussi une fen\u00eatre de communication de la marque, et m\u00eame un accessoire de vie qui allie praticit\u00e9 et sens du design. La personnalisation permet d'ajuster avec souplesse la couleur de la lumi\u00e8re, le logo et la couleur du bo\u00eetier pour obtenir un design exclusif.<\/p>\n\n\n\n<p><\/p>","protected":false},"excerpt":{"rendered":"<ul>\n<li>Technologie d'\u00e9mission de lumi\u00e8re par gravure int\u00e9rieure<\/li>\n<li>Technologie de pilotage des LED<\/li>\n<li>Mat\u00e9riaux m\u00e9talliques<\/li>\n<li>Conception d'un clip de livre<\/li>\n<li>MOQ:100pcs<\/li>\n<\/ul>","protected":false},"featured_media":6262,"comment_status":"open","ping_status":"closed","template":"","meta":{"_seopress_robots_primary_cat":"","_seopress_titles_title":"","_seopress_titles_desc":"","_seopress_robots_index":"","site-sidebar-layout":"default","site-content-layout":"","ast-site-content-layout":"","site-content-style":"default","site-sidebar-style":"default","ast-global-header-display":"","ast-banner-title-visibility":"","ast-main-header-display":"","ast-hfb-above-header-display":"","ast-hfb-below-header-display":"","ast-hfb-mobile-header-display":"","site-post-title":"","ast-breadcrumbs-content":"","ast-featured-img":"","footer-sml-layout":"","theme-transparent-header-meta":"","adv-header-id-meta":"","stick-header-meta":"","header-above-stick-meta":"","header-main-stick-meta":"","header-below-stick-meta":"","astra-migrate-meta-layouts":"default","ast-page-background-enabled":"default","ast-page-background-meta":{"desktop":{"background-color":"var(--ast-global-color-5)","background-image":"","background-repeat":"repeat","background-position":"center center","background-size":"auto","background-attachment":"scroll","background-type":"","background-media":"","overlay-type":"","overlay-color":"","overlay-opacity":"","overlay-gradient":""},"tablet":{"background-color":"","background-image":"","background-repeat":"repeat","background-position":"center center","background-size":"auto","background-attachment":"scroll","background-type":"","background-media":"","overlay-type":"","overlay-color":"","overlay-opacity":"","overlay-gradient":""},"mobile":{"background-color":"","background-image":"","background-repeat":"repeat","background-position":"center center","background-size":"auto","background-attachment":"scroll","background-type":"","background-media":"","overlay-type":"","overlay-color":"","overlay-opacity":"","overlay-gradient":""}},"ast-content-background-meta":{"desktop":{"background-color":"var(--ast-global-color-4)","background-image":"","background-repeat":"repeat","background-position":"center center","background-size":"auto","background-attachment":"scroll","background-type":"","background-media":"","overlay-type":"","overlay-color":"","overlay-opacity":"","overlay-gradient":""},"tablet":{"background-color":"var(--ast-global-color-4)","background-image":"","background-repeat":"repeat","background-position":"center center","background-size":"auto","background-attachment":"scroll","background-type":"","background-media":"","overlay-type":"","overlay-color":"","overlay-opacity":"","overlay-gradient":""},"mobile":{"background-color":"var(--ast-global-color-4)","background-image":"","background-repeat":"repeat","background-position":"center center","background-size":"auto","background-attachment":"scroll","background-type":"","background-media":"","overlay-type":"","overlay-color":"","overlay-opacity":"","overlay-gradient":""}}},"product_brand":[],"product_cat":[107],"product_tag":[],"class_list":{"0":"post-6256","1":"product","2":"type-product","3":"status-publish","4":"has-post-thumbnail","6":"product_cat-led-usb-pendrive","7":"desktop-align-left","8":"tablet-align-left","9":"mobile-align-left","11":"first","12":"instock","13":"shipping-taxable","14":"product-type-simple"},"_links":{"self":[{"href":"https:\/\/www.usborkeychain.com\/fr\/wp-json\/wp\/v2\/product\/6256","targetHints":{"allow":["GET"]}}],"collection":[{"href":"https:\/\/www.usborkeychain.com\/fr\/wp-json\/wp\/v2\/product"}],"about":[{"href":"https:\/\/www.usborkeychain.com\/fr\/wp-json\/wp\/v2\/types\/product"}],"replies":[{"embeddable":true,"href":"https:\/\/www.usborkeychain.com\/fr\/wp-json\/wp\/v2\/comments?post=6256"}],"wp:featuredmedia":[{"embeddable":true,"href":"https:\/\/www.usborkeychain.com\/fr\/wp-json\/wp\/v2\/media\/6262"}],"wp:attachment":[{"href":"https:\/\/www.usborkeychain.com\/fr\/wp-json\/wp\/v2\/media?parent=6256"}],"wp:term":[{"taxonomy":"product_brand","embeddable":true,"href":"https:\/\/www.usborkeychain.com\/fr\/wp-json\/wp\/v2\/product_brand?post=6256"},{"taxonomy":"product_cat","embeddable":true,"href":"https:\/\/www.usborkeychain.com\/fr\/wp-json\/wp\/v2\/product_cat?post=6256"},{"taxonomy":"product_tag","embeddable":true,"href":"https:\/\/www.usborkeychain.com\/fr\/wp-json\/wp\/v2\/product_tag?post=6256"}],"curies":[{"name":"wp","href":"https:\/\/api.w.org\/{rel}","templated":true}]}}