{"id":6267,"date":"2025-08-08T05:45:53","date_gmt":"2025-08-08T05:45:53","guid":{"rendered":"https:\/\/www.usborkeychain.com\/?post_type=product&#038;p=6267"},"modified":"2025-08-19T03:31:17","modified_gmt":"2025-08-19T03:31:17","slug":"rotating-black-colloid-light-up-usb-flash-drive","status":"publish","type":"product","link":"https:\/\/www.usborkeychain.com\/fr\/produit\/rotating-black-colloid-light-up-usb-flash-drive\/","title":{"rendered":"Cl\u00e9 USB lumineuse Collo\u00efdale noire rotative"},"content":{"rendered":"<h3 class=\"wp-block-heading\">Quel est le principe de la cl\u00e9 USB lumineuse ?<\/h3>\n\n\n\n<p>Le c\u0153ur lumineux de la cl\u00e9 USB rotative \u00e0 collo\u00efde noir est le r\u00e9sultat de la combinaison de perles LED int\u00e9gr\u00e9es et de la technologie d'emballage \u00e0 collo\u00efde noir :<\/p>\n\n\n\n<ul class=\"wp-block-list\">\n<li>Lorsque la cl\u00e9 USB est connect\u00e9e \u00e0 un dispositif (tel qu'un ordinateur ou une interface de voiture) pour l'alimentation \u00e9lectrique, le circuit LED est automatiquement activ\u00e9. La lumi\u00e8re traverse la couche collo\u00efdale noire translucide, ce qui permet au LOGO ou au motif de la surface d'afficher un effet lumineux \u00e9blouissant.<\/li>\n\n\n\n<li>Le collo\u00efde noir adopte un processus d'emballage int\u00e9gr\u00e9, qui non seulement prot\u00e8ge la puce de m\u00e9moire flash interne de la poussi\u00e8re et de l'\u00e9rosion par l'humidit\u00e9, mais diffuse \u00e9galement la lumi\u00e8re de mani\u00e8re uniforme, rendant l'effet d'\u00e9clairage plus doux et plus complet. Il am\u00e9liore \u00e9galement la r\u00e9sistance \u00e0 l'eau et aux chocs de la cl\u00e9 USB.<\/li>\n<\/ul>\n\n\n\n<figure class=\"wp-block-image size-full\"><img alt=\"\" fetchpriority=\"high\" decoding=\"async\" width=\"800\" height=\"800\" src=\"https:\/\/www.usborkeychain.com\/wp-content\/uploads\/IMG_5396.png\" class=\"wp-image-6270\" srcset=\"https:\/\/www.usborkeychain.com\/wp-content\/uploads\/IMG_5396.png 800w, https:\/\/www.usborkeychain.com\/wp-content\/uploads\/IMG_5396-300x300.png 300w, https:\/\/www.usborkeychain.com\/wp-content\/uploads\/IMG_5396-150x150.png 150w, https:\/\/www.usborkeychain.com\/wp-content\/uploads\/IMG_5396-768x768.png 768w, https:\/\/www.usborkeychain.com\/wp-content\/uploads\/IMG_5396-12x12.png 12w, https:\/\/www.usborkeychain.com\/wp-content\/uploads\/IMG_5396-600x600.png 600w, https:\/\/www.usborkeychain.com\/wp-content\/uploads\/IMG_5396-100x100.png 100w\" sizes=\"(max-width: 800px) 100vw, 800px\" \/><\/figure>\n\n\n\n<h3 class=\"wp-block-heading\">Points forts du design de la cl\u00e9 USB<\/h3>\n\n\n\n<h4 class=\"wp-block-heading\">1. Mat\u00e9riau et texture<\/h4>\n\n\n\n<ul class=\"wp-block-list\">\n<li>Coque : Fabriqu\u00e9e en alliage d'aluminium, trait\u00e9e par un proc\u00e9d\u00e9 de tr\u00e9filage, elle pr\u00e9sente une d\u00e9licate finition m\u00e9tallique brillante. Elle est r\u00e9sistante \u00e0 l'usure et aux rayures et ne laisse pas facilement de traces de doigts. Sa texture est comparable \u00e0 celle des produits num\u00e9riques haut de gamme.<\/li>\n\n\n\n<li>Structure interne et collo\u00efde : Le support interne est compl\u00e9t\u00e9 par du plastique technique ABS, qui allie robustesse et l\u00e9g\u00e8ret\u00e9. La partie collo\u00efdale noire est disponible en rouge, bleu ou noir, cr\u00e9ant un contraste visuel avec la coque m\u00e9tallique pour un sens total de la mode.<\/li>\n<\/ul>\n\n\n\n<h4 class=\"wp-block-heading\">2. Conception structurelle<\/h4>\n\n\n\n<ul class=\"wp-block-list\">\n<li>Fonction de rotation : Structure innovante rotative \u00e0 360\u00b0, sans capuchon suppl\u00e9mentaire - la rotation expose le port USB (plug-and-play) et cache le port lorsqu'il est rang\u00e9, ce qui prot\u00e8ge efficacement les doigts d'or et prolonge leur dur\u00e9e de vie. L'amortissement de la rotation est mod\u00e9r\u00e9, avec une sensation de douceur dans la main, alliant praticit\u00e9 et plaisir de jouer.<\/li>\n\n\n\n<li>Fonction d'\u00e9clairage : La lumi\u00e8re LOGO est personnalisable en trois couleurs :\n<ul class=\"wp-block-list\">\n<li>Lumi\u00e8re rouge : Chaleureux et accrocheur, id\u00e9al pour mettre en valeur les logos des marques ;<\/li>\n\n\n\n<li>Lumi\u00e8re bleue : Une touche de technicit\u00e9, parfaite pour les sc\u00e9narios num\u00e9riques et les sports \u00e9lectroniques ;<\/li>\n\n\n\n<li>Lumi\u00e8re blanche : Simple et \u00e9l\u00e9gante, elle met en valeur une texture haut de gamme.<\/li>\n<\/ul>\n<\/li>\n<\/ul>\n\n\n\n<p>L'association de la couleur de la lumi\u00e8re et de la couleur du collo\u00efde noir (par exemple, collo\u00efde rouge + lumi\u00e8re rouge, collo\u00efde noir + lumi\u00e8re bleue) permet de cr\u00e9er diff\u00e9rents styles (cool, calme, \u00e0 la mode).<\/p>\n\n\n\n<h4 class=\"wp-block-heading\">3. Performance en mati\u00e8re de protection<\/h4>\n\n\n\n<p>La coque en alliage d'aluminium conf\u00e8re \u00e0 la cl\u00e9 USB des propri\u00e9t\u00e9s antichute et antichoc, tandis que l'emballage en collo\u00efde noir am\u00e9liore encore sa r\u00e9sistance \u00e0 la pression et \u00e0 l'eau. Elle ne craint ni les chocs ni les chutes lors d'une utilisation quotidienne, et convient au bureau, \u00e0 la voiture, \u00e0 l'ext\u00e9rieur et \u00e0 d'autres situations.<\/p>\n\n\n\n<h4 class=\"wp-block-heading\">4. Exp\u00e9rience en mati\u00e8re de stockage<\/h4>\n\n\n\n<p>Il prend en charge des options de grande capacit\u00e9 allant de 8 Go \u00e0 128 Go (pour r\u00e9pondre aux besoins de stockage de documents, de musique et de vid\u00e9os), adopte une interface USB 2.0 et est compatible avec Windows, Mac OS, Linux et d'autres syst\u00e8mes. Il est compatible avec Windows, Mac OS, Linux et d'autres syst\u00e8mes. Il est dot\u00e9 d'une fonctionnalit\u00e9 \"plug-and-play\" sans pilote, ce qui garantit une transmission stable et efficace.<\/p>\n\n\n\n<div class=\"wp-block-columns is-layout-flex wp-container-core-columns-is-layout-28f84493 wp-block-columns-is-layout-flex\">\n<div class=\"wp-block-column is-layout-flow wp-block-column-is-layout-flow\">\n<figure class=\"wp-block-image size-full\"><img alt=\"\" decoding=\"async\" width=\"800\" height=\"800\" src=\"https:\/\/www.usborkeychain.com\/wp-content\/uploads\/IMG_5397.png\" class=\"wp-image-6271\" srcset=\"https:\/\/www.usborkeychain.com\/wp-content\/uploads\/IMG_5397.png 800w, https:\/\/www.usborkeychain.com\/wp-content\/uploads\/IMG_5397-300x300.png 300w, https:\/\/www.usborkeychain.com\/wp-content\/uploads\/IMG_5397-150x150.png 150w, https:\/\/www.usborkeychain.com\/wp-content\/uploads\/IMG_5397-768x768.png 768w, https:\/\/www.usborkeychain.com\/wp-content\/uploads\/IMG_5397-12x12.png 12w, https:\/\/www.usborkeychain.com\/wp-content\/uploads\/IMG_5397-600x600.png 600w, https:\/\/www.usborkeychain.com\/wp-content\/uploads\/IMG_5397-100x100.png 100w\" sizes=\"(max-width: 800px) 100vw, 800px\" \/><\/figure>\n<\/div>\n\n\n\n<div class=\"wp-block-column is-layout-flow wp-block-column-is-layout-flow\">\n<figure class=\"wp-block-image size-full\"><img alt=\"\" decoding=\"async\" width=\"800\" height=\"800\" src=\"https:\/\/www.usborkeychain.com\/wp-content\/uploads\/IMG_5398.jpg\" class=\"wp-image-6272\" srcset=\"https:\/\/www.usborkeychain.com\/wp-content\/uploads\/IMG_5398.jpg 800w, https:\/\/www.usborkeychain.com\/wp-content\/uploads\/IMG_5398-300x300.jpg 300w, https:\/\/www.usborkeychain.com\/wp-content\/uploads\/IMG_5398-150x150.jpg 150w, https:\/\/www.usborkeychain.com\/wp-content\/uploads\/IMG_5398-768x768.jpg 768w, https:\/\/www.usborkeychain.com\/wp-content\/uploads\/IMG_5398-12x12.jpg 12w, https:\/\/www.usborkeychain.com\/wp-content\/uploads\/IMG_5398-600x600.jpg 600w, https:\/\/www.usborkeychain.com\/wp-content\/uploads\/IMG_5398-100x100.jpg 100w\" sizes=\"(max-width: 800px) 100vw, 800px\" \/><\/figure>\n<\/div>\n<\/div>\n\n\n\n<h3 class=\"wp-block-heading\">Personnalisation<\/h3>\n\n\n\n<p>La cl\u00e9 USB lumineuse \u00e0 collo\u00efde noir rotatif permet une personnalisation approfondie du LOGO :<\/p>\n\n\n\n<ul class=\"wp-block-list\">\n<li>Qu'il s'agisse d'un logo d'entreprise, d'un slogan de marque ou d'un motif cr\u00e9atif, il peut \u00eatre pr\u00e9sent\u00e9 avec pr\u00e9cision gr\u00e2ce \u00e0 la technologie de la gravure au laser ou de la s\u00e9rigraphie.<\/li>\n\n\n\n<li>Combin\u00e9e \u00e0 des effets lumineux rouges, blancs et bleus, chaque cl\u00e9 USB devient un support de marque unique.<\/li>\n<\/ul>\n\n\n\n<h3 class=\"wp-block-heading\">Param\u00e8tres de base de la cl\u00e9 USB<\/h3>\n\n\n\n<figure class=\"wp-block-table\"><table class=\"has-fixed-layout\"><thead><tr><th>Param\u00e8tre Poste<\/th><th>D\u00e9tails<\/th><\/tr><\/thead><tbody><tr><td>Type d'interface<\/td><td>USB 2.0 (r\u00e9trocompatible avec USB 1.1)<\/td><\/tr><tr><td>Options de capacit\u00e9<\/td><td>8GB \/ 16GB \/ 32GB \/ 64GB \/ 128GB<\/td><\/tr><tr><td>Taille du produit<\/td><td>44.5*<em>30<\/em>*7,5 mm<\/td><\/tr><tr><td>Poids<\/td><td>12g<\/td><\/tr><tr><td>Couleur lumineuse (LOGO)<\/td><td>Rouge, blanc, bleu (facultatif)<\/td><\/tr><tr><td>Couleur des collo\u00efdes<\/td><td>Rouge, bleu, noir (en option)<\/td><\/tr><tr><td>Caract\u00e9ristiques de protection<\/td><td>Anti-chute, anti-choc, r\u00e9sistant \u00e0 la pression, l\u00e9g\u00e8rement r\u00e9sistant \u00e0 l'eau<\/td><\/tr><tr><td>Vitesse de transmission<\/td><td>Vitesse de lecture \u2264 15MB\/s, vitesse d'\u00e9criture \u2264 8MB\/s (norme USB 2.0)<\/td><\/tr><\/tbody><\/table><\/figure>\n\n\n\n<h3 class=\"wp-block-heading\">Qui choisit cette cl\u00e9 USB ?<\/h3>\n\n\n\n<ol class=\"wp-block-list\">\n<li>Professionnels de l'entreprise : La texture m\u00e9tallique et le LOGO personnalis\u00e9 conviennent aux r\u00e9unions d'affaires et aux cadeaux de marque, mettant en valeur une image professionnelle.<\/li>\n\n\n\n<li>Les passionn\u00e9s du num\u00e9rique : Le design lumineux rotatif est tr\u00e8s amusant sur le plan technologique, ce qui en fait un appareil \"branch\u00e9\" pour le stockage et la collecte quotidiens.<\/li>\n\n\n\n<li>Industrie de la personnalisation des cadeaux : Permet une conception personnalis\u00e9e, adapt\u00e9e aux cadeaux de vacances, aux \u00e9v\u00e9nements d'entreprise et \u00e0 la promotion de la marque, v\u00e9hiculant des intentions uniques.<\/li>\n\n\n\n<li>Utilisateurs en voiture : La rotation pratique + les caract\u00e9ristiques anti-chocs et durables, associ\u00e9es \u00e0 l'autoradio pour jouer de la musique, l'effet lumineux ajoute \u00e0 l'atmosph\u00e8re.<\/li>\n<\/ol>\n\n\n\n<div class=\"wp-block-columns is-layout-flex wp-container-core-columns-is-layout-28f84493 wp-block-columns-is-layout-flex\">\n<div class=\"wp-block-column is-layout-flow wp-block-column-is-layout-flow\">\n<figure class=\"wp-block-image size-full\"><img alt=\"\" loading=\"lazy\" decoding=\"async\" width=\"800\" height=\"800\" src=\"https:\/\/www.usborkeychain.com\/wp-content\/uploads\/IMG_5399.jpg\" class=\"wp-image-6273\" srcset=\"https:\/\/www.usborkeychain.com\/wp-content\/uploads\/IMG_5399.jpg 800w, https:\/\/www.usborkeychain.com\/wp-content\/uploads\/IMG_5399-300x300.jpg 300w, https:\/\/www.usborkeychain.com\/wp-content\/uploads\/IMG_5399-150x150.jpg 150w, https:\/\/www.usborkeychain.com\/wp-content\/uploads\/IMG_5399-768x768.jpg 768w, https:\/\/www.usborkeychain.com\/wp-content\/uploads\/IMG_5399-12x12.jpg 12w, https:\/\/www.usborkeychain.com\/wp-content\/uploads\/IMG_5399-600x600.jpg 600w, https:\/\/www.usborkeychain.com\/wp-content\/uploads\/IMG_5399-100x100.jpg 100w\" sizes=\"(max-width: 800px) 100vw, 800px\" \/><\/figure>\n<\/div>\n\n\n\n<div class=\"wp-block-column is-layout-flow wp-block-column-is-layout-flow\">\n<figure class=\"wp-block-image size-full\"><img alt=\"\" loading=\"lazy\" decoding=\"async\" width=\"800\" height=\"800\" src=\"https:\/\/www.usborkeychain.com\/wp-content\/uploads\/IMG_5491.jpg\" class=\"wp-image-6274\" srcset=\"https:\/\/www.usborkeychain.com\/wp-content\/uploads\/IMG_5491.jpg 800w, https:\/\/www.usborkeychain.com\/wp-content\/uploads\/IMG_5491-300x300.jpg 300w, https:\/\/www.usborkeychain.com\/wp-content\/uploads\/IMG_5491-150x150.jpg 150w, https:\/\/www.usborkeychain.com\/wp-content\/uploads\/IMG_5491-768x768.jpg 768w, https:\/\/www.usborkeychain.com\/wp-content\/uploads\/IMG_5491-12x12.jpg 12w, https:\/\/www.usborkeychain.com\/wp-content\/uploads\/IMG_5491-600x600.jpg 600w, https:\/\/www.usborkeychain.com\/wp-content\/uploads\/IMG_5491-100x100.jpg 100w\" sizes=\"(max-width: 800px) 100vw, 800px\" \/><\/figure>\n<\/div>\n<\/div>\n\n\n\n<p>Le<strong> cl\u00e9 USB lumineuse \u00e0 collo\u00efde noir rotatif<\/strong> cr\u00e9e une texture haut de gamme gr\u00e2ce \u00e0 la technologie de tr\u00e9filage en alliage d'aluminium, rompt avec la forme monotone des cl\u00e9s USB traditionnelles gr\u00e2ce \u00e0 une structure rotative et un effet lumineux \u00e9blouissant, et pr\u00e9sente \u00e9galement des caract\u00e9ristiques pratiques telles que l'anti-chute et la r\u00e9sistance aux chocs, une grande capacit\u00e9 de stockage et la possibilit\u00e9 de brancher et de d\u00e9brancher. En outre, gr\u00e2ce \u00e0 des services flexibles de personnalisation du LOGO, elle concilie parfaitement \"apparence\" et \"solidit\u00e9\". Que vous soyez un professionnel, un passionn\u00e9 de technologie ou une entreprise ax\u00e9e sur la communication de la marque, cette cl\u00e9 USB peut se distinguer dans les sc\u00e9narios de stockage.<\/p>","protected":false},"excerpt":{"rendered":"<ul>\n<li>Mat\u00e9riau en alliage d'aluminium<\/li>\n<li>Structure tournante<\/li>\n<li>Effet lumineux \u00e9blouissant<\/li>\n<li>Services de personnalisation du LOGO<\/li>\n<li>MOQ:100pcs<\/li>\n<\/ul>","protected":false},"featured_media":6270,"comment_status":"open","ping_status":"closed","template":"","meta":{"_seopress_robots_primary_cat":"","_seopress_titles_title":"","_seopress_titles_desc":"","_seopress_robots_index":"","site-sidebar-layout":"default","site-content-layout":"","ast-site-content-layout":"","site-content-style":"default","site-sidebar-style":"default","ast-global-header-display":"","ast-banner-title-visibility":"","ast-main-header-display":"","ast-hfb-above-header-display":"","ast-hfb-below-header-display":"","ast-hfb-mobile-header-display":"","site-post-title":"","ast-breadcrumbs-content":"","ast-featured-img":"","footer-sml-layout":"","theme-transparent-header-meta":"","adv-header-id-meta":"","stick-header-meta":"","header-above-stick-meta":"","header-main-stick-meta":"","header-below-stick-meta":"","astra-migrate-meta-layouts":"default","ast-page-background-enabled":"default","ast-page-background-meta":{"desktop":{"background-color":"var(--ast-global-color-5)","background-image":"","background-repeat":"repeat","background-position":"center center","background-size":"auto","background-attachment":"scroll","background-type":"","background-media":"","overlay-type":"","overlay-color":"","overlay-opacity":"","overlay-gradient":""},"tablet":{"background-color":"","background-image":"","background-repeat":"repeat","background-position":"center center","background-size":"auto","background-attachment":"scroll","background-type":"","background-media":"","overlay-type":"","overlay-color":"","overlay-opacity":"","overlay-gradient":""},"mobile":{"background-color":"","background-image":"","background-repeat":"repeat","background-position":"center center","background-size":"auto","background-attachment":"scroll","background-type":"","background-media":"","overlay-type":"","overlay-color":"","overlay-opacity":"","overlay-gradient":""}},"ast-content-background-meta":{"desktop":{"background-color":"var(--ast-global-color-4)","background-image":"","background-repeat":"repeat","background-position":"center center","background-size":"auto","background-attachment":"scroll","background-type":"","background-media":"","overlay-type":"","overlay-color":"","overlay-opacity":"","overlay-gradient":""},"tablet":{"background-color":"var(--ast-global-color-4)","background-image":"","background-repeat":"repeat","background-position":"center center","background-size":"auto","background-attachment":"scroll","background-type":"","background-media":"","overlay-type":"","overlay-color":"","overlay-opacity":"","overlay-gradient":""},"mobile":{"background-color":"var(--ast-global-color-4)","background-image":"","background-repeat":"repeat","background-position":"center center","background-size":"auto","background-attachment":"scroll","background-type":"","background-media":"","overlay-type":"","overlay-color":"","overlay-opacity":"","overlay-gradient":""}}},"product_brand":[],"product_cat":[107,106],"product_tag":[398,406,387,397],"class_list":{"0":"post-6267","1":"product","2":"type-product","3":"status-publish","4":"has-post-thumbnail","6":"product_cat-led-usb-pendrive","7":"product_cat-rotating-usb-pendrive","8":"product_tag-aluminum-usb-drive","9":"product_tag-metal-swivel-usb-drive","10":"product_tag-rotating-black-colloid-light-up-usb-flash-drive","11":"product_tag-zinc-alloy-usb-pen-drive","12":"desktop-align-left","13":"tablet-align-left","14":"mobile-align-left","16":"first","17":"instock","18":"shipping-taxable","19":"product-type-simple"},"_links":{"self":[{"href":"https:\/\/www.usborkeychain.com\/fr\/wp-json\/wp\/v2\/product\/6267","targetHints":{"allow":["GET"]}}],"collection":[{"href":"https:\/\/www.usborkeychain.com\/fr\/wp-json\/wp\/v2\/product"}],"about":[{"href":"https:\/\/www.usborkeychain.com\/fr\/wp-json\/wp\/v2\/types\/product"}],"replies":[{"embeddable":true,"href":"https:\/\/www.usborkeychain.com\/fr\/wp-json\/wp\/v2\/comments?post=6267"}],"wp:featuredmedia":[{"embeddable":true,"href":"https:\/\/www.usborkeychain.com\/fr\/wp-json\/wp\/v2\/media\/6270"}],"wp:attachment":[{"href":"https:\/\/www.usborkeychain.com\/fr\/wp-json\/wp\/v2\/media?parent=6267"}],"wp:term":[{"taxonomy":"product_brand","embeddable":true,"href":"https:\/\/www.usborkeychain.com\/fr\/wp-json\/wp\/v2\/product_brand?post=6267"},{"taxonomy":"product_cat","embeddable":true,"href":"https:\/\/www.usborkeychain.com\/fr\/wp-json\/wp\/v2\/product_cat?post=6267"},{"taxonomy":"product_tag","embeddable":true,"href":"https:\/\/www.usborkeychain.com\/fr\/wp-json\/wp\/v2\/product_tag?post=6267"}],"curies":[{"name":"wp","href":"https:\/\/api.w.org\/{rel}","templated":true}]}}