{"id":6275,"date":"2025-08-08T08:44:09","date_gmt":"2025-08-08T08:44:09","guid":{"rendered":"https:\/\/www.usborkeychain.com\/?post_type=product&#038;p=6275"},"modified":"2025-08-08T08:44:12","modified_gmt":"2025-08-08T08:44:12","slug":"metal-light-up-school-emblem-usb-drive","status":"publish","type":"product","link":"https:\/\/www.usborkeychain.com\/fr\/produit\/metal-light-up-school-emblem-usb-drive\/","title":{"rendered":"Cl\u00e9 USB en m\u00e9tal avec embl\u00e8me d'\u00e9cole lumineux"},"content":{"rendered":"<h2 class=\"wp-block-heading\">Quel est le principe de la cl\u00e9 USB lumineuse ?<\/h2>\n\n\n\n<p>Le principe d'\u00e9clairage de la cl\u00e9 USB avec embl\u00e8me scolaire lumineux en m\u00e9tal est bas\u00e9 sur une \"source lumineuse LED d\u00e9clench\u00e9e par l'alimentation\" : Lorsque la cl\u00e9 USB est ins\u00e9r\u00e9e dans un appareil (tel qu'un ordinateur ou un t\u00e9l\u00e9phone portable) pour \u00eatre aliment\u00e9e, le circuit int\u00e9gr\u00e9 active les perles LED, ce qui a pour effet d'illuminer l'embl\u00e8me de l'\u00e9cole\/la zone LGO sur la surface. La lumi\u00e8re p\u00e9n\u00e8tre \u00e0 travers le motif personnalis\u00e9 pour obtenir un \"affichage haute luminosit\u00e9 du logo de la marque\", combinant des fonctions de stockage pratique et de d\u00e9coration visuelle.<\/p>\n\n\n\n<div class=\"wp-block-columns is-layout-flex wp-container-core-columns-is-layout-28f84493 wp-block-columns-is-layout-flex\">\n<div class=\"wp-block-column is-layout-flow wp-block-column-is-layout-flow\">\n<figure class=\"wp-block-image size-full\"><img alt=\"\" fetchpriority=\"high\" decoding=\"async\" width=\"800\" height=\"800\" src=\"https:\/\/www.usborkeychain.com\/wp-content\/uploads\/Luminous-USB-Flash-Drive.jpg\" class=\"wp-image-6284\" srcset=\"https:\/\/www.usborkeychain.com\/wp-content\/uploads\/Luminous-USB-Flash-Drive.jpg 800w, https:\/\/www.usborkeychain.com\/wp-content\/uploads\/Luminous-USB-Flash-Drive-300x300.jpg 300w, https:\/\/www.usborkeychain.com\/wp-content\/uploads\/Luminous-USB-Flash-Drive-150x150.jpg 150w, https:\/\/www.usborkeychain.com\/wp-content\/uploads\/Luminous-USB-Flash-Drive-768x768.jpg 768w, https:\/\/www.usborkeychain.com\/wp-content\/uploads\/Luminous-USB-Flash-Drive-12x12.jpg 12w, https:\/\/www.usborkeychain.com\/wp-content\/uploads\/Luminous-USB-Flash-Drive-600x600.jpg 600w, https:\/\/www.usborkeychain.com\/wp-content\/uploads\/Luminous-USB-Flash-Drive-100x100.jpg 100w\" sizes=\"(max-width: 800px) 100vw, 800px\" \/><\/figure>\n<\/div>\n\n\n\n<div class=\"wp-block-column is-layout-flow wp-block-column-is-layout-flow\">\n<figure class=\"wp-block-image size-full\"><img alt=\"\" decoding=\"async\" width=\"800\" height=\"800\" src=\"https:\/\/www.usborkeychain.com\/wp-content\/uploads\/LED-USB-flash-drives-1.jpg\" class=\"wp-image-6282\" srcset=\"https:\/\/www.usborkeychain.com\/wp-content\/uploads\/LED-USB-flash-drives-1.jpg 800w, https:\/\/www.usborkeychain.com\/wp-content\/uploads\/LED-USB-flash-drives-1-300x300.jpg 300w, https:\/\/www.usborkeychain.com\/wp-content\/uploads\/LED-USB-flash-drives-1-150x150.jpg 150w, https:\/\/www.usborkeychain.com\/wp-content\/uploads\/LED-USB-flash-drives-1-768x768.jpg 768w, https:\/\/www.usborkeychain.com\/wp-content\/uploads\/LED-USB-flash-drives-1-12x12.jpg 12w, https:\/\/www.usborkeychain.com\/wp-content\/uploads\/LED-USB-flash-drives-1-600x600.jpg 600w, https:\/\/www.usborkeychain.com\/wp-content\/uploads\/LED-USB-flash-drives-1-100x100.jpg 100w\" sizes=\"(max-width: 800px) 100vw, 800px\" \/><\/figure>\n<\/div>\n<\/div>\n\n\n\n<h2 class=\"wp-block-heading\">Caract\u00e9ristiques de la cl\u00e9 USB en m\u00e9tal avec embl\u00e8me lumineux de l'\u00e9cole<\/h2>\n\n\n\n<h3 class=\"wp-block-heading\">1. Mat\u00e9riaux et durabilit\u00e9<\/h3>\n\n\n\n<p>Il est dot\u00e9 d'une coque m\u00e9tallique qui r\u00e9siste aux chutes, \u00e0 l'usure et aux rayures. Elle ne se d\u00e9forme pas facilement apr\u00e8s une utilisation prolong\u00e9e, ce qui conf\u00e8re au produit une texture haut de gamme et des propri\u00e9t\u00e9s solides.<\/p>\n\n\n\n<h3 class=\"wp-block-heading\">2. Couleur et forme<\/h3>\n\n\n\n<ul class=\"wp-block-list\">\n<li>Couleur ext\u00e9rieure : disponible en deux tons m\u00e9talliques - bronze et argent - calmes et \u00e9l\u00e9gants, convenant \u00e0 diff\u00e9rents styles d'embl\u00e8mes scolaires.<\/li>\n\n\n\n<li>Conception des formes : Comprend deux formes - circulaire et carr\u00e9e (pour r\u00e9pondre \u00e0 divers besoins esth\u00e9tiques), toutes \u00e9quip\u00e9es d'un trou pour porte-cl\u00e9s. Il peut \u00eatre transport\u00e9 avec une ficelle pour \u00e9viter de le perdre, car il est compact et pratique (taille : seulement 47\u00d732\u00d77 mm, poids : 20 g).<\/li>\n<\/ul>\n\n\n\n<h3 class=\"wp-block-heading\">3. Effet lumineux et emballage<\/h3>\n\n\n\n<ul class=\"wp-block-list\">\n<li>Effet lumineux : Prise en charge de l'\u00e9clairage multicolore personnalis\u00e9 (rouge, vert, bleu, blanc, etc.). L'embl\u00e8me de l'\u00e9cole est extr\u00eamement reconnaissable lorsqu'il est \u00e9clair\u00e9, et il cr\u00e9e une atmosph\u00e8re plus agr\u00e9able lorsqu'il est utilis\u00e9 la nuit.<\/li>\n\n\n\n<li>Conception de l'emballage : Accompagn\u00e9 d'une bo\u00eete-cadeau raffin\u00e9e (avec des motifs brod\u00e9s ou des styles nationaux, comme les bo\u00eetes d'emballage rouge\/bleu\/\u00e0 motifs illustr\u00e9es), il est id\u00e9al comme cadeau d'anniversaire scolaire, cadeau de fin d'\u00e9tudes ou cadeau d'affaires, mettant en valeur le sens de la c\u00e9r\u00e9monie.<\/li>\n<\/ul>\n\n\n\n<h3 class=\"wp-block-heading\">4. D\u00e9tails de l'interface<\/h3>\n\n\n\n<p>Elle est dot\u00e9e d'une interface Type-C, compatible avec les protocoles USB 2.0\/USB 3.0. Avec un design circulaire plat, l'interface prend en charge l'insertion aveugle des deux c\u00f4t\u00e9s, s'adaptant \u00e0 de multiples appareils tels que les t\u00e9l\u00e9phones mobiles, les ordinateurs et les tablettes, garantissant une transmission de donn\u00e9es stable et pratique.<\/p>\n\n\n\n<div class=\"wp-block-columns is-layout-flex wp-container-core-columns-is-layout-28f84493 wp-block-columns-is-layout-flex\">\n<div class=\"wp-block-column is-layout-flow wp-block-column-is-layout-flow\">\n<figure class=\"wp-block-image size-full\"><img alt=\"\" decoding=\"async\" width=\"800\" height=\"800\" src=\"https:\/\/www.usborkeychain.com\/wp-content\/uploads\/Light-Up-USB-Flash-Drive-1.jpg\" class=\"wp-image-6283\" srcset=\"https:\/\/www.usborkeychain.com\/wp-content\/uploads\/Light-Up-USB-Flash-Drive-1.jpg 800w, https:\/\/www.usborkeychain.com\/wp-content\/uploads\/Light-Up-USB-Flash-Drive-1-300x300.jpg 300w, https:\/\/www.usborkeychain.com\/wp-content\/uploads\/Light-Up-USB-Flash-Drive-1-150x150.jpg 150w, https:\/\/www.usborkeychain.com\/wp-content\/uploads\/Light-Up-USB-Flash-Drive-1-768x768.jpg 768w, https:\/\/www.usborkeychain.com\/wp-content\/uploads\/Light-Up-USB-Flash-Drive-1-12x12.jpg 12w, https:\/\/www.usborkeychain.com\/wp-content\/uploads\/Light-Up-USB-Flash-Drive-1-600x600.jpg 600w, https:\/\/www.usborkeychain.com\/wp-content\/uploads\/Light-Up-USB-Flash-Drive-1-100x100.jpg 100w\" sizes=\"(max-width: 800px) 100vw, 800px\" \/><\/figure>\n<\/div>\n\n\n\n<div class=\"wp-block-column is-layout-flow wp-block-column-is-layout-flow\">\n<figure class=\"wp-block-image size-full\"><img alt=\"\" loading=\"lazy\" decoding=\"async\" width=\"800\" height=\"800\" src=\"https:\/\/www.usborkeychain.com\/wp-content\/uploads\/LED-Logo-USB-drives.jpg\" class=\"wp-image-6281\" srcset=\"https:\/\/www.usborkeychain.com\/wp-content\/uploads\/LED-Logo-USB-drives.jpg 800w, https:\/\/www.usborkeychain.com\/wp-content\/uploads\/LED-Logo-USB-drives-300x300.jpg 300w, https:\/\/www.usborkeychain.com\/wp-content\/uploads\/LED-Logo-USB-drives-150x150.jpg 150w, https:\/\/www.usborkeychain.com\/wp-content\/uploads\/LED-Logo-USB-drives-768x768.jpg 768w, https:\/\/www.usborkeychain.com\/wp-content\/uploads\/LED-Logo-USB-drives-12x12.jpg 12w, https:\/\/www.usborkeychain.com\/wp-content\/uploads\/LED-Logo-USB-drives-600x600.jpg 600w, https:\/\/www.usborkeychain.com\/wp-content\/uploads\/LED-Logo-USB-drives-100x100.jpg 100w\" sizes=\"(max-width: 800px) 100vw, 800px\" \/><\/figure>\n<\/div>\n<\/div>\n\n\n\n<h2 class=\"wp-block-heading\">Service de personnalisation du LOGO en couleur<\/h2>\n\n\n\n<ul class=\"wp-block-list\">\n<li>LOGO artisanal : La s\u00e9rigraphie, la gravure au laser, l'impression en couleur et la tampographie permettent de reproduire fid\u00e8lement les d\u00e9tails de l'embl\u00e8me de l'\u00e9cole (m\u00eame les motifs complexes peuvent \u00eatre clairement pr\u00e9sent\u00e9s).<\/li>\n\n\n\n<li>Correspondance lumineuse : la couleur de l'\u00e9clairage peut \u00eatre synchronis\u00e9e avec la couleur principale de l'embl\u00e8me de l'\u00e9cole (par exemple, si l'embl\u00e8me de l'\u00e9cole est rouge, une lumi\u00e8re rouge personnalis\u00e9e est utilis\u00e9e ; si la couleur de la marque est bleue, une lumi\u00e8re bleue personnalis\u00e9e est adopt\u00e9e), ce qui permet d'obtenir une \"int\u00e9gration visuelle\".<\/li>\n<\/ul>\n\n\n\n<div class=\"wp-block-columns is-layout-flex wp-container-core-columns-is-layout-28f84493 wp-block-columns-is-layout-flex\">\n<div class=\"wp-block-column is-layout-flow wp-block-column-is-layout-flow\">\n<figure class=\"wp-block-image size-full\"><img alt=\"\" loading=\"lazy\" decoding=\"async\" width=\"800\" height=\"800\" src=\"https:\/\/www.usborkeychain.com\/wp-content\/uploads\/Round-LED-Logo-USB-Flash-drive.jpg\" class=\"wp-image-6285\" srcset=\"https:\/\/www.usborkeychain.com\/wp-content\/uploads\/Round-LED-Logo-USB-Flash-drive.jpg 800w, https:\/\/www.usborkeychain.com\/wp-content\/uploads\/Round-LED-Logo-USB-Flash-drive-300x300.jpg 300w, https:\/\/www.usborkeychain.com\/wp-content\/uploads\/Round-LED-Logo-USB-Flash-drive-150x150.jpg 150w, https:\/\/www.usborkeychain.com\/wp-content\/uploads\/Round-LED-Logo-USB-Flash-drive-768x768.jpg 768w, https:\/\/www.usborkeychain.com\/wp-content\/uploads\/Round-LED-Logo-USB-Flash-drive-12x12.jpg 12w, https:\/\/www.usborkeychain.com\/wp-content\/uploads\/Round-LED-Logo-USB-Flash-drive-600x600.jpg 600w, https:\/\/www.usborkeychain.com\/wp-content\/uploads\/Round-LED-Logo-USB-Flash-drive-100x100.jpg 100w\" sizes=\"(max-width: 800px) 100vw, 800px\" \/><\/figure>\n<\/div>\n\n\n\n<div class=\"wp-block-column is-layout-flow wp-block-column-is-layout-flow\">\n<figure class=\"wp-block-image size-full\"><img alt=\"\" loading=\"lazy\" decoding=\"async\" width=\"800\" height=\"800\" src=\"https:\/\/www.usborkeychain.com\/wp-content\/uploads\/LED-Light-Metal-USB-Drive-with.jpg\" class=\"wp-image-6279\" srcset=\"https:\/\/www.usborkeychain.com\/wp-content\/uploads\/LED-Light-Metal-USB-Drive-with.jpg 800w, https:\/\/www.usborkeychain.com\/wp-content\/uploads\/LED-Light-Metal-USB-Drive-with-300x300.jpg 300w, https:\/\/www.usborkeychain.com\/wp-content\/uploads\/LED-Light-Metal-USB-Drive-with-150x150.jpg 150w, https:\/\/www.usborkeychain.com\/wp-content\/uploads\/LED-Light-Metal-USB-Drive-with-768x768.jpg 768w, https:\/\/www.usborkeychain.com\/wp-content\/uploads\/LED-Light-Metal-USB-Drive-with-12x12.jpg 12w, https:\/\/www.usborkeychain.com\/wp-content\/uploads\/LED-Light-Metal-USB-Drive-with-600x600.jpg 600w, https:\/\/www.usborkeychain.com\/wp-content\/uploads\/LED-Light-Metal-USB-Drive-with-100x100.jpg 100w\" sizes=\"(max-width: 800px) 100vw, 800px\" \/><\/figure>\n<\/div>\n<\/div>\n\n\n\n<h2 class=\"wp-block-heading\">Param\u00e8tres de base de la cl\u00e9 USB<\/h2>\n\n\n\n<figure class=\"wp-block-table\"><table class=\"has-fixed-layout\"><thead><tr><th>Param\u00e8tre Poste<\/th><th>D\u00e9tails<\/th><\/tr><\/thead><tbody><tr><td>Taux de transfert de donn\u00e9es<\/td><td>100 MB\/s<\/td><\/tr><tr><td>Vitesse de lecture maximale<\/td><td>100 MB\/s<\/td><\/tr><tr><td>Vitesse d'\u00e9criture maximale<\/td><td>50 MB\/s<\/td><\/tr><tr><td>Type d'interface<\/td><td>USB 2.0, USB 3.0 (interface Type-C)<\/td><\/tr><tr><td>Mat\u00e9riau de la coque<\/td><td>M\u00e9tal<\/td><\/tr><tr><td>Fonction sp\u00e9ciale<\/td><td>\u00c9clairage (multicolore en option)<\/td><\/tr><tr><td>Taille du produit<\/td><td>47\u00d732\u00d77 mm<\/td><\/tr><tr><td>Poids<\/td><td>20 g<\/td><\/tr><tr><td>Couleur ext\u00e9rieure<\/td><td>Gunmetal, argent<\/td><\/tr><tr><td>LOGO Impression Artisanat<\/td><td>S\u00e9rigraphie, gravure laser, impression couleur, tampographie<\/td><\/tr><tr><td>Options de capacit\u00e9<\/td><td>8GB\/16GB\/32GB\/64GB\/128GB<\/td><\/tr><\/tbody><\/table><\/figure>\n\n\n\n<h2 class=\"wp-block-heading\">Quels sont les groupes de personnes qui l'appr\u00e9cient ?<\/h2>\n\n\n\n<ol class=\"wp-block-list\">\n<li>Groupe d'\u00e9tudiants : Il est utilis\u00e9 pour stocker les devoirs, les didacticiels et les projets de conception, et l'embl\u00e8me lumineux de l'\u00e9cole souligne l'identit\u00e9 de leur campus.<\/li>\n\n\n\n<li>\u00c9coles\/institutions \u00e9ducatives : En tant que cadeaux d'anniversaire de l'\u00e9cole ou souvenirs de la remise des dipl\u00f4mes, les LOGO personnalis\u00e9s de l'embl\u00e8me de l'\u00e9cole contribuent \u00e0 transmettre la culture du campus.<\/li>\n\n\n\n<li>Entreprises\/propri\u00e9taires de marques : Les LOGO de marque personnalis\u00e9s utilis\u00e9s comme cadeaux d'affaires ou comme prix pour des \u00e9v\u00e9nements peuvent am\u00e9liorer la reconnaissance de la marque.<\/li>\n\n\n\n<li>Collectionneurs : Le caract\u00e8re unique de sa fabrication en m\u00e9tal et de sa conception lumineuse en fait une \"collection fonctionnelle\", qui r\u00e9pond \u00e0 la fois aux besoins de la collection et \u00e0 ceux de l'exposition.<\/li>\n<\/ol>\n\n\n\n<div class=\"wp-block-columns is-layout-flex wp-container-core-columns-is-layout-28f84493 wp-block-columns-is-layout-flex\">\n<div class=\"wp-block-column is-layout-flow wp-block-column-is-layout-flow\">\n<figure class=\"wp-block-image size-full\"><img alt=\"\" loading=\"lazy\" decoding=\"async\" width=\"800\" height=\"800\" src=\"https:\/\/www.usborkeychain.com\/wp-content\/uploads\/LED-Light-Metal-USB-Drive.jpg\" class=\"wp-image-6280\" srcset=\"https:\/\/www.usborkeychain.com\/wp-content\/uploads\/LED-Light-Metal-USB-Drive.jpg 800w, https:\/\/www.usborkeychain.com\/wp-content\/uploads\/LED-Light-Metal-USB-Drive-300x300.jpg 300w, https:\/\/www.usborkeychain.com\/wp-content\/uploads\/LED-Light-Metal-USB-Drive-150x150.jpg 150w, https:\/\/www.usborkeychain.com\/wp-content\/uploads\/LED-Light-Metal-USB-Drive-768x768.jpg 768w, https:\/\/www.usborkeychain.com\/wp-content\/uploads\/LED-Light-Metal-USB-Drive-12x12.jpg 12w, https:\/\/www.usborkeychain.com\/wp-content\/uploads\/LED-Light-Metal-USB-Drive-600x600.jpg 600w, https:\/\/www.usborkeychain.com\/wp-content\/uploads\/LED-Light-Metal-USB-Drive-100x100.jpg 100w\" sizes=\"(max-width: 800px) 100vw, 800px\" \/><\/figure>\n<\/div>\n\n\n\n<div class=\"wp-block-column is-layout-flow wp-block-column-is-layout-flow\">\n<figure class=\"wp-block-image size-full\"><img alt=\"\" loading=\"lazy\" decoding=\"async\" width=\"800\" height=\"800\" src=\"https:\/\/www.usborkeychain.com\/wp-content\/uploads\/custom-USB-Drives-with-LED-light.jpg\" class=\"wp-image-6278\" srcset=\"https:\/\/www.usborkeychain.com\/wp-content\/uploads\/custom-USB-Drives-with-LED-light.jpg 800w, https:\/\/www.usborkeychain.com\/wp-content\/uploads\/custom-USB-Drives-with-LED-light-300x300.jpg 300w, https:\/\/www.usborkeychain.com\/wp-content\/uploads\/custom-USB-Drives-with-LED-light-150x150.jpg 150w, https:\/\/www.usborkeychain.com\/wp-content\/uploads\/custom-USB-Drives-with-LED-light-768x768.jpg 768w, https:\/\/www.usborkeychain.com\/wp-content\/uploads\/custom-USB-Drives-with-LED-light-12x12.jpg 12w, https:\/\/www.usborkeychain.com\/wp-content\/uploads\/custom-USB-Drives-with-LED-light-600x600.jpg 600w, https:\/\/www.usborkeychain.com\/wp-content\/uploads\/custom-USB-Drives-with-LED-light-100x100.jpg 100w\" sizes=\"(max-width: 800px) 100vw, 800px\" \/><\/figure>\n<\/div>\n<\/div>\n\n\n\n<p>Le <strong>cl\u00e9 USB en m\u00e9tal avec embl\u00e8me de l'\u00e9cole <\/strong>La carte de cr\u00e9dit de la soci\u00e9t\u00e9 de gestion de l'information (SGI) est une innovation int\u00e9gr\u00e9e des fonctions d'identification et de stockage de l'identit\u00e9 gr\u00e2ce \u00e0 un corps enti\u00e8rement m\u00e9tallique, une technologie de r\u00e9tro\u00e9clairage microperfor\u00e9e et une interface Type-C \u00e0 double protocole. Avec une taille ultrafine de 47 mm, une grande capacit\u00e9 de 128 Go et une vitesse d'\u00e9criture de 50 Mo\/s, elle concilie portabilit\u00e9 et performance. Ses quatre types de LOGO et ses effets lumineux multicolores r\u00e9pondent aux besoins de personnalisation des universit\u00e9s et des entreprises. Qu'il s'agisse d'un souvenir de c\u00e9r\u00e9monie, d'un cadeau d'affaires ou d'un outil de stockage quotidien, c'est un choix tr\u00e8s rentable.<\/p>","protected":false},"excerpt":{"rendered":"<ul>\n<li>Mat\u00e9riaux m\u00e9talliques<\/li>\n<li>Technologie de r\u00e9tro\u00e9clairage microperfor\u00e9<\/li>\n<li>Interface Type-C \u00e0 double protocole<\/li>\n<li>Logo&amp;couleur&amp;forme personnalis\u00e9s<\/li>\n<li>MOQ:100pcs<\/li>\n<\/ul>","protected":false},"featured_media":6284,"comment_status":"open","ping_status":"closed","template":"","meta":{"_seopress_robots_primary_cat":"","_seopress_titles_title":"","_seopress_titles_desc":"","_seopress_robots_index":"","site-sidebar-layout":"default","site-content-layout":"","ast-site-content-layout":"","site-content-style":"default","site-sidebar-style":"default","ast-global-header-display":"","ast-banner-title-visibility":"","ast-main-header-display":"","ast-hfb-above-header-display":"","ast-hfb-below-header-display":"","ast-hfb-mobile-header-display":"","site-post-title":"","ast-breadcrumbs-content":"","ast-featured-img":"","footer-sml-layout":"","theme-transparent-header-meta":"","adv-header-id-meta":"","stick-header-meta":"","header-above-stick-meta":"","header-main-stick-meta":"","header-below-stick-meta":"","astra-migrate-meta-layouts":"default","ast-page-background-enabled":"default","ast-page-background-meta":{"desktop":{"background-color":"var(--ast-global-color-5)","background-image":"","background-repeat":"repeat","background-position":"center center","background-size":"auto","background-attachment":"scroll","background-type":"","background-media":"","overlay-type":"","overlay-color":"","overlay-opacity":"","overlay-gradient":""},"tablet":{"background-color":"","background-image":"","background-repeat":"repeat","background-position":"center center","background-size":"auto","background-attachment":"scroll","background-type":"","background-media":"","overlay-type":"","overlay-color":"","overlay-opacity":"","overlay-gradient":""},"mobile":{"background-color":"","background-image":"","background-repeat":"repeat","background-position":"center center","background-size":"auto","background-attachment":"scroll","background-type":"","background-media":"","overlay-type":"","overlay-color":"","overlay-opacity":"","overlay-gradient":""}},"ast-content-background-meta":{"desktop":{"background-color":"var(--ast-global-color-4)","background-image":"","background-repeat":"repeat","background-position":"center center","background-size":"auto","background-attachment":"scroll","background-type":"","background-media":"","overlay-type":"","overlay-color":"","overlay-opacity":"","overlay-gradient":""},"tablet":{"background-color":"var(--ast-global-color-4)","background-image":"","background-repeat":"repeat","background-position":"center center","background-size":"auto","background-attachment":"scroll","background-type":"","background-media":"","overlay-type":"","overlay-color":"","overlay-opacity":"","overlay-gradient":""},"mobile":{"background-color":"var(--ast-global-color-4)","background-image":"","background-repeat":"repeat","background-position":"center center","background-size":"auto","background-attachment":"scroll","background-type":"","background-media":"","overlay-type":"","overlay-color":"","overlay-opacity":"","overlay-gradient":""}}},"product_brand":[],"product_cat":[107],"product_tag":[388],"class_list":{"0":"post-6275","1":"product","2":"type-product","3":"status-publish","4":"has-post-thumbnail","6":"product_cat-led-usb-pendrive","7":"product_tag-metal-light-up-school-emblem-usb-drive","8":"desktop-align-left","9":"tablet-align-left","10":"mobile-align-left","12":"first","13":"instock","14":"shipping-taxable","15":"product-type-simple"},"_links":{"self":[{"href":"https:\/\/www.usborkeychain.com\/fr\/wp-json\/wp\/v2\/product\/6275","targetHints":{"allow":["GET"]}}],"collection":[{"href":"https:\/\/www.usborkeychain.com\/fr\/wp-json\/wp\/v2\/product"}],"about":[{"href":"https:\/\/www.usborkeychain.com\/fr\/wp-json\/wp\/v2\/types\/product"}],"replies":[{"embeddable":true,"href":"https:\/\/www.usborkeychain.com\/fr\/wp-json\/wp\/v2\/comments?post=6275"}],"wp:featuredmedia":[{"embeddable":true,"href":"https:\/\/www.usborkeychain.com\/fr\/wp-json\/wp\/v2\/media\/6284"}],"wp:attachment":[{"href":"https:\/\/www.usborkeychain.com\/fr\/wp-json\/wp\/v2\/media?parent=6275"}],"wp:term":[{"taxonomy":"product_brand","embeddable":true,"href":"https:\/\/www.usborkeychain.com\/fr\/wp-json\/wp\/v2\/product_brand?post=6275"},{"taxonomy":"product_cat","embeddable":true,"href":"https:\/\/www.usborkeychain.com\/fr\/wp-json\/wp\/v2\/product_cat?post=6275"},{"taxonomy":"product_tag","embeddable":true,"href":"https:\/\/www.usborkeychain.com\/fr\/wp-json\/wp\/v2\/product_tag?post=6275"}],"curies":[{"name":"wp","href":"https:\/\/api.w.org\/{rel}","templated":true}]}}