{"id":6286,"date":"2025-08-08T09:04:41","date_gmt":"2025-08-08T09:04:41","guid":{"rendered":"https:\/\/www.usborkeychain.com\/?post_type=product&#038;p=6286"},"modified":"2025-08-08T09:04:44","modified_gmt":"2025-08-08T09:04:44","slug":"elongated-led-engraved-light-up-usb-drive","status":"publish","type":"product","link":"https:\/\/www.usborkeychain.com\/fr\/produit\/elongated-led-engraved-light-up-usb-drive\/","title":{"rendered":"Cl\u00e9 USB allong\u00e9e \u00e0 LED grav\u00e9e et lumineuse"},"content":{"rendered":"<h3 class=\"wp-block-heading\">Principe du Light-Up grav\u00e9 par LED<\/h3>\n\n\n\n<ul class=\"wp-block-list\">\n<li>Processus de gravure interne : Les logos des marques sont grav\u00e9s avec pr\u00e9cision \u00e0 l'int\u00e9rieur de la couche acrylique transparente, et le sens tridimensionnel du motif est renforc\u00e9 par le principe de la r\u00e9fraction optique.<\/li>\n\n\n\n<li>Lecteur de diodes \u00e9lectroluminescentes : Un jeu de lumi\u00e8re LED miniature int\u00e9gr\u00e9. Lorsque la cl\u00e9 USB est ins\u00e9r\u00e9e dans un appareil (sous tension), la lumi\u00e8re se diffuse \u00e0 travers le logo grav\u00e9, rendant le logo de la marque visible \u00e0 la lumi\u00e8re. Il attire davantage l'attention dans les environnements sombres ou peu \u00e9clair\u00e9s, ce qui am\u00e9liore instantan\u00e9ment la m\u00e9morisation de la marque.<\/li>\n<\/ul>\n\n\n\n<figure class=\"wp-block-image aligncenter size-full\"><img alt=\"\" fetchpriority=\"high\" decoding=\"async\" width=\"800\" height=\"800\" src=\"https:\/\/www.usborkeychain.com\/wp-content\/uploads\/metal-usb-led-flash-drive.jpg\" class=\"wp-image-6292\" srcset=\"https:\/\/www.usborkeychain.com\/wp-content\/uploads\/metal-usb-led-flash-drive.jpg 800w, https:\/\/www.usborkeychain.com\/wp-content\/uploads\/metal-usb-led-flash-drive-300x300.jpg 300w, https:\/\/www.usborkeychain.com\/wp-content\/uploads\/metal-usb-led-flash-drive-150x150.jpg 150w, https:\/\/www.usborkeychain.com\/wp-content\/uploads\/metal-usb-led-flash-drive-768x768.jpg 768w, https:\/\/www.usborkeychain.com\/wp-content\/uploads\/metal-usb-led-flash-drive-12x12.jpg 12w, https:\/\/www.usborkeychain.com\/wp-content\/uploads\/metal-usb-led-flash-drive-600x600.jpg 600w, https:\/\/www.usborkeychain.com\/wp-content\/uploads\/metal-usb-led-flash-drive-100x100.jpg 100w\" sizes=\"(max-width: 800px) 100vw, 800px\" \/><\/figure>\n\n\n\n<h3 class=\"wp-block-heading\">Conception du mat\u00e9riel<\/h3>\n\n\n\n<h4 class=\"wp-block-heading\">1. Mat\u00e9riau et structure<\/h4>\n\n\n\n<ul class=\"wp-block-list\">\n<li>Mat\u00e9riau de la coque : En alliage de zinc de haute qualit\u00e9 avec formage int\u00e9gral, r\u00e9sistant \u00e0 l'usure et \u00e0 la corrosion et dot\u00e9 d'une texture solide, ce qui correspond au positionnement haut de gamme des cadeaux d'affaires.<\/li>\n\n\n\n<li>Forme de conception : Conception enfichable sans fils, permettant le \"plug and play\" afin de simplifier les proc\u00e9dures d'exploitation et d'am\u00e9liorer la facilit\u00e9 d'utilisation.<\/li>\n<\/ul>\n\n\n\n<h4 class=\"wp-block-heading\">2. Interface et compatibilit\u00e9<\/h4>\n\n\n\n<ul class=\"wp-block-list\">\n<li>Sp\u00e9cification de l'interface : Prend en charge les protocoles doubles USB 3.0 et USB 2.0, avec une compatibilit\u00e9 ascendante avec les appareils plus anciens pour garantir une transmission stable des donn\u00e9es (par exemple, taux de transfert th\u00e9orique jusqu'\u00e0 100 Mo\/s en USB 3.0, avec une vitesse de lecture r\u00e9elle maximale de 15 Mo\/s).<\/li>\n\n\n\n<li>Adaptation aux t\u00e9l\u00e9phones portables : \u00c9quip\u00e9 d'un adaptateur OTG (ou d'une version \u00e0 interface Type-C), prenant en charge la connexion directe avec les t\u00e9l\u00e9phones mobiles Android\/HarmonyOS (l'appareil doit activer la fonction OTG), r\u00e9pondant aux besoins de stockage de fichiers des sc\u00e9narios de bureau mobile.<\/li>\n<\/ul>\n\n\n\n<div class=\"wp-block-columns is-layout-flex wp-container-core-columns-is-layout-28f84493 wp-block-columns-is-layout-flex\">\n<div class=\"wp-block-column is-layout-flow wp-block-column-is-layout-flow\">\n<figure class=\"wp-block-image size-full\"><img alt=\"\" fetchpriority=\"high\" decoding=\"async\" width=\"800\" height=\"800\" src=\"https:\/\/www.usborkeychain.com\/wp-content\/uploads\/metal-usb-led-flash-drive.jpg\" class=\"wp-image-6292\" srcset=\"https:\/\/www.usborkeychain.com\/wp-content\/uploads\/metal-usb-led-flash-drive.jpg 800w, https:\/\/www.usborkeychain.com\/wp-content\/uploads\/metal-usb-led-flash-drive-300x300.jpg 300w, https:\/\/www.usborkeychain.com\/wp-content\/uploads\/metal-usb-led-flash-drive-150x150.jpg 150w, https:\/\/www.usborkeychain.com\/wp-content\/uploads\/metal-usb-led-flash-drive-768x768.jpg 768w, https:\/\/www.usborkeychain.com\/wp-content\/uploads\/metal-usb-led-flash-drive-12x12.jpg 12w, https:\/\/www.usborkeychain.com\/wp-content\/uploads\/metal-usb-led-flash-drive-600x600.jpg 600w, https:\/\/www.usborkeychain.com\/wp-content\/uploads\/metal-usb-led-flash-drive-100x100.jpg 100w\" sizes=\"(max-width: 800px) 100vw, 800px\" \/><\/figure>\n<\/div>\n\n\n\n<div class=\"wp-block-column is-layout-flow wp-block-column-is-layout-flow\">\n<figure class=\"wp-block-image size-full\"><img alt=\"\" decoding=\"async\" width=\"800\" height=\"800\" src=\"https:\/\/www.usborkeychain.com\/wp-content\/uploads\/usb-flash-drive-led-light-1.jpg\" class=\"wp-image-6293\" srcset=\"https:\/\/www.usborkeychain.com\/wp-content\/uploads\/usb-flash-drive-led-light-1.jpg 800w, https:\/\/www.usborkeychain.com\/wp-content\/uploads\/usb-flash-drive-led-light-1-300x300.jpg 300w, https:\/\/www.usborkeychain.com\/wp-content\/uploads\/usb-flash-drive-led-light-1-150x150.jpg 150w, https:\/\/www.usborkeychain.com\/wp-content\/uploads\/usb-flash-drive-led-light-1-768x768.jpg 768w, https:\/\/www.usborkeychain.com\/wp-content\/uploads\/usb-flash-drive-led-light-1-12x12.jpg 12w, https:\/\/www.usborkeychain.com\/wp-content\/uploads\/usb-flash-drive-led-light-1-600x600.jpg 600w, https:\/\/www.usborkeychain.com\/wp-content\/uploads\/usb-flash-drive-led-light-1-100x100.jpg 100w\" sizes=\"(max-width: 800px) 100vw, 800px\" \/><\/figure>\n<\/div>\n<\/div>\n\n\n\n<h3 class=\"wp-block-heading\">Point fort de la personnalisation<\/h3>\n\n\n\n<p>La principale diff\u00e9renciation du produit r\u00e9side dans la capacit\u00e9 de personnalisation du \"LOGO lumineux\" :<\/p>\n\n\n\n<ul class=\"wp-block-list\">\n<li>Processus de r\u00e9alisation : Les logos des marques sont grav\u00e9s de mani\u00e8re permanente dans la couche acrylique gr\u00e2ce \u00e0 la technologie de gravure interne au laser afin d'\u00e9viter les rayures et la d\u00e9coloration.<\/li>\n\n\n\n<li>Couleurs de lumi\u00e8re : Permet la personnalisation de plusieurs couleurs telles que le rouge, le vert, le bleu, le blanc et le violet, ce qui permet d'obtenir des effets lumineux exclusifs en fonction du syst\u00e8me VI de la marque.<\/li>\n\n\n\n<li>Logique de d\u00e9clenchement : S'allume automatiquement lorsqu'il est ins\u00e9r\u00e9 dans un dispositif et s'\u00e9teint lorsqu'il est retir\u00e9, sans n\u00e9cessiter d'op\u00e9ration suppl\u00e9mentaire, ce qui permet d'\u00e9conomiser de l'\u00e9nergie et d'organiser des c\u00e9r\u00e9monies.<\/li>\n<\/ul>\n\n\n\n<div class=\"wp-block-columns is-layout-flex wp-container-core-columns-is-layout-28f84493 wp-block-columns-is-layout-flex\">\n<div class=\"wp-block-column is-layout-flow wp-block-column-is-layout-flow\">\n<figure class=\"wp-block-image size-full\"><img alt=\"\" decoding=\"async\" width=\"800\" height=\"800\" src=\"https:\/\/www.usborkeychain.com\/wp-content\/uploads\/LED-LOGO-usb-drives-1.jpg\" class=\"wp-image-6290\" srcset=\"https:\/\/www.usborkeychain.com\/wp-content\/uploads\/LED-LOGO-usb-drives-1.jpg 800w, https:\/\/www.usborkeychain.com\/wp-content\/uploads\/LED-LOGO-usb-drives-1-300x300.jpg 300w, https:\/\/www.usborkeychain.com\/wp-content\/uploads\/LED-LOGO-usb-drives-1-150x150.jpg 150w, https:\/\/www.usborkeychain.com\/wp-content\/uploads\/LED-LOGO-usb-drives-1-768x768.jpg 768w, https:\/\/www.usborkeychain.com\/wp-content\/uploads\/LED-LOGO-usb-drives-1-12x12.jpg 12w, https:\/\/www.usborkeychain.com\/wp-content\/uploads\/LED-LOGO-usb-drives-1-600x600.jpg 600w, https:\/\/www.usborkeychain.com\/wp-content\/uploads\/LED-LOGO-usb-drives-1-100x100.jpg 100w\" sizes=\"(max-width: 800px) 100vw, 800px\" \/><\/figure>\n<\/div>\n\n\n\n<div class=\"wp-block-column is-layout-flow wp-block-column-is-layout-flow\">\n<figure class=\"wp-block-image size-full\"><img alt=\"\" loading=\"lazy\" decoding=\"async\" width=\"800\" height=\"800\" src=\"https:\/\/www.usborkeychain.com\/wp-content\/uploads\/custom-LOGO-USB-flash-drives-led.jpg\" class=\"wp-image-6289\" srcset=\"https:\/\/www.usborkeychain.com\/wp-content\/uploads\/custom-LOGO-USB-flash-drives-led.jpg 800w, https:\/\/www.usborkeychain.com\/wp-content\/uploads\/custom-LOGO-USB-flash-drives-led-300x300.jpg 300w, https:\/\/www.usborkeychain.com\/wp-content\/uploads\/custom-LOGO-USB-flash-drives-led-150x150.jpg 150w, https:\/\/www.usborkeychain.com\/wp-content\/uploads\/custom-LOGO-USB-flash-drives-led-768x768.jpg 768w, https:\/\/www.usborkeychain.com\/wp-content\/uploads\/custom-LOGO-USB-flash-drives-led-12x12.jpg 12w, https:\/\/www.usborkeychain.com\/wp-content\/uploads\/custom-LOGO-USB-flash-drives-led-600x600.jpg 600w, https:\/\/www.usborkeychain.com\/wp-content\/uploads\/custom-LOGO-USB-flash-drives-led-100x100.jpg 100w\" sizes=\"(max-width: 800px) 100vw, 800px\" \/><\/figure>\n<\/div>\n<\/div>\n\n\n\n<h3 class=\"wp-block-heading\">Quels sont les sc\u00e9narios possibles ?<\/h3>\n\n\n\n<ol class=\"wp-block-list\">\n<li>Industrie automobile : Les constructeurs automobiles personnalisent les logos des marques (par exemple, les logos de BMW, Mercedes-Benz, etc.) comme souvenirs lors de la livraison de nouvelles voitures et d'essais de conduite.<\/li>\n\n\n\n<li>Secteur financier : Personnalis\u00e9 par les banques et les institutions de valeurs mobili\u00e8res pour des cadeaux de remerciement \u00e0 la client\u00e8le et des cadeaux pour les r\u00e9unions annuelles.<\/li>\n\n\n\n<li>Entreprises technologiques : Personnalis\u00e9 par les fabricants de mat\u00e9riel Internet et intelligent pour \u00eatre distribu\u00e9 lors de lancements de produits et d'expositions.<\/li>\n\n\n\n<li>Gouvernement\/protection sociale : Personnalis\u00e9 par les agences gouvernementales et les organisations d'aide sociale pour le stockage des documents de r\u00e9union.<\/li>\n<\/ol>\n\n\n\n<div class=\"wp-block-columns is-layout-flex wp-container-core-columns-is-layout-28f84493 wp-block-columns-is-layout-flex\">\n<div class=\"wp-block-column is-layout-flow wp-block-column-is-layout-flow\">\n<figure class=\"wp-block-image size-full\"><img alt=\"\" loading=\"lazy\" decoding=\"async\" width=\"800\" height=\"800\" src=\"https:\/\/www.usborkeychain.com\/wp-content\/uploads\/usb-flash-drive-with-led-light-1.jpg\" class=\"wp-image-6294\" srcset=\"https:\/\/www.usborkeychain.com\/wp-content\/uploads\/usb-flash-drive-with-led-light-1.jpg 800w, https:\/\/www.usborkeychain.com\/wp-content\/uploads\/usb-flash-drive-with-led-light-1-300x300.jpg 300w, https:\/\/www.usborkeychain.com\/wp-content\/uploads\/usb-flash-drive-with-led-light-1-150x150.jpg 150w, https:\/\/www.usborkeychain.com\/wp-content\/uploads\/usb-flash-drive-with-led-light-1-768x768.jpg 768w, https:\/\/www.usborkeychain.com\/wp-content\/uploads\/usb-flash-drive-with-led-light-1-12x12.jpg 12w, https:\/\/www.usborkeychain.com\/wp-content\/uploads\/usb-flash-drive-with-led-light-1-600x600.jpg 600w, https:\/\/www.usborkeychain.com\/wp-content\/uploads\/usb-flash-drive-with-led-light-1-100x100.jpg 100w\" sizes=\"(max-width: 800px) 100vw, 800px\" \/><\/figure>\n<\/div>\n\n\n\n<div class=\"wp-block-column is-layout-flow wp-block-column-is-layout-flow\">\n<figure class=\"wp-block-image size-full\"><img alt=\"\" loading=\"lazy\" decoding=\"async\" width=\"800\" height=\"800\" src=\"https:\/\/www.usborkeychain.com\/wp-content\/uploads\/light-up-USB-flash-drive-2.jpg\" class=\"wp-image-6291\" srcset=\"https:\/\/www.usborkeychain.com\/wp-content\/uploads\/light-up-USB-flash-drive-2.jpg 800w, https:\/\/www.usborkeychain.com\/wp-content\/uploads\/light-up-USB-flash-drive-2-300x300.jpg 300w, https:\/\/www.usborkeychain.com\/wp-content\/uploads\/light-up-USB-flash-drive-2-150x150.jpg 150w, https:\/\/www.usborkeychain.com\/wp-content\/uploads\/light-up-USB-flash-drive-2-768x768.jpg 768w, https:\/\/www.usborkeychain.com\/wp-content\/uploads\/light-up-USB-flash-drive-2-12x12.jpg 12w, https:\/\/www.usborkeychain.com\/wp-content\/uploads\/light-up-USB-flash-drive-2-600x600.jpg 600w, https:\/\/www.usborkeychain.com\/wp-content\/uploads\/light-up-USB-flash-drive-2-100x100.jpg 100w\" sizes=\"(max-width: 800px) 100vw, 800px\" \/><\/figure>\n<\/div>\n<\/div>\n\n\n\n<h3 class=\"wp-block-heading\">Param\u00e8tres de base de la cl\u00e9 USB<\/h3>\n\n\n\n<figure class=\"wp-block-table\"><table class=\"has-fixed-layout\"><thead><tr><th>Cat\u00e9gorie de param\u00e8tres<\/th><th>Param\u00e8tres sp\u00e9cifiques<\/th><\/tr><\/thead><tbody><tr><td>Taux de transfert de donn\u00e9es<\/td><td>100 MB\/s (valeur th\u00e9orique)<\/td><\/tr><tr><td>Vitesse de lecture maximale<\/td><td>15 MB\/s<\/td><\/tr><tr><td>Type d'interface<\/td><td>USB 3.0 \/ USB 2.0<\/td><\/tr><tr><td>Mat\u00e9riau de la coque<\/td><td>M\u00e9tal (alliage de zinc)<\/td><\/tr><tr><td>T\u00e9moin lumineux<\/td><td>Prise en charge (synchronis\u00e9e avec l'\u00e9clairage du LOGO). S'allume lors de la mise sous tension, fournissant un retour d'information intuitif sur l'\u00e9tat de fonctionnement.<\/td><\/tr><tr><td>Taille du produit<\/td><td>65\u00d712,2\u00d77,6 mm<\/td><\/tr><tr><td>Poids<\/td><td>42 g<\/td><\/tr><tr><td>Couleurs claires<\/td><td>Rouge, vert, bleu, blanc, violet<\/td><\/tr><\/tbody><\/table><\/figure>\n\n\n\n<p>Le <strong>cl\u00e9 USB lumineuse allong\u00e9e grav\u00e9e par LED<\/strong> int\u00e8gre des performances de stockage \u00e0 grande vitesse (compatible USB 3.0), un mat\u00e9riau durable (alliage de zinc), une technologie visuelle innovante (LOGO lumineux grav\u00e9 en plusieurs couleurs) et un design pratique \u00e0 brancher. Sa principale valeur r\u00e9side dans le fait qu'elle se distingue des nombreuses cl\u00e9s USB ordinaires par son LOGO lumineux personnalis\u00e9 qui s'illumine lorsqu'elle est mise sous tension, devenant ainsi un panneau d'affichage mobile de la marque. <\/p>","protected":false},"excerpt":{"rendered":"<ul>\n<li>Gravure interne en acrylique<\/li>\n<li>R\u00e9tro-\u00e9clairage LED<\/li>\n<li>LOGO lumineux personnalis\u00e9<\/li>\n<li>Conception pratique de l'embo\u00eetement<\/li>\n<li>MOQ:100pcs<\/li>\n<\/ul>","protected":false},"featured_media":6292,"comment_status":"open","ping_status":"closed","template":"","meta":{"_seopress_robots_primary_cat":"","_seopress_titles_title":"","_seopress_titles_desc":"","_seopress_robots_index":"","site-sidebar-layout":"default","site-content-layout":"","ast-site-content-layout":"","site-content-style":"default","site-sidebar-style":"default","ast-global-header-display":"","ast-banner-title-visibility":"","ast-main-header-display":"","ast-hfb-above-header-display":"","ast-hfb-below-header-display":"","ast-hfb-mobile-header-display":"","site-post-title":"","ast-breadcrumbs-content":"","ast-featured-img":"","footer-sml-layout":"","theme-transparent-header-meta":"","adv-header-id-meta":"","stick-header-meta":"","header-above-stick-meta":"","header-main-stick-meta":"","header-below-stick-meta":"","astra-migrate-meta-layouts":"default","ast-page-background-enabled":"default","ast-page-background-meta":{"desktop":{"background-color":"var(--ast-global-color-5)","background-image":"","background-repeat":"repeat","background-position":"center center","background-size":"auto","background-attachment":"scroll","background-type":"","background-media":"","overlay-type":"","overlay-color":"","overlay-opacity":"","overlay-gradient":""},"tablet":{"background-color":"","background-image":"","background-repeat":"repeat","background-position":"center center","background-size":"auto","background-attachment":"scroll","background-type":"","background-media":"","overlay-type":"","overlay-color":"","overlay-opacity":"","overlay-gradient":""},"mobile":{"background-color":"","background-image":"","background-repeat":"repeat","background-position":"center center","background-size":"auto","background-attachment":"scroll","background-type":"","background-media":"","overlay-type":"","overlay-color":"","overlay-opacity":"","overlay-gradient":""}},"ast-content-background-meta":{"desktop":{"background-color":"var(--ast-global-color-4)","background-image":"","background-repeat":"repeat","background-position":"center center","background-size":"auto","background-attachment":"scroll","background-type":"","background-media":"","overlay-type":"","overlay-color":"","overlay-opacity":"","overlay-gradient":""},"tablet":{"background-color":"var(--ast-global-color-4)","background-image":"","background-repeat":"repeat","background-position":"center center","background-size":"auto","background-attachment":"scroll","background-type":"","background-media":"","overlay-type":"","overlay-color":"","overlay-opacity":"","overlay-gradient":""},"mobile":{"background-color":"var(--ast-global-color-4)","background-image":"","background-repeat":"repeat","background-position":"center center","background-size":"auto","background-attachment":"scroll","background-type":"","background-media":"","overlay-type":"","overlay-color":"","overlay-opacity":"","overlay-gradient":""}}},"product_brand":[],"product_cat":[107],"product_tag":[],"class_list":{"0":"post-6286","1":"product","2":"type-product","3":"status-publish","4":"has-post-thumbnail","6":"product_cat-led-usb-pendrive","7":"desktop-align-left","8":"tablet-align-left","9":"mobile-align-left","11":"first","12":"instock","13":"shipping-taxable","14":"product-type-simple"},"_links":{"self":[{"href":"https:\/\/www.usborkeychain.com\/fr\/wp-json\/wp\/v2\/product\/6286","targetHints":{"allow":["GET"]}}],"collection":[{"href":"https:\/\/www.usborkeychain.com\/fr\/wp-json\/wp\/v2\/product"}],"about":[{"href":"https:\/\/www.usborkeychain.com\/fr\/wp-json\/wp\/v2\/types\/product"}],"replies":[{"embeddable":true,"href":"https:\/\/www.usborkeychain.com\/fr\/wp-json\/wp\/v2\/comments?post=6286"}],"wp:featuredmedia":[{"embeddable":true,"href":"https:\/\/www.usborkeychain.com\/fr\/wp-json\/wp\/v2\/media\/6292"}],"wp:attachment":[{"href":"https:\/\/www.usborkeychain.com\/fr\/wp-json\/wp\/v2\/media?parent=6286"}],"wp:term":[{"taxonomy":"product_brand","embeddable":true,"href":"https:\/\/www.usborkeychain.com\/fr\/wp-json\/wp\/v2\/product_brand?post=6286"},{"taxonomy":"product_cat","embeddable":true,"href":"https:\/\/www.usborkeychain.com\/fr\/wp-json\/wp\/v2\/product_cat?post=6286"},{"taxonomy":"product_tag","embeddable":true,"href":"https:\/\/www.usborkeychain.com\/fr\/wp-json\/wp\/v2\/product_tag?post=6286"}],"curies":[{"name":"wp","href":"https:\/\/api.w.org\/{rel}","templated":true}]}}