{"id":6295,"date":"2025-08-09T03:59:57","date_gmt":"2025-08-09T03:59:57","guid":{"rendered":"https:\/\/www.usborkeychain.com\/?post_type=product&#038;p=6295"},"modified":"2025-08-09T04:10:34","modified_gmt":"2025-08-09T04:10:34","slug":"round-crystal-usb-flash-drive","status":"publish","type":"product","link":"https:\/\/www.usborkeychain.com\/fr\/produit\/round-crystal-usb-flash-drive\/","title":{"rendered":"Cl\u00e9 USB ronde en cristal"},"content":{"rendered":"<p>S'affranchissant de l'utilisation d'un seul mat\u00e9riau plastique dans les cl\u00e9s USB traditionnelles, la <strong>cl\u00e9 USB ronde en cristal<\/strong> adopte un mod\u00e8le mixte de \"<strong>cristal + m\u00e9tal<\/strong>\"red\u00e9finissant l'esth\u00e9tique et la texture des outils de rangement.<\/p>\n\n\n\n<h4 class=\"wp-block-heading\">S\u00e9lection des mat\u00e9riaux<\/h4>\n\n\n\n<ul class=\"wp-block-list\">\n<li>Partie cristalline : Le cristal K9 utilis\u00e9 est d'une grande puret\u00e9, transparent et exempt d'impuret\u00e9s, et pr\u00e9sente un \u00e9clat brillant sous la r\u00e9fraction de la lumi\u00e8re. Certains mod\u00e8les \u00e9pais adoptent des techniques de taille \u00e0 facettes multiples (telles que des facettes octa\u00e9driques et en forme de diamant) pour am\u00e9liorer la superposition de la lumi\u00e8re et de l'ombre, ce qui rend l'effet visuel plus magnifique.<\/li>\n\n\n\n<li>Partie m\u00e9tallique : L'alliage d'aluminium ou d'acier inoxydable s\u00e9lectionn\u00e9 est soumis \u00e0 un traitement d'anodisation ou de galvanoplastie, ce qui lui conf\u00e8re des propri\u00e9t\u00e9s de r\u00e9sistance \u00e0 l'usure et \u00e0 la corrosion. L'\u00e9clat m\u00e9tallique forme un fort contraste avec la transparence du cristal, ce qui am\u00e9liore la qualit\u00e9 du produit.<\/li>\n<\/ul>\n\n\n\n<div class=\"wp-block-columns is-layout-flex wp-container-core-columns-is-layout-28f84493 wp-block-columns-is-layout-flex\">\n<div class=\"wp-block-column is-layout-flow wp-block-column-is-layout-flow\">\n<figure class=\"wp-block-image size-full\"><img alt=\"\" fetchpriority=\"high\" decoding=\"async\" width=\"800\" height=\"800\" src=\"https:\/\/www.usborkeychain.com\/wp-content\/uploads\/crystal-usb-flash-drives.png\" class=\"wp-image-6306\" srcset=\"https:\/\/www.usborkeychain.com\/wp-content\/uploads\/crystal-usb-flash-drives.png 800w, https:\/\/www.usborkeychain.com\/wp-content\/uploads\/crystal-usb-flash-drives-300x300.png 300w, https:\/\/www.usborkeychain.com\/wp-content\/uploads\/crystal-usb-flash-drives-150x150.png 150w, https:\/\/www.usborkeychain.com\/wp-content\/uploads\/crystal-usb-flash-drives-768x768.png 768w, https:\/\/www.usborkeychain.com\/wp-content\/uploads\/crystal-usb-flash-drives-12x12.png 12w, https:\/\/www.usborkeychain.com\/wp-content\/uploads\/crystal-usb-flash-drives-600x600.png 600w, https:\/\/www.usborkeychain.com\/wp-content\/uploads\/crystal-usb-flash-drives-100x100.png 100w\" sizes=\"(max-width: 800px) 100vw, 800px\" \/><\/figure>\n<\/div>\n\n\n\n<div class=\"wp-block-column is-layout-flow wp-block-column-is-layout-flow\">\n<figure class=\"wp-block-image size-full\"><img alt=\"\" decoding=\"async\" width=\"800\" height=\"800\" src=\"https:\/\/www.usborkeychain.com\/wp-content\/uploads\/metal-crystal-usb-flash-drive.jpg\" class=\"wp-image-6302\" srcset=\"https:\/\/www.usborkeychain.com\/wp-content\/uploads\/metal-crystal-usb-flash-drive.jpg 800w, https:\/\/www.usborkeychain.com\/wp-content\/uploads\/metal-crystal-usb-flash-drive-300x300.jpg 300w, https:\/\/www.usborkeychain.com\/wp-content\/uploads\/metal-crystal-usb-flash-drive-150x150.jpg 150w, https:\/\/www.usborkeychain.com\/wp-content\/uploads\/metal-crystal-usb-flash-drive-768x768.jpg 768w, https:\/\/www.usborkeychain.com\/wp-content\/uploads\/metal-crystal-usb-flash-drive-12x12.jpg 12w, https:\/\/www.usborkeychain.com\/wp-content\/uploads\/metal-crystal-usb-flash-drive-600x600.jpg 600w, https:\/\/www.usborkeychain.com\/wp-content\/uploads\/metal-crystal-usb-flash-drive-100x100.jpg 100w\" sizes=\"(max-width: 800px) 100vw, 800px\" \/><\/figure>\n<\/div>\n<\/div>\n\n\n\n<h4 class=\"wp-block-heading\">Conception de la forme<\/h4>\n\n\n\n<ul class=\"wp-block-list\">\n<li>Mod\u00e8le rond et fin : Le cristal est de forme ronde et plate, assorti \u00e0 une simple coque m\u00e9tallique, ce qui rend l'ensemble du produit fin, d\u00e9licat et adapt\u00e9 \u00e0 une utilisation quotidienne. Le couvercle m\u00e9tallique est g\u00e9n\u00e9ralement de forme carr\u00e9e, ce qui permet d'obtenir une esth\u00e9tique de \"l'\u00e9cho entre le carr\u00e9 et le rond\" avec le cristal rond.<\/li>\n\n\n\n<li>Mod\u00e8le rond et \u00e9pais : Le cristal adopte une taille tridimensionnelle \u00e0 facettes multiples, et les surfaces de coupe r\u00e9fractent la lumi\u00e8re de mani\u00e8re plus brillante, ce qui en fait un cadeau haut de gamme.<\/li>\n<\/ul>\n\n\n\n<h4 class=\"wp-block-heading\">Technologie structurelle<\/h4>\n\n\n\n<ul class=\"wp-block-list\">\n<li>Le couvercle m\u00e9tallique et le corps principal du cristal sont reli\u00e9s par une structure magn\u00e9tique \/ encliquetable, ce qui garantit une insertion et une extraction fluides et stables. Le joint entre l'interface USB et le cristal est sculpt\u00e9 avec pr\u00e9cision par CNC, avec des bords lisses sans bavures, garantissant une bonne exp\u00e9rience d'utilisation.<\/li>\n<\/ul>\n\n\n\n<div class=\"wp-block-columns is-layout-flex wp-container-core-columns-is-layout-28f84493 wp-block-columns-is-layout-flex\">\n<div class=\"wp-block-column is-layout-flow wp-block-column-is-layout-flow\">\n<figure class=\"wp-block-image size-full\"><img alt=\"\" decoding=\"async\" width=\"800\" height=\"800\" src=\"https:\/\/www.usborkeychain.com\/wp-content\/uploads\/crystal-usb-flash-drive-bulk.jpg\" class=\"wp-image-6299\" srcset=\"https:\/\/www.usborkeychain.com\/wp-content\/uploads\/crystal-usb-flash-drive-bulk.jpg 800w, https:\/\/www.usborkeychain.com\/wp-content\/uploads\/crystal-usb-flash-drive-bulk-300x300.jpg 300w, https:\/\/www.usborkeychain.com\/wp-content\/uploads\/crystal-usb-flash-drive-bulk-150x150.jpg 150w, https:\/\/www.usborkeychain.com\/wp-content\/uploads\/crystal-usb-flash-drive-bulk-768x768.jpg 768w, https:\/\/www.usborkeychain.com\/wp-content\/uploads\/crystal-usb-flash-drive-bulk-12x12.jpg 12w, https:\/\/www.usborkeychain.com\/wp-content\/uploads\/crystal-usb-flash-drive-bulk-600x600.jpg 600w, https:\/\/www.usborkeychain.com\/wp-content\/uploads\/crystal-usb-flash-drive-bulk-100x100.jpg 100w\" sizes=\"(max-width: 800px) 100vw, 800px\" \/><\/figure>\n<\/div>\n\n\n\n<div class=\"wp-block-column is-layout-flow wp-block-column-is-layout-flow\">\n<figure class=\"wp-block-image size-full\"><img alt=\"\" loading=\"lazy\" decoding=\"async\" width=\"800\" height=\"800\" src=\"https:\/\/www.usborkeychain.com\/wp-content\/uploads\/crystal-usb-flash-drive.jpg\" class=\"wp-image-6300\" srcset=\"https:\/\/www.usborkeychain.com\/wp-content\/uploads\/crystal-usb-flash-drive.jpg 800w, https:\/\/www.usborkeychain.com\/wp-content\/uploads\/crystal-usb-flash-drive-300x300.jpg 300w, https:\/\/www.usborkeychain.com\/wp-content\/uploads\/crystal-usb-flash-drive-150x150.jpg 150w, https:\/\/www.usborkeychain.com\/wp-content\/uploads\/crystal-usb-flash-drive-768x768.jpg 768w, https:\/\/www.usborkeychain.com\/wp-content\/uploads\/crystal-usb-flash-drive-12x12.jpg 12w, https:\/\/www.usborkeychain.com\/wp-content\/uploads\/crystal-usb-flash-drive-600x600.jpg 600w, https:\/\/www.usborkeychain.com\/wp-content\/uploads\/crystal-usb-flash-drive-100x100.jpg 100w\" sizes=\"(max-width: 800px) 100vw, 800px\" \/><\/figure>\n<\/div>\n<\/div>\n\n\n\n<h3 class=\"wp-block-heading\">Tableau des param\u00e8tres de base de la cl\u00e9 USB (mod\u00e8le fin et mod\u00e8le \u00e9pais)<\/h3>\n\n\n\n<figure class=\"wp-block-table\"><table class=\"has-fixed-layout\"><thead><tr><th>Param\u00e8tre Poste<\/th><th>Cl\u00e9 USB fine et ronde en cristal<\/th><th>Cl\u00e9 USB en cristal rond et \u00e9pais<\/th><\/tr><\/thead><tbody><tr><td>Capacit\u00e9<\/td><td>8GB, 16GB, 32GB, 64GB, 128GB<\/td><td>8GB, 16GB, 32GB, 64GB, 128GB<\/td><\/tr><tr><td>Type d'interface<\/td><td>USB 2.0 \/ USB 3.0<\/td><td>USB 2.0 \/ USB 3.0<\/td><\/tr><tr><td>Taille du cristal<\/td><td>Diam\u00e8tre \u03c620mm, Epaisseur 5mm<\/td><td>Diam\u00e8tre \u03c625mm, Epaisseur 10mm<\/td><\/tr><tr><td>Taille du m\u00e9tal (longueur \u00d7 largeur \u00d7 hauteur)<\/td><td>25mm\u00d712mm\u00d75mm<\/td><td>30mm\u00d715mm\u00d78mm<\/td><\/tr><tr><td>Poids<\/td><td>Environ 15 g<\/td><td>Environ 30 g<\/td><\/tr><\/tbody><\/table><\/figure>\n\n\n\n<h3 class=\"wp-block-heading\">Services de personnalisation<\/h3>\n\n\n\n<div class=\"wp-block-columns are-vertically-aligned-center is-layout-flex wp-container-core-columns-is-layout-28f84493 wp-block-columns-is-layout-flex\">\n<div class=\"wp-block-column is-vertically-aligned-center is-layout-flow wp-block-column-is-layout-flow\">\n<h4 class=\"wp-block-heading\">Personnalisation du LOGO<\/h4>\n\n\n\n<ul class=\"wp-block-list\">\n<li>Partie en cristal : La technologie de gravure int\u00e9rieure au laser est utilis\u00e9e pour graver de mani\u00e8re permanente le LOGO \u00e0 l'int\u00e9rieur du cristal, qui est transparent, clair et ne s'estompe jamais, ce qui convient aux dessins complexes tels que les logos de marque et les motifs.<\/li>\n\n\n\n<li>Partie m\u00e9tallique : Le marquage au laser (lignes fines, texture forte), la s\u00e9rigraphie (adapt\u00e9e aux LOGO en couleur) et l'embossage par galvanoplastie (sens tridimensionnel fort) permettent de r\u00e9pondre aux diff\u00e9rentes exigences en mati\u00e8re d'effet visuel.<\/li>\n<\/ul>\n\n\n\n<h4 class=\"wp-block-heading\">Personnalisation des couleurs<\/h4>\n\n\n\n<ul class=\"wp-block-list\">\n<li>Partie m\u00e9tallique : Peut \u00eatre galvanis\u00e9 en or, argent, or rose, noir, gunmetal, etc. L'\u00e9paisseur de la couche de galvanoplastie est \u22655\u03bcm pour garantir la r\u00e9sistance \u00e0 l'usure et l'absence de d\u00e9coloration.<\/li>\n\n\n\n<li>Partie cristalline : G\u00e9n\u00e9ralement transparente (pour souligner la transparence), elle peut \u00e9galement \u00eatre personnalis\u00e9e dans des versions teint\u00e9es telles que le bleu clair, le rose et le violet (il est \u00e0 noter que la teinture affecte la transmission de la lumi\u00e8re, il est donc recommand\u00e9 d'opter pour des couleurs claires).<\/li>\n<\/ul>\n<\/div>\n\n\n\n<div class=\"wp-block-column is-vertically-aligned-center is-layout-flow wp-block-column-is-layout-flow\">\n<figure class=\"wp-block-image size-full\"><img alt=\"\" loading=\"lazy\" decoding=\"async\" width=\"800\" height=\"800\" src=\"https:\/\/www.usborkeychain.com\/wp-content\/uploads\/round-crystal-USB-flash-drive.jpg\" class=\"wp-image-6303\" srcset=\"https:\/\/www.usborkeychain.com\/wp-content\/uploads\/round-crystal-USB-flash-drive.jpg 800w, https:\/\/www.usborkeychain.com\/wp-content\/uploads\/round-crystal-USB-flash-drive-300x300.jpg 300w, https:\/\/www.usborkeychain.com\/wp-content\/uploads\/round-crystal-USB-flash-drive-150x150.jpg 150w, https:\/\/www.usborkeychain.com\/wp-content\/uploads\/round-crystal-USB-flash-drive-768x768.jpg 768w, https:\/\/www.usborkeychain.com\/wp-content\/uploads\/round-crystal-USB-flash-drive-12x12.jpg 12w, https:\/\/www.usborkeychain.com\/wp-content\/uploads\/round-crystal-USB-flash-drive-600x600.jpg 600w, https:\/\/www.usborkeychain.com\/wp-content\/uploads\/round-crystal-USB-flash-drive-100x100.jpg 100w\" sizes=\"(max-width: 800px) 100vw, 800px\" \/><\/figure>\n<\/div>\n<\/div>\n\n\n\n<h3 class=\"wp-block-heading\">Qui pr\u00e9f\u00e8re les cl\u00e9s USB rondes en cristal ?<\/h3>\n\n\n\n<div class=\"wp-block-columns is-layout-flex wp-container-core-columns-is-layout-28f84493 wp-block-columns-is-layout-flex\">\n<div class=\"wp-block-column is-vertically-aligned-center is-layout-flow wp-block-column-is-layout-flow\">\n<figure class=\"wp-block-image size-full\"><img alt=\"\" loading=\"lazy\" decoding=\"async\" width=\"800\" height=\"800\" src=\"https:\/\/www.usborkeychain.com\/wp-content\/uploads\/circular-crystal-USB-flash-drive.jpg\" class=\"wp-image-6298\" srcset=\"https:\/\/www.usborkeychain.com\/wp-content\/uploads\/circular-crystal-USB-flash-drive.jpg 800w, https:\/\/www.usborkeychain.com\/wp-content\/uploads\/circular-crystal-USB-flash-drive-300x300.jpg 300w, https:\/\/www.usborkeychain.com\/wp-content\/uploads\/circular-crystal-USB-flash-drive-150x150.jpg 150w, https:\/\/www.usborkeychain.com\/wp-content\/uploads\/circular-crystal-USB-flash-drive-768x768.jpg 768w, https:\/\/www.usborkeychain.com\/wp-content\/uploads\/circular-crystal-USB-flash-drive-12x12.jpg 12w, https:\/\/www.usborkeychain.com\/wp-content\/uploads\/circular-crystal-USB-flash-drive-600x600.jpg 600w, https:\/\/www.usborkeychain.com\/wp-content\/uploads\/circular-crystal-USB-flash-drive-100x100.jpg 100w\" sizes=\"(max-width: 800px) 100vw, 800px\" \/><\/figure>\n<\/div>\n\n\n\n<div class=\"wp-block-column is-vertically-aligned-center is-layout-flow wp-block-column-is-layout-flow\">\n<ul class=\"wp-block-list\">\n<li>Cadeaux d'entreprise : En tant que cadeaux d'affaires (r\u00e9unions annuelles, cadeaux aux clients, etc.), les LOGO personnalis\u00e9s peuvent renforcer la reconnaissance de la marque et mettre en valeur le temp\u00e9rament haut de gamme.<\/li>\n\n\n\n<li>March\u00e9 des cadeaux : Convient aux festivals (tels que la f\u00eate du printemps, la Saint-Valentin) et aux comm\u00e9morations (telles que les remises de dipl\u00f4mes, les anniversaires), avec une valeur \u00e0 la fois pratique et de collection.<\/li>\n\n\n\n<li>Utilisateurs individuels : Les consommateurs qui recherchent un sens du design et de l'unicit\u00e9 et qui l'utilisent pour le rangement quotidien ou comme petit ornement de bureau.<\/li>\n<\/ul>\n<\/div>\n<\/div>\n\n\n\n<p>Le<strong> cl\u00e9 USB ronde en cristal<\/strong>En termes de design, il allie la transparence du cristal \u00e0 la r\u00e9sistance du m\u00e9tal pour cr\u00e9er une texture unique ; en termes de configuration des param\u00e8tres, il couvre les principales capacit\u00e9s et interfaces pour r\u00e9pondre aux besoins de stockage quotidiens ; en termes de capacit\u00e9s de personnalisation, l'ajustement flexible des LOGO et des couleurs fait du produit un vecteur de marques et d'\u00e9motions ; en termes de positionnement sur le march\u00e9, il r\u00e9pond pr\u00e9cis\u00e9ment aux besoins diff\u00e9renci\u00e9s des entreprises, des cadeaux et des utilisateurs individuels haut de gamme. Il ne s'agit pas seulement d'un dispositif de stockage, mais aussi d'une \u0153uvre d'art portable de haute qualit\u00e9.<\/p>","protected":false},"excerpt":{"rendered":"<ul>\n<li>Mat\u00e9riaux cristallins<\/li>\n<li>Alliage d'aluminium \/ alliage d'acier inoxydable<\/li>\n<li>Personnalisation du LOGO et des couleurs<\/li>\n<li>Adopter des techniques de coupe \u00e0 multiples facettes<\/li>\n<li>MOQ:100pcs<\/li>\n<\/ul>","protected":false},"featured_media":6302,"comment_status":"open","ping_status":"closed","template":"","meta":{"_seopress_robots_primary_cat":"","_seopress_titles_title":"","_seopress_titles_desc":"","_seopress_robots_index":"","site-sidebar-layout":"default","site-content-layout":"","ast-site-content-layout":"","site-content-style":"default","site-sidebar-style":"default","ast-global-header-display":"","ast-banner-title-visibility":"","ast-main-header-display":"","ast-hfb-above-header-display":"","ast-hfb-below-header-display":"","ast-hfb-mobile-header-display":"","site-post-title":"","ast-breadcrumbs-content":"","ast-featured-img":"","footer-sml-layout":"","theme-transparent-header-meta":"","adv-header-id-meta":"","stick-header-meta":"","header-above-stick-meta":"","header-main-stick-meta":"","header-below-stick-meta":"","astra-migrate-meta-layouts":"default","ast-page-background-enabled":"default","ast-page-background-meta":{"desktop":{"background-color":"var(--ast-global-color-5)","background-image":"","background-repeat":"repeat","background-position":"center center","background-size":"auto","background-attachment":"scroll","background-type":"","background-media":"","overlay-type":"","overlay-color":"","overlay-opacity":"","overlay-gradient":""},"tablet":{"background-color":"","background-image":"","background-repeat":"repeat","background-position":"center center","background-size":"auto","background-attachment":"scroll","background-type":"","background-media":"","overlay-type":"","overlay-color":"","overlay-opacity":"","overlay-gradient":""},"mobile":{"background-color":"","background-image":"","background-repeat":"repeat","background-position":"center center","background-size":"auto","background-attachment":"scroll","background-type":"","background-media":"","overlay-type":"","overlay-color":"","overlay-opacity":"","overlay-gradient":""}},"ast-content-background-meta":{"desktop":{"background-color":"var(--ast-global-color-4)","background-image":"","background-repeat":"repeat","background-position":"center center","background-size":"auto","background-attachment":"scroll","background-type":"","background-media":"","overlay-type":"","overlay-color":"","overlay-opacity":"","overlay-gradient":""},"tablet":{"background-color":"var(--ast-global-color-4)","background-image":"","background-repeat":"repeat","background-position":"center center","background-size":"auto","background-attachment":"scroll","background-type":"","background-media":"","overlay-type":"","overlay-color":"","overlay-opacity":"","overlay-gradient":""},"mobile":{"background-color":"var(--ast-global-color-4)","background-image":"","background-repeat":"repeat","background-position":"center center","background-size":"auto","background-attachment":"scroll","background-type":"","background-media":"","overlay-type":"","overlay-color":"","overlay-opacity":"","overlay-gradient":""}}},"product_brand":[],"product_cat":[174],"product_tag":[389],"class_list":{"0":"post-6295","1":"product","2":"type-product","3":"status-publish","4":"has-post-thumbnail","6":"product_cat-crystal-usb-pendrive","7":"product_tag-round-crystal-usb-flash-drive","8":"desktop-align-left","9":"tablet-align-left","10":"mobile-align-left","12":"first","13":"instock","14":"shipping-taxable","15":"product-type-simple"},"_links":{"self":[{"href":"https:\/\/www.usborkeychain.com\/fr\/wp-json\/wp\/v2\/product\/6295","targetHints":{"allow":["GET"]}}],"collection":[{"href":"https:\/\/www.usborkeychain.com\/fr\/wp-json\/wp\/v2\/product"}],"about":[{"href":"https:\/\/www.usborkeychain.com\/fr\/wp-json\/wp\/v2\/types\/product"}],"replies":[{"embeddable":true,"href":"https:\/\/www.usborkeychain.com\/fr\/wp-json\/wp\/v2\/comments?post=6295"}],"wp:featuredmedia":[{"embeddable":true,"href":"https:\/\/www.usborkeychain.com\/fr\/wp-json\/wp\/v2\/media\/6302"}],"wp:attachment":[{"href":"https:\/\/www.usborkeychain.com\/fr\/wp-json\/wp\/v2\/media?parent=6295"}],"wp:term":[{"taxonomy":"product_brand","embeddable":true,"href":"https:\/\/www.usborkeychain.com\/fr\/wp-json\/wp\/v2\/product_brand?post=6295"},{"taxonomy":"product_cat","embeddable":true,"href":"https:\/\/www.usborkeychain.com\/fr\/wp-json\/wp\/v2\/product_cat?post=6295"},{"taxonomy":"product_tag","embeddable":true,"href":"https:\/\/www.usborkeychain.com\/fr\/wp-json\/wp\/v2\/product_tag?post=6295"}],"curies":[{"name":"wp","href":"https:\/\/api.w.org\/{rel}","templated":true}]}}