{"id":6309,"date":"2025-08-09T04:24:44","date_gmt":"2025-08-09T04:24:44","guid":{"rendered":"https:\/\/www.usborkeychain.com\/?post_type=product&#038;p=6309"},"modified":"2025-08-09T04:25:27","modified_gmt":"2025-08-09T04:25:27","slug":"rotating-acrylic-light-up-usb-drive","status":"publish","type":"product","link":"https:\/\/www.usborkeychain.com\/fr\/produit\/rotating-acrylic-light-up-usb-drive\/","title":{"rendered":"Cl\u00e9 USB lumineuse rotative en acrylique"},"content":{"rendered":"<h4 class=\"wp-block-heading\">Quel est le principe de la cl\u00e9 USB lumineuse ?<\/h4>\n\n\n\n<p>Le c\u0153ur lumineux de la cl\u00e9 USB rotative en acrylique provient de l'effet synergique des perles LED int\u00e9gr\u00e9es et du mat\u00e9riau acrylique \u00e0 haute transparence :<\/p>\n\n\n\n<ul class=\"wp-block-list\">\n<li>Logique d'alimentation : Lorsqu'elle est connect\u00e9e \u00e0 un appareil, l'interface USB alimente la LED int\u00e9gr\u00e9e, ce qui d\u00e9clenche l'allumage de la source lumineuse.<\/li>\n\n\n\n<li>Pr\u00e9sentation de l'ombre et de la lumi\u00e8re : Avec une transmission de la lumi\u00e8re sup\u00e9rieure \u00e0 90%, l'acrylique peut diffuser uniform\u00e9ment la lumi\u00e8re LED, ce qui conf\u00e8re au logo\/motif int\u00e9gr\u00e9 un effet lumineux transparent et tridimensionnel.<\/li>\n\n\n\n<li>Conception interactive : La structure rotative prot\u00e8ge non seulement l'interface, mais optimise \u00e9galement l'affichage de la lumi\u00e8re et des ombres gr\u00e2ce au r\u00e9glage de l'angle, ajoutant une touche dynamique \u00e0 l'effet lumineux.<\/li>\n<\/ul>\n\n\n\n<div class=\"wp-block-columns is-layout-flex wp-container-core-columns-is-layout-28f84493 wp-block-columns-is-layout-flex\">\n<div class=\"wp-block-column is-layout-flow wp-block-column-is-layout-flow\">\n<figure class=\"wp-block-image size-full\"><img alt=\"\" fetchpriority=\"high\" decoding=\"async\" width=\"800\" height=\"800\" src=\"https:\/\/www.usborkeychain.com\/wp-content\/uploads\/rotating-acrylic-LED-USB-flash-drive.png\" class=\"wp-image-6315\" srcset=\"https:\/\/www.usborkeychain.com\/wp-content\/uploads\/rotating-acrylic-LED-USB-flash-drive.png 800w, https:\/\/www.usborkeychain.com\/wp-content\/uploads\/rotating-acrylic-LED-USB-flash-drive-300x300.png 300w, https:\/\/www.usborkeychain.com\/wp-content\/uploads\/rotating-acrylic-LED-USB-flash-drive-150x150.png 150w, https:\/\/www.usborkeychain.com\/wp-content\/uploads\/rotating-acrylic-LED-USB-flash-drive-768x768.png 768w, https:\/\/www.usborkeychain.com\/wp-content\/uploads\/rotating-acrylic-LED-USB-flash-drive-12x12.png 12w, https:\/\/www.usborkeychain.com\/wp-content\/uploads\/rotating-acrylic-LED-USB-flash-drive-600x600.png 600w, https:\/\/www.usborkeychain.com\/wp-content\/uploads\/rotating-acrylic-LED-USB-flash-drive-100x100.png 100w\" sizes=\"(max-width: 800px) 100vw, 800px\" \/><\/figure>\n<\/div>\n\n\n\n<div class=\"wp-block-column is-layout-flow wp-block-column-is-layout-flow\">\n<figure class=\"wp-block-image size-full\"><img alt=\"\" decoding=\"async\" width=\"800\" height=\"800\" src=\"https:\/\/www.usborkeychain.com\/wp-content\/uploads\/rotating-acrylic-light-up-USB-flash-drive.png\" class=\"wp-image-6316\" srcset=\"https:\/\/www.usborkeychain.com\/wp-content\/uploads\/rotating-acrylic-light-up-USB-flash-drive.png 800w, https:\/\/www.usborkeychain.com\/wp-content\/uploads\/rotating-acrylic-light-up-USB-flash-drive-300x300.png 300w, https:\/\/www.usborkeychain.com\/wp-content\/uploads\/rotating-acrylic-light-up-USB-flash-drive-150x150.png 150w, https:\/\/www.usborkeychain.com\/wp-content\/uploads\/rotating-acrylic-light-up-USB-flash-drive-768x768.png 768w, https:\/\/www.usborkeychain.com\/wp-content\/uploads\/rotating-acrylic-light-up-USB-flash-drive-12x12.png 12w, https:\/\/www.usborkeychain.com\/wp-content\/uploads\/rotating-acrylic-light-up-USB-flash-drive-600x600.png 600w, https:\/\/www.usborkeychain.com\/wp-content\/uploads\/rotating-acrylic-light-up-USB-flash-drive-100x100.png 100w\" sizes=\"(max-width: 800px) 100vw, 800px\" \/><\/figure>\n<\/div>\n<\/div>\n\n\n\n<div class=\"wp-block-columns is-layout-flex wp-container-core-columns-is-layout-28f84493 wp-block-columns-is-layout-flex\">\n<div class=\"wp-block-column is-layout-flow wp-block-column-is-layout-flow\">\n<figure class=\"wp-block-image size-full\"><img alt=\"\" decoding=\"async\" width=\"800\" height=\"800\" src=\"https:\/\/www.usborkeychain.com\/wp-content\/uploads\/usb-flash-drive-with-led-light-2.png\" class=\"wp-image-6318\" srcset=\"https:\/\/www.usborkeychain.com\/wp-content\/uploads\/usb-flash-drive-with-led-light-2.png 800w, https:\/\/www.usborkeychain.com\/wp-content\/uploads\/usb-flash-drive-with-led-light-2-300x300.png 300w, https:\/\/www.usborkeychain.com\/wp-content\/uploads\/usb-flash-drive-with-led-light-2-150x150.png 150w, https:\/\/www.usborkeychain.com\/wp-content\/uploads\/usb-flash-drive-with-led-light-2-768x768.png 768w, https:\/\/www.usborkeychain.com\/wp-content\/uploads\/usb-flash-drive-with-led-light-2-12x12.png 12w, https:\/\/www.usborkeychain.com\/wp-content\/uploads\/usb-flash-drive-with-led-light-2-600x600.png 600w, https:\/\/www.usborkeychain.com\/wp-content\/uploads\/usb-flash-drive-with-led-light-2-100x100.png 100w\" sizes=\"(max-width: 800px) 100vw, 800px\" \/><\/figure>\n<\/div>\n\n\n\n<div class=\"wp-block-column is-layout-flow wp-block-column-is-layout-flow\">\n<figure class=\"wp-block-image size-full\"><img alt=\"\" loading=\"lazy\" decoding=\"async\" width=\"800\" height=\"800\" src=\"https:\/\/www.usborkeychain.com\/wp-content\/uploads\/metal-crystal-usb-flash-drive.png\" class=\"wp-image-6314\" srcset=\"https:\/\/www.usborkeychain.com\/wp-content\/uploads\/metal-crystal-usb-flash-drive.png 800w, https:\/\/www.usborkeychain.com\/wp-content\/uploads\/metal-crystal-usb-flash-drive-300x300.png 300w, https:\/\/www.usborkeychain.com\/wp-content\/uploads\/metal-crystal-usb-flash-drive-150x150.png 150w, https:\/\/www.usborkeychain.com\/wp-content\/uploads\/metal-crystal-usb-flash-drive-768x768.png 768w, https:\/\/www.usborkeychain.com\/wp-content\/uploads\/metal-crystal-usb-flash-drive-12x12.png 12w, https:\/\/www.usborkeychain.com\/wp-content\/uploads\/metal-crystal-usb-flash-drive-600x600.png 600w, https:\/\/www.usborkeychain.com\/wp-content\/uploads\/metal-crystal-usb-flash-drive-100x100.png 100w\" sizes=\"(max-width: 800px) 100vw, 800px\" \/><\/figure>\n<\/div>\n<\/div>\n\n\n\n<h2 class=\"wp-block-heading\">Caract\u00e9ristiques de la cl\u00e9 USB lumineuse<\/h2>\n\n\n\n<h5 class=\"wp-block-heading\">Mat\u00e9riaux de base<\/h5>\n\n\n\n<ul class=\"wp-block-list\">\n<li>Coque en alliage d'aluminium : Fabriqu\u00e9e par sculpture de pr\u00e9cision CNC + polissage\/\u00e9lectroplacage, elle pr\u00e9sente une texture m\u00e9tallique brillante (disponible en argent, or, noir, or rose, etc.) et poss\u00e8de des propri\u00e9t\u00e9s anti-chute, anti-choc et anti-pression.<\/li>\n\n\n\n<li>Corps principal en acrylique : Fabriqu\u00e9 en PMMA de haute puret\u00e9, il offre les avantages d'une r\u00e9sistance \u00e0 l'usure, d'un anti-jaunissement et d'une transmission \u00e9lev\u00e9e de la lumi\u00e8re. Les logos grav\u00e9s au laser apparaissent plus tridimensionnels lorsqu'ils sont \u00e9clair\u00e9s et r\u00e9sistent \u00e0 la d\u00e9coloration en cas d'utilisation prolong\u00e9e.<\/li>\n<\/ul>\n\n\n\n<h5 class=\"wp-block-heading\">Conception structurelle<\/h5>\n\n\n\n<ul class=\"wp-block-list\">\n<li>Protection par rotation : Une rotation de 360\u00b0 permet de passer de l'\u00e9tat d'utilisation (interface expos\u00e9e) \u00e0 l'\u00e9tat de stockage (interface cach\u00e9e), prot\u00e9geant ainsi l'interface tout en permettant de l'utiliser d'une seule main.<\/li>\n\n\n\n<li>Aspect profil\u00e9 : Conception ergonomique avec des bords arrondis pour une prise en main confortable ; sa petite taille et sa l\u00e9g\u00e8ret\u00e9 r\u00e9pondent aux besoins de portabilit\u00e9 en d\u00e9placement.<\/li>\n<\/ul>\n\n\n\n<h5 class=\"wp-block-heading\">Caract\u00e9ristiques lumineuses<\/h5>\n\n\n\n<ul class=\"wp-block-list\">\n<li>Personnalisation de la lumi\u00e8re : Prise en charge des couleurs de LED telles que le bleu, le violet, le rouge, le vert et le blanc, en fonction des pr\u00e9f\u00e9rences de la marque ou de la personne, pour une meilleure reconnaissance.<\/li>\n\n\n\n<li>Des visuels dynamiques : La lumi\u00e8re et les ombres se d\u00e9placent en fonction des angles de rotation, ce qui rompt la monotonie et en fait un \"objet technologique \u00e0 la mode\" qui attire l'attention.<\/li>\n<\/ul>\n\n\n\n<div class=\"wp-block-columns is-layout-flex wp-container-core-columns-is-layout-28f84493 wp-block-columns-is-layout-flex\">\n<div class=\"wp-block-column is-layout-flow wp-block-column-is-layout-flow\">\n<figure class=\"wp-block-image size-full\"><img alt=\"\" loading=\"lazy\" decoding=\"async\" width=\"800\" height=\"800\" src=\"https:\/\/www.usborkeychain.com\/wp-content\/uploads\/led-crystal-usb-flash-drive.png\" class=\"wp-image-6312\" srcset=\"https:\/\/www.usborkeychain.com\/wp-content\/uploads\/led-crystal-usb-flash-drive.png 800w, https:\/\/www.usborkeychain.com\/wp-content\/uploads\/led-crystal-usb-flash-drive-300x300.png 300w, https:\/\/www.usborkeychain.com\/wp-content\/uploads\/led-crystal-usb-flash-drive-150x150.png 150w, https:\/\/www.usborkeychain.com\/wp-content\/uploads\/led-crystal-usb-flash-drive-768x768.png 768w, https:\/\/www.usborkeychain.com\/wp-content\/uploads\/led-crystal-usb-flash-drive-12x12.png 12w, https:\/\/www.usborkeychain.com\/wp-content\/uploads\/led-crystal-usb-flash-drive-600x600.png 600w, https:\/\/www.usborkeychain.com\/wp-content\/uploads\/led-crystal-usb-flash-drive-100x100.png 100w\" sizes=\"(max-width: 800px) 100vw, 800px\" \/><\/figure>\n<\/div>\n\n\n\n<div class=\"wp-block-column is-layout-flow wp-block-column-is-layout-flow\">\n<figure class=\"wp-block-image size-full\"><img alt=\"\" loading=\"lazy\" decoding=\"async\" width=\"800\" height=\"800\" src=\"https:\/\/www.usborkeychain.com\/wp-content\/uploads\/usb-flash-drive-led-light.png\" class=\"wp-image-6317\" srcset=\"https:\/\/www.usborkeychain.com\/wp-content\/uploads\/usb-flash-drive-led-light.png 800w, https:\/\/www.usborkeychain.com\/wp-content\/uploads\/usb-flash-drive-led-light-300x300.png 300w, https:\/\/www.usborkeychain.com\/wp-content\/uploads\/usb-flash-drive-led-light-150x150.png 150w, https:\/\/www.usborkeychain.com\/wp-content\/uploads\/usb-flash-drive-led-light-768x768.png 768w, https:\/\/www.usborkeychain.com\/wp-content\/uploads\/usb-flash-drive-led-light-12x12.png 12w, https:\/\/www.usborkeychain.com\/wp-content\/uploads\/usb-flash-drive-led-light-600x600.png 600w, https:\/\/www.usborkeychain.com\/wp-content\/uploads\/usb-flash-drive-led-light-100x100.png 100w\" sizes=\"(max-width: 800px) 100vw, 800px\" \/><\/figure>\n<\/div>\n<\/div>\n\n\n\n<h2 class=\"wp-block-heading\">Logos exclusifs personnalis\u00e9s<\/h2>\n\n\n\n<ul class=\"wp-block-list\">\n<li>Pr\u00e9sentation du logo : La gravure interne au laser incorpore les logos\/motifs de la marque dans la couche acrylique, qui apparaissent en trois dimensions et transparents lorsqu'ils sont \u00e9clair\u00e9s, renfor\u00e7ant ainsi la m\u00e9moire de la marque.<\/li>\n\n\n\n<li>Correspondance des couleurs : les couleurs de la coque m\u00e9tallique et de la lumi\u00e8re LED peuvent \u00eatre personnalis\u00e9es (par exemple, pour correspondre aux couleurs de l'entreprise VI), ce qui permet d'obtenir un \"design unique par client\".<\/li>\n<\/ul>\n\n\n\n<h2 class=\"wp-block-heading\">Tableau des param\u00e8tres de base de la cl\u00e9 USB<\/h2>\n\n\n\n<figure class=\"wp-block-table\"><table class=\"has-fixed-layout\"><thead><tr><th>Param\u00e8tre Poste<\/th><th>D\u00e9tails<\/th><\/tr><\/thead><tbody><tr><td>Type d'interface<\/td><td>USB 2.0<\/td><\/tr><tr><td>Options de capacit\u00e9<\/td><td>8GB \/ 16GB \/ 32GB \/ 64GB \/ 128GB<\/td><\/tr><tr><td>Taille du produit (L\u00d7L\u00d7H)<\/td><td>45mm \u00d7 18mm \u00d7 8mm<\/td><\/tr><tr><td>Poids<\/td><td>Environ 15 g<\/td><\/tr><tr><td>Couleur claire<\/td><td>Bleu, violet, rouge, vert, blanc (personnalisable)<\/td><\/tr><tr><td>M\u00e9tal Couleur de la coque<\/td><td>Argent, or, noir, or rose (personnalisable)<\/td><\/tr><\/tbody><\/table><\/figure>\n\n\n\n<h2 class=\"wp-block-heading\">Qui ach\u00e8te cette cl\u00e9 USB ?<\/h2>\n\n\n\n<div class=\"wp-block-columns is-layout-flex wp-container-core-columns-is-layout-28f84493 wp-block-columns-is-layout-flex\">\n<div class=\"wp-block-column is-vertically-aligned-center is-layout-flow wp-block-column-is-layout-flow\">\n<ol class=\"wp-block-list\">\n<li>Les \u00e9lites du monde des affaires : En tant que cadeaux d'entreprise, avec des logos personnalis\u00e9s et une texture m\u00e9tallique, ils d\u00e9gagent une atmosph\u00e8re haut de gamme, id\u00e9ale pour les cadeaux d'affaires ou les souvenirs de r\u00e9unions annuelles.<\/li>\n\n\n\n<li>Les adeptes de la tendance : Les jeunes en qu\u00eate d'individualit\u00e9 appr\u00e9cient son design color\u00e9, lumineux et rotatif, qui fait de la cl\u00e9 USB un \"accessoire portable \u00e0 la mode\".<\/li>\n\n\n\n<li>Marques\/planificateurs : Lors d'expositions et de conf\u00e9rences, les cl\u00e9s USB personnalis\u00e9es servent \u00e0 la fois de cadeaux pratiques et d'outils mobiles de promotion de la marque.<\/li>\n<\/ol>\n\n\n\n<p>Le <strong>cl\u00e9 USB lumineuse rotative en acrylique<\/strong> est une cl\u00e9 USB moderne qui allie parfaitement fonctionnalit\u00e9 de stockage et design innovant. <strong>Youshan<\/strong> offre la possibilit\u00e9 de personnaliser divers types de cl\u00e9s USB ; pour plus de d\u00e9tails, veuillez consulter le service client\u00e8le.<\/p>\n<\/div>\n\n\n\n<div class=\"wp-block-column is-vertically-aligned-center is-layout-flow wp-block-column-is-layout-flow\">\n<figure class=\"wp-block-image size-full\"><img alt=\"\" loading=\"lazy\" decoding=\"async\" width=\"800\" height=\"800\" src=\"https:\/\/www.usborkeychain.com\/wp-content\/uploads\/led-light-usb-flash-drive.png\" class=\"wp-image-6313\" srcset=\"https:\/\/www.usborkeychain.com\/wp-content\/uploads\/led-light-usb-flash-drive.png 800w, https:\/\/www.usborkeychain.com\/wp-content\/uploads\/led-light-usb-flash-drive-300x300.png 300w, https:\/\/www.usborkeychain.com\/wp-content\/uploads\/led-light-usb-flash-drive-150x150.png 150w, https:\/\/www.usborkeychain.com\/wp-content\/uploads\/led-light-usb-flash-drive-768x768.png 768w, https:\/\/www.usborkeychain.com\/wp-content\/uploads\/led-light-usb-flash-drive-12x12.png 12w, https:\/\/www.usborkeychain.com\/wp-content\/uploads\/led-light-usb-flash-drive-600x600.png 600w, https:\/\/www.usborkeychain.com\/wp-content\/uploads\/led-light-usb-flash-drive-100x100.png 100w\" sizes=\"(max-width: 800px) 100vw, 800px\" \/><\/figure>\n<\/div>\n<\/div>","protected":false},"excerpt":{"rendered":"<ul>\n<li>Mat\u00e9riaux en alliage d'aluminium<\/li>\n<li>Mati\u00e8re acrylique<\/li>\n<li>Rotation de 360<\/li>\n<li>Sur mesure <span style=\"font-size: 16px;\">LOGO&amp;LED couleurs de la lumi\u00e8re<\/span><\/li>\n<li>\n<p class=\"header-vfC6AV auto-hide-last-sibling-br\"><span style=\"font-size: 16px;\">MOQ:100pcs<\/span><\/p>\n<\/li>\n<\/ul>","protected":false},"featured_media":6312,"comment_status":"open","ping_status":"closed","template":"","meta":{"_seopress_robots_primary_cat":"","_seopress_titles_title":"","_seopress_titles_desc":"","_seopress_robots_index":"","site-sidebar-layout":"default","site-content-layout":"","ast-site-content-layout":"","site-content-style":"default","site-sidebar-style":"default","ast-global-header-display":"","ast-banner-title-visibility":"","ast-main-header-display":"","ast-hfb-above-header-display":"","ast-hfb-below-header-display":"","ast-hfb-mobile-header-display":"","site-post-title":"","ast-breadcrumbs-content":"","ast-featured-img":"","footer-sml-layout":"","theme-transparent-header-meta":"","adv-header-id-meta":"","stick-header-meta":"","header-above-stick-meta":"","header-main-stick-meta":"","header-below-stick-meta":"","astra-migrate-meta-layouts":"default","ast-page-background-enabled":"default","ast-page-background-meta":{"desktop":{"background-color":"var(--ast-global-color-5)","background-image":"","background-repeat":"repeat","background-position":"center center","background-size":"auto","background-attachment":"scroll","background-type":"","background-media":"","overlay-type":"","overlay-color":"","overlay-opacity":"","overlay-gradient":""},"tablet":{"background-color":"","background-image":"","background-repeat":"repeat","background-position":"center center","background-size":"auto","background-attachment":"scroll","background-type":"","background-media":"","overlay-type":"","overlay-color":"","overlay-opacity":"","overlay-gradient":""},"mobile":{"background-color":"","background-image":"","background-repeat":"repeat","background-position":"center center","background-size":"auto","background-attachment":"scroll","background-type":"","background-media":"","overlay-type":"","overlay-color":"","overlay-opacity":"","overlay-gradient":""}},"ast-content-background-meta":{"desktop":{"background-color":"var(--ast-global-color-4)","background-image":"","background-repeat":"repeat","background-position":"center center","background-size":"auto","background-attachment":"scroll","background-type":"","background-media":"","overlay-type":"","overlay-color":"","overlay-opacity":"","overlay-gradient":""},"tablet":{"background-color":"var(--ast-global-color-4)","background-image":"","background-repeat":"repeat","background-position":"center center","background-size":"auto","background-attachment":"scroll","background-type":"","background-media":"","overlay-type":"","overlay-color":"","overlay-opacity":"","overlay-gradient":""},"mobile":{"background-color":"var(--ast-global-color-4)","background-image":"","background-repeat":"repeat","background-position":"center center","background-size":"auto","background-attachment":"scroll","background-type":"","background-media":"","overlay-type":"","overlay-color":"","overlay-opacity":"","overlay-gradient":""}}},"product_brand":[],"product_cat":[174],"product_tag":[],"class_list":{"0":"post-6309","1":"product","2":"type-product","3":"status-publish","4":"has-post-thumbnail","6":"product_cat-crystal-usb-pendrive","7":"desktop-align-left","8":"tablet-align-left","9":"mobile-align-left","11":"first","12":"instock","13":"shipping-taxable","14":"product-type-simple"},"_links":{"self":[{"href":"https:\/\/www.usborkeychain.com\/fr\/wp-json\/wp\/v2\/product\/6309","targetHints":{"allow":["GET"]}}],"collection":[{"href":"https:\/\/www.usborkeychain.com\/fr\/wp-json\/wp\/v2\/product"}],"about":[{"href":"https:\/\/www.usborkeychain.com\/fr\/wp-json\/wp\/v2\/types\/product"}],"replies":[{"embeddable":true,"href":"https:\/\/www.usborkeychain.com\/fr\/wp-json\/wp\/v2\/comments?post=6309"}],"wp:featuredmedia":[{"embeddable":true,"href":"https:\/\/www.usborkeychain.com\/fr\/wp-json\/wp\/v2\/media\/6312"}],"wp:attachment":[{"href":"https:\/\/www.usborkeychain.com\/fr\/wp-json\/wp\/v2\/media?parent=6309"}],"wp:term":[{"taxonomy":"product_brand","embeddable":true,"href":"https:\/\/www.usborkeychain.com\/fr\/wp-json\/wp\/v2\/product_brand?post=6309"},{"taxonomy":"product_cat","embeddable":true,"href":"https:\/\/www.usborkeychain.com\/fr\/wp-json\/wp\/v2\/product_cat?post=6309"},{"taxonomy":"product_tag","embeddable":true,"href":"https:\/\/www.usborkeychain.com\/fr\/wp-json\/wp\/v2\/product_tag?post=6309"}],"curies":[{"name":"wp","href":"https:\/\/api.w.org\/{rel}","templated":true}]}}