{"id":6329,"date":"2025-08-09T05:11:25","date_gmt":"2025-08-09T05:11:25","guid":{"rendered":"https:\/\/www.usborkeychain.com\/?post_type=product&#038;p=6329"},"modified":"2025-08-09T05:11:28","modified_gmt":"2025-08-09T05:11:28","slug":"crystal-light-up-usb-drive","status":"publish","type":"product","link":"https:\/\/www.usborkeychain.com\/fr\/produit\/crystal-light-up-usb-drive\/","title":{"rendered":"Cl\u00e9 USB Crystal Light-Up"},"content":{"rendered":"<div class=\"wp-block-columns are-vertically-aligned-center is-layout-flex wp-container-core-columns-is-layout-28f84493 wp-block-columns-is-layout-flex\">\n<div class=\"wp-block-column is-vertically-aligned-center is-layout-flow wp-block-column-is-layout-flow\">\n<figure class=\"wp-block-image size-full\"><img alt=\"\" fetchpriority=\"high\" decoding=\"async\" width=\"800\" height=\"800\" src=\"https:\/\/www.usborkeychain.com\/wp-content\/uploads\/LED-crystal-USB-flash-drive.jpg\" class=\"wp-image-6335\" srcset=\"https:\/\/www.usborkeychain.com\/wp-content\/uploads\/LED-crystal-USB-flash-drive.jpg 800w, https:\/\/www.usborkeychain.com\/wp-content\/uploads\/LED-crystal-USB-flash-drive-300x300.jpg 300w, https:\/\/www.usborkeychain.com\/wp-content\/uploads\/LED-crystal-USB-flash-drive-150x150.jpg 150w, https:\/\/www.usborkeychain.com\/wp-content\/uploads\/LED-crystal-USB-flash-drive-768x768.jpg 768w, https:\/\/www.usborkeychain.com\/wp-content\/uploads\/LED-crystal-USB-flash-drive-12x12.jpg 12w, https:\/\/www.usborkeychain.com\/wp-content\/uploads\/LED-crystal-USB-flash-drive-600x600.jpg 600w, https:\/\/www.usborkeychain.com\/wp-content\/uploads\/LED-crystal-USB-flash-drive-100x100.jpg 100w\" sizes=\"(max-width: 800px) 100vw, 800px\" \/><\/figure>\n<\/div>\n\n\n\n<div class=\"wp-block-column is-vertically-aligned-center is-layout-flow wp-block-column-is-layout-flow\">\n<p>Principe d'\u00e9clairage : Une combinaison de \"<strong>Source lumineuse LED + cristal optique<\/strong>&#8220;<\/p>\n\n\n\n<ul class=\"wp-block-list\">\n<li><strong>Syst\u00e8me d'alimentation<\/strong>: \u00c9quip\u00e9 d'une pile micro-bouton int\u00e9gr\u00e9e (ou d'une alimentation directe via l'interface USB) pour fournir de l'\u00e9lectricit\u00e9 \u00e0 la lumi\u00e8re LED.<\/li>\n\n\n\n<li><strong>Porteuse d'\u00e9mission de lumi\u00e8re<\/strong>: Le cristal optique \u00e0 haute transparence sert de \"couverture lumineuse\". Gr\u00e2ce \u00e0 son excellente transmission de la lumi\u00e8re (\u226590%) et \u00e0 son indice de r\u00e9fraction, il diffuse uniform\u00e9ment la lumi\u00e8re des LED pour cr\u00e9er un effet d'\u00e9clairage \u00e0 la fois doux et saisissant.<\/li>\n\n\n\n<li><strong>M\u00e9canisme de d\u00e9clenchement<\/strong>: S'allume automatiquement lorsqu'il est ins\u00e9r\u00e9 dans un appareil (ou avec un interrupteur tactile int\u00e9gr\u00e9), faisant appara\u00eetre les logos et les motifs de la marque en trois dimensions dans la lumi\u00e8re et l'ombre, avec un fort impact visuel.<\/li>\n<\/ul>\n<\/div>\n<\/div>\n\n\n\n<h2 class=\"wp-block-heading\">Caract\u00e9ristiques de la conception<\/h2>\n\n\n\n<div class=\"wp-block-columns is-layout-flex wp-container-core-columns-is-layout-28f84493 wp-block-columns-is-layout-flex\">\n<div class=\"wp-block-column is-vertically-aligned-center is-layout-flow wp-block-column-is-layout-flow\">\n<h3 class=\"wp-block-heading\">Mat\u00e9riau<\/h3>\n\n\n\n<ul class=\"wp-block-list\">\n<li><strong>Pi\u00e8ce m\u00e9tallique<\/strong>: Forg\u00e9 \u00e0 partir d'un alliage de qualit\u00e9 a\u00e9rospatiale, avec un traitement de surface bross\u00e9 ou galvanis\u00e9. R\u00e9sistant \u00e0 l'usure et aux rayures, il pr\u00e9sente un \u00e9clat mat ou miroir qui met en valeur une texture haut de gamme.<\/li>\n\n\n\n<li><strong>Pi\u00e8ce en cristal<\/strong>: Cristal optique K9 s\u00e9lectionn\u00e9 (duret\u00e9 \u22656,5 Mohs), transparent et sans impuret\u00e9. Lorsqu'il est \u00e9clair\u00e9, il ressemble \u00e0 une \"lumi\u00e8re et une ombre flottantes\", ce qui rend les logos\/motifs plus technologiques.<\/li>\n<\/ul>\n<\/div>\n\n\n\n<div class=\"wp-block-column is-layout-flow wp-block-column-is-layout-flow\">\n<figure class=\"wp-block-image size-full\"><img alt=\"\" decoding=\"async\" width=\"800\" height=\"800\" src=\"https:\/\/www.usborkeychain.com\/wp-content\/uploads\/led-light-usb-flash-drive-1.jpg\" class=\"wp-image-6336\" srcset=\"https:\/\/www.usborkeychain.com\/wp-content\/uploads\/led-light-usb-flash-drive-1.jpg 800w, https:\/\/www.usborkeychain.com\/wp-content\/uploads\/led-light-usb-flash-drive-1-300x300.jpg 300w, https:\/\/www.usborkeychain.com\/wp-content\/uploads\/led-light-usb-flash-drive-1-150x150.jpg 150w, https:\/\/www.usborkeychain.com\/wp-content\/uploads\/led-light-usb-flash-drive-1-768x768.jpg 768w, https:\/\/www.usborkeychain.com\/wp-content\/uploads\/led-light-usb-flash-drive-1-12x12.jpg 12w, https:\/\/www.usborkeychain.com\/wp-content\/uploads\/led-light-usb-flash-drive-1-600x600.jpg 600w, https:\/\/www.usborkeychain.com\/wp-content\/uploads\/led-light-usb-flash-drive-1-100x100.jpg 100w\" sizes=\"(max-width: 800px) 100vw, 800px\" \/><\/figure>\n<\/div>\n<\/div>\n\n\n\n<div class=\"wp-block-columns is-layout-flex wp-container-core-columns-is-layout-28f84493 wp-block-columns-is-layout-flex\">\n<div class=\"wp-block-column is-vertically-aligned-center is-layout-flow wp-block-column-is-layout-flow\">\n<h3 class=\"wp-block-heading\">Forme<\/h3>\n\n\n\n<ul class=\"wp-block-list\">\n<li><strong>Conception de base<\/strong>: \"Cristal circulaire + m\u00e9tal rectangulaire\". Le cristal circulaire sert de surface d'\u00e9mission de lumi\u00e8re (diam\u00e8tre 20-25 mm), et la partie m\u00e9tallique rectangulaire situ\u00e9e en dessous relie l'interface USB et le porte-cl\u00e9s. Les formes g\u00e9om\u00e9triques superpos\u00e9es cr\u00e9ent une hi\u00e9rarchie visuelle \"2D\u21923D\".<\/li>\n\n\n\n<li><strong>Conception d\u00e9taill\u00e9e<\/strong>: Les bords m\u00e9talliques sont chanfrein\u00e9s pour une prise en main plus confortable ; le joint entre le cristal et le m\u00e9tal est sans couture, avec une pr\u00e9cision artisanale de \u00b10,1 mm.<\/li>\n<\/ul>\n\n\n\n<h3 class=\"wp-block-heading\">Portabilit\u00e9<\/h3>\n\n\n\n<p>Livr\u00e9 en standard avec un porte-cl\u00e9s en acier inoxydable 304 (diam\u00e8tre 15 mm), qui peut \u00eatre directement attach\u00e9 aux cl\u00e9s ou aux fermetures \u00e9clair des sacs \u00e0 dos.<\/p>\n<\/div>\n\n\n\n<div class=\"wp-block-column is-vertically-aligned-center is-layout-flow wp-block-column-is-layout-flow\">\n<figure class=\"wp-block-image size-full\"><img alt=\"\" decoding=\"async\" width=\"800\" height=\"800\" src=\"https:\/\/www.usborkeychain.com\/wp-content\/uploads\/crystal-light-up-USB-flash-drive.jpg\" class=\"wp-image-6334\" srcset=\"https:\/\/www.usborkeychain.com\/wp-content\/uploads\/crystal-light-up-USB-flash-drive.jpg 800w, https:\/\/www.usborkeychain.com\/wp-content\/uploads\/crystal-light-up-USB-flash-drive-300x300.jpg 300w, https:\/\/www.usborkeychain.com\/wp-content\/uploads\/crystal-light-up-USB-flash-drive-150x150.jpg 150w, https:\/\/www.usborkeychain.com\/wp-content\/uploads\/crystal-light-up-USB-flash-drive-768x768.jpg 768w, https:\/\/www.usborkeychain.com\/wp-content\/uploads\/crystal-light-up-USB-flash-drive-12x12.jpg 12w, https:\/\/www.usborkeychain.com\/wp-content\/uploads\/crystal-light-up-USB-flash-drive-600x600.jpg 600w, https:\/\/www.usborkeychain.com\/wp-content\/uploads\/crystal-light-up-USB-flash-drive-100x100.jpg 100w\" sizes=\"(max-width: 800px) 100vw, 800px\" \/><\/figure>\n<\/div>\n<\/div>\n\n\n\n<h2 class=\"wp-block-heading\">Param\u00e8tres de base de la cl\u00e9 USB<\/h2>\n\n\n\n<figure class=\"wp-block-table\"><table class=\"has-fixed-layout\"><thead><tr><th>Cat\u00e9gorie de param\u00e8tres<\/th><th>Sp\u00e9cifications sp\u00e9cifiques<\/th><\/tr><\/thead><tbody><tr><td>Type d'interface<\/td><td>USB 2.0 (par d\u00e9faut) \/ USB 3.0 \/ Type-C<\/td><\/tr><tr><td>Options de capacit\u00e9<\/td><td>8GB, 16GB, 32GB, 64GB, 128GB<\/td><\/tr><tr><td>Dimensions<\/td><td>Longueur totale 60 mm (y compris le porte-cl\u00e9s), diam\u00e8tre du cristal 22 mm<\/td><\/tr><tr><td>Poids<\/td><td>Environ 28 g (m\u00e9tal + cristal + porte-cl\u00e9s)<\/td><\/tr><tr><td>Couleur claire<\/td><td>Lumi\u00e8re bleue (par d\u00e9faut), lumi\u00e8re rouge, lumi\u00e8re verte, lumi\u00e8re blanche chaude<\/td><\/tr><tr><td>Niveau de protection<\/td><td>IP42 (r\u00e9sistant aux \u00e9claboussures et \u00e0 la poussi\u00e8re)<\/td><\/tr><\/tbody><\/table><\/figure>\n\n\n\n<h2 class=\"wp-block-heading\">Services de personnalisation<\/h2>\n\n\n\n<div class=\"wp-block-columns is-layout-flex wp-container-core-columns-is-layout-28f84493 wp-block-columns-is-layout-flex\">\n<div class=\"wp-block-column is-vertically-aligned-center is-layout-flow wp-block-column-is-layout-flow\">\n<h3 class=\"wp-block-heading\">Personnalisation du LOGO<\/h3>\n\n\n\n<ul class=\"wp-block-list\">\n<li><strong>Zone de cristal<\/strong>: Gr\u00e2ce \u00e0 la technologie de gravure interne au laser 3D, les logos\/motifs sont grav\u00e9s \u00e0 l'int\u00e9rieur du cristal (pr\u00e9cision de 0,01 mm). Lorsqu'ils sont \u00e9clair\u00e9s, les motifs apparaissent suspendus et translucides, avec une r\u00e9sistance permanente \u00e0 la d\u00e9coloration.<\/li>\n\n\n\n<li><strong>Zone m\u00e9tallique<\/strong>: Marquage laser optionnel (lignes fines, adapt\u00e9es aux logos simples) ou coloration par galvanoplastie (couleurs vives, adapt\u00e9es aux motifs complexes). L'adh\u00e9rence est conforme \u00e0 la norme de duret\u00e9 du crayon 4H.<\/li>\n<\/ul>\n<\/div>\n\n\n\n<div class=\"wp-block-column is-vertically-aligned-center is-layout-flow wp-block-column-is-layout-flow\">\n<figure class=\"wp-block-image size-full\"><img alt=\"\" loading=\"lazy\" decoding=\"async\" width=\"800\" height=\"800\" src=\"https:\/\/www.usborkeychain.com\/wp-content\/uploads\/usb-flash-drive-with-led-light-3.png\" class=\"wp-image-6338\" srcset=\"https:\/\/www.usborkeychain.com\/wp-content\/uploads\/usb-flash-drive-with-led-light-3.png 800w, https:\/\/www.usborkeychain.com\/wp-content\/uploads\/usb-flash-drive-with-led-light-3-300x300.png 300w, https:\/\/www.usborkeychain.com\/wp-content\/uploads\/usb-flash-drive-with-led-light-3-150x150.png 150w, https:\/\/www.usborkeychain.com\/wp-content\/uploads\/usb-flash-drive-with-led-light-3-768x768.png 768w, https:\/\/www.usborkeychain.com\/wp-content\/uploads\/usb-flash-drive-with-led-light-3-12x12.png 12w, https:\/\/www.usborkeychain.com\/wp-content\/uploads\/usb-flash-drive-with-led-light-3-600x600.png 600w, https:\/\/www.usborkeychain.com\/wp-content\/uploads\/usb-flash-drive-with-led-light-3-100x100.png 100w\" sizes=\"(max-width: 800px) 100vw, 800px\" \/><\/figure>\n<\/div>\n<\/div>\n\n\n\n<div class=\"wp-block-columns is-layout-flex wp-container-core-columns-is-layout-28f84493 wp-block-columns-is-layout-flex\">\n<div class=\"wp-block-column is-vertically-aligned-center is-layout-flow wp-block-column-is-layout-flow\">\n<figure class=\"wp-block-image size-full\"><img alt=\"\" loading=\"lazy\" decoding=\"async\" width=\"800\" height=\"800\" src=\"https:\/\/www.usborkeychain.com\/wp-content\/uploads\/usb-flash-drive-led-light-2.jpg\" class=\"wp-image-6337\" srcset=\"https:\/\/www.usborkeychain.com\/wp-content\/uploads\/usb-flash-drive-led-light-2.jpg 800w, https:\/\/www.usborkeychain.com\/wp-content\/uploads\/usb-flash-drive-led-light-2-300x300.jpg 300w, https:\/\/www.usborkeychain.com\/wp-content\/uploads\/usb-flash-drive-led-light-2-150x150.jpg 150w, https:\/\/www.usborkeychain.com\/wp-content\/uploads\/usb-flash-drive-led-light-2-768x768.jpg 768w, https:\/\/www.usborkeychain.com\/wp-content\/uploads\/usb-flash-drive-led-light-2-12x12.jpg 12w, https:\/\/www.usborkeychain.com\/wp-content\/uploads\/usb-flash-drive-led-light-2-600x600.jpg 600w, https:\/\/www.usborkeychain.com\/wp-content\/uploads\/usb-flash-drive-led-light-2-100x100.jpg 100w\" sizes=\"(max-width: 800px) 100vw, 800px\" \/><\/figure>\n<\/div>\n\n\n\n<div class=\"wp-block-column is-vertically-aligned-center is-layout-flow wp-block-column-is-layout-flow\">\n<h3 class=\"wp-block-heading\">Personnalisation de l'emballage<\/h3>\n\n\n\n<ul class=\"wp-block-list\">\n<li><strong>Emballage de base<\/strong>: Bo\u00eete en papier givr\u00e9 (avec nom de marque imprim\u00e9 aux UV), simple et \u00e9cologique.<\/li>\n\n\n\n<li><strong>Emballage Premium<\/strong>: Bo\u00eete cadeau en cuir (Nappa\/grain de galet), associ\u00e9e \u00e0 des techniques d'estampage et de gaufrage, adapt\u00e9e aux cadeaux d'affaires.<\/li>\n\n\n\n<li><strong>Extensions de personnalisation<\/strong>: Permet d'int\u00e9grer des cartes de v\u0153ux et des brochures de marque dans le coffret cadeau afin de cr\u00e9er une \"solution cadeau int\u00e9gr\u00e9e\".<\/li>\n<\/ul>\n<\/div>\n<\/div>\n\n\n\n<h2 class=\"wp-block-heading\">Qui paie pour \"Esth\u00e9tique + Technologie\" ?<\/h2>\n\n\n\n<div class=\"wp-block-columns is-layout-flex wp-container-core-columns-is-layout-28f84493 wp-block-columns-is-layout-flex\">\n<div class=\"wp-block-column is-vertically-aligned-center is-layout-flow wp-block-column-is-layout-flow\">\n<ul class=\"wp-block-list\">\n<li>Jeunes cr\u00e9ateurs de tendances : Souvenirs de festivals de musique, etc.<\/li>\n\n\n\n<li>Achats des entreprises : Cadeaux d'affaires (par exemple, r\u00e9unions annuelles, \u00e9v\u00e9nements de remerciement des clients).<\/li>\n\n\n\n<li>Les collectionneurs num\u00e9riques : Le design de la cl\u00e9 USB lumineuse en cristal r\u00e9pond \u00e0 leurs hobbies de collectionneurs.<\/li>\n\n\n\n<li>Les industries cr\u00e9atives : telles que les entreprises de publicit\u00e9 et de design.<\/li>\n<\/ul>\n<\/div>\n\n\n\n<div class=\"wp-block-column is-layout-flow wp-block-column-is-layout-flow\">\n<figure class=\"wp-block-image size-full\"><img alt=\"\" loading=\"lazy\" decoding=\"async\" width=\"800\" height=\"800\" src=\"https:\/\/www.usborkeychain.com\/wp-content\/uploads\/crystal-LED-USB-flash-drive.jpg\" class=\"wp-image-6333\" srcset=\"https:\/\/www.usborkeychain.com\/wp-content\/uploads\/crystal-LED-USB-flash-drive.jpg 800w, https:\/\/www.usborkeychain.com\/wp-content\/uploads\/crystal-LED-USB-flash-drive-300x300.jpg 300w, https:\/\/www.usborkeychain.com\/wp-content\/uploads\/crystal-LED-USB-flash-drive-150x150.jpg 150w, https:\/\/www.usborkeychain.com\/wp-content\/uploads\/crystal-LED-USB-flash-drive-768x768.jpg 768w, https:\/\/www.usborkeychain.com\/wp-content\/uploads\/crystal-LED-USB-flash-drive-12x12.jpg 12w, https:\/\/www.usborkeychain.com\/wp-content\/uploads\/crystal-LED-USB-flash-drive-600x600.jpg 600w, https:\/\/www.usborkeychain.com\/wp-content\/uploads\/crystal-LED-USB-flash-drive-100x100.jpg 100w\" sizes=\"(max-width: 800px) 100vw, 800px\" \/><\/figure>\n<\/div>\n<\/div>\n\n\n\n<div class=\"wp-block-columns is-layout-flex wp-container-core-columns-is-layout-28f84493 wp-block-columns-is-layout-flex\">\n<div class=\"wp-block-column is-layout-flow wp-block-column-is-layout-flow\">\n<figure class=\"wp-block-image size-full\"><img alt=\"\" loading=\"lazy\" decoding=\"async\" width=\"800\" height=\"800\" src=\"https:\/\/www.usborkeychain.com\/wp-content\/uploads\/cheap-led-light-usb-flash-drive.png\" class=\"wp-image-6332\" srcset=\"https:\/\/www.usborkeychain.com\/wp-content\/uploads\/cheap-led-light-usb-flash-drive.png 800w, https:\/\/www.usborkeychain.com\/wp-content\/uploads\/cheap-led-light-usb-flash-drive-300x300.png 300w, https:\/\/www.usborkeychain.com\/wp-content\/uploads\/cheap-led-light-usb-flash-drive-150x150.png 150w, https:\/\/www.usborkeychain.com\/wp-content\/uploads\/cheap-led-light-usb-flash-drive-768x768.png 768w, https:\/\/www.usborkeychain.com\/wp-content\/uploads\/cheap-led-light-usb-flash-drive-12x12.png 12w, https:\/\/www.usborkeychain.com\/wp-content\/uploads\/cheap-led-light-usb-flash-drive-600x600.png 600w, https:\/\/www.usborkeychain.com\/wp-content\/uploads\/cheap-led-light-usb-flash-drive-100x100.png 100w\" sizes=\"(max-width: 800px) 100vw, 800px\" \/><\/figure>\n<\/div>\n\n\n\n<div class=\"wp-block-column is-vertically-aligned-center is-layout-flow wp-block-column-is-layout-flow\">\n<p>Que vous soyez un consommateur en qu\u00eate d'individualit\u00e9 ou une entreprise engag\u00e9e dans le marketing de marque, la <strong>cl\u00e9 USB lumineuse en cristal<\/strong> s'est taill\u00e9 une place unique sur le march\u00e9 num\u00e9rique gr\u00e2ce \u00e0 ses avantages diff\u00e9renci\u00e9s : \"esth\u00e9tique + praticit\u00e9 + personnalisation\".<\/p>\n<\/div>\n<\/div>","protected":false},"excerpt":{"rendered":"<ul>\n<li>Source lumineuse LED<\/li>\n<li>Mat\u00e9riaux m\u00e9talliques et cristallins<\/li>\n<li>Forme circulaire en cristal<\/li>\n<li>Porte-cl\u00e9s en acier inoxydable 304<\/li>\n<li>MOQ:100pcs<\/li>\n<\/ul>","protected":false},"featured_media":6336,"comment_status":"open","ping_status":"closed","template":"","meta":{"_seopress_robots_primary_cat":"","_seopress_titles_title":"","_seopress_titles_desc":"","_seopress_robots_index":"","site-sidebar-layout":"default","site-content-layout":"","ast-site-content-layout":"","site-content-style":"default","site-sidebar-style":"default","ast-global-header-display":"","ast-banner-title-visibility":"","ast-main-header-display":"","ast-hfb-above-header-display":"","ast-hfb-below-header-display":"","ast-hfb-mobile-header-display":"","site-post-title":"","ast-breadcrumbs-content":"","ast-featured-img":"","footer-sml-layout":"","theme-transparent-header-meta":"","adv-header-id-meta":"","stick-header-meta":"","header-above-stick-meta":"","header-main-stick-meta":"","header-below-stick-meta":"","astra-migrate-meta-layouts":"default","ast-page-background-enabled":"default","ast-page-background-meta":{"desktop":{"background-color":"var(--ast-global-color-5)","background-image":"","background-repeat":"repeat","background-position":"center center","background-size":"auto","background-attachment":"scroll","background-type":"","background-media":"","overlay-type":"","overlay-color":"","overlay-opacity":"","overlay-gradient":""},"tablet":{"background-color":"","background-image":"","background-repeat":"repeat","background-position":"center center","background-size":"auto","background-attachment":"scroll","background-type":"","background-media":"","overlay-type":"","overlay-color":"","overlay-opacity":"","overlay-gradient":""},"mobile":{"background-color":"","background-image":"","background-repeat":"repeat","background-position":"center center","background-size":"auto","background-attachment":"scroll","background-type":"","background-media":"","overlay-type":"","overlay-color":"","overlay-opacity":"","overlay-gradient":""}},"ast-content-background-meta":{"desktop":{"background-color":"var(--ast-global-color-4)","background-image":"","background-repeat":"repeat","background-position":"center center","background-size":"auto","background-attachment":"scroll","background-type":"","background-media":"","overlay-type":"","overlay-color":"","overlay-opacity":"","overlay-gradient":""},"tablet":{"background-color":"var(--ast-global-color-4)","background-image":"","background-repeat":"repeat","background-position":"center center","background-size":"auto","background-attachment":"scroll","background-type":"","background-media":"","overlay-type":"","overlay-color":"","overlay-opacity":"","overlay-gradient":""},"mobile":{"background-color":"var(--ast-global-color-4)","background-image":"","background-repeat":"repeat","background-position":"center center","background-size":"auto","background-attachment":"scroll","background-type":"","background-media":"","overlay-type":"","overlay-color":"","overlay-opacity":"","overlay-gradient":""}}},"product_brand":[],"product_cat":[174],"product_tag":[391],"class_list":{"0":"post-6329","1":"product","2":"type-product","3":"status-publish","4":"has-post-thumbnail","6":"product_cat-crystal-usb-pendrive","7":"product_tag-led-crystal-usb-flash-drive","8":"desktop-align-left","9":"tablet-align-left","10":"mobile-align-left","12":"first","13":"instock","14":"shipping-taxable","15":"product-type-simple"},"_links":{"self":[{"href":"https:\/\/www.usborkeychain.com\/fr\/wp-json\/wp\/v2\/product\/6329","targetHints":{"allow":["GET"]}}],"collection":[{"href":"https:\/\/www.usborkeychain.com\/fr\/wp-json\/wp\/v2\/product"}],"about":[{"href":"https:\/\/www.usborkeychain.com\/fr\/wp-json\/wp\/v2\/types\/product"}],"replies":[{"embeddable":true,"href":"https:\/\/www.usborkeychain.com\/fr\/wp-json\/wp\/v2\/comments?post=6329"}],"wp:featuredmedia":[{"embeddable":true,"href":"https:\/\/www.usborkeychain.com\/fr\/wp-json\/wp\/v2\/media\/6336"}],"wp:attachment":[{"href":"https:\/\/www.usborkeychain.com\/fr\/wp-json\/wp\/v2\/media?parent=6329"}],"wp:term":[{"taxonomy":"product_brand","embeddable":true,"href":"https:\/\/www.usborkeychain.com\/fr\/wp-json\/wp\/v2\/product_brand?post=6329"},{"taxonomy":"product_cat","embeddable":true,"href":"https:\/\/www.usborkeychain.com\/fr\/wp-json\/wp\/v2\/product_cat?post=6329"},{"taxonomy":"product_tag","embeddable":true,"href":"https:\/\/www.usborkeychain.com\/fr\/wp-json\/wp\/v2\/product_tag?post=6329"}],"curies":[{"name":"wp","href":"https:\/\/api.w.org\/{rel}","templated":true}]}}