{"id":6342,"date":"2025-08-09T13:02:46","date_gmt":"2025-08-09T13:02:46","guid":{"rendered":"https:\/\/www.usborkeychain.com\/?post_type=product&#038;p=6342"},"modified":"2025-08-09T13:23:34","modified_gmt":"2025-08-09T13:23:34","slug":"wooden-crystal-usb-flash-drive","status":"publish","type":"product","link":"https:\/\/www.usborkeychain.com\/fr\/produit\/wooden-crystal-usb-flash-drive\/","title":{"rendered":"Cl\u00e9 USB en bois et cristal"},"content":{"rendered":"<div class=\"wp-block-columns are-vertically-aligned-center is-layout-flex wp-container-core-columns-is-layout-28f84493 wp-block-columns-is-layout-flex\">\n<div class=\"wp-block-column is-vertically-aligned-center is-layout-flow wp-block-column-is-layout-flow\">\n<figure class=\"wp-block-image size-full\"><img alt=\"\" fetchpriority=\"high\" decoding=\"async\" width=\"800\" height=\"800\" src=\"https:\/\/www.usborkeychain.com\/wp-content\/uploads\/crystal-and-wood-usb-flash-drive.jpg\" class=\"wp-image-6350\" srcset=\"https:\/\/www.usborkeychain.com\/wp-content\/uploads\/crystal-and-wood-usb-flash-drive.jpg 800w, https:\/\/www.usborkeychain.com\/wp-content\/uploads\/crystal-and-wood-usb-flash-drive-300x300.jpg 300w, https:\/\/www.usborkeychain.com\/wp-content\/uploads\/crystal-and-wood-usb-flash-drive-150x150.jpg 150w, https:\/\/www.usborkeychain.com\/wp-content\/uploads\/crystal-and-wood-usb-flash-drive-768x768.jpg 768w, https:\/\/www.usborkeychain.com\/wp-content\/uploads\/crystal-and-wood-usb-flash-drive-12x12.jpg 12w, https:\/\/www.usborkeychain.com\/wp-content\/uploads\/crystal-and-wood-usb-flash-drive-600x600.jpg 600w, https:\/\/www.usborkeychain.com\/wp-content\/uploads\/crystal-and-wood-usb-flash-drive-100x100.jpg 100w\" sizes=\"(max-width: 800px) 100vw, 800px\" \/><\/figure>\n<\/div>\n\n\n\n<div class=\"wp-block-column is-vertically-aligned-center is-layout-flow wp-block-column-is-layout-flow\">\n<p>Le <strong>Cl\u00e9 USB en bois et cristal<\/strong> se caract\u00e9rise par une combinaison de \"bois massif naturel + cristal \u00e0 haute transparence\".<\/p>\n\n\n\n<p>Partie en bois massif : <strong>5 types de bois naturel<\/strong> sont soigneusement s\u00e9lectionn\u00e9s, chacun ayant un grain et une couleur uniques :<\/p>\n\n\n\n<ul class=\"wp-block-list\">\n<li>Noyer : Brun fonc\u00e9, grain fin et lisse, temp\u00e9rament calme.<\/li>\n\n\n\n<li>Cerisier : Brun chaud avec un grain d\u00e9licat et satin\u00e9, donnant une sensation de chaleur.<\/li>\n\n\n\n<li>\u00c9rable : beige clair avec un grain l\u00e9ger et doux, mettant en valeur une ambiance fra\u00eeche.<\/li>\n\n\n\n<li>Ch\u00eane : Couleur claire du bois avec un grain naturel et rugueux, d\u00e9gageant un charme rustique.<\/li>\n\n\n\n<li>Bambou : Jaune clair avec des motifs articulaires de bambou clairs, interpr\u00e9tant la vitalit\u00e9 naturelle.<\/li>\n<\/ul>\n<\/div>\n<\/div>\n\n\n\n<div class=\"wp-block-columns is-layout-flex wp-container-core-columns-is-layout-28f84493 wp-block-columns-is-layout-flex\">\n<div class=\"wp-block-column is-vertically-aligned-center is-layout-flow wp-block-column-is-layout-flow\">\n<figure class=\"wp-block-image size-full\"><img alt=\"\" decoding=\"async\" width=\"800\" height=\"800\" src=\"https:\/\/www.usborkeychain.com\/wp-content\/uploads\/china-acrylic-usb-flash-drives.jpg\" class=\"wp-image-6349\" srcset=\"https:\/\/www.usborkeychain.com\/wp-content\/uploads\/china-acrylic-usb-flash-drives.jpg 800w, https:\/\/www.usborkeychain.com\/wp-content\/uploads\/china-acrylic-usb-flash-drives-300x300.jpg 300w, https:\/\/www.usborkeychain.com\/wp-content\/uploads\/china-acrylic-usb-flash-drives-150x150.jpg 150w, https:\/\/www.usborkeychain.com\/wp-content\/uploads\/china-acrylic-usb-flash-drives-768x768.jpg 768w, https:\/\/www.usborkeychain.com\/wp-content\/uploads\/china-acrylic-usb-flash-drives-12x12.jpg 12w, https:\/\/www.usborkeychain.com\/wp-content\/uploads\/china-acrylic-usb-flash-drives-600x600.jpg 600w, https:\/\/www.usborkeychain.com\/wp-content\/uploads\/china-acrylic-usb-flash-drives-100x100.jpg 100w\" sizes=\"(max-width: 800px) 100vw, 800px\" \/><\/figure>\n<\/div>\n\n\n\n<div class=\"wp-block-column is-vertically-aligned-center is-layout-flow wp-block-column-is-layout-flow\">\n<p>Le bois subit un processus en trois \u00e9tapes de d\u00e9shydratation, de pon\u00e7age et de polissage afin de conserver son grain d'origine et son toucher chaleureux, tout en \u00e9tant respectueux de l'environnement et sans odeur.<\/p>\n\n\n\n<p><strong>Pi\u00e8ce en cristal<\/strong>: Fabriqu\u00e9 en cristal optique de haute puret\u00e9 d'une transparence de 99,9%. Apr\u00e8s une d\u00e9coupe et un polissage pr\u00e9cis, ses bords sont aussi lisses qu'un miroir et pr\u00e9sentent un effet visuel cristallin lors de la r\u00e9fraction de la lumi\u00e8re.<\/p>\n\n\n\n<p>La \"chaleur rustique\" du bois massif et la \"clart\u00e9 cristalline\" du cristal forment un contraste visuel saisissant. Le joint est trait\u00e9 avec un savoir-faire sans faille (collage avec un adh\u00e9sif \u00e9cologique + durcissement \u00e0 temp\u00e9rature constante), ce qui le rend durable et robuste. Il remplit non seulement la fonction de rangement, mais sert \u00e9galement d'accessoire esth\u00e9tique sur le bureau.<\/p>\n<\/div>\n<\/div>\n\n\n\n<h2 class=\"wp-block-heading\">Param\u00e8tres de base de la cl\u00e9 USB<\/h2>\n\n\n\n<figure class=\"wp-block-table\"><table class=\"has-fixed-layout\"><thead><tr><th>Indicateur<\/th><th>D\u00e9tails des param\u00e8tres<\/th><\/tr><\/thead><tbody><tr><td>Capacit\u00e9<\/td><td>8GB \/ 16GB \/ 32GB \/ 64GB \/ 128GB<\/td><\/tr><tr><td>Type d'interface<\/td><td>USB 3.0 (compatible avec USB 2.0), Type-C (options de double interface)<\/td><\/tr><tr><td>Dimensions (L\u00d7L\u00d7H)<\/td><td>54mm\u00d716mm\u00d76mm<\/td><\/tr><tr><td>Poids<\/td><td>Environ 22-25 g<\/td><\/tr><\/tbody><\/table><\/figure>\n\n\n\n<h2 class=\"wp-block-heading\">Services de personnalisation<\/h2>\n\n\n\n<p>Il permet de personnaliser les logos d'entreprise, les signatures personnelles et les motifs exclusifs, afin de r\u00e9pondre \u00e0 des sc\u00e9narios tels que les cadeaux d'affaires, la promotion de la marque et la collection personnelle.<\/p>\n\n\n\n<p>Techniques de personnalisation :<\/p>\n\n\n\n<ul class=\"wp-block-list\">\n<li>Extr\u00e9mit\u00e9 en bois massif : Adopte la technologie de la gravure au laser avec une profondeur de gravure de 0,1-0,2 mm, ce qui permet au logo de se fondre naturellement dans le grain du bois (les logos de couleur claire sont recommand\u00e9s pour les bois fonc\u00e9s, et les logos de couleur fonc\u00e9e pour les bois clairs, afin d'am\u00e9liorer le contraste).<\/li>\n\n\n\n<li>Extr\u00e9mit\u00e9 en cristal : Gravure laser 3D interne au choix (le logo flotte \u00e0 l'int\u00e9rieur du cristal, ce qui lui conf\u00e8re un fort effet tridimensionnel et ne tombe jamais) ou s\u00e9rigraphie en surface (couleurs vives, adapt\u00e9es \u00e0 des motifs simples).<\/li>\n\n\n\n<li>Technique d'assemblage : Coll\u00e9 avec un adh\u00e9sif de qualit\u00e9 \u00e9cologique, soumis \u00e0 des tests de durcissement \u00e0 temp\u00e9rature constante (r\u00e9sistance \u00e0 la traction \u226550N), de sorte qu'il ne se d\u00e9tache pas facilement lors d'une utilisation quotidienne.<\/li>\n<\/ul>\n\n\n\n<div class=\"wp-block-columns is-layout-flex wp-container-core-columns-is-layout-28f84493 wp-block-columns-is-layout-flex\">\n<div class=\"wp-block-column is-layout-flow wp-block-column-is-layout-flow\">\n<figure class=\"wp-block-image size-full\"><img alt=\"\" decoding=\"async\" width=\"800\" height=\"800\" src=\"https:\/\/www.usborkeychain.com\/wp-content\/uploads\/buy-crystal-usb-flash-drive-1.png\" class=\"wp-image-6347\" srcset=\"https:\/\/www.usborkeychain.com\/wp-content\/uploads\/buy-crystal-usb-flash-drive-1.png 800w, https:\/\/www.usborkeychain.com\/wp-content\/uploads\/buy-crystal-usb-flash-drive-1-300x300.png 300w, https:\/\/www.usborkeychain.com\/wp-content\/uploads\/buy-crystal-usb-flash-drive-1-150x150.png 150w, https:\/\/www.usborkeychain.com\/wp-content\/uploads\/buy-crystal-usb-flash-drive-1-768x768.png 768w, https:\/\/www.usborkeychain.com\/wp-content\/uploads\/buy-crystal-usb-flash-drive-1-12x12.png 12w, https:\/\/www.usborkeychain.com\/wp-content\/uploads\/buy-crystal-usb-flash-drive-1-600x600.png 600w, https:\/\/www.usborkeychain.com\/wp-content\/uploads\/buy-crystal-usb-flash-drive-1-100x100.png 100w\" sizes=\"(max-width: 800px) 100vw, 800px\" \/><\/figure>\n<\/div>\n\n\n\n<div class=\"wp-block-column is-layout-flow wp-block-column-is-layout-flow\">\n<figure class=\"wp-block-image size-full\"><img alt=\"\" loading=\"lazy\" decoding=\"async\" width=\"800\" height=\"800\" src=\"https:\/\/www.usborkeychain.com\/wp-content\/uploads\/usb-flash-drive-crystal-manufacturers-in-china.png\" class=\"wp-image-6356\" srcset=\"https:\/\/www.usborkeychain.com\/wp-content\/uploads\/usb-flash-drive-crystal-manufacturers-in-china.png 800w, https:\/\/www.usborkeychain.com\/wp-content\/uploads\/usb-flash-drive-crystal-manufacturers-in-china-300x300.png 300w, https:\/\/www.usborkeychain.com\/wp-content\/uploads\/usb-flash-drive-crystal-manufacturers-in-china-150x150.png 150w, https:\/\/www.usborkeychain.com\/wp-content\/uploads\/usb-flash-drive-crystal-manufacturers-in-china-768x768.png 768w, https:\/\/www.usborkeychain.com\/wp-content\/uploads\/usb-flash-drive-crystal-manufacturers-in-china-12x12.png 12w, https:\/\/www.usborkeychain.com\/wp-content\/uploads\/usb-flash-drive-crystal-manufacturers-in-china-600x600.png 600w, https:\/\/www.usborkeychain.com\/wp-content\/uploads\/usb-flash-drive-crystal-manufacturers-in-china-100x100.png 100w\" sizes=\"(max-width: 800px) 100vw, 800px\" \/><\/figure>\n<\/div>\n\n\n\n<div class=\"wp-block-column is-layout-flow wp-block-column-is-layout-flow\">\n<figure class=\"wp-block-image size-full\"><img alt=\"\" loading=\"lazy\" decoding=\"async\" width=\"800\" height=\"800\" src=\"https:\/\/www.usborkeychain.com\/wp-content\/uploads\/acrylic-usb-flash-drives-factory.jpg\" class=\"wp-image-6345\" srcset=\"https:\/\/www.usborkeychain.com\/wp-content\/uploads\/acrylic-usb-flash-drives-factory.jpg 800w, https:\/\/www.usborkeychain.com\/wp-content\/uploads\/acrylic-usb-flash-drives-factory-300x300.jpg 300w, https:\/\/www.usborkeychain.com\/wp-content\/uploads\/acrylic-usb-flash-drives-factory-150x150.jpg 150w, https:\/\/www.usborkeychain.com\/wp-content\/uploads\/acrylic-usb-flash-drives-factory-768x768.jpg 768w, https:\/\/www.usborkeychain.com\/wp-content\/uploads\/acrylic-usb-flash-drives-factory-12x12.jpg 12w, https:\/\/www.usborkeychain.com\/wp-content\/uploads\/acrylic-usb-flash-drives-factory-600x600.jpg 600w, https:\/\/www.usborkeychain.com\/wp-content\/uploads\/acrylic-usb-flash-drives-factory-100x100.jpg 100w\" sizes=\"(max-width: 800px) 100vw, 800px\" \/><\/figure>\n<\/div>\n<\/div>\n\n\n\n<h2 class=\"wp-block-heading\">Quels sont les groupes qui l'appr\u00e9cient particuli\u00e8rement ?<\/h2>\n\n\n\n<ul class=\"wp-block-list\">\n<li>Les \u00e9lites du monde des affaires : La texture en bois r\u00e9pond \u00e0 la demande de cadeaux de r\u00e9union haut de gamme.<\/li>\n\n\n\n<li>Designers : Le choc des mat\u00e9riaux inspire des id\u00e9es cr\u00e9atives.<\/li>\n\n\n\n<li>D\u00e9fenseurs de l'environnement : Bois naturel + emballage recyclable.<\/li>\n\n\n\n<li>Collectionneurs num\u00e9riques : Valeur de collection des \u00e9ditions limit\u00e9es en couleurs de bois.<\/li>\n<\/ul>\n\n\n\n<div class=\"wp-block-columns is-layout-flex wp-container-core-columns-is-layout-28f84493 wp-block-columns-is-layout-flex\">\n<div class=\"wp-block-column is-layout-flow wp-block-column-is-layout-flow\">\n<figure class=\"wp-block-image size-full\"><img alt=\"\" fetchpriority=\"high\" decoding=\"async\" width=\"800\" height=\"800\" src=\"https:\/\/www.usborkeychain.com\/wp-content\/uploads\/crystal-and-wood-usb-flash-drive.jpg\" class=\"wp-image-6350\" srcset=\"https:\/\/www.usborkeychain.com\/wp-content\/uploads\/crystal-and-wood-usb-flash-drive.jpg 800w, https:\/\/www.usborkeychain.com\/wp-content\/uploads\/crystal-and-wood-usb-flash-drive-300x300.jpg 300w, https:\/\/www.usborkeychain.com\/wp-content\/uploads\/crystal-and-wood-usb-flash-drive-150x150.jpg 150w, https:\/\/www.usborkeychain.com\/wp-content\/uploads\/crystal-and-wood-usb-flash-drive-768x768.jpg 768w, https:\/\/www.usborkeychain.com\/wp-content\/uploads\/crystal-and-wood-usb-flash-drive-12x12.jpg 12w, https:\/\/www.usborkeychain.com\/wp-content\/uploads\/crystal-and-wood-usb-flash-drive-600x600.jpg 600w, https:\/\/www.usborkeychain.com\/wp-content\/uploads\/crystal-and-wood-usb-flash-drive-100x100.jpg 100w\" sizes=\"(max-width: 800px) 100vw, 800px\" \/><\/figure>\n<\/div>\n\n\n\n<div class=\"wp-block-column is-layout-flow wp-block-column-is-layout-flow\">\n<figure class=\"wp-block-image size-full\"><img alt=\"\" loading=\"lazy\" decoding=\"async\" width=\"800\" height=\"800\" src=\"https:\/\/www.usborkeychain.com\/wp-content\/uploads\/crystal-usb-flash-drive-factory.jpg\" class=\"wp-image-6352\" srcset=\"https:\/\/www.usborkeychain.com\/wp-content\/uploads\/crystal-usb-flash-drive-factory.jpg 800w, https:\/\/www.usborkeychain.com\/wp-content\/uploads\/crystal-usb-flash-drive-factory-300x300.jpg 300w, https:\/\/www.usborkeychain.com\/wp-content\/uploads\/crystal-usb-flash-drive-factory-150x150.jpg 150w, https:\/\/www.usborkeychain.com\/wp-content\/uploads\/crystal-usb-flash-drive-factory-768x768.jpg 768w, https:\/\/www.usborkeychain.com\/wp-content\/uploads\/crystal-usb-flash-drive-factory-12x12.jpg 12w, https:\/\/www.usborkeychain.com\/wp-content\/uploads\/crystal-usb-flash-drive-factory-600x600.jpg 600w, https:\/\/www.usborkeychain.com\/wp-content\/uploads\/crystal-usb-flash-drive-factory-100x100.jpg 100w\" sizes=\"(max-width: 800px) 100vw, 800px\" \/><\/figure>\n<\/div>\n\n\n\n<div class=\"wp-block-column is-layout-flow wp-block-column-is-layout-flow\">\n<figure class=\"wp-block-image size-full\"><img alt=\"\" loading=\"lazy\" decoding=\"async\" width=\"800\" height=\"800\" src=\"https:\/\/www.usborkeychain.com\/wp-content\/uploads\/acrylic-usb-flash-drives.jpg\" class=\"wp-image-6346\" srcset=\"https:\/\/www.usborkeychain.com\/wp-content\/uploads\/acrylic-usb-flash-drives.jpg 800w, https:\/\/www.usborkeychain.com\/wp-content\/uploads\/acrylic-usb-flash-drives-300x300.jpg 300w, https:\/\/www.usborkeychain.com\/wp-content\/uploads\/acrylic-usb-flash-drives-150x150.jpg 150w, https:\/\/www.usborkeychain.com\/wp-content\/uploads\/acrylic-usb-flash-drives-768x768.jpg 768w, https:\/\/www.usborkeychain.com\/wp-content\/uploads\/acrylic-usb-flash-drives-12x12.jpg 12w, https:\/\/www.usborkeychain.com\/wp-content\/uploads\/acrylic-usb-flash-drives-600x600.jpg 600w, https:\/\/www.usborkeychain.com\/wp-content\/uploads\/acrylic-usb-flash-drives-100x100.jpg 100w\" sizes=\"(max-width: 800px) 100vw, 800px\" \/><\/figure>\n<\/div>\n<\/div>\n\n\n\n<div class=\"wp-block-columns is-layout-flex wp-container-core-columns-is-layout-28f84493 wp-block-columns-is-layout-flex\">\n<div class=\"wp-block-column is-layout-flow wp-block-column-is-layout-flow\">\n<figure class=\"wp-block-image size-full\"><img alt=\"\" loading=\"lazy\" decoding=\"async\" width=\"800\" height=\"800\" src=\"https:\/\/www.usborkeychain.com\/wp-content\/uploads\/crystal-glass-usb-flash-drive.jpg\" class=\"wp-image-6351\" srcset=\"https:\/\/www.usborkeychain.com\/wp-content\/uploads\/crystal-glass-usb-flash-drive.jpg 800w, https:\/\/www.usborkeychain.com\/wp-content\/uploads\/crystal-glass-usb-flash-drive-300x300.jpg 300w, https:\/\/www.usborkeychain.com\/wp-content\/uploads\/crystal-glass-usb-flash-drive-150x150.jpg 150w, https:\/\/www.usborkeychain.com\/wp-content\/uploads\/crystal-glass-usb-flash-drive-768x768.jpg 768w, https:\/\/www.usborkeychain.com\/wp-content\/uploads\/crystal-glass-usb-flash-drive-12x12.jpg 12w, https:\/\/www.usborkeychain.com\/wp-content\/uploads\/crystal-glass-usb-flash-drive-600x600.jpg 600w, https:\/\/www.usborkeychain.com\/wp-content\/uploads\/crystal-glass-usb-flash-drive-100x100.jpg 100w\" sizes=\"(max-width: 800px) 100vw, 800px\" \/><\/figure>\n<\/div>\n\n\n\n<div class=\"wp-block-column is-layout-flow wp-block-column-is-layout-flow\">\n<figure class=\"wp-block-image size-full\"><img alt=\"\" loading=\"lazy\" decoding=\"async\" width=\"800\" height=\"800\" src=\"https:\/\/www.usborkeychain.com\/wp-content\/uploads\/cheap-acrylic-usb-flash-drives.jpg\" class=\"wp-image-6348\" srcset=\"https:\/\/www.usborkeychain.com\/wp-content\/uploads\/cheap-acrylic-usb-flash-drives.jpg 800w, https:\/\/www.usborkeychain.com\/wp-content\/uploads\/cheap-acrylic-usb-flash-drives-300x300.jpg 300w, https:\/\/www.usborkeychain.com\/wp-content\/uploads\/cheap-acrylic-usb-flash-drives-150x150.jpg 150w, https:\/\/www.usborkeychain.com\/wp-content\/uploads\/cheap-acrylic-usb-flash-drives-768x768.jpg 768w, https:\/\/www.usborkeychain.com\/wp-content\/uploads\/cheap-acrylic-usb-flash-drives-12x12.jpg 12w, https:\/\/www.usborkeychain.com\/wp-content\/uploads\/cheap-acrylic-usb-flash-drives-600x600.jpg 600w, https:\/\/www.usborkeychain.com\/wp-content\/uploads\/cheap-acrylic-usb-flash-drives-100x100.jpg 100w\" sizes=\"(max-width: 800px) 100vw, 800px\" \/><\/figure>\n<\/div>\n\n\n\n<div class=\"wp-block-column is-layout-flow wp-block-column-is-layout-flow\">\n<figure class=\"wp-block-image size-full\"><img alt=\"\" loading=\"lazy\" decoding=\"async\" width=\"800\" height=\"800\" src=\"https:\/\/www.usborkeychain.com\/wp-content\/uploads\/usb-flash-drive-crystal-factory.jpg\" class=\"wp-image-6355\" srcset=\"https:\/\/www.usborkeychain.com\/wp-content\/uploads\/usb-flash-drive-crystal-factory.jpg 800w, https:\/\/www.usborkeychain.com\/wp-content\/uploads\/usb-flash-drive-crystal-factory-300x300.jpg 300w, https:\/\/www.usborkeychain.com\/wp-content\/uploads\/usb-flash-drive-crystal-factory-150x150.jpg 150w, https:\/\/www.usborkeychain.com\/wp-content\/uploads\/usb-flash-drive-crystal-factory-768x768.jpg 768w, https:\/\/www.usborkeychain.com\/wp-content\/uploads\/usb-flash-drive-crystal-factory-12x12.jpg 12w, https:\/\/www.usborkeychain.com\/wp-content\/uploads\/usb-flash-drive-crystal-factory-600x600.jpg 600w, https:\/\/www.usborkeychain.com\/wp-content\/uploads\/usb-flash-drive-crystal-factory-100x100.jpg 100w\" sizes=\"(max-width: 800px) 100vw, 800px\" \/><\/figure>\n<\/div>\n<\/div>\n\n\n\n<h2 class=\"wp-block-heading\">Types d'emballages disponibles<\/h2>\n\n\n\n<div class=\"wp-block-columns is-layout-flex wp-container-core-columns-is-layout-28f84493 wp-block-columns-is-layout-flex\">\n<div class=\"wp-block-column is-vertically-aligned-center is-layout-flow wp-block-column-is-layout-flow\">\n<figure class=\"wp-block-image size-full\"><img alt=\"\" loading=\"lazy\" decoding=\"async\" width=\"800\" height=\"800\" src=\"https:\/\/www.usborkeychain.com\/wp-content\/uploads\/crystal-usb-flash-drive-1.jpg\" class=\"wp-image-6353\" srcset=\"https:\/\/www.usborkeychain.com\/wp-content\/uploads\/crystal-usb-flash-drive-1.jpg 800w, https:\/\/www.usborkeychain.com\/wp-content\/uploads\/crystal-usb-flash-drive-1-300x300.jpg 300w, https:\/\/www.usborkeychain.com\/wp-content\/uploads\/crystal-usb-flash-drive-1-150x150.jpg 150w, https:\/\/www.usborkeychain.com\/wp-content\/uploads\/crystal-usb-flash-drive-1-768x768.jpg 768w, https:\/\/www.usborkeychain.com\/wp-content\/uploads\/crystal-usb-flash-drive-1-12x12.jpg 12w, https:\/\/www.usborkeychain.com\/wp-content\/uploads\/crystal-usb-flash-drive-1-600x600.jpg 600w, https:\/\/www.usborkeychain.com\/wp-content\/uploads\/crystal-usb-flash-drive-1-100x100.jpg 100w\" sizes=\"(max-width: 800px) 100vw, 800px\" \/><\/figure>\n<\/div>\n\n\n\n<div class=\"wp-block-column is-vertically-aligned-center is-layout-flow wp-block-column-is-layout-flow\">\n<h3 class=\"wp-block-heading\">Emballage de base<\/h3>\n\n\n\n<p>La bo\u00eete cadeau est noire et mate, avec une doublure en \u00e9ponge de haute densit\u00e9 \u00e0 l'int\u00e9rieur pour amortir efficacement les chocs. La surface de la bo\u00eete peut \u00eatre orn\u00e9e d'un marquage en relief des noms de marque, ce qui la rend \u00e0 la fois simple et \u00e9l\u00e9gante.<\/p>\n\n\n\n<h3 class=\"wp-block-heading\">Bo\u00eete en bois personnalis\u00e9e<\/h3>\n\n\n\n<p>En option, un coffret en bois massif de la m\u00eame couleur (par exemple, une cl\u00e9 USB en noyer associ\u00e9e \u00e0 un coffret en noyer). Le corps du coffret est ponc\u00e9 et huil\u00e9, les veines reprenant celles de la cl\u00e9 USB pour une texture unifi\u00e9e. \u00c0 l'int\u00e9rieur de la bo\u00eete, des logos s\u00e9rigraphi\u00e9s personnalis\u00e9s et une doublure en flanelle sont disponibles, cr\u00e9ant ainsi une exp\u00e9rience haut de gamme \"full wood series\".<\/p>\n<\/div>\n<\/div>\n\n\n\n<div class=\"wp-block-columns is-layout-flex wp-container-core-columns-is-layout-28f84493 wp-block-columns-is-layout-flex\">\n<div class=\"wp-block-column is-vertically-aligned-center is-layout-flow wp-block-column-is-layout-flow\">\n<p>Le <strong>Cl\u00e9 USB en bois et cristal<\/strong>L'\u00e9tui, en bois massif naturel et en cristal \u00e0 haute transparence, rompt avec la froideur des appareils \u00e9lectroniques. Il couvre une capacit\u00e9 de 8 \u00e0 128 Go, avec des interfaces compatibles avec les appareils grand public pour r\u00e9pondre aux besoins de stockage quotidiens. Du logo \u00e0 l'emballage, il offre un processus de personnalisation complet, adapt\u00e9 \u00e0 de multiples sc\u00e9narios tels que l'entreprise, la collection et le cadeau. Qu'il s'agisse d'un usage personnel ou d'un cadeau d'entreprise, le <strong>Cl\u00e9 USB en bois et cristal<\/strong> est votre choix unique.<\/p>\n<\/div>\n\n\n\n<div class=\"wp-block-column is-vertically-aligned-center is-layout-flow wp-block-column-is-layout-flow\">\n<figure class=\"wp-block-image size-large\"><img alt=\"\" loading=\"lazy\" decoding=\"async\" width=\"800\" height=\"800\" src=\"https:\/\/www.usborkeychain.com\/wp-content\/uploads\/crystal-usb-flash-drives-1-800x800.jpg\" class=\"wp-image-6354\" srcset=\"https:\/\/www.usborkeychain.com\/wp-content\/uploads\/crystal-usb-flash-drives-1-800x800.jpg 800w, https:\/\/www.usborkeychain.com\/wp-content\/uploads\/crystal-usb-flash-drives-1-300x300.jpg 300w, https:\/\/www.usborkeychain.com\/wp-content\/uploads\/crystal-usb-flash-drives-1-150x150.jpg 150w, https:\/\/www.usborkeychain.com\/wp-content\/uploads\/crystal-usb-flash-drives-1-768x768.jpg 768w, https:\/\/www.usborkeychain.com\/wp-content\/uploads\/crystal-usb-flash-drives-1-12x12.jpg 12w, https:\/\/www.usborkeychain.com\/wp-content\/uploads\/crystal-usb-flash-drives-1-600x600.jpg 600w, https:\/\/www.usborkeychain.com\/wp-content\/uploads\/crystal-usb-flash-drives-1-100x100.jpg 100w, https:\/\/www.usborkeychain.com\/wp-content\/uploads\/crystal-usb-flash-drives-1.jpg 1000w\" sizes=\"(max-width: 800px) 100vw, 800px\" \/><\/figure>\n<\/div>\n<\/div>","protected":false},"excerpt":{"rendered":"<ul>\n<li>Bois massif naturel<\/li>\n<li>Cristal \u00e0 haute transparence<\/li>\n<li>Couvre les capacit\u00e9s de 8 Go \u00e0 128 Go<\/li>\n<li>Personnalisation du logo et de l'emballage<\/li>\n<li>MOQ\uff1a100pcs<\/li>\n<\/ul>","protected":false},"featured_media":6349,"comment_status":"open","ping_status":"closed","template":"","meta":{"_seopress_robots_primary_cat":"","_seopress_titles_title":"","_seopress_titles_desc":"","_seopress_robots_index":"","site-sidebar-layout":"default","site-content-layout":"","ast-site-content-layout":"","site-content-style":"default","site-sidebar-style":"default","ast-global-header-display":"","ast-banner-title-visibility":"","ast-main-header-display":"","ast-hfb-above-header-display":"","ast-hfb-below-header-display":"","ast-hfb-mobile-header-display":"","site-post-title":"","ast-breadcrumbs-content":"","ast-featured-img":"","footer-sml-layout":"","theme-transparent-header-meta":"","adv-header-id-meta":"","stick-header-meta":"","header-above-stick-meta":"","header-main-stick-meta":"","header-below-stick-meta":"","astra-migrate-meta-layouts":"default","ast-page-background-enabled":"default","ast-page-background-meta":{"desktop":{"background-color":"var(--ast-global-color-5)","background-image":"","background-repeat":"repeat","background-position":"center center","background-size":"auto","background-attachment":"scroll","background-type":"","background-media":"","overlay-type":"","overlay-color":"","overlay-opacity":"","overlay-gradient":""},"tablet":{"background-color":"","background-image":"","background-repeat":"repeat","background-position":"center center","background-size":"auto","background-attachment":"scroll","background-type":"","background-media":"","overlay-type":"","overlay-color":"","overlay-opacity":"","overlay-gradient":""},"mobile":{"background-color":"","background-image":"","background-repeat":"repeat","background-position":"center center","background-size":"auto","background-attachment":"scroll","background-type":"","background-media":"","overlay-type":"","overlay-color":"","overlay-opacity":"","overlay-gradient":""}},"ast-content-background-meta":{"desktop":{"background-color":"var(--ast-global-color-4)","background-image":"","background-repeat":"repeat","background-position":"center center","background-size":"auto","background-attachment":"scroll","background-type":"","background-media":"","overlay-type":"","overlay-color":"","overlay-opacity":"","overlay-gradient":""},"tablet":{"background-color":"var(--ast-global-color-4)","background-image":"","background-repeat":"repeat","background-position":"center center","background-size":"auto","background-attachment":"scroll","background-type":"","background-media":"","overlay-type":"","overlay-color":"","overlay-opacity":"","overlay-gradient":""},"mobile":{"background-color":"var(--ast-global-color-4)","background-image":"","background-repeat":"repeat","background-position":"center center","background-size":"auto","background-attachment":"scroll","background-type":"","background-media":"","overlay-type":"","overlay-color":"","overlay-opacity":"","overlay-gradient":""}}},"product_brand":[],"product_cat":[174],"product_tag":[392],"class_list":{"0":"post-6342","1":"product","2":"type-product","3":"status-publish","4":"has-post-thumbnail","6":"product_cat-crystal-usb-pendrive","7":"product_tag-wooden-crystal-usb-flash-drive","8":"desktop-align-left","9":"tablet-align-left","10":"mobile-align-left","12":"first","13":"instock","14":"shipping-taxable","15":"product-type-simple"},"_links":{"self":[{"href":"https:\/\/www.usborkeychain.com\/fr\/wp-json\/wp\/v2\/product\/6342","targetHints":{"allow":["GET"]}}],"collection":[{"href":"https:\/\/www.usborkeychain.com\/fr\/wp-json\/wp\/v2\/product"}],"about":[{"href":"https:\/\/www.usborkeychain.com\/fr\/wp-json\/wp\/v2\/types\/product"}],"replies":[{"embeddable":true,"href":"https:\/\/www.usborkeychain.com\/fr\/wp-json\/wp\/v2\/comments?post=6342"}],"wp:featuredmedia":[{"embeddable":true,"href":"https:\/\/www.usborkeychain.com\/fr\/wp-json\/wp\/v2\/media\/6349"}],"wp:attachment":[{"href":"https:\/\/www.usborkeychain.com\/fr\/wp-json\/wp\/v2\/media?parent=6342"}],"wp:term":[{"taxonomy":"product_brand","embeddable":true,"href":"https:\/\/www.usborkeychain.com\/fr\/wp-json\/wp\/v2\/product_brand?post=6342"},{"taxonomy":"product_cat","embeddable":true,"href":"https:\/\/www.usborkeychain.com\/fr\/wp-json\/wp\/v2\/product_cat?post=6342"},{"taxonomy":"product_tag","embeddable":true,"href":"https:\/\/www.usborkeychain.com\/fr\/wp-json\/wp\/v2\/product_tag?post=6342"}],"curies":[{"name":"wp","href":"https:\/\/api.w.org\/{rel}","templated":true}]}}