{"id":6383,"date":"2025-08-09T15:21:16","date_gmt":"2025-08-09T15:21:16","guid":{"rendered":"https:\/\/www.usborkeychain.com\/?post_type=product&#038;p=6383"},"modified":"2025-08-16T03:06:01","modified_gmt":"2025-08-16T03:06:01","slug":"golden-crystal-usb-flash-drive","status":"publish","type":"product","link":"https:\/\/www.usborkeychain.com\/fr\/produit\/golden-crystal-usb-flash-drive\/","title":{"rendered":"Cl\u00e9 USB en cristal dor\u00e9"},"content":{"rendered":"<h2 class=\"wp-block-heading\">Caract\u00e9ristiques de la cl\u00e9 USB Golden Crystal<\/h2>\n\n\n\n<div class=\"wp-block-columns is-layout-flex wp-container-core-columns-is-layout-28f84493 wp-block-columns-is-layout-flex\">\n<div class=\"wp-block-column is-vertically-aligned-center is-layout-flow wp-block-column-is-layout-flow\">\n<p>Le bo\u00eetier en m\u00e9tal dor\u00e9 est associ\u00e9 \u00e0 un corps en cristal transparent, cr\u00e9ant un fort contraste visuel entre l'\u00e9clat m\u00e9tallique et la clart\u00e9 du cristal. Il ne s'agit pas seulement d'une qualit\u00e9 haut de gamme, mais aussi d'une combinaison de mode et d'art.<\/p>\n\n\n\n<p>Transmission \u00e0 haute efficacit\u00e9 de l'USB 3.0 : La vitesse de lecture atteint 60 Mo\/s et la vitesse d'\u00e9criture 15 Mo\/s. En pratique, le transfert d'un fichier vid\u00e9o de 1 Go ne prend qu'environ 17 secondes avec l'USB 3.0, alors qu'il prend pr\u00e8s de 3 minutes avec l'USB 2.0. L'efficacit\u00e9 est am\u00e9lior\u00e9e plusieurs fois, ce qui r\u00e9duit consid\u00e9rablement le temps d'attente.<\/p>\n<\/div>\n\n\n\n<div class=\"wp-block-column is-vertically-aligned-center is-layout-flow wp-block-column-is-layout-flow\">\n<figure class=\"wp-block-image size-full\"><img alt=\"\" fetchpriority=\"high\" decoding=\"async\" width=\"800\" height=\"800\" src=\"https:\/\/www.usborkeychain.com\/wp-content\/uploads\/buy-crystal-usb-flash-drive-1.jpg\" class=\"wp-image-6386\" srcset=\"https:\/\/www.usborkeychain.com\/wp-content\/uploads\/buy-crystal-usb-flash-drive-1.jpg 800w, https:\/\/www.usborkeychain.com\/wp-content\/uploads\/buy-crystal-usb-flash-drive-1-300x300.jpg 300w, https:\/\/www.usborkeychain.com\/wp-content\/uploads\/buy-crystal-usb-flash-drive-1-150x150.jpg 150w, https:\/\/www.usborkeychain.com\/wp-content\/uploads\/buy-crystal-usb-flash-drive-1-768x768.jpg 768w, https:\/\/www.usborkeychain.com\/wp-content\/uploads\/buy-crystal-usb-flash-drive-1-12x12.jpg 12w, https:\/\/www.usborkeychain.com\/wp-content\/uploads\/buy-crystal-usb-flash-drive-1-600x600.jpg 600w, https:\/\/www.usborkeychain.com\/wp-content\/uploads\/buy-crystal-usb-flash-drive-1-100x100.jpg 100w\" sizes=\"(max-width: 800px) 100vw, 800px\" \/><\/figure>\n<\/div>\n<\/div>\n\n\n\n<h3 class=\"wp-block-heading\">Tableau des param\u00e8tres de base de la cl\u00e9 USB<\/h3>\n\n\n\n<figure class=\"wp-block-table\"><table class=\"has-fixed-layout\"><thead><tr><th>Cat\u00e9gorie de param\u00e8tres<\/th><th>D\u00e9tails<\/th><\/tr><\/thead><tbody><tr><td>Options de capacit\u00e9<\/td><td>8GB, 16GB, 32GB, 64GB, 128GB<\/td><\/tr><tr><td>Dimensions (Longueur \u00d7 Largeur \u00d7 \u00c9paisseur)<\/td><td>58,42 mm \u00d7 16,51 mm \u00d7 9,65 mm<\/td><\/tr><tr><td>Poids<\/td><td>Environ 10 grammes<\/td><\/tr><tr><td>Type d'interface<\/td><td>USB 3.0 (r\u00e9trocompatible avec USB 2.0)<\/td><\/tr><tr><td>Vitesse de lecture\/\u00e9criture<\/td><td>Lecture : \u226460MB\/s ; \u00e9criture : \u226515MB\/s (la vitesse r\u00e9elle est affect\u00e9e par les appareils et les syst\u00e8mes ; veuillez vous r\u00e9f\u00e9rer aux mesures r\u00e9elles).<\/td><\/tr><tr><td>Mat\u00e9riau<\/td><td>M\u00e9tal + cristal<\/td><\/tr><\/tbody><\/table><\/figure>\n\n\n\n<h2 class=\"wp-block-heading\">Services de personnalisation<\/h2>\n\n\n\n<div class=\"wp-block-columns is-layout-flex wp-container-core-columns-is-layout-28f84493 wp-block-columns-is-layout-flex\">\n<div class=\"wp-block-column is-vertically-aligned-center is-layout-flow wp-block-column-is-layout-flow\">\n<figure class=\"wp-block-image size-full\"><img alt=\"\" decoding=\"async\" width=\"800\" height=\"800\" src=\"https:\/\/www.usborkeychain.com\/wp-content\/uploads\/crystal-usb-flash-drive-3.jpg\" class=\"wp-image-6388\" srcset=\"https:\/\/www.usborkeychain.com\/wp-content\/uploads\/crystal-usb-flash-drive-3.jpg 800w, https:\/\/www.usborkeychain.com\/wp-content\/uploads\/crystal-usb-flash-drive-3-300x300.jpg 300w, https:\/\/www.usborkeychain.com\/wp-content\/uploads\/crystal-usb-flash-drive-3-150x150.jpg 150w, https:\/\/www.usborkeychain.com\/wp-content\/uploads\/crystal-usb-flash-drive-3-768x768.jpg 768w, https:\/\/www.usborkeychain.com\/wp-content\/uploads\/crystal-usb-flash-drive-3-12x12.jpg 12w, https:\/\/www.usborkeychain.com\/wp-content\/uploads\/crystal-usb-flash-drive-3-600x600.jpg 600w, https:\/\/www.usborkeychain.com\/wp-content\/uploads\/crystal-usb-flash-drive-3-100x100.jpg 100w\" sizes=\"(max-width: 800px) 100vw, 800px\" \/><\/figure>\n<\/div>\n\n\n\n<div class=\"wp-block-column is-vertically-aligned-center is-layout-flow wp-block-column-is-layout-flow\">\n<h4 class=\"wp-block-heading\">Techniques de personnalisation du LOGO<\/h4>\n\n\n\n<ul class=\"wp-block-list\">\n<li>Partie en cristal : Gr\u00e2ce \u00e0 la technologie de gravure interne au laser, le logo ou le motif est int\u00e9gr\u00e9 dans le cristal. Le motif reste clair et ne s'estompe jamais. Il a un effet st\u00e9r\u00e9oscopique en 3D et offre une exp\u00e9rience visuelle unique.<\/li>\n\n\n\n<li>Bo\u00eetier m\u00e9tallique : Permet la gravure au laser ou la s\u00e9rigraphie. Le LOGO est reproduit avec pr\u00e9cision et la texture m\u00e9tallique est int\u00e9gr\u00e9e au logo, soulignant ainsi le style de la marque.<\/li>\n<\/ul>\n\n\n\n<h4 class=\"wp-block-heading\">Soutien : Personnalisation des cartes de couleur<\/h4>\n\n\n\n<p>La carte \"Espace photo\" du coffret cadeau peut \u00eatre personnalis\u00e9e en diff\u00e9rentes couleurs (couleurs de l'entreprise VI, couleurs des f\u00eates, etc.). Associ\u00e9e au LOGO, elle constitue un symbole visuel exclusif qui r\u00e9pond \u00e0 des besoins personnalis\u00e9s tels que les cadeaux d'entreprise, les souvenirs d'\u00e9v\u00e9nements et les souvenirs personnels.<\/p>\n<\/div>\n<\/div>\n\n\n\n<h2 class=\"wp-block-heading\">Bo\u00eete d'emballage de la cl\u00e9 USB Golden Crystal<\/h2>\n\n\n\n<div class=\"wp-block-columns is-layout-flex wp-container-core-columns-is-layout-28f84493 wp-block-columns-is-layout-flex\">\n<div class=\"wp-block-column is-vertically-aligned-center is-layout-flow wp-block-column-is-layout-flow\">\n<h4 class=\"wp-block-heading\">1. Mat\u00e9riau et structure<\/h4>\n\n\n\n<p>La bo\u00eete cadeau est en fer, avec un mat\u00e9riau robuste et une forte r\u00e9sistance \u00e0 la pression, ce qui prot\u00e8ge efficacement la cl\u00e9 USB des chocs et des rayures. Le design de la bo\u00eete est simple et \u00e9l\u00e9gant, la texture m\u00e9tallique argent\u00e9e faisant \u00e9cho \u00e0 la couleur dor\u00e9e de la cl\u00e9 USB. <strong>Cl\u00e9 USB<\/strong>ce qui am\u00e9liore la note globale.<\/p>\n\n\n\n<h4 class=\"wp-block-heading\">2. Design en vedette : Zone photo transparente<\/h4>\n\n\n\n<p>Le couvercle de la bo\u00eete est \u00e9quip\u00e9 d'une \"zone photo\" transparente o\u00f9 l'on peut placer des cartes personnalis\u00e9es, des photos ou des pages de promotion de la marque. Non seulement cette zone renforce le caract\u00e8re exclusif du cadeau, mais elle facilite \u00e9galement l'affichage des informations relatives \u00e0 la marque, apportant ainsi la \"touche finale\" aux cadeaux d'affaires.<\/p>\n<\/div>\n\n\n\n<div class=\"wp-block-column is-vertically-aligned-center is-layout-flow wp-block-column-is-layout-flow\">\n<figure class=\"wp-block-image size-full\"><img alt=\"\" decoding=\"async\" width=\"800\" height=\"800\" src=\"https:\/\/www.usborkeychain.com\/wp-content\/uploads\/crystal-usb-flash-drive-bulk-2.jpg\" class=\"wp-image-6387\" srcset=\"https:\/\/www.usborkeychain.com\/wp-content\/uploads\/crystal-usb-flash-drive-bulk-2.jpg 800w, https:\/\/www.usborkeychain.com\/wp-content\/uploads\/crystal-usb-flash-drive-bulk-2-300x300.jpg 300w, https:\/\/www.usborkeychain.com\/wp-content\/uploads\/crystal-usb-flash-drive-bulk-2-150x150.jpg 150w, https:\/\/www.usborkeychain.com\/wp-content\/uploads\/crystal-usb-flash-drive-bulk-2-768x768.jpg 768w, https:\/\/www.usborkeychain.com\/wp-content\/uploads\/crystal-usb-flash-drive-bulk-2-12x12.jpg 12w, https:\/\/www.usborkeychain.com\/wp-content\/uploads\/crystal-usb-flash-drive-bulk-2-600x600.jpg 600w, https:\/\/www.usborkeychain.com\/wp-content\/uploads\/crystal-usb-flash-drive-bulk-2-100x100.jpg 100w\" sizes=\"(max-width: 800px) 100vw, 800px\" \/><\/figure>\n<\/div>\n<\/div>\n\n\n\n<div class=\"wp-block-columns is-layout-flex wp-container-core-columns-is-layout-28f84493 wp-block-columns-is-layout-flex\">\n<div class=\"wp-block-column is-vertically-aligned-center is-layout-flow wp-block-column-is-layout-flow\">\n<figure class=\"wp-block-image size-full\"><img alt=\"\" loading=\"lazy\" decoding=\"async\" width=\"800\" height=\"800\" src=\"https:\/\/www.usborkeychain.com\/wp-content\/uploads\/crystal-usb-flash-drives-3.jpg\" class=\"wp-image-6389\" srcset=\"https:\/\/www.usborkeychain.com\/wp-content\/uploads\/crystal-usb-flash-drives-3.jpg 800w, https:\/\/www.usborkeychain.com\/wp-content\/uploads\/crystal-usb-flash-drives-3-300x300.jpg 300w, https:\/\/www.usborkeychain.com\/wp-content\/uploads\/crystal-usb-flash-drives-3-150x150.jpg 150w, https:\/\/www.usborkeychain.com\/wp-content\/uploads\/crystal-usb-flash-drives-3-768x768.jpg 768w, https:\/\/www.usborkeychain.com\/wp-content\/uploads\/crystal-usb-flash-drives-3-12x12.jpg 12w, https:\/\/www.usborkeychain.com\/wp-content\/uploads\/crystal-usb-flash-drives-3-600x600.jpg 600w, https:\/\/www.usborkeychain.com\/wp-content\/uploads\/crystal-usb-flash-drives-3-100x100.jpg 100w\" sizes=\"(max-width: 800px) 100vw, 800px\" \/><\/figure>\n<\/div>\n\n\n\n<div class=\"wp-block-column is-vertically-aligned-center is-layout-flow wp-block-column-is-layout-flow\">\n<p>Le <strong>Cl\u00e9 USB en cristal dor\u00e9<\/strong> rompt avec l'homog\u00e9n\u00e9isation des dispositifs de stockage traditionnels gr\u00e2ce \u00e0 son design l\u00e9ger et luxueux en m\u00e9tal et en cristal. <\/p>\n\n\n\n<p>Associ\u00e9 \u00e0 la technologie de transmission ultra-haute vitesse USB 3.0, il offre des solutions bureautiques stables et efficaces dans la gamme de capacit\u00e9 32-128 Go. <\/p>\n\n\n\n<p>Cette cl\u00e9 USB convient \u00e0 des occasions telles que les cadeaux d'entreprise, les c\u00e9l\u00e9brations d'anniversaire et les n\u00e9gociations commerciales. Les entreprises ou les particuliers ayant des besoins de personnalisation peuvent consulter le service client\u00e8le.<\/p>\n<\/div>\n<\/div>","protected":false},"excerpt":{"rendered":"<ul>\n<li>M\u00e9taux+cristaux<\/li>\n<li>LOGO et personnalisation de l'emballage<\/li>\n<li>USB 3.0 ultra-haute vitesse<\/li>\n<li>Zone photo\" transparente<\/li>\n<li>MOQ:100pcs<\/li>\n<\/ul>","protected":false},"featured_media":6388,"comment_status":"open","ping_status":"closed","template":"","meta":{"_seopress_robots_primary_cat":"","_seopress_titles_title":"","_seopress_titles_desc":"","_seopress_robots_index":"","site-sidebar-layout":"default","site-content-layout":"","ast-site-content-layout":"","site-content-style":"default","site-sidebar-style":"default","ast-global-header-display":"","ast-banner-title-visibility":"","ast-main-header-display":"","ast-hfb-above-header-display":"","ast-hfb-below-header-display":"","ast-hfb-mobile-header-display":"","site-post-title":"","ast-breadcrumbs-content":"","ast-featured-img":"","footer-sml-layout":"","theme-transparent-header-meta":"","adv-header-id-meta":"","stick-header-meta":"","header-above-stick-meta":"","header-main-stick-meta":"","header-below-stick-meta":"","astra-migrate-meta-layouts":"default","ast-page-background-enabled":"default","ast-page-background-meta":{"desktop":{"background-color":"var(--ast-global-color-5)","background-image":"","background-repeat":"repeat","background-position":"center center","background-size":"auto","background-attachment":"scroll","background-type":"","background-media":"","overlay-type":"","overlay-color":"","overlay-opacity":"","overlay-gradient":""},"tablet":{"background-color":"","background-image":"","background-repeat":"repeat","background-position":"center center","background-size":"auto","background-attachment":"scroll","background-type":"","background-media":"","overlay-type":"","overlay-color":"","overlay-opacity":"","overlay-gradient":""},"mobile":{"background-color":"","background-image":"","background-repeat":"repeat","background-position":"center center","background-size":"auto","background-attachment":"scroll","background-type":"","background-media":"","overlay-type":"","overlay-color":"","overlay-opacity":"","overlay-gradient":""}},"ast-content-background-meta":{"desktop":{"background-color":"var(--ast-global-color-4)","background-image":"","background-repeat":"repeat","background-position":"center center","background-size":"auto","background-attachment":"scroll","background-type":"","background-media":"","overlay-type":"","overlay-color":"","overlay-opacity":"","overlay-gradient":""},"tablet":{"background-color":"var(--ast-global-color-4)","background-image":"","background-repeat":"repeat","background-position":"center center","background-size":"auto","background-attachment":"scroll","background-type":"","background-media":"","overlay-type":"","overlay-color":"","overlay-opacity":"","overlay-gradient":""},"mobile":{"background-color":"var(--ast-global-color-4)","background-image":"","background-repeat":"repeat","background-position":"center center","background-size":"auto","background-attachment":"scroll","background-type":"","background-media":"","overlay-type":"","overlay-color":"","overlay-opacity":"","overlay-gradient":""}}},"product_brand":[],"product_cat":[174,103],"product_tag":[394],"class_list":{"0":"post-6383","1":"product","2":"type-product","3":"status-publish","4":"has-post-thumbnail","6":"product_cat-crystal-usb-pendrive","7":"product_cat-usb2-0-usb-pendrive","8":"product_tag-golden-crystal-usb-flash-drive","9":"desktop-align-left","10":"tablet-align-left","11":"mobile-align-left","13":"first","14":"instock","15":"shipping-taxable","16":"product-type-simple"},"_links":{"self":[{"href":"https:\/\/www.usborkeychain.com\/fr\/wp-json\/wp\/v2\/product\/6383","targetHints":{"allow":["GET"]}}],"collection":[{"href":"https:\/\/www.usborkeychain.com\/fr\/wp-json\/wp\/v2\/product"}],"about":[{"href":"https:\/\/www.usborkeychain.com\/fr\/wp-json\/wp\/v2\/types\/product"}],"replies":[{"embeddable":true,"href":"https:\/\/www.usborkeychain.com\/fr\/wp-json\/wp\/v2\/comments?post=6383"}],"wp:featuredmedia":[{"embeddable":true,"href":"https:\/\/www.usborkeychain.com\/fr\/wp-json\/wp\/v2\/media\/6388"}],"wp:attachment":[{"href":"https:\/\/www.usborkeychain.com\/fr\/wp-json\/wp\/v2\/media?parent=6383"}],"wp:term":[{"taxonomy":"product_brand","embeddable":true,"href":"https:\/\/www.usborkeychain.com\/fr\/wp-json\/wp\/v2\/product_brand?post=6383"},{"taxonomy":"product_cat","embeddable":true,"href":"https:\/\/www.usborkeychain.com\/fr\/wp-json\/wp\/v2\/product_cat?post=6383"},{"taxonomy":"product_tag","embeddable":true,"href":"https:\/\/www.usborkeychain.com\/fr\/wp-json\/wp\/v2\/product_tag?post=6383"}],"curies":[{"name":"wp","href":"https:\/\/api.w.org\/{rel}","templated":true}]}}