{"id":6402,"date":"2025-08-10T02:15:16","date_gmt":"2025-08-10T02:15:16","guid":{"rendered":"https:\/\/www.usborkeychain.com\/?post_type=product&#038;p=6402"},"modified":"2025-08-10T02:15:19","modified_gmt":"2025-08-10T02:15:19","slug":"lipstick-crystal-usb-drive","status":"publish","type":"product","link":"https:\/\/www.usborkeychain.com\/fr\/produit\/lipstick-crystal-usb-drive\/","title":{"rendered":"Cl\u00e9 USB Lipstick Crystal"},"content":{"rendered":"<div class=\"wp-block-columns is-layout-flex wp-container-core-columns-is-layout-28f84493 wp-block-columns-is-layout-flex\">\n<div class=\"wp-block-column is-vertically-aligned-center is-layout-flow wp-block-column-is-layout-flow\">\n<figure class=\"wp-block-image size-large\"><img alt=\"\" fetchpriority=\"high\" decoding=\"async\" width=\"740\" height=\"800\" src=\"https:\/\/www.usborkeychain.com\/wp-content\/uploads\/colorful-Lipstick-crystal-usb-flash-drives-740x800.jpg\" class=\"wp-image-6394\" srcset=\"https:\/\/www.usborkeychain.com\/wp-content\/uploads\/colorful-Lipstick-crystal-usb-flash-drives-740x800.jpg 740w, https:\/\/www.usborkeychain.com\/wp-content\/uploads\/colorful-Lipstick-crystal-usb-flash-drives-277x300.jpg 277w, https:\/\/www.usborkeychain.com\/wp-content\/uploads\/colorful-Lipstick-crystal-usb-flash-drives-768x830.jpg 768w, https:\/\/www.usborkeychain.com\/wp-content\/uploads\/colorful-Lipstick-crystal-usb-flash-drives-11x12.jpg 11w, https:\/\/www.usborkeychain.com\/wp-content\/uploads\/colorful-Lipstick-crystal-usb-flash-drives-600x649.jpg 600w, https:\/\/www.usborkeychain.com\/wp-content\/uploads\/colorful-Lipstick-crystal-usb-flash-drives.jpg 800w\" sizes=\"(max-width: 740px) 100vw, 740px\" \/><\/figure>\n<\/div>\n\n\n\n<div class=\"wp-block-column is-vertically-aligned-center is-layout-flow wp-block-column-is-layout-flow\">\n<h2 class=\"wp-block-heading\">Caract\u00e9ristiques de la conception<\/h2>\n\n\n\n<p>Le<strong> Cl\u00e9 USB Lipstick Crystal<\/strong> prend pour prototype la forme classique d'un rouge \u00e0 l\u00e8vres, combinant astucieusement le stockage technologique et l'esth\u00e9tique de la mode, ce qui en fait un \"tr\u00e9sor portable\" tr\u00e8s appr\u00e9ci\u00e9 des femmes :<\/p>\n\n\n\n<h3 class=\"wp-block-heading\">1. Rouge \u00e0 l\u00e8vres bionique<\/h3>\n\n\n\n<p>De forme cylindrique, elle reproduit les contours d\u00e9licats d'un rouge \u00e0 l\u00e8vres. Surmont\u00e9e d'un anneau m\u00e9tallique et d'une cha\u00eene de 66 cm, elle peut servir de porte-cl\u00e9s sur un sac ou de pendentif sur un collier, transformant la cl\u00e9 USB d'un \"outil\" en un accessoire de mode qui met en valeur la personnalit\u00e9 de l'utilisateur o\u00f9 qu'il aille.<\/p>\n<\/div>\n<\/div>\n\n\n\n<div class=\"wp-block-columns is-layout-flex wp-container-core-columns-is-layout-28f84493 wp-block-columns-is-layout-flex\">\n<div class=\"wp-block-column is-vertically-aligned-center is-layout-flow wp-block-column-is-layout-flow\">\n<figure class=\"wp-block-image size-full\"><img alt=\"\" decoding=\"async\" width=\"800\" height=\"800\" src=\"https:\/\/www.usborkeychain.com\/wp-content\/uploads\/crystal-usb-flash-drive-bulk-3.jpg\" class=\"wp-image-6395\" srcset=\"https:\/\/www.usborkeychain.com\/wp-content\/uploads\/crystal-usb-flash-drive-bulk-3.jpg 800w, https:\/\/www.usborkeychain.com\/wp-content\/uploads\/crystal-usb-flash-drive-bulk-3-300x300.jpg 300w, https:\/\/www.usborkeychain.com\/wp-content\/uploads\/crystal-usb-flash-drive-bulk-3-150x150.jpg 150w, https:\/\/www.usborkeychain.com\/wp-content\/uploads\/crystal-usb-flash-drive-bulk-3-768x768.jpg 768w, https:\/\/www.usborkeychain.com\/wp-content\/uploads\/crystal-usb-flash-drive-bulk-3-12x12.jpg 12w, https:\/\/www.usborkeychain.com\/wp-content\/uploads\/crystal-usb-flash-drive-bulk-3-600x600.jpg 600w, https:\/\/www.usborkeychain.com\/wp-content\/uploads\/crystal-usb-flash-drive-bulk-3-100x100.jpg 100w\" sizes=\"(max-width: 800px) 100vw, 800px\" \/><\/figure>\n<\/div>\n\n\n\n<div class=\"wp-block-column is-vertically-aligned-center is-layout-flow wp-block-column-is-layout-flow\">\n<h3 class=\"wp-block-heading\">2. Incrustation de cristal<\/h3>\n\n\n\n<p>La coque ext\u00e9rieure est recouverte de cristaux d'imitation de haute densit\u00e9 (strass), solidement fix\u00e9s sur une base en alliage gr\u00e2ce \u00e0 une technologie d'incrustation pr\u00e9cise qui leur permet de rester en place et de conserver leur \u00e9clat au fil du temps. Disponibles en plusieurs couleurs - rose \u00e9l\u00e9gant, bleu frais, argent \u00e9l\u00e9gant, or luxueux et vert menthe - pour r\u00e9pondre \u00e0 diverses pr\u00e9f\u00e9rences de style.<\/p>\n\n\n\n<h3 class=\"wp-block-heading\">3. Assurance de mat\u00e9riaux de haute qualit\u00e9<\/h3>\n\n\n\n<p>La coque en alliage m\u00e9tallique est r\u00e9sistante aux chutes, \u00e0 l'usure et \u00e0 la corrosion, et r\u00e9siste aux rayures m\u00eame en cas d'utilisation quotidienne intensive. Les facettes du cristal sont finement polies, cr\u00e9ant un effet lumineux en 3D par r\u00e9fraction de la lumi\u00e8re, avec un attrait visuel comparable \u00e0 celui d'un bijou.<\/p>\n<\/div>\n<\/div>\n\n\n\n<h2 class=\"wp-block-heading\">Param\u00e8tres de base de la cl\u00e9 USB<\/h2>\n\n\n\n<figure class=\"wp-block-table\"><table class=\"has-fixed-layout\"><thead><tr><th>Cat\u00e9gorie de param\u00e8tres<\/th><th>D\u00e9tails<\/th><\/tr><\/thead><tbody><tr><td>Options de capacit\u00e9<\/td><td>8GB \/ 16GB \/ 32GB \/ 64GB \/ 128GB<\/td><\/tr><tr><td>Dimensions (y compris la cha\u00eene)<\/td><td>Corps principal : 47 mm de longueur \u00d7 18 mm de diam\u00e8tre ; longueur de la cha\u00eene : 66 cm<\/td><\/tr><tr><td>Poids<\/td><td>Environ 15 grammes<\/td><\/tr><tr><td>Type d'interface<\/td><td>USB 2.0 (compatible avec les dispositifs USB 3.0)<\/td><\/tr><tr><td>Vitesse de lecture\/\u00e9criture<\/td><td>Lecture : \u226415MB\/s, \u00e9criture : \u22655MB\/s (la vitesse r\u00e9elle varie en fonction de l'appareil\/du syst\u00e8me).<\/td><\/tr><tr><td>Mat\u00e9riau<\/td><td>M\u00e9tal alli\u00e9 + cristaux d'imitation de haute qualit\u00e9<\/td><\/tr><tr><td>Options de couleur<\/td><td>Rose, bleu, argent, or, vert menthe<\/td><\/tr><\/tbody><\/table><\/figure>\n\n\n\n<h2 class=\"wp-block-heading\">Faits marquants<\/h2>\n\n\n\n<div class=\"wp-block-columns is-layout-flex wp-container-core-columns-is-layout-28f84493 wp-block-columns-is-layout-flex\">\n<div class=\"wp-block-column is-vertically-aligned-center is-layout-flow wp-block-column-is-layout-flow\">\n<figure class=\"wp-block-image size-full\"><img alt=\"\" decoding=\"async\" width=\"800\" height=\"800\" src=\"https:\/\/www.usborkeychain.com\/wp-content\/uploads\/Lipstick-Crystal-USB-Flash-Drive.jpg\" class=\"wp-image-6400\" srcset=\"https:\/\/www.usborkeychain.com\/wp-content\/uploads\/Lipstick-Crystal-USB-Flash-Drive.jpg 800w, https:\/\/www.usborkeychain.com\/wp-content\/uploads\/Lipstick-Crystal-USB-Flash-Drive-300x300.jpg 300w, https:\/\/www.usborkeychain.com\/wp-content\/uploads\/Lipstick-Crystal-USB-Flash-Drive-150x150.jpg 150w, https:\/\/www.usborkeychain.com\/wp-content\/uploads\/Lipstick-Crystal-USB-Flash-Drive-768x768.jpg 768w, https:\/\/www.usborkeychain.com\/wp-content\/uploads\/Lipstick-Crystal-USB-Flash-Drive-12x12.jpg 12w, https:\/\/www.usborkeychain.com\/wp-content\/uploads\/Lipstick-Crystal-USB-Flash-Drive-600x600.jpg 600w, https:\/\/www.usborkeychain.com\/wp-content\/uploads\/Lipstick-Crystal-USB-Flash-Drive-100x100.jpg 100w\" sizes=\"(max-width: 800px) 100vw, 800px\" \/><\/figure>\n<\/div>\n\n\n\n<div class=\"wp-block-column is-vertically-aligned-center is-layout-flow wp-block-column-is-layout-flow\">\n<h3 class=\"wp-block-heading\">1. Un design qui se d\u00e9marque<\/h3>\n\n\n\n<p>Il s'agit \u00e0 la fois d'un outil de stockage tr\u00e8s performant (prenant en charge le stockage multiformat de documents, photos, vid\u00e9os, musique, etc.) et d'un accessoire de mode. Accroch\u00e9e \u00e0 un sac comme une d\u00e9coration accrocheuse ou port\u00e9e comme un collier unique, elle se d\u00e9barrasse du st\u00e9r\u00e9otype \"encombrant\" des cl\u00e9s USB traditionnelles.<\/p>\n\n\n\n<h3 class=\"wp-block-heading\">2. Compatibilit\u00e9 avec un sc\u00e9nario complet<\/h3>\n\n\n\n<p>Compatible avec les syst\u00e8mes Windows, macOS et Linux. Avec un adaptateur OTG, il se connecte en toute transparence aux smartphones et aux tablettes, passant sans effort du travail au voyage et au divertissement pour r\u00e9pondre aux besoins de transfert de donn\u00e9es multi-appareils.<\/p>\n<\/div>\n<\/div>\n\n\n\n<div class=\"wp-block-columns is-layout-flex wp-container-core-columns-is-layout-28f84493 wp-block-columns-is-layout-flex\">\n<div class=\"wp-block-column is-vertically-aligned-center is-layout-flow wp-block-column-is-layout-flow\">\n<figure class=\"wp-block-image size-full\"><img alt=\"\" loading=\"lazy\" decoding=\"async\" width=\"800\" height=\"800\" src=\"https:\/\/www.usborkeychain.com\/wp-content\/uploads\/crystal-usb-flash-drive-factory-2.jpg\" class=\"wp-image-6396\" srcset=\"https:\/\/www.usborkeychain.com\/wp-content\/uploads\/crystal-usb-flash-drive-factory-2.jpg 800w, https:\/\/www.usborkeychain.com\/wp-content\/uploads\/crystal-usb-flash-drive-factory-2-300x300.jpg 300w, https:\/\/www.usborkeychain.com\/wp-content\/uploads\/crystal-usb-flash-drive-factory-2-150x150.jpg 150w, https:\/\/www.usborkeychain.com\/wp-content\/uploads\/crystal-usb-flash-drive-factory-2-768x768.jpg 768w, https:\/\/www.usborkeychain.com\/wp-content\/uploads\/crystal-usb-flash-drive-factory-2-12x12.jpg 12w, https:\/\/www.usborkeychain.com\/wp-content\/uploads\/crystal-usb-flash-drive-factory-2-600x600.jpg 600w, https:\/\/www.usborkeychain.com\/wp-content\/uploads\/crystal-usb-flash-drive-factory-2-100x100.jpg 100w\" sizes=\"(max-width: 800px) 100vw, 800px\" \/><\/figure>\n<\/div>\n\n\n\n<div class=\"wp-block-column is-vertically-aligned-center is-layout-flow wp-block-column-is-layout-flow\">\n<h3 class=\"wp-block-heading\">3. Exp\u00e9rience exclusive personnalis\u00e9e<\/h3>\n\n\n\n<p>La coque m\u00e9tallique permet la gravure au laser (pour les logos d'entreprise, les signatures personnelles, les v\u0153ux de vacances, etc. Qu'il s'agisse d'une collaboration avec une marque, d'un cadeau d'entreprise ou d'une personnalisation, la gravure ajoute une signification unique \u00e0 la cl\u00e9 USB.<\/p>\n\n\n\n<h3 class=\"wp-block-heading\">4. Emballage pr\u00eat \u00e0 \u00eatre offert<\/h3>\n\n\n\n<p>Livr\u00e9 dans un coffret cadeau de qualit\u00e9 sup\u00e9rieure, il ne n\u00e9cessite aucun emballage suppl\u00e9mentaire et peut \u00eatre offert imm\u00e9diatement. Parfait pour les anniversaires, la Saint-Valentin ou les remerciements d'entreprise - une attention particuli\u00e8re dans un emballage \u00e9l\u00e9gant.<\/p>\n<\/div>\n<\/div>\n\n\n\n<h2 class=\"wp-block-heading\">Id\u00e9al pour Quelles entreprises comme cadeaux ?<\/h2>\n\n\n\n<div class=\"wp-block-columns is-layout-flex wp-container-core-columns-is-layout-28f84493 wp-block-columns-is-layout-flex\">\n<div class=\"wp-block-column is-vertically-aligned-top is-layout-flow wp-block-column-is-layout-flow\">\n<figure class=\"wp-block-image size-full\"><img alt=\"\" loading=\"lazy\" decoding=\"async\" width=\"800\" height=\"800\" src=\"https:\/\/www.usborkeychain.com\/wp-content\/uploads\/crystal-usb-flash-drive-4.jpg\" class=\"wp-image-6398\" srcset=\"https:\/\/www.usborkeychain.com\/wp-content\/uploads\/crystal-usb-flash-drive-4.jpg 800w, https:\/\/www.usborkeychain.com\/wp-content\/uploads\/crystal-usb-flash-drive-4-300x300.jpg 300w, https:\/\/www.usborkeychain.com\/wp-content\/uploads\/crystal-usb-flash-drive-4-150x150.jpg 150w, https:\/\/www.usborkeychain.com\/wp-content\/uploads\/crystal-usb-flash-drive-4-768x768.jpg 768w, https:\/\/www.usborkeychain.com\/wp-content\/uploads\/crystal-usb-flash-drive-4-12x12.jpg 12w, https:\/\/www.usborkeychain.com\/wp-content\/uploads\/crystal-usb-flash-drive-4-600x600.jpg 600w, https:\/\/www.usborkeychain.com\/wp-content\/uploads\/crystal-usb-flash-drive-4-100x100.jpg 100w\" sizes=\"(max-width: 800px) 100vw, 800px\" \/><\/figure>\n\n\n\n<h3 class=\"wp-block-heading\">Marques de beaut\u00e9\/mode<\/h3>\n\n\n\n<p>Les produits peuvent \u00eatre combin\u00e9s avec des rouges \u00e0 l\u00e8vres, des parfums, etc., ou \u00eatre utilis\u00e9s comme avantages pour les membres ou comme cadeaux de promotion pour de nouveaux produits.<\/p>\n\n\n\n<h3 class=\"wp-block-heading\"> Bijoux\/marques de luminaires de luxe<\/h3>\n\n\n\n<p>Tirer parti de l'\u00e9clat des cristaux pour d\u00e9velopper des lignes de \"bijoux technologiques\", attirer les jeunes consommateurs soucieux de leur style et repousser les limites du produit.<\/p>\n<\/div>\n\n\n\n<div class=\"wp-block-column is-vertically-aligned-top is-layout-flow wp-block-column-is-layout-flow\">\n<figure class=\"wp-block-image size-full\"><img alt=\"\" loading=\"lazy\" decoding=\"async\" width=\"800\" height=\"800\" src=\"https:\/\/www.usborkeychain.com\/wp-content\/uploads\/buy-crystal-usb-flash-drive-2.jpg\" class=\"wp-image-6393\" srcset=\"https:\/\/www.usborkeychain.com\/wp-content\/uploads\/buy-crystal-usb-flash-drive-2.jpg 800w, https:\/\/www.usborkeychain.com\/wp-content\/uploads\/buy-crystal-usb-flash-drive-2-300x300.jpg 300w, https:\/\/www.usborkeychain.com\/wp-content\/uploads\/buy-crystal-usb-flash-drive-2-150x150.jpg 150w, https:\/\/www.usborkeychain.com\/wp-content\/uploads\/buy-crystal-usb-flash-drive-2-768x768.jpg 768w, https:\/\/www.usborkeychain.com\/wp-content\/uploads\/buy-crystal-usb-flash-drive-2-12x12.jpg 12w, https:\/\/www.usborkeychain.com\/wp-content\/uploads\/buy-crystal-usb-flash-drive-2-600x600.jpg 600w, https:\/\/www.usborkeychain.com\/wp-content\/uploads\/buy-crystal-usb-flash-drive-2-100x100.jpg 100w\" sizes=\"(max-width: 800px) 100vw, 800px\" \/><\/figure>\n\n\n\n<h3 class=\"wp-block-heading\">Entreprises clientes<\/h3>\n\n\n\n<p>Personnalisez avec les logos de votre entreprise pour les r\u00e9unions d'affaires, les avantages sociaux des employ\u00e9s ou l'appr\u00e9ciation des clients.<\/p>\n\n\n\n<h3 class=\"wp-block-heading\">Cadeaux personnels<\/h3>\n\n\n\n<p>\u00c0 offrir aux meilleures amies, aux petites amies ou aux m\u00e8res. Ce \"rouge \u00e0 l\u00e8vres qui stocke des donn\u00e9es\" allie romantisme et praticit\u00e9, r\u00e9pondant ainsi parfaitement aux go\u00fbts des femmes.<\/p>\n<\/div>\n<\/div>\n\n\n\n<h2 class=\"wp-block-heading\">La durabilit\u00e9 au service de la rentabilit\u00e9<\/h2>\n\n\n\n<div class=\"wp-block-columns is-layout-flex wp-container-core-columns-is-layout-28f84493 wp-block-columns-is-layout-flex\">\n<div class=\"wp-block-column is-vertically-aligned-center is-layout-flow wp-block-column-is-layout-flow\">\n<figure class=\"wp-block-image size-full\"><img alt=\"\" loading=\"lazy\" decoding=\"async\" width=\"800\" height=\"800\" src=\"https:\/\/www.usborkeychain.com\/wp-content\/uploads\/crystal-usb-flash-drives-4.jpg\" class=\"wp-image-6399\" srcset=\"https:\/\/www.usborkeychain.com\/wp-content\/uploads\/crystal-usb-flash-drives-4.jpg 800w, https:\/\/www.usborkeychain.com\/wp-content\/uploads\/crystal-usb-flash-drives-4-300x300.jpg 300w, https:\/\/www.usborkeychain.com\/wp-content\/uploads\/crystal-usb-flash-drives-4-150x150.jpg 150w, https:\/\/www.usborkeychain.com\/wp-content\/uploads\/crystal-usb-flash-drives-4-768x768.jpg 768w, https:\/\/www.usborkeychain.com\/wp-content\/uploads\/crystal-usb-flash-drives-4-12x12.jpg 12w, https:\/\/www.usborkeychain.com\/wp-content\/uploads\/crystal-usb-flash-drives-4-600x600.jpg 600w, https:\/\/www.usborkeychain.com\/wp-content\/uploads\/crystal-usb-flash-drives-4-100x100.jpg 100w\" sizes=\"(max-width: 800px) 100vw, 800px\" \/><\/figure>\n<\/div>\n\n\n\n<div class=\"wp-block-column is-vertically-aligned-center is-layout-flow wp-block-column-is-layout-flow\">\n<ul class=\"wp-block-list\">\n<li><strong>R\u00e9sistant et durable<\/strong>: La coque en alliage r\u00e9siste aux chutes et aux chocs quotidiens ; l'incrustation en cristal stable lui permet de briller \u00e0 long terme, \u00e9vitant ainsi le pi\u00e8ge du \"joli mais inutile\".<\/li>\n\n\n\n<li><strong>Tr\u00e8s rentable<\/strong>: Plus pratique qu'un simple bijou (elle stocke des donn\u00e9es) et plus \u00e9l\u00e9gante qu'une cl\u00e9 USB ordinaire (c'est un effet de mode), elle offre un double rapport qualit\u00e9-prix.<\/li>\n\n\n\n<li><strong>Polyvalent<\/strong>: Stocke des fichiers de travail, des photos de voyage et des listes de lecture personnelles, tout en s'int\u00e9grant parfaitement dans les soir\u00e9es, les trajets et les rendez-vous, \u00e0 la fois comme un outil et un accessoire.<\/li>\n<\/ul>\n<\/div>\n<\/div>\n\n\n\n<div class=\"wp-block-columns is-layout-flex wp-container-core-columns-is-layout-28f84493 wp-block-columns-is-layout-flex\">\n<div class=\"wp-block-column is-vertically-aligned-center is-layout-flow wp-block-column-is-layout-flow\">\n<p>Le <strong>Cl\u00e9 USB Lipstick Crystal<\/strong> red\u00e9finit le design traditionnel de l'USB avec une forme de rouge \u00e0 l\u00e8vres \u00e0 l'\u00e9chelle 1:1. Sa coque en cristal multicolore (5 teintes standard + options personnalis\u00e9es), sa cha\u00eene fonctionnelle de 66 cm et sa taille compacte (4,7\u00d71,8 cm) r\u00e9pondent pr\u00e9cis\u00e9ment aux besoins des femmes en mati\u00e8re d'esth\u00e9tique, de portabilit\u00e9 et de rituel. <\/p>\n\n\n\n<p>Avec une capacit\u00e9 de stockage allant jusqu'\u00e0 128 Go et une personnalisation de niveau professionnel (gravure laser LOGO\/couleurs exclusives), il s'agit d'un cadeau \u00e0 forte conversion pour les secteurs de la beaut\u00e9, du mariage et de la mode. <\/p>\n\n\n\n<p>Qu'il s'agisse d'un accessoire quotidien ou d'un souvenir \u00e9mouvant pour des moments particuliers, ce produit prouve que la technologie peut \u00eatre une \"\u0153uvre d'art dans votre sac\".<\/p>\n\n\n\n<p>Pour une personnalisation en masse ou plus de d\u00e9tails, contactez le service client\u00e8le pour un plan exclusif !<\/p>\n<\/div>\n\n\n\n<div class=\"wp-block-column is-vertically-aligned-center is-layout-flow wp-block-column-is-layout-flow\">\n<figure class=\"wp-block-image size-full\"><img alt=\"\" loading=\"lazy\" decoding=\"async\" width=\"800\" height=\"800\" src=\"https:\/\/www.usborkeychain.com\/wp-content\/uploads\/crystal-usb-flash-drive-keychain.jpg\" class=\"wp-image-6397\" srcset=\"https:\/\/www.usborkeychain.com\/wp-content\/uploads\/crystal-usb-flash-drive-keychain.jpg 800w, https:\/\/www.usborkeychain.com\/wp-content\/uploads\/crystal-usb-flash-drive-keychain-300x300.jpg 300w, https:\/\/www.usborkeychain.com\/wp-content\/uploads\/crystal-usb-flash-drive-keychain-150x150.jpg 150w, https:\/\/www.usborkeychain.com\/wp-content\/uploads\/crystal-usb-flash-drive-keychain-768x768.jpg 768w, https:\/\/www.usborkeychain.com\/wp-content\/uploads\/crystal-usb-flash-drive-keychain-12x12.jpg 12w, https:\/\/www.usborkeychain.com\/wp-content\/uploads\/crystal-usb-flash-drive-keychain-600x600.jpg 600w, https:\/\/www.usborkeychain.com\/wp-content\/uploads\/crystal-usb-flash-drive-keychain-100x100.jpg 100w\" sizes=\"(max-width: 800px) 100vw, 800px\" \/><\/figure>\n<\/div>\n<\/div>","protected":false},"excerpt":{"rendered":"<ul>\n<li>Tr\u00e9sor portable<\/li>\n<li>La forme classique du rouge \u00e0 l\u00e8vres<\/li>\n<li>Cristaux d'imitation de haute densit\u00e9<\/li>\n<li>Coque en alliage m\u00e9tallique<\/li>\n<li>MOQ:100pcs<\/li>\n<\/ul>","protected":false},"featured_media":6400,"comment_status":"open","ping_status":"closed","template":"","meta":{"_seopress_robots_primary_cat":"","_seopress_titles_title":"","_seopress_titles_desc":"","_seopress_robots_index":"","site-sidebar-layout":"default","site-content-layout":"","ast-site-content-layout":"","site-content-style":"default","site-sidebar-style":"default","ast-global-header-display":"","ast-banner-title-visibility":"","ast-main-header-display":"","ast-hfb-above-header-display":"","ast-hfb-below-header-display":"","ast-hfb-mobile-header-display":"","site-post-title":"","ast-breadcrumbs-content":"","ast-featured-img":"","footer-sml-layout":"","theme-transparent-header-meta":"","adv-header-id-meta":"","stick-header-meta":"","header-above-stick-meta":"","header-main-stick-meta":"","header-below-stick-meta":"","astra-migrate-meta-layouts":"default","ast-page-background-enabled":"default","ast-page-background-meta":{"desktop":{"background-color":"var(--ast-global-color-5)","background-image":"","background-repeat":"repeat","background-position":"center center","background-size":"auto","background-attachment":"scroll","background-type":"","background-media":"","overlay-type":"","overlay-color":"","overlay-opacity":"","overlay-gradient":""},"tablet":{"background-color":"","background-image":"","background-repeat":"repeat","background-position":"center center","background-size":"auto","background-attachment":"scroll","background-type":"","background-media":"","overlay-type":"","overlay-color":"","overlay-opacity":"","overlay-gradient":""},"mobile":{"background-color":"","background-image":"","background-repeat":"repeat","background-position":"center center","background-size":"auto","background-attachment":"scroll","background-type":"","background-media":"","overlay-type":"","overlay-color":"","overlay-opacity":"","overlay-gradient":""}},"ast-content-background-meta":{"desktop":{"background-color":"var(--ast-global-color-4)","background-image":"","background-repeat":"repeat","background-position":"center center","background-size":"auto","background-attachment":"scroll","background-type":"","background-media":"","overlay-type":"","overlay-color":"","overlay-opacity":"","overlay-gradient":""},"tablet":{"background-color":"var(--ast-global-color-4)","background-image":"","background-repeat":"repeat","background-position":"center center","background-size":"auto","background-attachment":"scroll","background-type":"","background-media":"","overlay-type":"","overlay-color":"","overlay-opacity":"","overlay-gradient":""},"mobile":{"background-color":"var(--ast-global-color-4)","background-image":"","background-repeat":"repeat","background-position":"center center","background-size":"auto","background-attachment":"scroll","background-type":"","background-media":"","overlay-type":"","overlay-color":"","overlay-opacity":"","overlay-gradient":""}}},"product_brand":[],"product_cat":[174],"product_tag":[],"class_list":{"0":"post-6402","1":"product","2":"type-product","3":"status-publish","4":"has-post-thumbnail","6":"product_cat-crystal-usb-pendrive","7":"desktop-align-left","8":"tablet-align-left","9":"mobile-align-left","11":"first","12":"instock","13":"shipping-taxable","14":"product-type-simple"},"_links":{"self":[{"href":"https:\/\/www.usborkeychain.com\/fr\/wp-json\/wp\/v2\/product\/6402","targetHints":{"allow":["GET"]}}],"collection":[{"href":"https:\/\/www.usborkeychain.com\/fr\/wp-json\/wp\/v2\/product"}],"about":[{"href":"https:\/\/www.usborkeychain.com\/fr\/wp-json\/wp\/v2\/types\/product"}],"replies":[{"embeddable":true,"href":"https:\/\/www.usborkeychain.com\/fr\/wp-json\/wp\/v2\/comments?post=6402"}],"wp:featuredmedia":[{"embeddable":true,"href":"https:\/\/www.usborkeychain.com\/fr\/wp-json\/wp\/v2\/media\/6400"}],"wp:attachment":[{"href":"https:\/\/www.usborkeychain.com\/fr\/wp-json\/wp\/v2\/media?parent=6402"}],"wp:term":[{"taxonomy":"product_brand","embeddable":true,"href":"https:\/\/www.usborkeychain.com\/fr\/wp-json\/wp\/v2\/product_brand?post=6402"},{"taxonomy":"product_cat","embeddable":true,"href":"https:\/\/www.usborkeychain.com\/fr\/wp-json\/wp\/v2\/product_cat?post=6402"},{"taxonomy":"product_tag","embeddable":true,"href":"https:\/\/www.usborkeychain.com\/fr\/wp-json\/wp\/v2\/product_tag?post=6402"}],"curies":[{"name":"wp","href":"https:\/\/api.w.org\/{rel}","templated":true}]}}