{"id":6405,"date":"2025-08-10T02:34:18","date_gmt":"2025-08-10T02:34:18","guid":{"rendered":"https:\/\/www.usborkeychain.com\/?post_type=product&#038;p=6405"},"modified":"2025-08-10T02:37:14","modified_gmt":"2025-08-10T02:37:14","slug":"cylindrical-crystal-usb-flash-drive","status":"publish","type":"product","link":"https:\/\/www.usborkeychain.com\/fr\/produit\/cylindrical-crystal-usb-flash-drive\/","title":{"rendered":"Cl\u00e9 USB en cristal cylindrique"},"content":{"rendered":"<p>Le <strong>cl\u00e9 USB cylindrique en cristal<\/strong> se caract\u00e9rise par une structure cylindrique int\u00e9gr\u00e9e, avec des embouts \u00e0 texture m\u00e9tallique incrust\u00e9s aux deux extr\u00e9mit\u00e9s. La chambre centrale transparente contient des perles de cristal \u00e9tincelantes. Lorsque la lumi\u00e8re passe au travers, les cristaux r\u00e9fractent un \u00e9clat vibrant, rompant ainsi avec la \"sensation utilitaire\" des cl\u00e9s USB traditionnelles. Dot\u00e9e d'un porte-cl\u00e9s en acier inoxydable \u00e0 l'arri\u00e8re, elle peut \u00eatre directement attach\u00e9e aux cl\u00e9s ou aux sacs \u00e0 dos, servant \u00e0 la fois d'outil de stockage et de petit ornement portable, conciliant portabilit\u00e9 et esth\u00e9tique.<\/p>\n\n\n\n<div class=\"wp-block-columns is-layout-flex wp-container-core-columns-is-layout-28f84493 wp-block-columns-is-layout-flex\">\n<div class=\"wp-block-column is-vertically-aligned-center is-layout-flow wp-block-column-is-layout-flow\">\n<h3 class=\"wp-block-heading\">Embouts m\u00e9talliques<\/h3>\n\n\n\n<p>Fabriqu\u00e9s en alliage d'aluminium de qualit\u00e9 a\u00e9rospatiale, trait\u00e9s par anodisation, ils sont r\u00e9sistants \u00e0 l'usure et \u00e0 la rouille, avec une texture lisse et r\u00e9sistante aux empreintes digitales.<\/p>\n\n\n\n<h3 class=\"wp-block-heading\">Chambre transparente<\/h3>\n\n\n\n<p>Fabriqu\u00e9 en acrylique haute transparence, il est plus r\u00e9sistant aux chocs que le verre, affiche clairement les cristaux internes et r\u00e9siste au jaunissement en cas d'utilisation prolong\u00e9e.<\/p>\n\n\n\n<h3 class=\"wp-block-heading\">Perles de cristal<\/h3>\n\n\n\n<p>Utilisant des cristaux hautement simul\u00e9s (de vrais cristaux sont disponibles en option pour les mod\u00e8les haut de gamme), ils sont taill\u00e9s de mani\u00e8re exquise et pr\u00e9sentent d'excellents effets de r\u00e9fraction.<\/p>\n\n\n\n<h3 class=\"wp-block-heading\">Porte-cl\u00e9s<\/h3>\n\n\n\n<p>La cha\u00eene en acier inoxydable 304 a une forte capacit\u00e9 de charge et ne se casse pas facilement, ce qui garantit un transport quotidien stable.<\/p>\n<\/div>\n\n\n\n<div class=\"wp-block-column is-vertically-aligned-center is-layout-flow wp-block-column-is-layout-flow\">\n<figure class=\"wp-block-image size-full\"><img alt=\"\" fetchpriority=\"high\" decoding=\"async\" width=\"800\" height=\"800\" src=\"https:\/\/www.usborkeychain.com\/wp-content\/uploads\/crystal-usb-flash-drive-5.jpg\" class=\"wp-image-6408\" srcset=\"https:\/\/www.usborkeychain.com\/wp-content\/uploads\/crystal-usb-flash-drive-5.jpg 800w, https:\/\/www.usborkeychain.com\/wp-content\/uploads\/crystal-usb-flash-drive-5-300x300.jpg 300w, https:\/\/www.usborkeychain.com\/wp-content\/uploads\/crystal-usb-flash-drive-5-150x150.jpg 150w, https:\/\/www.usborkeychain.com\/wp-content\/uploads\/crystal-usb-flash-drive-5-768x768.jpg 768w, https:\/\/www.usborkeychain.com\/wp-content\/uploads\/crystal-usb-flash-drive-5-12x12.jpg 12w, https:\/\/www.usborkeychain.com\/wp-content\/uploads\/crystal-usb-flash-drive-5-600x600.jpg 600w, https:\/\/www.usborkeychain.com\/wp-content\/uploads\/crystal-usb-flash-drive-5-100x100.jpg 100w\" sizes=\"(max-width: 800px) 100vw, 800px\" \/><\/figure>\n<\/div>\n<\/div>\n\n\n\n<h2 class=\"wp-block-heading\">Param\u00e8tres de base de la cl\u00e9 USB<\/h2>\n\n\n\n<div class=\"wp-block-columns are-vertically-aligned-top is-layout-flex wp-container-core-columns-is-layout-28f84493 wp-block-columns-is-layout-flex\">\n<div class=\"wp-block-column is-vertically-aligned-top is-layout-flow wp-block-column-is-layout-flow\">\n<figure class=\"wp-block-image size-full\"><img alt=\"\" decoding=\"async\" width=\"800\" height=\"800\" src=\"https:\/\/www.usborkeychain.com\/wp-content\/uploads\/crystal-usb-flash-drives-5.jpg\" class=\"wp-image-6409\" srcset=\"https:\/\/www.usborkeychain.com\/wp-content\/uploads\/crystal-usb-flash-drives-5.jpg 800w, https:\/\/www.usborkeychain.com\/wp-content\/uploads\/crystal-usb-flash-drives-5-300x300.jpg 300w, https:\/\/www.usborkeychain.com\/wp-content\/uploads\/crystal-usb-flash-drives-5-150x150.jpg 150w, https:\/\/www.usborkeychain.com\/wp-content\/uploads\/crystal-usb-flash-drives-5-768x768.jpg 768w, https:\/\/www.usborkeychain.com\/wp-content\/uploads\/crystal-usb-flash-drives-5-12x12.jpg 12w, https:\/\/www.usborkeychain.com\/wp-content\/uploads\/crystal-usb-flash-drives-5-600x600.jpg 600w, https:\/\/www.usborkeychain.com\/wp-content\/uploads\/crystal-usb-flash-drives-5-100x100.jpg 100w\" sizes=\"(max-width: 800px) 100vw, 800px\" \/><\/figure>\n<\/div>\n\n\n\n<div class=\"wp-block-column is-vertically-aligned-top is-layout-flow wp-block-column-is-layout-flow\">\n<ol class=\"wp-block-list\">\n<li><strong>Des options de capacit\u00e9 flexibles<\/strong>: Couvre toute la gamme de 8 \u00e0 128 Go. Les 8 Go\/16 Go r\u00e9pondent aux besoins de stockage de documents, tandis que les 32 Go-128 Go conviennent aux donn\u00e9es volumineuses telles que les vid\u00e9os haute d\u00e9finition et les fichiers de conception.<\/li>\n\n\n\n<li><strong>Interface et vitesse<\/strong>: Les principales options sont l'USB 2.0 (\u00e9conomique, avec une vitesse de lecture de 15-25 Mo\/s et une vitesse d'\u00e9criture de 5-10 Mo\/s) et l'USB 3.0 (rapide, avec une vitesse de lecture de 30-60 Mo\/s et une vitesse d'\u00e9criture de 10-30 Mo\/s). Il est compatible avec les syst\u00e8mes Windows, Mac et Linux et prend en charge la fonction \"plug-and-play\".<\/li>\n\n\n\n<li><strong>Protection renforc\u00e9e<\/strong>: Certains mod\u00e8les sont dot\u00e9s d'un joint m\u00e9tallique, ce qui leur permet de r\u00e9sister \u00e0 l'eau et \u00e0 la poussi\u00e8re et d'\u00eatre plus s\u00fbrs pour une utilisation \u00e0 l'ext\u00e9rieur.<\/li>\n<\/ol>\n<\/div>\n<\/div>\n\n\n\n<h2 class=\"wp-block-heading\">Qui choisit ?<\/h2>\n\n\n\n<div class=\"wp-block-columns is-layout-flex wp-container-core-columns-is-layout-28f84493 wp-block-columns-is-layout-flex\">\n<div class=\"wp-block-column is-vertically-aligned-center is-layout-flow wp-block-column-is-layout-flow\">\n<ul class=\"wp-block-list\">\n<li><strong>Entreprises clientes<\/strong>: Un choix fr\u00e9quent comme cadeau d'affaires (pour les r\u00e9unions annuelles, la reconnaissance des clients et les cadeaux de coop\u00e9ration). Grav\u00e9 au laser avec le logo de la marque, il conf\u00e8re une texture haut de gamme et renforce l'impression de marque.<\/li>\n\n\n\n<li><strong>Organisateurs de l'\u00e9v\u00e9nement<\/strong>: Les cl\u00e9s USB personnalis\u00e9es sont utilis\u00e9es comme souvenirs lors d'expositions, de conf\u00e9rences et d'autres occasions. Elles sont \u00e0 la fois pratiques et m\u00e9morables et rehaussent le style de l'\u00e9v\u00e9nement.<\/li>\n\n\n\n<li><strong>Utilisateurs individuels<\/strong>: Utilis\u00e9 pour les cadeaux personnalis\u00e9s (souvenirs de couple, cadeaux de fin d'\u00e9tudes, surprises d'anniversaire) avec des noms et des messages de b\u00e9n\u00e9diction grav\u00e9s, ce qui rend l'outil de stockage porteur d'\u00e9motions.<\/li>\n<\/ul>\n\n\n\n<p>Avec les trois avantages de \"l'esth\u00e9tique + la praticit\u00e9 + la personnalisation\", la <strong>cl\u00e9 USB cylindrique en cristal<\/strong> est devenu l'\"ic\u00f4ne du style\" parmi les dispositifs de stockage. Lors de l'achat, vous pouvez choisir le mod\u00e8le exclusif en fonction de vos besoins en termes de capacit\u00e9, de vitesse d'interface et de personnalisation !<\/p>\n<\/div>\n\n\n\n<div class=\"wp-block-column is-vertically-aligned-center is-layout-flow wp-block-column-is-layout-flow\">\n<figure class=\"wp-block-image size-full\"><img alt=\"\" decoding=\"async\" width=\"800\" height=\"800\" src=\"https:\/\/www.usborkeychain.com\/wp-content\/uploads\/LY1GSJ22-1.jpg\" class=\"wp-image-6410\" srcset=\"https:\/\/www.usborkeychain.com\/wp-content\/uploads\/LY1GSJ22-1.jpg 800w, https:\/\/www.usborkeychain.com\/wp-content\/uploads\/LY1GSJ22-1-300x300.jpg 300w, https:\/\/www.usborkeychain.com\/wp-content\/uploads\/LY1GSJ22-1-150x150.jpg 150w, https:\/\/www.usborkeychain.com\/wp-content\/uploads\/LY1GSJ22-1-768x768.jpg 768w, https:\/\/www.usborkeychain.com\/wp-content\/uploads\/LY1GSJ22-1-12x12.jpg 12w, https:\/\/www.usborkeychain.com\/wp-content\/uploads\/LY1GSJ22-1-600x600.jpg 600w, https:\/\/www.usborkeychain.com\/wp-content\/uploads\/LY1GSJ22-1-100x100.jpg 100w\" sizes=\"(max-width: 800px) 100vw, 800px\" \/><\/figure>\n<\/div>\n<\/div>","protected":false},"excerpt":{"rendered":"<ul>\n<li>Alliage d'aluminium de qualit\u00e9 a\u00e9rospatiale<\/li>\n<li>Mati\u00e8re acrylique<\/li>\n<li>Cristaux simul\u00e9s<\/li>\n<li>Porte-cl\u00e9s<\/li>\n<li>MOQ:100pcs<\/li>\n<\/ul>","protected":false},"featured_media":6408,"comment_status":"open","ping_status":"closed","template":"","meta":{"_seopress_robots_primary_cat":"","_seopress_titles_title":"","_seopress_titles_desc":"","_seopress_robots_index":"","site-sidebar-layout":"default","site-content-layout":"","ast-site-content-layout":"","site-content-style":"default","site-sidebar-style":"default","ast-global-header-display":"","ast-banner-title-visibility":"","ast-main-header-display":"","ast-hfb-above-header-display":"","ast-hfb-below-header-display":"","ast-hfb-mobile-header-display":"","site-post-title":"","ast-breadcrumbs-content":"","ast-featured-img":"","footer-sml-layout":"","theme-transparent-header-meta":"","adv-header-id-meta":"","stick-header-meta":"","header-above-stick-meta":"","header-main-stick-meta":"","header-below-stick-meta":"","astra-migrate-meta-layouts":"default","ast-page-background-enabled":"default","ast-page-background-meta":{"desktop":{"background-color":"var(--ast-global-color-5)","background-image":"","background-repeat":"repeat","background-position":"center center","background-size":"auto","background-attachment":"scroll","background-type":"","background-media":"","overlay-type":"","overlay-color":"","overlay-opacity":"","overlay-gradient":""},"tablet":{"background-color":"","background-image":"","background-repeat":"repeat","background-position":"center center","background-size":"auto","background-attachment":"scroll","background-type":"","background-media":"","overlay-type":"","overlay-color":"","overlay-opacity":"","overlay-gradient":""},"mobile":{"background-color":"","background-image":"","background-repeat":"repeat","background-position":"center center","background-size":"auto","background-attachment":"scroll","background-type":"","background-media":"","overlay-type":"","overlay-color":"","overlay-opacity":"","overlay-gradient":""}},"ast-content-background-meta":{"desktop":{"background-color":"var(--ast-global-color-4)","background-image":"","background-repeat":"repeat","background-position":"center center","background-size":"auto","background-attachment":"scroll","background-type":"","background-media":"","overlay-type":"","overlay-color":"","overlay-opacity":"","overlay-gradient":""},"tablet":{"background-color":"var(--ast-global-color-4)","background-image":"","background-repeat":"repeat","background-position":"center center","background-size":"auto","background-attachment":"scroll","background-type":"","background-media":"","overlay-type":"","overlay-color":"","overlay-opacity":"","overlay-gradient":""},"mobile":{"background-color":"var(--ast-global-color-4)","background-image":"","background-repeat":"repeat","background-position":"center center","background-size":"auto","background-attachment":"scroll","background-type":"","background-media":"","overlay-type":"","overlay-color":"","overlay-opacity":"","overlay-gradient":""}}},"product_brand":[],"product_cat":[174],"product_tag":[],"class_list":{"0":"post-6405","1":"product","2":"type-product","3":"status-publish","4":"has-post-thumbnail","6":"product_cat-crystal-usb-pendrive","7":"desktop-align-left","8":"tablet-align-left","9":"mobile-align-left","11":"first","12":"instock","13":"shipping-taxable","14":"product-type-simple"},"_links":{"self":[{"href":"https:\/\/www.usborkeychain.com\/fr\/wp-json\/wp\/v2\/product\/6405","targetHints":{"allow":["GET"]}}],"collection":[{"href":"https:\/\/www.usborkeychain.com\/fr\/wp-json\/wp\/v2\/product"}],"about":[{"href":"https:\/\/www.usborkeychain.com\/fr\/wp-json\/wp\/v2\/types\/product"}],"replies":[{"embeddable":true,"href":"https:\/\/www.usborkeychain.com\/fr\/wp-json\/wp\/v2\/comments?post=6405"}],"wp:featuredmedia":[{"embeddable":true,"href":"https:\/\/www.usborkeychain.com\/fr\/wp-json\/wp\/v2\/media\/6408"}],"wp:attachment":[{"href":"https:\/\/www.usborkeychain.com\/fr\/wp-json\/wp\/v2\/media?parent=6405"}],"wp:term":[{"taxonomy":"product_brand","embeddable":true,"href":"https:\/\/www.usborkeychain.com\/fr\/wp-json\/wp\/v2\/product_brand?post=6405"},{"taxonomy":"product_cat","embeddable":true,"href":"https:\/\/www.usborkeychain.com\/fr\/wp-json\/wp\/v2\/product_cat?post=6405"},{"taxonomy":"product_tag","embeddable":true,"href":"https:\/\/www.usborkeychain.com\/fr\/wp-json\/wp\/v2\/product_tag?post=6405"}],"curies":[{"name":"wp","href":"https:\/\/api.w.org\/{rel}","templated":true}]}}