{"id":6411,"date":"2025-08-10T03:07:57","date_gmt":"2025-08-10T03:07:57","guid":{"rendered":"https:\/\/www.usborkeychain.com\/?post_type=product&#038;p=6411"},"modified":"2025-08-10T03:08:00","modified_gmt":"2025-08-10T03:08:00","slug":"cube-shaped-crystal-usb-drive","status":"publish","type":"product","link":"https:\/\/www.usborkeychain.com\/fr\/produit\/cube-shaped-crystal-usb-drive\/","title":{"rendered":"Cl\u00e9 USB en cristal en forme de cube"},"content":{"rendered":"<div class=\"wp-block-columns is-layout-flex wp-container-core-columns-is-layout-28f84493 wp-block-columns-is-layout-flex\">\n<div class=\"wp-block-column is-vertically-aligned-center is-layout-flow wp-block-column-is-layout-flow\">\n<figure class=\"wp-block-image size-full\"><img alt=\"\" fetchpriority=\"high\" decoding=\"async\" width=\"800\" height=\"800\" src=\"https:\/\/www.usborkeychain.com\/wp-content\/uploads\/crystal-usb-flash-drive-6.jpg\" class=\"wp-image-6414\" srcset=\"https:\/\/www.usborkeychain.com\/wp-content\/uploads\/crystal-usb-flash-drive-6.jpg 800w, https:\/\/www.usborkeychain.com\/wp-content\/uploads\/crystal-usb-flash-drive-6-300x300.jpg 300w, https:\/\/www.usborkeychain.com\/wp-content\/uploads\/crystal-usb-flash-drive-6-150x150.jpg 150w, https:\/\/www.usborkeychain.com\/wp-content\/uploads\/crystal-usb-flash-drive-6-768x768.jpg 768w, https:\/\/www.usborkeychain.com\/wp-content\/uploads\/crystal-usb-flash-drive-6-12x12.jpg 12w, https:\/\/www.usborkeychain.com\/wp-content\/uploads\/crystal-usb-flash-drive-6-600x600.jpg 600w, https:\/\/www.usborkeychain.com\/wp-content\/uploads\/crystal-usb-flash-drive-6-100x100.jpg 100w\" sizes=\"(max-width: 800px) 100vw, 800px\" \/><\/figure>\n<\/div>\n\n\n\n<div class=\"wp-block-column is-vertically-aligned-center is-layout-flow wp-block-column-is-layout-flow\">\n<p>Le<strong> cl\u00e9 USB en cristal en forme de cube<\/strong> se caract\u00e9rise par une combinaison de deux mat\u00e9riaux : \"couvercle en alliage m\u00e9tallique + corps en cristal \u00e0 haute transparence\" :<\/p>\n\n\n\n<p><strong>Couvercle en alliage m\u00e9tallique<\/strong>: Fabriqu\u00e9 en alliage d'aluminium de qualit\u00e9 a\u00e9rospatiale, trait\u00e9 par anodisation, il pr\u00e9sente une duret\u00e9 de surface de HV300+, ce qui le rend r\u00e9sistant \u00e0 l'usure, aux rayures et \u00e0 l'oxydation. Il prot\u00e8ge efficacement contre l'oxydation et les rayures quotidiennes. <\/p>\n\n\n\n<p>La structure du bouchon \u00e0 vis (certains mod\u00e8les prennent en charge l'attraction magn\u00e9tique) est bien ajust\u00e9e, avec un indice de protection IP54, garantissant la r\u00e9sistance \u00e0 la poussi\u00e8re et aux \u00e9claboussures pour prolonger la dur\u00e9e de vie de l'interface USB.<\/p>\n<\/div>\n<\/div>\n\n\n\n<div class=\"wp-block-columns is-layout-flex wp-container-core-columns-is-layout-28f84493 wp-block-columns-is-layout-flex\">\n<div class=\"wp-block-column is-vertically-aligned-center is-layout-flow wp-block-column-is-layout-flow\">\n<p><strong>Corps en cristal<\/strong>: Fabriqu\u00e9 en cristal optique K9 avec un indice de r\u00e9fraction de 1,516 et une transmission de la lumi\u00e8re sup\u00e9rieure \u00e0 92%. La pr\u00e9cision de coupe du cube atteint \u00b10,05 mm, avec six c\u00f4t\u00e9s r\u00e9guliers. Sous l'effet de la r\u00e9fraction de la lumi\u00e8re, il pr\u00e9sente un effet visuel clair comme du cristal, ressemblant \u00e0 un \"sceau de cristal\" personnalis\u00e9.<\/p>\n\n\n\n<p><strong>Esth\u00e9tique g\u00e9om\u00e9trique<\/strong>: La forme cubique incarne un \"style professionnel minimaliste\". Avec une taille typique de 20mm\u00d720mm\u00d720mm, ses proportions r\u00e9guli\u00e8res offrent une prise en main confortable et une apparence visuellement exquise et sophistiqu\u00e9e.<\/p>\n\n\n\n<p><strong>Am\u00e9lioration de la portabilit\u00e9<\/strong>: \u00c9quip\u00e9 d'un porte-cl\u00e9s m\u00e9tallique standard et d'un anneau rotatif \u00e0 360\u00b0, il peut \u00eatre facilement attach\u00e9 \u00e0 des cl\u00e9s ou \u00e0 des sacs \u00e0 dos pour un \"stockage en d\u00e9placement\".<\/p>\n<\/div>\n\n\n\n<div class=\"wp-block-column is-vertically-aligned-center is-layout-flow wp-block-column-is-layout-flow\">\n<figure class=\"wp-block-image size-full\"><img alt=\"\" decoding=\"async\" width=\"800\" height=\"800\" src=\"https:\/\/www.usborkeychain.com\/wp-content\/uploads\/Custom-Cube-Crystal-USB-Flash-Drive.jpg\" class=\"wp-image-6415\" srcset=\"https:\/\/www.usborkeychain.com\/wp-content\/uploads\/Custom-Cube-Crystal-USB-Flash-Drive.jpg 800w, https:\/\/www.usborkeychain.com\/wp-content\/uploads\/Custom-Cube-Crystal-USB-Flash-Drive-300x300.jpg 300w, https:\/\/www.usborkeychain.com\/wp-content\/uploads\/Custom-Cube-Crystal-USB-Flash-Drive-150x150.jpg 150w, https:\/\/www.usborkeychain.com\/wp-content\/uploads\/Custom-Cube-Crystal-USB-Flash-Drive-768x768.jpg 768w, https:\/\/www.usborkeychain.com\/wp-content\/uploads\/Custom-Cube-Crystal-USB-Flash-Drive-12x12.jpg 12w, https:\/\/www.usborkeychain.com\/wp-content\/uploads\/Custom-Cube-Crystal-USB-Flash-Drive-600x600.jpg 600w, https:\/\/www.usborkeychain.com\/wp-content\/uploads\/Custom-Cube-Crystal-USB-Flash-Drive-100x100.jpg 100w\" sizes=\"(max-width: 800px) 100vw, 800px\" \/><\/figure>\n<\/div>\n<\/div>\n\n\n\n<h2 class=\"wp-block-heading\">Param\u00e8tres de base de la cl\u00e9 USB<\/h2>\n\n\n\n<figure class=\"wp-block-table\"><table class=\"has-fixed-layout\"><thead><tr><th>Param\u00e8tre Poste<\/th><th>Sp\u00e9cifications techniques<\/th><\/tr><\/thead><tbody><tr><td>Options de capacit\u00e9<\/td><td>8GB \/ 16GB \/ 32GB \/ 64GB \/ 128GB<\/td><\/tr><tr><td>Interface USB<\/td><td>USB 2.0 \/ USB 3.0<\/td><\/tr><tr><td>Taille du cristal (longueur du c\u00f4t\u00e9 du cube)<\/td><td>20mm\u00d720mm\u00d720mm<\/td><\/tr><tr><td>M\u00e9tal Taille du couvercle<\/td><td>Diam\u00e8tre 12 mm, hauteur 8 mm<\/td><\/tr><tr><td>Poids total<\/td><td>Environ 25 g (porte-cl\u00e9s inclus)<\/td><\/tr><tr><td>Mati\u00e8re cristal<\/td><td>Cristal optique K9 (duret\u00e9 Mohs 5,5, r\u00e9sistant \u00e0 l'usure quotidienne)<\/td><\/tr><tr><td>Mat\u00e9riau m\u00e9tallique<\/td><td>Alliage d'aluminium (avec couche \u00e9lectrolytique anti-oxydation sur la surface)<\/td><\/tr><\/tbody><\/table><\/figure>\n\n\n\n<h2 class=\"wp-block-heading\">Personnalisation du logo et principe d'\u00e9clairage<\/h2>\n\n\n\n<div class=\"wp-block-columns is-layout-flex wp-container-core-columns-is-layout-28f84493 wp-block-columns-is-layout-flex\">\n<div class=\"wp-block-column is-vertically-aligned-center is-layout-flow wp-block-column-is-layout-flow\">\n<figure class=\"wp-block-image size-full\"><img alt=\"\" decoding=\"async\" width=\"800\" height=\"800\" src=\"https:\/\/www.usborkeychain.com\/wp-content\/uploads\/Personalized-Cube-Acrylic-Crystal-USB-Drive.jpg\" class=\"wp-image-6418\" srcset=\"https:\/\/www.usborkeychain.com\/wp-content\/uploads\/Personalized-Cube-Acrylic-Crystal-USB-Drive.jpg 800w, https:\/\/www.usborkeychain.com\/wp-content\/uploads\/Personalized-Cube-Acrylic-Crystal-USB-Drive-300x300.jpg 300w, https:\/\/www.usborkeychain.com\/wp-content\/uploads\/Personalized-Cube-Acrylic-Crystal-USB-Drive-150x150.jpg 150w, https:\/\/www.usborkeychain.com\/wp-content\/uploads\/Personalized-Cube-Acrylic-Crystal-USB-Drive-768x768.jpg 768w, https:\/\/www.usborkeychain.com\/wp-content\/uploads\/Personalized-Cube-Acrylic-Crystal-USB-Drive-12x12.jpg 12w, https:\/\/www.usborkeychain.com\/wp-content\/uploads\/Personalized-Cube-Acrylic-Crystal-USB-Drive-600x600.jpg 600w, https:\/\/www.usborkeychain.com\/wp-content\/uploads\/Personalized-Cube-Acrylic-Crystal-USB-Drive-100x100.jpg 100w\" sizes=\"(max-width: 800px) 100vw, 800px\" \/><\/figure>\n\n\n\n<h3 class=\"wp-block-heading\">Types de logos personnalisables<\/h3>\n\n\n\n<ol class=\"wp-block-list\">\n<li><strong>Logo 3D grav\u00e9 \u00e0 l'int\u00e9rieur<\/strong>: Des motifs ou des textes en 3D sont grav\u00e9s au laser \u00e0 l'int\u00e9rieur du cristal. En s'appuyant sur la propri\u00e9t\u00e9 de r\u00e9fraction de la lumi\u00e8re du cristal, il cr\u00e9e un effet visuel flottant avec une pr\u00e9cision de 0,1 mm, ce qui permet de r\u00e9aliser des graphiques complexes (logos d'entreprise, mod\u00e8les de produits, etc.).<\/li>\n\n\n\n<li><strong>Gravure laser \u00e0 plat<\/strong>: Le texte ou les motifs sont grav\u00e9s sur la surface du cristal avec une profondeur de \u22640,2 mm, avec des bords lisses. Convient aux slogans simples, aux signatures et \u00e0 d'autres designs minimalistes.<\/li>\n\n\n\n<li><strong>Personnalisation de la lumi\u00e8re color\u00e9e<\/strong>: Les lumi\u00e8res LED RVB ou monochromes int\u00e9gr\u00e9es peuvent correspondre aux couleurs VI de l'entreprise (par exemple, orange Huawei, bleu Tencent), ce qui permet d'obtenir un \"\u00e9clairage aux couleurs de la marque\".<\/li>\n<\/ol>\n<\/div>\n\n\n\n<div class=\"wp-block-column is-layout-flow wp-block-column-is-layout-flow\">\n<figure class=\"wp-block-image size-full\"><img alt=\"\" loading=\"lazy\" decoding=\"async\" width=\"800\" height=\"800\" src=\"https:\/\/www.usborkeychain.com\/wp-content\/uploads\/Customized-Cube-Crystal-USB-Flash-Drive-with-LED-Light.jpg\" class=\"wp-image-6416\" srcset=\"https:\/\/www.usborkeychain.com\/wp-content\/uploads\/Customized-Cube-Crystal-USB-Flash-Drive-with-LED-Light.jpg 800w, https:\/\/www.usborkeychain.com\/wp-content\/uploads\/Customized-Cube-Crystal-USB-Flash-Drive-with-LED-Light-300x300.jpg 300w, https:\/\/www.usborkeychain.com\/wp-content\/uploads\/Customized-Cube-Crystal-USB-Flash-Drive-with-LED-Light-150x150.jpg 150w, https:\/\/www.usborkeychain.com\/wp-content\/uploads\/Customized-Cube-Crystal-USB-Flash-Drive-with-LED-Light-768x768.jpg 768w, https:\/\/www.usborkeychain.com\/wp-content\/uploads\/Customized-Cube-Crystal-USB-Flash-Drive-with-LED-Light-12x12.jpg 12w, https:\/\/www.usborkeychain.com\/wp-content\/uploads\/Customized-Cube-Crystal-USB-Flash-Drive-with-LED-Light-600x600.jpg 600w, https:\/\/www.usborkeychain.com\/wp-content\/uploads\/Customized-Cube-Crystal-USB-Flash-Drive-with-LED-Light-100x100.jpg 100w\" sizes=\"(max-width: 800px) 100vw, 800px\" \/><\/figure>\n\n\n\n<h3 class=\"wp-block-heading\">Principe de l'\u00e9clairage du logo<\/h3>\n\n\n\n<p>Une microperle LED (consommation d'\u00e9nergie \u22645mW) est int\u00e9gr\u00e9e \u00e0 l'int\u00e9rieur du cristal, activ\u00e9e via une alimentation USB (ou une pile bouton int\u00e9gr\u00e9e en option). Utilisant la propri\u00e9t\u00e9 de guidage de la lumi\u00e8re du cristal K9 (o\u00f9 la lumi\u00e8re se propage par r\u00e9flexion interne totale), la source lumineuse LED \u00e9claire uniform\u00e9ment le logo interne. Dans les environnements sombres, la luminosit\u00e9 atteint 500cd\/\u33a1 avec des halos de bord doux, soulignant un sens de la technologie tout en \u00e9vitant l'\u00e9blouissement.<\/p>\n<\/div>\n<\/div>\n\n\n\n<h2 class=\"wp-block-heading\">\u00c0 qui convient cette cl\u00e9 USB ?<\/h2>\n\n\n\n<div class=\"wp-block-columns is-layout-flex wp-container-core-columns-is-layout-28f84493 wp-block-columns-is-layout-flex\">\n<div class=\"wp-block-column is-layout-flow wp-block-column-is-layout-flow\">\n<figure class=\"wp-block-image size-full\"><img alt=\"\" loading=\"lazy\" decoding=\"async\" width=\"800\" height=\"800\" src=\"https:\/\/www.usborkeychain.com\/wp-content\/uploads\/Personalized-Cube-Acrylic-Crystal-USB-Drive-with-LED-Light.jpg\" class=\"wp-image-6417\" srcset=\"https:\/\/www.usborkeychain.com\/wp-content\/uploads\/Personalized-Cube-Acrylic-Crystal-USB-Drive-with-LED-Light.jpg 800w, https:\/\/www.usborkeychain.com\/wp-content\/uploads\/Personalized-Cube-Acrylic-Crystal-USB-Drive-with-LED-Light-300x300.jpg 300w, https:\/\/www.usborkeychain.com\/wp-content\/uploads\/Personalized-Cube-Acrylic-Crystal-USB-Drive-with-LED-Light-150x150.jpg 150w, https:\/\/www.usborkeychain.com\/wp-content\/uploads\/Personalized-Cube-Acrylic-Crystal-USB-Drive-with-LED-Light-768x768.jpg 768w, https:\/\/www.usborkeychain.com\/wp-content\/uploads\/Personalized-Cube-Acrylic-Crystal-USB-Drive-with-LED-Light-12x12.jpg 12w, https:\/\/www.usborkeychain.com\/wp-content\/uploads\/Personalized-Cube-Acrylic-Crystal-USB-Drive-with-LED-Light-600x600.jpg 600w, https:\/\/www.usborkeychain.com\/wp-content\/uploads\/Personalized-Cube-Acrylic-Crystal-USB-Drive-with-LED-Light-100x100.jpg 100w\" sizes=\"(max-width: 800px) 100vw, 800px\" \/><\/figure>\n<\/div>\n\n\n\n<div class=\"wp-block-column is-vertically-aligned-center is-layout-flow wp-block-column-is-layout-flow\">\n<ul class=\"wp-block-list\">\n<li><strong>Industrie technologique<\/strong>:  Huawei, Xiaomi par exemple.<\/li>\n\n\n\n<li><strong>Marques automobiles<\/strong>Mercedes-Benz, BMW, etc.<\/li>\n\n\n\n<li><strong>Finance\/Industrie du luxe<\/strong>: Id\u00e9al pour l'appr\u00e9ciation des clients VIP et les \u00e9v\u00e9nements cobrand\u00e9s par les marques<\/li>\n\n\n\n<li><strong>Cadeaux d'affaires<\/strong>: \u00c9changes entre cadres, cadeaux pour les clients cl\u00e9s<\/li>\n\n\n\n<li><strong>Sc\u00e9narios de comm\u00e9moration<\/strong>: Souvenirs de la remise des dipl\u00f4mes (avec le nom de la classe ou de l'\u00e9cole grav\u00e9 \u00e0 l'int\u00e9rieur), faveurs de mariage (avec la date et les noms grav\u00e9s).<\/li>\n\n\n\n<li><strong>Prix de l'\u00e9v\u00e9nement<\/strong>: Prix pour les sommets de l'industrie et les lancements de nouveaux produits<\/li>\n<\/ul>\n\n\n\n<p>Le <strong>cl\u00e9 USB en cristal en forme de cube<\/strong>Combinant le cristal K9 et l'alliage d'aluminium, il offre une personnalisation compl\u00e8te, de la capacit\u00e9 et de l'interface aux effets d'\u00e9clairage du logo, r\u00e9pondant ainsi aux besoins de diverses entreprises et personnes. Pour la personnalisation en vrac, <strong>Youshan <\/strong>L'entreprise est disponible en option.<\/p>\n<\/div>\n<\/div>","protected":false},"excerpt":{"rendered":"<ul>\n<li>Cl\u00e9 USB en cristal avec lumi\u00e8re LED<\/li>\n<li>Cristaux simul\u00e9s<\/li>\n<li>Alliage d'aluminium<\/li>\n<li>Avec porte-cl\u00e9s<\/li>\n<li>MOQ:100pcs<\/li>\n<\/ul>","protected":false},"featured_media":6415,"comment_status":"open","ping_status":"closed","template":"","meta":{"_seopress_robots_primary_cat":"","_seopress_titles_title":"","_seopress_titles_desc":"","_seopress_robots_index":"","site-sidebar-layout":"default","site-content-layout":"","ast-site-content-layout":"","site-content-style":"default","site-sidebar-style":"default","ast-global-header-display":"","ast-banner-title-visibility":"","ast-main-header-display":"","ast-hfb-above-header-display":"","ast-hfb-below-header-display":"","ast-hfb-mobile-header-display":"","site-post-title":"","ast-breadcrumbs-content":"","ast-featured-img":"","footer-sml-layout":"","theme-transparent-header-meta":"","adv-header-id-meta":"","stick-header-meta":"","header-above-stick-meta":"","header-main-stick-meta":"","header-below-stick-meta":"","astra-migrate-meta-layouts":"default","ast-page-background-enabled":"default","ast-page-background-meta":{"desktop":{"background-color":"var(--ast-global-color-5)","background-image":"","background-repeat":"repeat","background-position":"center center","background-size":"auto","background-attachment":"scroll","background-type":"","background-media":"","overlay-type":"","overlay-color":"","overlay-opacity":"","overlay-gradient":""},"tablet":{"background-color":"","background-image":"","background-repeat":"repeat","background-position":"center center","background-size":"auto","background-attachment":"scroll","background-type":"","background-media":"","overlay-type":"","overlay-color":"","overlay-opacity":"","overlay-gradient":""},"mobile":{"background-color":"","background-image":"","background-repeat":"repeat","background-position":"center center","background-size":"auto","background-attachment":"scroll","background-type":"","background-media":"","overlay-type":"","overlay-color":"","overlay-opacity":"","overlay-gradient":""}},"ast-content-background-meta":{"desktop":{"background-color":"var(--ast-global-color-4)","background-image":"","background-repeat":"repeat","background-position":"center center","background-size":"auto","background-attachment":"scroll","background-type":"","background-media":"","overlay-type":"","overlay-color":"","overlay-opacity":"","overlay-gradient":""},"tablet":{"background-color":"var(--ast-global-color-4)","background-image":"","background-repeat":"repeat","background-position":"center center","background-size":"auto","background-attachment":"scroll","background-type":"","background-media":"","overlay-type":"","overlay-color":"","overlay-opacity":"","overlay-gradient":""},"mobile":{"background-color":"var(--ast-global-color-4)","background-image":"","background-repeat":"repeat","background-position":"center center","background-size":"auto","background-attachment":"scroll","background-type":"","background-media":"","overlay-type":"","overlay-color":"","overlay-opacity":"","overlay-gradient":""}}},"product_brand":[],"product_cat":[174],"product_tag":[],"class_list":{"0":"post-6411","1":"product","2":"type-product","3":"status-publish","4":"has-post-thumbnail","6":"product_cat-crystal-usb-pendrive","7":"desktop-align-left","8":"tablet-align-left","9":"mobile-align-left","11":"first","12":"instock","13":"shipping-taxable","14":"product-type-simple"},"_links":{"self":[{"href":"https:\/\/www.usborkeychain.com\/fr\/wp-json\/wp\/v2\/product\/6411","targetHints":{"allow":["GET"]}}],"collection":[{"href":"https:\/\/www.usborkeychain.com\/fr\/wp-json\/wp\/v2\/product"}],"about":[{"href":"https:\/\/www.usborkeychain.com\/fr\/wp-json\/wp\/v2\/types\/product"}],"replies":[{"embeddable":true,"href":"https:\/\/www.usborkeychain.com\/fr\/wp-json\/wp\/v2\/comments?post=6411"}],"wp:featuredmedia":[{"embeddable":true,"href":"https:\/\/www.usborkeychain.com\/fr\/wp-json\/wp\/v2\/media\/6415"}],"wp:attachment":[{"href":"https:\/\/www.usborkeychain.com\/fr\/wp-json\/wp\/v2\/media?parent=6411"}],"wp:term":[{"taxonomy":"product_brand","embeddable":true,"href":"https:\/\/www.usborkeychain.com\/fr\/wp-json\/wp\/v2\/product_brand?post=6411"},{"taxonomy":"product_cat","embeddable":true,"href":"https:\/\/www.usborkeychain.com\/fr\/wp-json\/wp\/v2\/product_cat?post=6411"},{"taxonomy":"product_tag","embeddable":true,"href":"https:\/\/www.usborkeychain.com\/fr\/wp-json\/wp\/v2\/product_tag?post=6411"}],"curies":[{"name":"wp","href":"https:\/\/api.w.org\/{rel}","templated":true}]}}