{"id":6419,"date":"2025-08-10T03:43:01","date_gmt":"2025-08-10T03:43:01","guid":{"rendered":"https:\/\/www.usborkeychain.com\/?post_type=product&#038;p=6419"},"modified":"2025-08-10T03:43:04","modified_gmt":"2025-08-10T03:43:04","slug":"diamond-crystal-usb-drive","status":"publish","type":"product","link":"https:\/\/www.usborkeychain.com\/fr\/produit\/diamond-crystal-usb-drive\/","title":{"rendered":"Cl\u00e9 USB en cristal de diamant"},"content":{"rendered":"<div class=\"wp-block-columns is-layout-flex wp-container-core-columns-is-layout-28f84493 wp-block-columns-is-layout-flex\">\n<div class=\"wp-block-column is-vertically-aligned-center is-layout-flow wp-block-column-is-layout-flow\">\n<figure class=\"wp-block-image size-full\"><img fetchpriority=\"high\" decoding=\"async\" width=\"800\" height=\"800\" src=\"https:\/\/www.usborkeychain.com\/wp-content\/uploads\/Personalized-diamond-shaped-USB-flash-Drive-in-Crystal-Acrylic.jpg\" alt=\"Diamond Crystal USB Drive\" class=\"wp-image-6426\" srcset=\"https:\/\/www.usborkeychain.com\/wp-content\/uploads\/Personalized-diamond-shaped-USB-flash-Drive-in-Crystal-Acrylic.jpg 800w, https:\/\/www.usborkeychain.com\/wp-content\/uploads\/Personalized-diamond-shaped-USB-flash-Drive-in-Crystal-Acrylic-300x300.jpg 300w, https:\/\/www.usborkeychain.com\/wp-content\/uploads\/Personalized-diamond-shaped-USB-flash-Drive-in-Crystal-Acrylic-150x150.jpg 150w, https:\/\/www.usborkeychain.com\/wp-content\/uploads\/Personalized-diamond-shaped-USB-flash-Drive-in-Crystal-Acrylic-768x768.jpg 768w, https:\/\/www.usborkeychain.com\/wp-content\/uploads\/Personalized-diamond-shaped-USB-flash-Drive-in-Crystal-Acrylic-12x12.jpg 12w, https:\/\/www.usborkeychain.com\/wp-content\/uploads\/Personalized-diamond-shaped-USB-flash-Drive-in-Crystal-Acrylic-600x600.jpg 600w, https:\/\/www.usborkeychain.com\/wp-content\/uploads\/Personalized-diamond-shaped-USB-flash-Drive-in-Crystal-Acrylic-100x100.jpg 100w\" sizes=\"(max-width: 800px) 100vw, 800px\" \/><\/figure>\n<\/div>\n\n\n\n<div class=\"wp-block-column is-vertically-aligned-center is-layout-flow wp-block-column-is-layout-flow\">\n<p>Sur le march\u00e9 du stockage mobile, le <strong>Cl\u00e9 USB en cristal de diamant<\/strong>Avec son design innovant \"forme de diamant + texture m\u00e9tallique\", la cl\u00e9 USB rompt avec l'impression m\u00e9diocre des cl\u00e9s USB traditionnelles et devient un produit de r\u00e9f\u00e9rence pour les cadeaux d'affaires, la communication de marque et la collection personnelle.<\/p>\n\n\n\n<p>Coque en m\u00e9tal : Fabriqu\u00e9 en <strong>alliage d'aluminium de qualit\u00e9 a\u00e9ronautique<\/strong> (courant) ou en acier inoxydable 316L (haut de gamme en option), trait\u00e9s par anodisation\/\u00e9lectroplastie : La duret\u00e9 de la surface atteint HV300+, ce qui la rend r\u00e9sistante \u00e0 l'usure, aux rayures et \u00e0 l'oxydation, et lui permet de r\u00e9sister aux marques d'utilisation quotidienne. Il adopte un bouchon \u00e0 vis\/une structure magn\u00e9tique (en fonction du mod\u00e8le) avec une \u00e9tanch\u00e9it\u00e9 parfaite, et a pass\u00e9 la certification de protection IP54, \u00e9tant \u00e0 l'abri de la poussi\u00e8re et des \u00e9claboussures pour prolonger la dur\u00e9e de vie de l'interface USB.<\/p>\n<\/div>\n<\/div>\n\n\n\n<div class=\"wp-block-columns is-layout-flex wp-container-core-columns-is-layout-28f84493 wp-block-columns-is-layout-flex\">\n<div class=\"wp-block-column is-vertically-aligned-center is-layout-flow wp-block-column-is-layout-flow\">\n<figure class=\"wp-block-image size-full\"><img alt=\"\" decoding=\"async\" width=\"800\" height=\"800\" src=\"https:\/\/www.usborkeychain.com\/wp-content\/uploads\/Custom-diamond-jewelry-Shaped-Crystal-USB-Flash-Drive.jpg\" class=\"wp-image-6422\" srcset=\"https:\/\/www.usborkeychain.com\/wp-content\/uploads\/Custom-diamond-jewelry-Shaped-Crystal-USB-Flash-Drive.jpg 800w, https:\/\/www.usborkeychain.com\/wp-content\/uploads\/Custom-diamond-jewelry-Shaped-Crystal-USB-Flash-Drive-300x300.jpg 300w, https:\/\/www.usborkeychain.com\/wp-content\/uploads\/Custom-diamond-jewelry-Shaped-Crystal-USB-Flash-Drive-150x150.jpg 150w, https:\/\/www.usborkeychain.com\/wp-content\/uploads\/Custom-diamond-jewelry-Shaped-Crystal-USB-Flash-Drive-768x768.jpg 768w, https:\/\/www.usborkeychain.com\/wp-content\/uploads\/Custom-diamond-jewelry-Shaped-Crystal-USB-Flash-Drive-12x12.jpg 12w, https:\/\/www.usborkeychain.com\/wp-content\/uploads\/Custom-diamond-jewelry-Shaped-Crystal-USB-Flash-Drive-600x600.jpg 600w, https:\/\/www.usborkeychain.com\/wp-content\/uploads\/Custom-diamond-jewelry-Shaped-Crystal-USB-Flash-Drive-100x100.jpg 100w\" sizes=\"(max-width: 800px) 100vw, 800px\" \/><\/figure>\n<\/div>\n\n\n\n<div class=\"wp-block-column is-vertically-aligned-center is-layout-flow wp-block-column-is-layout-flow\">\n<p><strong>Corps en cristal en forme de diamant<\/strong>: Fabriqu\u00e9 en cristal optique K9 (mat\u00e9riau de qualit\u00e9 optique avec un indice de r\u00e9fraction de 1,516 et une transmission de la lumi\u00e8re \u226592%), sculpt\u00e9 par la technologie de coupe au diamant. <\/p>\n\n\n\n<p>La pr\u00e9cision des bords \u00e0 facettes multiples est contr\u00f4l\u00e9e \u00e0 \u00b10,05 mm, ce qui permet d'obtenir un \u00e9clat brillant sous la r\u00e9fraction de la lumi\u00e8re, tout comme un mini diamant. Avec une duret\u00e9 de Mohs de 5,5, il r\u00e9siste \u00e0 l'usure quotidienne et reste transparent apr\u00e8s une utilisation prolong\u00e9e.<\/p>\n<\/div>\n<\/div>\n\n\n\n<h2 class=\"wp-block-heading\">Tableau des param\u00e8tres du noyau de la cl\u00e9 USB<\/h2>\n\n\n\n<figure class=\"wp-block-table\"><table class=\"has-fixed-layout\"><thead><tr><th>Param\u00e8tre Poste<\/th><th>Sp\u00e9cifications techniques<\/th><\/tr><\/thead><tbody><tr><td>Capacit\u00e9 Version<\/td><td>8GB \/ 16GB \/ 32GB \/ 64GB \/ 128GB<\/td><\/tr><tr><td>Interface USB<\/td><td>USB 2.0\/ USB 3.0 \/ USB 3.1<\/td><\/tr><tr><td>Taille du cristal<\/td><td>En forme de diamant : diam\u00e8tre inf\u00e9rieur 15 mm, hauteur 12 mm (personnalisable)<\/td><\/tr><tr><td>M\u00e9tal Taille de la coque<\/td><td>Diam\u00e8tre 10 mm, longueur 18 mm<\/td><\/tr><tr><td>Poids total<\/td><td>Environ 22 g (y compris la coque m\u00e9tallique)<\/td><\/tr><tr><td>Mati\u00e8re cristal<\/td><td>Cristal optique K9 (duret\u00e9 Mohs 5,5, r\u00e9sistant \u00e0 l'usure)<\/td><\/tr><tr><td>Mat\u00e9riau m\u00e9tallique<\/td><td>Alliage d'aluminium (avec couche \u00e9lectrolytique anti-oxydation) \/ acier inoxydable (en option)<\/td><\/tr><tr><td>LED int\u00e9gr\u00e9e (en option)<\/td><td>Consommation d'\u00e9nergie \u22645mW, supporte RGB \/ couleur unique (personnalisable avec les couleurs VI de l'entreprise).<\/td><\/tr><\/tbody><\/table><\/figure>\n\n\n\n<h2 class=\"wp-block-heading\">Personnalisation du logo<\/h2>\n\n\n\n<div class=\"wp-block-columns is-layout-flex wp-container-core-columns-is-layout-28f84493 wp-block-columns-is-layout-flex\">\n<div class=\"wp-block-column is-layout-flow wp-block-column-is-layout-flow\">\n<figure class=\"wp-block-image size-full\"><img alt=\"\" decoding=\"async\" width=\"800\" height=\"800\" src=\"https:\/\/www.usborkeychain.com\/wp-content\/uploads\/diamond-Shaped-Crystal-USB-Flash-Drive-custom-logo.jpg\" class=\"wp-image-6425\" srcset=\"https:\/\/www.usborkeychain.com\/wp-content\/uploads\/diamond-Shaped-Crystal-USB-Flash-Drive-custom-logo.jpg 800w, https:\/\/www.usborkeychain.com\/wp-content\/uploads\/diamond-Shaped-Crystal-USB-Flash-Drive-custom-logo-300x300.jpg 300w, https:\/\/www.usborkeychain.com\/wp-content\/uploads\/diamond-Shaped-Crystal-USB-Flash-Drive-custom-logo-150x150.jpg 150w, https:\/\/www.usborkeychain.com\/wp-content\/uploads\/diamond-Shaped-Crystal-USB-Flash-Drive-custom-logo-768x768.jpg 768w, https:\/\/www.usborkeychain.com\/wp-content\/uploads\/diamond-Shaped-Crystal-USB-Flash-Drive-custom-logo-12x12.jpg 12w, https:\/\/www.usborkeychain.com\/wp-content\/uploads\/diamond-Shaped-Crystal-USB-Flash-Drive-custom-logo-600x600.jpg 600w, https:\/\/www.usborkeychain.com\/wp-content\/uploads\/diamond-Shaped-Crystal-USB-Flash-Drive-custom-logo-100x100.jpg 100w\" sizes=\"(max-width: 800px) 100vw, 800px\" \/><\/figure>\n\n\n\n<h3 class=\"wp-block-heading\">1. Position de personnalisation et savoir-faire<\/h3>\n\n\n\n<ul class=\"wp-block-list\">\n<li>Surface de l'enveloppe m\u00e9tallique :\n<ul class=\"wp-block-list\">\n<li>Gravure au laser : Avec une pr\u00e9cision de 0,1 mm, convient aux motifs\/textes complexes et pr\u00e9sente une texture mate.<\/li>\n\n\n\n<li>S\u00e9rigraphie : Elle se caract\u00e9rise par des couleurs vives, convient aux logos de grande taille et permet d'obtenir un effet miroir.<\/li>\n<\/ul>\n<\/li>\n\n\n\n<li>A l'int\u00e9rieur du cristal :\n<ul class=\"wp-block-list\">\n<li>Gravure interne au laser en 3D : \"Suspend des motifs\/textes \u00e0 l'int\u00e9rieur du cristal avec une pr\u00e9cision de 0,1 mm. Elle cr\u00e9e des ombres et des lumi\u00e8res tridimensionnelles en utilisant la propri\u00e9t\u00e9 de r\u00e9fraction de la lumi\u00e8re du cristal. Elle convient aux dessins complexes tels que les logos de marque et les symboles comm\u00e9moratifs.<\/li>\n<\/ul>\n<\/li>\n<\/ul>\n<\/div>\n\n\n\n<div class=\"wp-block-column is-layout-flow wp-block-column-is-layout-flow\">\n<figure class=\"wp-block-image size-full\"><img alt=\"\" loading=\"lazy\" decoding=\"async\" width=\"800\" height=\"800\" src=\"https:\/\/www.usborkeychain.com\/wp-content\/uploads\/Custom-Pentagon-Crystal-USB-Drive-with-Sub-Surface-Engraving-and-Optional-LED-Light.jpg\" class=\"wp-image-6423\" srcset=\"https:\/\/www.usborkeychain.com\/wp-content\/uploads\/Custom-Pentagon-Crystal-USB-Drive-with-Sub-Surface-Engraving-and-Optional-LED-Light.jpg 800w, https:\/\/www.usborkeychain.com\/wp-content\/uploads\/Custom-Pentagon-Crystal-USB-Drive-with-Sub-Surface-Engraving-and-Optional-LED-Light-300x300.jpg 300w, https:\/\/www.usborkeychain.com\/wp-content\/uploads\/Custom-Pentagon-Crystal-USB-Drive-with-Sub-Surface-Engraving-and-Optional-LED-Light-150x150.jpg 150w, https:\/\/www.usborkeychain.com\/wp-content\/uploads\/Custom-Pentagon-Crystal-USB-Drive-with-Sub-Surface-Engraving-and-Optional-LED-Light-768x768.jpg 768w, https:\/\/www.usborkeychain.com\/wp-content\/uploads\/Custom-Pentagon-Crystal-USB-Drive-with-Sub-Surface-Engraving-and-Optional-LED-Light-12x12.jpg 12w, https:\/\/www.usborkeychain.com\/wp-content\/uploads\/Custom-Pentagon-Crystal-USB-Drive-with-Sub-Surface-Engraving-and-Optional-LED-Light-600x600.jpg 600w, https:\/\/www.usborkeychain.com\/wp-content\/uploads\/Custom-Pentagon-Crystal-USB-Drive-with-Sub-Surface-Engraving-and-Optional-LED-Light-100x100.jpg 100w\" sizes=\"(max-width: 800px) 100vw, 800px\" \/><\/figure>\n\n\n\n<h3 class=\"wp-block-heading\">2. Personnalisation de la lumi\u00e8re LED : Un sens accru de la technologie<\/h3>\n\n\n\n<p>Perles micro LED int\u00e9gr\u00e9es (en option), d\u00e9clench\u00e9es par l'alimentation USB ou la pile bouton int\u00e9gr\u00e9e :<\/p>\n\n\n\n<ul class=\"wp-block-list\">\n<li>Gr\u00e2ce \u00e0 la propri\u00e9t\u00e9 de transmission de la lumi\u00e8re par r\u00e9flexion totale du cristal K9, le logo interne obtient un \"effet lumineux\".<\/li>\n\n\n\n<li>La luminosit\u00e9 atteint 500cd\/\u33a1 dans les environnements sombres, avec des halos de bord doux, montrant un sens de la technologie tout en \u00e9vitant l'\u00e9blouissement.<\/li>\n\n\n\n<li>Permet de personnaliser les couleurs VI de l'entreprise (comme l'orange de Huawei, le bleu de Tencent) pour renforcer les symboles de la marque.<\/li>\n<\/ul>\n<\/div>\n<\/div>\n\n\n\n<h2 class=\"wp-block-heading\">Pourquoi est-elle plus performante que les cl\u00e9s USB ordinaires ?<\/h2>\n\n\n\n<div class=\"wp-block-columns are-vertically-aligned-center is-layout-flex wp-container-core-columns-is-layout-28f84493 wp-block-columns-is-layout-flex\">\n<div class=\"wp-block-column is-vertically-aligned-center is-layout-flow wp-block-column-is-layout-flow\">\n<figure class=\"wp-block-image size-full\"><img alt=\"\" loading=\"lazy\" decoding=\"async\" width=\"800\" height=\"800\" src=\"https:\/\/www.usborkeychain.com\/wp-content\/uploads\/diamond-Shaped-Crystal-USB-Flash-Drive-\u2013-Clear-Acrylic-LED-Light.jpg\" class=\"wp-image-6424\" srcset=\"https:\/\/www.usborkeychain.com\/wp-content\/uploads\/diamond-Shaped-Crystal-USB-Flash-Drive-\u2013-Clear-Acrylic-LED-Light.jpg 800w, https:\/\/www.usborkeychain.com\/wp-content\/uploads\/diamond-Shaped-Crystal-USB-Flash-Drive-\u2013-Clear-Acrylic-LED-Light-300x300.jpg 300w, https:\/\/www.usborkeychain.com\/wp-content\/uploads\/diamond-Shaped-Crystal-USB-Flash-Drive-\u2013-Clear-Acrylic-LED-Light-150x150.jpg 150w, https:\/\/www.usborkeychain.com\/wp-content\/uploads\/diamond-Shaped-Crystal-USB-Flash-Drive-\u2013-Clear-Acrylic-LED-Light-768x768.jpg 768w, https:\/\/www.usborkeychain.com\/wp-content\/uploads\/diamond-Shaped-Crystal-USB-Flash-Drive-\u2013-Clear-Acrylic-LED-Light-12x12.jpg 12w, https:\/\/www.usborkeychain.com\/wp-content\/uploads\/diamond-Shaped-Crystal-USB-Flash-Drive-\u2013-Clear-Acrylic-LED-Light-600x600.jpg 600w, https:\/\/www.usborkeychain.com\/wp-content\/uploads\/diamond-Shaped-Crystal-USB-Flash-Drive-\u2013-Clear-Acrylic-LED-Light-100x100.jpg 100w\" sizes=\"(max-width: 800px) 100vw, 800px\" \/><\/figure>\n<\/div>\n\n\n\n<div class=\"wp-block-column is-vertically-aligned-center is-layout-flow wp-block-column-is-layout-flow\">\n<ol class=\"wp-block-list\">\n<li>Diff\u00e9renciation visuelle :<br>La d\u00e9coupe en diamant combin\u00e9e \u00e0 la transparence du cristal rompt avec la m\u00e9diocrit\u00e9 du \"plastique\/m\u00e9tal pur\" et se d\u00e9marque des nombreuses cl\u00e9s USB, ce qui la rend naturellement adapt\u00e9e aux \"sc\u00e9narios haut de gamme\".<\/li>\n\n\n\n<li>Couverture compl\u00e8te de la sc\u00e8ne :<\/li>\n<\/ol>\n\n\n\n<ul class=\"wp-block-list\">\n<li>Cadeaux d'affaires : Les entreprises les offrent aux clients haut de gamme pour souligner l'\u00e9l\u00e9gance de la marque.<\/li>\n\n\n\n<li>Activit\u00e9s li\u00e9es \u00e0 la marque : Les logos personnalis\u00e9s deviennent les \"points de m\u00e9moire\" des \u00e9v\u00e9nements.<\/li>\n\n\n\n<li>Collection personnelle : Les comm\u00e9morations grav\u00e9es (mariages, remises de dipl\u00f4mes) ont une valeur \u00e9motionnelle.<\/li>\n<\/ul>\n\n\n\n<ol start=\"3\" class=\"wp-block-list\">\n<li>\u00c9quilibrer la portabilit\u00e9 et le style :<br>\u00c9quip\u00e9 d'un porte-cl\u00e9s\/anneau m\u00e9tallique en option, il peut \u00eatre accroch\u00e9 aux sacs. Il s'agit non seulement d'un outil de rangement, mais aussi d'un \"accessoire de mode\" qui permet de mettre ses go\u00fbts en valeur \u00e0 tout moment.<\/li>\n<\/ol>\n<\/div>\n<\/div>","protected":false},"excerpt":{"rendered":"<ul>\n<li>En forme de diamant<\/li>\n<li>Alliage d'aluminium<\/li>\n<li>Mat\u00e9riau m\u00e9tallique<\/li>\n<li>LOGO avec lumi\u00e8re LED<\/li>\n<li>MOQ:100pcs<\/li>\n<\/ul>","protected":false},"featured_media":6426,"comment_status":"open","ping_status":"closed","template":"","meta":{"_seopress_robots_primary_cat":"","_seopress_titles_title":"","_seopress_titles_desc":"","_seopress_robots_index":"","site-sidebar-layout":"default","site-content-layout":"","ast-site-content-layout":"","site-content-style":"default","site-sidebar-style":"default","ast-global-header-display":"","ast-banner-title-visibility":"","ast-main-header-display":"","ast-hfb-above-header-display":"","ast-hfb-below-header-display":"","ast-hfb-mobile-header-display":"","site-post-title":"","ast-breadcrumbs-content":"","ast-featured-img":"","footer-sml-layout":"","theme-transparent-header-meta":"","adv-header-id-meta":"","stick-header-meta":"","header-above-stick-meta":"","header-main-stick-meta":"","header-below-stick-meta":"","astra-migrate-meta-layouts":"default","ast-page-background-enabled":"default","ast-page-background-meta":{"desktop":{"background-color":"var(--ast-global-color-5)","background-image":"","background-repeat":"repeat","background-position":"center center","background-size":"auto","background-attachment":"scroll","background-type":"","background-media":"","overlay-type":"","overlay-color":"","overlay-opacity":"","overlay-gradient":""},"tablet":{"background-color":"","background-image":"","background-repeat":"repeat","background-position":"center center","background-size":"auto","background-attachment":"scroll","background-type":"","background-media":"","overlay-type":"","overlay-color":"","overlay-opacity":"","overlay-gradient":""},"mobile":{"background-color":"","background-image":"","background-repeat":"repeat","background-position":"center center","background-size":"auto","background-attachment":"scroll","background-type":"","background-media":"","overlay-type":"","overlay-color":"","overlay-opacity":"","overlay-gradient":""}},"ast-content-background-meta":{"desktop":{"background-color":"var(--ast-global-color-4)","background-image":"","background-repeat":"repeat","background-position":"center center","background-size":"auto","background-attachment":"scroll","background-type":"","background-media":"","overlay-type":"","overlay-color":"","overlay-opacity":"","overlay-gradient":""},"tablet":{"background-color":"var(--ast-global-color-4)","background-image":"","background-repeat":"repeat","background-position":"center center","background-size":"auto","background-attachment":"scroll","background-type":"","background-media":"","overlay-type":"","overlay-color":"","overlay-opacity":"","overlay-gradient":""},"mobile":{"background-color":"var(--ast-global-color-4)","background-image":"","background-repeat":"repeat","background-position":"center center","background-size":"auto","background-attachment":"scroll","background-type":"","background-media":"","overlay-type":"","overlay-color":"","overlay-opacity":"","overlay-gradient":""}}},"product_brand":[],"product_cat":[174],"product_tag":[395],"class_list":{"0":"post-6419","1":"product","2":"type-product","3":"status-publish","4":"has-post-thumbnail","6":"product_cat-crystal-usb-pendrive","7":"product_tag-diamond-crystal-usb-drive","8":"desktop-align-left","9":"tablet-align-left","10":"mobile-align-left","12":"first","13":"instock","14":"shipping-taxable","15":"product-type-simple"},"_links":{"self":[{"href":"https:\/\/www.usborkeychain.com\/fr\/wp-json\/wp\/v2\/product\/6419","targetHints":{"allow":["GET"]}}],"collection":[{"href":"https:\/\/www.usborkeychain.com\/fr\/wp-json\/wp\/v2\/product"}],"about":[{"href":"https:\/\/www.usborkeychain.com\/fr\/wp-json\/wp\/v2\/types\/product"}],"replies":[{"embeddable":true,"href":"https:\/\/www.usborkeychain.com\/fr\/wp-json\/wp\/v2\/comments?post=6419"}],"wp:featuredmedia":[{"embeddable":true,"href":"https:\/\/www.usborkeychain.com\/fr\/wp-json\/wp\/v2\/media\/6426"}],"wp:attachment":[{"href":"https:\/\/www.usborkeychain.com\/fr\/wp-json\/wp\/v2\/media?parent=6419"}],"wp:term":[{"taxonomy":"product_brand","embeddable":true,"href":"https:\/\/www.usborkeychain.com\/fr\/wp-json\/wp\/v2\/product_brand?post=6419"},{"taxonomy":"product_cat","embeddable":true,"href":"https:\/\/www.usborkeychain.com\/fr\/wp-json\/wp\/v2\/product_cat?post=6419"},{"taxonomy":"product_tag","embeddable":true,"href":"https:\/\/www.usborkeychain.com\/fr\/wp-json\/wp\/v2\/product_tag?post=6419"}],"curies":[{"name":"wp","href":"https:\/\/api.w.org\/{rel}","templated":true}]}}