{"id":6636,"date":"2025-08-12T12:51:36","date_gmt":"2025-08-12T12:51:36","guid":{"rendered":"https:\/\/www.usborkeychain.com\/?post_type=product&#038;p=6636"},"modified":"2025-08-14T12:08:28","modified_gmt":"2025-08-14T12:08:28","slug":"triangle-metal-carabiner-usb-drive","status":"publish","type":"product","link":"https:\/\/www.usborkeychain.com\/fr\/produit\/triangle-metal-carabiner-usb-drive\/","title":{"rendered":"Cl\u00e9 USB \u00e0 mousqueton triangulaire en m\u00e9tal"},"content":{"rendered":"<p><\/p>\n\n\n\n<div class=\"wp-block-columns is-layout-flex wp-container-core-columns-is-layout-28f84493 wp-block-columns-is-layout-flex\">\n<div class=\"wp-block-column is-layout-flow wp-block-column-is-layout-flow\">\n<figure class=\"wp-block-image size-full\"><img fetchpriority=\"high\" decoding=\"async\" width=\"800\" height=\"800\" src=\"https:\/\/www.usborkeychain.com\/wp-content\/uploads\/USB-Stick-Carabiner.png\" alt=\"USB-Stick Carabiner\" class=\"wp-image-6643\" srcset=\"https:\/\/www.usborkeychain.com\/wp-content\/uploads\/USB-Stick-Carabiner.png 800w, https:\/\/www.usborkeychain.com\/wp-content\/uploads\/USB-Stick-Carabiner-300x300.png 300w, https:\/\/www.usborkeychain.com\/wp-content\/uploads\/USB-Stick-Carabiner-150x150.png 150w, https:\/\/www.usborkeychain.com\/wp-content\/uploads\/USB-Stick-Carabiner-768x768.png 768w, https:\/\/www.usborkeychain.com\/wp-content\/uploads\/USB-Stick-Carabiner-12x12.png 12w, https:\/\/www.usborkeychain.com\/wp-content\/uploads\/USB-Stick-Carabiner-600x600.png 600w, https:\/\/www.usborkeychain.com\/wp-content\/uploads\/USB-Stick-Carabiner-100x100.png 100w\" sizes=\"(max-width: 800px) 100vw, 800px\" \/><\/figure>\n<\/div>\n\n\n\n<div class=\"wp-block-column is-vertically-aligned-center is-layout-flow wp-block-column-is-layout-flow\">\n<p>Le design embl\u00e9matique du mousqueton triangulaire de la cl\u00e9 USB Triangle Metal Carabiner est tr\u00e8s reconnaissable et rompt avec la forme monotone des cl\u00e9s USB traditionnelles. <\/p>\n\n\n\n<p>Il s'agit non seulement d'un dispositif de rangement performant, mais aussi d'un mousqueton robuste et durable, d'une grande praticit\u00e9. Qu'il soit accroch\u00e9 quotidiennement \u00e0 un porte-cl\u00e9s pour un acc\u00e8s facile ou utilis\u00e9 comme d\u00e9coration personnelle sur un sac lors d'une sortie, il d\u00e9gage un go\u00fbt unique.<\/p>\n<\/div>\n<\/div>\n\n\n\n<p>La cl\u00e9 USB Triangle Metal Carabiner est compos\u00e9e d'une combinaison de m\u00e9tal et de plastique, pr\u00e9sentant \u00e0 la fois la texture solide du m\u00e9tal et la l\u00e9g\u00e8ret\u00e9 du plastique. La partie en plastique est personnalisable en plusieurs couleurs. Vous pouvez choisir le rouge vif, le noir calme, le bleu frais, etc., en fonction de vos besoins, pour r\u00e9pondre aux exigences de correspondance de diff\u00e9rents sc\u00e9narios. Le produit adopte une conception plug-and-play, qui est facile \u00e0 utiliser. La structure de la boucle triangulaire est raisonnablement con\u00e7ue, s'ouvrant et se fermant en douceur, et peut \u00eatre fermement fix\u00e9e sur divers objets, am\u00e9liorant consid\u00e9rablement la commodit\u00e9 de transport, vous permettant d'acc\u00e9der \u00e0 la cl\u00e9 USB \u00e0 tout moment et n'importe o\u00f9.<\/p>\n\n\n\n<div class=\"wp-block-columns is-layout-flex wp-container-core-columns-is-layout-28f84493 wp-block-columns-is-layout-flex\">\n<div class=\"wp-block-column is-layout-flow wp-block-column-is-layout-flow\">\n<figure class=\"wp-block-image size-full\"><img alt=\"\" decoding=\"async\" width=\"800\" height=\"800\" src=\"https:\/\/www.usborkeychain.com\/wp-content\/uploads\/Carabiner-Snap-Hook-Shaped-USB-Drives.png\" class=\"wp-image-6639\" srcset=\"https:\/\/www.usborkeychain.com\/wp-content\/uploads\/Carabiner-Snap-Hook-Shaped-USB-Drives.png 800w, https:\/\/www.usborkeychain.com\/wp-content\/uploads\/Carabiner-Snap-Hook-Shaped-USB-Drives-300x300.png 300w, https:\/\/www.usborkeychain.com\/wp-content\/uploads\/Carabiner-Snap-Hook-Shaped-USB-Drives-150x150.png 150w, https:\/\/www.usborkeychain.com\/wp-content\/uploads\/Carabiner-Snap-Hook-Shaped-USB-Drives-768x768.png 768w, https:\/\/www.usborkeychain.com\/wp-content\/uploads\/Carabiner-Snap-Hook-Shaped-USB-Drives-12x12.png 12w, https:\/\/www.usborkeychain.com\/wp-content\/uploads\/Carabiner-Snap-Hook-Shaped-USB-Drives-600x600.png 600w, https:\/\/www.usborkeychain.com\/wp-content\/uploads\/Carabiner-Snap-Hook-Shaped-USB-Drives-100x100.png 100w\" sizes=\"(max-width: 800px) 100vw, 800px\" \/><\/figure>\n<\/div>\n\n\n\n<div class=\"wp-block-column is-layout-flow wp-block-column-is-layout-flow\">\n<figure class=\"wp-block-image size-full\"><img alt=\"\" decoding=\"async\" width=\"800\" height=\"800\" src=\"https:\/\/www.usborkeychain.com\/wp-content\/uploads\/Custom-Metal-Snap-Hook-Carabiner-Shaped-USB-Flash-Drives.png\" class=\"wp-image-6640\" srcset=\"https:\/\/www.usborkeychain.com\/wp-content\/uploads\/Custom-Metal-Snap-Hook-Carabiner-Shaped-USB-Flash-Drives.png 800w, https:\/\/www.usborkeychain.com\/wp-content\/uploads\/Custom-Metal-Snap-Hook-Carabiner-Shaped-USB-Flash-Drives-300x300.png 300w, https:\/\/www.usborkeychain.com\/wp-content\/uploads\/Custom-Metal-Snap-Hook-Carabiner-Shaped-USB-Flash-Drives-150x150.png 150w, https:\/\/www.usborkeychain.com\/wp-content\/uploads\/Custom-Metal-Snap-Hook-Carabiner-Shaped-USB-Flash-Drives-768x768.png 768w, https:\/\/www.usborkeychain.com\/wp-content\/uploads\/Custom-Metal-Snap-Hook-Carabiner-Shaped-USB-Flash-Drives-12x12.png 12w, https:\/\/www.usborkeychain.com\/wp-content\/uploads\/Custom-Metal-Snap-Hook-Carabiner-Shaped-USB-Flash-Drives-600x600.png 600w, https:\/\/www.usborkeychain.com\/wp-content\/uploads\/Custom-Metal-Snap-Hook-Carabiner-Shaped-USB-Flash-Drives-100x100.png 100w\" sizes=\"(max-width: 800px) 100vw, 800px\" \/><\/figure>\n<\/div>\n<\/div>\n\n\n\n<figure class=\"wp-block-table\"><table class=\"has-fixed-layout\"><thead><tr><th>Nom du param\u00e8tre<\/th><th>D\u00e9tails<\/th><\/tr><\/thead><tbody><tr><td>Capacit\u00e9 de stockage<\/td><td>8GB, 16GB, 32GB, 64GB, 128GB, 256GB<\/td><\/tr><tr><td>Type d'interface<\/td><td>USB 2.0, USB 3.0, USB 3.1 (en option)<\/td><\/tr><tr><td>Vitesse de lecture<\/td><td>USB 2.0 : jusqu'\u00e0 15-20MB\/s ; USB 3.0 et sup\u00e9rieur : jusqu'\u00e0 80-100MB\/s<\/td><\/tr><tr><td>Vitesse d'\u00e9criture<\/td><td>USB 2.0 : jusqu'\u00e0 8-10MB\/s ; USB 3.0 et sup\u00e9rieur : jusqu'\u00e0 30-40MB\/s<\/td><\/tr><tr><td>Temp\u00e9rature de fonctionnement<\/td><td>-20\u2103 \u00e0 60\u2103<\/td><\/tr><tr><td>Temp\u00e9rature de stockage<\/td><td>-40\u2103 \u00e0 85\u2103<\/td><\/tr><tr><td>Mat\u00e9riau m\u00e9tallique<\/td><td>Alliage d'aluminium<\/td><\/tr><tr><td>Longueur du c\u00f4t\u00e9 du triangle<\/td><td>2,5 cm<\/td><\/tr><tr><td>Poids<\/td><td>15g<\/td><\/tr><tr><td>Indice d'imperm\u00e9abilit\u00e9<\/td><td>IP54<\/td><\/tr><\/tbody><\/table><\/figure>\n\n\n\n<p>Cette cl\u00e9 USB \u00e0 mousqueton triangulaire en m\u00e9tal est un cadeau id\u00e9al pour de nombreux secteurs d'activit\u00e9 :<\/p>\n\n\n\n<p>Pour l'industrie des produits de plein air, il convient parfaitement aux activit\u00e9s de plein air telles que l'alpinisme et le camping. La fonction de rangement pratique et le design qui peut \u00eatre utilis\u00e9 comme un mousqueton peuvent r\u00e9pondre aux besoins des amateurs d'activit\u00e9s de plein air, et comme cadeau, il peut augmenter la valeur ajout\u00e9e des produits.<\/p>\n\n\n\n<p>Dans le secteur du sport et de la remise en forme, les sportifs peuvent avoir besoin de stocker des donn\u00e9es sportives, des plans de remise en forme, etc. avant et apr\u00e8s l'exercice. Cette cl\u00e9 USB est facile \u00e0 transporter et peut \u00eatre accroch\u00e9e \u00e0 un sac de sport. En tant que cadeau pour les membres, elle peut renforcer l'attachement des utilisateurs.<\/p>\n\n\n\n<div class=\"wp-block-columns is-layout-flex wp-container-core-columns-is-layout-28f84493 wp-block-columns-is-layout-flex\">\n<div class=\"wp-block-column is-layout-flow wp-block-column-is-layout-flow\">\n<figure class=\"wp-block-image size-full\"><img alt=\"\" loading=\"lazy\" decoding=\"async\" width=\"800\" height=\"800\" src=\"https:\/\/www.usborkeychain.com\/wp-content\/uploads\/USB-Stick-aus-Metall-mit-praktischer-Doppelfunktion.png\" class=\"wp-image-6642\" srcset=\"https:\/\/www.usborkeychain.com\/wp-content\/uploads\/USB-Stick-aus-Metall-mit-praktischer-Doppelfunktion.png 800w, https:\/\/www.usborkeychain.com\/wp-content\/uploads\/USB-Stick-aus-Metall-mit-praktischer-Doppelfunktion-300x300.png 300w, https:\/\/www.usborkeychain.com\/wp-content\/uploads\/USB-Stick-aus-Metall-mit-praktischer-Doppelfunktion-150x150.png 150w, https:\/\/www.usborkeychain.com\/wp-content\/uploads\/USB-Stick-aus-Metall-mit-praktischer-Doppelfunktion-768x768.png 768w, https:\/\/www.usborkeychain.com\/wp-content\/uploads\/USB-Stick-aus-Metall-mit-praktischer-Doppelfunktion-12x12.png 12w, https:\/\/www.usborkeychain.com\/wp-content\/uploads\/USB-Stick-aus-Metall-mit-praktischer-Doppelfunktion-600x600.png 600w, https:\/\/www.usborkeychain.com\/wp-content\/uploads\/USB-Stick-aus-Metall-mit-praktischer-Doppelfunktion-100x100.png 100w\" sizes=\"(max-width: 800px) 100vw, 800px\" \/><\/figure>\n<\/div>\n\n\n\n<div class=\"wp-block-column is-layout-flow wp-block-column-is-layout-flow\">\n<figure class=\"wp-block-image size-full\"><img alt=\"Metal Carabiner Shape USB Flash Drive\" loading=\"lazy\" decoding=\"async\" width=\"800\" height=\"800\" src=\"https:\/\/www.usborkeychain.com\/wp-content\/uploads\/Metal-Carabiner-Shape-USB-Flash-Drive.png\" class=\"wp-image-6641\" srcset=\"https:\/\/www.usborkeychain.com\/wp-content\/uploads\/Metal-Carabiner-Shape-USB-Flash-Drive.png 800w, https:\/\/www.usborkeychain.com\/wp-content\/uploads\/Metal-Carabiner-Shape-USB-Flash-Drive-300x300.png 300w, https:\/\/www.usborkeychain.com\/wp-content\/uploads\/Metal-Carabiner-Shape-USB-Flash-Drive-150x150.png 150w, https:\/\/www.usborkeychain.com\/wp-content\/uploads\/Metal-Carabiner-Shape-USB-Flash-Drive-768x768.png 768w, https:\/\/www.usborkeychain.com\/wp-content\/uploads\/Metal-Carabiner-Shape-USB-Flash-Drive-12x12.png 12w, https:\/\/www.usborkeychain.com\/wp-content\/uploads\/Metal-Carabiner-Shape-USB-Flash-Drive-600x600.png 600w, https:\/\/www.usborkeychain.com\/wp-content\/uploads\/Metal-Carabiner-Shape-USB-Flash-Drive-100x100.png 100w\" sizes=\"(max-width: 800px) 100vw, 800px\" \/><\/figure>\n<\/div>\n<\/div>\n\n\n\n<p>Il constitue \u00e9galement un bon choix pour les activit\u00e9s de renforcement de l'esprit d'\u00e9quipe au sein des entreprises. Le design triangulaire symbolise la stabilit\u00e9 et la coop\u00e9ration de l'\u00e9quipe. Apr\u00e8s avoir personnalis\u00e9 le LOGO de l'entreprise, il peut non seulement servir de souvenir de l'activit\u00e9, mais aussi permettre aux employ\u00e9s de ressentir l'attention de l'entreprise dans leur utilisation quotidienne.<\/p>\n\n\n\n<p>Pour les institutions de recherche sur la jeunesse, pendant le processus de recherche, il est n\u00e9cessaire de stocker du mat\u00e9riel d'apprentissage, des photos, des vid\u00e9os, etc. Cette cl\u00e9 USB est \u00e0 la mode et pratique, et peut \u00eatre aim\u00e9e par les adolescents, ce qui en fait un bon souvenir de recherche.<\/p>\n\n\n\n<p>Cette cl\u00e9 USB \u00e0 mousqueton triangulaire en m\u00e9tal int\u00e8gre un design cr\u00e9atif, des fonctions pratiques et des mat\u00e9riaux de haute qualit\u00e9. Les diff\u00e9rentes capacit\u00e9s de stockage et options d'interface peuvent r\u00e9pondre aux besoins de stockage de diff\u00e9rents utilisateurs. Les nombreux sc\u00e9narios d'application rendent cette cl\u00e9 extr\u00eamement pr\u00e9cieuse, que ce soit pour un usage personnel ou comme cadeau, et il s'agit d'un produit rentable.<\/p>","protected":false},"excerpt":{"rendered":"<ul>\n<li>Forme de triangle<\/li>\n<li>M\u00e9tal + plastique<\/li>\n<li>Cl\u00e9 USB \u00e0 mousqueton<\/li>\n<li>MOQ:100pcs<\/li>\n<li>Plusieurs couleurs au choix<\/li>\n<\/ul>","protected":false},"featured_media":6641,"comment_status":"open","ping_status":"closed","template":"","meta":{"_seopress_robots_primary_cat":"","_seopress_titles_title":"","_seopress_titles_desc":"","_seopress_robots_index":"","site-sidebar-layout":"default","site-content-layout":"","ast-site-content-layout":"","site-content-style":"default","site-sidebar-style":"default","ast-global-header-display":"","ast-banner-title-visibility":"","ast-main-header-display":"","ast-hfb-above-header-display":"","ast-hfb-below-header-display":"","ast-hfb-mobile-header-display":"","site-post-title":"","ast-breadcrumbs-content":"","ast-featured-img":"","footer-sml-layout":"","theme-transparent-header-meta":"","adv-header-id-meta":"","stick-header-meta":"","header-above-stick-meta":"","header-main-stick-meta":"","header-below-stick-meta":"","astra-migrate-meta-layouts":"default","ast-page-background-enabled":"default","ast-page-background-meta":{"desktop":{"background-color":"var(--ast-global-color-5)","background-image":"","background-repeat":"repeat","background-position":"center center","background-size":"auto","background-attachment":"scroll","background-type":"","background-media":"","overlay-type":"","overlay-color":"","overlay-opacity":"","overlay-gradient":""},"tablet":{"background-color":"","background-image":"","background-repeat":"repeat","background-position":"center center","background-size":"auto","background-attachment":"scroll","background-type":"","background-media":"","overlay-type":"","overlay-color":"","overlay-opacity":"","overlay-gradient":""},"mobile":{"background-color":"","background-image":"","background-repeat":"repeat","background-position":"center center","background-size":"auto","background-attachment":"scroll","background-type":"","background-media":"","overlay-type":"","overlay-color":"","overlay-opacity":"","overlay-gradient":""}},"ast-content-background-meta":{"desktop":{"background-color":"var(--ast-global-color-4)","background-image":"","background-repeat":"repeat","background-position":"center center","background-size":"auto","background-attachment":"scroll","background-type":"","background-media":"","overlay-type":"","overlay-color":"","overlay-opacity":"","overlay-gradient":""},"tablet":{"background-color":"var(--ast-global-color-4)","background-image":"","background-repeat":"repeat","background-position":"center center","background-size":"auto","background-attachment":"scroll","background-type":"","background-media":"","overlay-type":"","overlay-color":"","overlay-opacity":"","overlay-gradient":""},"mobile":{"background-color":"var(--ast-global-color-4)","background-image":"","background-repeat":"repeat","background-position":"center center","background-size":"auto","background-attachment":"scroll","background-type":"","background-media":"","overlay-type":"","overlay-color":"","overlay-opacity":"","overlay-gradient":""}}},"product_brand":[],"product_cat":[89],"product_tag":[397],"class_list":{"0":"post-6636","1":"product","2":"type-product","3":"status-publish","4":"has-post-thumbnail","6":"product_cat-metal-usb-pendrive","7":"product_tag-zinc-alloy-usb-pen-drive","8":"desktop-align-left","9":"tablet-align-left","10":"mobile-align-left","12":"first","13":"instock","14":"shipping-taxable","15":"product-type-simple"},"_links":{"self":[{"href":"https:\/\/www.usborkeychain.com\/fr\/wp-json\/wp\/v2\/product\/6636","targetHints":{"allow":["GET"]}}],"collection":[{"href":"https:\/\/www.usborkeychain.com\/fr\/wp-json\/wp\/v2\/product"}],"about":[{"href":"https:\/\/www.usborkeychain.com\/fr\/wp-json\/wp\/v2\/types\/product"}],"replies":[{"embeddable":true,"href":"https:\/\/www.usborkeychain.com\/fr\/wp-json\/wp\/v2\/comments?post=6636"}],"wp:featuredmedia":[{"embeddable":true,"href":"https:\/\/www.usborkeychain.com\/fr\/wp-json\/wp\/v2\/media\/6641"}],"wp:attachment":[{"href":"https:\/\/www.usborkeychain.com\/fr\/wp-json\/wp\/v2\/media?parent=6636"}],"wp:term":[{"taxonomy":"product_brand","embeddable":true,"href":"https:\/\/www.usborkeychain.com\/fr\/wp-json\/wp\/v2\/product_brand?post=6636"},{"taxonomy":"product_cat","embeddable":true,"href":"https:\/\/www.usborkeychain.com\/fr\/wp-json\/wp\/v2\/product_cat?post=6636"},{"taxonomy":"product_tag","embeddable":true,"href":"https:\/\/www.usborkeychain.com\/fr\/wp-json\/wp\/v2\/product_tag?post=6636"}],"curies":[{"name":"wp","href":"https:\/\/api.w.org\/{rel}","templated":true}]}}