{"id":6808,"date":"2025-08-14T02:03:54","date_gmt":"2025-08-14T02:03:54","guid":{"rendered":"https:\/\/www.usborkeychain.com\/?post_type=product&#038;p=6808"},"modified":"2025-08-14T02:05:25","modified_gmt":"2025-08-14T02:05:25","slug":"eco-friendly-bar-shaped-usb-drive","status":"publish","type":"product","link":"https:\/\/www.usborkeychain.com\/fr\/produit\/eco-friendly-bar-shaped-usb-drive\/","title":{"rendered":"Cl\u00e9 USB \u00e9cologique en forme de barre"},"content":{"rendered":"<div class=\"wp-block-columns is-layout-flex wp-container-core-columns-is-layout-28f84493 wp-block-columns-is-layout-flex\">\n<div class=\"wp-block-column is-vertically-aligned-center is-layout-flow wp-block-column-is-layout-flow\">\n<p>Le <strong>Cl\u00e9 USB \u00e9cologique en forme de barre<\/strong> est fabriqu\u00e9 \u00e0 partir de mat\u00e9riaux biod\u00e9gradables d'origine biologique (notamment des mat\u00e9riaux composites \u00e0 base de fibres de bambou et d'amidon de ma\u00efs), ce qui permet de r\u00e9duire \u00e0 la source l'utilisation de mati\u00e8res plastiques \u00e0 base de p\u00e9trole. Apr\u00e8s avoir \u00e9t\u00e9 jet\u00e9, le produit peut se biod\u00e9grader naturellement, minimisant ainsi la pollution environnementale \u00e0 long terme, ce qui est conforme au concept \u00e9cologique de l'\u00e8re du \"double carbone\".<\/p>\n\n\n\n<p>En termes d'apparence, il adh\u00e8re au principe \"moins c'est plus\", avec un profil mince en forme de barre mesurant 12,5\u00d738\u00d75,5 mm et une \u00e9paisseur \u00e9quivalente \u00e0 celle de 3 cartes de cr\u00e9dit. Il est dot\u00e9 d'un cache coulissant lat\u00e9ral \u00e9tanche \u00e0 la poussi\u00e8re, qui prot\u00e8ge efficacement le port USB tout en alliant l'esth\u00e9tique \u00e0 la praticit\u00e9.<\/p>\n<\/div>\n\n\n\n<div class=\"wp-block-column is-vertically-aligned-center is-layout-flow wp-block-column-is-layout-flow\">\n<figure class=\"wp-block-image size-full\"><img fetchpriority=\"high\" decoding=\"async\" width=\"800\" height=\"800\" src=\"https:\/\/www.usborkeychain.com\/wp-content\/uploads\/eco-friendly-usb-flash-drives-2.jpg\" alt=\"Eco Friendly USB Drive\" class=\"wp-image-6816\" srcset=\"https:\/\/www.usborkeychain.com\/wp-content\/uploads\/eco-friendly-usb-flash-drives-2.jpg 800w, https:\/\/www.usborkeychain.com\/wp-content\/uploads\/eco-friendly-usb-flash-drives-2-300x300.jpg 300w, https:\/\/www.usborkeychain.com\/wp-content\/uploads\/eco-friendly-usb-flash-drives-2-150x150.jpg 150w, https:\/\/www.usborkeychain.com\/wp-content\/uploads\/eco-friendly-usb-flash-drives-2-768x768.jpg 768w, https:\/\/www.usborkeychain.com\/wp-content\/uploads\/eco-friendly-usb-flash-drives-2-12x12.jpg 12w, https:\/\/www.usborkeychain.com\/wp-content\/uploads\/eco-friendly-usb-flash-drives-2-600x600.jpg 600w, https:\/\/www.usborkeychain.com\/wp-content\/uploads\/eco-friendly-usb-flash-drives-2-100x100.jpg 100w\" sizes=\"(max-width: 800px) 100vw, 800px\" \/><\/figure>\n<\/div>\n<\/div>\n\n\n\n<div class=\"wp-block-columns is-layout-flex wp-container-core-columns-is-layout-28f84493 wp-block-columns-is-layout-flex\">\n<div class=\"wp-block-column is-vertically-aligned-center is-layout-flow wp-block-column-is-layout-flow\">\n<p>Il se d\u00e9cline en cinq couleurs th\u00e9matiques (rose clair, bleu clair, jaune chaud, vert menthe et blanc brumeux). Les tons sont doux et les textures subtiles de mat\u00e9riaux naturels.<\/p>\n\n\n\n<p>Le <strong>LOGO<\/strong> peut \u00eatre imprim\u00e9 au recto et au verso gr\u00e2ce \u00e0 la technologie de la s\u00e9rigraphie. Il prend en charge les encres \u00e9cologiques unicolores (or\/argent\/noir) sans ajouter de rev\u00eatement suppl\u00e9mentaire polluant.<\/p>\n<\/div>\n\n\n\n<div class=\"wp-block-column is-vertically-aligned-center is-layout-flow wp-block-column-is-layout-flow\">\n<figure class=\"wp-block-image size-full\"><img alt=\"\" decoding=\"async\" width=\"800\" height=\"800\" src=\"https:\/\/www.usborkeychain.com\/wp-content\/uploads\/eco-friendly-usb-drives-4.jpg\" class=\"wp-image-6812\" srcset=\"https:\/\/www.usborkeychain.com\/wp-content\/uploads\/eco-friendly-usb-drives-4.jpg 800w, https:\/\/www.usborkeychain.com\/wp-content\/uploads\/eco-friendly-usb-drives-4-300x300.jpg 300w, https:\/\/www.usborkeychain.com\/wp-content\/uploads\/eco-friendly-usb-drives-4-150x150.jpg 150w, https:\/\/www.usborkeychain.com\/wp-content\/uploads\/eco-friendly-usb-drives-4-768x768.jpg 768w, https:\/\/www.usborkeychain.com\/wp-content\/uploads\/eco-friendly-usb-drives-4-12x12.jpg 12w, https:\/\/www.usborkeychain.com\/wp-content\/uploads\/eco-friendly-usb-drives-4-600x600.jpg 600w, https:\/\/www.usborkeychain.com\/wp-content\/uploads\/eco-friendly-usb-drives-4-100x100.jpg 100w\" sizes=\"(max-width: 800px) 100vw, 800px\" \/><\/figure>\n<\/div>\n<\/div>\n\n\n\n<h3 class=\"wp-block-heading\">Param\u00e8tres de base de la cl\u00e9 USB en forme de barre<\/h3>\n\n\n\n<figure class=\"wp-block-table\"><table class=\"has-fixed-layout\"><thead><tr><th>Cat\u00e9gorie de param\u00e8tres<\/th><th>D\u00e9tails<\/th><\/tr><\/thead><tbody><tr><td>Capacit\u00e9 de stockage<\/td><td>8GB \/ 16GB \/ 32GB \/ 64GB \/ 128GB<\/td><\/tr><tr><td>Dimensions physiques (longueur \u00d7 largeur \u00d7 \u00e9paisseur)<\/td><td>38 mm \u00d7 12,5 mm \u00d7 5,5 mm<\/td><\/tr><tr><td>Poids<\/td><td>Environ 2g<\/td><\/tr><tr><td>Type d'interface<\/td><td>USB 2.0, USB 3.0<\/td><\/tr><tr><td>Certifications environnementales<\/td><td>Conforme \u00e0 la directive RoHS de l'UE et aux normes de biod\u00e9gradation ASTM D6400 des \u00c9tats-Unis.<\/td><\/tr><\/tbody><\/table><\/figure>\n\n\n\n<h3 class=\"wp-block-heading\">Services de personnalisation<\/h3>\n\n\n\n<div class=\"wp-block-columns is-layout-flex wp-container-core-columns-is-layout-28f84493 wp-block-columns-is-layout-flex\">\n<div class=\"wp-block-column is-vertically-aligned-center is-layout-flow wp-block-column-is-layout-flow\">\n<figure class=\"wp-block-image size-full\"><img alt=\"\" decoding=\"async\" width=\"800\" height=\"800\" src=\"https:\/\/www.usborkeychain.com\/wp-content\/uploads\/eco-friendly-usb-5.jpg\" class=\"wp-image-6815\" srcset=\"https:\/\/www.usborkeychain.com\/wp-content\/uploads\/eco-friendly-usb-5.jpg 800w, https:\/\/www.usborkeychain.com\/wp-content\/uploads\/eco-friendly-usb-5-300x300.jpg 300w, https:\/\/www.usborkeychain.com\/wp-content\/uploads\/eco-friendly-usb-5-150x150.jpg 150w, https:\/\/www.usborkeychain.com\/wp-content\/uploads\/eco-friendly-usb-5-768x768.jpg 768w, https:\/\/www.usborkeychain.com\/wp-content\/uploads\/eco-friendly-usb-5-12x12.jpg 12w, https:\/\/www.usborkeychain.com\/wp-content\/uploads\/eco-friendly-usb-5-600x600.jpg 600w, https:\/\/www.usborkeychain.com\/wp-content\/uploads\/eco-friendly-usb-5-100x100.jpg 100w\" sizes=\"(max-width: 800px) 100vw, 800px\" \/><\/figure>\n<\/div>\n\n\n\n<div class=\"wp-block-column is-vertically-aligned-center is-layout-flow wp-block-column-is-layout-flow\">\n<p><strong>Personnalisation du LOGO<\/strong>: Permet l'impression pleine surface sur les deux faces (logo de la marque au recto + slogan\/motif au verso), r\u00e9pondant ainsi au double besoin des entreprises en mati\u00e8re d'\"exposition de la marque + expression cr\u00e9ative\".<\/p>\n\n\n\n<p><strong>Personnalisation des couleurs<\/strong>: Outre les 5 couleurs standard de la coque, des couleurs personnalis\u00e9es sont disponibles pour les commandes en gros (quantit\u00e9 minimale de commande \u2265 100 unit\u00e9s).<\/p>\n\n\n\n<p><strong>Technologie de l'impression<\/strong>: Adopte la technologie de s\u00e9rigraphie UV, qui garantit une forte adh\u00e9rence de l'encre et une grande r\u00e9sistance \u00e0 l'usure. M\u00eame en cas d'utilisation prolong\u00e9e, le LOGO reste aussi clair qu'\u00e0 l'\u00e9tat neuf, \u00e9vitant ainsi le probl\u00e8me de d\u00e9coloration de l'impression traditionnelle.<\/p>\n<\/div>\n<\/div>\n\n\n\n<h3 class=\"wp-block-heading\">Pourquoi choisir cette cl\u00e9 USB \u00e9cologique ?<\/h3>\n\n\n\n<div class=\"wp-block-columns is-layout-flex wp-container-core-columns-is-layout-28f84493 wp-block-columns-is-layout-flex\">\n<div class=\"wp-block-column is-vertically-aligned-center is-layout-flow wp-block-column-is-layout-flow\">\n<ul class=\"wp-block-list\">\n<li>Praticiens soucieux de l'environnement : Privil\u00e9giez les produits biod\u00e9gradables pour r\u00e9duire l'empreinte carbone ;<\/li>\n\n\n\n<li>Acheteurs professionnels : Utilisez-le comme cadeau de marque (par exemple pour les r\u00e9unions annuelles, les souvenirs d'exposition) pour v\u00e9hiculer le concept de \"bureau vert\" ;<\/li>\n\n\n\n<li>Les amateurs de design : Appr\u00e9ciez le design minimaliste et la texture naturelle, qui r\u00e9pondent \u00e0 une esth\u00e9tique personnalis\u00e9e ;<\/li>\n\n\n\n<li>\u00c9tudiants\/professionnels : La conception l\u00e9g\u00e8re permet de le transporter facilement, ce qui convient aux sc\u00e9narios de bureau mobile.<\/li>\n<\/ul>\n<\/div>\n\n\n\n<div class=\"wp-block-column is-vertically-aligned-center is-layout-flow wp-block-column-is-layout-flow\">\n<figure class=\"wp-block-image size-full\"><img alt=\"\" loading=\"lazy\" decoding=\"async\" width=\"800\" height=\"800\" src=\"https:\/\/www.usborkeychain.com\/wp-content\/uploads\/eco-friendly-usb-drive-3.jpg\" class=\"wp-image-6811\" srcset=\"https:\/\/www.usborkeychain.com\/wp-content\/uploads\/eco-friendly-usb-drive-3.jpg 800w, https:\/\/www.usborkeychain.com\/wp-content\/uploads\/eco-friendly-usb-drive-3-300x300.jpg 300w, https:\/\/www.usborkeychain.com\/wp-content\/uploads\/eco-friendly-usb-drive-3-150x150.jpg 150w, https:\/\/www.usborkeychain.com\/wp-content\/uploads\/eco-friendly-usb-drive-3-768x768.jpg 768w, https:\/\/www.usborkeychain.com\/wp-content\/uploads\/eco-friendly-usb-drive-3-12x12.jpg 12w, https:\/\/www.usborkeychain.com\/wp-content\/uploads\/eco-friendly-usb-drive-3-600x600.jpg 600w, https:\/\/www.usborkeychain.com\/wp-content\/uploads\/eco-friendly-usb-drive-3-100x100.jpg 100w\" sizes=\"(max-width: 800px) 100vw, 800px\" \/><\/figure>\n<\/div>\n<\/div>\n\n\n\n<h3 class=\"wp-block-heading\">Quels sont les avantages par rapport aux cl\u00e9s USB traditionnelles ?<\/h3>\n\n\n\n<figure class=\"wp-block-table\"><table class=\"has-fixed-layout\"><thead><tr><th>Dimension<\/th><th>Cl\u00e9 USB \u00e9cologique en forme de barre<\/th><th>Cl\u00e9 USB traditionnelle en plastique<\/th><\/tr><\/thead><tbody><tr><td>Performance environnementale<\/td><td>Biod\u00e9gradable, r\u00e9duisant la pollution plastique<\/td><td>Mat\u00e9riaux \u00e0 base de p\u00e9trole, non biod\u00e9gradables pendant des si\u00e8cles<\/td><\/tr><tr><td>Exp\u00e9rience en mati\u00e8re de conception<\/td><td>Forme minimaliste du bar + texture naturelle, meilleure apparence<\/td><td>Forme unique, texture plastique bon march\u00e9<\/td><\/tr><tr><td>Flexibilit\u00e9 de la personnalisation<\/td><td>Personnalisation recto-verso et en couleur, pour une meilleure visibilit\u00e9 de la marque<\/td><td>Impression essentiellement sur une seule face, peu d'options couleur<\/td><\/tr><tr><td>Portabilit\u00e9<\/td><td>Poids l\u00e9ger de 2 g, proche de la \"sensation d'apesanteur\".<\/td><td>Poids \u2265 3g, l\u00e9g\u00e8rement encombrant \u00e0 transporter<\/td><\/tr><\/tbody><\/table><\/figure>\n\n\n\n<div class=\"wp-block-columns is-layout-flex wp-container-core-columns-is-layout-28f84493 wp-block-columns-is-layout-flex\">\n<div class=\"wp-block-column is-layout-flow wp-block-column-is-layout-flow\">\n<figure class=\"wp-block-image size-full\"><img alt=\"\" loading=\"lazy\" decoding=\"async\" width=\"800\" height=\"800\" src=\"https:\/\/www.usborkeychain.com\/wp-content\/uploads\/eco-friendly-usb-flash-drive-4.jpg\" class=\"wp-image-6813\" srcset=\"https:\/\/www.usborkeychain.com\/wp-content\/uploads\/eco-friendly-usb-flash-drive-4.jpg 800w, https:\/\/www.usborkeychain.com\/wp-content\/uploads\/eco-friendly-usb-flash-drive-4-300x300.jpg 300w, https:\/\/www.usborkeychain.com\/wp-content\/uploads\/eco-friendly-usb-flash-drive-4-150x150.jpg 150w, https:\/\/www.usborkeychain.com\/wp-content\/uploads\/eco-friendly-usb-flash-drive-4-768x768.jpg 768w, https:\/\/www.usborkeychain.com\/wp-content\/uploads\/eco-friendly-usb-flash-drive-4-12x12.jpg 12w, https:\/\/www.usborkeychain.com\/wp-content\/uploads\/eco-friendly-usb-flash-drive-4-600x600.jpg 600w, https:\/\/www.usborkeychain.com\/wp-content\/uploads\/eco-friendly-usb-flash-drive-4-100x100.jpg 100w\" sizes=\"(max-width: 800px) 100vw, 800px\" \/><\/figure>\n<\/div>\n\n\n\n<div class=\"wp-block-column is-vertically-aligned-center is-layout-flow wp-block-column-is-layout-flow\">\n<p>La cl\u00e9 USB \u00e9cologique en forme de barre franchit la fronti\u00e8re entre les accessoires \u00e9lectroniques et la nature gr\u00e2ce \u00e0 la technologie des mat\u00e9riaux renouvelables. Sa micro-structure de 38\u00d712,5\u00d75,5 mm permet de stocker de 32 \u00e0 128 Go de donn\u00e9es \u00e0 haute efficacit\u00e9, et sa conception ultra-l\u00e9g\u00e8re de 2 g red\u00e9finit la portabilit\u00e9. Personnalis\u00e9 avec des encres \u00e9cologiques double face, il est non seulement un symbole physique des strat\u00e9gies de neutralit\u00e9 carbone de l'entreprise, mais aussi une d\u00e9claration technologique d'une vie personnelle \u00e0 faible \u00e9mission de carbone. Pour des plans de personnalisation ou des d\u00e9tails sur l'approvisionnement, n'h\u00e9sitez pas \u00e0 nous contacter et commencez votre voyage de stockage \u00e9cologique !<\/p>\n<\/div>\n<\/div>","protected":false},"excerpt":{"rendered":"<ul>\n<li>Mat\u00e9riau de l'enveloppe : paille de bl\u00e9<\/li>\n<li>Logo et couleurs personnalis\u00e9s<\/li>\n<li>Syst\u00e8me d'exploitation : Windows XP, Windows 7 ou sup\u00e9rieur, Linux<\/li>\n<li>RoHS<\/li>\n<li>MOQ:100pcs<\/li>\n<\/ul>","protected":false},"featured_media":6816,"comment_status":"open","ping_status":"closed","template":"","meta":{"_seopress_robots_primary_cat":"","_seopress_titles_title":"","_seopress_titles_desc":"","_seopress_robots_index":"","site-sidebar-layout":"default","site-content-layout":"","ast-site-content-layout":"","site-content-style":"default","site-sidebar-style":"default","ast-global-header-display":"","ast-banner-title-visibility":"","ast-main-header-display":"","ast-hfb-above-header-display":"","ast-hfb-below-header-display":"","ast-hfb-mobile-header-display":"","site-post-title":"","ast-breadcrumbs-content":"","ast-featured-img":"","footer-sml-layout":"","theme-transparent-header-meta":"","adv-header-id-meta":"","stick-header-meta":"","header-above-stick-meta":"","header-main-stick-meta":"","header-below-stick-meta":"","astra-migrate-meta-layouts":"default","ast-page-background-enabled":"default","ast-page-background-meta":{"desktop":{"background-color":"var(--ast-global-color-5)","background-image":"","background-repeat":"repeat","background-position":"center center","background-size":"auto","background-attachment":"scroll","background-type":"","background-media":"","overlay-type":"","overlay-color":"","overlay-opacity":"","overlay-gradient":""},"tablet":{"background-color":"","background-image":"","background-repeat":"repeat","background-position":"center center","background-size":"auto","background-attachment":"scroll","background-type":"","background-media":"","overlay-type":"","overlay-color":"","overlay-opacity":"","overlay-gradient":""},"mobile":{"background-color":"","background-image":"","background-repeat":"repeat","background-position":"center center","background-size":"auto","background-attachment":"scroll","background-type":"","background-media":"","overlay-type":"","overlay-color":"","overlay-opacity":"","overlay-gradient":""}},"ast-content-background-meta":{"desktop":{"background-color":"var(--ast-global-color-4)","background-image":"","background-repeat":"repeat","background-position":"center center","background-size":"auto","background-attachment":"scroll","background-type":"","background-media":"","overlay-type":"","overlay-color":"","overlay-opacity":"","overlay-gradient":""},"tablet":{"background-color":"var(--ast-global-color-4)","background-image":"","background-repeat":"repeat","background-position":"center center","background-size":"auto","background-attachment":"scroll","background-type":"","background-media":"","overlay-type":"","overlay-color":"","overlay-opacity":"","overlay-gradient":""},"mobile":{"background-color":"var(--ast-global-color-4)","background-image":"","background-repeat":"repeat","background-position":"center center","background-size":"auto","background-attachment":"scroll","background-type":"","background-media":"","overlay-type":"","overlay-color":"","overlay-opacity":"","overlay-gradient":""}}},"product_brand":[],"product_cat":[170],"product_tag":[],"class_list":{"0":"post-6808","1":"product","2":"type-product","3":"status-publish","4":"has-post-thumbnail","6":"product_cat-biodegradable-usb-pendrive-2","7":"desktop-align-left","8":"tablet-align-left","9":"mobile-align-left","11":"first","12":"instock","13":"shipping-taxable","14":"product-type-simple"},"_links":{"self":[{"href":"https:\/\/www.usborkeychain.com\/fr\/wp-json\/wp\/v2\/product\/6808","targetHints":{"allow":["GET"]}}],"collection":[{"href":"https:\/\/www.usborkeychain.com\/fr\/wp-json\/wp\/v2\/product"}],"about":[{"href":"https:\/\/www.usborkeychain.com\/fr\/wp-json\/wp\/v2\/types\/product"}],"replies":[{"embeddable":true,"href":"https:\/\/www.usborkeychain.com\/fr\/wp-json\/wp\/v2\/comments?post=6808"}],"wp:featuredmedia":[{"embeddable":true,"href":"https:\/\/www.usborkeychain.com\/fr\/wp-json\/wp\/v2\/media\/6816"}],"wp:attachment":[{"href":"https:\/\/www.usborkeychain.com\/fr\/wp-json\/wp\/v2\/media?parent=6808"}],"wp:term":[{"taxonomy":"product_brand","embeddable":true,"href":"https:\/\/www.usborkeychain.com\/fr\/wp-json\/wp\/v2\/product_brand?post=6808"},{"taxonomy":"product_cat","embeddable":true,"href":"https:\/\/www.usborkeychain.com\/fr\/wp-json\/wp\/v2\/product_cat?post=6808"},{"taxonomy":"product_tag","embeddable":true,"href":"https:\/\/www.usborkeychain.com\/fr\/wp-json\/wp\/v2\/product_tag?post=6808"}],"curies":[{"name":"wp","href":"https:\/\/api.w.org\/{rel}","templated":true}]}}